{"id":1213,"date":"2025-02-28T07:52:31","date_gmt":"2025-02-28T06:52:31","guid":{"rendered":"https:\/\/vode.hr\/?post_type=product&#038;p=1213"},"modified":"2025-10-24T10:57:57","modified_gmt":"2025-10-24T08:57:57","slug":"plovna-platforma-za-adcp-rs5-sontek-hydroboard-ii-micro-ysi","status":"publish","type":"product","link":"https:\/\/vode.hr\/bs\/proizvod\/plovna-platforma-za-adcp-rs5-sontek-hydroboard-ii-micro-ysi\/","title":{"rendered":"Plovna platforma za ADCP RS5 , SonTek HydroBoard II Micro, YSI"},"content":{"rendered":"<div class=\"row\"  id=\"row-1270322887\">\n\n\t<div id=\"col-1816745176\" class=\"col medium-6 small-12 large-6\"  >\n\t\t\t\t<div class=\"col-inner\"  >\n\t\t\t\n\t\t\t\n\t<div id=\"text-894437542\" class=\"text\">\n\t\t\n<h2>Plovna platforma SonTek HydroBoard II Micro za SonTek-RS5, najkompaktniji i najsna\u017eniji ADCP na svijetu za prikupljanje podataka o protoku rijeka, potoka i kanala.<\/h2>\n\t\t\n<style>\n#text-894437542 {\n  text-align: center;\n}\n@media (min-width:550px) {\n  #text-894437542 {\n    text-align: left;\n  }\n}\n<\/style>\n\t<\/div>\n\t\n<div class=\"is-divider divider clearfix\" style=\"max-width:100%;\"><\/div>\n<h3 data-start=\"260\" data-end=\"350\">RS5 sustav za akusti\u010dko Dopplerovsko profiliranje struja (ADCP) \u2013 protok, brzina, podaci<\/h3>\n<ul data-start=\"352\" data-end=\"1602\" data-is-last-node=\"\" data-is-only-node=\"\">\n<li data-start=\"352\" data-end=\"623\"><strong data-start=\"354\" data-end=\"381\">Okomita akusti\u010dka zraka<\/strong>: Pru\u017ea superiornu definiciju kanala za najpreciznije odre\u0111ivanje popre\u010dnog presjeka u primjeni mjerenja protoka. Mjeri dubinu izravno ispod sustava i omogu\u0107uje pro\u0161irenje maksimalne dubine mjerenja protoka ako je pra\u0107enje dna izvan dosega.<\/li>\n<li data-start=\"624\" data-end=\"938\"><strong data-start=\"626\" data-end=\"642\">SmartPulse+\u00ae<\/strong>: Inteligentni algoritam koji koristi pulsno-koherentno i \u0161irokopojasno akusti\u010dko profiliranje te se automatski prilago\u0111ava uvjetima \u2013 osigurava pouzdano pra\u0107enje dna i profiliranje brzine u pli\u0107im vodama nego ikada prije. Omogu\u0107uje vizualizaciju podataka o brzini s veli\u010dinom \u0107elija do 2,5 cm.<\/li>\n<li data-start=\"939\" data-end=\"1166\"><strong data-start=\"941\" data-end=\"981\">360\u00ba kompas i dvoosni nagibni senzor<\/strong>: Prikazuje smjer plovila i magnetsku pogre\u0161ku te kompenzira gibanja uzrokovana povr\u0161inskim uvjetima. Senzor nagiba koristi podatke o nagibu i zakretanju za korekciju dubine i brzine.<\/li>\n<li data-start=\"1167\" data-end=\"1444\"><strong data-start=\"1169\" data-end=\"1189\">RTK GPS (opcija)<\/strong>: Izuzetno precizno pozicioniranje kao alternativa pra\u0107enju dna u uvjetima pokretnog dna ili drugim zahtjevnim situacijama. Geolocira svaki uzorak (ili skup podataka) tijekom mjerenja. Korekcije se \u0161alju iz SonTek RTK bazne stanice ili lokalnog NTRIP-a.<\/li>\n<li data-start=\"1445\" data-end=\"1602\" data-is-last-node=\"\"><strong data-start=\"1447\" data-end=\"1465\">DGNSS (opcija)<\/strong>: Integrirana DGNSS pametna antena za pozicioniranje kao sigurnosna ili alternativna opcija u slu\u010daju izazovnih uvjeta ili pokretnog dna.<\/li>\n<\/ul>\n\t\t<\/div>\n\t\t\t\t\n<style>\n#col-1816745176 > .col-inner {\n  padding: 2em 1em 0px 1em;\n}\n<\/style>\n\t<\/div>\n\n\t\n\n\t<div id=\"col-2146960828\" class=\"col medium-6 small-12 large-6\"  >\n\t\t\t\t<div class=\"col-inner\"  >\n\t\t\t\n\t\t\t\n\t<div class=\"img has-hover x md-x lg-x y md-y lg-y\" id=\"image_799923551\">\n\t\t\t\t\t\t\t\t<div class=\"img-inner dark\" >\n\t\t\t<img loading=\"lazy\" decoding=\"async\" width=\"782\" height=\"650\" src=\"https:\/\/vode.hr\/wp-content\/uploads\/2025\/02\/velika.png\" class=\"attachment-original size-original\" alt=\"\" srcset=\"https:\/\/vode.hr\/wp-content\/uploads\/2025\/02\/velika.png 782w, https:\/\/vode.hr\/wp-content\/uploads\/2025\/02\/velika-300x249.png 300w, https:\/\/vode.hr\/wp-content\/uploads\/2025\/02\/velika-768x638.png 768w, https:\/\/vode.hr\/wp-content\/uploads\/2025\/02\/velika-650x540.png 650w\" sizes=\"(max-width: 782px) 100vw, 782px\" \/>\t\t\t\t\t\t\n\t\t\t\t\t<\/div>\n\t\t\t\t\t\t\t\t\n<style>\n#image_799923551 {\n  width: 100%;\n}\n<\/style>\n\t<\/div>\n\t\n\t\t<\/div>\n\t\t\t\t\n<style>\n#col-2146960828 > .col-inner {\n  padding: 2em 1em 0px 1em;\n}\n<\/style>\n\t<\/div>\n\n\t\n\n\t<div id=\"col-203091719\" class=\"col medium-6 small-12 large-6\"  >\n\t\t\t\t<div class=\"col-inner\"  >\n\t\t\t\n\t\t\t\n<h3>Na\u010din rada<\/h3>\n<p>RS5 uklju\u010duje SonTekovu patentiranu tehnologiju SmartPulse+, koja koristi i \u0161irokopojasnu (Broadband) i pulsno-koherentnu (Pulse-coherent) akusti\u010dku obradu podataka. Ovaj revolucionarni algoritam automatski odre\u0111uje najbolju metodu mjerenja na temelju okoli\u0161nih uvjeta te prilago\u0111ava postavke instrumenta, \u010dime korisnik dobiva najto\u010dnije podatke bez potrebe za ru\u010dnim pode\u0161avanjem.<\/p>\n<h3>Uporaba<\/h3>\n<p>Za jednostavno i u\u010dinkovito kori\u0161tenje, baterije i Bluetooth radio ugra\u0111eni su u sam RS5, eliminiraju\u0107i potrebu za vanjskim elektroni\u010dkim kutijama. RS5 se oslanja na integrirani, suvremeni i brzi Bluetooth Low Energy (BLE5) radio s dometom do 100 m i petominutnim me\u0111uspremnikom podataka u slu\u010daju prekida radio komunikacije.<\/p>\n\t\t<\/div>\n\t\t\t\t\n<style>\n#col-203091719 > .col-inner {\n  padding: 2em 1em 0px 1em;\n}\n<\/style>\n\t<\/div>\n\n\t\n\n\t<div id=\"col-1189898515\" class=\"col medium-6 small-12 large-6\"  >\n\t\t\t\t<div class=\"col-inner\"  >\n\t\t\t\n\t\t\t\n<h3>Najve\u0107a fleksibilnost s najmanjim ADCP-om na svijetu<\/h3>\n\t\t<\/div>\n\t\t\t\t\n<style>\n#col-1189898515 > .col-inner {\n  padding: 0px 0px 0px 0px;\n}\n<\/style>\n\t<\/div>\n\n\t\n<\/div>\n","protected":false},"excerpt":{"rendered":"<p><strong>Plovna platforma SonTek HydroBoard II Micro<\/strong> za SonTek-RS5, malen, ali mo\u0107an ure\u0111aj za beskontaktno mjerenje protoka za postrojenja za pro\u010di\u0161\u0107avanje otpadnih voda, kanalizaciju i kanale za industrijsku vodu.<\/p>\n<ul>\n<li data-start=\"0\" data-end=\"86\">Prikupljajte podatke pomo\u0107u mjerenja s pokretnog plovila ili stacionarnih mjerenja<\/li>\n<li data-start=\"87\" data-end=\"147\">Pove\u017eite se s mre\u017enim RTK-om (NTRIP) unutar dosega mre\u017ee<\/li>\n<li data-start=\"148\" data-end=\"230\">Koristite GNSS za izra\u010dun udaljenosti izme\u0111u postaja kod stacionarnih mjerenja<\/li>\n<li data-start=\"231\" data-end=\"331\">Pokrenite i primijenite <strong data-start=\"257\" data-end=\"274\">Extrap (USGS)<\/strong> na mjerenja s pokretnog plovila i stacionarna mjerenja<\/li>\n<li data-start=\"332\" data-end=\"416\">Podijelite transekte pokretnog plovila na podsekcije i ponovo izra\u010dunajte protok<\/li>\n<li data-start=\"417\" data-end=\"505\">Odaberite prebacivanje snopa (<strong data-start=\"449\" data-end=\"470\">3-snopno rje\u0161enje<\/strong>) ako jedan snop pokazuje smetnje<\/li>\n<li data-start=\"506\" data-end=\"574\">Obradite <strong data-start=\"517\" data-end=\"531\">.riv\/.rivr<\/strong> datoteke iz SonTekovih M9 ili S5 sustava<\/li>\n<li data-start=\"575\" data-end=\"631\">Spremite podatke na ra\u010dunalo, vanjski disk ili mre\u017eu<\/li>\n<li data-start=\"632\" data-end=\"676\">Prilagodite naziv datoteka prema potrebi<\/li>\n<li data-start=\"677\" data-end=\"757\" data-is-last-node=\"\">Odaberite izme\u0111u GNSS-a ili ugra\u0111enog magnetskog kompasa za odre\u0111ivanje smjera<\/li>\n<\/ul>\n","protected":false},"featured_media":1214,"template":"","meta":[],"product_cat":[268,17,223,224],"product_tag":[296],"class_list":["post-1213","product","type-product","status-publish","has-post-thumbnail","hentry","product_cat-snimaci-podataka","product_cat-ispitivanje-i-mjerenje-kvalitete-vode","product_cat-vode","product_cat-otpadne-vode","product_tag-ysi"],"yoast_head":"<!-- This site is optimized with the Yoast SEO plugin v25.0 - https:\/\/yoast.com\/wordpress\/plugins\/seo\/ -->\n<title>Plovna platforma za ADCP RS5 , SonTek HydroBoard II Micro, YSI - Vode.hr<\/title>\n<meta name=\"description\" content=\"Plovna platforma SonTek HydroBoard II Micro za SonTek-RS5, malen, ali mo\u0107an ure\u0111aj za beskontaktno mjerenje protoka za postrojenja za pro\u010di\u0161\u0107avanje otpadnih voda, kanalizaciju i kanale za industrijsku vodu.   Prikupljajte podatke pomo\u0107u mjerenja s pokretnog plovila ili stacionarnih mjerenja  Pove\u017eite se s mre\u017enim RTK-om (NTRIP) unutar dosega mre\u017ee  Koristite GNSS za izra\u010dun udaljenosti izme\u0111u postaja kod stacionarnih mjerenja  Pokrenite i primijenite Extrap (USGS) na mjerenja s pokretnog plovila i stacionarna mjerenja  Podijelite transekte pokretnog plovila na podsekcije i ponovo izra\u010dunajte protok  Odaberite prebacivanje snopa (3-snopno rje\u0161enje) ako jedan snop pokazuje smetnje  Obradite .riv\/.rivr datoteke iz SonTekovih M9 ili S5 sustava  Spremite podatke na ra\u010dunalo, vanjski disk ili mre\u017eu  Prilagodite naziv datoteka prema potrebi  Odaberite izme\u0111u GNSS-a ili ugra\u0111enog magnetskog kompasa za odre\u0111ivanje smjera\" \/>\n<meta name=\"robots\" content=\"index, follow, max-snippet:-1, max-image-preview:large, max-video-preview:-1\" \/>\n<link rel=\"canonical\" href=\"https:\/\/vode.hr\/bs\/proizvod\/plovna-platforma-za-adcp-rs5-sontek-hydroboard-ii-micro-ysi\/\" \/>\n<meta property=\"og:locale\" content=\"bs_BA\" \/>\n<meta property=\"og:type\" content=\"article\" \/>\n<meta property=\"og:title\" content=\"Plovna platforma za ADCP RS5 , SonTek HydroBoard II Micro, YSI - Vode.hr\" \/>\n<meta property=\"og:description\" content=\"Plovna platforma SonTek HydroBoard II Micro za SonTek-RS5, malen, ali mo\u0107an ure\u0111aj za beskontaktno mjerenje protoka za postrojenja za pro\u010di\u0161\u0107avanje otpadnih voda, kanalizaciju i kanale za industrijsku vodu.   Prikupljajte podatke pomo\u0107u mjerenja s pokretnog plovila ili stacionarnih mjerenja  Pove\u017eite se s mre\u017enim RTK-om (NTRIP) unutar dosega mre\u017ee  Koristite GNSS za izra\u010dun udaljenosti izme\u0111u postaja kod stacionarnih mjerenja  Pokrenite i primijenite Extrap (USGS) na mjerenja s pokretnog plovila i stacionarna mjerenja  Podijelite transekte pokretnog plovila na podsekcije i ponovo izra\u010dunajte protok  Odaberite prebacivanje snopa (3-snopno rje\u0161enje) ako jedan snop pokazuje smetnje  Obradite .riv\/.rivr datoteke iz SonTekovih M9 ili S5 sustava  Spremite podatke na ra\u010dunalo, vanjski disk ili mre\u017eu  Prilagodite naziv datoteka prema potrebi  Odaberite izme\u0111u GNSS-a ili ugra\u0111enog magnetskog kompasa za odre\u0111ivanje smjera\" \/>\n<meta property=\"og:url\" content=\"https:\/\/vode.hr\/bs\/proizvod\/plovna-platforma-za-adcp-rs5-sontek-hydroboard-ii-micro-ysi\/\" \/>\n<meta property=\"og:site_name\" content=\"Vode.hr\" \/>\n<meta property=\"article:publisher\" content=\"https:\/\/www.facebook.com\/vode.hr\" \/>\n<meta property=\"article:modified_time\" content=\"2025-10-24T08:57:57+00:00\" \/>\n<meta property=\"og:image\" content=\"http:\/\/vode.hr\/wp-content\/uploads\/2025\/02\/sontek-hydroboard-micro.webp\" \/>\n\t<meta property=\"og:image:width\" content=\"600\" \/>\n\t<meta property=\"og:image:height\" content=\"600\" \/>\n\t<meta property=\"og:image:type\" content=\"image\/webp\" \/>\n<meta name=\"twitter:card\" content=\"summary_large_image\" \/>\n<meta name=\"twitter:label1\" content=\"Est. reading time\" \/>\n\t<meta name=\"twitter:data1\" content=\"3 minute\" \/>\n<script type=\"application\/ld+json\" class=\"yoast-schema-graph\">{\"@context\":\"https:\/\/schema.org\",\"@graph\":[{\"@type\":[\"WebPage\",\"ItemPage\"],\"@id\":\"https:\/\/vode.hr\/bs\/proizvod\/plovna-platforma-za-adcp-rs5-sontek-hydroboard-ii-micro-ysi\/\",\"url\":\"https:\/\/vode.hr\/bs\/proizvod\/plovna-platforma-za-adcp-rs5-sontek-hydroboard-ii-micro-ysi\/\",\"name\":\"Plovna platforma za ADCP RS5 , SonTek HydroBoard II Micro, YSI - Vode.hr\",\"isPartOf\":{\"@id\":\"https:\/\/vode.hr\/bs\/#website\"},\"primaryImageOfPage\":{\"@id\":\"https:\/\/vode.hr\/bs\/proizvod\/plovna-platforma-za-adcp-rs5-sontek-hydroboard-ii-micro-ysi\/#primaryimage\"},\"image\":{\"@id\":\"https:\/\/vode.hr\/bs\/proizvod\/plovna-platforma-za-adcp-rs5-sontek-hydroboard-ii-micro-ysi\/#primaryimage\"},\"thumbnailUrl\":\"https:\/\/vode.hr\/wp-content\/uploads\/2025\/02\/sontek-hydroboard-micro.webp\",\"datePublished\":\"2025-02-28T06:52:31+00:00\",\"dateModified\":\"2025-10-24T08:57:57+00:00\",\"description\":\"Plovna platforma SonTek HydroBoard II Micro za SonTek-RS5, malen, ali mo\u0107an ure\u0111aj za beskontaktno mjerenje protoka za postrojenja za pro\u010di\u0161\u0107avanje otpadnih voda, kanalizaciju i kanale za industrijsku vodu. Prikupljajte podatke pomo\u0107u mjerenja s pokretnog plovila ili stacionarnih mjerenja Pove\u017eite se s mre\u017enim RTK-om (NTRIP) unutar dosega mre\u017ee Koristite GNSS za izra\u010dun udaljenosti izme\u0111u postaja kod stacionarnih mjerenja Pokrenite i primijenite Extrap (USGS) na mjerenja s pokretnog plovila i stacionarna mjerenja Podijelite transekte pokretnog plovila na podsekcije i ponovo izra\u010dunajte protok Odaberite prebacivanje snopa (3-snopno rje\u0161enje) ako jedan snop pokazuje smetnje Obradite .riv\/.rivr datoteke iz SonTekovih M9 ili S5 sustava Spremite podatke na ra\u010dunalo, vanjski disk ili mre\u017eu Prilagodite naziv datoteka prema potrebi Odaberite izme\u0111u GNSS-a ili ugra\u0111enog magnetskog kompasa za odre\u0111ivanje smjera\",\"breadcrumb\":{\"@id\":\"https:\/\/vode.hr\/bs\/proizvod\/plovna-platforma-za-adcp-rs5-sontek-hydroboard-ii-micro-ysi\/#breadcrumb\"},\"inLanguage\":\"bs-BA\",\"potentialAction\":[{\"@type\":\"ReadAction\",\"target\":[\"https:\/\/vode.hr\/bs\/proizvod\/plovna-platforma-za-adcp-rs5-sontek-hydroboard-ii-micro-ysi\/\"]}]},{\"@type\":\"ImageObject\",\"inLanguage\":\"bs-BA\",\"@id\":\"https:\/\/vode.hr\/bs\/proizvod\/plovna-platforma-za-adcp-rs5-sontek-hydroboard-ii-micro-ysi\/#primaryimage\",\"url\":\"https:\/\/vode.hr\/wp-content\/uploads\/2025\/02\/sontek-hydroboard-micro.webp\",\"contentUrl\":\"https:\/\/vode.hr\/wp-content\/uploads\/2025\/02\/sontek-hydroboard-micro.webp\",\"width\":600,\"height\":600},{\"@type\":\"BreadcrumbList\",\"@id\":\"https:\/\/vode.hr\/bs\/proizvod\/plovna-platforma-za-adcp-rs5-sontek-hydroboard-ii-micro-ysi\/#breadcrumb\",\"itemListElement\":[{\"@type\":\"ListItem\",\"position\":1,\"name\":\"Po\u010detna stranica\",\"item\":\"https:\/\/vode.hr\/bs\/\"},{\"@type\":\"ListItem\",\"position\":2,\"name\":\"Trgovina\",\"item\":\"https:\/\/vode.hr\/trgovina\/\"},{\"@type\":\"ListItem\",\"position\":3,\"name\":\"Plovna platforma za ADCP RS5 , SonTek HydroBoard II Micro, YSI\"}]},{\"@type\":\"WebSite\",\"@id\":\"https:\/\/vode.hr\/bs\/#website\",\"url\":\"https:\/\/vode.hr\/bs\/\",\"name\":\"Vode.hr\",\"description\":\"Mjerenje kvalitete voda, dezinfekcija vode i ure\u0111aji za mjerenje uvjeta u okoli\u0161u\",\"publisher\":{\"@id\":\"https:\/\/vode.hr\/bs\/#organization\"},\"potentialAction\":[{\"@type\":\"SearchAction\",\"target\":{\"@type\":\"EntryPoint\",\"urlTemplate\":\"https:\/\/vode.hr\/bs\/?s={search_term_string}\"},\"query-input\":{\"@type\":\"PropertyValueSpecification\",\"valueRequired\":true,\"valueName\":\"search_term_string\"}}],\"inLanguage\":\"bs-BA\"},{\"@type\":\"Organization\",\"@id\":\"https:\/\/vode.hr\/bs\/#organization\",\"name\":\"Primotronic d.o.o.\",\"url\":\"https:\/\/vode.hr\/bs\/\",\"logo\":{\"@type\":\"ImageObject\",\"inLanguage\":\"bs-BA\",\"@id\":\"https:\/\/vode.hr\/bs\/#\/schema\/logo\/image\/\",\"url\":\"http:\/\/vode.hr\/wp-content\/uploads\/2023\/04\/vode-1.png\",\"contentUrl\":\"http:\/\/vode.hr\/wp-content\/uploads\/2023\/04\/vode-1.png\",\"width\":300,\"height\":99,\"caption\":\"Primotronic d.o.o.\"},\"image\":{\"@id\":\"https:\/\/vode.hr\/bs\/#\/schema\/logo\/image\/\"},\"sameAs\":[\"https:\/\/www.facebook.com\/vode.hr\"]}]}<\/script>\n<!-- \/ Yoast SEO plugin. -->","yoast_head_json":{"title":"Plovna platforma za ADCP RS5 , SonTek HydroBoard II Micro, YSI - Vode.hr","description":"Plovna platforma SonTek HydroBoard II Micro za SonTek-RS5, malen, ali mo\u0107an ure\u0111aj za beskontaktno mjerenje protoka za postrojenja za pro\u010di\u0161\u0107avanje otpadnih voda, kanalizaciju i kanale za industrijsku vodu.   Prikupljajte podatke pomo\u0107u mjerenja s pokretnog plovila ili stacionarnih mjerenja  Pove\u017eite se s mre\u017enim RTK-om (NTRIP) unutar dosega mre\u017ee  Koristite GNSS za izra\u010dun udaljenosti izme\u0111u postaja kod stacionarnih mjerenja  Pokrenite i primijenite Extrap (USGS) na mjerenja s pokretnog plovila i stacionarna mjerenja  Podijelite transekte pokretnog plovila na podsekcije i ponovo izra\u010dunajte protok  Odaberite prebacivanje snopa (3-snopno rje\u0161enje) ako jedan snop pokazuje smetnje  Obradite .riv\/.rivr datoteke iz SonTekovih M9 ili S5 sustava  Spremite podatke na ra\u010dunalo, vanjski disk ili mre\u017eu  Prilagodite naziv datoteka prema potrebi  Odaberite izme\u0111u GNSS-a ili ugra\u0111enog magnetskog kompasa za odre\u0111ivanje smjera","robots":{"index":"index","follow":"follow","max-snippet":"max-snippet:-1","max-image-preview":"max-image-preview:large","max-video-preview":"max-video-preview:-1"},"canonical":"https:\/\/vode.hr\/bs\/proizvod\/plovna-platforma-za-adcp-rs5-sontek-hydroboard-ii-micro-ysi\/","og_locale":"bs_BA","og_type":"article","og_title":"Plovna platforma za ADCP RS5 , SonTek HydroBoard II Micro, YSI - Vode.hr","og_description":"Plovna platforma SonTek HydroBoard II Micro za SonTek-RS5, malen, ali mo\u0107an ure\u0111aj za beskontaktno mjerenje protoka za postrojenja za pro\u010di\u0161\u0107avanje otpadnih voda, kanalizaciju i kanale za industrijsku vodu.   Prikupljajte podatke pomo\u0107u mjerenja s pokretnog plovila ili stacionarnih mjerenja  Pove\u017eite se s mre\u017enim RTK-om (NTRIP) unutar dosega mre\u017ee  Koristite GNSS za izra\u010dun udaljenosti izme\u0111u postaja kod stacionarnih mjerenja  Pokrenite i primijenite Extrap (USGS) na mjerenja s pokretnog plovila i stacionarna mjerenja  Podijelite transekte pokretnog plovila na podsekcije i ponovo izra\u010dunajte protok  Odaberite prebacivanje snopa (3-snopno rje\u0161enje) ako jedan snop pokazuje smetnje  Obradite .riv\/.rivr datoteke iz SonTekovih M9 ili S5 sustava  Spremite podatke na ra\u010dunalo, vanjski disk ili mre\u017eu  Prilagodite naziv datoteka prema potrebi  Odaberite izme\u0111u GNSS-a ili ugra\u0111enog magnetskog kompasa za odre\u0111ivanje smjera","og_url":"https:\/\/vode.hr\/bs\/proizvod\/plovna-platforma-za-adcp-rs5-sontek-hydroboard-ii-micro-ysi\/","og_site_name":"Vode.hr","article_publisher":"https:\/\/www.facebook.com\/vode.hr","article_modified_time":"2025-10-24T08:57:57+00:00","og_image":[{"width":600,"height":600,"url":"http:\/\/vode.hr\/wp-content\/uploads\/2025\/02\/sontek-hydroboard-micro.webp","type":"image\/webp"}],"twitter_card":"summary_large_image","twitter_misc":{"Est. reading time":"3 minute"},"schema":{"@context":"https:\/\/schema.org","@graph":[{"@type":["WebPage","ItemPage"],"@id":"https:\/\/vode.hr\/bs\/proizvod\/plovna-platforma-za-adcp-rs5-sontek-hydroboard-ii-micro-ysi\/","url":"https:\/\/vode.hr\/bs\/proizvod\/plovna-platforma-za-adcp-rs5-sontek-hydroboard-ii-micro-ysi\/","name":"Plovna platforma za ADCP RS5 , SonTek HydroBoard II Micro, YSI - Vode.hr","isPartOf":{"@id":"https:\/\/vode.hr\/bs\/#website"},"primaryImageOfPage":{"@id":"https:\/\/vode.hr\/bs\/proizvod\/plovna-platforma-za-adcp-rs5-sontek-hydroboard-ii-micro-ysi\/#primaryimage"},"image":{"@id":"https:\/\/vode.hr\/bs\/proizvod\/plovna-platforma-za-adcp-rs5-sontek-hydroboard-ii-micro-ysi\/#primaryimage"},"thumbnailUrl":"https:\/\/vode.hr\/wp-content\/uploads\/2025\/02\/sontek-hydroboard-micro.webp","datePublished":"2025-02-28T06:52:31+00:00","dateModified":"2025-10-24T08:57:57+00:00","description":"Plovna platforma SonTek HydroBoard II Micro za SonTek-RS5, malen, ali mo\u0107an ure\u0111aj za beskontaktno mjerenje protoka za postrojenja za pro\u010di\u0161\u0107avanje otpadnih voda, kanalizaciju i kanale za industrijsku vodu. Prikupljajte podatke pomo\u0107u mjerenja s pokretnog plovila ili stacionarnih mjerenja Pove\u017eite se s mre\u017enim RTK-om (NTRIP) unutar dosega mre\u017ee Koristite GNSS za izra\u010dun udaljenosti izme\u0111u postaja kod stacionarnih mjerenja Pokrenite i primijenite Extrap (USGS) na mjerenja s pokretnog plovila i stacionarna mjerenja Podijelite transekte pokretnog plovila na podsekcije i ponovo izra\u010dunajte protok Odaberite prebacivanje snopa (3-snopno rje\u0161enje) ako jedan snop pokazuje smetnje Obradite .riv\/.rivr datoteke iz SonTekovih M9 ili S5 sustava Spremite podatke na ra\u010dunalo, vanjski disk ili mre\u017eu Prilagodite naziv datoteka prema potrebi Odaberite izme\u0111u GNSS-a ili ugra\u0111enog magnetskog kompasa za odre\u0111ivanje smjera","breadcrumb":{"@id":"https:\/\/vode.hr\/bs\/proizvod\/plovna-platforma-za-adcp-rs5-sontek-hydroboard-ii-micro-ysi\/#breadcrumb"},"inLanguage":"bs-BA","potentialAction":[{"@type":"ReadAction","target":["https:\/\/vode.hr\/bs\/proizvod\/plovna-platforma-za-adcp-rs5-sontek-hydroboard-ii-micro-ysi\/"]}]},{"@type":"ImageObject","inLanguage":"bs-BA","@id":"https:\/\/vode.hr\/bs\/proizvod\/plovna-platforma-za-adcp-rs5-sontek-hydroboard-ii-micro-ysi\/#primaryimage","url":"https:\/\/vode.hr\/wp-content\/uploads\/2025\/02\/sontek-hydroboard-micro.webp","contentUrl":"https:\/\/vode.hr\/wp-content\/uploads\/2025\/02\/sontek-hydroboard-micro.webp","width":600,"height":600},{"@type":"BreadcrumbList","@id":"https:\/\/vode.hr\/bs\/proizvod\/plovna-platforma-za-adcp-rs5-sontek-hydroboard-ii-micro-ysi\/#breadcrumb","itemListElement":[{"@type":"ListItem","position":1,"name":"Po\u010detna stranica","item":"https:\/\/vode.hr\/bs\/"},{"@type":"ListItem","position":2,"name":"Trgovina","item":"https:\/\/vode.hr\/trgovina\/"},{"@type":"ListItem","position":3,"name":"Plovna platforma za ADCP RS5 , SonTek HydroBoard II Micro, YSI"}]},{"@type":"WebSite","@id":"https:\/\/vode.hr\/bs\/#website","url":"https:\/\/vode.hr\/bs\/","name":"Vode.hr","description":"Mjerenje kvalitete voda, dezinfekcija vode i ure\u0111aji za mjerenje uvjeta u okoli\u0161u","publisher":{"@id":"https:\/\/vode.hr\/bs\/#organization"},"potentialAction":[{"@type":"SearchAction","target":{"@type":"EntryPoint","urlTemplate":"https:\/\/vode.hr\/bs\/?s={search_term_string}"},"query-input":{"@type":"PropertyValueSpecification","valueRequired":true,"valueName":"search_term_string"}}],"inLanguage":"bs-BA"},{"@type":"Organization","@id":"https:\/\/vode.hr\/bs\/#organization","name":"Primotronic d.o.o.","url":"https:\/\/vode.hr\/bs\/","logo":{"@type":"ImageObject","inLanguage":"bs-BA","@id":"https:\/\/vode.hr\/bs\/#\/schema\/logo\/image\/","url":"http:\/\/vode.hr\/wp-content\/uploads\/2023\/04\/vode-1.png","contentUrl":"http:\/\/vode.hr\/wp-content\/uploads\/2023\/04\/vode-1.png","width":300,"height":99,"caption":"Primotronic d.o.o."},"image":{"@id":"https:\/\/vode.hr\/bs\/#\/schema\/logo\/image\/"},"sameAs":["https:\/\/www.facebook.com\/vode.hr"]}]}},"_links":{"self":[{"href":"https:\/\/vode.hr\/bs\/wp-json\/wp\/v2\/product\/1213"}],"collection":[{"href":"https:\/\/vode.hr\/bs\/wp-json\/wp\/v2\/product"}],"about":[{"href":"https:\/\/vode.hr\/bs\/wp-json\/wp\/v2\/types\/product"}],"wp:featuredmedia":[{"embeddable":true,"href":"https:\/\/vode.hr\/bs\/wp-json\/wp\/v2\/media\/1214"}],"wp:attachment":[{"href":"https:\/\/vode.hr\/bs\/wp-json\/wp\/v2\/media?parent=1213"}],"wp:term":[{"taxonomy":"product_cat","embeddable":true,"href":"https:\/\/vode.hr\/bs\/wp-json\/wp\/v2\/product_cat?post=1213"},{"taxonomy":"product_tag","embeddable":true,"href":"https:\/\/vode.hr\/bs\/wp-json\/wp\/v2\/product_tag?post=1213"}],"curies":[{"name":"wp","href":"https:\/\/api.w.org\/{rel}","templated":true}]}}