{"id":1234,"date":"2025-02-28T09:51:50","date_gmt":"2025-02-28T08:51:50","guid":{"rendered":"https:\/\/vode.hr\/?post_type=product&#038;p=1234"},"modified":"2025-10-24T10:57:57","modified_gmt":"2025-10-24T08:57:57","slug":"plovna-platforma-za-adcp-m9-sontek-hydroboard-ii-max-ysi","status":"publish","type":"product","link":"https:\/\/vode.hr\/bs\/proizvod\/plovna-platforma-za-adcp-m9-sontek-hydroboard-ii-max-ysi\/","title":{"rendered":"Plovna platforma za ADCP M9 , SonTek HydroBoard II Max, YSI"},"content":{"rendered":"<div class=\"row\"  id=\"row-1676886812\">\n\n\t<div id=\"col-1611651247\" class=\"col medium-6 small-12 large-6\"  >\n\t\t\t\t<div class=\"col-inner\"  >\n\t\t\t\n\t\t\t\n\t<div id=\"text-1883981103\" class=\"text\">\n\t\t\n<h2>Plovna platforma SonTek HydroBoard II Max za SonTek-M9, ADCP koji besprijekorno kombinira izdr\u017eljivost s prilagodljivim batimetrijskim mogu\u0107nostima, pru\u017eaju\u0107i neusporedivu fleksibilnost u prikupljanju podataka<\/h2>\n\t\t\n<style>\n#text-1883981103 {\n  text-align: center;\n}\n@media (min-width:550px) {\n  #text-1883981103 {\n    text-align: left;\n  }\n}\n<\/style>\n\t<\/div>\n\t\n<div class=\"is-divider divider clearfix\" style=\"max-width:100%;\"><\/div>\n<h3 data-start=\"0\" data-end=\"29\"><strong data-start=\"4\" data-end=\"27\">Prednosti SonTek M9<\/strong><\/h3>\n<p data-start=\"31\" data-end=\"439\">SonTek M9 je najbolje rje\u0161enje za prikupljanje podataka o protoku i provo\u0111enje batimetrijskih istra\u017eivanja. Ovaj industrijski provjeren i pouzdan ure\u0111aj je sveobuhvatan ADCP koji besprijekorno kombinira izdr\u017eljivost nagra\u0111ivanog RiverSurveyor-M9 s prilagodljivim batimetrijskim mogu\u0107nostima HydroSurveyor-M9, pru\u017eaju\u0107i neusporedivu fleksibilnost u prikupljanju podataka.<\/p>\n<p data-start=\"441\" data-end=\"758\">Dizajniran za intuitivnu i jednostavnu upotrebu, robusni M9 izvrsno funkcionira u svim uvjetima, od jakih poplava do su\u0161nih razdoblja. Zaboravite na slo\u017eena pode\u0161avanja tijekom ekstremnih vremenskih uvjeta \u2013 M9 automatski prilago\u0111ava promjenjive vodostaje, strukturu brzine i razli\u010dite primjene.<\/p>\n<p data-start=\"760\" data-end=\"1076\" data-is-last-node=\"\" data-is-only-node=\"\">M9 je dokazano revolucionaran ure\u0111aj za mjerenje protoka u rijekama, potocima i kanalima. No, to nije sve! Kada se M9 pove\u017ee s vrhunskim HYPACK\u00a9 softverom za ekolo\u0161ko kartiranje, pretvara se u sveobuhvatno rje\u0161enje koje pru\u017ea neusporedivu fleksibilnost i u\u010dinkovitost \u2013 ekskluzivno uz SonTek.<\/p>\n\t\t<\/div>\n\t\t\t\t\n<style>\n#col-1611651247 > .col-inner {\n  padding: 2em 1em 0px 1em;\n}\n<\/style>\n\t<\/div>\n\n\t\n\n\t<div id=\"col-645931538\" class=\"col medium-6 small-12 large-6\"  >\n\t\t\t\t<div class=\"col-inner\"  >\n\t\t\t\n\t\t\t\n\t<div class=\"img has-hover x md-x lg-x y md-y lg-y\" id=\"image_72319029\">\n\t\t\t\t\t\t\t\t<div class=\"img-inner dark\" >\n\t\t\t<img loading=\"lazy\" decoding=\"async\" width=\"1201\" height=\"1201\" src=\"https:\/\/vode.hr\/wp-content\/uploads\/2025\/02\/glavna.jpeg\" class=\"attachment-original size-original\" alt=\"\" srcset=\"https:\/\/vode.hr\/wp-content\/uploads\/2025\/02\/glavna.jpeg 1201w, https:\/\/vode.hr\/wp-content\/uploads\/2025\/02\/glavna-300x300.jpeg 300w, https:\/\/vode.hr\/wp-content\/uploads\/2025\/02\/glavna-1024x1024.jpeg 1024w, https:\/\/vode.hr\/wp-content\/uploads\/2025\/02\/glavna-150x150.jpeg 150w, https:\/\/vode.hr\/wp-content\/uploads\/2025\/02\/glavna-768x768.jpeg 768w, https:\/\/vode.hr\/wp-content\/uploads\/2025\/02\/glavna-370x370.jpeg 370w, https:\/\/vode.hr\/wp-content\/uploads\/2025\/02\/glavna-650x650.jpeg 650w, https:\/\/vode.hr\/wp-content\/uploads\/2025\/02\/glavna-100x100.jpeg 100w\" sizes=\"(max-width: 1201px) 100vw, 1201px\" \/>\t\t\t\t\t\t\n\t\t\t\t\t<\/div>\n\t\t\t\t\t\t\t\t\n<style>\n#image_72319029 {\n  width: 100%;\n}\n<\/style>\n\t<\/div>\n\t\n\t\t<\/div>\n\t\t\t\t\n<style>\n#col-645931538 > .col-inner {\n  padding: 2em 1em 0px 1em;\n}\n<\/style>\n\t<\/div>\n\n\t\n\n\t<div id=\"col-1281153310\" class=\"col medium-6 small-12 large-6\"  >\n\t\t\t\t<div class=\"col-inner\"  >\n\t\t\t\n\t\t\t\n<h3>Na\u010din rada<\/h3>\n<p>SonTek M9 je pouzdan alat vode\u0107ih svjetskih agencija za pra\u0107enje vodnih tokova i postavio je nove standarde u industriji ADCP ure\u0111aja. Isti\u010de se kao prvi ADCP koji koristi vi\u0161estruke akusti\u010dne frekvencije, omogu\u0107ene ekskluzivnom SmartPulseHD\u00ae tehnologijom tvrtke SonTek. Ova inovacija osigurava dosljedno pouzdana mjerenja u \u0161irokom rasponu dubina, od plitkih voda do velikih dubina.<\/p>\n<h3>Uporaba<\/h3>\n<p data-start=\"0\" data-end=\"334\">SonTek M9 je pouzdan alat vode\u0107ih svjetskih agencija za pra\u0107enje vodnih tokova i postavio je nove standarde u industriji ADCP ure\u0111aja. Isti\u010de se kao prvi ADCP koji koristi vi\u0161estruke akusti\u010dne frekvencije, omogu\u0107ene ekskluzivnom SmartPulseHD\u00ae tehnologijom tvrtke SonTek. Ova inovacija osigurava dosljedno pouzdana mjerenja u \u0161irokom rasponu dubina, od plitkih voda do velikih dubina.<\/p>\n<p data-start=\"0\" data-end=\"334\">Ono \u0161to dodatno izdvaja M9 su napredni mikrokontroleri, koji predstavljaju mozak ure\u0111aja. Ovi inteligentni kontroleri automatski odabiru odgovaraju\u0107u akusti\u010dnu frekvenciju, pulsni re\u017eim i veli\u010dinu \u0107elije, eliminiraju\u0107i potrebu za ru\u010dnim pode\u0161avanjem. To vam omogu\u0107uje da se fokusirate isklju\u010divo na mjerenje.<\/p>\n<p data-start=\"336\" data-end=\"647\" data-is-last-node=\"\" data-is-only-node=\"\">SonTek M9 sustav uklju\u010duje poseban ehosonder (vertikalni snop) za precizno definiranje batimetrije dna. Korisnici mogu birati izme\u0111u kori\u0161tenja vertikalnog snopa ili prosje\u010dne vrijednosti donjih (nagnutih) snopova za izra\u010dun dubine, \u010dime se osiguravaju dvije neovisne referencije dubine.<\/p>\n\t\t<\/div>\n\t\t\t\t\n<style>\n#col-1281153310 > .col-inner {\n  padding: 2em 1em 0px 1em;\n}\n<\/style>\n\t<\/div>\n\n\t\n\n\t<div id=\"col-1770860771\" class=\"col medium-6 small-12 large-6\"  >\n\t\t\t\t<div class=\"col-inner\"  >\n\t\t\t\n\t\t\t\n<h3 data-start=\"0\" data-end=\"30\"><strong data-start=\"4\" data-end=\"28\">Zna\u010dajke i prednosti<\/strong><\/h3>\n<ul data-start=\"32\" data-end=\"2184\">\n<li data-start=\"32\" data-end=\"166\"><strong data-start=\"34\" data-end=\"70\">Vi\u0161estruke akusti\u010dne frekvencije<\/strong> \u2013 Omogu\u0107uju ravnote\u017eu izme\u0111u najvi\u0161e razlu\u010divosti i najve\u0107eg raspona dubina i brzina protoka.<\/li>\n<li data-start=\"167\" data-end=\"372\"><strong data-start=\"169\" data-end=\"215\">Vertikalni akusti\u010dni snop (npr. ehosonder)<\/strong> \u2013 Osigurava izvrsnu definiciju kanala za batimetrijske i proto\u010dne analize te pro\u0161iruje maksimalnu dubinu mjerenja kada pra\u0107enje dna nije dostupno.<\/li>\n<li data-start=\"373\" data-end=\"609\"><strong data-start=\"375\" data-end=\"392\">SmartPulseHD\u00ae<\/strong> \u2013 Inteligentni algoritam koji analizira dubinu vode, brzinu i turbulenciju te automatski prilago\u0111ava postavke koriste\u0107i pulsno-koherentne i nekoherentne tehnike. Omogu\u0107uje visoku razlu\u010divost \u0107elija do 2 cm.<\/li>\n<li data-start=\"610\" data-end=\"853\"><strong data-start=\"612\" data-end=\"664\">Izra\u010dun protoka i sigurno pohranjivanje podataka<\/strong> \u2013 Mjerenja se istovremeno obra\u0111uju u ure\u0111aju M9 i na ra\u010dunalu putem RiverSurveyor Live softvera, \u010dime se osigurava o\u010duvanje podataka \u010dak i u slu\u010daju privremenog gubitka veze.<\/li>\n<li data-start=\"854\" data-end=\"1071\"><strong data-start=\"856\" data-end=\"906\">Standardni 360\u00b0 kompas i dvoosni senzor nagiba<\/strong> \u2013 Kompenzira pomicanje plovila zbog povr\u0161inskih uvjeta i osigurava brzine u koordinatama Zemlje te magnetsku pogre\u0161ku u stvarnom vremenu i u naknadnoj obradi.<\/li>\n<li data-start=\"1072\" data-end=\"1307\"><strong data-start=\"1074\" data-end=\"1127\">Brzina oda\u0161iljanja do 70 Hz, prosje\u010dni izlaz 1 Hz<\/strong> \u2013 Visoke brzine impulsa omogu\u0107uju iznimno pouzdano prikupljanje podataka, uz prilagodbu distribucije impulsa ovisno o na\u010dinu prikupljanja podataka (protoci ili batimetrija).<\/li>\n<li data-start=\"1308\" data-end=\"1485\"><strong data-start=\"1310\" data-end=\"1326\">Pra\u0107enje dna<\/strong> \u2013 Omogu\u0107uje akusti\u010dko pra\u0107enje brzine plovila u odnosu na dno, neovisno o GNSS\/GPS sustavima (opcionalno), uz dodatnu mogu\u0107nost mjerenja dubine.<\/li>\n<li data-start=\"1486\" data-end=\"1716\">Diferencijalni GNSS (opcionalno) \u2013 Geo-referencirano pozicioniranje putem dvostruke frekvencije i vi\u0161e satelitskih konstelacija sa SBAS korekcijama, \u0161to ga \u010dini alternativom za pra\u0107enje dna u slo\u017eenim uvjetima.<\/li>\n<li data-start=\"1717\" data-end=\"1927\"><strong data-start=\"1719\" data-end=\"1744\">RTK GNSS (opcionalno)<\/strong> \u2013 Izuzetno precizno geo-referencirano pozicioniranje, alternativa za pra\u0107enje dna u te\u0161kim uvjetima. Omogu\u0107uje vezivanje za referentne to\u010dke putem HYPACK\u00ae softvera.<\/li>\n<li data-start=\"1928\" data-end=\"2184\">Korekcija brzine zvuka pomo\u0107u CastAway-CTD (opcionalno) \u2013 Ugra\u0111eni senzor temperature koristi se za izra\u010dun brzine zvuka. CastAway-CTD interpolira brzinu zvuka u prostoru i vremenu s RiverSurveyor Live i (opcionalnim) HYPACK\u00ae softverom.<\/li>\n<\/ul>\n\t\t<\/div>\n\t\t\t\t\n<style>\n#col-1770860771 > .col-inner {\n  padding: 0px 0px 0px 0px;\n}\n<\/style>\n\t<\/div>\n\n\t\n<\/div>\n","protected":false},"excerpt":{"rendered":"<p>SonTek-M9 \u2013 vrhunsko rje\u0161enje za prikupljanje podataka o protoku i provo\u0111enje batimetrijskih istra\u017eivanja<\/p>\n<p>Dizajniran za intuitivno i jednostavno kori\u0161tenje, robusni <strong data-start=\"59\" data-end=\"65\">M9<\/strong> odli\u010dno funkcionira u razli\u010ditim uvjetima, od jakih poplava do su\u0161nih razdoblja. Zaboravite na slo\u017eena pode\u0161avanja tijekom ekstremnih doga\u0111aja \u2013 <strong data-start=\"211\" data-end=\"217\">M9<\/strong> automatski prilago\u0111ava promjenjive vodostaje, strukturu brzine i razli\u010dite druge primjene.<\/p>\n<table>\n<tbody>\n<tr>\n<td width=\"302\"><strong>Hidrologija:<\/strong><\/p>\n<ul>\n<li>Mjerenje protoka<\/li>\n<li>Kalibracija metode indeksne brzine<\/li>\n<li>Provjera isporu\u010denog protoka\/volumena<\/li>\n<li>Validacija modela protoka<\/li>\n<li>Istra\u017eivanja stani\u0161ta<\/li>\n<li>Pra\u0107enje tokova i optere\u0107enja slivnog podru\u010dja<\/li>\n<li>Visokodefinicijski profili brzine<\/li>\n<\/ul>\n<\/td>\n<td width=\"302\"><strong>Batimetrija:<\/strong><\/p>\n<ul>\n<li>Istra\u017eivanja akumulacija i predvi\u0111anje kapaciteta<\/li>\n<li>Izra\u010duni volumena akumulacija<\/li>\n<li>Kartiranje brzine toka<\/li>\n<li>Rekognosciranje terena<\/li>\n<li>Detekcija toka sedimenta<\/li>\n<li>Longitudinalna istra\u017eivanja rijeka<\/li>\n<\/ul>\n<\/td>\n<\/tr>\n<\/tbody>\n<\/table>\n<p>&nbsp;<\/p>\n","protected":false},"featured_media":1235,"template":"","meta":[],"product_cat":[268,17,223,224],"product_tag":[296],"class_list":["post-1234","product","type-product","status-publish","has-post-thumbnail","hentry","product_cat-snimaci-podataka","product_cat-ispitivanje-i-mjerenje-kvalitete-vode","product_cat-vode","product_cat-otpadne-vode","product_tag-ysi"],"yoast_head":"<!-- This site is optimized with the Yoast SEO plugin v25.0 - https:\/\/yoast.com\/wordpress\/plugins\/seo\/ -->\n<title>Plovna platforma za ADCP M9 , SonTek HydroBoard II Max, YSI - Vode.hr<\/title>\n<meta name=\"description\" content=\"SonTek-M9 \u2013 vrhunsko rje\u0161enje za prikupljanje podataka o protoku i provo\u0111enje batimetrijskih istra\u017eivanja  Dizajniran za intuitivno i jednostavno kori\u0161tenje, robusni M9 odli\u010dno funkcionira u razli\u010ditim uvjetima, od jakih poplava do su\u0161nih razdoblja. Zaboravite na slo\u017eena pode\u0161avanja tijekom ekstremnih doga\u0111aja \u2013 M9 automatski prilago\u0111ava promjenjive vodostaje, strukturu brzine i razli\u010dite druge primjene.    Hidrologija:   Mjerenje protoka  Kalibracija metode indeksne brzine  Provjera isporu\u010denog protoka\/volumena  Validacija modela protoka  Istra\u017eivanja stani\u0161ta  Pra\u0107enje tokova i optere\u0107enja slivnog podru\u010dja  Visokodefinicijski profili brzine   Batimetrija:   Istra\u017eivanja akumulacija i predvi\u0111anje kapaciteta  Izra\u010duni volumena akumulacija  Kartiranje brzine toka  Rekognosciranje terena  Detekcija toka sedimenta  Longitudinalna istra\u017eivanja rijeka      &nbsp;\" \/>\n<meta name=\"robots\" content=\"index, follow, max-snippet:-1, max-image-preview:large, max-video-preview:-1\" \/>\n<link rel=\"canonical\" href=\"https:\/\/vode.hr\/bs\/proizvod\/plovna-platforma-za-adcp-m9-sontek-hydroboard-ii-max-ysi\/\" \/>\n<meta property=\"og:locale\" content=\"bs_BA\" \/>\n<meta property=\"og:type\" content=\"article\" \/>\n<meta property=\"og:title\" content=\"Plovna platforma za ADCP M9 , SonTek HydroBoard II Max, YSI - Vode.hr\" \/>\n<meta property=\"og:description\" content=\"SonTek-M9 \u2013 vrhunsko rje\u0161enje za prikupljanje podataka o protoku i provo\u0111enje batimetrijskih istra\u017eivanja  Dizajniran za intuitivno i jednostavno kori\u0161tenje, robusni M9 odli\u010dno funkcionira u razli\u010ditim uvjetima, od jakih poplava do su\u0161nih razdoblja. Zaboravite na slo\u017eena pode\u0161avanja tijekom ekstremnih doga\u0111aja \u2013 M9 automatski prilago\u0111ava promjenjive vodostaje, strukturu brzine i razli\u010dite druge primjene.    Hidrologija:   Mjerenje protoka  Kalibracija metode indeksne brzine  Provjera isporu\u010denog protoka\/volumena  Validacija modela protoka  Istra\u017eivanja stani\u0161ta  Pra\u0107enje tokova i optere\u0107enja slivnog podru\u010dja  Visokodefinicijski profili brzine   Batimetrija:   Istra\u017eivanja akumulacija i predvi\u0111anje kapaciteta  Izra\u010duni volumena akumulacija  Kartiranje brzine toka  Rekognosciranje terena  Detekcija toka sedimenta  Longitudinalna istra\u017eivanja rijeka      &nbsp;\" \/>\n<meta property=\"og:url\" content=\"https:\/\/vode.hr\/bs\/proizvod\/plovna-platforma-za-adcp-m9-sontek-hydroboard-ii-max-ysi\/\" \/>\n<meta property=\"og:site_name\" content=\"Vode.hr\" \/>\n<meta property=\"article:publisher\" content=\"https:\/\/www.facebook.com\/vode.hr\" \/>\n<meta property=\"article:modified_time\" content=\"2025-10-24T08:57:57+00:00\" \/>\n<meta property=\"og:image\" content=\"http:\/\/vode.hr\/wp-content\/uploads\/2025\/02\/sontek-hydroboard-max.webp\" \/>\n\t<meta property=\"og:image:width\" content=\"600\" \/>\n\t<meta property=\"og:image:height\" content=\"600\" \/>\n\t<meta property=\"og:image:type\" content=\"image\/webp\" \/>\n<meta name=\"twitter:card\" content=\"summary_large_image\" \/>\n<meta name=\"twitter:label1\" content=\"Est. reading time\" \/>\n\t<meta name=\"twitter:data1\" content=\"4 minute\" \/>\n<script type=\"application\/ld+json\" class=\"yoast-schema-graph\">{\"@context\":\"https:\/\/schema.org\",\"@graph\":[{\"@type\":[\"WebPage\",\"ItemPage\"],\"@id\":\"https:\/\/vode.hr\/bs\/proizvod\/plovna-platforma-za-adcp-m9-sontek-hydroboard-ii-max-ysi\/\",\"url\":\"https:\/\/vode.hr\/bs\/proizvod\/plovna-platforma-za-adcp-m9-sontek-hydroboard-ii-max-ysi\/\",\"name\":\"Plovna platforma za ADCP M9 , SonTek HydroBoard II Max, YSI - Vode.hr\",\"isPartOf\":{\"@id\":\"https:\/\/vode.hr\/bs\/#website\"},\"primaryImageOfPage\":{\"@id\":\"https:\/\/vode.hr\/bs\/proizvod\/plovna-platforma-za-adcp-m9-sontek-hydroboard-ii-max-ysi\/#primaryimage\"},\"image\":{\"@id\":\"https:\/\/vode.hr\/bs\/proizvod\/plovna-platforma-za-adcp-m9-sontek-hydroboard-ii-max-ysi\/#primaryimage\"},\"thumbnailUrl\":\"https:\/\/vode.hr\/wp-content\/uploads\/2025\/02\/sontek-hydroboard-max.webp\",\"datePublished\":\"2025-02-28T08:51:50+00:00\",\"dateModified\":\"2025-10-24T08:57:57+00:00\",\"description\":\"SonTek-M9 \u2013 vrhunsko rje\u0161enje za prikupljanje podataka o protoku i provo\u0111enje batimetrijskih istra\u017eivanja Dizajniran za intuitivno i jednostavno kori\u0161tenje, robusni M9 odli\u010dno funkcionira u razli\u010ditim uvjetima, od jakih poplava do su\u0161nih razdoblja. Zaboravite na slo\u017eena pode\u0161avanja tijekom ekstremnih doga\u0111aja \u2013 M9 automatski prilago\u0111ava promjenjive vodostaje, strukturu brzine i razli\u010dite druge primjene. Hidrologija: Mjerenje protoka Kalibracija metode indeksne brzine Provjera isporu\u010denog protoka\/volumena Validacija modela protoka Istra\u017eivanja stani\u0161ta Pra\u0107enje tokova i optere\u0107enja slivnog podru\u010dja Visokodefinicijski profili brzine Batimetrija: Istra\u017eivanja akumulacija i predvi\u0111anje kapaciteta Izra\u010duni volumena akumulacija Kartiranje brzine toka Rekognosciranje terena Detekcija toka sedimenta Longitudinalna istra\u017eivanja rijeka &nbsp;\",\"breadcrumb\":{\"@id\":\"https:\/\/vode.hr\/bs\/proizvod\/plovna-platforma-za-adcp-m9-sontek-hydroboard-ii-max-ysi\/#breadcrumb\"},\"inLanguage\":\"bs-BA\",\"potentialAction\":[{\"@type\":\"ReadAction\",\"target\":[\"https:\/\/vode.hr\/bs\/proizvod\/plovna-platforma-za-adcp-m9-sontek-hydroboard-ii-max-ysi\/\"]}]},{\"@type\":\"ImageObject\",\"inLanguage\":\"bs-BA\",\"@id\":\"https:\/\/vode.hr\/bs\/proizvod\/plovna-platforma-za-adcp-m9-sontek-hydroboard-ii-max-ysi\/#primaryimage\",\"url\":\"https:\/\/vode.hr\/wp-content\/uploads\/2025\/02\/sontek-hydroboard-max.webp\",\"contentUrl\":\"https:\/\/vode.hr\/wp-content\/uploads\/2025\/02\/sontek-hydroboard-max.webp\",\"width\":600,\"height\":600},{\"@type\":\"BreadcrumbList\",\"@id\":\"https:\/\/vode.hr\/bs\/proizvod\/plovna-platforma-za-adcp-m9-sontek-hydroboard-ii-max-ysi\/#breadcrumb\",\"itemListElement\":[{\"@type\":\"ListItem\",\"position\":1,\"name\":\"Po\u010detna stranica\",\"item\":\"https:\/\/vode.hr\/bs\/\"},{\"@type\":\"ListItem\",\"position\":2,\"name\":\"Trgovina\",\"item\":\"https:\/\/vode.hr\/trgovina\/\"},{\"@type\":\"ListItem\",\"position\":3,\"name\":\"Plovna platforma za ADCP M9 , SonTek HydroBoard II Max, YSI\"}]},{\"@type\":\"WebSite\",\"@id\":\"https:\/\/vode.hr\/bs\/#website\",\"url\":\"https:\/\/vode.hr\/bs\/\",\"name\":\"Vode.hr\",\"description\":\"Mjerenje kvalitete voda, dezinfekcija vode i ure\u0111aji za mjerenje uvjeta u okoli\u0161u\",\"publisher\":{\"@id\":\"https:\/\/vode.hr\/bs\/#organization\"},\"potentialAction\":[{\"@type\":\"SearchAction\",\"target\":{\"@type\":\"EntryPoint\",\"urlTemplate\":\"https:\/\/vode.hr\/bs\/?s={search_term_string}\"},\"query-input\":{\"@type\":\"PropertyValueSpecification\",\"valueRequired\":true,\"valueName\":\"search_term_string\"}}],\"inLanguage\":\"bs-BA\"},{\"@type\":\"Organization\",\"@id\":\"https:\/\/vode.hr\/bs\/#organization\",\"name\":\"Primotronic d.o.o.\",\"url\":\"https:\/\/vode.hr\/bs\/\",\"logo\":{\"@type\":\"ImageObject\",\"inLanguage\":\"bs-BA\",\"@id\":\"https:\/\/vode.hr\/bs\/#\/schema\/logo\/image\/\",\"url\":\"http:\/\/vode.hr\/wp-content\/uploads\/2023\/04\/vode-1.png\",\"contentUrl\":\"http:\/\/vode.hr\/wp-content\/uploads\/2023\/04\/vode-1.png\",\"width\":300,\"height\":99,\"caption\":\"Primotronic d.o.o.\"},\"image\":{\"@id\":\"https:\/\/vode.hr\/bs\/#\/schema\/logo\/image\/\"},\"sameAs\":[\"https:\/\/www.facebook.com\/vode.hr\"]}]}<\/script>\n<!-- \/ Yoast SEO plugin. -->","yoast_head_json":{"title":"Plovna platforma za ADCP M9 , SonTek HydroBoard II Max, YSI - Vode.hr","description":"SonTek-M9 \u2013 vrhunsko rje\u0161enje za prikupljanje podataka o protoku i provo\u0111enje batimetrijskih istra\u017eivanja  Dizajniran za intuitivno i jednostavno kori\u0161tenje, robusni M9 odli\u010dno funkcionira u razli\u010ditim uvjetima, od jakih poplava do su\u0161nih razdoblja. Zaboravite na slo\u017eena pode\u0161avanja tijekom ekstremnih doga\u0111aja \u2013 M9 automatski prilago\u0111ava promjenjive vodostaje, strukturu brzine i razli\u010dite druge primjene.    Hidrologija:   Mjerenje protoka  Kalibracija metode indeksne brzine  Provjera isporu\u010denog protoka\/volumena  Validacija modela protoka  Istra\u017eivanja stani\u0161ta  Pra\u0107enje tokova i optere\u0107enja slivnog podru\u010dja  Visokodefinicijski profili brzine   Batimetrija:   Istra\u017eivanja akumulacija i predvi\u0111anje kapaciteta  Izra\u010duni volumena akumulacija  Kartiranje brzine toka  Rekognosciranje terena  Detekcija toka sedimenta  Longitudinalna istra\u017eivanja rijeka      &nbsp;","robots":{"index":"index","follow":"follow","max-snippet":"max-snippet:-1","max-image-preview":"max-image-preview:large","max-video-preview":"max-video-preview:-1"},"canonical":"https:\/\/vode.hr\/bs\/proizvod\/plovna-platforma-za-adcp-m9-sontek-hydroboard-ii-max-ysi\/","og_locale":"bs_BA","og_type":"article","og_title":"Plovna platforma za ADCP M9 , SonTek HydroBoard II Max, YSI - Vode.hr","og_description":"SonTek-M9 \u2013 vrhunsko rje\u0161enje za prikupljanje podataka o protoku i provo\u0111enje batimetrijskih istra\u017eivanja  Dizajniran za intuitivno i jednostavno kori\u0161tenje, robusni M9 odli\u010dno funkcionira u razli\u010ditim uvjetima, od jakih poplava do su\u0161nih razdoblja. Zaboravite na slo\u017eena pode\u0161avanja tijekom ekstremnih doga\u0111aja \u2013 M9 automatski prilago\u0111ava promjenjive vodostaje, strukturu brzine i razli\u010dite druge primjene.    Hidrologija:   Mjerenje protoka  Kalibracija metode indeksne brzine  Provjera isporu\u010denog protoka\/volumena  Validacija modela protoka  Istra\u017eivanja stani\u0161ta  Pra\u0107enje tokova i optere\u0107enja slivnog podru\u010dja  Visokodefinicijski profili brzine   Batimetrija:   Istra\u017eivanja akumulacija i predvi\u0111anje kapaciteta  Izra\u010duni volumena akumulacija  Kartiranje brzine toka  Rekognosciranje terena  Detekcija toka sedimenta  Longitudinalna istra\u017eivanja rijeka      &nbsp;","og_url":"https:\/\/vode.hr\/bs\/proizvod\/plovna-platforma-za-adcp-m9-sontek-hydroboard-ii-max-ysi\/","og_site_name":"Vode.hr","article_publisher":"https:\/\/www.facebook.com\/vode.hr","article_modified_time":"2025-10-24T08:57:57+00:00","og_image":[{"width":600,"height":600,"url":"http:\/\/vode.hr\/wp-content\/uploads\/2025\/02\/sontek-hydroboard-max.webp","type":"image\/webp"}],"twitter_card":"summary_large_image","twitter_misc":{"Est. reading time":"4 minute"},"schema":{"@context":"https:\/\/schema.org","@graph":[{"@type":["WebPage","ItemPage"],"@id":"https:\/\/vode.hr\/bs\/proizvod\/plovna-platforma-za-adcp-m9-sontek-hydroboard-ii-max-ysi\/","url":"https:\/\/vode.hr\/bs\/proizvod\/plovna-platforma-za-adcp-m9-sontek-hydroboard-ii-max-ysi\/","name":"Plovna platforma za ADCP M9 , SonTek HydroBoard II Max, YSI - Vode.hr","isPartOf":{"@id":"https:\/\/vode.hr\/bs\/#website"},"primaryImageOfPage":{"@id":"https:\/\/vode.hr\/bs\/proizvod\/plovna-platforma-za-adcp-m9-sontek-hydroboard-ii-max-ysi\/#primaryimage"},"image":{"@id":"https:\/\/vode.hr\/bs\/proizvod\/plovna-platforma-za-adcp-m9-sontek-hydroboard-ii-max-ysi\/#primaryimage"},"thumbnailUrl":"https:\/\/vode.hr\/wp-content\/uploads\/2025\/02\/sontek-hydroboard-max.webp","datePublished":"2025-02-28T08:51:50+00:00","dateModified":"2025-10-24T08:57:57+00:00","description":"SonTek-M9 \u2013 vrhunsko rje\u0161enje za prikupljanje podataka o protoku i provo\u0111enje batimetrijskih istra\u017eivanja Dizajniran za intuitivno i jednostavno kori\u0161tenje, robusni M9 odli\u010dno funkcionira u razli\u010ditim uvjetima, od jakih poplava do su\u0161nih razdoblja. Zaboravite na slo\u017eena pode\u0161avanja tijekom ekstremnih doga\u0111aja \u2013 M9 automatski prilago\u0111ava promjenjive vodostaje, strukturu brzine i razli\u010dite druge primjene. Hidrologija: Mjerenje protoka Kalibracija metode indeksne brzine Provjera isporu\u010denog protoka\/volumena Validacija modela protoka Istra\u017eivanja stani\u0161ta Pra\u0107enje tokova i optere\u0107enja slivnog podru\u010dja Visokodefinicijski profili brzine Batimetrija: Istra\u017eivanja akumulacija i predvi\u0111anje kapaciteta Izra\u010duni volumena akumulacija Kartiranje brzine toka Rekognosciranje terena Detekcija toka sedimenta Longitudinalna istra\u017eivanja rijeka &nbsp;","breadcrumb":{"@id":"https:\/\/vode.hr\/bs\/proizvod\/plovna-platforma-za-adcp-m9-sontek-hydroboard-ii-max-ysi\/#breadcrumb"},"inLanguage":"bs-BA","potentialAction":[{"@type":"ReadAction","target":["https:\/\/vode.hr\/bs\/proizvod\/plovna-platforma-za-adcp-m9-sontek-hydroboard-ii-max-ysi\/"]}]},{"@type":"ImageObject","inLanguage":"bs-BA","@id":"https:\/\/vode.hr\/bs\/proizvod\/plovna-platforma-za-adcp-m9-sontek-hydroboard-ii-max-ysi\/#primaryimage","url":"https:\/\/vode.hr\/wp-content\/uploads\/2025\/02\/sontek-hydroboard-max.webp","contentUrl":"https:\/\/vode.hr\/wp-content\/uploads\/2025\/02\/sontek-hydroboard-max.webp","width":600,"height":600},{"@type":"BreadcrumbList","@id":"https:\/\/vode.hr\/bs\/proizvod\/plovna-platforma-za-adcp-m9-sontek-hydroboard-ii-max-ysi\/#breadcrumb","itemListElement":[{"@type":"ListItem","position":1,"name":"Po\u010detna stranica","item":"https:\/\/vode.hr\/bs\/"},{"@type":"ListItem","position":2,"name":"Trgovina","item":"https:\/\/vode.hr\/trgovina\/"},{"@type":"ListItem","position":3,"name":"Plovna platforma za ADCP M9 , SonTek HydroBoard II Max, YSI"}]},{"@type":"WebSite","@id":"https:\/\/vode.hr\/bs\/#website","url":"https:\/\/vode.hr\/bs\/","name":"Vode.hr","description":"Mjerenje kvalitete voda, dezinfekcija vode i ure\u0111aji za mjerenje uvjeta u okoli\u0161u","publisher":{"@id":"https:\/\/vode.hr\/bs\/#organization"},"potentialAction":[{"@type":"SearchAction","target":{"@type":"EntryPoint","urlTemplate":"https:\/\/vode.hr\/bs\/?s={search_term_string}"},"query-input":{"@type":"PropertyValueSpecification","valueRequired":true,"valueName":"search_term_string"}}],"inLanguage":"bs-BA"},{"@type":"Organization","@id":"https:\/\/vode.hr\/bs\/#organization","name":"Primotronic d.o.o.","url":"https:\/\/vode.hr\/bs\/","logo":{"@type":"ImageObject","inLanguage":"bs-BA","@id":"https:\/\/vode.hr\/bs\/#\/schema\/logo\/image\/","url":"http:\/\/vode.hr\/wp-content\/uploads\/2023\/04\/vode-1.png","contentUrl":"http:\/\/vode.hr\/wp-content\/uploads\/2023\/04\/vode-1.png","width":300,"height":99,"caption":"Primotronic d.o.o."},"image":{"@id":"https:\/\/vode.hr\/bs\/#\/schema\/logo\/image\/"},"sameAs":["https:\/\/www.facebook.com\/vode.hr"]}]}},"_links":{"self":[{"href":"https:\/\/vode.hr\/bs\/wp-json\/wp\/v2\/product\/1234"}],"collection":[{"href":"https:\/\/vode.hr\/bs\/wp-json\/wp\/v2\/product"}],"about":[{"href":"https:\/\/vode.hr\/bs\/wp-json\/wp\/v2\/types\/product"}],"wp:featuredmedia":[{"embeddable":true,"href":"https:\/\/vode.hr\/bs\/wp-json\/wp\/v2\/media\/1235"}],"wp:attachment":[{"href":"https:\/\/vode.hr\/bs\/wp-json\/wp\/v2\/media?parent=1234"}],"wp:term":[{"taxonomy":"product_cat","embeddable":true,"href":"https:\/\/vode.hr\/bs\/wp-json\/wp\/v2\/product_cat?post=1234"},{"taxonomy":"product_tag","embeddable":true,"href":"https:\/\/vode.hr\/bs\/wp-json\/wp\/v2\/product_tag?post=1234"}],"curies":[{"name":"wp","href":"https:\/\/api.w.org\/{rel}","templated":true}]}}