{"id":1258,"date":"2025-07-03T09:45:37","date_gmt":"2025-07-03T07:45:37","guid":{"rendered":"https:\/\/vode.hr\/?post_type=product&#038;p=1258"},"modified":"2025-10-24T11:01:19","modified_gmt":"2025-10-24T09:01:19","slug":"sustav-za-naprednu-analizu-vode-lilian","status":"publish","type":"product","link":"https:\/\/vode.hr\/bs\/proizvod\/sustav-za-naprednu-analizu-vode-lilian\/","title":{"rendered":"Sustav za analizu vode-napredna analiza vode, mjerenje pH, Cl, Br, ClO2, Lilian"},"content":{"rendered":"<div class=\"row\"  id=\"row-1904647514\">\n\n\t<div id=\"col-152971510\" class=\"col small-12 large-12\"  >\n\t\t\t\t<div class=\"col-inner\"  >\n\t\t\t\n\t\t\t\n\t<div id=\"text-42296839\" class=\"text\">\n\t\t\n<h2>S ure\u0111ajem LILIAN mjerenje parametara vode postaje jednostavno poput pritiska na gumb, obavljeno je u svega nekoliko sekundi, bez ikakve opasnosti za korisnike i okoli\u0161.<\/h2>\n\t\t\n<style>\n#text-42296839 {\n  font-size: 1.3rem;\n  text-align: center;\n}\n<\/style>\n\t<\/div>\n\t\n\t<div id=\"text-4247540478\" class=\"text\">\n\t\t\n<p class=\"lead\">Revolucionarna tehnologija mjerenja i digitalni pregled \u010dine LILIAN sustav za analizu vode brzim, to\u010dnim i jednostavnim alatom za odre\u0111ivanje kvalitete vode. LILIAN sustav sastoji se od LILIAN mjernog ure\u0111aja sa SensoSticks (mjerne patrone), LILIAN Manager aplikacije i LILIAN Managera.<\/p>\n\t\t\n<style>\n#text-4247540478 {\n  font-size: 0.9rem;\n  text-align: center;\n}\n<\/style>\n\t<\/div>\n\t\n\t\t<\/div>\n\t\t\t\t\t<\/div>\n\n\t\n\n<style>\n#row-1904647514 > .col > .col-inner {\n  padding: 3em 0px 0px 0px;\n}\n<\/style>\n<\/div>\n\t<section class=\"section\" id=\"section_1689723103\">\n\t\t<div class=\"bg section-bg fill bg-fill  bg-loaded\" >\n\n\t\t\t\n\t\t\t\n\t\t\t\n\n\t\t<\/div>\n\n\t\t\n\n\t\t<div class=\"section-content relative\">\n\t\t\t\n<div class=\"row align-middle\"  id=\"row-1333071853\">\n\n\t<div id=\"col-1106903173\" class=\"col medium-6 small-12 large-6\"  >\n\t\t\t\t<div class=\"col-inner\"  >\n\t\t\t\n\t\t\t\n\t<div id=\"text-480000666\" class=\"text\">\n\t\t\n<h2>Analiza vode nikad nije bila jednostavnija<\/h2>\n\t\t\n<style>\n#text-480000666 {\n  text-align: center;\n}\n<\/style>\n\t<\/div>\n\t\n<div class=\"is-divider divider clearfix\" style=\"max-width:100%;\"><\/div>\n<p><strong>1. Umetnite SensoStick<\/strong><br \/>\nJednostavno umetnite na\u0161 visokoprecizni SensoStick u ure\u0111aj dok ne \u010dujete &#8220;klik&#8221;.<\/p>\n<p><strong>2. Pove\u017eite LILIAN s aplikacijom<\/strong><br \/>\nJednim dodirom gumba povezujete LILIAN s aplikacijom, a drugim vrhom prsta pokre\u0107ete postupak mjerenja.<\/p>\n<p><strong>3. Pokrenite postupak mjerenja<\/strong><br \/>\nUronite mjerni ure\u0111aj u uzorak vode. SensoStick i LILIAN sada analiziraju va\u0161u vodu.<\/p>\n<p><strong>4. Pogledajte rezultate na zaslonu pametnog telefona<\/strong><br \/>\nVa\u0161 pametni telefon prikazuje trenutne podatke mjerenja u tren oka. To je to \ud83d\ude42<\/p>\n\t\t<\/div>\n\t\t\t\t\n<style>\n#col-1106903173 > .col-inner {\n  padding: 2em 1em 0px 1em;\n}\n@media (min-width:550px) {\n  #col-1106903173 > .col-inner {\n    padding: 0px 0px 0px 2em;\n  }\n}\n<\/style>\n\t<\/div>\n\n\t\n\n\t<div id=\"col-260157263\" class=\"col medium-6 small-12 large-6\"  >\n\t\t\t\t<div class=\"col-inner\"  >\n\t\t\t\n\t\t\t\n\t<div class=\"img has-hover x md-x lg-x y md-y lg-y\" id=\"image_2060589697\">\n\t\t\t\t\t\t\t\t<div class=\"img-inner dark\" style=\"margin:0px 0px 0px 0px;\">\n\t\t\t<img loading=\"lazy\" decoding=\"async\" width=\"752\" height=\"752\" src=\"https:\/\/vode.hr\/wp-content\/uploads\/2025\/07\/skupna.png\" class=\"attachment-original size-original\" alt=\"\" srcset=\"https:\/\/vode.hr\/wp-content\/uploads\/2025\/07\/skupna.png 752w, https:\/\/vode.hr\/wp-content\/uploads\/2025\/07\/skupna-300x300.png 300w, https:\/\/vode.hr\/wp-content\/uploads\/2025\/07\/skupna-150x150.png 150w, https:\/\/vode.hr\/wp-content\/uploads\/2025\/07\/skupna-370x370.png 370w, https:\/\/vode.hr\/wp-content\/uploads\/2025\/07\/skupna-650x650.png 650w, https:\/\/vode.hr\/wp-content\/uploads\/2025\/07\/skupna-100x100.png 100w\" sizes=\"(max-width: 752px) 100vw, 752px\" \/>\t\t\t\t\t\t\n\t\t\t\t\t<\/div>\n\t\t\t\t\t\t\t\t\n<style>\n#image_2060589697 {\n  width: 100%;\n}\n<\/style>\n\t<\/div>\n\t\n\t\t<\/div>\n\t\t\t\t\t<\/div>\n\n\t\n<\/div>\n\t\t<\/div>\n\n\t\t\n<style>\n#section_1689723103 {\n  padding-top: 0px;\n  padding-bottom: 0px;\n  background-color: rgb(221, 239, 239);\n}\n<\/style>\n\t<\/section>\n\t\n<div class=\"row align-middle\"  id=\"row-704357433\">\n\n\t<div id=\"col-795265455\" class=\"col medium-6 small-12 large-6\"  >\n\t\t\t\t<div class=\"col-inner\"  >\n\t\t\t\n\t\t\t\n\t<div class=\"img has-hover x md-x lg-x y md-y lg-y\" id=\"image_1166589562\">\n\t\t\t\t\t\t\t\t<div class=\"img-inner dark\" >\n\t\t\t<img loading=\"lazy\" decoding=\"async\" width=\"1000\" height=\"667\" src=\"https:\/\/vode.hr\/wp-content\/uploads\/2025\/07\/20240820_5R_7865M.png\" class=\"attachment-original size-original\" alt=\"\" srcset=\"https:\/\/vode.hr\/wp-content\/uploads\/2025\/07\/20240820_5R_7865M.png 1000w, https:\/\/vode.hr\/wp-content\/uploads\/2025\/07\/20240820_5R_7865M-300x200.png 300w, https:\/\/vode.hr\/wp-content\/uploads\/2025\/07\/20240820_5R_7865M-768x512.png 768w, https:\/\/vode.hr\/wp-content\/uploads\/2025\/07\/20240820_5R_7865M-650x434.png 650w\" sizes=\"(max-width: 1000px) 100vw, 1000px\" \/>\t\t\t\t\t\t\n\t\t\t\t\t<\/div>\n\t\t\t\t\t\t\t\t\n<style>\n#image_1166589562 {\n  width: 100%;\n}\n<\/style>\n\t<\/div>\n\t\n\t\t<\/div>\n\t\t\t\t\t<\/div>\n\n\t\n\n\t<div id=\"col-363860954\" class=\"col medium-6 small-12 large-6 small-col-first\"  >\n\t\t\t\t<div class=\"col-inner\"  >\n\t\t\t\n\t\t\t\n\t<div id=\"text-2639245492\" class=\"text\">\n\t\t\n<h2>Va\u0161e prednosti kori\u0161tenja LILIAN sustava za analizu vode<\/h2>\n\t\t\n<style>\n#text-2639245492 {\n  text-align: center;\n}\n<\/style>\n\t<\/div>\n\t\n<div class=\"is-divider divider clearfix\" style=\"max-width:100%;\"><\/div>\n<p><strong>Precizni rezultati<\/strong><br \/>\nRevolucionarna tehnologija osigurava brze i to\u010dne rezultate mjerenja.<\/p>\n<p><strong>Ogromna u\u0161teda vremena<\/strong><br \/>\nUnutar 60 sekundi, LILIAN mjerni ure\u0111aj priprema, analizira i dokumentira sve relevantne vrijednosti. U\u0161teda vremena i tro\u0161kova.<\/p>\n<p><strong>Testiranje bez opasnosti<\/strong><br \/>\nNema vi\u0161e zamornog rukovanja kemikalijama, \u0161titite zdravlje svojih zaposlenika.<\/p>\n<p><strong>Jednostavno rukovanje<\/strong><br \/>\nLILIAN mjerni ure\u0111aj je prakti\u010dan, be\u017ei\u010dan i jednostavan za kori\u0161tenje. Nema vi\u0161e kalibracije, nema vi\u0161e pripreme uzorka ili naknadne obrade. Nema vi\u0161e referentnog mjerenja.<\/p>\n\t\t<\/div>\n\t\t\t\t\t<\/div>\n\n\t\n\n<style>\n#row-704357433 > .col > .col-inner {\n  padding: 2em 0px 0px 0px;\n}\n<\/style>\n<\/div>\n\t<section class=\"section\" id=\"section_1786121156\">\n\t\t<div class=\"bg section-bg fill bg-fill  bg-loaded\" >\n\n\t\t\t\n\t\t\t\n\t\t\t\n\n\t\t<\/div>\n\n\t\t\n\n\t\t<div class=\"section-content relative\">\n\t\t\t\n\t<div id=\"text-3133813057\" class=\"text\">\n\t\t\n<h2>Prezentacija LILIAN sustava za analizu vode<\/h2>\n<p>LILIAN sustav za analizu vode mjeri pH, klor, alkalnost i mnoge druge parametre.<\/p>\n<p>U usporedbi s klasi\u010dnim fotometrima, puno ste br\u017ei, a sve se obavlja pritiskom na gumb bez pripreme uzorka.<\/p>\n<p>Pogledajte &#8230;<br \/>\n\t\t\n<style>\n#text-3133813057 {\n  text-align: center;\n}\n<\/style>\n\t<\/div>\n\t\n<div class=\"row\"  id=\"row-1233820960\">\n\n\t<div id=\"col-23975702\" class=\"col hide-for-medium medium-3 small-12 large-3\"  >\n\t\t\t\t<div class=\"col-inner\"  >\n\t\t\t\n\t\t\t\n\t\t<\/div>\n\t\t\t\t\t<\/div>\n\n\t\n\n\t<div id=\"col-1718519542\" class=\"col medium-12 small-12 large-6\"  >\n\t\t\t\t<div class=\"col-inner\"  >\n\t\t\t\n\t\t\t\n<div class=\"video video-fit mb\" style=\"padding-top:56.25%;\"><p><iframe loading=\"lazy\" title=\"Water analysis fast and easy in your hands\" width=\"1020\" height=\"574\" src=\"https:\/\/www.youtube.com\/embed\/oyFmZxsN0tA?feature=oembed\" frameborder=\"0\" allow=\"accelerometer; autoplay; clipboard-write; encrypted-media; gyroscope; picture-in-picture; web-share\" referrerpolicy=\"strict-origin-when-cross-origin\" allowfullscreen><\/iframe><\/p>\n<\/div>\n\t\t<\/div>\n\t\t\t\t\t<\/div>\n\n\t\n\n\t<div id=\"col-889259432\" class=\"col hide-for-medium medium-3 small-12 large-3\"  >\n\t\t\t\t<div class=\"col-inner\"  >\n\t\t\t\n\t\t\t\n\t\t<\/div>\n\t\t\t\t\t<\/div>\n\n\t\n\n<style>\n#row-1233820960 > .col > .col-inner {\n  padding: 3em 0px 0px 0px;\n}\n<\/style>\n<\/div>\n\t\t<\/div>\n\n\t\t\n<style>\n#section_1786121156 {\n  padding-top: 0px;\n  padding-bottom: 0px;\n  min-height: 600px;\n  background-color: rgb(221, 239, 239);\n}\n@media (min-width:550px) {\n  #section_1786121156 {\n    padding-top: 30px;\n    padding-bottom: 30px;\n    min-height: 800px;\n  }\n}\n<\/style>\n\t<\/section>\n\t\n<div class=\"row align-middle\"  id=\"row-601306268\">\n\n\t<div id=\"col-191645941\" class=\"col medium-6 small-12 large-6\"  >\n\t\t\t\t<div class=\"col-inner\"  >\n\t\t\t\n\t\t\t\n\t<div id=\"text-2772940250\" class=\"text\">\n\t\t\n<h2>Reagirajte brzo kada je potrebno<\/h2>\n\t\t\n<style>\n#text-2772940250 {\n  text-align: center;\n}\n<\/style>\n\t<\/div>\n\t\n<div class=\"is-divider divider clearfix\" style=\"max-width:100%;\"><\/div>\n<p>U LILIAN Manageru imate potpuni pregled kvalitete vode na svim mjernim mjestima.<\/p>\n<p>Samo nekoliko sekundi nakon \u0161to LILIAN ru\u010dni ure\u0111aj odredi kvalitetu va\u0161e vode, va\u0161e vrijednosti se pojavljuju u LILIAN Manageru. Rezultati mjerenja se ne samo pohranjuju, ve\u0107 se automatski provjerava jesu li prekora\u010dene grani\u010dne vrijednosti koje ste odredili. U slu\u010daju problemati\u010dnih vrijednosti mjerenja, mo\u017eete brzo i prakti\u010dno kontaktirati svoje lokalne kontakte putem softvera.<\/p>\n<p>To vam pru\u017ea potpunu dokumentaciju o tome kada i u kojem trenutku tko je \u0161to mjerio, te mo\u017eete odmah intervenirati ako je potrebno.<\/p>\n\t<div id=\"gap-233953805\" class=\"gap-element clearfix\" style=\"display:block; height:auto;\">\n\t\t\n<style>\n#gap-233953805 {\n  padding-top: 30px;\n}\n<\/style>\n\t<\/div>\n\t\n\t<div id=\"gap-958967758\" class=\"gap-element clearfix\" style=\"display:block; height:auto;\">\n\t\t\n<style>\n#gap-958967758 {\n  padding-top: 30px;\n}\n<\/style>\n\t<\/div>\n\t\n\t\t<\/div>\n\t\t\t\t\t<\/div>\n\n\t\n\n\t<div id=\"col-944664195\" class=\"col medium-6 small-12 large-6\"  >\n\t\t\t\t<div class=\"col-inner\"  >\n\t\t\t\n\t\t\t\n\t<div class=\"img has-hover x md-x lg-x y md-y lg-y\" id=\"image_1167871739\">\n\t\t\t\t\t\t\t\t<div class=\"img-inner dark\" >\n\t\t\t<img loading=\"lazy\" decoding=\"async\" width=\"1000\" height=\"667\" src=\"https:\/\/vode.hr\/wp-content\/uploads\/2025\/07\/DSC01052M.png\" class=\"attachment-original size-original\" alt=\"\" srcset=\"https:\/\/vode.hr\/wp-content\/uploads\/2025\/07\/DSC01052M.png 1000w, https:\/\/vode.hr\/wp-content\/uploads\/2025\/07\/DSC01052M-300x200.png 300w, https:\/\/vode.hr\/wp-content\/uploads\/2025\/07\/DSC01052M-768x512.png 768w, https:\/\/vode.hr\/wp-content\/uploads\/2025\/07\/DSC01052M-650x434.png 650w\" sizes=\"(max-width: 1000px) 100vw, 1000px\" \/>\t\t\t\t\t\t\n\t\t\t\t\t<\/div>\n\t\t\t\t\t\t\t\t\n<style>\n#image_1167871739 {\n  width: 100%;\n}\n<\/style>\n\t<\/div>\n\t\n\t\t<\/div>\n\t\t\t\t\t<\/div>\n\n\t\n\n<style>\n#row-601306268 > .col > .col-inner {\n  padding: 2em 0px 0px 0px;\n}\n<\/style>\n<\/div>\n","protected":false},"excerpt":{"rendered":"<p>LILIAN sustav postavlja nove standarde u analizi vode. S najsuvremenijom tehnologijom mjerenja i aplikacijom za pametne telefone, neophodan je za sve koji \u017eele jednostavno, to\u010dno i brzo odrediti kvalitetu vode te je digitalno dokumentirati.<\/p>\n<p><strong>Svi parametri vode u samo jednom mjerenju:<\/strong><\/p>\n<ul>\n<li>pH vrijednost<\/li>\n<li>Slobodni klor<\/li>\n<li>Vezani klor<\/li>\n<li>Ukupni klor<\/li>\n<li>Alkalitet<\/li>\n<\/ul>\n<p><strong>Tako\u0111er je mogu\u0107e mjeriti:<\/strong><\/p>\n<ul>\n<li>Brom<\/li>\n<li>Klor dioksid<\/li>\n<\/ul>\n<p>Mjerenje se provodi u skladu s normama <strong>DIN 19643<\/strong> i <strong>ISO 7393-2<\/strong>.<\/p>\n","protected":false},"featured_media":1265,"template":"","meta":[],"product_cat":[113],"product_tag":[288],"class_list":["post-1258","product","type-product","status-publish","has-post-thumbnail","hentry","product_cat-rucni-uredaji-za-mjerenje-kvalitete-vode","product_tag-lilian"],"yoast_head":"<!-- This site is optimized with the Yoast SEO plugin v25.0 - https:\/\/yoast.com\/wordpress\/plugins\/seo\/ -->\n<title>Sustav za analizu vode-napredna analiza vode, mjerenje pH, Cl, Br, ClO2, Lilian - Vode.hr<\/title>\n<meta name=\"description\" content=\"LILIAN sustav postavlja nove standarde u analizi vode. S najsuvremenijom tehnologijom mjerenja i aplikacijom za pametne telefone, neophodan je za sve koji \u017eele jednostavno, to\u010dno i brzo odrediti kvalitetu vode te je digitalno dokumentirati.  Svi parametri vode u samo jednom mjerenju:   pH vrijednost  Slobodni klor  Vezani klor  Ukupni klor  Alkalitet  Tako\u0111er je mogu\u0107e mjeriti:   Brom  Klor dioksid  Mjerenje se provodi u skladu s normama DIN 19643 i ISO 7393-2.\" \/>\n<meta name=\"robots\" content=\"index, follow, max-snippet:-1, max-image-preview:large, max-video-preview:-1\" \/>\n<link rel=\"canonical\" href=\"https:\/\/vode.hr\/bs\/proizvod\/sustav-za-naprednu-analizu-vode-lilian\/\" \/>\n<meta property=\"og:locale\" content=\"bs_BA\" \/>\n<meta property=\"og:type\" content=\"article\" \/>\n<meta property=\"og:title\" content=\"Sustav za analizu vode-napredna analiza vode, mjerenje pH, Cl, Br, ClO2, Lilian - Vode.hr\" \/>\n<meta property=\"og:description\" content=\"LILIAN sustav postavlja nove standarde u analizi vode. S najsuvremenijom tehnologijom mjerenja i aplikacijom za pametne telefone, neophodan je za sve koji \u017eele jednostavno, to\u010dno i brzo odrediti kvalitetu vode te je digitalno dokumentirati.  Svi parametri vode u samo jednom mjerenju:   pH vrijednost  Slobodni klor  Vezani klor  Ukupni klor  Alkalitet  Tako\u0111er je mogu\u0107e mjeriti:   Brom  Klor dioksid  Mjerenje se provodi u skladu s normama DIN 19643 i ISO 7393-2.\" \/>\n<meta property=\"og:url\" content=\"https:\/\/vode.hr\/bs\/proizvod\/sustav-za-naprednu-analizu-vode-lilian\/\" \/>\n<meta property=\"og:site_name\" content=\"Vode.hr\" \/>\n<meta property=\"article:publisher\" content=\"https:\/\/www.facebook.com\/vode.hr\" \/>\n<meta property=\"article:modified_time\" content=\"2025-10-24T09:01:19+00:00\" \/>\n<meta property=\"og:image\" content=\"http:\/\/vode.hr\/wp-content\/uploads\/2023\/04\/Digitalni-mjerac-kvalitete-vode-ProSolo-1000-fb.jpg\" \/>\n\t<meta property=\"og:image:width\" content=\"400\" \/>\n\t<meta property=\"og:image:height\" content=\"400\" \/>\n\t<meta property=\"og:image:type\" content=\"image\/jpeg\" \/>\n<meta name=\"twitter:card\" content=\"summary_large_image\" \/>\n<meta name=\"twitter:label1\" content=\"Est. reading time\" \/>\n\t<meta name=\"twitter:data1\" content=\"3 minute\" \/>\n<script type=\"application\/ld+json\" class=\"yoast-schema-graph\">{\"@context\":\"https:\/\/schema.org\",\"@graph\":[{\"@type\":[\"WebPage\",\"ItemPage\"],\"@id\":\"https:\/\/vode.hr\/bs\/proizvod\/sustav-za-naprednu-analizu-vode-lilian\/\",\"url\":\"https:\/\/vode.hr\/bs\/proizvod\/sustav-za-naprednu-analizu-vode-lilian\/\",\"name\":\"Sustav za analizu vode-napredna analiza vode, mjerenje pH, Cl, Br, ClO2, Lilian - Vode.hr\",\"isPartOf\":{\"@id\":\"https:\/\/vode.hr\/bs\/#website\"},\"primaryImageOfPage\":{\"@id\":\"https:\/\/vode.hr\/bs\/proizvod\/sustav-za-naprednu-analizu-vode-lilian\/#primaryimage\"},\"image\":{\"@id\":\"https:\/\/vode.hr\/bs\/proizvod\/sustav-za-naprednu-analizu-vode-lilian\/#primaryimage\"},\"thumbnailUrl\":\"https:\/\/vode.hr\/wp-content\/uploads\/2025\/07\/20240820_5R_7891M.jpg\",\"datePublished\":\"2025-07-03T07:45:37+00:00\",\"dateModified\":\"2025-10-24T09:01:19+00:00\",\"description\":\"LILIAN sustav postavlja nove standarde u analizi vode. S najsuvremenijom tehnologijom mjerenja i aplikacijom za pametne telefone, neophodan je za sve koji \u017eele jednostavno, to\u010dno i brzo odrediti kvalitetu vode te je digitalno dokumentirati. Svi parametri vode u samo jednom mjerenju: pH vrijednost Slobodni klor Vezani klor Ukupni klor Alkalitet Tako\u0111er je mogu\u0107e mjeriti: Brom Klor dioksid Mjerenje se provodi u skladu s normama DIN 19643 i ISO 7393-2.\",\"breadcrumb\":{\"@id\":\"https:\/\/vode.hr\/bs\/proizvod\/sustav-za-naprednu-analizu-vode-lilian\/#breadcrumb\"},\"inLanguage\":\"bs-BA\",\"potentialAction\":[{\"@type\":\"ReadAction\",\"target\":[\"https:\/\/vode.hr\/bs\/proizvod\/sustav-za-naprednu-analizu-vode-lilian\/\"]}]},{\"@type\":\"ImageObject\",\"inLanguage\":\"bs-BA\",\"@id\":\"https:\/\/vode.hr\/bs\/proizvod\/sustav-za-naprednu-analizu-vode-lilian\/#primaryimage\",\"url\":\"https:\/\/vode.hr\/wp-content\/uploads\/2025\/07\/20240820_5R_7891M.jpg\",\"contentUrl\":\"https:\/\/vode.hr\/wp-content\/uploads\/2025\/07\/20240820_5R_7891M.jpg\",\"width\":667,\"height\":1000},{\"@type\":\"BreadcrumbList\",\"@id\":\"https:\/\/vode.hr\/bs\/proizvod\/sustav-za-naprednu-analizu-vode-lilian\/#breadcrumb\",\"itemListElement\":[{\"@type\":\"ListItem\",\"position\":1,\"name\":\"Po\u010detna stranica\",\"item\":\"https:\/\/vode.hr\/bs\/\"},{\"@type\":\"ListItem\",\"position\":2,\"name\":\"Trgovina\",\"item\":\"https:\/\/vode.hr\/trgovina\/\"},{\"@type\":\"ListItem\",\"position\":3,\"name\":\"Sustav za analizu vode-napredna analiza vode, mjerenje pH, Cl, Br, ClO2, Lilian\"}]},{\"@type\":\"WebSite\",\"@id\":\"https:\/\/vode.hr\/bs\/#website\",\"url\":\"https:\/\/vode.hr\/bs\/\",\"name\":\"Vode.hr\",\"description\":\"Mjerenje kvalitete voda, dezinfekcija vode i ure\u0111aji za mjerenje uvjeta u okoli\u0161u\",\"publisher\":{\"@id\":\"https:\/\/vode.hr\/bs\/#organization\"},\"potentialAction\":[{\"@type\":\"SearchAction\",\"target\":{\"@type\":\"EntryPoint\",\"urlTemplate\":\"https:\/\/vode.hr\/bs\/?s={search_term_string}\"},\"query-input\":{\"@type\":\"PropertyValueSpecification\",\"valueRequired\":true,\"valueName\":\"search_term_string\"}}],\"inLanguage\":\"bs-BA\"},{\"@type\":\"Organization\",\"@id\":\"https:\/\/vode.hr\/bs\/#organization\",\"name\":\"Primotronic d.o.o.\",\"url\":\"https:\/\/vode.hr\/bs\/\",\"logo\":{\"@type\":\"ImageObject\",\"inLanguage\":\"bs-BA\",\"@id\":\"https:\/\/vode.hr\/bs\/#\/schema\/logo\/image\/\",\"url\":\"http:\/\/vode.hr\/wp-content\/uploads\/2023\/04\/vode-1.png\",\"contentUrl\":\"http:\/\/vode.hr\/wp-content\/uploads\/2023\/04\/vode-1.png\",\"width\":300,\"height\":99,\"caption\":\"Primotronic d.o.o.\"},\"image\":{\"@id\":\"https:\/\/vode.hr\/bs\/#\/schema\/logo\/image\/\"},\"sameAs\":[\"https:\/\/www.facebook.com\/vode.hr\"]}]}<\/script>\n<!-- \/ Yoast SEO plugin. -->","yoast_head_json":{"title":"Sustav za analizu vode-napredna analiza vode, mjerenje pH, Cl, Br, ClO2, Lilian - Vode.hr","description":"LILIAN sustav postavlja nove standarde u analizi vode. S najsuvremenijom tehnologijom mjerenja i aplikacijom za pametne telefone, neophodan je za sve koji \u017eele jednostavno, to\u010dno i brzo odrediti kvalitetu vode te je digitalno dokumentirati.  Svi parametri vode u samo jednom mjerenju:   pH vrijednost  Slobodni klor  Vezani klor  Ukupni klor  Alkalitet  Tako\u0111er je mogu\u0107e mjeriti:   Brom  Klor dioksid  Mjerenje se provodi u skladu s normama DIN 19643 i ISO 7393-2.","robots":{"index":"index","follow":"follow","max-snippet":"max-snippet:-1","max-image-preview":"max-image-preview:large","max-video-preview":"max-video-preview:-1"},"canonical":"https:\/\/vode.hr\/bs\/proizvod\/sustav-za-naprednu-analizu-vode-lilian\/","og_locale":"bs_BA","og_type":"article","og_title":"Sustav za analizu vode-napredna analiza vode, mjerenje pH, Cl, Br, ClO2, Lilian - Vode.hr","og_description":"LILIAN sustav postavlja nove standarde u analizi vode. S najsuvremenijom tehnologijom mjerenja i aplikacijom za pametne telefone, neophodan je za sve koji \u017eele jednostavno, to\u010dno i brzo odrediti kvalitetu vode te je digitalno dokumentirati.  Svi parametri vode u samo jednom mjerenju:   pH vrijednost  Slobodni klor  Vezani klor  Ukupni klor  Alkalitet  Tako\u0111er je mogu\u0107e mjeriti:   Brom  Klor dioksid  Mjerenje se provodi u skladu s normama DIN 19643 i ISO 7393-2.","og_url":"https:\/\/vode.hr\/bs\/proizvod\/sustav-za-naprednu-analizu-vode-lilian\/","og_site_name":"Vode.hr","article_publisher":"https:\/\/www.facebook.com\/vode.hr","article_modified_time":"2025-10-24T09:01:19+00:00","og_image":[{"width":400,"height":400,"url":"http:\/\/vode.hr\/wp-content\/uploads\/2023\/04\/Digitalni-mjerac-kvalitete-vode-ProSolo-1000-fb.jpg","type":"image\/jpeg"}],"twitter_card":"summary_large_image","twitter_misc":{"Est. reading time":"3 minute"},"schema":{"@context":"https:\/\/schema.org","@graph":[{"@type":["WebPage","ItemPage"],"@id":"https:\/\/vode.hr\/bs\/proizvod\/sustav-za-naprednu-analizu-vode-lilian\/","url":"https:\/\/vode.hr\/bs\/proizvod\/sustav-za-naprednu-analizu-vode-lilian\/","name":"Sustav za analizu vode-napredna analiza vode, mjerenje pH, Cl, Br, ClO2, Lilian - Vode.hr","isPartOf":{"@id":"https:\/\/vode.hr\/bs\/#website"},"primaryImageOfPage":{"@id":"https:\/\/vode.hr\/bs\/proizvod\/sustav-za-naprednu-analizu-vode-lilian\/#primaryimage"},"image":{"@id":"https:\/\/vode.hr\/bs\/proizvod\/sustav-za-naprednu-analizu-vode-lilian\/#primaryimage"},"thumbnailUrl":"https:\/\/vode.hr\/wp-content\/uploads\/2025\/07\/20240820_5R_7891M.jpg","datePublished":"2025-07-03T07:45:37+00:00","dateModified":"2025-10-24T09:01:19+00:00","description":"LILIAN sustav postavlja nove standarde u analizi vode. S najsuvremenijom tehnologijom mjerenja i aplikacijom za pametne telefone, neophodan je za sve koji \u017eele jednostavno, to\u010dno i brzo odrediti kvalitetu vode te je digitalno dokumentirati. Svi parametri vode u samo jednom mjerenju: pH vrijednost Slobodni klor Vezani klor Ukupni klor Alkalitet Tako\u0111er je mogu\u0107e mjeriti: Brom Klor dioksid Mjerenje se provodi u skladu s normama DIN 19643 i ISO 7393-2.","breadcrumb":{"@id":"https:\/\/vode.hr\/bs\/proizvod\/sustav-za-naprednu-analizu-vode-lilian\/#breadcrumb"},"inLanguage":"bs-BA","potentialAction":[{"@type":"ReadAction","target":["https:\/\/vode.hr\/bs\/proizvod\/sustav-za-naprednu-analizu-vode-lilian\/"]}]},{"@type":"ImageObject","inLanguage":"bs-BA","@id":"https:\/\/vode.hr\/bs\/proizvod\/sustav-za-naprednu-analizu-vode-lilian\/#primaryimage","url":"https:\/\/vode.hr\/wp-content\/uploads\/2025\/07\/20240820_5R_7891M.jpg","contentUrl":"https:\/\/vode.hr\/wp-content\/uploads\/2025\/07\/20240820_5R_7891M.jpg","width":667,"height":1000},{"@type":"BreadcrumbList","@id":"https:\/\/vode.hr\/bs\/proizvod\/sustav-za-naprednu-analizu-vode-lilian\/#breadcrumb","itemListElement":[{"@type":"ListItem","position":1,"name":"Po\u010detna stranica","item":"https:\/\/vode.hr\/bs\/"},{"@type":"ListItem","position":2,"name":"Trgovina","item":"https:\/\/vode.hr\/trgovina\/"},{"@type":"ListItem","position":3,"name":"Sustav za analizu vode-napredna analiza vode, mjerenje pH, Cl, Br, ClO2, Lilian"}]},{"@type":"WebSite","@id":"https:\/\/vode.hr\/bs\/#website","url":"https:\/\/vode.hr\/bs\/","name":"Vode.hr","description":"Mjerenje kvalitete voda, dezinfekcija vode i ure\u0111aji za mjerenje uvjeta u okoli\u0161u","publisher":{"@id":"https:\/\/vode.hr\/bs\/#organization"},"potentialAction":[{"@type":"SearchAction","target":{"@type":"EntryPoint","urlTemplate":"https:\/\/vode.hr\/bs\/?s={search_term_string}"},"query-input":{"@type":"PropertyValueSpecification","valueRequired":true,"valueName":"search_term_string"}}],"inLanguage":"bs-BA"},{"@type":"Organization","@id":"https:\/\/vode.hr\/bs\/#organization","name":"Primotronic d.o.o.","url":"https:\/\/vode.hr\/bs\/","logo":{"@type":"ImageObject","inLanguage":"bs-BA","@id":"https:\/\/vode.hr\/bs\/#\/schema\/logo\/image\/","url":"http:\/\/vode.hr\/wp-content\/uploads\/2023\/04\/vode-1.png","contentUrl":"http:\/\/vode.hr\/wp-content\/uploads\/2023\/04\/vode-1.png","width":300,"height":99,"caption":"Primotronic d.o.o."},"image":{"@id":"https:\/\/vode.hr\/bs\/#\/schema\/logo\/image\/"},"sameAs":["https:\/\/www.facebook.com\/vode.hr"]}]}},"_links":{"self":[{"href":"https:\/\/vode.hr\/bs\/wp-json\/wp\/v2\/product\/1258"}],"collection":[{"href":"https:\/\/vode.hr\/bs\/wp-json\/wp\/v2\/product"}],"about":[{"href":"https:\/\/vode.hr\/bs\/wp-json\/wp\/v2\/types\/product"}],"wp:featuredmedia":[{"embeddable":true,"href":"https:\/\/vode.hr\/bs\/wp-json\/wp\/v2\/media\/1265"}],"wp:attachment":[{"href":"https:\/\/vode.hr\/bs\/wp-json\/wp\/v2\/media?parent=1258"}],"wp:term":[{"taxonomy":"product_cat","embeddable":true,"href":"https:\/\/vode.hr\/bs\/wp-json\/wp\/v2\/product_cat?post=1258"},{"taxonomy":"product_tag","embeddable":true,"href":"https:\/\/vode.hr\/bs\/wp-json\/wp\/v2\/product_tag?post=1258"}],"curies":[{"name":"wp","href":"https:\/\/api.w.org\/{rel}","templated":true}]}}