{"id":1309,"date":"2025-10-22T13:01:42","date_gmt":"2025-10-22T11:01:42","guid":{"rendered":"https:\/\/vode.hr\/?post_type=product&#038;p=1309"},"modified":"2025-10-24T10:56:56","modified_gmt":"2025-10-24T08:56:56","slug":"modmag-uredaj-za-terensku-provjeru-badger-meter","status":"publish","type":"product","link":"https:\/\/vode.hr\/bs\/proizvod\/modmag-uredaj-za-terensku-provjeru-badger-meter\/","title":{"rendered":"ModMAG\u00ae Ure\u0111aj za terensku provjeru, Badger meter"},"content":{"rendered":"<div class=\"row\"  id=\"row-1667765932\">\n\n\t<div id=\"col-386456855\" class=\"col small-12 large-12\"  >\n\t\t\t\t<div class=\"col-inner\"  >\n\t\t\t\n\t\t\t\n\t<div id=\"text-3929997669\" class=\"text\">\n\t\t\n<h2>ModMAG\u00ae M2000 elektromagnetski mjera\u010d protoka ima \u0161irok izbor materijala obloge i elektroda kako bi se osigurala maksimalna kompatibilnost i minimalno odr\u017eavanje tijekom dugog radnog razdoblja.<\/h2>\n\t\t\n<style>\n#text-3929997669 {\n  font-size: 1.3rem;\n  text-align: center;\n}\n<\/style>\n\t<\/div>\n\t\n\t<div id=\"text-1016736567\" class=\"text\">\n\t\t\n\t\t\n<style>\n#text-1016736567 {\n  font-size: 0.9rem;\n  text-align: center;\n}\n<\/style>\n\t<\/div>\n\t\n\t\t<\/div>\n\t\t\t\t\t<\/div>\n\n\t\n\n<style>\n#row-1667765932 > .col > .col-inner {\n  padding: 3em 0px 0px 0px;\n}\n<\/style>\n<\/div>\n\t<section class=\"section\" id=\"section_1701685525\">\n\t\t<div class=\"bg section-bg fill bg-fill  bg-loaded\" >\n\n\t\t\t\n\t\t\t\n\t\t\t\n\n\t\t<\/div>\n\n\t\t\n\n\t\t<div class=\"section-content relative\">\n\t\t\t\n<div class=\"row align-middle\"  id=\"row-862029936\">\n\n\t<div id=\"col-897006661\" class=\"col medium-6 small-12 large-6\"  >\n\t\t\t\t<div class=\"col-inner\"  >\n\t\t\t\n\t\t\t\n\t<div id=\"text-4091427694\" class=\"text\">\n\t\t\n\t\t\n<style>\n#text-4091427694 {\n  text-align: center;\n}\n<\/style>\n\t<\/div>\n\t\n<div class=\"is-divider divider clearfix\" style=\"max-width:100%;\"><\/div>\n<ul>\n<li>Strogi standardi to\u010dnosti. Ima sofisticiranu pretvorbu signala temeljenu na procesoru s to\u010dno\u0161\u0107u od \u00b10,20% brzine \u00b11 mm\/s s odgovaraju\u0107im ravnim tokom.<\/li>\n<li>Pru\u017ea to\u010dnost od \u00b11% bez potrebnog ravnog tokom u primjenama s ograni\u010denim prostorom.<\/li>\n<li>Pobolj\u0161ane podatkovne to\u010dke. Nudi BACnet MS\/TP komunikacijski protokol, osiguravaju\u0107i besprijekornu integraciju sa sustavima upravljanja zgradama (BMS), i prvi je linijski elektromagnetski mjera\u010d punog promjera koji je zavr\u0161io program certifikacije BACnet Testing Laboratories (BTL).<\/li>\n<li>Svestranost primjene. Mjeri vodu, otpadne vode, teku\u0107ine na bazi vode i druge teku\u0107ine s minimalnom elektri\u010dnom vodljivo\u0161\u0107u, \u0161to ga \u010dini prikladnim za \u0161irok raspon primjena.<\/li>\n<\/ul>\n\t\t<\/div>\n\t\t\t\t\n<style>\n#col-897006661 > .col-inner {\n  padding: 2em 1em 0px 1em;\n}\n@media (min-width:550px) {\n  #col-897006661 > .col-inner {\n    padding: 0px 0px 0px 2em;\n  }\n}\n<\/style>\n\t<\/div>\n\n\t\n\n\t<div id=\"col-1838342356\" class=\"col medium-6 small-12 large-6\"  >\n\t\t\t\t<div class=\"col-inner\"  >\n\t\t\t\n\t\t\t\n\t<div class=\"img has-hover x md-x lg-x y md-y lg-y\" id=\"image_138481976\">\n\t\t\t\t\t\t\t\t<div class=\"img-inner dark\" style=\"margin:0px 0px 0px 0px;\">\n\t\t\t<img loading=\"lazy\" decoding=\"async\" width=\"500\" height=\"500\" src=\"https:\/\/vode.hr\/wp-content\/uploads\/2025\/10\/SKUPNA.png\" class=\"attachment-original size-original\" alt=\"\" srcset=\"https:\/\/vode.hr\/wp-content\/uploads\/2025\/10\/SKUPNA.png 500w, https:\/\/vode.hr\/wp-content\/uploads\/2025\/10\/SKUPNA-300x300.png 300w, https:\/\/vode.hr\/wp-content\/uploads\/2025\/10\/SKUPNA-150x150.png 150w, https:\/\/vode.hr\/wp-content\/uploads\/2025\/10\/SKUPNA-370x370.png 370w, https:\/\/vode.hr\/wp-content\/uploads\/2025\/10\/SKUPNA-100x100.png 100w\" sizes=\"(max-width: 500px) 100vw, 500px\" \/>\t\t\t\t\t\t\n\t\t\t\t\t<\/div>\n\t\t\t\t\t\t\t\t\n<style>\n#image_138481976 {\n  width: 100%;\n}\n<\/style>\n\t<\/div>\n\t\n\t\t<\/div>\n\t\t\t\t\t<\/div>\n\n\t\n<\/div>\n\t\t<\/div>\n\n\t\t\n<style>\n#section_1701685525 {\n  padding-top: 0px;\n  padding-bottom: 0px;\n  background-color: rgb(221, 239, 239);\n}\n<\/style>\n\t<\/section>\n\t\n<div class=\"row align-middle\"  id=\"row-1260118691\">\n\n\t<div id=\"col-90063119\" class=\"col medium-6 small-12 large-6\"  >\n\t\t\t\t<div class=\"col-inner\"  >\n\t\t\t\n\t\t\t\n\t<div class=\"img has-hover x md-x lg-x y md-y lg-y\" id=\"image_1538670652\">\n\t\t\t\t\t\t\t\t<div class=\"img-inner dark\" >\n\t\t\t<img loading=\"lazy\" decoding=\"async\" width=\"600\" height=\"400\" src=\"https:\/\/vode.hr\/wp-content\/uploads\/2025\/10\/HVAC_shutterstock_1741149554.jpg\" class=\"attachment-original size-original\" alt=\"\" srcset=\"https:\/\/vode.hr\/wp-content\/uploads\/2025\/10\/HVAC_shutterstock_1741149554.jpg 600w, https:\/\/vode.hr\/wp-content\/uploads\/2025\/10\/HVAC_shutterstock_1741149554-300x200.jpg 300w\" sizes=\"(max-width: 600px) 100vw, 600px\" \/>\t\t\t\t\t\t\n\t\t\t\t\t<\/div>\n\t\t\t\t\t\t\t\t\n<style>\n#image_1538670652 {\n  width: 100%;\n}\n<\/style>\n\t<\/div>\n\t\n\t\t<\/div>\n\t\t\t\t\t<\/div>\n\n\t\n\n\t<div id=\"col-1650050171\" class=\"col medium-6 small-12 large-6 small-col-first\"  >\n\t\t\t\t<div class=\"col-inner\"  >\n\t\t\t\n\t\t\t\n\t<div id=\"text-1711820024\" class=\"text\">\n\t\t\n<h2>Podru\u010dja primjene:<\/h2>\n<p>Industrijski procesi<\/p>\n<p>Kori\u0161tenje otpada<\/p>\n<p>HVAC<\/p>\n<p>Industerija nafte i plina<\/p>\n<p>Industrijska predobrada<\/p>\n<p>Pro\u010di\u0161\u0107avanje otpadnih voda<\/p>\n<p>Upravljanje postrojenjima<br \/>\n\t\t\n<style>\n#text-1711820024 {\n  text-align: center;\n}\n<\/style>\n\t<\/div>\n\t\n\t\t<\/div>\n\t\t\t\t\t<\/div>\n\n\t\n\n<style>\n#row-1260118691 > .col > .col-inner {\n  padding: 2em 0px 0px 0px;\n}\n<\/style>\n<\/div>\n\t<section class=\"section\" id=\"section_1774329625\">\n\t\t<div class=\"bg section-bg fill bg-fill  bg-loaded\" >\n\n\t\t\t\n\t\t\t\n\t\t\t\n\n\t\t<\/div>\n\n\t\t\n\n\t\t<div class=\"section-content relative\">\n\t\t\t\n\t<div id=\"text-4047317967\" class=\"text\">\n\t\t\n<h2>ModMAG\u00ae M2000-Elektromagnetski mjera\u010d protoka-animacija<\/h2>\n<h2>\t\t\n<style>\n#text-4047317967 {\n  text-align: center;\n}\n<\/style>\n\t<\/div>\n\t\n<div class=\"row\"  id=\"row-1803224452\"><\/h2>\n\n\t<div id=\"col-153627346\" class=\"col hide-for-medium medium-3 small-12 large-3\"  >\n\t\t\t\t<div class=\"col-inner\"  >\n\t\t\t\n\t\t\t\n\t\t<\/div>\n\t\t\t\t\t<\/div>\n\n\t\n\n\t<div id=\"col-1112637183\" class=\"col medium-12 small-12 large-6\"  >\n\t\t\t\t<div class=\"col-inner\"  >\n\t\t\t\n\t\t\t\n<div class=\"video video-fit mb\" style=\"padding-top:56.25%;\"><p><iframe loading=\"lazy\" title=\"ModMAG\u00ae Electromagnetic Flow Meters Animation | Badger Meter\" width=\"1020\" height=\"765\" src=\"https:\/\/www.youtube.com\/embed\/tRnLTGsCBNM?feature=oembed\" frameborder=\"0\" allow=\"accelerometer; autoplay; clipboard-write; encrypted-media; gyroscope; picture-in-picture; web-share\" referrerpolicy=\"strict-origin-when-cross-origin\" allowfullscreen><\/iframe><\/p>\n<\/div>\n\t\t<\/div>\n\t\t\t\t\t<\/div>\n\n\t\n\n\t<div id=\"col-1449086548\" class=\"col hide-for-medium medium-3 small-12 large-3\"  >\n\t\t\t\t<div class=\"col-inner\"  >\n\t\t\t\n\t\t\t\n\t\t<\/div>\n\t\t\t\t\t<\/div>\n\n\t\n\n<style>\n#row-1803224452 > .col > .col-inner {\n  padding: 3em 0px 0px 0px;\n}\n<\/style>\n<\/div>\n\t\t<\/div>\n\n\t\t\n<style>\n#section_1774329625 {\n  padding-top: 0px;\n  padding-bottom: 0px;\n  min-height: 600px;\n  background-color: rgb(221, 239, 239);\n}\n@media (min-width:550px) {\n  #section_1774329625 {\n    padding-top: 30px;\n    padding-bottom: 30px;\n    min-height: 800px;\n  }\n}\n<\/style>\n\t<\/section>\n\t\n<div class=\"row align-middle\"  id=\"row-679235200\">\n\n\t<div id=\"col-61902441\" class=\"col medium-6 small-12 large-6\"  >\n\t\t\t\t<div class=\"col-inner\"  >\n\t\t\t\n\t\t\t\n\t<div id=\"text-2481456817\" class=\"text\">\n\t\t\n<h2><\/h2>\n\t\t\n<style>\n#text-2481456817 {\n  text-align: center;\n}\n<\/style>\n\t<\/div>\n\t\n<p>&nbsp;<\/p>\n\t\t<\/div>\n\t\t\t\t\t<\/div>\n\n\t\n\n<style>\n#row-679235200 > .col > .col-inner {\n  padding: 2em 0px 0px 0px;\n}\n<\/style>\n<\/div>\n","protected":false},"excerpt":{"rendered":"<p>Dizajniran za uporabu s mjera\u010dima ModMAG\u00ae M1000, M2000 i M5000, ovaj ru\u010dni ure\u0111aj omogu\u0107uje vam izvo\u0111enje niza terenskih provjera i analiti\u010dkih testova performansi na licu mjesta, za manje od 20 minuta.<\/p>\n<ul>\n<li>Dimenzije &#8211; 210 \u00d7 102 \u00d7 39 mm<\/li>\n<li>Te\u017eina &#8211; 450 g<\/li>\n<li>Zaslon &#8211; LCD s pozadinskim osvjetljenjem | Rezolucija = 240 \u00d7 128 piksela, vidljivo podru\u010dje 38 \u00d7 72 mm<\/li>\n<li>Baterija &#8211; punjiva unutarnja Li-pol baterija s vremenom punjenja od \u010detiri sata (USB ili AC-sten) ili dva sata (automobilski adapter)<\/li>\n<\/ul>\n<p>&nbsp;<\/p>\n","protected":false},"featured_media":1310,"template":"","meta":[],"product_cat":[17,113,18],"product_tag":[295,290],"class_list":["post-1309","product","type-product","status-publish","has-post-thumbnail","hentry","product_cat-ispitivanje-i-mjerenje-kvalitete-vode","product_cat-rucni-uredaji-za-mjerenje-kvalitete-vode","product_cat-nadzor-uvjeta-u-okolisu","product_tag-badger-meter","product_tag-m2000"],"yoast_head":"<!-- This site is optimized with the Yoast SEO plugin v25.0 - https:\/\/yoast.com\/wordpress\/plugins\/seo\/ -->\n<title>ModMAG\u00ae Ure\u0111aj za terensku provjeru, Badger meter - Vode.hr<\/title>\n<meta name=\"description\" content=\"Dizajniran za uporabu s mjera\u010dima ModMAG\u00ae M1000, M2000 i M5000, ovaj ru\u010dni ure\u0111aj omogu\u0107uje vam izvo\u0111enje niza terenskih provjera i analiti\u010dkih testova performansi na licu mjesta, za manje od 20 minuta.   Dimenzije - 210 \u00d7 102 \u00d7 39 mm  Te\u017eina - 450 g  Zaslon - LCD s pozadinskim osvjetljenjem | Rezolucija = 240 \u00d7 128 piksela, vidljivo podru\u010dje 38 \u00d7 72 mm  Baterija - punjiva unutarnja Li-pol baterija s vremenom punjenja od \u010detiri sata (USB ili AC-sten) ili dva sata (automobilski adapter)  &nbsp;\" \/>\n<meta name=\"robots\" content=\"index, follow, max-snippet:-1, max-image-preview:large, max-video-preview:-1\" \/>\n<link rel=\"canonical\" href=\"https:\/\/vode.hr\/bs\/proizvod\/modmag-uredaj-za-terensku-provjeru-badger-meter\/\" \/>\n<meta property=\"og:locale\" content=\"bs_BA\" \/>\n<meta property=\"og:type\" content=\"article\" \/>\n<meta property=\"og:title\" content=\"ModMAG\u00ae Ure\u0111aj za terensku provjeru, Badger meter - Vode.hr\" \/>\n<meta property=\"og:description\" content=\"Dizajniran za uporabu s mjera\u010dima ModMAG\u00ae M1000, M2000 i M5000, ovaj ru\u010dni ure\u0111aj omogu\u0107uje vam izvo\u0111enje niza terenskih provjera i analiti\u010dkih testova performansi na licu mjesta, za manje od 20 minuta.   Dimenzije - 210 \u00d7 102 \u00d7 39 mm  Te\u017eina - 450 g  Zaslon - LCD s pozadinskim osvjetljenjem | Rezolucija = 240 \u00d7 128 piksela, vidljivo podru\u010dje 38 \u00d7 72 mm  Baterija - punjiva unutarnja Li-pol baterija s vremenom punjenja od \u010detiri sata (USB ili AC-sten) ili dva sata (automobilski adapter)  &nbsp;\" \/>\n<meta property=\"og:url\" content=\"https:\/\/vode.hr\/bs\/proizvod\/modmag-uredaj-za-terensku-provjeru-badger-meter\/\" \/>\n<meta property=\"og:site_name\" content=\"Vode.hr\" \/>\n<meta property=\"article:publisher\" content=\"https:\/\/www.facebook.com\/vode.hr\" \/>\n<meta property=\"article:modified_time\" content=\"2025-10-24T08:56:56+00:00\" \/>\n<meta property=\"og:image\" content=\"http:\/\/vode.hr\/wp-content\/uploads\/2023\/04\/Digitalni-mjerac-kvalitete-vode-ProSolo-1000-fb.jpg\" \/>\n\t<meta property=\"og:image:width\" content=\"400\" \/>\n\t<meta property=\"og:image:height\" content=\"400\" \/>\n\t<meta property=\"og:image:type\" content=\"image\/jpeg\" \/>\n<meta name=\"twitter:card\" content=\"summary_large_image\" \/>\n<meta name=\"twitter:label1\" content=\"Est. reading time\" \/>\n\t<meta name=\"twitter:data1\" content=\"2 minute\" \/>\n<script type=\"application\/ld+json\" class=\"yoast-schema-graph\">{\"@context\":\"https:\/\/schema.org\",\"@graph\":[{\"@type\":[\"WebPage\",\"ItemPage\"],\"@id\":\"https:\/\/vode.hr\/bs\/proizvod\/modmag-uredaj-za-terensku-provjeru-badger-meter\/\",\"url\":\"https:\/\/vode.hr\/bs\/proizvod\/modmag-uredaj-za-terensku-provjeru-badger-meter\/\",\"name\":\"ModMAG\u00ae Ure\u0111aj za terensku provjeru, Badger meter - Vode.hr\",\"isPartOf\":{\"@id\":\"https:\/\/vode.hr\/bs\/#website\"},\"primaryImageOfPage\":{\"@id\":\"https:\/\/vode.hr\/bs\/proizvod\/modmag-uredaj-za-terensku-provjeru-badger-meter\/#primaryimage\"},\"image\":{\"@id\":\"https:\/\/vode.hr\/bs\/proizvod\/modmag-uredaj-za-terensku-provjeru-badger-meter\/#primaryimage\"},\"thumbnailUrl\":\"https:\/\/vode.hr\/wp-content\/uploads\/2025\/10\/Field-Verification-Device-low-res.jpg\",\"datePublished\":\"2025-10-22T11:01:42+00:00\",\"dateModified\":\"2025-10-24T08:56:56+00:00\",\"description\":\"Dizajniran za uporabu s mjera\u010dima ModMAG\u00ae M1000, M2000 i M5000, ovaj ru\u010dni ure\u0111aj omogu\u0107uje vam izvo\u0111enje niza terenskih provjera i analiti\u010dkih testova performansi na licu mjesta, za manje od 20 minuta. Dimenzije - 210 \u00d7 102 \u00d7 39 mm Te\u017eina - 450 g Zaslon - LCD s pozadinskim osvjetljenjem | Rezolucija = 240 \u00d7 128 piksela, vidljivo podru\u010dje 38 \u00d7 72 mm Baterija - punjiva unutarnja Li-pol baterija s vremenom punjenja od \u010detiri sata (USB ili AC-sten) ili dva sata (automobilski adapter) &nbsp;\",\"breadcrumb\":{\"@id\":\"https:\/\/vode.hr\/bs\/proizvod\/modmag-uredaj-za-terensku-provjeru-badger-meter\/#breadcrumb\"},\"inLanguage\":\"bs-BA\",\"potentialAction\":[{\"@type\":\"ReadAction\",\"target\":[\"https:\/\/vode.hr\/bs\/proizvod\/modmag-uredaj-za-terensku-provjeru-badger-meter\/\"]}]},{\"@type\":\"ImageObject\",\"inLanguage\":\"bs-BA\",\"@id\":\"https:\/\/vode.hr\/bs\/proizvod\/modmag-uredaj-za-terensku-provjeru-badger-meter\/#primaryimage\",\"url\":\"https:\/\/vode.hr\/wp-content\/uploads\/2025\/10\/Field-Verification-Device-low-res.jpg\",\"contentUrl\":\"https:\/\/vode.hr\/wp-content\/uploads\/2025\/10\/Field-Verification-Device-low-res.jpg\",\"width\":600,\"height\":600},{\"@type\":\"BreadcrumbList\",\"@id\":\"https:\/\/vode.hr\/bs\/proizvod\/modmag-uredaj-za-terensku-provjeru-badger-meter\/#breadcrumb\",\"itemListElement\":[{\"@type\":\"ListItem\",\"position\":1,\"name\":\"Po\u010detna stranica\",\"item\":\"https:\/\/vode.hr\/bs\/\"},{\"@type\":\"ListItem\",\"position\":2,\"name\":\"Trgovina\",\"item\":\"https:\/\/vode.hr\/trgovina\/\"},{\"@type\":\"ListItem\",\"position\":3,\"name\":\"ModMAG\u00ae Ure\u0111aj za terensku provjeru, Badger meter\"}]},{\"@type\":\"WebSite\",\"@id\":\"https:\/\/vode.hr\/bs\/#website\",\"url\":\"https:\/\/vode.hr\/bs\/\",\"name\":\"Vode.hr\",\"description\":\"Mjerenje kvalitete voda, dezinfekcija vode i ure\u0111aji za mjerenje uvjeta u okoli\u0161u\",\"publisher\":{\"@id\":\"https:\/\/vode.hr\/bs\/#organization\"},\"potentialAction\":[{\"@type\":\"SearchAction\",\"target\":{\"@type\":\"EntryPoint\",\"urlTemplate\":\"https:\/\/vode.hr\/bs\/?s={search_term_string}\"},\"query-input\":{\"@type\":\"PropertyValueSpecification\",\"valueRequired\":true,\"valueName\":\"search_term_string\"}}],\"inLanguage\":\"bs-BA\"},{\"@type\":\"Organization\",\"@id\":\"https:\/\/vode.hr\/bs\/#organization\",\"name\":\"Primotronic d.o.o.\",\"url\":\"https:\/\/vode.hr\/bs\/\",\"logo\":{\"@type\":\"ImageObject\",\"inLanguage\":\"bs-BA\",\"@id\":\"https:\/\/vode.hr\/bs\/#\/schema\/logo\/image\/\",\"url\":\"http:\/\/vode.hr\/wp-content\/uploads\/2023\/04\/vode-1.png\",\"contentUrl\":\"http:\/\/vode.hr\/wp-content\/uploads\/2023\/04\/vode-1.png\",\"width\":300,\"height\":99,\"caption\":\"Primotronic d.o.o.\"},\"image\":{\"@id\":\"https:\/\/vode.hr\/bs\/#\/schema\/logo\/image\/\"},\"sameAs\":[\"https:\/\/www.facebook.com\/vode.hr\"]}]}<\/script>\n<!-- \/ Yoast SEO plugin. -->","yoast_head_json":{"title":"ModMAG\u00ae Ure\u0111aj za terensku provjeru, Badger meter - Vode.hr","description":"Dizajniran za uporabu s mjera\u010dima ModMAG\u00ae M1000, M2000 i M5000, ovaj ru\u010dni ure\u0111aj omogu\u0107uje vam izvo\u0111enje niza terenskih provjera i analiti\u010dkih testova performansi na licu mjesta, za manje od 20 minuta.   Dimenzije - 210 \u00d7 102 \u00d7 39 mm  Te\u017eina - 450 g  Zaslon - LCD s pozadinskim osvjetljenjem | Rezolucija = 240 \u00d7 128 piksela, vidljivo podru\u010dje 38 \u00d7 72 mm  Baterija - punjiva unutarnja Li-pol baterija s vremenom punjenja od \u010detiri sata (USB ili AC-sten) ili dva sata (automobilski adapter)  &nbsp;","robots":{"index":"index","follow":"follow","max-snippet":"max-snippet:-1","max-image-preview":"max-image-preview:large","max-video-preview":"max-video-preview:-1"},"canonical":"https:\/\/vode.hr\/bs\/proizvod\/modmag-uredaj-za-terensku-provjeru-badger-meter\/","og_locale":"bs_BA","og_type":"article","og_title":"ModMAG\u00ae Ure\u0111aj za terensku provjeru, Badger meter - Vode.hr","og_description":"Dizajniran za uporabu s mjera\u010dima ModMAG\u00ae M1000, M2000 i M5000, ovaj ru\u010dni ure\u0111aj omogu\u0107uje vam izvo\u0111enje niza terenskih provjera i analiti\u010dkih testova performansi na licu mjesta, za manje od 20 minuta.   Dimenzije - 210 \u00d7 102 \u00d7 39 mm  Te\u017eina - 450 g  Zaslon - LCD s pozadinskim osvjetljenjem | Rezolucija = 240 \u00d7 128 piksela, vidljivo podru\u010dje 38 \u00d7 72 mm  Baterija - punjiva unutarnja Li-pol baterija s vremenom punjenja od \u010detiri sata (USB ili AC-sten) ili dva sata (automobilski adapter)  &nbsp;","og_url":"https:\/\/vode.hr\/bs\/proizvod\/modmag-uredaj-za-terensku-provjeru-badger-meter\/","og_site_name":"Vode.hr","article_publisher":"https:\/\/www.facebook.com\/vode.hr","article_modified_time":"2025-10-24T08:56:56+00:00","og_image":[{"width":400,"height":400,"url":"http:\/\/vode.hr\/wp-content\/uploads\/2023\/04\/Digitalni-mjerac-kvalitete-vode-ProSolo-1000-fb.jpg","type":"image\/jpeg"}],"twitter_card":"summary_large_image","twitter_misc":{"Est. reading time":"2 minute"},"schema":{"@context":"https:\/\/schema.org","@graph":[{"@type":["WebPage","ItemPage"],"@id":"https:\/\/vode.hr\/bs\/proizvod\/modmag-uredaj-za-terensku-provjeru-badger-meter\/","url":"https:\/\/vode.hr\/bs\/proizvod\/modmag-uredaj-za-terensku-provjeru-badger-meter\/","name":"ModMAG\u00ae Ure\u0111aj za terensku provjeru, Badger meter - Vode.hr","isPartOf":{"@id":"https:\/\/vode.hr\/bs\/#website"},"primaryImageOfPage":{"@id":"https:\/\/vode.hr\/bs\/proizvod\/modmag-uredaj-za-terensku-provjeru-badger-meter\/#primaryimage"},"image":{"@id":"https:\/\/vode.hr\/bs\/proizvod\/modmag-uredaj-za-terensku-provjeru-badger-meter\/#primaryimage"},"thumbnailUrl":"https:\/\/vode.hr\/wp-content\/uploads\/2025\/10\/Field-Verification-Device-low-res.jpg","datePublished":"2025-10-22T11:01:42+00:00","dateModified":"2025-10-24T08:56:56+00:00","description":"Dizajniran za uporabu s mjera\u010dima ModMAG\u00ae M1000, M2000 i M5000, ovaj ru\u010dni ure\u0111aj omogu\u0107uje vam izvo\u0111enje niza terenskih provjera i analiti\u010dkih testova performansi na licu mjesta, za manje od 20 minuta. Dimenzije - 210 \u00d7 102 \u00d7 39 mm Te\u017eina - 450 g Zaslon - LCD s pozadinskim osvjetljenjem | Rezolucija = 240 \u00d7 128 piksela, vidljivo podru\u010dje 38 \u00d7 72 mm Baterija - punjiva unutarnja Li-pol baterija s vremenom punjenja od \u010detiri sata (USB ili AC-sten) ili dva sata (automobilski adapter) &nbsp;","breadcrumb":{"@id":"https:\/\/vode.hr\/bs\/proizvod\/modmag-uredaj-za-terensku-provjeru-badger-meter\/#breadcrumb"},"inLanguage":"bs-BA","potentialAction":[{"@type":"ReadAction","target":["https:\/\/vode.hr\/bs\/proizvod\/modmag-uredaj-za-terensku-provjeru-badger-meter\/"]}]},{"@type":"ImageObject","inLanguage":"bs-BA","@id":"https:\/\/vode.hr\/bs\/proizvod\/modmag-uredaj-za-terensku-provjeru-badger-meter\/#primaryimage","url":"https:\/\/vode.hr\/wp-content\/uploads\/2025\/10\/Field-Verification-Device-low-res.jpg","contentUrl":"https:\/\/vode.hr\/wp-content\/uploads\/2025\/10\/Field-Verification-Device-low-res.jpg","width":600,"height":600},{"@type":"BreadcrumbList","@id":"https:\/\/vode.hr\/bs\/proizvod\/modmag-uredaj-za-terensku-provjeru-badger-meter\/#breadcrumb","itemListElement":[{"@type":"ListItem","position":1,"name":"Po\u010detna stranica","item":"https:\/\/vode.hr\/bs\/"},{"@type":"ListItem","position":2,"name":"Trgovina","item":"https:\/\/vode.hr\/trgovina\/"},{"@type":"ListItem","position":3,"name":"ModMAG\u00ae Ure\u0111aj za terensku provjeru, Badger meter"}]},{"@type":"WebSite","@id":"https:\/\/vode.hr\/bs\/#website","url":"https:\/\/vode.hr\/bs\/","name":"Vode.hr","description":"Mjerenje kvalitete voda, dezinfekcija vode i ure\u0111aji za mjerenje uvjeta u okoli\u0161u","publisher":{"@id":"https:\/\/vode.hr\/bs\/#organization"},"potentialAction":[{"@type":"SearchAction","target":{"@type":"EntryPoint","urlTemplate":"https:\/\/vode.hr\/bs\/?s={search_term_string}"},"query-input":{"@type":"PropertyValueSpecification","valueRequired":true,"valueName":"search_term_string"}}],"inLanguage":"bs-BA"},{"@type":"Organization","@id":"https:\/\/vode.hr\/bs\/#organization","name":"Primotronic d.o.o.","url":"https:\/\/vode.hr\/bs\/","logo":{"@type":"ImageObject","inLanguage":"bs-BA","@id":"https:\/\/vode.hr\/bs\/#\/schema\/logo\/image\/","url":"http:\/\/vode.hr\/wp-content\/uploads\/2023\/04\/vode-1.png","contentUrl":"http:\/\/vode.hr\/wp-content\/uploads\/2023\/04\/vode-1.png","width":300,"height":99,"caption":"Primotronic d.o.o."},"image":{"@id":"https:\/\/vode.hr\/bs\/#\/schema\/logo\/image\/"},"sameAs":["https:\/\/www.facebook.com\/vode.hr"]}]}},"_links":{"self":[{"href":"https:\/\/vode.hr\/bs\/wp-json\/wp\/v2\/product\/1309"}],"collection":[{"href":"https:\/\/vode.hr\/bs\/wp-json\/wp\/v2\/product"}],"about":[{"href":"https:\/\/vode.hr\/bs\/wp-json\/wp\/v2\/types\/product"}],"wp:featuredmedia":[{"embeddable":true,"href":"https:\/\/vode.hr\/bs\/wp-json\/wp\/v2\/media\/1310"}],"wp:attachment":[{"href":"https:\/\/vode.hr\/bs\/wp-json\/wp\/v2\/media?parent=1309"}],"wp:term":[{"taxonomy":"product_cat","embeddable":true,"href":"https:\/\/vode.hr\/bs\/wp-json\/wp\/v2\/product_cat?post=1309"},{"taxonomy":"product_tag","embeddable":true,"href":"https:\/\/vode.hr\/bs\/wp-json\/wp\/v2\/product_tag?post=1309"}],"curies":[{"name":"wp","href":"https:\/\/api.w.org\/{rel}","templated":true}]}}