{"id":1315,"date":"2025-10-22T13:17:16","date_gmt":"2025-10-22T11:17:16","guid":{"rendered":"https:\/\/vode.hr\/?post_type=product&#038;p=1315"},"modified":"2025-10-24T10:56:56","modified_gmt":"2025-10-24T08:56:56","slug":"fc-5000-btu-monitor-badger-meter","status":"publish","type":"product","link":"https:\/\/vode.hr\/bs\/proizvod\/fc-5000-btu-monitor-badger-meter\/","title":{"rendered":"FC-5000 BTU monitor, Badger meter"},"content":{"rendered":"<div class=\"row\"  id=\"row-1545158386\">\n\n\t<div id=\"col-549524200\" class=\"col small-12 large-12\"  >\n\t\t\t\t<div class=\"col-inner\"  >\n\t\t\t\n\t\t\t\n\t<div id=\"text-2231389550\" class=\"text\">\n\t\t\n<h2>Ekonomi\u010dna, potpuno opremljena i kompaktna jedinica.<\/h2>\n\t\t\n<style>\n#text-2231389550 {\n  font-size: 1.3rem;\n  text-align: center;\n}\n<\/style>\n\t<\/div>\n\t\n\t<div id=\"text-2536818027\" class=\"text\">\n\t\t\n\t\t\n<style>\n#text-2536818027 {\n  font-size: 0.9rem;\n  text-align: center;\n}\n<\/style>\n\t<\/div>\n\t\n\t\t<\/div>\n\t\t\t\t\t<\/div>\n\n\t\n\n<style>\n#row-1545158386 > .col > .col-inner {\n  padding: 3em 0px 0px 0px;\n}\n<\/style>\n<\/div>\n\t<section class=\"section\" id=\"section_316376339\">\n\t\t<div class=\"bg section-bg fill bg-fill  bg-loaded\" >\n\n\t\t\t\n\t\t\t\n\t\t\t\n\n\t\t<\/div>\n\n\t\t\n\n\t\t<div class=\"section-content relative\">\n\t\t\t\n<div class=\"row align-middle\"  id=\"row-1610747455\">\n\n\t<div id=\"col-153344654\" class=\"col medium-6 small-12 large-6\"  >\n\t\t\t\t<div class=\"col-inner\"  >\n\t\t\t\n\t\t\t\n\t<div id=\"text-340576005\" class=\"text\">\n\t\t\n\t\t\n<style>\n#text-340576005 {\n  text-align: center;\n}\n<\/style>\n\t<\/div>\n\t\n<div class=\"is-divider divider clearfix\" style=\"max-width:100%;\"><\/div>\n<h2>Kompatibilan s cijelom linijom industrijskih mjera\u010da protoka Badger Meter, stvaraju\u0107i rje\u0161enje za pra\u0107enje u\u010dinkovitosti i efikasnosti hidroni\u010dkih HVAC i drugih usporedivih sustava.<\/h2>\n<ul>\n<li data-start=\"30\" data-end=\"194\">\n<p data-start=\"32\" data-end=\"194\">Pregled sirovih i obra\u0111enih podataka o protoku, kako prema ure\u0111aju tako i od ure\u0111aja, uklju\u010duju\u0107i podatke o protoku, potro\u0161nji energije i o\u010ditanjima temperature<\/p>\n<\/li>\n<li data-start=\"195\" data-end=\"243\">\n<p data-start=\"197\" data-end=\"243\">Poti\u010de intuitivnu navigaciju i programiranje<\/p>\n<\/li>\n<li data-start=\"244\" data-end=\"297\">\n<p data-start=\"246\" data-end=\"297\">Lak\u0161a, korisniku prilago\u0111ena instalacija o\u017ei\u010denja<\/p>\n<\/li>\n<li data-start=\"298\" data-end=\"383\">\n<p data-start=\"300\" data-end=\"383\">Omogu\u0107uje funkcije alarma ili ukupnog zbrajanja za brzine, koli\u010dine i temperature<\/p>\n<\/li>\n<li data-start=\"384\" data-end=\"471\">\n<p data-start=\"386\" data-end=\"471\">Prenos podataka o brzini, koli\u010dini ili temperaturi putem namjenskih izlaznih kanala<\/p>\n<\/li>\n<li data-start=\"472\" data-end=\"510\">\n<p data-start=\"474\" data-end=\"510\">Robusnost za industrijsku primjenu<\/p>\n<\/li>\n<\/ul>\n\t\t<\/div>\n\t\t\t\t\n<style>\n#col-153344654 > .col-inner {\n  padding: 2em 1em 0px 1em;\n}\n@media (min-width:550px) {\n  #col-153344654 > .col-inner {\n    padding: 0px 0px 0px 2em;\n  }\n}\n<\/style>\n\t<\/div>\n\n\t\n\n\t<div id=\"col-1795245401\" class=\"col medium-6 small-12 large-6\"  >\n\t\t\t\t<div class=\"col-inner\"  >\n\t\t\t\n\t\t\t\n\t<div class=\"img has-hover x md-x lg-x y md-y lg-y\" id=\"image_1196654476\">\n\t\t\t\t\t\t\t\t<div class=\"img-inner dark\" style=\"margin:0px 0px 0px 0px;\">\n\t\t\t<img loading=\"lazy\" decoding=\"async\" width=\"796\" height=\"788\" src=\"https:\/\/vode.hr\/wp-content\/uploads\/2025\/10\/velika.png\" class=\"attachment-original size-original\" alt=\"\" srcset=\"https:\/\/vode.hr\/wp-content\/uploads\/2025\/10\/velika.png 796w, https:\/\/vode.hr\/wp-content\/uploads\/2025\/10\/velika-300x297.png 300w, https:\/\/vode.hr\/wp-content\/uploads\/2025\/10\/velika-768x760.png 768w, https:\/\/vode.hr\/wp-content\/uploads\/2025\/10\/velika-650x643.png 650w, https:\/\/vode.hr\/wp-content\/uploads\/2025\/10\/velika-100x100.png 100w\" sizes=\"(max-width: 796px) 100vw, 796px\" \/>\t\t\t\t\t\t\n\t\t\t\t\t<\/div>\n\t\t\t\t\t\t\t\t\n<style>\n#image_1196654476 {\n  width: 100%;\n}\n<\/style>\n\t<\/div>\n\t\n\t\t<\/div>\n\t\t\t\t\t<\/div>\n\n\t\n<\/div>\n\t\t<\/div>\n\n\t\t\n<style>\n#section_316376339 {\n  padding-top: 0px;\n  padding-bottom: 0px;\n  background-color: rgb(221, 239, 239);\n}\n<\/style>\n\t<\/section>\n\t\n<div class=\"row align-middle\"  id=\"row-224769225\">\n\n<style>\n#row-224769225 > .col > .col-inner {\n  padding: 2em 0px 0px 0px;\n}\n<\/style>\n<\/div>\n\t<div id=\"text-2709603464\" class=\"text\">\n\t\t\n\t\t\n<style>\n#text-2709603464 {\n  text-align: center;\n}\n<\/style>\n\t<\/div>\n\t\n<p>&nbsp;<\/p>\n","protected":false},"excerpt":{"rendered":"<p>FC-5000 BTU monitor omogu\u0107uje to\u010dno mjerenje potro\u0161nje snage\/energije koja se koristi u zatvorenim, hidrauli\u010dkim sustavima prijenosa topline, koji se obi\u010dno nalaze u HVAC podmjernim primjenama.<br \/>\nLinije proizvoda FC-5000 su mikroprocesorski upravljani ure\u0111aji dizajnirani za pra\u0107enje protoka, dok BTU monitor pro\u0161iruje mogu\u0107nosti ure\u0111aja integriraju\u0107i ulaze za podatke o temperaturi fluida.<br \/>\nTrenuta\u010dna brzina i ukupna potro\u0161nja energije posti\u017eu se istovremeno, uz uskla\u0111enost s izra\u010dunskim standardima EN 1434.<\/p>\n<ul>\n<li>Raspon temperature &#8211; 0\u202654,44 \u00b0C<\/li>\n<\/ul>\n","protected":false},"featured_media":1316,"template":"","meta":[],"product_cat":[17,113,115,18],"product_tag":[295,292],"class_list":["post-1315","product","type-product","status-publish","has-post-thumbnail","hentry","product_cat-ispitivanje-i-mjerenje-kvalitete-vode","product_cat-rucni-uredaji-za-mjerenje-kvalitete-vode","product_cat-dodatci-za-prodigital-rucne-uredaje","product_cat-nadzor-uvjeta-u-okolisu","product_tag-badger-meter","product_tag-fc-5000btu"],"yoast_head":"<!-- This site is optimized with the Yoast SEO plugin v25.0 - https:\/\/yoast.com\/wordpress\/plugins\/seo\/ -->\n<title>FC-5000 BTU monitor, Badger meter - Vode.hr<\/title>\n<meta name=\"description\" content=\"FC-5000 BTU monitor omogu\u0107uje to\u010dno mjerenje potro\u0161nje snage\/energije koja se koristi u zatvorenim, hidrauli\u010dkim sustavima prijenosa topline, koji se obi\u010dno nalaze u HVAC podmjernim primjenama. Linije proizvoda FC-5000 su mikroprocesorski upravljani ure\u0111aji dizajnirani za pra\u0107enje protoka, dok BTU monitor pro\u0161iruje mogu\u0107nosti ure\u0111aja integriraju\u0107i ulaze za podatke o temperaturi fluida. Trenuta\u010dna brzina i ukupna potro\u0161nja energije posti\u017eu se istovremeno, uz uskla\u0111enost s izra\u010dunskim standardima EN 1434.   Raspon temperature - 0\u202654,44 \u00b0C\" \/>\n<meta name=\"robots\" content=\"index, follow, max-snippet:-1, max-image-preview:large, max-video-preview:-1\" \/>\n<link rel=\"canonical\" href=\"https:\/\/vode.hr\/bs\/proizvod\/fc-5000-btu-monitor-badger-meter\/\" \/>\n<meta property=\"og:locale\" content=\"bs_BA\" \/>\n<meta property=\"og:type\" content=\"article\" \/>\n<meta property=\"og:title\" content=\"FC-5000 BTU monitor, Badger meter - Vode.hr\" \/>\n<meta property=\"og:description\" content=\"FC-5000 BTU monitor omogu\u0107uje to\u010dno mjerenje potro\u0161nje snage\/energije koja se koristi u zatvorenim, hidrauli\u010dkim sustavima prijenosa topline, koji se obi\u010dno nalaze u HVAC podmjernim primjenama. Linije proizvoda FC-5000 su mikroprocesorski upravljani ure\u0111aji dizajnirani za pra\u0107enje protoka, dok BTU monitor pro\u0161iruje mogu\u0107nosti ure\u0111aja integriraju\u0107i ulaze za podatke o temperaturi fluida. Trenuta\u010dna brzina i ukupna potro\u0161nja energije posti\u017eu se istovremeno, uz uskla\u0111enost s izra\u010dunskim standardima EN 1434.   Raspon temperature - 0\u202654,44 \u00b0C\" \/>\n<meta property=\"og:url\" content=\"https:\/\/vode.hr\/bs\/proizvod\/fc-5000-btu-monitor-badger-meter\/\" \/>\n<meta property=\"og:site_name\" content=\"Vode.hr\" \/>\n<meta property=\"article:publisher\" content=\"https:\/\/www.facebook.com\/vode.hr\" \/>\n<meta property=\"article:modified_time\" content=\"2025-10-24T08:56:56+00:00\" \/>\n<meta property=\"og:image\" content=\"http:\/\/vode.hr\/wp-content\/uploads\/2023\/04\/Digitalni-mjerac-kvalitete-vode-ProSolo-1000-fb.jpg\" \/>\n\t<meta property=\"og:image:width\" content=\"400\" \/>\n\t<meta property=\"og:image:height\" content=\"400\" \/>\n\t<meta property=\"og:image:type\" content=\"image\/jpeg\" \/>\n<meta name=\"twitter:card\" content=\"summary_large_image\" \/>\n<meta name=\"twitter:label1\" content=\"Est. reading time\" \/>\n\t<meta name=\"twitter:data1\" content=\"2 minute\" \/>\n<script type=\"application\/ld+json\" class=\"yoast-schema-graph\">{\"@context\":\"https:\/\/schema.org\",\"@graph\":[{\"@type\":[\"WebPage\",\"ItemPage\"],\"@id\":\"https:\/\/vode.hr\/bs\/proizvod\/fc-5000-btu-monitor-badger-meter\/\",\"url\":\"https:\/\/vode.hr\/bs\/proizvod\/fc-5000-btu-monitor-badger-meter\/\",\"name\":\"FC-5000 BTU monitor, Badger meter - Vode.hr\",\"isPartOf\":{\"@id\":\"https:\/\/vode.hr\/bs\/#website\"},\"primaryImageOfPage\":{\"@id\":\"https:\/\/vode.hr\/bs\/proizvod\/fc-5000-btu-monitor-badger-meter\/#primaryimage\"},\"image\":{\"@id\":\"https:\/\/vode.hr\/bs\/proizvod\/fc-5000-btu-monitor-badger-meter\/#primaryimage\"},\"thumbnailUrl\":\"https:\/\/vode.hr\/wp-content\/uploads\/2025\/10\/FC5000_No-Button_With-Screen-low-res-1.jpg\",\"datePublished\":\"2025-10-22T11:17:16+00:00\",\"dateModified\":\"2025-10-24T08:56:56+00:00\",\"description\":\"FC-5000 BTU monitor omogu\u0107uje to\u010dno mjerenje potro\u0161nje snage\/energije koja se koristi u zatvorenim, hidrauli\u010dkim sustavima prijenosa topline, koji se obi\u010dno nalaze u HVAC podmjernim primjenama. Linije proizvoda FC-5000 su mikroprocesorski upravljani ure\u0111aji dizajnirani za pra\u0107enje protoka, dok BTU monitor pro\u0161iruje mogu\u0107nosti ure\u0111aja integriraju\u0107i ulaze za podatke o temperaturi fluida. Trenuta\u010dna brzina i ukupna potro\u0161nja energije posti\u017eu se istovremeno, uz uskla\u0111enost s izra\u010dunskim standardima EN 1434. Raspon temperature - 0\u202654,44 \u00b0C\",\"breadcrumb\":{\"@id\":\"https:\/\/vode.hr\/bs\/proizvod\/fc-5000-btu-monitor-badger-meter\/#breadcrumb\"},\"inLanguage\":\"bs-BA\",\"potentialAction\":[{\"@type\":\"ReadAction\",\"target\":[\"https:\/\/vode.hr\/bs\/proizvod\/fc-5000-btu-monitor-badger-meter\/\"]}]},{\"@type\":\"ImageObject\",\"inLanguage\":\"bs-BA\",\"@id\":\"https:\/\/vode.hr\/bs\/proizvod\/fc-5000-btu-monitor-badger-meter\/#primaryimage\",\"url\":\"https:\/\/vode.hr\/wp-content\/uploads\/2025\/10\/FC5000_No-Button_With-Screen-low-res-1.jpg\",\"contentUrl\":\"https:\/\/vode.hr\/wp-content\/uploads\/2025\/10\/FC5000_No-Button_With-Screen-low-res-1.jpg\",\"width\":600,\"height\":600},{\"@type\":\"BreadcrumbList\",\"@id\":\"https:\/\/vode.hr\/bs\/proizvod\/fc-5000-btu-monitor-badger-meter\/#breadcrumb\",\"itemListElement\":[{\"@type\":\"ListItem\",\"position\":1,\"name\":\"Po\u010detna stranica\",\"item\":\"https:\/\/vode.hr\/bs\/\"},{\"@type\":\"ListItem\",\"position\":2,\"name\":\"Trgovina\",\"item\":\"https:\/\/vode.hr\/trgovina\/\"},{\"@type\":\"ListItem\",\"position\":3,\"name\":\"FC-5000 BTU monitor, Badger meter\"}]},{\"@type\":\"WebSite\",\"@id\":\"https:\/\/vode.hr\/bs\/#website\",\"url\":\"https:\/\/vode.hr\/bs\/\",\"name\":\"Vode.hr\",\"description\":\"Mjerenje kvalitete voda, dezinfekcija vode i ure\u0111aji za mjerenje uvjeta u okoli\u0161u\",\"publisher\":{\"@id\":\"https:\/\/vode.hr\/bs\/#organization\"},\"potentialAction\":[{\"@type\":\"SearchAction\",\"target\":{\"@type\":\"EntryPoint\",\"urlTemplate\":\"https:\/\/vode.hr\/bs\/?s={search_term_string}\"},\"query-input\":{\"@type\":\"PropertyValueSpecification\",\"valueRequired\":true,\"valueName\":\"search_term_string\"}}],\"inLanguage\":\"bs-BA\"},{\"@type\":\"Organization\",\"@id\":\"https:\/\/vode.hr\/bs\/#organization\",\"name\":\"Primotronic d.o.o.\",\"url\":\"https:\/\/vode.hr\/bs\/\",\"logo\":{\"@type\":\"ImageObject\",\"inLanguage\":\"bs-BA\",\"@id\":\"https:\/\/vode.hr\/bs\/#\/schema\/logo\/image\/\",\"url\":\"http:\/\/vode.hr\/wp-content\/uploads\/2023\/04\/vode-1.png\",\"contentUrl\":\"http:\/\/vode.hr\/wp-content\/uploads\/2023\/04\/vode-1.png\",\"width\":300,\"height\":99,\"caption\":\"Primotronic d.o.o.\"},\"image\":{\"@id\":\"https:\/\/vode.hr\/bs\/#\/schema\/logo\/image\/\"},\"sameAs\":[\"https:\/\/www.facebook.com\/vode.hr\"]}]}<\/script>\n<!-- \/ Yoast SEO plugin. -->","yoast_head_json":{"title":"FC-5000 BTU monitor, Badger meter - Vode.hr","description":"FC-5000 BTU monitor omogu\u0107uje to\u010dno mjerenje potro\u0161nje snage\/energije koja se koristi u zatvorenim, hidrauli\u010dkim sustavima prijenosa topline, koji se obi\u010dno nalaze u HVAC podmjernim primjenama. Linije proizvoda FC-5000 su mikroprocesorski upravljani ure\u0111aji dizajnirani za pra\u0107enje protoka, dok BTU monitor pro\u0161iruje mogu\u0107nosti ure\u0111aja integriraju\u0107i ulaze za podatke o temperaturi fluida. Trenuta\u010dna brzina i ukupna potro\u0161nja energije posti\u017eu se istovremeno, uz uskla\u0111enost s izra\u010dunskim standardima EN 1434.   Raspon temperature - 0\u202654,44 \u00b0C","robots":{"index":"index","follow":"follow","max-snippet":"max-snippet:-1","max-image-preview":"max-image-preview:large","max-video-preview":"max-video-preview:-1"},"canonical":"https:\/\/vode.hr\/bs\/proizvod\/fc-5000-btu-monitor-badger-meter\/","og_locale":"bs_BA","og_type":"article","og_title":"FC-5000 BTU monitor, Badger meter - Vode.hr","og_description":"FC-5000 BTU monitor omogu\u0107uje to\u010dno mjerenje potro\u0161nje snage\/energije koja se koristi u zatvorenim, hidrauli\u010dkim sustavima prijenosa topline, koji se obi\u010dno nalaze u HVAC podmjernim primjenama. Linije proizvoda FC-5000 su mikroprocesorski upravljani ure\u0111aji dizajnirani za pra\u0107enje protoka, dok BTU monitor pro\u0161iruje mogu\u0107nosti ure\u0111aja integriraju\u0107i ulaze za podatke o temperaturi fluida. Trenuta\u010dna brzina i ukupna potro\u0161nja energije posti\u017eu se istovremeno, uz uskla\u0111enost s izra\u010dunskim standardima EN 1434.   Raspon temperature - 0\u202654,44 \u00b0C","og_url":"https:\/\/vode.hr\/bs\/proizvod\/fc-5000-btu-monitor-badger-meter\/","og_site_name":"Vode.hr","article_publisher":"https:\/\/www.facebook.com\/vode.hr","article_modified_time":"2025-10-24T08:56:56+00:00","og_image":[{"width":400,"height":400,"url":"http:\/\/vode.hr\/wp-content\/uploads\/2023\/04\/Digitalni-mjerac-kvalitete-vode-ProSolo-1000-fb.jpg","type":"image\/jpeg"}],"twitter_card":"summary_large_image","twitter_misc":{"Est. reading time":"2 minute"},"schema":{"@context":"https:\/\/schema.org","@graph":[{"@type":["WebPage","ItemPage"],"@id":"https:\/\/vode.hr\/bs\/proizvod\/fc-5000-btu-monitor-badger-meter\/","url":"https:\/\/vode.hr\/bs\/proizvod\/fc-5000-btu-monitor-badger-meter\/","name":"FC-5000 BTU monitor, Badger meter - Vode.hr","isPartOf":{"@id":"https:\/\/vode.hr\/bs\/#website"},"primaryImageOfPage":{"@id":"https:\/\/vode.hr\/bs\/proizvod\/fc-5000-btu-monitor-badger-meter\/#primaryimage"},"image":{"@id":"https:\/\/vode.hr\/bs\/proizvod\/fc-5000-btu-monitor-badger-meter\/#primaryimage"},"thumbnailUrl":"https:\/\/vode.hr\/wp-content\/uploads\/2025\/10\/FC5000_No-Button_With-Screen-low-res-1.jpg","datePublished":"2025-10-22T11:17:16+00:00","dateModified":"2025-10-24T08:56:56+00:00","description":"FC-5000 BTU monitor omogu\u0107uje to\u010dno mjerenje potro\u0161nje snage\/energije koja se koristi u zatvorenim, hidrauli\u010dkim sustavima prijenosa topline, koji se obi\u010dno nalaze u HVAC podmjernim primjenama. Linije proizvoda FC-5000 su mikroprocesorski upravljani ure\u0111aji dizajnirani za pra\u0107enje protoka, dok BTU monitor pro\u0161iruje mogu\u0107nosti ure\u0111aja integriraju\u0107i ulaze za podatke o temperaturi fluida. Trenuta\u010dna brzina i ukupna potro\u0161nja energije posti\u017eu se istovremeno, uz uskla\u0111enost s izra\u010dunskim standardima EN 1434. Raspon temperature - 0\u202654,44 \u00b0C","breadcrumb":{"@id":"https:\/\/vode.hr\/bs\/proizvod\/fc-5000-btu-monitor-badger-meter\/#breadcrumb"},"inLanguage":"bs-BA","potentialAction":[{"@type":"ReadAction","target":["https:\/\/vode.hr\/bs\/proizvod\/fc-5000-btu-monitor-badger-meter\/"]}]},{"@type":"ImageObject","inLanguage":"bs-BA","@id":"https:\/\/vode.hr\/bs\/proizvod\/fc-5000-btu-monitor-badger-meter\/#primaryimage","url":"https:\/\/vode.hr\/wp-content\/uploads\/2025\/10\/FC5000_No-Button_With-Screen-low-res-1.jpg","contentUrl":"https:\/\/vode.hr\/wp-content\/uploads\/2025\/10\/FC5000_No-Button_With-Screen-low-res-1.jpg","width":600,"height":600},{"@type":"BreadcrumbList","@id":"https:\/\/vode.hr\/bs\/proizvod\/fc-5000-btu-monitor-badger-meter\/#breadcrumb","itemListElement":[{"@type":"ListItem","position":1,"name":"Po\u010detna stranica","item":"https:\/\/vode.hr\/bs\/"},{"@type":"ListItem","position":2,"name":"Trgovina","item":"https:\/\/vode.hr\/trgovina\/"},{"@type":"ListItem","position":3,"name":"FC-5000 BTU monitor, Badger meter"}]},{"@type":"WebSite","@id":"https:\/\/vode.hr\/bs\/#website","url":"https:\/\/vode.hr\/bs\/","name":"Vode.hr","description":"Mjerenje kvalitete voda, dezinfekcija vode i ure\u0111aji za mjerenje uvjeta u okoli\u0161u","publisher":{"@id":"https:\/\/vode.hr\/bs\/#organization"},"potentialAction":[{"@type":"SearchAction","target":{"@type":"EntryPoint","urlTemplate":"https:\/\/vode.hr\/bs\/?s={search_term_string}"},"query-input":{"@type":"PropertyValueSpecification","valueRequired":true,"valueName":"search_term_string"}}],"inLanguage":"bs-BA"},{"@type":"Organization","@id":"https:\/\/vode.hr\/bs\/#organization","name":"Primotronic d.o.o.","url":"https:\/\/vode.hr\/bs\/","logo":{"@type":"ImageObject","inLanguage":"bs-BA","@id":"https:\/\/vode.hr\/bs\/#\/schema\/logo\/image\/","url":"http:\/\/vode.hr\/wp-content\/uploads\/2023\/04\/vode-1.png","contentUrl":"http:\/\/vode.hr\/wp-content\/uploads\/2023\/04\/vode-1.png","width":300,"height":99,"caption":"Primotronic d.o.o."},"image":{"@id":"https:\/\/vode.hr\/bs\/#\/schema\/logo\/image\/"},"sameAs":["https:\/\/www.facebook.com\/vode.hr"]}]}},"_links":{"self":[{"href":"https:\/\/vode.hr\/bs\/wp-json\/wp\/v2\/product\/1315"}],"collection":[{"href":"https:\/\/vode.hr\/bs\/wp-json\/wp\/v2\/product"}],"about":[{"href":"https:\/\/vode.hr\/bs\/wp-json\/wp\/v2\/types\/product"}],"wp:featuredmedia":[{"embeddable":true,"href":"https:\/\/vode.hr\/bs\/wp-json\/wp\/v2\/media\/1316"}],"wp:attachment":[{"href":"https:\/\/vode.hr\/bs\/wp-json\/wp\/v2\/media?parent=1315"}],"wp:term":[{"taxonomy":"product_cat","embeddable":true,"href":"https:\/\/vode.hr\/bs\/wp-json\/wp\/v2\/product_cat?post=1315"},{"taxonomy":"product_tag","embeddable":true,"href":"https:\/\/vode.hr\/bs\/wp-json\/wp\/v2\/product_tag?post=1315"}],"curies":[{"name":"wp","href":"https:\/\/api.w.org\/{rel}","templated":true}]}}