{"id":1320,"date":"2025-10-22T13:37:56","date_gmt":"2025-10-22T11:37:56","guid":{"rendered":"https:\/\/vode.hr\/?post_type=product&#038;p=1320"},"modified":"2025-10-24T10:56:55","modified_gmt":"2025-10-24T08:56:55","slug":"prijenosni-ultrazvucni-mjerac-protoka-dxn-5p-badger-meter","status":"publish","type":"product","link":"https:\/\/vode.hr\/bs\/proizvod\/prijenosni-ultrazvucni-mjerac-protoka-dxn-5p-badger-meter\/","title":{"rendered":"Prijenosni ultrazvu\u010dni mjera\u010d protoka DXN-5P, Badger meter"},"content":{"rendered":"<div class=\"row\"  id=\"row-1113373945\">\n\n\t<div id=\"col-272415055\" class=\"col small-12 large-12\"  >\n\t\t\t\t<div class=\"col-inner\"  >\n\t\t\t\n\t\t\t\n\t<div id=\"text-956900271\" class=\"text\">\n\t\t\n<h2>Prijenosni hibridni ultrazvu\u010dni mjera\u010d protoka Dynasonics DXN-5P je pravi hibridni instrument, sposoban odabrati najbolju metodu za mjerenje protoka \u010distih teku\u0107ina ili teku\u0107ina s plinovima ili suspendiranim tvarima.<\/h2>\n\t\t\n<style>\n#text-956900271 {\n  font-size: 1.3rem;\n  text-align: center;\n}\n<\/style>\n\t<\/div>\n\t\n\t<div id=\"text-4125508166\" class=\"text\">\n\t\t\n\t\t\n<style>\n#text-4125508166 {\n  font-size: 0.9rem;\n  text-align: center;\n}\n<\/style>\n\t<\/div>\n\t\n\t\t<\/div>\n\t\t\t\t\t<\/div>\n\n\t\n\n<style>\n#row-1113373945 > .col > .col-inner {\n  padding: 3em 0px 0px 0px;\n}\n<\/style>\n<\/div>\n\t<section class=\"section\" id=\"section_1989511784\">\n\t\t<div class=\"bg section-bg fill bg-fill  bg-loaded\" >\n\n\t\t\t\n\t\t\t\n\t\t\t\n\n\t\t<\/div>\n\n\t\t\n\n\t\t<div class=\"section-content relative\">\n\t\t\t\n<div class=\"row align-middle\"  id=\"row-2134522893\">\n\n\t<div id=\"col-106108339\" class=\"col medium-6 small-12 large-6\"  >\n\t\t\t\t<div class=\"col-inner\"  >\n\t\t\t\n\t\t\t\n\t<div id=\"text-445227653\" class=\"text\">\n\t\t\n\t\t\n<style>\n#text-445227653 {\n  text-align: center;\n}\n<\/style>\n\t<\/div>\n\t\n<div class=\"is-divider divider clearfix\" style=\"max-width:100%;\"><\/div>\n<h2>Prijenosna tehnologija mjerenja protoka<\/h2>\n<ul>\n<li>Optimizacija performansi. Otkrivanje curenja ventila, zra\u010dnih \u010depova, zarobljenog zraka ili taloga koji mogu o\u0161tetiti opremu ili smanjiti u\u010dinkovitost.<\/li>\n<li>Jednostavna instalacija. Ure\u0111aj mo\u017ee instalirati i postaviti jedna osoba tako da se mjera\u010d jednostavno stegne na cijev \u2014 nije potrebno ispu\u0161tanje ili zaustavljanje rada sustava.<\/li>\n<li>Pro\u0161iren raspon pregleda. Povezivanje putem Bluetootha omogu\u0107uje pra\u0107enje mjerenja protoka u aplikaciji SoloCUE\u00ae Flow Device Manager dok se istovremeno koristi druga oprema.<\/li>\n<\/ul>\n\t\t<\/div>\n\t\t\t\t\n<style>\n#col-106108339 > .col-inner {\n  padding: 2em 1em 0px 1em;\n}\n@media (min-width:550px) {\n  #col-106108339 > .col-inner {\n    padding: 0px 0px 0px 2em;\n  }\n}\n<\/style>\n\t<\/div>\n\n\t\n\n\t<div id=\"col-1722602717\" class=\"col medium-6 small-12 large-6\"  >\n\t\t\t\t<div class=\"col-inner\"  >\n\t\t\t\n\t\t\t\n\t<div class=\"img has-hover x md-x lg-x y md-y lg-y\" id=\"image_1380915414\">\n\t\t\t\t\t\t\t\t<div class=\"img-inner dark\" style=\"margin:0px 0px 0px 0px;\">\n\t\t\t<img loading=\"lazy\" decoding=\"async\" width=\"500\" height=\"500\" src=\"https:\/\/vode.hr\/wp-content\/uploads\/2025\/10\/SKUPNA.png\" class=\"attachment-original size-original\" alt=\"\" srcset=\"https:\/\/vode.hr\/wp-content\/uploads\/2025\/10\/SKUPNA.png 500w, https:\/\/vode.hr\/wp-content\/uploads\/2025\/10\/SKUPNA-300x300.png 300w, https:\/\/vode.hr\/wp-content\/uploads\/2025\/10\/SKUPNA-150x150.png 150w, https:\/\/vode.hr\/wp-content\/uploads\/2025\/10\/SKUPNA-370x370.png 370w, https:\/\/vode.hr\/wp-content\/uploads\/2025\/10\/SKUPNA-100x100.png 100w\" sizes=\"(max-width: 500px) 100vw, 500px\" \/>\t\t\t\t\t\t\n\t\t\t\t\t<\/div>\n\t\t\t\t\t\t\t\t\n<style>\n#image_1380915414 {\n  width: 100%;\n}\n<\/style>\n\t<\/div>\n\t\n\t\t<\/div>\n\t\t\t\t\t<\/div>\n\n\t\n<\/div>\n\t\t<\/div>\n\n\t\t\n<style>\n#section_1989511784 {\n  padding-top: 0px;\n  padding-bottom: 0px;\n  background-color: rgb(221, 239, 239);\n}\n<\/style>\n\t<\/section>\n\t\n<div class=\"row align-middle\"  id=\"row-1726278813\">\n\n\t<div id=\"col-1886452229\" class=\"col medium-6 small-12 large-6\"  >\n\t\t\t\t<div class=\"col-inner\"  >\n\t\t\t\n\t\t\t\n\t<div class=\"img has-hover x md-x lg-x y md-y lg-y\" id=\"image_692332896\">\n\t\t\t\t\t\t\t\t<div class=\"img-inner dark\" >\n\t\t\t<img loading=\"lazy\" decoding=\"async\" width=\"600\" height=\"400\" src=\"https:\/\/vode.hr\/wp-content\/uploads\/2025\/10\/HVAC_shutterstock_1741149554.jpg\" class=\"attachment-original size-original\" alt=\"\" srcset=\"https:\/\/vode.hr\/wp-content\/uploads\/2025\/10\/HVAC_shutterstock_1741149554.jpg 600w, https:\/\/vode.hr\/wp-content\/uploads\/2025\/10\/HVAC_shutterstock_1741149554-300x200.jpg 300w\" sizes=\"(max-width: 600px) 100vw, 600px\" \/>\t\t\t\t\t\t\n\t\t\t\t\t<\/div>\n\t\t\t\t\t\t\t\t\n<style>\n#image_692332896 {\n  width: 100%;\n}\n<\/style>\n\t<\/div>\n\t\n\t\t<\/div>\n\t\t\t\t\t<\/div>\n\n\t\n\n\t<div id=\"col-1065475001\" class=\"col medium-6 small-12 large-6 small-col-first\"  >\n\t\t\t\t<div class=\"col-inner\"  >\n\t\t\t\n\t\t\t\n\t<div id=\"text-1772733113\" class=\"text\">\n\t\t\n<h2>Podru\u010dja primjene:<\/h2>\n<p>Industrijski procesi<\/p>\n<p>Kori\u0161tenje otpada<\/p>\n<p>HVAC<\/p>\n<p>Industerija nafte i plina<\/p>\n<p>Industrijska predobrada<\/p>\n<p>Pro\u010di\u0161\u0107avanje otpadnih voda<\/p>\n<p>Upravljanje postrojenjima<\/p>\n\t\t\n<style>\n#text-1772733113 {\n  text-align: center;\n}\n<\/style>\n\t<\/div>\n\t\n\t\t<\/div>\n\t\t\t\t\t<\/div>\n\n\t\n\n<style>\n#row-1726278813 > .col > .col-inner {\n  padding: 2em 0px 0px 0px;\n}\n<\/style>\n<\/div>\n<p>&nbsp;<\/p>\n","protected":false},"excerpt":{"rendered":"<p>Prijenosni hibridni ultrazvu\u010dni mjera\u010d protoka Dynasonics\u00ae DXN-5P mo\u0107an je alat koji se koristi za rje\u0161avanje problema s protokom, bilo da \u017eelite brzo potvrditi o\u010ditanje protoka drugog mjera\u010da ili zabilje\u017eiti podatke o protoku ili toplinskoj energiji tijekom duljeg razdoblja.<\/p>\n<ul>\n<li>Raspon veli\u010dina &#8211; 15&#8230;1219 mm<\/li>\n<li>Raspon temperature &#8211; -40&#8230;121\u00b0 C<\/li>\n<li>Raspon protoka &#8211; 0,7&#8230;33 000 gpm<\/li>\n<li>To\u010dnost &#8211; \u00b1 0,5% \u00b1 0,025 ft\/s (0,008 m\/s)<\/li>\n<\/ul>\n","protected":false},"featured_media":1321,"template":"","meta":[],"product_cat":[17,18],"product_tag":[295,293],"class_list":["post-1320","product","type-product","status-publish","has-post-thumbnail","hentry","product_cat-ispitivanje-i-mjerenje-kvalitete-vode","product_cat-nadzor-uvjeta-u-okolisu","product_tag-badger-meter","product_tag-dxn-5p"],"yoast_head":"<!-- This site is optimized with the Yoast SEO plugin v25.0 - https:\/\/yoast.com\/wordpress\/plugins\/seo\/ -->\n<title>Prijenosni ultrazvu\u010dni mjera\u010d protoka DXN-5P, Badger meter - Vode.hr<\/title>\n<meta name=\"description\" content=\"Prijenosni hibridni ultrazvu\u010dni mjera\u010d protoka Dynasonics\u00ae DXN-5P mo\u0107an je alat koji se koristi za rje\u0161avanje problema s protokom, bilo da \u017eelite brzo potvrditi o\u010ditanje protoka drugog mjera\u010da ili zabilje\u017eiti podatke o protoku ili toplinskoj energiji tijekom duljeg razdoblja.   Raspon veli\u010dina - 15...1219 mm  Raspon temperature - -40...121\u00b0 C  Raspon protoka - 0,7...33 000 gpm  To\u010dnost - \u00b1 0,5% \u00b1 0,025 ft\/s (0,008 m\/s)\" \/>\n<meta name=\"robots\" content=\"index, follow, max-snippet:-1, max-image-preview:large, max-video-preview:-1\" \/>\n<link rel=\"canonical\" href=\"https:\/\/vode.hr\/bs\/proizvod\/prijenosni-ultrazvucni-mjerac-protoka-dxn-5p-badger-meter\/\" \/>\n<meta property=\"og:locale\" content=\"bs_BA\" \/>\n<meta property=\"og:type\" content=\"article\" \/>\n<meta property=\"og:title\" content=\"Prijenosni ultrazvu\u010dni mjera\u010d protoka DXN-5P, Badger meter - Vode.hr\" \/>\n<meta property=\"og:description\" content=\"Prijenosni hibridni ultrazvu\u010dni mjera\u010d protoka Dynasonics\u00ae DXN-5P mo\u0107an je alat koji se koristi za rje\u0161avanje problema s protokom, bilo da \u017eelite brzo potvrditi o\u010ditanje protoka drugog mjera\u010da ili zabilje\u017eiti podatke o protoku ili toplinskoj energiji tijekom duljeg razdoblja.   Raspon veli\u010dina - 15...1219 mm  Raspon temperature - -40...121\u00b0 C  Raspon protoka - 0,7...33 000 gpm  To\u010dnost - \u00b1 0,5% \u00b1 0,025 ft\/s (0,008 m\/s)\" \/>\n<meta property=\"og:url\" content=\"https:\/\/vode.hr\/bs\/proizvod\/prijenosni-ultrazvucni-mjerac-protoka-dxn-5p-badger-meter\/\" \/>\n<meta property=\"og:site_name\" content=\"Vode.hr\" \/>\n<meta property=\"article:publisher\" content=\"https:\/\/www.facebook.com\/vode.hr\" \/>\n<meta property=\"article:modified_time\" content=\"2025-10-24T08:56:55+00:00\" \/>\n<meta property=\"og:image\" content=\"http:\/\/vode.hr\/wp-content\/uploads\/2023\/04\/Digitalni-mjerac-kvalitete-vode-ProSolo-1000-fb.jpg\" \/>\n\t<meta property=\"og:image:width\" content=\"400\" \/>\n\t<meta property=\"og:image:height\" content=\"400\" \/>\n\t<meta property=\"og:image:type\" content=\"image\/jpeg\" \/>\n<meta name=\"twitter:card\" content=\"summary_large_image\" \/>\n<meta name=\"twitter:label1\" content=\"Est. reading time\" \/>\n\t<meta name=\"twitter:data1\" content=\"2 minute\" \/>\n<script type=\"application\/ld+json\" class=\"yoast-schema-graph\">{\"@context\":\"https:\/\/schema.org\",\"@graph\":[{\"@type\":[\"WebPage\",\"ItemPage\"],\"@id\":\"https:\/\/vode.hr\/bs\/proizvod\/prijenosni-ultrazvucni-mjerac-protoka-dxn-5p-badger-meter\/\",\"url\":\"https:\/\/vode.hr\/bs\/proizvod\/prijenosni-ultrazvucni-mjerac-protoka-dxn-5p-badger-meter\/\",\"name\":\"Prijenosni ultrazvu\u010dni mjera\u010d protoka DXN-5P, Badger meter - Vode.hr\",\"isPartOf\":{\"@id\":\"https:\/\/vode.hr\/bs\/#website\"},\"primaryImageOfPage\":{\"@id\":\"https:\/\/vode.hr\/bs\/proizvod\/prijenosni-ultrazvucni-mjerac-protoka-dxn-5p-badger-meter\/#primaryimage\"},\"image\":{\"@id\":\"https:\/\/vode.hr\/bs\/proizvod\/prijenosni-ultrazvucni-mjerac-protoka-dxn-5p-badger-meter\/#primaryimage\"},\"thumbnailUrl\":\"https:\/\/vode.hr\/wp-content\/uploads\/2025\/10\/DXN-5P-with-Large-Pipe-low-res.png\",\"datePublished\":\"2025-10-22T11:37:56+00:00\",\"dateModified\":\"2025-10-24T08:56:55+00:00\",\"description\":\"Prijenosni hibridni ultrazvu\u010dni mjera\u010d protoka Dynasonics\u00ae DXN-5P mo\u0107an je alat koji se koristi za rje\u0161avanje problema s protokom, bilo da \u017eelite brzo potvrditi o\u010ditanje protoka drugog mjera\u010da ili zabilje\u017eiti podatke o protoku ili toplinskoj energiji tijekom duljeg razdoblja. Raspon veli\u010dina - 15...1219 mm Raspon temperature - -40...121\u00b0 C Raspon protoka - 0,7...33 000 gpm To\u010dnost - \u00b1 0,5% \u00b1 0,025 ft\/s (0,008 m\/s)\",\"breadcrumb\":{\"@id\":\"https:\/\/vode.hr\/bs\/proizvod\/prijenosni-ultrazvucni-mjerac-protoka-dxn-5p-badger-meter\/#breadcrumb\"},\"inLanguage\":\"bs-BA\",\"potentialAction\":[{\"@type\":\"ReadAction\",\"target\":[\"https:\/\/vode.hr\/bs\/proizvod\/prijenosni-ultrazvucni-mjerac-protoka-dxn-5p-badger-meter\/\"]}]},{\"@type\":\"ImageObject\",\"inLanguage\":\"bs-BA\",\"@id\":\"https:\/\/vode.hr\/bs\/proizvod\/prijenosni-ultrazvucni-mjerac-protoka-dxn-5p-badger-meter\/#primaryimage\",\"url\":\"https:\/\/vode.hr\/wp-content\/uploads\/2025\/10\/DXN-5P-with-Large-Pipe-low-res.png\",\"contentUrl\":\"https:\/\/vode.hr\/wp-content\/uploads\/2025\/10\/DXN-5P-with-Large-Pipe-low-res.png\",\"width\":600,\"height\":600},{\"@type\":\"BreadcrumbList\",\"@id\":\"https:\/\/vode.hr\/bs\/proizvod\/prijenosni-ultrazvucni-mjerac-protoka-dxn-5p-badger-meter\/#breadcrumb\",\"itemListElement\":[{\"@type\":\"ListItem\",\"position\":1,\"name\":\"Po\u010detna stranica\",\"item\":\"https:\/\/vode.hr\/bs\/\"},{\"@type\":\"ListItem\",\"position\":2,\"name\":\"Trgovina\",\"item\":\"https:\/\/vode.hr\/trgovina\/\"},{\"@type\":\"ListItem\",\"position\":3,\"name\":\"Prijenosni ultrazvu\u010dni mjera\u010d protoka DXN-5P, Badger meter\"}]},{\"@type\":\"WebSite\",\"@id\":\"https:\/\/vode.hr\/bs\/#website\",\"url\":\"https:\/\/vode.hr\/bs\/\",\"name\":\"Vode.hr\",\"description\":\"Mjerenje kvalitete voda, dezinfekcija vode i ure\u0111aji za mjerenje uvjeta u okoli\u0161u\",\"publisher\":{\"@id\":\"https:\/\/vode.hr\/bs\/#organization\"},\"potentialAction\":[{\"@type\":\"SearchAction\",\"target\":{\"@type\":\"EntryPoint\",\"urlTemplate\":\"https:\/\/vode.hr\/bs\/?s={search_term_string}\"},\"query-input\":{\"@type\":\"PropertyValueSpecification\",\"valueRequired\":true,\"valueName\":\"search_term_string\"}}],\"inLanguage\":\"bs-BA\"},{\"@type\":\"Organization\",\"@id\":\"https:\/\/vode.hr\/bs\/#organization\",\"name\":\"Primotronic d.o.o.\",\"url\":\"https:\/\/vode.hr\/bs\/\",\"logo\":{\"@type\":\"ImageObject\",\"inLanguage\":\"bs-BA\",\"@id\":\"https:\/\/vode.hr\/bs\/#\/schema\/logo\/image\/\",\"url\":\"http:\/\/vode.hr\/wp-content\/uploads\/2023\/04\/vode-1.png\",\"contentUrl\":\"http:\/\/vode.hr\/wp-content\/uploads\/2023\/04\/vode-1.png\",\"width\":300,\"height\":99,\"caption\":\"Primotronic d.o.o.\"},\"image\":{\"@id\":\"https:\/\/vode.hr\/bs\/#\/schema\/logo\/image\/\"},\"sameAs\":[\"https:\/\/www.facebook.com\/vode.hr\"]}]}<\/script>\n<!-- \/ Yoast SEO plugin. -->","yoast_head_json":{"title":"Prijenosni ultrazvu\u010dni mjera\u010d protoka DXN-5P, Badger meter - Vode.hr","description":"Prijenosni hibridni ultrazvu\u010dni mjera\u010d protoka Dynasonics\u00ae DXN-5P mo\u0107an je alat koji se koristi za rje\u0161avanje problema s protokom, bilo da \u017eelite brzo potvrditi o\u010ditanje protoka drugog mjera\u010da ili zabilje\u017eiti podatke o protoku ili toplinskoj energiji tijekom duljeg razdoblja.   Raspon veli\u010dina - 15...1219 mm  Raspon temperature - -40...121\u00b0 C  Raspon protoka - 0,7...33 000 gpm  To\u010dnost - \u00b1 0,5% \u00b1 0,025 ft\/s (0,008 m\/s)","robots":{"index":"index","follow":"follow","max-snippet":"max-snippet:-1","max-image-preview":"max-image-preview:large","max-video-preview":"max-video-preview:-1"},"canonical":"https:\/\/vode.hr\/bs\/proizvod\/prijenosni-ultrazvucni-mjerac-protoka-dxn-5p-badger-meter\/","og_locale":"bs_BA","og_type":"article","og_title":"Prijenosni ultrazvu\u010dni mjera\u010d protoka DXN-5P, Badger meter - Vode.hr","og_description":"Prijenosni hibridni ultrazvu\u010dni mjera\u010d protoka Dynasonics\u00ae DXN-5P mo\u0107an je alat koji se koristi za rje\u0161avanje problema s protokom, bilo da \u017eelite brzo potvrditi o\u010ditanje protoka drugog mjera\u010da ili zabilje\u017eiti podatke o protoku ili toplinskoj energiji tijekom duljeg razdoblja.   Raspon veli\u010dina - 15...1219 mm  Raspon temperature - -40...121\u00b0 C  Raspon protoka - 0,7...33 000 gpm  To\u010dnost - \u00b1 0,5% \u00b1 0,025 ft\/s (0,008 m\/s)","og_url":"https:\/\/vode.hr\/bs\/proizvod\/prijenosni-ultrazvucni-mjerac-protoka-dxn-5p-badger-meter\/","og_site_name":"Vode.hr","article_publisher":"https:\/\/www.facebook.com\/vode.hr","article_modified_time":"2025-10-24T08:56:55+00:00","og_image":[{"width":400,"height":400,"url":"http:\/\/vode.hr\/wp-content\/uploads\/2023\/04\/Digitalni-mjerac-kvalitete-vode-ProSolo-1000-fb.jpg","type":"image\/jpeg"}],"twitter_card":"summary_large_image","twitter_misc":{"Est. reading time":"2 minute"},"schema":{"@context":"https:\/\/schema.org","@graph":[{"@type":["WebPage","ItemPage"],"@id":"https:\/\/vode.hr\/bs\/proizvod\/prijenosni-ultrazvucni-mjerac-protoka-dxn-5p-badger-meter\/","url":"https:\/\/vode.hr\/bs\/proizvod\/prijenosni-ultrazvucni-mjerac-protoka-dxn-5p-badger-meter\/","name":"Prijenosni ultrazvu\u010dni mjera\u010d protoka DXN-5P, Badger meter - Vode.hr","isPartOf":{"@id":"https:\/\/vode.hr\/bs\/#website"},"primaryImageOfPage":{"@id":"https:\/\/vode.hr\/bs\/proizvod\/prijenosni-ultrazvucni-mjerac-protoka-dxn-5p-badger-meter\/#primaryimage"},"image":{"@id":"https:\/\/vode.hr\/bs\/proizvod\/prijenosni-ultrazvucni-mjerac-protoka-dxn-5p-badger-meter\/#primaryimage"},"thumbnailUrl":"https:\/\/vode.hr\/wp-content\/uploads\/2025\/10\/DXN-5P-with-Large-Pipe-low-res.png","datePublished":"2025-10-22T11:37:56+00:00","dateModified":"2025-10-24T08:56:55+00:00","description":"Prijenosni hibridni ultrazvu\u010dni mjera\u010d protoka Dynasonics\u00ae DXN-5P mo\u0107an je alat koji se koristi za rje\u0161avanje problema s protokom, bilo da \u017eelite brzo potvrditi o\u010ditanje protoka drugog mjera\u010da ili zabilje\u017eiti podatke o protoku ili toplinskoj energiji tijekom duljeg razdoblja. Raspon veli\u010dina - 15...1219 mm Raspon temperature - -40...121\u00b0 C Raspon protoka - 0,7...33 000 gpm To\u010dnost - \u00b1 0,5% \u00b1 0,025 ft\/s (0,008 m\/s)","breadcrumb":{"@id":"https:\/\/vode.hr\/bs\/proizvod\/prijenosni-ultrazvucni-mjerac-protoka-dxn-5p-badger-meter\/#breadcrumb"},"inLanguage":"bs-BA","potentialAction":[{"@type":"ReadAction","target":["https:\/\/vode.hr\/bs\/proizvod\/prijenosni-ultrazvucni-mjerac-protoka-dxn-5p-badger-meter\/"]}]},{"@type":"ImageObject","inLanguage":"bs-BA","@id":"https:\/\/vode.hr\/bs\/proizvod\/prijenosni-ultrazvucni-mjerac-protoka-dxn-5p-badger-meter\/#primaryimage","url":"https:\/\/vode.hr\/wp-content\/uploads\/2025\/10\/DXN-5P-with-Large-Pipe-low-res.png","contentUrl":"https:\/\/vode.hr\/wp-content\/uploads\/2025\/10\/DXN-5P-with-Large-Pipe-low-res.png","width":600,"height":600},{"@type":"BreadcrumbList","@id":"https:\/\/vode.hr\/bs\/proizvod\/prijenosni-ultrazvucni-mjerac-protoka-dxn-5p-badger-meter\/#breadcrumb","itemListElement":[{"@type":"ListItem","position":1,"name":"Po\u010detna stranica","item":"https:\/\/vode.hr\/bs\/"},{"@type":"ListItem","position":2,"name":"Trgovina","item":"https:\/\/vode.hr\/trgovina\/"},{"@type":"ListItem","position":3,"name":"Prijenosni ultrazvu\u010dni mjera\u010d protoka DXN-5P, Badger meter"}]},{"@type":"WebSite","@id":"https:\/\/vode.hr\/bs\/#website","url":"https:\/\/vode.hr\/bs\/","name":"Vode.hr","description":"Mjerenje kvalitete voda, dezinfekcija vode i ure\u0111aji za mjerenje uvjeta u okoli\u0161u","publisher":{"@id":"https:\/\/vode.hr\/bs\/#organization"},"potentialAction":[{"@type":"SearchAction","target":{"@type":"EntryPoint","urlTemplate":"https:\/\/vode.hr\/bs\/?s={search_term_string}"},"query-input":{"@type":"PropertyValueSpecification","valueRequired":true,"valueName":"search_term_string"}}],"inLanguage":"bs-BA"},{"@type":"Organization","@id":"https:\/\/vode.hr\/bs\/#organization","name":"Primotronic d.o.o.","url":"https:\/\/vode.hr\/bs\/","logo":{"@type":"ImageObject","inLanguage":"bs-BA","@id":"https:\/\/vode.hr\/bs\/#\/schema\/logo\/image\/","url":"http:\/\/vode.hr\/wp-content\/uploads\/2023\/04\/vode-1.png","contentUrl":"http:\/\/vode.hr\/wp-content\/uploads\/2023\/04\/vode-1.png","width":300,"height":99,"caption":"Primotronic d.o.o."},"image":{"@id":"https:\/\/vode.hr\/bs\/#\/schema\/logo\/image\/"},"sameAs":["https:\/\/www.facebook.com\/vode.hr"]}]}},"_links":{"self":[{"href":"https:\/\/vode.hr\/bs\/wp-json\/wp\/v2\/product\/1320"}],"collection":[{"href":"https:\/\/vode.hr\/bs\/wp-json\/wp\/v2\/product"}],"about":[{"href":"https:\/\/vode.hr\/bs\/wp-json\/wp\/v2\/types\/product"}],"wp:featuredmedia":[{"embeddable":true,"href":"https:\/\/vode.hr\/bs\/wp-json\/wp\/v2\/media\/1321"}],"wp:attachment":[{"href":"https:\/\/vode.hr\/bs\/wp-json\/wp\/v2\/media?parent=1320"}],"wp:term":[{"taxonomy":"product_cat","embeddable":true,"href":"https:\/\/vode.hr\/bs\/wp-json\/wp\/v2\/product_cat?post=1320"},{"taxonomy":"product_tag","embeddable":true,"href":"https:\/\/vode.hr\/bs\/wp-json\/wp\/v2\/product_tag?post=1320"}],"curies":[{"name":"wp","href":"https:\/\/api.w.org\/{rel}","templated":true}]}}