{"id":1337,"date":"2025-10-27T12:16:16","date_gmt":"2025-10-27T11:16:16","guid":{"rendered":"https:\/\/vode.hr\/?post_type=product&#038;p=1337"},"modified":"2025-10-29T12:08:21","modified_gmt":"2025-10-29T11:08:21","slug":"upravljanje-prijelaznim-tlakovima-transient-management-badger-meter","status":"publish","type":"product","link":"https:\/\/vode.hr\/bs\/proizvod\/upravljanje-prijelaznim-tlakovima-transient-management-badger-meter\/","title":{"rendered":"Upravljanje prijelaznim tlakovima (Transient Management), Badger meter"},"content":{"rendered":"<div class=\"row\"  id=\"row-1573280398\">\n\n\t<div id=\"col-1347093022\" class=\"col small-12 large-12\"  >\n\t\t\t\t<div class=\"col-inner\"  >\n\t\t\t\n\t\t\t\n\t<div id=\"text-2475565863\" class=\"text\">\n\t\t\n<h2><strong data-start=\"0\" data-end=\"81\" data-is-only-node=\"\">Produ\u017eite vijek trajanja opreme, smanjite gubitke i sprije\u010dite pucanja cijevi<\/strong> pra\u0107enjem prijelaznih tlakova putem <strong data-start=\"118\" data-end=\"154\" data-is-last-node=\"\">prikupljanja i analize podataka.<\/strong><\/h2>\n\t\t\n<style>\n#text-2475565863 {\n  font-size: 1.3rem;\n  text-align: center;\n}\n<\/style>\n\t<\/div>\n\t\n\t<div id=\"text-3113656242\" class=\"text\">\n\t\t\n\t\t\n<style>\n#text-3113656242 {\n  font-size: 0.9rem;\n  text-align: center;\n}\n<\/style>\n\t<\/div>\n\t\n\t\t<\/div>\n\t\t\t\t\t<\/div>\n\n\t\n\n<style>\n#row-1573280398 > .col > .col-inner {\n  padding: 3em 0px 0px 0px;\n}\n<\/style>\n<\/div>\n\t<section class=\"section\" id=\"section_660534419\">\n\t\t<div class=\"bg section-bg fill bg-fill  bg-loaded\" >\n\n\t\t\t\n\t\t\t\n\t\t\t\n\n\t\t<\/div>\n\n\t\t\n\n\t\t<div class=\"section-content relative\">\n\t\t\t\n<div class=\"row align-middle\"  id=\"row-1324306005\">\n\n\t<div id=\"col-678776110\" class=\"col medium-6 small-12 large-6\"  >\n\t\t\t\t<div class=\"col-inner\"  >\n\t\t\t\n\t\t\t\n\t<div id=\"text-1568825510\" class=\"text\">\n\t\t\n\t\t\n<style>\n#text-1568825510 {\n  text-align: center;\n}\n<\/style>\n\t<\/div>\n\t\n<div class=\"is-divider divider clearfix\" style=\"max-width:100%;\"><\/div>\n<h2>Proizvodi:<\/h2>\n<ul>\n<li data-start=\"16\" data-end=\"357\">\n<p data-start=\"18\" data-end=\"357\"><strong data-start=\"18\" data-end=\"49\">PIPEMINDER-ONE Standard \u2013 ure\u0111aj za bilje\u017eenje podataka o prijelaznim tlakovima<br \/>\n<\/strong>Visokorezolucijsko bilje\u017eenje podataka o tlaku omogu\u0107uje otkrivanje prijelaznih tlakova i pucanja cijevi, uz pru\u017eanje vrijednih uvida za stabilizaciju mre\u017ee.<strong data-start=\"18\" data-end=\"49\"><br \/>\n<\/strong><\/p>\n<\/li>\n<li data-start=\"358\" data-end=\"514\">\n<p data-start=\"360\" data-end=\"514\"><strong data-start=\"360\" data-end=\"390\">PIPEMINDER-ONE Hydrant \u2013 ure\u0111aj za bilje\u017eenje podataka o prijelaznim tlakovima na hidrantima<br \/>\n<\/strong>Potpuno integrirano rje\u0161enje koje se montira na hidrant pru\u017ea sve funkcionalnosti ure\u0111aja PIPEMINDER-ONE u sigurnom, kompaktom senzoru koji je prilagodljiv svim vrstama hidranta.<strong data-start=\"360\" data-end=\"390\"><br \/>\n<\/strong><\/p>\n<\/li>\n<li data-start=\"515\" data-end=\"675\">\n<p data-start=\"517\" data-end=\"675\"><strong data-start=\"517\" data-end=\"542\">PIPEMINDER-ONE Vanjski Data Logger za Prolazni Tlak<br \/>\n<\/strong>Sve zna\u010dajke standardne verzije s mogu\u0107no\u0161\u0107u povezivanja vanjskog senzora, prikladnog za otpadne vode, omogu\u0107uju\u0107i pra\u0107enje opreme, alarmiranje performansi pumpi i jo\u0161 mnogo toga.<strong data-start=\"517\" data-end=\"542\"><br \/>\n<\/strong><\/p>\n<\/li>\n<li data-start=\"676\" data-end=\"931\" data-is-last-node=\"\">\n<p data-start=\"678\" data-end=\"931\" data-is-last-node=\"\"><strong data-start=\"678\" data-end=\"698\">Ru-32imA Vi\u0161ekanalni Telemetrijski i Impulsni Monitor<br \/>\n<\/strong>Ru-32imA omogu\u0107uje pra\u0107enje u stvarnom vremenu i alarmiranje tlaka, senzora protoka, ventila i mjernih ure\u0111aja smje\u0161tenih u zahtjevnim okru\u017eenjima, tipi\u010dnim za sustave distribucije vode i odvodnje, poput podzemnih vodenih komora. Osim pra\u0107enja tlaka na dva tlaka kanala, impulsno snimanje pohranjuje oblik valova zabilje\u017eenih prolaznih tlakova (impulsa) otkrivenih na nadziranom sustavu.<strong data-start=\"678\" data-end=\"698\"><br \/>\n<\/strong><\/p>\n<\/li>\n<li data-start=\"676\" data-end=\"931\" data-is-last-node=\"\"><strong>PR-32iA Snima\u010d Impulsa i Tlaka<br \/>\n<\/strong>PR-32iA je be\u017ei\u010dni, na baterije napajan jednokanalni tlakomjer koji se koristi za mjerenje i snimanje tlaka vode, a mo\u017ee se koristiti i za pra\u0107enje razine vode u spremnicima, bunarima i akviferima. Podaci se potom automatski prenose u aplikaciju putem mobilne mre\u017ee. Funkcija snimanja impulsa pohranjuje oblik valova zabilje\u017eenih prolaznih tlakova otkrivenih na nadziranom sustavu.<\/li>\n<li data-start=\"676\" data-end=\"931\" data-is-last-node=\"\"><strong>Ru-35 Potopna RTU (Remote Terminal Unit)<br \/>\n<\/strong>Ru-35 omogu\u0107uje pra\u0107enje u stvarnom vremenu i alarmiranje instrumenata i senzora za protok, tlak i kvalitetu vode, smje\u0161tenih u zahtjevnim uvjetima kanalizacijskih sustava i podzemnih vodenih komora.<br \/>\n<strong><br \/>\n<\/strong><\/li>\n<li data-start=\"676\" data-end=\"931\" data-is-last-node=\"\"><strong>RS-45 RTU za Pra\u0107enje Vode i Otpadnih Voda<\/strong><br \/>\nRTU za vodu i otpadne vode omogu\u0107uje pra\u0107enje i alarmiranje instrumenata i senzora u gotovo stvarnom vremenu, smje\u0161tenih u sustavima distribucije vode i prikupljanja otpadnih voda. Dizajniran za ugradnju iznad tla, RS-45 predstavlja ekonomi\u010dno i sveobuhvatno rje\u0161enje s ku\u0107i\u0161tem ocijenjenim IP-65, omogu\u0107uju\u0107i razne vrste ulaznih podataka za primjenu u razli\u010ditim sustavima.<\/li>\n<\/ul>\n\t\t<\/div>\n\t\t\t\t\n<style>\n#col-678776110 > .col-inner {\n  padding: 2em 1em 0px 1em;\n}\n@media (min-width:550px) {\n  #col-678776110 > .col-inner {\n    padding: 0px 0px 0px 2em;\n  }\n}\n<\/style>\n\t<\/div>\n\n\t\n\n\t<div id=\"col-775747988\" class=\"col medium-6 small-12 large-6\"  >\n\t\t\t\t<div class=\"col-inner\"  >\n\t\t\t\n\t\t\t\n\t<div class=\"img has-hover x md-x lg-x y md-y lg-y\" id=\"image_3514486\">\n\t\t\t\t\t\t\t\t<div class=\"img-inner dark\" style=\"margin:0px 0px 0px 0px;\">\n\t\t\t<img loading=\"lazy\" decoding=\"async\" width=\"1414\" height=\"2000\" src=\"https:\/\/vode.hr\/wp-content\/uploads\/2025\/10\/grupna.png\" class=\"attachment-original size-original\" alt=\"\" srcset=\"https:\/\/vode.hr\/wp-content\/uploads\/2025\/10\/grupna.png 1414w, https:\/\/vode.hr\/wp-content\/uploads\/2025\/10\/grupna-212x300.png 212w, https:\/\/vode.hr\/wp-content\/uploads\/2025\/10\/grupna-724x1024.png 724w, https:\/\/vode.hr\/wp-content\/uploads\/2025\/10\/grupna-768x1086.png 768w, https:\/\/vode.hr\/wp-content\/uploads\/2025\/10\/grupna-1086x1536.png 1086w, https:\/\/vode.hr\/wp-content\/uploads\/2025\/10\/grupna-650x919.png 650w\" sizes=\"(max-width: 1414px) 100vw, 1414px\" \/>\t\t\t\t\t\t\n\t\t\t\t\t<\/div>\n\t\t\t\t\t\t\t\t\n<style>\n#image_3514486 {\n  width: 100%;\n}\n<\/style>\n\t<\/div>\n\t\n\t\t<\/div>\n\t\t\t\t\t<\/div>\n\n\t\n<\/div>\n\t\t<\/div>\n\n\t\t\n<style>\n#section_660534419 {\n  padding-top: 0px;\n  padding-bottom: 0px;\n  background-color: rgb(221, 239, 239);\n}\n<\/style>\n\t<\/section>\n\t\n<div class=\"row align-middle\"  id=\"row-465746062\">\n\n<style>\n#row-465746062 > .col > .col-inner {\n  padding: 2em 0px 0px 0px;\n}\n<\/style>\n<\/div>\n\n\t<div id=\"col-1237175132\" class=\"col medium-6 small-12 large-6\"  >\n\t\t\t\t<div class=\"col-inner\"  >\n\t\t\t\n\t\t\t\t\t<\/div>\n\t\t\t\t\t<\/div>\n\n\t\n<p>&nbsp;<\/p>\n","protected":false},"excerpt":{"rendered":"<p>Prijelazni tlakovi, poznatiji kao <strong data-start=\"98\" data-end=\"115\">\u201evodeni udar\u201c<\/strong>, kratkotrajni su tlakovni valovi koji uzrokuju brze promjene tlaka u cijevima unutar vodoopskrbnih mre\u017ea. Oni stvaraju <strong data-start=\"235\" data-end=\"268\">naprezanje i zamor materijala<\/strong> na cjevovodima i drugoj opremi, \u0161to mo\u017ee dovesti do <strong data-start=\"321\" data-end=\"360\" data-is-last-node=\"\">pukotina, curenja i pucanja cijevi.<\/strong><\/p>\n","protected":false},"featured_media":1338,"template":"","meta":[],"product_cat":[17,18],"product_tag":[295,294],"class_list":["post-1337","product","type-product","status-publish","has-post-thumbnail","hentry","product_cat-ispitivanje-i-mjerenje-kvalitete-vode","product_cat-nadzor-uvjeta-u-okolisu","product_tag-badger-meter","product_tag-tfx-5000"],"yoast_head":"<!-- This site is optimized with the Yoast SEO plugin v25.0 - https:\/\/yoast.com\/wordpress\/plugins\/seo\/ -->\n<title>Upravljanje prijelaznim tlakovima (Transient Management), Badger meter - Vode.hr<\/title>\n<meta name=\"description\" content=\"Prijelazni tlakovi, poznatiji kao \u201evodeni udar\u201c, kratkotrajni su tlakovni valovi koji uzrokuju brze promjene tlaka u cijevima unutar vodoopskrbnih mre\u017ea. Oni stvaraju naprezanje i zamor materijala na cjevovodima i drugoj opremi, \u0161to mo\u017ee dovesti do pukotina, curenja i pucanja cijevi.\" \/>\n<meta name=\"robots\" content=\"index, follow, max-snippet:-1, max-image-preview:large, max-video-preview:-1\" \/>\n<link rel=\"canonical\" href=\"https:\/\/vode.hr\/bs\/proizvod\/upravljanje-prijelaznim-tlakovima-transient-management-badger-meter\/\" \/>\n<meta property=\"og:locale\" content=\"bs_BA\" \/>\n<meta property=\"og:type\" content=\"article\" \/>\n<meta property=\"og:title\" content=\"Upravljanje prijelaznim tlakovima (Transient Management), Badger meter - Vode.hr\" \/>\n<meta property=\"og:description\" content=\"Prijelazni tlakovi, poznatiji kao \u201evodeni udar\u201c, kratkotrajni su tlakovni valovi koji uzrokuju brze promjene tlaka u cijevima unutar vodoopskrbnih mre\u017ea. Oni stvaraju naprezanje i zamor materijala na cjevovodima i drugoj opremi, \u0161to mo\u017ee dovesti do pukotina, curenja i pucanja cijevi.\" \/>\n<meta property=\"og:url\" content=\"https:\/\/vode.hr\/bs\/proizvod\/upravljanje-prijelaznim-tlakovima-transient-management-badger-meter\/\" \/>\n<meta property=\"og:site_name\" content=\"Vode.hr\" \/>\n<meta property=\"article:publisher\" content=\"https:\/\/www.facebook.com\/vode.hr\" \/>\n<meta property=\"article:modified_time\" content=\"2025-10-29T11:08:21+00:00\" \/>\n<meta property=\"og:image\" content=\"http:\/\/vode.hr\/wp-content\/uploads\/2023\/04\/Digitalni-mjerac-kvalitete-vode-ProSolo-1000-fb.jpg\" \/>\n\t<meta property=\"og:image:width\" content=\"400\" \/>\n\t<meta property=\"og:image:height\" content=\"400\" \/>\n\t<meta property=\"og:image:type\" content=\"image\/jpeg\" \/>\n<meta name=\"twitter:card\" content=\"summary_large_image\" \/>\n<meta name=\"twitter:label1\" content=\"Est. reading time\" \/>\n\t<meta name=\"twitter:data1\" content=\"3 minute\" \/>\n<script type=\"application\/ld+json\" class=\"yoast-schema-graph\">{\"@context\":\"https:\/\/schema.org\",\"@graph\":[{\"@type\":[\"WebPage\",\"ItemPage\"],\"@id\":\"https:\/\/vode.hr\/bs\/proizvod\/upravljanje-prijelaznim-tlakovima-transient-management-badger-meter\/\",\"url\":\"https:\/\/vode.hr\/bs\/proizvod\/upravljanje-prijelaznim-tlakovima-transient-management-badger-meter\/\",\"name\":\"Upravljanje prijelaznim tlakovima (Transient Management), Badger meter - Vode.hr\",\"isPartOf\":{\"@id\":\"https:\/\/vode.hr\/bs\/#website\"},\"primaryImageOfPage\":{\"@id\":\"https:\/\/vode.hr\/bs\/proizvod\/upravljanje-prijelaznim-tlakovima-transient-management-badger-meter\/#primaryimage\"},\"image\":{\"@id\":\"https:\/\/vode.hr\/bs\/proizvod\/upravljanje-prijelaznim-tlakovima-transient-management-badger-meter\/#primaryimage\"},\"thumbnailUrl\":\"https:\/\/vode.hr\/wp-content\/uploads\/2025\/10\/04581548.jpg\",\"datePublished\":\"2025-10-27T11:16:16+00:00\",\"dateModified\":\"2025-10-29T11:08:21+00:00\",\"description\":\"Prijelazni tlakovi, poznatiji kao \u201evodeni udar\u201c, kratkotrajni su tlakovni valovi koji uzrokuju brze promjene tlaka u cijevima unutar vodoopskrbnih mre\u017ea. Oni stvaraju naprezanje i zamor materijala na cjevovodima i drugoj opremi, \u0161to mo\u017ee dovesti do pukotina, curenja i pucanja cijevi.\",\"breadcrumb\":{\"@id\":\"https:\/\/vode.hr\/bs\/proizvod\/upravljanje-prijelaznim-tlakovima-transient-management-badger-meter\/#breadcrumb\"},\"inLanguage\":\"bs-BA\",\"potentialAction\":[{\"@type\":\"ReadAction\",\"target\":[\"https:\/\/vode.hr\/bs\/proizvod\/upravljanje-prijelaznim-tlakovima-transient-management-badger-meter\/\"]}]},{\"@type\":\"ImageObject\",\"inLanguage\":\"bs-BA\",\"@id\":\"https:\/\/vode.hr\/bs\/proizvod\/upravljanje-prijelaznim-tlakovima-transient-management-badger-meter\/#primaryimage\",\"url\":\"https:\/\/vode.hr\/wp-content\/uploads\/2025\/10\/04581548.jpg\",\"contentUrl\":\"https:\/\/vode.hr\/wp-content\/uploads\/2025\/10\/04581548.jpg\",\"width\":600,\"height\":400},{\"@type\":\"BreadcrumbList\",\"@id\":\"https:\/\/vode.hr\/bs\/proizvod\/upravljanje-prijelaznim-tlakovima-transient-management-badger-meter\/#breadcrumb\",\"itemListElement\":[{\"@type\":\"ListItem\",\"position\":1,\"name\":\"Po\u010detna stranica\",\"item\":\"https:\/\/vode.hr\/bs\/\"},{\"@type\":\"ListItem\",\"position\":2,\"name\":\"Trgovina\",\"item\":\"https:\/\/vode.hr\/trgovina\/\"},{\"@type\":\"ListItem\",\"position\":3,\"name\":\"Upravljanje prijelaznim tlakovima (Transient Management), Badger meter\"}]},{\"@type\":\"WebSite\",\"@id\":\"https:\/\/vode.hr\/bs\/#website\",\"url\":\"https:\/\/vode.hr\/bs\/\",\"name\":\"Vode.hr\",\"description\":\"Mjerenje kvalitete voda, dezinfekcija vode i ure\u0111aji za mjerenje uvjeta u okoli\u0161u\",\"publisher\":{\"@id\":\"https:\/\/vode.hr\/bs\/#organization\"},\"potentialAction\":[{\"@type\":\"SearchAction\",\"target\":{\"@type\":\"EntryPoint\",\"urlTemplate\":\"https:\/\/vode.hr\/bs\/?s={search_term_string}\"},\"query-input\":{\"@type\":\"PropertyValueSpecification\",\"valueRequired\":true,\"valueName\":\"search_term_string\"}}],\"inLanguage\":\"bs-BA\"},{\"@type\":\"Organization\",\"@id\":\"https:\/\/vode.hr\/bs\/#organization\",\"name\":\"Primotronic d.o.o.\",\"url\":\"https:\/\/vode.hr\/bs\/\",\"logo\":{\"@type\":\"ImageObject\",\"inLanguage\":\"bs-BA\",\"@id\":\"https:\/\/vode.hr\/bs\/#\/schema\/logo\/image\/\",\"url\":\"http:\/\/vode.hr\/wp-content\/uploads\/2023\/04\/vode-1.png\",\"contentUrl\":\"http:\/\/vode.hr\/wp-content\/uploads\/2023\/04\/vode-1.png\",\"width\":300,\"height\":99,\"caption\":\"Primotronic d.o.o.\"},\"image\":{\"@id\":\"https:\/\/vode.hr\/bs\/#\/schema\/logo\/image\/\"},\"sameAs\":[\"https:\/\/www.facebook.com\/vode.hr\"]}]}<\/script>\n<!-- \/ Yoast SEO plugin. -->","yoast_head_json":{"title":"Upravljanje prijelaznim tlakovima (Transient Management), Badger meter - Vode.hr","description":"Prijelazni tlakovi, poznatiji kao \u201evodeni udar\u201c, kratkotrajni su tlakovni valovi koji uzrokuju brze promjene tlaka u cijevima unutar vodoopskrbnih mre\u017ea. Oni stvaraju naprezanje i zamor materijala na cjevovodima i drugoj opremi, \u0161to mo\u017ee dovesti do pukotina, curenja i pucanja cijevi.","robots":{"index":"index","follow":"follow","max-snippet":"max-snippet:-1","max-image-preview":"max-image-preview:large","max-video-preview":"max-video-preview:-1"},"canonical":"https:\/\/vode.hr\/bs\/proizvod\/upravljanje-prijelaznim-tlakovima-transient-management-badger-meter\/","og_locale":"bs_BA","og_type":"article","og_title":"Upravljanje prijelaznim tlakovima (Transient Management), Badger meter - Vode.hr","og_description":"Prijelazni tlakovi, poznatiji kao \u201evodeni udar\u201c, kratkotrajni su tlakovni valovi koji uzrokuju brze promjene tlaka u cijevima unutar vodoopskrbnih mre\u017ea. Oni stvaraju naprezanje i zamor materijala na cjevovodima i drugoj opremi, \u0161to mo\u017ee dovesti do pukotina, curenja i pucanja cijevi.","og_url":"https:\/\/vode.hr\/bs\/proizvod\/upravljanje-prijelaznim-tlakovima-transient-management-badger-meter\/","og_site_name":"Vode.hr","article_publisher":"https:\/\/www.facebook.com\/vode.hr","article_modified_time":"2025-10-29T11:08:21+00:00","og_image":[{"width":400,"height":400,"url":"http:\/\/vode.hr\/wp-content\/uploads\/2023\/04\/Digitalni-mjerac-kvalitete-vode-ProSolo-1000-fb.jpg","type":"image\/jpeg"}],"twitter_card":"summary_large_image","twitter_misc":{"Est. reading time":"3 minute"},"schema":{"@context":"https:\/\/schema.org","@graph":[{"@type":["WebPage","ItemPage"],"@id":"https:\/\/vode.hr\/bs\/proizvod\/upravljanje-prijelaznim-tlakovima-transient-management-badger-meter\/","url":"https:\/\/vode.hr\/bs\/proizvod\/upravljanje-prijelaznim-tlakovima-transient-management-badger-meter\/","name":"Upravljanje prijelaznim tlakovima (Transient Management), Badger meter - Vode.hr","isPartOf":{"@id":"https:\/\/vode.hr\/bs\/#website"},"primaryImageOfPage":{"@id":"https:\/\/vode.hr\/bs\/proizvod\/upravljanje-prijelaznim-tlakovima-transient-management-badger-meter\/#primaryimage"},"image":{"@id":"https:\/\/vode.hr\/bs\/proizvod\/upravljanje-prijelaznim-tlakovima-transient-management-badger-meter\/#primaryimage"},"thumbnailUrl":"https:\/\/vode.hr\/wp-content\/uploads\/2025\/10\/04581548.jpg","datePublished":"2025-10-27T11:16:16+00:00","dateModified":"2025-10-29T11:08:21+00:00","description":"Prijelazni tlakovi, poznatiji kao \u201evodeni udar\u201c, kratkotrajni su tlakovni valovi koji uzrokuju brze promjene tlaka u cijevima unutar vodoopskrbnih mre\u017ea. Oni stvaraju naprezanje i zamor materijala na cjevovodima i drugoj opremi, \u0161to mo\u017ee dovesti do pukotina, curenja i pucanja cijevi.","breadcrumb":{"@id":"https:\/\/vode.hr\/bs\/proizvod\/upravljanje-prijelaznim-tlakovima-transient-management-badger-meter\/#breadcrumb"},"inLanguage":"bs-BA","potentialAction":[{"@type":"ReadAction","target":["https:\/\/vode.hr\/bs\/proizvod\/upravljanje-prijelaznim-tlakovima-transient-management-badger-meter\/"]}]},{"@type":"ImageObject","inLanguage":"bs-BA","@id":"https:\/\/vode.hr\/bs\/proizvod\/upravljanje-prijelaznim-tlakovima-transient-management-badger-meter\/#primaryimage","url":"https:\/\/vode.hr\/wp-content\/uploads\/2025\/10\/04581548.jpg","contentUrl":"https:\/\/vode.hr\/wp-content\/uploads\/2025\/10\/04581548.jpg","width":600,"height":400},{"@type":"BreadcrumbList","@id":"https:\/\/vode.hr\/bs\/proizvod\/upravljanje-prijelaznim-tlakovima-transient-management-badger-meter\/#breadcrumb","itemListElement":[{"@type":"ListItem","position":1,"name":"Po\u010detna stranica","item":"https:\/\/vode.hr\/bs\/"},{"@type":"ListItem","position":2,"name":"Trgovina","item":"https:\/\/vode.hr\/trgovina\/"},{"@type":"ListItem","position":3,"name":"Upravljanje prijelaznim tlakovima (Transient Management), Badger meter"}]},{"@type":"WebSite","@id":"https:\/\/vode.hr\/bs\/#website","url":"https:\/\/vode.hr\/bs\/","name":"Vode.hr","description":"Mjerenje kvalitete voda, dezinfekcija vode i ure\u0111aji za mjerenje uvjeta u okoli\u0161u","publisher":{"@id":"https:\/\/vode.hr\/bs\/#organization"},"potentialAction":[{"@type":"SearchAction","target":{"@type":"EntryPoint","urlTemplate":"https:\/\/vode.hr\/bs\/?s={search_term_string}"},"query-input":{"@type":"PropertyValueSpecification","valueRequired":true,"valueName":"search_term_string"}}],"inLanguage":"bs-BA"},{"@type":"Organization","@id":"https:\/\/vode.hr\/bs\/#organization","name":"Primotronic d.o.o.","url":"https:\/\/vode.hr\/bs\/","logo":{"@type":"ImageObject","inLanguage":"bs-BA","@id":"https:\/\/vode.hr\/bs\/#\/schema\/logo\/image\/","url":"http:\/\/vode.hr\/wp-content\/uploads\/2023\/04\/vode-1.png","contentUrl":"http:\/\/vode.hr\/wp-content\/uploads\/2023\/04\/vode-1.png","width":300,"height":99,"caption":"Primotronic d.o.o."},"image":{"@id":"https:\/\/vode.hr\/bs\/#\/schema\/logo\/image\/"},"sameAs":["https:\/\/www.facebook.com\/vode.hr"]}]}},"_links":{"self":[{"href":"https:\/\/vode.hr\/bs\/wp-json\/wp\/v2\/product\/1337"}],"collection":[{"href":"https:\/\/vode.hr\/bs\/wp-json\/wp\/v2\/product"}],"about":[{"href":"https:\/\/vode.hr\/bs\/wp-json\/wp\/v2\/types\/product"}],"wp:featuredmedia":[{"embeddable":true,"href":"https:\/\/vode.hr\/bs\/wp-json\/wp\/v2\/media\/1338"}],"wp:attachment":[{"href":"https:\/\/vode.hr\/bs\/wp-json\/wp\/v2\/media?parent=1337"}],"wp:term":[{"taxonomy":"product_cat","embeddable":true,"href":"https:\/\/vode.hr\/bs\/wp-json\/wp\/v2\/product_cat?post=1337"},{"taxonomy":"product_tag","embeddable":true,"href":"https:\/\/vode.hr\/bs\/wp-json\/wp\/v2\/product_tag?post=1337"}],"curies":[{"name":"wp","href":"https:\/\/api.w.org\/{rel}","templated":true}]}}