{"id":1342,"date":"2025-10-27T13:12:36","date_gmt":"2025-10-27T12:12:36","guid":{"rendered":"https:\/\/vode.hr\/?post_type=product&#038;p=1342"},"modified":"2025-10-29T11:49:41","modified_gmt":"2025-10-29T10:49:41","slug":"pipeminder-one-standardni-datalogger-za-prolazni-tlak-badger-meter","status":"publish","type":"product","link":"https:\/\/vode.hr\/bs\/proizvod\/pipeminder-one-standardni-datalogger-za-prolazni-tlak-badger-meter\/","title":{"rendered":"PIPEMINDER-ONE Standardni Datalogger za Prolazni Tlak, Badger meter"},"content":{"rendered":"<div class=\"row\"  id=\"row-1579807459\">\n\n\t<div id=\"col-1059516344\" class=\"col small-12 large-12\"  >\n\t\t\t\t<div class=\"col-inner\"  >\n\t\t\t\n\t\t\t\n\t<div id=\"text-874592701\" class=\"text\">\n\t\t\n<h2><strong>Od nadzora mre\u017ee do aktivnog smirivanja<br \/>\n<\/strong><\/h2>\n<p data-start=\"36\" data-end=\"365\">Transformirajte svoje snimanje podataka mre\u017ee uz visoko precizne, visokorezolucijske podatke o tlaku, detekciju prolaznih tlakova, trenutna alarmiranja i lociranje naglih udarnih valova, alarmiranje za visoki\/niski tlak te podr\u0161ku za integrirane podatke o protoku i kvaliteti vode.<\/p>\n<p data-start=\"367\" data-end=\"632\" data-is-last-node=\"\" data-is-only-node=\"\">Intuitivni API-i i integracije kombiniraju analizu tlaka s podacima tre\u0107ih strana i SCADA doga\u0111ajima za dublje uvide u mre\u017eu. Iskoristite na\u0161e inovativne alate za smirivanje i analizu mre\u017ee kako biste stabilizirali sustav, u\u010dinkovito i brzo smanjili budu\u0107e curenje.<\/p>\n\t\t\n<style>\n#text-874592701 {\n  font-size: 1.3rem;\n  text-align: center;\n}\n<\/style>\n\t<\/div>\n\t\n\t<div id=\"text-1859061395\" class=\"text\">\n\t\t\n\t\t\n<style>\n#text-1859061395 {\n  font-size: 0.9rem;\n  text-align: center;\n}\n<\/style>\n\t<\/div>\n\t\n\t\t<\/div>\n\t\t\t\t\t<\/div>\n\n\t\n\n<style>\n#row-1579807459 > .col > .col-inner {\n  padding: 3em 0px 0px 0px;\n}\n<\/style>\n<\/div>\n\t<section class=\"section\" id=\"section_1892983718\">\n\t\t<div class=\"bg section-bg fill bg-fill  bg-loaded\" >\n\n\t\t\t\n\t\t\t\n\t\t\t\n\n\t\t<\/div>\n\n\t\t\n\n\t\t<div class=\"section-content relative\">\n\t\t\t\n<div class=\"row align-middle\"  id=\"row-1660173745\">\n\n\t<div id=\"col-399269551\" class=\"col medium-6 small-12 large-6\"  >\n\t\t\t\t<div class=\"col-inner\"  >\n\t\t\t\n\t\t\t\n\t<div id=\"text-1523607736\" class=\"text\">\n\t\t\n\t\t\n<style>\n#text-1523607736 {\n  text-align: center;\n}\n<\/style>\n\t<\/div>\n\t\n<div class=\"is-divider divider clearfix\" style=\"max-width:100%;\"><\/div>\n<h2>Zna\u010dajke:<\/h2>\n<ul>\n<li data-start=\"52\" data-end=\"245\"><strong data-start=\"52\" data-end=\"83\">Alarmi za visoki\/niski tlak<\/strong><br data-start=\"83\" data-end=\"86\" \/>Primajte trenutna upozorenja kada tlak prelazi ili padne ispod \u017eeljenih granica, uz mogu\u0107nost \u010de\u0161\u0107eg izvje\u0161tavanja za detaljnije uvide kada je to najva\u017enije.<\/li>\n<li data-start=\"247\" data-end=\"538\"><strong data-start=\"247\" data-end=\"314\">Smanjenje curenja putem smirivanja mre\u017ee temeljenog na podacima<\/strong><br data-start=\"314\" data-end=\"317\" \/>Izvje\u0161tavanje tlaka visoke rezolucije s 128 uzoraka u sekundi omogu\u0107uje na\u0161e inteligentne uvide u prolazne tlakove, uklju\u010duju\u0107i klasifikaciju valnog oblika tlaka, triangulaciju izvora doga\u0111aja i pametne alarme doga\u0111aja.<\/li>\n<li data-start=\"540\" data-end=\"725\"><strong data-start=\"540\" data-end=\"592\">Upozorenja i lociranje prekida i \u0161tetnih tlakova<\/strong><br data-start=\"592\" data-end=\"595\" \/>Trenutna upozorenja putem e-po\u0161te i SMS-a, uz izvoz alarma na va\u0161e operativne platforme, informiraju vas o kriti\u010dnim doga\u0111ajima.<\/li>\n<li data-start=\"727\" data-end=\"930\"><strong data-start=\"727\" data-end=\"765\">Kombinacija kvalitete vode i tlaka<\/strong><br data-start=\"765\" data-end=\"768\" \/>Povezani senzori kvalitete vode mogu se izvje\u0161tavati sinkronizirano s podacima o tlaku i doga\u0111ajima, pru\u017eaju\u0107i duboke uvide u potencijalno \u0161tetno pona\u0161anje mre\u017ee.<\/li>\n<li style=\"list-style-type: none;\" data-start=\"137\" data-end=\"187\">\n<ul>\n<li style=\"list-style-type: none;\" data-start=\"559\" data-end=\"738\"><\/li>\n<\/ul>\n<\/li>\n<\/ul>\n\t\t<\/div>\n\t\t\t\t\n<style>\n#col-399269551 > .col-inner {\n  padding: 2em 1em 0px 1em;\n}\n@media (min-width:550px) {\n  #col-399269551 > .col-inner {\n    padding: 0px 0px 0px 2em;\n  }\n}\n<\/style>\n\t<\/div>\n\n\t\n\n\t<div id=\"col-1925816983\" class=\"col medium-6 small-12 large-6\"  >\n\t\t\t\t<div class=\"col-inner\"  >\n\t\t\t\n\t\t\t\n\t<div class=\"img has-hover x md-x lg-x y md-y lg-y\" id=\"image_1715618435\">\n\t\t\t\t\t\t\t\t<div class=\"img-inner dark\" style=\"margin:0px 0px 0px 0px;\">\n\t\t\t<img loading=\"lazy\" decoding=\"async\" width=\"683\" height=\"382\" src=\"https:\/\/vode.hr\/wp-content\/uploads\/2025\/10\/skica.png\" class=\"attachment-original size-original\" alt=\"\" srcset=\"https:\/\/vode.hr\/wp-content\/uploads\/2025\/10\/skica.png 683w, https:\/\/vode.hr\/wp-content\/uploads\/2025\/10\/skica-300x168.png 300w, https:\/\/vode.hr\/wp-content\/uploads\/2025\/10\/skica-650x364.png 650w\" sizes=\"(max-width: 683px) 100vw, 683px\" \/>\t\t\t\t\t\t\n\t\t\t\t\t<\/div>\n\t\t\t\t\t\t\t\t\n<style>\n#image_1715618435 {\n  width: 100%;\n}\n<\/style>\n\t<\/div>\n\t\n\t\t<\/div>\n\t\t\t\t\t<\/div>\n\n\t\n<\/div>\n\t\t<\/div>\n\n\t\t\n<style>\n#section_1892983718 {\n  padding-top: 0px;\n  padding-bottom: 0px;\n  background-color: rgb(221, 239, 239);\n}\n<\/style>\n\t<\/section>\n\t\n<div class=\"row align-middle\"  id=\"row-1195566497\">\n\n\t<div id=\"col-1909281813\" class=\"col medium-6 small-12 large-6\"  >\n\t\t\t\t<div class=\"col-inner\"  >\n\t\t\t\n\t\t\t\n\t<div class=\"img has-hover x md-x lg-x y md-y lg-y\" id=\"image_2101608076\">\n\t\t\t\t\t\t\t\t<div class=\"img-inner dark\" >\n\t\t\t<img loading=\"lazy\" decoding=\"async\" width=\"600\" height=\"600\" src=\"https:\/\/vode.hr\/wp-content\/uploads\/2025\/10\/RADAR-Cloud-Data-Platform-low_res-600x600-1.jpg\" class=\"attachment-original size-original\" alt=\"\" srcset=\"https:\/\/vode.hr\/wp-content\/uploads\/2025\/10\/RADAR-Cloud-Data-Platform-low_res-600x600-1.jpg 600w, https:\/\/vode.hr\/wp-content\/uploads\/2025\/10\/RADAR-Cloud-Data-Platform-low_res-600x600-1-300x300.jpg 300w, https:\/\/vode.hr\/wp-content\/uploads\/2025\/10\/RADAR-Cloud-Data-Platform-low_res-600x600-1-150x150.jpg 150w, https:\/\/vode.hr\/wp-content\/uploads\/2025\/10\/RADAR-Cloud-Data-Platform-low_res-600x600-1-370x370.jpg 370w, https:\/\/vode.hr\/wp-content\/uploads\/2025\/10\/RADAR-Cloud-Data-Platform-low_res-600x600-1-100x100.jpg 100w\" sizes=\"(max-width: 600px) 100vw, 600px\" \/>\t\t\t\t\t\t\n\t\t\t\t\t<\/div>\n\t\t\t\t\t\t\t\t\n<style>\n#image_2101608076 {\n  width: 100%;\n}\n<\/style>\n\t<\/div>\n\t\n\t\t<\/div>\n\t\t\t\t\t<\/div>\n\n\t\n\n\t<div id=\"col-934157759\" class=\"col medium-6 small-12 large-6 small-col-first\"  >\n\t\t\t\t<div class=\"col-inner\"  >\n\t\t\t\n\t\t\t\n\t<div id=\"text-41666528\" class=\"text\">\n\t\t\n<h2><strong>RADAR\u00ae Platforma za Upravljanje Tlakom<\/strong><\/h2>\n<p>RADAR prikuplja, analizira i \u0161alje upozorenja na temelju podataka mre\u017ee vode s tlakomjera i mjera\u010da protoka PIPEMINDER-ONE, senzora kvalitete vode, SCADA sustava te data loggera i platformi tre\u0107ih strana. RADAR je sna\u017ean, a istovremeno jednostavan za kori\u0161tenje, pru\u017eaju\u0107i detaljnu analizu podataka i izvje\u0161tavanje uz pametna, prakti\u010dna upozorenja za mre\u017eu.<br \/>\n\t\t\n<style>\n#text-41666528 {\n  text-align: center;\n}\n<\/style>\n\t<\/div>\n\t\n\t\t<\/div>\n\t\t\t\t\t<\/div>\n\n\t\n\n<style>\n#row-1195566497 > .col > .col-inner {\n  padding: 2em 0px 0px 0px;\n}\n<\/style>\n<\/div>\n<div class=\"row align-middle\"  id=\"row-1317864407\">\n\n\t<div id=\"col-214273584\" class=\"col medium-6 small-12 large-6\"  >\n\t\t\t\t<div class=\"col-inner\"  >\n\t\t\t\n\t\t\t\n\t<div class=\"img has-hover x md-x lg-x y md-y lg-y\" id=\"image_1846068597\">\n\t\t\t\t\t\t\t\t<div class=\"img-inner dark\" >\n\t\t\t<img loading=\"lazy\" decoding=\"async\" width=\"600\" height=\"400\" src=\"https:\/\/vode.hr\/wp-content\/uploads\/2025\/10\/HVAC_shutterstock_1741149554.jpg\" class=\"attachment-original size-original\" alt=\"\" srcset=\"https:\/\/vode.hr\/wp-content\/uploads\/2025\/10\/HVAC_shutterstock_1741149554.jpg 600w, https:\/\/vode.hr\/wp-content\/uploads\/2025\/10\/HVAC_shutterstock_1741149554-300x200.jpg 300w\" sizes=\"(max-width: 600px) 100vw, 600px\" \/>\t\t\t\t\t\t\n\t\t\t\t\t<\/div>\n\t\t\t\t\t\t\t\t\n<style>\n#image_1846068597 {\n  width: 100%;\n}\n<\/style>\n\t<\/div>\n\t\n\t\t<\/div>\n\t\t\t\t\t<\/div>\n\n\t\n\n\t<div id=\"col-1117373851\" class=\"col medium-6 small-12 large-6 small-col-first\"  >\n\t\t\t\t<div class=\"col-inner\"  >\n\t\t\t\n\t\t\t\n\t<div id=\"text-351098037\" class=\"text\">\n\t\t\n<h2>Podru\u010dja primjene:<\/h2>\n<p><strong data-start=\"36\" data-end=\"72\">Nadzor Sustava Distribucije Vode<\/strong><\/p>\n<p data-start=\"76\" data-end=\"613\" data-is-last-node=\"\" data-is-only-node=\"\">Sustavi distribucije vode moraju se nadzirati i odr\u017eavati kako bi se smanjili gubici vode, smanjio rizik od kontaminacije i osiguralo javno zdravlje. Na\u0161 inovativni asortiman monitora i mjernih ure\u0111aja, uklju\u010duju\u0107i sonde i senzore, pru\u017ea kompletna, in\u017eenjerski dizajnirana i bezreagenska rje\u0161enja za sve va\u0161e potrebe nadzora distribucije. Od pojedina\u010dnih monitora za procesnu kontrolu do vi\u0161ekriterijskih mjerenja za distribucijske sustave, na\u0161i sustavi nadzora nude svestranost potrebnu za razli\u010dite primjene vode, od izvora do slavine.<\/p>\n<p data-start=\"36\" data-end=\"62\"><strong data-start=\"36\" data-end=\"60\">Industrijski Procesi<\/strong><\/p>\n<p data-start=\"64\" data-end=\"548\" data-is-last-node=\"\" data-is-only-node=\"\">Mjerenje i nadzor protoka, kvalitete vode te otrovnih i zapaljivih plinova igra klju\u010dnu ulogu u industrijskim procesima kako bi se osigurala dosljedna kontrola kvalitete, sigurnost osoblja, za\u0161tita okoli\u0161a, pra\u0107enje procesa i njegova optimizacija. Na\u0161 sveobuhvatni asortiman robusnih, pouzdanih i instrumenata za pra\u0107enje u stvarnom vremenu pru\u017ea rje\u0161enja koja su jednostavna za instalaciju, lako se odr\u017eavaju, stvaraju sigurna radna podru\u010dja i omogu\u0107uju ve\u0107u uskla\u0111enost s propisima.<\/p>\n\t\t\n<style>\n#text-351098037 {\n  text-align: center;\n}\n<\/style>\n\t<\/div>\n\t\n\t\t<\/div>\n\t\t\t\t\t<\/div>\n\n\t\n\n<style>\n#row-1317864407 > .col > .col-inner {\n  padding: 2em 0px 0px 0px;\n}\n<\/style>\n<\/div>\n","protected":false},"excerpt":{"rendered":"<p><strong>Snimanje tlaka visoke rezolucije omogu\u0107uje detekciju prolaznih tlakova i naglih udarnih valova, uz pru\u017eanje neprocjenjivih uvida u smirivanje mre\u017ee.<\/strong><\/p>\n<p data-start=\"36\" data-end=\"105\"><strong data-start=\"36\" data-end=\"52\">Komunikacija <\/strong>&#8211; be\u017ei\u010dna komunikacija putem mobilne mre\u017ee (do 4G)<\/p>\n<p data-start=\"107\" data-end=\"207\"><strong data-start=\"107\" data-end=\"120\">Napajanje <\/strong>&#8211; punjiva ili jednokratna baterija, dostupni adapteri za mre\u017eno i solarno napajanje<\/p>\n<p data-start=\"209\" data-end=\"231\"><strong data-start=\"209\" data-end=\"220\">To\u010dnost <\/strong>&#8211; \u00b10,25%<\/p>\n<p data-start=\"233\" data-end=\"264\" data-is-last-node=\"\" data-is-only-node=\"\"><strong data-start=\"233\" data-end=\"254\">Radna temperatura <\/strong>&#8211; 0\u202666 \u00b0C<\/p>\n","protected":false},"featured_media":1343,"template":"","meta":[],"product_cat":[17,18,223],"product_tag":[295,299],"class_list":["post-1342","product","type-product","status-publish","has-post-thumbnail","hentry","product_cat-ispitivanje-i-mjerenje-kvalitete-vode","product_cat-nadzor-uvjeta-u-okolisu","product_cat-vode","product_tag-badger-meter","product_tag-pipeminder-one"],"yoast_head":"<!-- This site is optimized with the Yoast SEO plugin v25.0 - https:\/\/yoast.com\/wordpress\/plugins\/seo\/ -->\n<title>PIPEMINDER-ONE Standardni Datalogger za Prolazni Tlak, Badger meter - Vode.hr<\/title>\n<meta name=\"description\" content=\"Snimanje tlaka visoke rezolucije omogu\u0107uje detekciju prolaznih tlakova i naglih udarnih valova, uz pru\u017eanje neprocjenjivih uvida u smirivanje mre\u017ee. Komunikacija - be\u017ei\u010dna komunikacija putem mobilne mre\u017ee (do 4G) Napajanje - punjiva ili jednokratna baterija, dostupni adapteri za mre\u017eno i solarno napajanje To\u010dnost - \u00b10,25% Radna temperatura - 0\u202666 \u00b0C\" \/>\n<meta name=\"robots\" content=\"index, follow, max-snippet:-1, max-image-preview:large, max-video-preview:-1\" \/>\n<link rel=\"canonical\" href=\"https:\/\/vode.hr\/bs\/proizvod\/pipeminder-one-standardni-datalogger-za-prolazni-tlak-badger-meter\/\" \/>\n<meta property=\"og:locale\" content=\"bs_BA\" \/>\n<meta property=\"og:type\" content=\"article\" \/>\n<meta property=\"og:title\" content=\"PIPEMINDER-ONE Standardni Datalogger za Prolazni Tlak, Badger meter - Vode.hr\" \/>\n<meta property=\"og:description\" content=\"Snimanje tlaka visoke rezolucije omogu\u0107uje detekciju prolaznih tlakova i naglih udarnih valova, uz pru\u017eanje neprocjenjivih uvida u smirivanje mre\u017ee. Komunikacija - be\u017ei\u010dna komunikacija putem mobilne mre\u017ee (do 4G) Napajanje - punjiva ili jednokratna baterija, dostupni adapteri za mre\u017eno i solarno napajanje To\u010dnost - \u00b10,25% Radna temperatura - 0\u202666 \u00b0C\" \/>\n<meta property=\"og:url\" content=\"https:\/\/vode.hr\/bs\/proizvod\/pipeminder-one-standardni-datalogger-za-prolazni-tlak-badger-meter\/\" \/>\n<meta property=\"og:site_name\" content=\"Vode.hr\" \/>\n<meta property=\"article:publisher\" content=\"https:\/\/www.facebook.com\/vode.hr\" \/>\n<meta property=\"article:modified_time\" content=\"2025-10-29T10:49:41+00:00\" \/>\n<meta property=\"og:image\" content=\"http:\/\/vode.hr\/wp-content\/uploads\/2023\/04\/Digitalni-mjerac-kvalitete-vode-ProSolo-1000-fb.jpg\" \/>\n\t<meta property=\"og:image:width\" content=\"400\" \/>\n\t<meta property=\"og:image:height\" content=\"400\" \/>\n\t<meta property=\"og:image:type\" content=\"image\/jpeg\" \/>\n<meta name=\"twitter:card\" content=\"summary_large_image\" \/>\n<meta name=\"twitter:label1\" content=\"Est. reading time\" \/>\n\t<meta name=\"twitter:data1\" content=\"3 minute\" \/>\n<script type=\"application\/ld+json\" class=\"yoast-schema-graph\">{\"@context\":\"https:\/\/schema.org\",\"@graph\":[{\"@type\":[\"WebPage\",\"ItemPage\"],\"@id\":\"https:\/\/vode.hr\/bs\/proizvod\/pipeminder-one-standardni-datalogger-za-prolazni-tlak-badger-meter\/\",\"url\":\"https:\/\/vode.hr\/bs\/proizvod\/pipeminder-one-standardni-datalogger-za-prolazni-tlak-badger-meter\/\",\"name\":\"PIPEMINDER-ONE Standardni Datalogger za Prolazni Tlak, Badger meter - Vode.hr\",\"isPartOf\":{\"@id\":\"https:\/\/vode.hr\/bs\/#website\"},\"primaryImageOfPage\":{\"@id\":\"https:\/\/vode.hr\/bs\/proizvod\/pipeminder-one-standardni-datalogger-za-prolazni-tlak-badger-meter\/#primaryimage\"},\"image\":{\"@id\":\"https:\/\/vode.hr\/bs\/proizvod\/pipeminder-one-standardni-datalogger-za-prolazni-tlak-badger-meter\/#primaryimage\"},\"thumbnailUrl\":\"https:\/\/vode.hr\/wp-content\/uploads\/2025\/10\/PIPEMINDER-ONE-Standard-low_res-600x600-1.jpg\",\"datePublished\":\"2025-10-27T12:12:36+00:00\",\"dateModified\":\"2025-10-29T10:49:41+00:00\",\"description\":\"Snimanje tlaka visoke rezolucije omogu\u0107uje detekciju prolaznih tlakova i naglih udarnih valova, uz pru\u017eanje neprocjenjivih uvida u smirivanje mre\u017ee. Komunikacija - be\u017ei\u010dna komunikacija putem mobilne mre\u017ee (do 4G) Napajanje - punjiva ili jednokratna baterija, dostupni adapteri za mre\u017eno i solarno napajanje To\u010dnost - \u00b10,25% Radna temperatura - 0\u202666 \u00b0C\",\"breadcrumb\":{\"@id\":\"https:\/\/vode.hr\/bs\/proizvod\/pipeminder-one-standardni-datalogger-za-prolazni-tlak-badger-meter\/#breadcrumb\"},\"inLanguage\":\"bs-BA\",\"potentialAction\":[{\"@type\":\"ReadAction\",\"target\":[\"https:\/\/vode.hr\/bs\/proizvod\/pipeminder-one-standardni-datalogger-za-prolazni-tlak-badger-meter\/\"]}]},{\"@type\":\"ImageObject\",\"inLanguage\":\"bs-BA\",\"@id\":\"https:\/\/vode.hr\/bs\/proizvod\/pipeminder-one-standardni-datalogger-za-prolazni-tlak-badger-meter\/#primaryimage\",\"url\":\"https:\/\/vode.hr\/wp-content\/uploads\/2025\/10\/PIPEMINDER-ONE-Standard-low_res-600x600-1.jpg\",\"contentUrl\":\"https:\/\/vode.hr\/wp-content\/uploads\/2025\/10\/PIPEMINDER-ONE-Standard-low_res-600x600-1.jpg\",\"width\":600,\"height\":600},{\"@type\":\"BreadcrumbList\",\"@id\":\"https:\/\/vode.hr\/bs\/proizvod\/pipeminder-one-standardni-datalogger-za-prolazni-tlak-badger-meter\/#breadcrumb\",\"itemListElement\":[{\"@type\":\"ListItem\",\"position\":1,\"name\":\"Po\u010detna stranica\",\"item\":\"https:\/\/vode.hr\/bs\/\"},{\"@type\":\"ListItem\",\"position\":2,\"name\":\"Trgovina\",\"item\":\"https:\/\/vode.hr\/trgovina\/\"},{\"@type\":\"ListItem\",\"position\":3,\"name\":\"PIPEMINDER-ONE Standardni Datalogger za Prolazni Tlak, Badger meter\"}]},{\"@type\":\"WebSite\",\"@id\":\"https:\/\/vode.hr\/bs\/#website\",\"url\":\"https:\/\/vode.hr\/bs\/\",\"name\":\"Vode.hr\",\"description\":\"Mjerenje kvalitete voda, dezinfekcija vode i ure\u0111aji za mjerenje uvjeta u okoli\u0161u\",\"publisher\":{\"@id\":\"https:\/\/vode.hr\/bs\/#organization\"},\"potentialAction\":[{\"@type\":\"SearchAction\",\"target\":{\"@type\":\"EntryPoint\",\"urlTemplate\":\"https:\/\/vode.hr\/bs\/?s={search_term_string}\"},\"query-input\":{\"@type\":\"PropertyValueSpecification\",\"valueRequired\":true,\"valueName\":\"search_term_string\"}}],\"inLanguage\":\"bs-BA\"},{\"@type\":\"Organization\",\"@id\":\"https:\/\/vode.hr\/bs\/#organization\",\"name\":\"Primotronic d.o.o.\",\"url\":\"https:\/\/vode.hr\/bs\/\",\"logo\":{\"@type\":\"ImageObject\",\"inLanguage\":\"bs-BA\",\"@id\":\"https:\/\/vode.hr\/bs\/#\/schema\/logo\/image\/\",\"url\":\"http:\/\/vode.hr\/wp-content\/uploads\/2023\/04\/vode-1.png\",\"contentUrl\":\"http:\/\/vode.hr\/wp-content\/uploads\/2023\/04\/vode-1.png\",\"width\":300,\"height\":99,\"caption\":\"Primotronic d.o.o.\"},\"image\":{\"@id\":\"https:\/\/vode.hr\/bs\/#\/schema\/logo\/image\/\"},\"sameAs\":[\"https:\/\/www.facebook.com\/vode.hr\"]}]}<\/script>\n<!-- \/ Yoast SEO plugin. -->","yoast_head_json":{"title":"PIPEMINDER-ONE Standardni Datalogger za Prolazni Tlak, Badger meter - Vode.hr","description":"Snimanje tlaka visoke rezolucije omogu\u0107uje detekciju prolaznih tlakova i naglih udarnih valova, uz pru\u017eanje neprocjenjivih uvida u smirivanje mre\u017ee. Komunikacija - be\u017ei\u010dna komunikacija putem mobilne mre\u017ee (do 4G) Napajanje - punjiva ili jednokratna baterija, dostupni adapteri za mre\u017eno i solarno napajanje To\u010dnost - \u00b10,25% Radna temperatura - 0\u202666 \u00b0C","robots":{"index":"index","follow":"follow","max-snippet":"max-snippet:-1","max-image-preview":"max-image-preview:large","max-video-preview":"max-video-preview:-1"},"canonical":"https:\/\/vode.hr\/bs\/proizvod\/pipeminder-one-standardni-datalogger-za-prolazni-tlak-badger-meter\/","og_locale":"bs_BA","og_type":"article","og_title":"PIPEMINDER-ONE Standardni Datalogger za Prolazni Tlak, Badger meter - Vode.hr","og_description":"Snimanje tlaka visoke rezolucije omogu\u0107uje detekciju prolaznih tlakova i naglih udarnih valova, uz pru\u017eanje neprocjenjivih uvida u smirivanje mre\u017ee. Komunikacija - be\u017ei\u010dna komunikacija putem mobilne mre\u017ee (do 4G) Napajanje - punjiva ili jednokratna baterija, dostupni adapteri za mre\u017eno i solarno napajanje To\u010dnost - \u00b10,25% Radna temperatura - 0\u202666 \u00b0C","og_url":"https:\/\/vode.hr\/bs\/proizvod\/pipeminder-one-standardni-datalogger-za-prolazni-tlak-badger-meter\/","og_site_name":"Vode.hr","article_publisher":"https:\/\/www.facebook.com\/vode.hr","article_modified_time":"2025-10-29T10:49:41+00:00","og_image":[{"width":400,"height":400,"url":"http:\/\/vode.hr\/wp-content\/uploads\/2023\/04\/Digitalni-mjerac-kvalitete-vode-ProSolo-1000-fb.jpg","type":"image\/jpeg"}],"twitter_card":"summary_large_image","twitter_misc":{"Est. reading time":"3 minute"},"schema":{"@context":"https:\/\/schema.org","@graph":[{"@type":["WebPage","ItemPage"],"@id":"https:\/\/vode.hr\/bs\/proizvod\/pipeminder-one-standardni-datalogger-za-prolazni-tlak-badger-meter\/","url":"https:\/\/vode.hr\/bs\/proizvod\/pipeminder-one-standardni-datalogger-za-prolazni-tlak-badger-meter\/","name":"PIPEMINDER-ONE Standardni Datalogger za Prolazni Tlak, Badger meter - Vode.hr","isPartOf":{"@id":"https:\/\/vode.hr\/bs\/#website"},"primaryImageOfPage":{"@id":"https:\/\/vode.hr\/bs\/proizvod\/pipeminder-one-standardni-datalogger-za-prolazni-tlak-badger-meter\/#primaryimage"},"image":{"@id":"https:\/\/vode.hr\/bs\/proizvod\/pipeminder-one-standardni-datalogger-za-prolazni-tlak-badger-meter\/#primaryimage"},"thumbnailUrl":"https:\/\/vode.hr\/wp-content\/uploads\/2025\/10\/PIPEMINDER-ONE-Standard-low_res-600x600-1.jpg","datePublished":"2025-10-27T12:12:36+00:00","dateModified":"2025-10-29T10:49:41+00:00","description":"Snimanje tlaka visoke rezolucije omogu\u0107uje detekciju prolaznih tlakova i naglih udarnih valova, uz pru\u017eanje neprocjenjivih uvida u smirivanje mre\u017ee. Komunikacija - be\u017ei\u010dna komunikacija putem mobilne mre\u017ee (do 4G) Napajanje - punjiva ili jednokratna baterija, dostupni adapteri za mre\u017eno i solarno napajanje To\u010dnost - \u00b10,25% Radna temperatura - 0\u202666 \u00b0C","breadcrumb":{"@id":"https:\/\/vode.hr\/bs\/proizvod\/pipeminder-one-standardni-datalogger-za-prolazni-tlak-badger-meter\/#breadcrumb"},"inLanguage":"bs-BA","potentialAction":[{"@type":"ReadAction","target":["https:\/\/vode.hr\/bs\/proizvod\/pipeminder-one-standardni-datalogger-za-prolazni-tlak-badger-meter\/"]}]},{"@type":"ImageObject","inLanguage":"bs-BA","@id":"https:\/\/vode.hr\/bs\/proizvod\/pipeminder-one-standardni-datalogger-za-prolazni-tlak-badger-meter\/#primaryimage","url":"https:\/\/vode.hr\/wp-content\/uploads\/2025\/10\/PIPEMINDER-ONE-Standard-low_res-600x600-1.jpg","contentUrl":"https:\/\/vode.hr\/wp-content\/uploads\/2025\/10\/PIPEMINDER-ONE-Standard-low_res-600x600-1.jpg","width":600,"height":600},{"@type":"BreadcrumbList","@id":"https:\/\/vode.hr\/bs\/proizvod\/pipeminder-one-standardni-datalogger-za-prolazni-tlak-badger-meter\/#breadcrumb","itemListElement":[{"@type":"ListItem","position":1,"name":"Po\u010detna stranica","item":"https:\/\/vode.hr\/bs\/"},{"@type":"ListItem","position":2,"name":"Trgovina","item":"https:\/\/vode.hr\/trgovina\/"},{"@type":"ListItem","position":3,"name":"PIPEMINDER-ONE Standardni Datalogger za Prolazni Tlak, Badger meter"}]},{"@type":"WebSite","@id":"https:\/\/vode.hr\/bs\/#website","url":"https:\/\/vode.hr\/bs\/","name":"Vode.hr","description":"Mjerenje kvalitete voda, dezinfekcija vode i ure\u0111aji za mjerenje uvjeta u okoli\u0161u","publisher":{"@id":"https:\/\/vode.hr\/bs\/#organization"},"potentialAction":[{"@type":"SearchAction","target":{"@type":"EntryPoint","urlTemplate":"https:\/\/vode.hr\/bs\/?s={search_term_string}"},"query-input":{"@type":"PropertyValueSpecification","valueRequired":true,"valueName":"search_term_string"}}],"inLanguage":"bs-BA"},{"@type":"Organization","@id":"https:\/\/vode.hr\/bs\/#organization","name":"Primotronic d.o.o.","url":"https:\/\/vode.hr\/bs\/","logo":{"@type":"ImageObject","inLanguage":"bs-BA","@id":"https:\/\/vode.hr\/bs\/#\/schema\/logo\/image\/","url":"http:\/\/vode.hr\/wp-content\/uploads\/2023\/04\/vode-1.png","contentUrl":"http:\/\/vode.hr\/wp-content\/uploads\/2023\/04\/vode-1.png","width":300,"height":99,"caption":"Primotronic d.o.o."},"image":{"@id":"https:\/\/vode.hr\/bs\/#\/schema\/logo\/image\/"},"sameAs":["https:\/\/www.facebook.com\/vode.hr"]}]}},"_links":{"self":[{"href":"https:\/\/vode.hr\/bs\/wp-json\/wp\/v2\/product\/1342"}],"collection":[{"href":"https:\/\/vode.hr\/bs\/wp-json\/wp\/v2\/product"}],"about":[{"href":"https:\/\/vode.hr\/bs\/wp-json\/wp\/v2\/types\/product"}],"wp:featuredmedia":[{"embeddable":true,"href":"https:\/\/vode.hr\/bs\/wp-json\/wp\/v2\/media\/1343"}],"wp:attachment":[{"href":"https:\/\/vode.hr\/bs\/wp-json\/wp\/v2\/media?parent=1342"}],"wp:term":[{"taxonomy":"product_cat","embeddable":true,"href":"https:\/\/vode.hr\/bs\/wp-json\/wp\/v2\/product_cat?post=1342"},{"taxonomy":"product_tag","embeddable":true,"href":"https:\/\/vode.hr\/bs\/wp-json\/wp\/v2\/product_tag?post=1342"}],"curies":[{"name":"wp","href":"https:\/\/api.w.org\/{rel}","templated":true}]}}