{"id":1349,"date":"2025-10-29T08:47:53","date_gmt":"2025-10-29T07:47:53","guid":{"rendered":"https:\/\/vode.hr\/?post_type=product&#038;p=1349"},"modified":"2025-10-29T11:49:56","modified_gmt":"2025-10-29T10:49:56","slug":"pipeminder-one-datalogger-o-prolaznim-promjenama-tlaka-na-hidrantu-badger-meter","status":"publish","type":"product","link":"https:\/\/vode.hr\/bs\/proizvod\/pipeminder-one-datalogger-o-prolaznim-promjenama-tlaka-na-hidrantu-badger-meter\/","title":{"rendered":"PIPEMINDER-ONE \u2013 datalogger o prolaznim promjenama tlaka na hidrantu, Badger meter"},"content":{"rendered":"<div class=\"row\"  id=\"row-1486845123\">\n\n\t<div id=\"col-1925677115\" class=\"col small-12 large-12\"  >\n\t\t\t\t<div class=\"col-inner\"  >\n\t\t\t\n\t\t\t\n\t<div id=\"text-2660369452\" class=\"text\">\n\t\t\n<h2><strong>Zapisnik podataka montiran na hidrant: spoj prilagodljivosti i preciznosti<br \/>\n<\/strong><\/h2>\n<p data-start=\"36\" data-end=\"365\">Visokou\u010dinkovito mjerenje tlaka i bilje\u017eenje podataka omogu\u0107uje otkrivanje prolaznih promjena tlaka i pucanja cijevi, uz pru\u017eanje dragocjenih uvida za smirivanje mre\u017ee.<\/p>\n\t\t\n<style>\n#text-2660369452 {\n  font-size: 1.3rem;\n  text-align: center;\n}\n<\/style>\n\t<\/div>\n\t\n\t<div id=\"text-266441369\" class=\"text\">\n\t\t\n\t\t\n<style>\n#text-266441369 {\n  font-size: 0.9rem;\n  text-align: center;\n}\n<\/style>\n\t<\/div>\n\t\n\t\t<\/div>\n\t\t\t\t\t<\/div>\n\n\t\n\n<style>\n#row-1486845123 > .col > .col-inner {\n  padding: 3em 0px 0px 0px;\n}\n<\/style>\n<\/div>\n\t<section class=\"section\" id=\"section_190226619\">\n\t\t<div class=\"bg section-bg fill bg-fill  bg-loaded\" >\n\n\t\t\t\n\t\t\t\n\t\t\t\n\n\t\t<\/div>\n\n\t\t\n\n\t\t<div class=\"section-content relative\">\n\t\t\t\n<div class=\"row align-middle\"  id=\"row-608132787\">\n\n\t<div id=\"col-981305739\" class=\"col medium-6 small-12 large-6\"  >\n\t\t\t\t<div class=\"col-inner\"  >\n\t\t\t\n\t\t\t\n\t<div id=\"text-2557768452\" class=\"text\">\n\t\t\n\t\t\n<style>\n#text-2557768452 {\n  text-align: center;\n}\n<\/style>\n\t<\/div>\n\t\n<div class=\"is-divider divider clearfix\" style=\"max-width:100%;\"><\/div>\n<h2>Zna\u010dajke:<\/h2>\n<ul>\n<li data-start=\"52\" data-end=\"245\">\n<p data-start=\"16\" data-end=\"271\"><strong data-start=\"16\" data-end=\"71\">Namijenjen izravnoj i sigurnoj ugradnji na hidrant.<\/strong><br data-start=\"71\" data-end=\"74\" \/>Ure\u0111aj je konstruiran za izravnu monta\u017eu na hidrant. Sigurno i kompaktno ku\u0107i\u0161te s IP68 za\u0161titom, koje uklju\u010duje unutarnju punjivu bateriju, omogu\u0107uje brzo, prilagodljivo i pouzdano postavljanje.<\/p>\n<\/li>\n<li data-start=\"52\" data-end=\"245\">\n<p data-start=\"16\" data-end=\"271\"><strong data-start=\"273\" data-end=\"344\">Visokorezolucijsko mjerenje tlaka i precizno vremensko ozna\u010davanje.<\/strong><br data-start=\"344\" data-end=\"347\" \/>Ure\u0111aj <strong data-start=\"354\" data-end=\"380\">PIPEMINDER-ONE Hydrant<\/strong> sadr\u017ei visokoprecizni senzor tlaka do 20 bara, koji uzorkuje 128 puta u sekundi, uz precizno vremensko ozna\u010davanje unutar mre\u017ee radi iznimne to\u010dnosti podataka.<\/p>\n<\/li>\n<li data-start=\"52\" data-end=\"245\">\n<p data-start=\"16\" data-end=\"271\"><strong data-start=\"544\" data-end=\"584\">Klasifikacija tlaknih valnih oblika.<\/strong><br data-start=\"584\" data-end=\"587\" \/>Ure\u0111aj automatski uspore\u0111uje oblik prolaznih tlaknih valova kako bi klasificirao sli\u010dne i ponavljaju\u0107e doga\u0111aje, poma\u017eu\u0107i u razlikovanju va\u017enih i neuobi\u010dajenih pojava od uobi\u010dajenog rada sustava.<\/p>\n<\/li>\n<li data-start=\"52\" data-end=\"245\">\n<p data-start=\"16\" data-end=\"271\"><strong data-start=\"786\" data-end=\"803\">Nadzor mre\u017ee.<\/strong><br data-start=\"803\" data-end=\"806\" \/>Kombiniranjem uvezenih podataka o kvaliteti vode s mjerenjima tlaka dobiva se cjelovit uvid u mre\u017eu za distribuciju vode te mogu\u0107nost prepoznavanja \u0161tetnih doga\u0111aja one\u010di\u0161\u0107enja.<\/p>\n<\/li>\n<li style=\"list-style-type: none;\" data-start=\"137\" data-end=\"187\">\n<ul>\n<li style=\"list-style-type: none;\" data-start=\"559\" data-end=\"738\"><\/li>\n<\/ul>\n<\/li>\n<\/ul>\n\t\t<\/div>\n\t\t\t\t\n<style>\n#col-981305739 > .col-inner {\n  padding: 2em 1em 0px 1em;\n}\n@media (min-width:550px) {\n  #col-981305739 > .col-inner {\n    padding: 0px 0px 0px 2em;\n  }\n}\n<\/style>\n\t<\/div>\n\n\t\n\n\t<div id=\"col-2140755157\" class=\"col medium-6 small-12 large-6\"  >\n\t\t\t\t<div class=\"col-inner\"  >\n\t\t\t\n\t\t\t\n\t<div class=\"img has-hover x md-x lg-x y md-y lg-y\" id=\"image_74398190\">\n\t\t\t\t\t\t\t\t<div class=\"img-inner dark\" style=\"margin:0px 0px 0px 0px;\">\n\t\t\t<img loading=\"lazy\" decoding=\"async\" width=\"760\" height=\"535\" src=\"https:\/\/vode.hr\/wp-content\/uploads\/2025\/10\/skica-1.png\" class=\"attachment-original size-original\" alt=\"\" srcset=\"https:\/\/vode.hr\/wp-content\/uploads\/2025\/10\/skica-1.png 760w, https:\/\/vode.hr\/wp-content\/uploads\/2025\/10\/skica-1-300x211.png 300w, https:\/\/vode.hr\/wp-content\/uploads\/2025\/10\/skica-1-650x458.png 650w\" sizes=\"(max-width: 760px) 100vw, 760px\" \/>\t\t\t\t\t\t\n\t\t\t\t\t<\/div>\n\t\t\t\t\t\t\t\t\n<style>\n#image_74398190 {\n  width: 100%;\n}\n<\/style>\n\t<\/div>\n\t\n\t\t<\/div>\n\t\t\t\t\t<\/div>\n\n\t\n<\/div>\n\t\t<\/div>\n\n\t\t\n<style>\n#section_190226619 {\n  padding-top: 0px;\n  padding-bottom: 0px;\n  background-color: rgb(221, 239, 239);\n}\n<\/style>\n\t<\/section>\n\t\n<div class=\"row align-middle\"  id=\"row-1946027055\">\n\n\t<div id=\"col-804536360\" class=\"col medium-6 small-12 large-6\"  >\n\t\t\t\t<div class=\"col-inner\"  >\n\t\t\t\n\t\t\t\n\t<div class=\"img has-hover x md-x lg-x y md-y lg-y\" id=\"image_956551028\">\n\t\t\t\t\t\t\t\t<div class=\"img-inner dark\" >\n\t\t\t<img loading=\"lazy\" decoding=\"async\" width=\"600\" height=\"600\" src=\"https:\/\/vode.hr\/wp-content\/uploads\/2025\/10\/RADAR-Cloud-Data-Platform-low_res-600x600-1.jpg\" class=\"attachment-original size-original\" alt=\"\" srcset=\"https:\/\/vode.hr\/wp-content\/uploads\/2025\/10\/RADAR-Cloud-Data-Platform-low_res-600x600-1.jpg 600w, https:\/\/vode.hr\/wp-content\/uploads\/2025\/10\/RADAR-Cloud-Data-Platform-low_res-600x600-1-300x300.jpg 300w, https:\/\/vode.hr\/wp-content\/uploads\/2025\/10\/RADAR-Cloud-Data-Platform-low_res-600x600-1-150x150.jpg 150w, https:\/\/vode.hr\/wp-content\/uploads\/2025\/10\/RADAR-Cloud-Data-Platform-low_res-600x600-1-370x370.jpg 370w, https:\/\/vode.hr\/wp-content\/uploads\/2025\/10\/RADAR-Cloud-Data-Platform-low_res-600x600-1-100x100.jpg 100w\" sizes=\"(max-width: 600px) 100vw, 600px\" \/>\t\t\t\t\t\t\n\t\t\t\t\t<\/div>\n\t\t\t\t\t\t\t\t\n<style>\n#image_956551028 {\n  width: 100%;\n}\n<\/style>\n\t<\/div>\n\t\n\t\t<\/div>\n\t\t\t\t\t<\/div>\n\n\t\n\n\t<div id=\"col-1639865824\" class=\"col medium-6 small-12 large-6 small-col-first\"  >\n\t\t\t\t<div class=\"col-inner\"  >\n\t\t\t\n\t\t\t\n\t<div id=\"text-3708296080\" class=\"text\">\n\t\t\n<h2><strong>RADAR\u00ae Platforma za Upravljanje Tlakom<\/strong><\/h2>\n<p>RADAR prikuplja, analizira i \u0161alje upozorenja na temelju podataka mre\u017ee vode s tlakomjera i mjera\u010da protoka PIPEMINDER-ONE, senzora kvalitete vode, SCADA sustava te data loggera i platformi tre\u0107ih strana. RADAR je sna\u017ean, a istovremeno jednostavan za kori\u0161tenje, pru\u017eaju\u0107i detaljnu analizu podataka i izvje\u0161tavanje uz pametna, prakti\u010dna upozorenja za mre\u017eu.<br \/>\n\t\t\n<style>\n#text-3708296080 {\n  text-align: center;\n}\n<\/style>\n\t<\/div>\n\t\n\t\t<\/div>\n\t\t\t\t\t<\/div>\n\n\t\n\n<style>\n#row-1946027055 > .col > .col-inner {\n  padding: 2em 0px 0px 0px;\n}\n<\/style>\n<\/div>\n<div class=\"row align-middle\"  id=\"row-771671703\">\n\n\t<div id=\"col-1705392277\" class=\"col medium-6 small-12 large-6\"  >\n\t\t\t\t<div class=\"col-inner\"  >\n\t\t\t\n\t\t\t\n\t<div class=\"img has-hover x md-x lg-x y md-y lg-y\" id=\"image_751690254\">\n\t\t\t\t\t\t\t\t<div class=\"img-inner dark\" >\n\t\t\t<img loading=\"lazy\" decoding=\"async\" width=\"600\" height=\"400\" src=\"https:\/\/vode.hr\/wp-content\/uploads\/2025\/10\/Distribution-Network-Monitoring_shutterstock_383536681.jpg\" class=\"attachment-original size-original\" alt=\"\" srcset=\"https:\/\/vode.hr\/wp-content\/uploads\/2025\/10\/Distribution-Network-Monitoring_shutterstock_383536681.jpg 600w, https:\/\/vode.hr\/wp-content\/uploads\/2025\/10\/Distribution-Network-Monitoring_shutterstock_383536681-300x200.jpg 300w\" sizes=\"(max-width: 600px) 100vw, 600px\" \/>\t\t\t\t\t\t\n\t\t\t\t\t<\/div>\n\t\t\t\t\t\t\t\t\n<style>\n#image_751690254 {\n  width: 100%;\n}\n<\/style>\n\t<\/div>\n\t\n\t\t<\/div>\n\t\t\t\t\t<\/div>\n\n\t\n\n\t<div id=\"col-40689198\" class=\"col medium-6 small-12 large-6 small-col-first\"  >\n\t\t\t\t<div class=\"col-inner\"  >\n\t\t\t\n\t\t\t\n\t<div id=\"text-2661350941\" class=\"text\">\n\t\t\n<h2>Podru\u010dja primjene:<\/h2>\n<p data-start=\"0\" data-end=\"39\"><strong data-start=\"0\" data-end=\"37\">Nadzor mre\u017ee za distribuciju vode<\/strong><\/p>\n<p data-start=\"41\" data-end=\"580\" data-is-last-node=\"\" data-is-only-node=\"\">Sustavi za distribuciju vode moraju se pratiti i odr\u017eavati kako bi se minimalizirali gubici vode, smanjio rizik od one\u010di\u0161\u0107enja i osiguralo javno zdravlje. Na\u0161 inovativni asortiman ure\u0111aja za nadzor i mjerenje, uklju\u010duju\u0107i sonde i senzore, pru\u017ea cjelovita, in\u017eenjerski osmi\u0161ljena i bezreagenska rje\u0161enja za sve potrebe nadzora distribucije. Od pojedina\u010dnih ure\u0111aja za kontrolu procesa do multiparametarskog mjerenja u sustavima distribucije, na\u0161i sustavi nadzora nude fleksibilnost potrebnu za razli\u010dite primjene vode, od izvora do slavine.<\/p>\n\t\t\n<style>\n#text-2661350941 {\n  text-align: center;\n}\n<\/style>\n\t<\/div>\n\t\n\t\t<\/div>\n\t\t\t\t\t<\/div>\n\n\t\n\n<style>\n#row-771671703 > .col > .col-inner {\n  padding: 2em 0px 0px 0px;\n}\n<\/style>\n<\/div>\n","protected":false},"excerpt":{"rendered":"<p>Potpuno integrirano rje\u0161enje, ugra\u0111eno na hidrant, pru\u017ea funkcionalnost ure\u0111aja <strong data-start=\"80\" data-end=\"98\">PIPEMINDER-ONE<\/strong> u sigurnom, kompaktnom senzoru koji je neovisan o vrsti hidranta.<\/p>\n<p data-start=\"0\" data-end=\"69\"><strong data-start=\"0\" data-end=\"16\">Komunikacija<\/strong> &#8211; Be\u017ei\u010dna komunikacija putem mobilne mre\u017ee (do 4G)<\/p>\n<p data-start=\"71\" data-end=\"137\"><strong data-start=\"71\" data-end=\"84\">Napajanje<\/strong> &#8211; Baterijsko napajanje (ugra\u0111ena punjiva baterija)<\/p>\n<p data-start=\"139\" data-end=\"162\"><strong data-start=\"139\" data-end=\"150\">To\u010dnost<\/strong> &#8211; \u00b10,25 %<\/p>\n<p data-start=\"164\" data-end=\"195\" data-is-last-node=\"\" data-is-only-node=\"\"><strong data-start=\"164\" data-end=\"185\">Radna temperatura<\/strong> &#8211; 0\u202666 \u00b0C<\/p>\n","protected":false},"featured_media":1350,"template":"","meta":[],"product_cat":[17,18,223],"product_tag":[295,300,299],"class_list":["post-1349","product","type-product","status-publish","has-post-thumbnail","hentry","product_cat-ispitivanje-i-mjerenje-kvalitete-vode","product_cat-nadzor-uvjeta-u-okolisu","product_cat-vode","product_tag-badger-meter","product_tag-hidrant","product_tag-pipeminder-one"],"yoast_head":"<!-- This site is optimized with the Yoast SEO plugin v25.0 - https:\/\/yoast.com\/wordpress\/plugins\/seo\/ -->\n<title>PIPEMINDER-ONE \u2013 datalogger o prolaznim promjenama tlaka na hidrantu, Badger meter - Vode.hr<\/title>\n<meta name=\"description\" content=\"Potpuno integrirano rje\u0161enje, ugra\u0111eno na hidrant, pru\u017ea funkcionalnost ure\u0111aja PIPEMINDER-ONE u sigurnom, kompaktnom senzoru koji je neovisan o vrsti hidranta. Komunikacija - Be\u017ei\u010dna komunikacija putem mobilne mre\u017ee (do 4G) Napajanje - Baterijsko napajanje (ugra\u0111ena punjiva baterija) To\u010dnost - \u00b10,25 % Radna temperatura - 0\u202666 \u00b0C\" \/>\n<meta name=\"robots\" content=\"index, follow, max-snippet:-1, max-image-preview:large, max-video-preview:-1\" \/>\n<link rel=\"canonical\" href=\"https:\/\/vode.hr\/bs\/proizvod\/pipeminder-one-datalogger-o-prolaznim-promjenama-tlaka-na-hidrantu-badger-meter\/\" \/>\n<meta property=\"og:locale\" content=\"bs_BA\" \/>\n<meta property=\"og:type\" content=\"article\" \/>\n<meta property=\"og:title\" content=\"PIPEMINDER-ONE \u2013 datalogger o prolaznim promjenama tlaka na hidrantu, Badger meter - Vode.hr\" \/>\n<meta property=\"og:description\" content=\"Potpuno integrirano rje\u0161enje, ugra\u0111eno na hidrant, pru\u017ea funkcionalnost ure\u0111aja PIPEMINDER-ONE u sigurnom, kompaktnom senzoru koji je neovisan o vrsti hidranta. Komunikacija - Be\u017ei\u010dna komunikacija putem mobilne mre\u017ee (do 4G) Napajanje - Baterijsko napajanje (ugra\u0111ena punjiva baterija) To\u010dnost - \u00b10,25 % Radna temperatura - 0\u202666 \u00b0C\" \/>\n<meta property=\"og:url\" content=\"https:\/\/vode.hr\/bs\/proizvod\/pipeminder-one-datalogger-o-prolaznim-promjenama-tlaka-na-hidrantu-badger-meter\/\" \/>\n<meta property=\"og:site_name\" content=\"Vode.hr\" \/>\n<meta property=\"article:publisher\" content=\"https:\/\/www.facebook.com\/vode.hr\" \/>\n<meta property=\"article:modified_time\" content=\"2025-10-29T10:49:56+00:00\" \/>\n<meta property=\"og:image\" content=\"http:\/\/vode.hr\/wp-content\/uploads\/2023\/04\/Digitalni-mjerac-kvalitete-vode-ProSolo-1000-fb.jpg\" \/>\n\t<meta property=\"og:image:width\" content=\"400\" \/>\n\t<meta property=\"og:image:height\" content=\"400\" \/>\n\t<meta property=\"og:image:type\" content=\"image\/jpeg\" \/>\n<meta name=\"twitter:card\" content=\"summary_large_image\" \/>\n<meta name=\"twitter:label1\" content=\"Est. reading time\" \/>\n\t<meta name=\"twitter:data1\" content=\"3 minute\" \/>\n<script type=\"application\/ld+json\" class=\"yoast-schema-graph\">{\"@context\":\"https:\/\/schema.org\",\"@graph\":[{\"@type\":[\"WebPage\",\"ItemPage\"],\"@id\":\"https:\/\/vode.hr\/bs\/proizvod\/pipeminder-one-datalogger-o-prolaznim-promjenama-tlaka-na-hidrantu-badger-meter\/\",\"url\":\"https:\/\/vode.hr\/bs\/proizvod\/pipeminder-one-datalogger-o-prolaznim-promjenama-tlaka-na-hidrantu-badger-meter\/\",\"name\":\"PIPEMINDER-ONE \u2013 datalogger o prolaznim promjenama tlaka na hidrantu, Badger meter - Vode.hr\",\"isPartOf\":{\"@id\":\"https:\/\/vode.hr\/bs\/#website\"},\"primaryImageOfPage\":{\"@id\":\"https:\/\/vode.hr\/bs\/proizvod\/pipeminder-one-datalogger-o-prolaznim-promjenama-tlaka-na-hidrantu-badger-meter\/#primaryimage\"},\"image\":{\"@id\":\"https:\/\/vode.hr\/bs\/proizvod\/pipeminder-one-datalogger-o-prolaznim-promjenama-tlaka-na-hidrantu-badger-meter\/#primaryimage\"},\"thumbnailUrl\":\"https:\/\/vode.hr\/wp-content\/uploads\/2025\/10\/PIPEMINDER-ONE-Hydrant-low_res-600x600-1.jpg\",\"datePublished\":\"2025-10-29T07:47:53+00:00\",\"dateModified\":\"2025-10-29T10:49:56+00:00\",\"description\":\"Potpuno integrirano rje\u0161enje, ugra\u0111eno na hidrant, pru\u017ea funkcionalnost ure\u0111aja PIPEMINDER-ONE u sigurnom, kompaktnom senzoru koji je neovisan o vrsti hidranta. Komunikacija - Be\u017ei\u010dna komunikacija putem mobilne mre\u017ee (do 4G) Napajanje - Baterijsko napajanje (ugra\u0111ena punjiva baterija) To\u010dnost - \u00b10,25 % Radna temperatura - 0\u202666 \u00b0C\",\"breadcrumb\":{\"@id\":\"https:\/\/vode.hr\/bs\/proizvod\/pipeminder-one-datalogger-o-prolaznim-promjenama-tlaka-na-hidrantu-badger-meter\/#breadcrumb\"},\"inLanguage\":\"bs-BA\",\"potentialAction\":[{\"@type\":\"ReadAction\",\"target\":[\"https:\/\/vode.hr\/bs\/proizvod\/pipeminder-one-datalogger-o-prolaznim-promjenama-tlaka-na-hidrantu-badger-meter\/\"]}]},{\"@type\":\"ImageObject\",\"inLanguage\":\"bs-BA\",\"@id\":\"https:\/\/vode.hr\/bs\/proizvod\/pipeminder-one-datalogger-o-prolaznim-promjenama-tlaka-na-hidrantu-badger-meter\/#primaryimage\",\"url\":\"https:\/\/vode.hr\/wp-content\/uploads\/2025\/10\/PIPEMINDER-ONE-Hydrant-low_res-600x600-1.jpg\",\"contentUrl\":\"https:\/\/vode.hr\/wp-content\/uploads\/2025\/10\/PIPEMINDER-ONE-Hydrant-low_res-600x600-1.jpg\",\"width\":600,\"height\":600},{\"@type\":\"BreadcrumbList\",\"@id\":\"https:\/\/vode.hr\/bs\/proizvod\/pipeminder-one-datalogger-o-prolaznim-promjenama-tlaka-na-hidrantu-badger-meter\/#breadcrumb\",\"itemListElement\":[{\"@type\":\"ListItem\",\"position\":1,\"name\":\"Po\u010detna stranica\",\"item\":\"https:\/\/vode.hr\/bs\/\"},{\"@type\":\"ListItem\",\"position\":2,\"name\":\"Trgovina\",\"item\":\"https:\/\/vode.hr\/trgovina\/\"},{\"@type\":\"ListItem\",\"position\":3,\"name\":\"PIPEMINDER-ONE \u2013 datalogger o prolaznim promjenama tlaka na hidrantu, Badger meter\"}]},{\"@type\":\"WebSite\",\"@id\":\"https:\/\/vode.hr\/bs\/#website\",\"url\":\"https:\/\/vode.hr\/bs\/\",\"name\":\"Vode.hr\",\"description\":\"Mjerenje kvalitete voda, dezinfekcija vode i ure\u0111aji za mjerenje uvjeta u okoli\u0161u\",\"publisher\":{\"@id\":\"https:\/\/vode.hr\/bs\/#organization\"},\"potentialAction\":[{\"@type\":\"SearchAction\",\"target\":{\"@type\":\"EntryPoint\",\"urlTemplate\":\"https:\/\/vode.hr\/bs\/?s={search_term_string}\"},\"query-input\":{\"@type\":\"PropertyValueSpecification\",\"valueRequired\":true,\"valueName\":\"search_term_string\"}}],\"inLanguage\":\"bs-BA\"},{\"@type\":\"Organization\",\"@id\":\"https:\/\/vode.hr\/bs\/#organization\",\"name\":\"Primotronic d.o.o.\",\"url\":\"https:\/\/vode.hr\/bs\/\",\"logo\":{\"@type\":\"ImageObject\",\"inLanguage\":\"bs-BA\",\"@id\":\"https:\/\/vode.hr\/bs\/#\/schema\/logo\/image\/\",\"url\":\"http:\/\/vode.hr\/wp-content\/uploads\/2023\/04\/vode-1.png\",\"contentUrl\":\"http:\/\/vode.hr\/wp-content\/uploads\/2023\/04\/vode-1.png\",\"width\":300,\"height\":99,\"caption\":\"Primotronic d.o.o.\"},\"image\":{\"@id\":\"https:\/\/vode.hr\/bs\/#\/schema\/logo\/image\/\"},\"sameAs\":[\"https:\/\/www.facebook.com\/vode.hr\"]}]}<\/script>\n<!-- \/ Yoast SEO plugin. -->","yoast_head_json":{"title":"PIPEMINDER-ONE \u2013 datalogger o prolaznim promjenama tlaka na hidrantu, Badger meter - Vode.hr","description":"Potpuno integrirano rje\u0161enje, ugra\u0111eno na hidrant, pru\u017ea funkcionalnost ure\u0111aja PIPEMINDER-ONE u sigurnom, kompaktnom senzoru koji je neovisan o vrsti hidranta. Komunikacija - Be\u017ei\u010dna komunikacija putem mobilne mre\u017ee (do 4G) Napajanje - Baterijsko napajanje (ugra\u0111ena punjiva baterija) To\u010dnost - \u00b10,25 % Radna temperatura - 0\u202666 \u00b0C","robots":{"index":"index","follow":"follow","max-snippet":"max-snippet:-1","max-image-preview":"max-image-preview:large","max-video-preview":"max-video-preview:-1"},"canonical":"https:\/\/vode.hr\/bs\/proizvod\/pipeminder-one-datalogger-o-prolaznim-promjenama-tlaka-na-hidrantu-badger-meter\/","og_locale":"bs_BA","og_type":"article","og_title":"PIPEMINDER-ONE \u2013 datalogger o prolaznim promjenama tlaka na hidrantu, Badger meter - Vode.hr","og_description":"Potpuno integrirano rje\u0161enje, ugra\u0111eno na hidrant, pru\u017ea funkcionalnost ure\u0111aja PIPEMINDER-ONE u sigurnom, kompaktnom senzoru koji je neovisan o vrsti hidranta. Komunikacija - Be\u017ei\u010dna komunikacija putem mobilne mre\u017ee (do 4G) Napajanje - Baterijsko napajanje (ugra\u0111ena punjiva baterija) To\u010dnost - \u00b10,25 % Radna temperatura - 0\u202666 \u00b0C","og_url":"https:\/\/vode.hr\/bs\/proizvod\/pipeminder-one-datalogger-o-prolaznim-promjenama-tlaka-na-hidrantu-badger-meter\/","og_site_name":"Vode.hr","article_publisher":"https:\/\/www.facebook.com\/vode.hr","article_modified_time":"2025-10-29T10:49:56+00:00","og_image":[{"width":400,"height":400,"url":"http:\/\/vode.hr\/wp-content\/uploads\/2023\/04\/Digitalni-mjerac-kvalitete-vode-ProSolo-1000-fb.jpg","type":"image\/jpeg"}],"twitter_card":"summary_large_image","twitter_misc":{"Est. reading time":"3 minute"},"schema":{"@context":"https:\/\/schema.org","@graph":[{"@type":["WebPage","ItemPage"],"@id":"https:\/\/vode.hr\/bs\/proizvod\/pipeminder-one-datalogger-o-prolaznim-promjenama-tlaka-na-hidrantu-badger-meter\/","url":"https:\/\/vode.hr\/bs\/proizvod\/pipeminder-one-datalogger-o-prolaznim-promjenama-tlaka-na-hidrantu-badger-meter\/","name":"PIPEMINDER-ONE \u2013 datalogger o prolaznim promjenama tlaka na hidrantu, Badger meter - Vode.hr","isPartOf":{"@id":"https:\/\/vode.hr\/bs\/#website"},"primaryImageOfPage":{"@id":"https:\/\/vode.hr\/bs\/proizvod\/pipeminder-one-datalogger-o-prolaznim-promjenama-tlaka-na-hidrantu-badger-meter\/#primaryimage"},"image":{"@id":"https:\/\/vode.hr\/bs\/proizvod\/pipeminder-one-datalogger-o-prolaznim-promjenama-tlaka-na-hidrantu-badger-meter\/#primaryimage"},"thumbnailUrl":"https:\/\/vode.hr\/wp-content\/uploads\/2025\/10\/PIPEMINDER-ONE-Hydrant-low_res-600x600-1.jpg","datePublished":"2025-10-29T07:47:53+00:00","dateModified":"2025-10-29T10:49:56+00:00","description":"Potpuno integrirano rje\u0161enje, ugra\u0111eno na hidrant, pru\u017ea funkcionalnost ure\u0111aja PIPEMINDER-ONE u sigurnom, kompaktnom senzoru koji je neovisan o vrsti hidranta. Komunikacija - Be\u017ei\u010dna komunikacija putem mobilne mre\u017ee (do 4G) Napajanje - Baterijsko napajanje (ugra\u0111ena punjiva baterija) To\u010dnost - \u00b10,25 % Radna temperatura - 0\u202666 \u00b0C","breadcrumb":{"@id":"https:\/\/vode.hr\/bs\/proizvod\/pipeminder-one-datalogger-o-prolaznim-promjenama-tlaka-na-hidrantu-badger-meter\/#breadcrumb"},"inLanguage":"bs-BA","potentialAction":[{"@type":"ReadAction","target":["https:\/\/vode.hr\/bs\/proizvod\/pipeminder-one-datalogger-o-prolaznim-promjenama-tlaka-na-hidrantu-badger-meter\/"]}]},{"@type":"ImageObject","inLanguage":"bs-BA","@id":"https:\/\/vode.hr\/bs\/proizvod\/pipeminder-one-datalogger-o-prolaznim-promjenama-tlaka-na-hidrantu-badger-meter\/#primaryimage","url":"https:\/\/vode.hr\/wp-content\/uploads\/2025\/10\/PIPEMINDER-ONE-Hydrant-low_res-600x600-1.jpg","contentUrl":"https:\/\/vode.hr\/wp-content\/uploads\/2025\/10\/PIPEMINDER-ONE-Hydrant-low_res-600x600-1.jpg","width":600,"height":600},{"@type":"BreadcrumbList","@id":"https:\/\/vode.hr\/bs\/proizvod\/pipeminder-one-datalogger-o-prolaznim-promjenama-tlaka-na-hidrantu-badger-meter\/#breadcrumb","itemListElement":[{"@type":"ListItem","position":1,"name":"Po\u010detna stranica","item":"https:\/\/vode.hr\/bs\/"},{"@type":"ListItem","position":2,"name":"Trgovina","item":"https:\/\/vode.hr\/trgovina\/"},{"@type":"ListItem","position":3,"name":"PIPEMINDER-ONE \u2013 datalogger o prolaznim promjenama tlaka na hidrantu, Badger meter"}]},{"@type":"WebSite","@id":"https:\/\/vode.hr\/bs\/#website","url":"https:\/\/vode.hr\/bs\/","name":"Vode.hr","description":"Mjerenje kvalitete voda, dezinfekcija vode i ure\u0111aji za mjerenje uvjeta u okoli\u0161u","publisher":{"@id":"https:\/\/vode.hr\/bs\/#organization"},"potentialAction":[{"@type":"SearchAction","target":{"@type":"EntryPoint","urlTemplate":"https:\/\/vode.hr\/bs\/?s={search_term_string}"},"query-input":{"@type":"PropertyValueSpecification","valueRequired":true,"valueName":"search_term_string"}}],"inLanguage":"bs-BA"},{"@type":"Organization","@id":"https:\/\/vode.hr\/bs\/#organization","name":"Primotronic d.o.o.","url":"https:\/\/vode.hr\/bs\/","logo":{"@type":"ImageObject","inLanguage":"bs-BA","@id":"https:\/\/vode.hr\/bs\/#\/schema\/logo\/image\/","url":"http:\/\/vode.hr\/wp-content\/uploads\/2023\/04\/vode-1.png","contentUrl":"http:\/\/vode.hr\/wp-content\/uploads\/2023\/04\/vode-1.png","width":300,"height":99,"caption":"Primotronic d.o.o."},"image":{"@id":"https:\/\/vode.hr\/bs\/#\/schema\/logo\/image\/"},"sameAs":["https:\/\/www.facebook.com\/vode.hr"]}]}},"_links":{"self":[{"href":"https:\/\/vode.hr\/bs\/wp-json\/wp\/v2\/product\/1349"}],"collection":[{"href":"https:\/\/vode.hr\/bs\/wp-json\/wp\/v2\/product"}],"about":[{"href":"https:\/\/vode.hr\/bs\/wp-json\/wp\/v2\/types\/product"}],"wp:featuredmedia":[{"embeddable":true,"href":"https:\/\/vode.hr\/bs\/wp-json\/wp\/v2\/media\/1350"}],"wp:attachment":[{"href":"https:\/\/vode.hr\/bs\/wp-json\/wp\/v2\/media?parent=1349"}],"wp:term":[{"taxonomy":"product_cat","embeddable":true,"href":"https:\/\/vode.hr\/bs\/wp-json\/wp\/v2\/product_cat?post=1349"},{"taxonomy":"product_tag","embeddable":true,"href":"https:\/\/vode.hr\/bs\/wp-json\/wp\/v2\/product_tag?post=1349"}],"curies":[{"name":"wp","href":"https:\/\/api.w.org\/{rel}","templated":true}]}}