{"id":1356,"date":"2025-10-29T09:05:31","date_gmt":"2025-10-29T08:05:31","guid":{"rendered":"https:\/\/vode.hr\/?post_type=product&#038;p=1356"},"modified":"2025-10-29T11:50:15","modified_gmt":"2025-10-29T10:50:15","slug":"pipeminder-one-vanjski-datalogger-o-prolaznim-promjenama-tlaka-badger-meter","status":"publish","type":"product","link":"https:\/\/vode.hr\/bs\/proizvod\/pipeminder-one-vanjski-datalogger-o-prolaznim-promjenama-tlaka-badger-meter\/","title":{"rendered":"PIPEMINDER-ONE \u2013 vanjski datalogger o prolaznim promjenama tlaka, Badger meter"},"content":{"rendered":"<div class=\"row\"  id=\"row-590088043\">\n\n\t<div id=\"col-1664489812\" class=\"col small-12 large-12\"  >\n\t\t\t\t<div class=\"col-inner\"  >\n\t\t\t\n\t\t\t\n\t<div id=\"text-3241236643\" class=\"text\">\n\t\t\n<h2><strong>Napredni uvidi u performanse cjevovoda<\/strong><\/h2>\n<p data-start=\"36\" data-end=\"365\">Visokorezolucijsko bilje\u017eenje tlaka pru\u017ea klju\u010dne alarme za pucanje na tla\u010dnim i uspinju\u0107im cjevovodima, uz dragocjenu analizu performansi opreme te upozorenja koja poma\u017eu sprije\u010diti kvarove i produljiti vijek trajanja cjevovoda.<\/p>\n\t\t\n<style>\n#text-3241236643 {\n  font-size: 1.3rem;\n  text-align: center;\n}\n<\/style>\n\t<\/div>\n\t\n\t<div id=\"text-2849786285\" class=\"text\">\n\t\t\n\t\t\n<style>\n#text-2849786285 {\n  font-size: 0.9rem;\n  text-align: center;\n}\n<\/style>\n\t<\/div>\n\t\n\t\t<\/div>\n\t\t\t\t\t<\/div>\n\n\t\n\n<style>\n#row-590088043 > .col > .col-inner {\n  padding: 3em 0px 0px 0px;\n}\n<\/style>\n<\/div>\n\t<section class=\"section\" id=\"section_302347339\">\n\t\t<div class=\"bg section-bg fill bg-fill  bg-loaded\" >\n\n\t\t\t\n\t\t\t\n\t\t\t\n\n\t\t<\/div>\n\n\t\t\n\n\t\t<div class=\"section-content relative\">\n\t\t\t\n<div class=\"row align-middle\"  id=\"row-250131106\">\n\n\t<div id=\"col-1905266816\" class=\"col medium-6 small-12 large-6\"  >\n\t\t\t\t<div class=\"col-inner\"  >\n\t\t\t\n\t\t\t\n\t<div id=\"text-3150932548\" class=\"text\">\n\t\t\n\t\t\n<style>\n#text-3150932548 {\n  text-align: center;\n}\n<\/style>\n\t<\/div>\n\t\n<div class=\"is-divider divider clearfix\" style=\"max-width:100%;\"><\/div>\n<h2>Zna\u010dajke:<\/h2>\n<ul>\n<li data-start=\"52\" data-end=\"245\">\n<p data-start=\"0\" data-end=\"252\"><strong data-start=\"0\" data-end=\"65\">Namijenjen jednostavnoj ugradnji na cjevovode za otpadne vode<\/strong><br data-start=\"65\" data-end=\"68\" \/>Posebno dizajnirana glava senzora, pogodna za priklju\u010dke za otpadne vode, u kombinaciji s dugim kabelom omogu\u0107uje fleksibilnu i pouzdanu ugradnju u postoje\u0107e \u0161ahtove i crpne stanice.<\/p>\n<\/li>\n<li data-start=\"52\" data-end=\"245\">\n<p data-start=\"0\" data-end=\"252\"><strong data-start=\"254\" data-end=\"324\">Visokorezolucijsko mjerenje tlaka i precizno vremensko ozna\u010davanje<\/strong><br data-start=\"324\" data-end=\"327\" \/>Ure\u0111aj <strong data-start=\"334\" data-end=\"361\">PIPEMINDER-ONE External<\/strong> sadr\u017ei visokoprecizni senzor tlaka do 20 bara, koji uzorkuje 128 puta u sekundi, uz precizno vremensko ozna\u010davanje unutar mre\u017ee, osiguravaju\u0107i iznimnu to\u010dnost podataka.<\/p>\n<\/li>\n<li data-start=\"52\" data-end=\"245\">\n<p data-start=\"0\" data-end=\"252\"><strong data-start=\"534\" data-end=\"582\">Otkrivanje i upozoravanje na \u0161tetne pukotine<\/strong><br data-start=\"582\" data-end=\"585\" \/>Automatizirani alarmi za pucanje omogu\u0107uju zna\u010dajno smanjenje vremena reakcije u radu, \u0161tede\u0107i vrijeme i novac.<\/p>\n<\/li>\n<li data-start=\"52\" data-end=\"245\">\n<p data-start=\"0\" data-end=\"252\"><strong data-start=\"700\" data-end=\"740\">Prepoznavanje problema u radu opreme<\/strong><br data-start=\"740\" data-end=\"743\" \/>Upozorenja o performansama ranije otkrivaju potencijalne probleme, poput za\u010depljenih cijevi, zarobljenog zraka te kvarova pumpi i ventila.<\/p>\n<\/li>\n<li style=\"list-style-type: none;\" data-start=\"137\" data-end=\"187\">\n<ul>\n<li style=\"list-style-type: none;\" data-start=\"559\" data-end=\"738\"><\/li>\n<\/ul>\n<\/li>\n<\/ul>\n\t\t<\/div>\n\t\t\t\t\n<style>\n#col-1905266816 > .col-inner {\n  padding: 2em 1em 0px 1em;\n}\n@media (min-width:550px) {\n  #col-1905266816 > .col-inner {\n    padding: 0px 0px 0px 2em;\n  }\n}\n<\/style>\n\t<\/div>\n\n\t\n\n\t<div id=\"col-1739957578\" class=\"col medium-6 small-12 large-6\"  >\n\t\t\t\t<div class=\"col-inner\"  >\n\t\t\t\n\t\t\t\n\t<div class=\"img has-hover x md-x lg-x y md-y lg-y\" id=\"image_1054952742\">\n\t\t\t\t\t\t\t\t<div class=\"img-inner dark\" style=\"margin:0px 0px 0px 0px;\">\n\t\t\t<img loading=\"lazy\" decoding=\"async\" width=\"751\" height=\"501\" src=\"https:\/\/vode.hr\/wp-content\/uploads\/2025\/10\/skica.jpg\" class=\"attachment-original size-original\" alt=\"\" srcset=\"https:\/\/vode.hr\/wp-content\/uploads\/2025\/10\/skica.jpg 751w, https:\/\/vode.hr\/wp-content\/uploads\/2025\/10\/skica-300x200.jpg 300w, https:\/\/vode.hr\/wp-content\/uploads\/2025\/10\/skica-650x434.jpg 650w\" sizes=\"(max-width: 751px) 100vw, 751px\" \/>\t\t\t\t\t\t\n\t\t\t\t\t<\/div>\n\t\t\t\t\t\t\t\t\n<style>\n#image_1054952742 {\n  width: 100%;\n}\n<\/style>\n\t<\/div>\n\t\n\t\t<\/div>\n\t\t\t\t\t<\/div>\n\n\t\n<\/div>\n\t\t<\/div>\n\n\t\t\n<style>\n#section_302347339 {\n  padding-top: 0px;\n  padding-bottom: 0px;\n  background-color: rgb(221, 239, 239);\n}\n<\/style>\n\t<\/section>\n\t\n<div class=\"row align-middle\"  id=\"row-506998039\">\n\n\t<div id=\"col-1063461708\" class=\"col medium-6 small-12 large-6\"  >\n\t\t\t\t<div class=\"col-inner\"  >\n\t\t\t\n\t\t\t\n\t<div class=\"img has-hover x md-x lg-x y md-y lg-y\" id=\"image_416529727\">\n\t\t\t\t\t\t\t\t<div class=\"img-inner dark\" >\n\t\t\t<img loading=\"lazy\" decoding=\"async\" width=\"600\" height=\"600\" src=\"https:\/\/vode.hr\/wp-content\/uploads\/2025\/10\/RADAR-Cloud-Data-Platform-low_res-600x600-1.jpg\" class=\"attachment-original size-original\" alt=\"\" srcset=\"https:\/\/vode.hr\/wp-content\/uploads\/2025\/10\/RADAR-Cloud-Data-Platform-low_res-600x600-1.jpg 600w, https:\/\/vode.hr\/wp-content\/uploads\/2025\/10\/RADAR-Cloud-Data-Platform-low_res-600x600-1-300x300.jpg 300w, https:\/\/vode.hr\/wp-content\/uploads\/2025\/10\/RADAR-Cloud-Data-Platform-low_res-600x600-1-150x150.jpg 150w, https:\/\/vode.hr\/wp-content\/uploads\/2025\/10\/RADAR-Cloud-Data-Platform-low_res-600x600-1-370x370.jpg 370w, https:\/\/vode.hr\/wp-content\/uploads\/2025\/10\/RADAR-Cloud-Data-Platform-low_res-600x600-1-100x100.jpg 100w\" sizes=\"(max-width: 600px) 100vw, 600px\" \/>\t\t\t\t\t\t\n\t\t\t\t\t<\/div>\n\t\t\t\t\t\t\t\t\n<style>\n#image_416529727 {\n  width: 100%;\n}\n<\/style>\n\t<\/div>\n\t\n\t\t<\/div>\n\t\t\t\t\t<\/div>\n\n\t\n\n\t<div id=\"col-1594531637\" class=\"col medium-6 small-12 large-6 small-col-first\"  >\n\t\t\t\t<div class=\"col-inner\"  >\n\t\t\t\n\t\t\t\n\t<div id=\"text-1338727772\" class=\"text\">\n\t\t\n<h2><strong>RADAR\u00ae Platforma za Upravljanje Tlakom<\/strong><\/h2>\n<p>RADAR prikuplja, analizira i \u0161alje upozorenja na temelju podataka mre\u017ee vode s tlakomjera i mjera\u010da protoka PIPEMINDER-ONE, senzora kvalitete vode, SCADA sustava te data loggera i platformi tre\u0107ih strana. RADAR je sna\u017ean, a istovremeno jednostavan za kori\u0161tenje, pru\u017eaju\u0107i detaljnu analizu podataka i izvje\u0161tavanje uz pametna, prakti\u010dna upozorenja za mre\u017eu.<br \/>\n\t\t\n<style>\n#text-1338727772 {\n  text-align: center;\n}\n<\/style>\n\t<\/div>\n\t\n\t\t<\/div>\n\t\t\t\t\t<\/div>\n\n\t\n\n<style>\n#row-506998039 > .col > .col-inner {\n  padding: 2em 0px 0px 0px;\n}\n<\/style>\n<\/div>\n<div class=\"row align-middle\"  id=\"row-1284531075\">\n\n\t<div id=\"col-1257190825\" class=\"col medium-6 small-12 large-6\"  >\n\t\t\t\t<div class=\"col-inner\"  >\n\t\t\t\n\t\t\t\n\t<div class=\"img has-hover x md-x lg-x y md-y lg-y\" id=\"image_1372665567\">\n\t\t\t\t\t\t\t\t<div class=\"img-inner dark\" >\n\t\t\t<img loading=\"lazy\" decoding=\"async\" width=\"500\" height=\"700\" src=\"https:\/\/vode.hr\/wp-content\/uploads\/2025\/10\/skupna.jpg\" class=\"attachment-original size-original\" alt=\"\" srcset=\"https:\/\/vode.hr\/wp-content\/uploads\/2025\/10\/skupna.jpg 500w, https:\/\/vode.hr\/wp-content\/uploads\/2025\/10\/skupna-214x300.jpg 214w\" sizes=\"(max-width: 500px) 100vw, 500px\" \/>\t\t\t\t\t\t\n\t\t\t\t\t<\/div>\n\t\t\t\t\t\t\t\t\n<style>\n#image_1372665567 {\n  width: 100%;\n}\n<\/style>\n\t<\/div>\n\t\n\t\t<\/div>\n\t\t\t\t\t<\/div>\n\n\t\n\n\t<div id=\"col-1876869443\" class=\"col medium-6 small-12 large-6 small-col-first\"  >\n\t\t\t\t<div class=\"col-inner\"  >\n\t\t\t\n\t\t\t\n\t<div id=\"text-2268926216\" class=\"text\">\n\t\t\n<h2>Podru\u010dja primjene:<\/h2>\n<p data-start=\"0\" data-end=\"39\"><strong data-start=\"0\" data-end=\"37\">Nadzor mre\u017ee za distribuciju vode<\/strong><\/p>\n<p data-start=\"41\" data-end=\"580\" data-is-last-node=\"\" data-is-only-node=\"\">Sustavi za distribuciju vode moraju se pratiti i odr\u017eavati kako bi se minimalizirali gubici vode, smanjio rizik od one\u010di\u0161\u0107enja i osiguralo javno zdravlje. Na\u0161 inovativni asortiman ure\u0111aja za nadzor i mjerenje, uklju\u010duju\u0107i sonde i senzore, pru\u017ea cjelovita, in\u017eenjerski osmi\u0161ljena i bezreagenska rje\u0161enja za sve potrebe nadzora distribucije. Od pojedina\u010dnih ure\u0111aja za kontrolu procesa do multiparametarskog mjerenja u sustavima distribucije, na\u0161i sustavi nadzora nude fleksibilnost potrebnu za razli\u010dite primjene vode, od izvora do slavine.<\/p>\n<p data-start=\"0\" data-end=\"50\"><strong data-start=\"0\" data-end=\"48\">Nadzor sustava za prikupljanje otpadnih voda<\/strong><\/p>\n<p data-start=\"52\" data-end=\"668\" data-is-last-node=\"\" data-is-only-node=\"\">Nadzor sustava za prikupljanje otpadnih voda klju\u010dan je u vodnom ciklusu, jer prati kretanje otpadnih voda od izvora kroz prikupljaju\u0107e mre\u017ee do obrade i odlaganja. Ekstremni vremenski uvjeti, blokade uzrokovane mastima, uljima i masno\u0107ama (FOG) te pove\u0107ani dotok i infiltracija (I&amp;I) mogu dovesti do izlijevanja ili prelijevanja kanalizacije \u2013 ugro\u017eavaju\u0107i okoli\u0161 i zajednice te komunalnim poduze\u0107ima stvaraju\u0107i milijunske tro\u0161kove \u010di\u0161\u0107enja. Pra\u0107enjem ovih sustava gotovo u stvarnom vremenu, poduze\u0107a mogu brzo prepoznati i rije\u0161iti probleme, osiguravaju\u0107i u\u010dinkovito djelovanje i sprje\u010davaju\u0107i one\u010di\u0161\u0107enje okoli\u0161a.<\/p>\n<p data-start=\"0\" data-end=\"33\"><strong data-start=\"0\" data-end=\"31\">Pro\u010di\u0161\u0107avanje otpadnih voda<\/strong><\/p>\n<p data-start=\"35\" data-end=\"590\" data-is-last-node=\"\" data-is-only-node=\"\">Postrojenja za pro\u010di\u0161\u0107avanje otpadnih voda imaju slo\u017eene operativne procese koji uklju\u010duju \u0161irok spektar rje\u0161enja za mjerenje protoka, nadzor kvalitete vode i detekciju toksi\u010dnih plinova. Cilj je o\u010duvanje vode, pove\u0107anje uskla\u0111enosti s propisima te za\u0161tita kvalitete vode, ljudi i okoli\u0161a. Od pojedina\u010dnih monitora do multiparametarskog mjerenja, na\u0161a svestrana rje\u0161enja pru\u017eaju kontinuirani i proaktivan nadzor, omogu\u0107uju\u0107i rano otkrivanje doga\u0111aja, kontrolu neugodnih mirisa, prevenciju zaga\u0111enja, upravljanje kemikalijama i detekciju toksi\u010dnih plinova.<\/p>\n<p data-start=\"0\" data-end=\"26\"><strong data-start=\"0\" data-end=\"24\">Industrijski procesi<\/strong><\/p>\n<p data-start=\"28\" data-end=\"469\" data-is-last-node=\"\" data-is-only-node=\"\">Mjerenje i nadzor protoka, kvalitete vode te toksi\u010dnih i zapaljivih plinova igra klju\u010dnu ulogu u industrijskim procesima, osiguravaju\u0107i dosljednu kontrolu kvalitete, sigurnost osoblja, za\u0161titu okoli\u0161a, pra\u0107enje procesa i optimizaciju. Na\u0161 sveobuhvatni asortiman robusnih, pouzdanih i mjerenja u stvarnom vremenu pru\u017ea rje\u0161enja koja se jednostavno instaliraju i odr\u017eavaju, stvaraju sigurna radna podru\u010dja i pove\u0107avaju uskla\u0111enost s propisima.<\/p>\n\t\t\n<style>\n#text-2268926216 {\n  text-align: center;\n}\n<\/style>\n\t<\/div>\n\t\n\t\t<\/div>\n\t\t\t\t\t<\/div>\n\n\t\n\n<style>\n#row-1284531075 > .col > .col-inner {\n  padding: 2em 0px 0px 0px;\n}\n<\/style>\n<\/div>\n","protected":false},"excerpt":{"rendered":"<p>Sadr\u017ei sve zna\u010dajke standardne verzije, uz mogu\u0107nost spajanja vanjskog senzora, \u0161to ga \u010dini pogodnim za pra\u0107enje otpadnih voda, nadzor opreme, alarmiranje za rad pumpi i druge primjene.<\/p>\n<p data-start=\"315\" data-end=\"384\"><strong data-start=\"315\" data-end=\"331\">Komunikacija &#8211; <\/strong>Be\u017ei\u010dna komunikacija putem mobilne mre\u017ee (do 4G)<\/p>\n<p data-start=\"386\" data-end=\"497\"><strong data-start=\"386\" data-end=\"399\">Napajanje &#8211; <\/strong>Punja\u010dka ili jednokratna baterija, dostupni adapteri za mre\u017eno napajanje i solarno napajanje<\/p>\n<p data-start=\"499\" data-end=\"522\"><strong data-start=\"499\" data-end=\"510\">To\u010dnost &#8211; <\/strong>\u00b10,25 %<\/p>\n<p data-start=\"524\" data-end=\"557\" data-is-last-node=\"\" data-is-only-node=\"\"><strong data-start=\"524\" data-end=\"545\">Radna temperatura &#8211; <\/strong>-20\u202666 \u00b0C<\/p>\n","protected":false},"featured_media":1357,"template":"","meta":[],"product_cat":[17,18,223],"product_tag":[295,301,299],"class_list":["post-1356","product","type-product","status-publish","has-post-thumbnail","hentry","product_cat-ispitivanje-i-mjerenje-kvalitete-vode","product_cat-nadzor-uvjeta-u-okolisu","product_cat-vode","product_tag-badger-meter","product_tag-external","product_tag-pipeminder-one"],"yoast_head":"<!-- This site is optimized with the Yoast SEO plugin v25.0 - https:\/\/yoast.com\/wordpress\/plugins\/seo\/ -->\n<title>PIPEMINDER-ONE \u2013 vanjski datalogger o prolaznim promjenama tlaka, Badger meter - Vode.hr<\/title>\n<meta name=\"description\" content=\"Sadr\u017ei sve zna\u010dajke standardne verzije, uz mogu\u0107nost spajanja vanjskog senzora, \u0161to ga \u010dini pogodnim za pra\u0107enje otpadnih voda, nadzor opreme, alarmiranje za rad pumpi i druge primjene. Komunikacija - Be\u017ei\u010dna komunikacija putem mobilne mre\u017ee (do 4G) Napajanje - Punja\u010dka ili jednokratna baterija, dostupni adapteri za mre\u017eno napajanje i solarno napajanje To\u010dnost - \u00b10,25 % Radna temperatura - -20\u202666 \u00b0C\" \/>\n<meta name=\"robots\" content=\"index, follow, max-snippet:-1, max-image-preview:large, max-video-preview:-1\" \/>\n<link rel=\"canonical\" href=\"https:\/\/vode.hr\/bs\/proizvod\/pipeminder-one-vanjski-datalogger-o-prolaznim-promjenama-tlaka-badger-meter\/\" \/>\n<meta property=\"og:locale\" content=\"bs_BA\" \/>\n<meta property=\"og:type\" content=\"article\" \/>\n<meta property=\"og:title\" content=\"PIPEMINDER-ONE \u2013 vanjski datalogger o prolaznim promjenama tlaka, Badger meter - Vode.hr\" \/>\n<meta property=\"og:description\" content=\"Sadr\u017ei sve zna\u010dajke standardne verzije, uz mogu\u0107nost spajanja vanjskog senzora, \u0161to ga \u010dini pogodnim za pra\u0107enje otpadnih voda, nadzor opreme, alarmiranje za rad pumpi i druge primjene. Komunikacija - Be\u017ei\u010dna komunikacija putem mobilne mre\u017ee (do 4G) Napajanje - Punja\u010dka ili jednokratna baterija, dostupni adapteri za mre\u017eno napajanje i solarno napajanje To\u010dnost - \u00b10,25 % Radna temperatura - -20\u202666 \u00b0C\" \/>\n<meta property=\"og:url\" content=\"https:\/\/vode.hr\/bs\/proizvod\/pipeminder-one-vanjski-datalogger-o-prolaznim-promjenama-tlaka-badger-meter\/\" \/>\n<meta property=\"og:site_name\" content=\"Vode.hr\" \/>\n<meta property=\"article:publisher\" content=\"https:\/\/www.facebook.com\/vode.hr\" \/>\n<meta property=\"article:modified_time\" content=\"2025-10-29T10:50:15+00:00\" \/>\n<meta property=\"og:image\" content=\"http:\/\/vode.hr\/wp-content\/uploads\/2023\/04\/Digitalni-mjerac-kvalitete-vode-ProSolo-1000-fb.jpg\" \/>\n\t<meta property=\"og:image:width\" content=\"400\" \/>\n\t<meta property=\"og:image:height\" content=\"400\" \/>\n\t<meta property=\"og:image:type\" content=\"image\/jpeg\" \/>\n<meta name=\"twitter:card\" content=\"summary_large_image\" \/>\n<meta name=\"twitter:label1\" content=\"Est. reading time\" \/>\n\t<meta name=\"twitter:data1\" content=\"4 minute\" \/>\n<script type=\"application\/ld+json\" class=\"yoast-schema-graph\">{\"@context\":\"https:\/\/schema.org\",\"@graph\":[{\"@type\":[\"WebPage\",\"ItemPage\"],\"@id\":\"https:\/\/vode.hr\/bs\/proizvod\/pipeminder-one-vanjski-datalogger-o-prolaznim-promjenama-tlaka-badger-meter\/\",\"url\":\"https:\/\/vode.hr\/bs\/proizvod\/pipeminder-one-vanjski-datalogger-o-prolaznim-promjenama-tlaka-badger-meter\/\",\"name\":\"PIPEMINDER-ONE \u2013 vanjski datalogger o prolaznim promjenama tlaka, Badger meter - Vode.hr\",\"isPartOf\":{\"@id\":\"https:\/\/vode.hr\/bs\/#website\"},\"primaryImageOfPage\":{\"@id\":\"https:\/\/vode.hr\/bs\/proizvod\/pipeminder-one-vanjski-datalogger-o-prolaznim-promjenama-tlaka-badger-meter\/#primaryimage\"},\"image\":{\"@id\":\"https:\/\/vode.hr\/bs\/proizvod\/pipeminder-one-vanjski-datalogger-o-prolaznim-promjenama-tlaka-badger-meter\/#primaryimage\"},\"thumbnailUrl\":\"https:\/\/vode.hr\/wp-content\/uploads\/2025\/10\/PIPEMINDER-ONE-External-low_res-600x600-1.jpg\",\"datePublished\":\"2025-10-29T08:05:31+00:00\",\"dateModified\":\"2025-10-29T10:50:15+00:00\",\"description\":\"Sadr\u017ei sve zna\u010dajke standardne verzije, uz mogu\u0107nost spajanja vanjskog senzora, \u0161to ga \u010dini pogodnim za pra\u0107enje otpadnih voda, nadzor opreme, alarmiranje za rad pumpi i druge primjene. Komunikacija - Be\u017ei\u010dna komunikacija putem mobilne mre\u017ee (do 4G) Napajanje - Punja\u010dka ili jednokratna baterija, dostupni adapteri za mre\u017eno napajanje i solarno napajanje To\u010dnost - \u00b10,25 % Radna temperatura - -20\u202666 \u00b0C\",\"breadcrumb\":{\"@id\":\"https:\/\/vode.hr\/bs\/proizvod\/pipeminder-one-vanjski-datalogger-o-prolaznim-promjenama-tlaka-badger-meter\/#breadcrumb\"},\"inLanguage\":\"bs-BA\",\"potentialAction\":[{\"@type\":\"ReadAction\",\"target\":[\"https:\/\/vode.hr\/bs\/proizvod\/pipeminder-one-vanjski-datalogger-o-prolaznim-promjenama-tlaka-badger-meter\/\"]}]},{\"@type\":\"ImageObject\",\"inLanguage\":\"bs-BA\",\"@id\":\"https:\/\/vode.hr\/bs\/proizvod\/pipeminder-one-vanjski-datalogger-o-prolaznim-promjenama-tlaka-badger-meter\/#primaryimage\",\"url\":\"https:\/\/vode.hr\/wp-content\/uploads\/2025\/10\/PIPEMINDER-ONE-External-low_res-600x600-1.jpg\",\"contentUrl\":\"https:\/\/vode.hr\/wp-content\/uploads\/2025\/10\/PIPEMINDER-ONE-External-low_res-600x600-1.jpg\",\"width\":600,\"height\":600},{\"@type\":\"BreadcrumbList\",\"@id\":\"https:\/\/vode.hr\/bs\/proizvod\/pipeminder-one-vanjski-datalogger-o-prolaznim-promjenama-tlaka-badger-meter\/#breadcrumb\",\"itemListElement\":[{\"@type\":\"ListItem\",\"position\":1,\"name\":\"Po\u010detna stranica\",\"item\":\"https:\/\/vode.hr\/bs\/\"},{\"@type\":\"ListItem\",\"position\":2,\"name\":\"Trgovina\",\"item\":\"https:\/\/vode.hr\/trgovina\/\"},{\"@type\":\"ListItem\",\"position\":3,\"name\":\"PIPEMINDER-ONE \u2013 vanjski datalogger o prolaznim promjenama tlaka, Badger meter\"}]},{\"@type\":\"WebSite\",\"@id\":\"https:\/\/vode.hr\/bs\/#website\",\"url\":\"https:\/\/vode.hr\/bs\/\",\"name\":\"Vode.hr\",\"description\":\"Mjerenje kvalitete voda, dezinfekcija vode i ure\u0111aji za mjerenje uvjeta u okoli\u0161u\",\"publisher\":{\"@id\":\"https:\/\/vode.hr\/bs\/#organization\"},\"potentialAction\":[{\"@type\":\"SearchAction\",\"target\":{\"@type\":\"EntryPoint\",\"urlTemplate\":\"https:\/\/vode.hr\/bs\/?s={search_term_string}\"},\"query-input\":{\"@type\":\"PropertyValueSpecification\",\"valueRequired\":true,\"valueName\":\"search_term_string\"}}],\"inLanguage\":\"bs-BA\"},{\"@type\":\"Organization\",\"@id\":\"https:\/\/vode.hr\/bs\/#organization\",\"name\":\"Primotronic d.o.o.\",\"url\":\"https:\/\/vode.hr\/bs\/\",\"logo\":{\"@type\":\"ImageObject\",\"inLanguage\":\"bs-BA\",\"@id\":\"https:\/\/vode.hr\/bs\/#\/schema\/logo\/image\/\",\"url\":\"http:\/\/vode.hr\/wp-content\/uploads\/2023\/04\/vode-1.png\",\"contentUrl\":\"http:\/\/vode.hr\/wp-content\/uploads\/2023\/04\/vode-1.png\",\"width\":300,\"height\":99,\"caption\":\"Primotronic d.o.o.\"},\"image\":{\"@id\":\"https:\/\/vode.hr\/bs\/#\/schema\/logo\/image\/\"},\"sameAs\":[\"https:\/\/www.facebook.com\/vode.hr\"]}]}<\/script>\n<!-- \/ Yoast SEO plugin. -->","yoast_head_json":{"title":"PIPEMINDER-ONE \u2013 vanjski datalogger o prolaznim promjenama tlaka, Badger meter - Vode.hr","description":"Sadr\u017ei sve zna\u010dajke standardne verzije, uz mogu\u0107nost spajanja vanjskog senzora, \u0161to ga \u010dini pogodnim za pra\u0107enje otpadnih voda, nadzor opreme, alarmiranje za rad pumpi i druge primjene. Komunikacija - Be\u017ei\u010dna komunikacija putem mobilne mre\u017ee (do 4G) Napajanje - Punja\u010dka ili jednokratna baterija, dostupni adapteri za mre\u017eno napajanje i solarno napajanje To\u010dnost - \u00b10,25 % Radna temperatura - -20\u202666 \u00b0C","robots":{"index":"index","follow":"follow","max-snippet":"max-snippet:-1","max-image-preview":"max-image-preview:large","max-video-preview":"max-video-preview:-1"},"canonical":"https:\/\/vode.hr\/bs\/proizvod\/pipeminder-one-vanjski-datalogger-o-prolaznim-promjenama-tlaka-badger-meter\/","og_locale":"bs_BA","og_type":"article","og_title":"PIPEMINDER-ONE \u2013 vanjski datalogger o prolaznim promjenama tlaka, Badger meter - Vode.hr","og_description":"Sadr\u017ei sve zna\u010dajke standardne verzije, uz mogu\u0107nost spajanja vanjskog senzora, \u0161to ga \u010dini pogodnim za pra\u0107enje otpadnih voda, nadzor opreme, alarmiranje za rad pumpi i druge primjene. Komunikacija - Be\u017ei\u010dna komunikacija putem mobilne mre\u017ee (do 4G) Napajanje - Punja\u010dka ili jednokratna baterija, dostupni adapteri za mre\u017eno napajanje i solarno napajanje To\u010dnost - \u00b10,25 % Radna temperatura - -20\u202666 \u00b0C","og_url":"https:\/\/vode.hr\/bs\/proizvod\/pipeminder-one-vanjski-datalogger-o-prolaznim-promjenama-tlaka-badger-meter\/","og_site_name":"Vode.hr","article_publisher":"https:\/\/www.facebook.com\/vode.hr","article_modified_time":"2025-10-29T10:50:15+00:00","og_image":[{"width":400,"height":400,"url":"http:\/\/vode.hr\/wp-content\/uploads\/2023\/04\/Digitalni-mjerac-kvalitete-vode-ProSolo-1000-fb.jpg","type":"image\/jpeg"}],"twitter_card":"summary_large_image","twitter_misc":{"Est. reading time":"4 minute"},"schema":{"@context":"https:\/\/schema.org","@graph":[{"@type":["WebPage","ItemPage"],"@id":"https:\/\/vode.hr\/bs\/proizvod\/pipeminder-one-vanjski-datalogger-o-prolaznim-promjenama-tlaka-badger-meter\/","url":"https:\/\/vode.hr\/bs\/proizvod\/pipeminder-one-vanjski-datalogger-o-prolaznim-promjenama-tlaka-badger-meter\/","name":"PIPEMINDER-ONE \u2013 vanjski datalogger o prolaznim promjenama tlaka, Badger meter - Vode.hr","isPartOf":{"@id":"https:\/\/vode.hr\/bs\/#website"},"primaryImageOfPage":{"@id":"https:\/\/vode.hr\/bs\/proizvod\/pipeminder-one-vanjski-datalogger-o-prolaznim-promjenama-tlaka-badger-meter\/#primaryimage"},"image":{"@id":"https:\/\/vode.hr\/bs\/proizvod\/pipeminder-one-vanjski-datalogger-o-prolaznim-promjenama-tlaka-badger-meter\/#primaryimage"},"thumbnailUrl":"https:\/\/vode.hr\/wp-content\/uploads\/2025\/10\/PIPEMINDER-ONE-External-low_res-600x600-1.jpg","datePublished":"2025-10-29T08:05:31+00:00","dateModified":"2025-10-29T10:50:15+00:00","description":"Sadr\u017ei sve zna\u010dajke standardne verzije, uz mogu\u0107nost spajanja vanjskog senzora, \u0161to ga \u010dini pogodnim za pra\u0107enje otpadnih voda, nadzor opreme, alarmiranje za rad pumpi i druge primjene. Komunikacija - Be\u017ei\u010dna komunikacija putem mobilne mre\u017ee (do 4G) Napajanje - Punja\u010dka ili jednokratna baterija, dostupni adapteri za mre\u017eno napajanje i solarno napajanje To\u010dnost - \u00b10,25 % Radna temperatura - -20\u202666 \u00b0C","breadcrumb":{"@id":"https:\/\/vode.hr\/bs\/proizvod\/pipeminder-one-vanjski-datalogger-o-prolaznim-promjenama-tlaka-badger-meter\/#breadcrumb"},"inLanguage":"bs-BA","potentialAction":[{"@type":"ReadAction","target":["https:\/\/vode.hr\/bs\/proizvod\/pipeminder-one-vanjski-datalogger-o-prolaznim-promjenama-tlaka-badger-meter\/"]}]},{"@type":"ImageObject","inLanguage":"bs-BA","@id":"https:\/\/vode.hr\/bs\/proizvod\/pipeminder-one-vanjski-datalogger-o-prolaznim-promjenama-tlaka-badger-meter\/#primaryimage","url":"https:\/\/vode.hr\/wp-content\/uploads\/2025\/10\/PIPEMINDER-ONE-External-low_res-600x600-1.jpg","contentUrl":"https:\/\/vode.hr\/wp-content\/uploads\/2025\/10\/PIPEMINDER-ONE-External-low_res-600x600-1.jpg","width":600,"height":600},{"@type":"BreadcrumbList","@id":"https:\/\/vode.hr\/bs\/proizvod\/pipeminder-one-vanjski-datalogger-o-prolaznim-promjenama-tlaka-badger-meter\/#breadcrumb","itemListElement":[{"@type":"ListItem","position":1,"name":"Po\u010detna stranica","item":"https:\/\/vode.hr\/bs\/"},{"@type":"ListItem","position":2,"name":"Trgovina","item":"https:\/\/vode.hr\/trgovina\/"},{"@type":"ListItem","position":3,"name":"PIPEMINDER-ONE \u2013 vanjski datalogger o prolaznim promjenama tlaka, Badger meter"}]},{"@type":"WebSite","@id":"https:\/\/vode.hr\/bs\/#website","url":"https:\/\/vode.hr\/bs\/","name":"Vode.hr","description":"Mjerenje kvalitete voda, dezinfekcija vode i ure\u0111aji za mjerenje uvjeta u okoli\u0161u","publisher":{"@id":"https:\/\/vode.hr\/bs\/#organization"},"potentialAction":[{"@type":"SearchAction","target":{"@type":"EntryPoint","urlTemplate":"https:\/\/vode.hr\/bs\/?s={search_term_string}"},"query-input":{"@type":"PropertyValueSpecification","valueRequired":true,"valueName":"search_term_string"}}],"inLanguage":"bs-BA"},{"@type":"Organization","@id":"https:\/\/vode.hr\/bs\/#organization","name":"Primotronic d.o.o.","url":"https:\/\/vode.hr\/bs\/","logo":{"@type":"ImageObject","inLanguage":"bs-BA","@id":"https:\/\/vode.hr\/bs\/#\/schema\/logo\/image\/","url":"http:\/\/vode.hr\/wp-content\/uploads\/2023\/04\/vode-1.png","contentUrl":"http:\/\/vode.hr\/wp-content\/uploads\/2023\/04\/vode-1.png","width":300,"height":99,"caption":"Primotronic d.o.o."},"image":{"@id":"https:\/\/vode.hr\/bs\/#\/schema\/logo\/image\/"},"sameAs":["https:\/\/www.facebook.com\/vode.hr"]}]}},"_links":{"self":[{"href":"https:\/\/vode.hr\/bs\/wp-json\/wp\/v2\/product\/1356"}],"collection":[{"href":"https:\/\/vode.hr\/bs\/wp-json\/wp\/v2\/product"}],"about":[{"href":"https:\/\/vode.hr\/bs\/wp-json\/wp\/v2\/types\/product"}],"wp:featuredmedia":[{"embeddable":true,"href":"https:\/\/vode.hr\/bs\/wp-json\/wp\/v2\/media\/1357"}],"wp:attachment":[{"href":"https:\/\/vode.hr\/bs\/wp-json\/wp\/v2\/media?parent=1356"}],"wp:term":[{"taxonomy":"product_cat","embeddable":true,"href":"https:\/\/vode.hr\/bs\/wp-json\/wp\/v2\/product_cat?post=1356"},{"taxonomy":"product_tag","embeddable":true,"href":"https:\/\/vode.hr\/bs\/wp-json\/wp\/v2\/product_tag?post=1356"}],"curies":[{"name":"wp","href":"https:\/\/api.w.org\/{rel}","templated":true}]}}