{"id":1363,"date":"2025-10-29T09:22:12","date_gmt":"2025-10-29T08:22:12","guid":{"rendered":"https:\/\/vode.hr\/?post_type=product&#038;p=1363"},"modified":"2025-10-29T11:50:30","modified_gmt":"2025-10-29T10:50:30","slug":"ru-32ima-visekanalni-telemetrijski-i-impulsni-monitor-badger-meter","status":"publish","type":"product","link":"https:\/\/vode.hr\/bs\/proizvod\/ru-32ima-visekanalni-telemetrijski-i-impulsni-monitor-badger-meter\/","title":{"rendered":"Ru-32imA \u2013 vi\u0161ekanalni telemetrijski i impulsni monitor, Badger meter"},"content":{"rendered":"<div class=\"row\"  id=\"row-1989608879\">\n\n\t<div id=\"col-222977205\" class=\"col small-12 large-12\"  >\n\t\t\t\t<div class=\"col-inner\"  >\n\t\t\t\n\t\t\t\n\t<div id=\"text-3681173144\" class=\"text\">\n\t\t\n<h2>Be\u017ei\u010dna vi\u0161ekanalna telemetrijska jedinica za podzemni nadzor<\/h2>\n\t\t\n<style>\n#text-3681173144 {\n  font-size: 1.3rem;\n  text-align: center;\n}\n<\/style>\n\t<\/div>\n\t\n\t<div id=\"text-3499334193\" class=\"text\">\n\t\t\n\t\t\n<style>\n#text-3499334193 {\n  font-size: 0.9rem;\n  text-align: center;\n}\n<\/style>\n\t<\/div>\n\t\n\t\t<\/div>\n\t\t\t\t\t<\/div>\n\n\t\n\n<style>\n#row-1989608879 > .col > .col-inner {\n  padding: 3em 0px 0px 0px;\n}\n<\/style>\n<\/div>\n\t<section class=\"section\" id=\"section_292443858\">\n\t\t<div class=\"bg section-bg fill bg-fill  bg-loaded\" >\n\n\t\t\t\n\t\t\t\n\t\t\t\n\n\t\t<\/div>\n\n\t\t\n\n\t\t<div class=\"section-content relative\">\n\t\t\t\n<div class=\"row align-middle\"  id=\"row-289747159\">\n\n\t<div id=\"col-441875298\" class=\"col medium-6 small-12 large-6\"  >\n\t\t\t\t<div class=\"col-inner\"  >\n\t\t\t\n\t\t\t\n\t<div id=\"text-2283485833\" class=\"text\">\n\t\t\n\t\t\n<style>\n#text-2283485833 {\n  text-align: center;\n}\n<\/style>\n\t<\/div>\n\t\n<div class=\"is-divider divider clearfix\" style=\"max-width:100%;\"><\/div>\n<p data-start=\"69\" data-end=\"237\">Daljinski vi\u0161ekanalni zapisnik podataka, napajan baterijom i s mogu\u0107no\u0161\u0107u mobilne veze, koristi se za nadzor tlaka, protoka i impulsa u zahtjevnim podzemnim uvjetima.<\/p>\n<ul data-start=\"239\" data-end=\"527\">\n<li data-start=\"239\" data-end=\"296\">\n<p data-start=\"241\" data-end=\"296\">Otkrivanje potencijalno \u0161tetnih prolaznih tlakova<\/p>\n<\/li>\n<li data-start=\"297\" data-end=\"362\">\n<p data-start=\"299\" data-end=\"362\">Uvid u potro\u0161nju za neproizvodnu vodu (Non-Revenue Water)<\/p>\n<\/li>\n<li data-start=\"363\" data-end=\"448\">\n<p data-start=\"365\" data-end=\"448\">Optimizacija rada vodoopskrbnog sustava i objekata te uskla\u0111enost s propisima<\/p>\n<\/li>\n<li data-start=\"449\" data-end=\"527\">\n<p data-start=\"451\" data-end=\"527\">Situacijska svijest u stvarnom vremenu o tlaku ili pucanjima cjevovoda<\/p>\n<\/li>\n<\/ul>\n\t\t<\/div>\n\t\t\t\t\n<style>\n#col-441875298 > .col-inner {\n  padding: 2em 1em 0px 1em;\n}\n@media (min-width:550px) {\n  #col-441875298 > .col-inner {\n    padding: 0px 0px 0px 2em;\n  }\n}\n<\/style>\n\t<\/div>\n\n\t\n\n\t<div id=\"col-348144468\" class=\"col medium-6 small-12 large-6\"  >\n\t\t\t\t<div class=\"col-inner\"  >\n\t\t\t\n\t\t\t\n\t<div class=\"img has-hover x md-x lg-x y md-y lg-y\" id=\"image_1831481317\">\n\t\t\t\t\t\t\t\t<div class=\"img-inner dark\" style=\"margin:0px 0px 0px 0px;\">\n\t\t\t<img loading=\"lazy\" decoding=\"async\" width=\"600\" height=\"400\" src=\"https:\/\/vode.hr\/wp-content\/uploads\/2025\/10\/Market-Page-Website-Image_CSM-Underground-Sewer-shutterstock_753403657-low-res-1200x800-1.jpg\" class=\"attachment-original size-original\" alt=\"\" srcset=\"https:\/\/vode.hr\/wp-content\/uploads\/2025\/10\/Market-Page-Website-Image_CSM-Underground-Sewer-shutterstock_753403657-low-res-1200x800-1.jpg 600w, https:\/\/vode.hr\/wp-content\/uploads\/2025\/10\/Market-Page-Website-Image_CSM-Underground-Sewer-shutterstock_753403657-low-res-1200x800-1-300x200.jpg 300w\" sizes=\"(max-width: 600px) 100vw, 600px\" \/>\t\t\t\t\t\t\n\t\t\t\t\t<\/div>\n\t\t\t\t\t\t\t\t\n<style>\n#image_1831481317 {\n  width: 100%;\n}\n<\/style>\n\t<\/div>\n\t\n\t\t<\/div>\n\t\t\t\t\t<\/div>\n\n\t\n<\/div>\n\t\t<\/div>\n\n\t\t\n<style>\n#section_292443858 {\n  padding-top: 0px;\n  padding-bottom: 0px;\n  background-color: rgb(221, 239, 239);\n}\n<\/style>\n\t<\/section>\n\t\n<div class=\"row align-middle\"  id=\"row-1252405542\">\n\n\t<div id=\"col-638820096\" class=\"col medium-6 small-12 large-6\"  >\n\t\t\t\t<div class=\"col-inner\"  >\n\t\t\t\n\t\t\t\n\t<div class=\"img has-hover x md-x lg-x y md-y lg-y\" id=\"image_1492828024\">\n\t\t\t\t\t\t\t\t<div class=\"img-inner dark\" >\n\t\t\t<img loading=\"lazy\" decoding=\"async\" width=\"600\" height=\"400\" src=\"https:\/\/vode.hr\/wp-content\/uploads\/2025\/10\/Municipal-Water-Treatment-Distribution_Aerial-Wastewater-Plant_1597239994.jpg\" class=\"attachment-original size-original\" alt=\"\" srcset=\"https:\/\/vode.hr\/wp-content\/uploads\/2025\/10\/Municipal-Water-Treatment-Distribution_Aerial-Wastewater-Plant_1597239994.jpg 600w, https:\/\/vode.hr\/wp-content\/uploads\/2025\/10\/Municipal-Water-Treatment-Distribution_Aerial-Wastewater-Plant_1597239994-300x200.jpg 300w\" sizes=\"(max-width: 600px) 100vw, 600px\" \/>\t\t\t\t\t\t\n\t\t\t\t\t<\/div>\n\t\t\t\t\t\t\t\t\n<style>\n#image_1492828024 {\n  width: 100%;\n}\n<\/style>\n\t<\/div>\n\t\n\t\t<\/div>\n\t\t\t\t\t<\/div>\n\n\t\n\n\t<div id=\"col-225016914\" class=\"col medium-6 small-12 large-6 small-col-first\"  >\n\t\t\t\t<div class=\"col-inner\"  >\n\t\t\t\n\t\t\t\n\t<div id=\"text-2029053147\" class=\"text\">\n\t\t\n<h2>Podru\u010dja primjene:<\/h2>\n<p>&nbsp;<\/p>\n<p data-start=\"547\" data-end=\"587\">Nadzor tlaka u vodoopskrbnim sustavima<\/p>\n<p>Podzemni nadzor razine vode<\/p>\n<p>Pra\u0107enje Mag mjera\u010da<\/p>\n<p>Nadzor ventila za smanjenje tlaka (protoka i tlaka)<\/p>\n<p>Nadzor ventila za ubla\u017eavanje tlaka<\/p>\n<p>Pra\u0107enje jednog ili dva vodomjera i ulaznih podataka s registara vodomjera<br \/>\n\t\t\n<style>\n#text-2029053147 {\n  text-align: center;\n}\n<\/style>\n\t<\/div>\n\t\n\t\t<\/div>\n\t\t\t\t\t<\/div>\n\n\t\n\n<style>\n#row-1252405542 > .col > .col-inner {\n  padding: 2em 0px 0px 0px;\n}\n<\/style>\n<\/div>\n<p>&nbsp;<\/p>\n","protected":false},"excerpt":{"rendered":"<p>Ure\u0111aj <strong data-start=\"76\" data-end=\"94\">Telog Ru-32imA<\/strong> omogu\u0107uje pra\u0107enje i alarmiranje u stvarnom vremenu za senzore tlaka, protoka, ventile i mjera\u010de, \u010dak i u zahtjevnim uvjetima tipi\u010dnim za sustave distribucije vode i prikupljanja otpadnih voda, poput podzemnih vodovodnih \u0161ahtova. Osim nadzora tlaka na dva tla\u010dna kanala, zapisnik impulsa pohranjuje valni oblik zabilje\u017eenih prolaznih tlakova (impulsa) otkrivenih u nadziranoj mre\u017ei.<\/p>\n<div class=\"text-base my-auto mx-auto pb-10 [--thread-content-margin:--spacing(4)] thread-sm:[--thread-content-margin:--spacing(6)] thread-lg:[--thread-content-margin:--spacing(16)] px-(--thread-content-margin)\">\n<div class=\"[--thread-content-max-width:40rem] thread-lg:[--thread-content-max-width:48rem] mx-auto max-w-(--thread-content-max-width) flex-1 group\/turn-messages focus-visible:outline-hidden relative flex w-full min-w-0 flex-col agent-turn\" tabindex=\"-1\">\n<div class=\"flex max-w-full flex-col grow\">\n<div class=\"min-h-8 text-message relative flex w-full flex-col items-end gap-2 text-start break-words whitespace-normal [.text-message+&amp;]:mt-1\" dir=\"auto\" data-message-author-role=\"assistant\" data-message-id=\"f19c61fd-ba30-4568-b434-7db1df3fea5b\" data-message-model-slug=\"gpt-5-mini\">\n<div class=\"flex w-full flex-col gap-1 empty:hidden first:pt-[1px]\">\n<div class=\"markdown prose dark:prose-invert w-full break-words light markdown-new-styling\">\n<p data-start=\"0\" data-end=\"67\"><strong data-start=\"0\" data-end=\"16\">Komunikacija &#8211; <\/strong>Be\u017ei\u010dna komunikacija putem mobilne mre\u017ee (LTE)<\/p>\n<p data-start=\"69\" data-end=\"129\"><strong data-start=\"69\" data-end=\"82\">Napajanje &#8211; <\/strong>Baterijsko napajanje; trajanje do 5 godina<\/p>\n<p data-start=\"131\" data-end=\"199\"><strong data-start=\"131\" data-end=\"142\">To\u010dnost &#8211; <\/strong>\u00b10,075 % od punog opsega pri konstantnoj temperaturi<\/p>\n<p data-start=\"201\" data-end=\"234\" data-is-last-node=\"\" data-is-only-node=\"\"><strong data-start=\"201\" data-end=\"222\">Radna temperatura &#8211; <\/strong>-40\u202670 \u00b0C<\/p>\n<\/div>\n<\/div>\n<\/div>\n<\/div>\n<\/div>\n<\/div>\n","protected":false},"featured_media":1364,"template":"","meta":[],"product_cat":[17,18],"product_tag":[295,302],"class_list":["post-1363","product","type-product","status-publish","has-post-thumbnail","hentry","product_cat-ispitivanje-i-mjerenje-kvalitete-vode","product_cat-nadzor-uvjeta-u-okolisu","product_tag-badger-meter","product_tag-ru-32ima"],"yoast_head":"<!-- This site is optimized with the Yoast SEO plugin v25.0 - https:\/\/yoast.com\/wordpress\/plugins\/seo\/ -->\n<title>Ru-32imA \u2013 vi\u0161ekanalni telemetrijski i impulsni monitor, Badger meter - Vode.hr<\/title>\n<meta name=\"description\" content=\"Ure\u0111aj Telog Ru-32imA omogu\u0107uje pra\u0107enje i alarmiranje u stvarnom vremenu za senzore tlaka, protoka, ventile i mjera\u010de, \u010dak i u zahtjevnim uvjetima tipi\u010dnim za sustave distribucije vode i prikupljanja otpadnih voda, poput podzemnih vodovodnih \u0161ahtova. Osim nadzora tlaka na dva tla\u010dna kanala, zapisnik impulsa pohranjuje valni oblik zabilje\u017eenih prolaznih tlakova (impulsa) otkrivenih u nadziranoj mre\u017ei.       Komunikacija - Be\u017ei\u010dna komunikacija putem mobilne mre\u017ee (LTE) Napajanje - Baterijsko napajanje; trajanje do 5 godina To\u010dnost - \u00b10,075 % od punog opsega pri konstantnoj temperaturi Radna temperatura - -40\u202670 \u00b0C\" \/>\n<meta name=\"robots\" content=\"index, follow, max-snippet:-1, max-image-preview:large, max-video-preview:-1\" \/>\n<link rel=\"canonical\" href=\"https:\/\/vode.hr\/bs\/proizvod\/ru-32ima-visekanalni-telemetrijski-i-impulsni-monitor-badger-meter\/\" \/>\n<meta property=\"og:locale\" content=\"bs_BA\" \/>\n<meta property=\"og:type\" content=\"article\" \/>\n<meta property=\"og:title\" content=\"Ru-32imA \u2013 vi\u0161ekanalni telemetrijski i impulsni monitor, Badger meter - Vode.hr\" \/>\n<meta property=\"og:description\" content=\"Ure\u0111aj Telog Ru-32imA omogu\u0107uje pra\u0107enje i alarmiranje u stvarnom vremenu za senzore tlaka, protoka, ventile i mjera\u010de, \u010dak i u zahtjevnim uvjetima tipi\u010dnim za sustave distribucije vode i prikupljanja otpadnih voda, poput podzemnih vodovodnih \u0161ahtova. Osim nadzora tlaka na dva tla\u010dna kanala, zapisnik impulsa pohranjuje valni oblik zabilje\u017eenih prolaznih tlakova (impulsa) otkrivenih u nadziranoj mre\u017ei.       Komunikacija - Be\u017ei\u010dna komunikacija putem mobilne mre\u017ee (LTE) Napajanje - Baterijsko napajanje; trajanje do 5 godina To\u010dnost - \u00b10,075 % od punog opsega pri konstantnoj temperaturi Radna temperatura - -40\u202670 \u00b0C\" \/>\n<meta property=\"og:url\" content=\"https:\/\/vode.hr\/bs\/proizvod\/ru-32ima-visekanalni-telemetrijski-i-impulsni-monitor-badger-meter\/\" \/>\n<meta property=\"og:site_name\" content=\"Vode.hr\" \/>\n<meta property=\"article:publisher\" content=\"https:\/\/www.facebook.com\/vode.hr\" \/>\n<meta property=\"article:modified_time\" content=\"2025-10-29T10:50:30+00:00\" \/>\n<meta property=\"og:image\" content=\"http:\/\/vode.hr\/wp-content\/uploads\/2023\/04\/Digitalni-mjerac-kvalitete-vode-ProSolo-1000-fb.jpg\" \/>\n\t<meta property=\"og:image:width\" content=\"400\" \/>\n\t<meta property=\"og:image:height\" content=\"400\" \/>\n\t<meta property=\"og:image:type\" content=\"image\/jpeg\" \/>\n<meta name=\"twitter:card\" content=\"summary_large_image\" \/>\n<meta name=\"twitter:label1\" content=\"Est. reading time\" \/>\n\t<meta name=\"twitter:data1\" content=\"2 minute\" \/>\n<script type=\"application\/ld+json\" class=\"yoast-schema-graph\">{\"@context\":\"https:\/\/schema.org\",\"@graph\":[{\"@type\":[\"WebPage\",\"ItemPage\"],\"@id\":\"https:\/\/vode.hr\/bs\/proizvod\/ru-32ima-visekanalni-telemetrijski-i-impulsni-monitor-badger-meter\/\",\"url\":\"https:\/\/vode.hr\/bs\/proizvod\/ru-32ima-visekanalni-telemetrijski-i-impulsni-monitor-badger-meter\/\",\"name\":\"Ru-32imA \u2013 vi\u0161ekanalni telemetrijski i impulsni monitor, Badger meter - Vode.hr\",\"isPartOf\":{\"@id\":\"https:\/\/vode.hr\/bs\/#website\"},\"primaryImageOfPage\":{\"@id\":\"https:\/\/vode.hr\/bs\/proizvod\/ru-32ima-visekanalni-telemetrijski-i-impulsni-monitor-badger-meter\/#primaryimage\"},\"image\":{\"@id\":\"https:\/\/vode.hr\/bs\/proizvod\/ru-32ima-visekanalni-telemetrijski-i-impulsni-monitor-badger-meter\/#primaryimage\"},\"thumbnailUrl\":\"https:\/\/vode.hr\/wp-content\/uploads\/2025\/10\/Telog-RU-32imA-med_res.jpg\",\"datePublished\":\"2025-10-29T08:22:12+00:00\",\"dateModified\":\"2025-10-29T10:50:30+00:00\",\"description\":\"Ure\u0111aj Telog Ru-32imA omogu\u0107uje pra\u0107enje i alarmiranje u stvarnom vremenu za senzore tlaka, protoka, ventile i mjera\u010de, \u010dak i u zahtjevnim uvjetima tipi\u010dnim za sustave distribucije vode i prikupljanja otpadnih voda, poput podzemnih vodovodnih \u0161ahtova. Osim nadzora tlaka na dva tla\u010dna kanala, zapisnik impulsa pohranjuje valni oblik zabilje\u017eenih prolaznih tlakova (impulsa) otkrivenih u nadziranoj mre\u017ei. Komunikacija - Be\u017ei\u010dna komunikacija putem mobilne mre\u017ee (LTE) Napajanje - Baterijsko napajanje; trajanje do 5 godina To\u010dnost - \u00b10,075 % od punog opsega pri konstantnoj temperaturi Radna temperatura - -40\u202670 \u00b0C\",\"breadcrumb\":{\"@id\":\"https:\/\/vode.hr\/bs\/proizvod\/ru-32ima-visekanalni-telemetrijski-i-impulsni-monitor-badger-meter\/#breadcrumb\"},\"inLanguage\":\"bs-BA\",\"potentialAction\":[{\"@type\":\"ReadAction\",\"target\":[\"https:\/\/vode.hr\/bs\/proizvod\/ru-32ima-visekanalni-telemetrijski-i-impulsni-monitor-badger-meter\/\"]}]},{\"@type\":\"ImageObject\",\"inLanguage\":\"bs-BA\",\"@id\":\"https:\/\/vode.hr\/bs\/proizvod\/ru-32ima-visekanalni-telemetrijski-i-impulsni-monitor-badger-meter\/#primaryimage\",\"url\":\"https:\/\/vode.hr\/wp-content\/uploads\/2025\/10\/Telog-RU-32imA-med_res.jpg\",\"contentUrl\":\"https:\/\/vode.hr\/wp-content\/uploads\/2025\/10\/Telog-RU-32imA-med_res.jpg\",\"width\":600,\"height\":600},{\"@type\":\"BreadcrumbList\",\"@id\":\"https:\/\/vode.hr\/bs\/proizvod\/ru-32ima-visekanalni-telemetrijski-i-impulsni-monitor-badger-meter\/#breadcrumb\",\"itemListElement\":[{\"@type\":\"ListItem\",\"position\":1,\"name\":\"Po\u010detna stranica\",\"item\":\"https:\/\/vode.hr\/bs\/\"},{\"@type\":\"ListItem\",\"position\":2,\"name\":\"Trgovina\",\"item\":\"https:\/\/vode.hr\/trgovina\/\"},{\"@type\":\"ListItem\",\"position\":3,\"name\":\"Ru-32imA \u2013 vi\u0161ekanalni telemetrijski i impulsni monitor, Badger meter\"}]},{\"@type\":\"WebSite\",\"@id\":\"https:\/\/vode.hr\/bs\/#website\",\"url\":\"https:\/\/vode.hr\/bs\/\",\"name\":\"Vode.hr\",\"description\":\"Mjerenje kvalitete voda, dezinfekcija vode i ure\u0111aji za mjerenje uvjeta u okoli\u0161u\",\"publisher\":{\"@id\":\"https:\/\/vode.hr\/bs\/#organization\"},\"potentialAction\":[{\"@type\":\"SearchAction\",\"target\":{\"@type\":\"EntryPoint\",\"urlTemplate\":\"https:\/\/vode.hr\/bs\/?s={search_term_string}\"},\"query-input\":{\"@type\":\"PropertyValueSpecification\",\"valueRequired\":true,\"valueName\":\"search_term_string\"}}],\"inLanguage\":\"bs-BA\"},{\"@type\":\"Organization\",\"@id\":\"https:\/\/vode.hr\/bs\/#organization\",\"name\":\"Primotronic d.o.o.\",\"url\":\"https:\/\/vode.hr\/bs\/\",\"logo\":{\"@type\":\"ImageObject\",\"inLanguage\":\"bs-BA\",\"@id\":\"https:\/\/vode.hr\/bs\/#\/schema\/logo\/image\/\",\"url\":\"http:\/\/vode.hr\/wp-content\/uploads\/2023\/04\/vode-1.png\",\"contentUrl\":\"http:\/\/vode.hr\/wp-content\/uploads\/2023\/04\/vode-1.png\",\"width\":300,\"height\":99,\"caption\":\"Primotronic d.o.o.\"},\"image\":{\"@id\":\"https:\/\/vode.hr\/bs\/#\/schema\/logo\/image\/\"},\"sameAs\":[\"https:\/\/www.facebook.com\/vode.hr\"]}]}<\/script>\n<!-- \/ Yoast SEO plugin. -->","yoast_head_json":{"title":"Ru-32imA \u2013 vi\u0161ekanalni telemetrijski i impulsni monitor, Badger meter - Vode.hr","description":"Ure\u0111aj Telog Ru-32imA omogu\u0107uje pra\u0107enje i alarmiranje u stvarnom vremenu za senzore tlaka, protoka, ventile i mjera\u010de, \u010dak i u zahtjevnim uvjetima tipi\u010dnim za sustave distribucije vode i prikupljanja otpadnih voda, poput podzemnih vodovodnih \u0161ahtova. Osim nadzora tlaka na dva tla\u010dna kanala, zapisnik impulsa pohranjuje valni oblik zabilje\u017eenih prolaznih tlakova (impulsa) otkrivenih u nadziranoj mre\u017ei.       Komunikacija - Be\u017ei\u010dna komunikacija putem mobilne mre\u017ee (LTE) Napajanje - Baterijsko napajanje; trajanje do 5 godina To\u010dnost - \u00b10,075 % od punog opsega pri konstantnoj temperaturi Radna temperatura - -40\u202670 \u00b0C","robots":{"index":"index","follow":"follow","max-snippet":"max-snippet:-1","max-image-preview":"max-image-preview:large","max-video-preview":"max-video-preview:-1"},"canonical":"https:\/\/vode.hr\/bs\/proizvod\/ru-32ima-visekanalni-telemetrijski-i-impulsni-monitor-badger-meter\/","og_locale":"bs_BA","og_type":"article","og_title":"Ru-32imA \u2013 vi\u0161ekanalni telemetrijski i impulsni monitor, Badger meter - Vode.hr","og_description":"Ure\u0111aj Telog Ru-32imA omogu\u0107uje pra\u0107enje i alarmiranje u stvarnom vremenu za senzore tlaka, protoka, ventile i mjera\u010de, \u010dak i u zahtjevnim uvjetima tipi\u010dnim za sustave distribucije vode i prikupljanja otpadnih voda, poput podzemnih vodovodnih \u0161ahtova. Osim nadzora tlaka na dva tla\u010dna kanala, zapisnik impulsa pohranjuje valni oblik zabilje\u017eenih prolaznih tlakova (impulsa) otkrivenih u nadziranoj mre\u017ei.       Komunikacija - Be\u017ei\u010dna komunikacija putem mobilne mre\u017ee (LTE) Napajanje - Baterijsko napajanje; trajanje do 5 godina To\u010dnost - \u00b10,075 % od punog opsega pri konstantnoj temperaturi Radna temperatura - -40\u202670 \u00b0C","og_url":"https:\/\/vode.hr\/bs\/proizvod\/ru-32ima-visekanalni-telemetrijski-i-impulsni-monitor-badger-meter\/","og_site_name":"Vode.hr","article_publisher":"https:\/\/www.facebook.com\/vode.hr","article_modified_time":"2025-10-29T10:50:30+00:00","og_image":[{"width":400,"height":400,"url":"http:\/\/vode.hr\/wp-content\/uploads\/2023\/04\/Digitalni-mjerac-kvalitete-vode-ProSolo-1000-fb.jpg","type":"image\/jpeg"}],"twitter_card":"summary_large_image","twitter_misc":{"Est. reading time":"2 minute"},"schema":{"@context":"https:\/\/schema.org","@graph":[{"@type":["WebPage","ItemPage"],"@id":"https:\/\/vode.hr\/bs\/proizvod\/ru-32ima-visekanalni-telemetrijski-i-impulsni-monitor-badger-meter\/","url":"https:\/\/vode.hr\/bs\/proizvod\/ru-32ima-visekanalni-telemetrijski-i-impulsni-monitor-badger-meter\/","name":"Ru-32imA \u2013 vi\u0161ekanalni telemetrijski i impulsni monitor, Badger meter - Vode.hr","isPartOf":{"@id":"https:\/\/vode.hr\/bs\/#website"},"primaryImageOfPage":{"@id":"https:\/\/vode.hr\/bs\/proizvod\/ru-32ima-visekanalni-telemetrijski-i-impulsni-monitor-badger-meter\/#primaryimage"},"image":{"@id":"https:\/\/vode.hr\/bs\/proizvod\/ru-32ima-visekanalni-telemetrijski-i-impulsni-monitor-badger-meter\/#primaryimage"},"thumbnailUrl":"https:\/\/vode.hr\/wp-content\/uploads\/2025\/10\/Telog-RU-32imA-med_res.jpg","datePublished":"2025-10-29T08:22:12+00:00","dateModified":"2025-10-29T10:50:30+00:00","description":"Ure\u0111aj Telog Ru-32imA omogu\u0107uje pra\u0107enje i alarmiranje u stvarnom vremenu za senzore tlaka, protoka, ventile i mjera\u010de, \u010dak i u zahtjevnim uvjetima tipi\u010dnim za sustave distribucije vode i prikupljanja otpadnih voda, poput podzemnih vodovodnih \u0161ahtova. Osim nadzora tlaka na dva tla\u010dna kanala, zapisnik impulsa pohranjuje valni oblik zabilje\u017eenih prolaznih tlakova (impulsa) otkrivenih u nadziranoj mre\u017ei. Komunikacija - Be\u017ei\u010dna komunikacija putem mobilne mre\u017ee (LTE) Napajanje - Baterijsko napajanje; trajanje do 5 godina To\u010dnost - \u00b10,075 % od punog opsega pri konstantnoj temperaturi Radna temperatura - -40\u202670 \u00b0C","breadcrumb":{"@id":"https:\/\/vode.hr\/bs\/proizvod\/ru-32ima-visekanalni-telemetrijski-i-impulsni-monitor-badger-meter\/#breadcrumb"},"inLanguage":"bs-BA","potentialAction":[{"@type":"ReadAction","target":["https:\/\/vode.hr\/bs\/proizvod\/ru-32ima-visekanalni-telemetrijski-i-impulsni-monitor-badger-meter\/"]}]},{"@type":"ImageObject","inLanguage":"bs-BA","@id":"https:\/\/vode.hr\/bs\/proizvod\/ru-32ima-visekanalni-telemetrijski-i-impulsni-monitor-badger-meter\/#primaryimage","url":"https:\/\/vode.hr\/wp-content\/uploads\/2025\/10\/Telog-RU-32imA-med_res.jpg","contentUrl":"https:\/\/vode.hr\/wp-content\/uploads\/2025\/10\/Telog-RU-32imA-med_res.jpg","width":600,"height":600},{"@type":"BreadcrumbList","@id":"https:\/\/vode.hr\/bs\/proizvod\/ru-32ima-visekanalni-telemetrijski-i-impulsni-monitor-badger-meter\/#breadcrumb","itemListElement":[{"@type":"ListItem","position":1,"name":"Po\u010detna stranica","item":"https:\/\/vode.hr\/bs\/"},{"@type":"ListItem","position":2,"name":"Trgovina","item":"https:\/\/vode.hr\/trgovina\/"},{"@type":"ListItem","position":3,"name":"Ru-32imA \u2013 vi\u0161ekanalni telemetrijski i impulsni monitor, Badger meter"}]},{"@type":"WebSite","@id":"https:\/\/vode.hr\/bs\/#website","url":"https:\/\/vode.hr\/bs\/","name":"Vode.hr","description":"Mjerenje kvalitete voda, dezinfekcija vode i ure\u0111aji za mjerenje uvjeta u okoli\u0161u","publisher":{"@id":"https:\/\/vode.hr\/bs\/#organization"},"potentialAction":[{"@type":"SearchAction","target":{"@type":"EntryPoint","urlTemplate":"https:\/\/vode.hr\/bs\/?s={search_term_string}"},"query-input":{"@type":"PropertyValueSpecification","valueRequired":true,"valueName":"search_term_string"}}],"inLanguage":"bs-BA"},{"@type":"Organization","@id":"https:\/\/vode.hr\/bs\/#organization","name":"Primotronic d.o.o.","url":"https:\/\/vode.hr\/bs\/","logo":{"@type":"ImageObject","inLanguage":"bs-BA","@id":"https:\/\/vode.hr\/bs\/#\/schema\/logo\/image\/","url":"http:\/\/vode.hr\/wp-content\/uploads\/2023\/04\/vode-1.png","contentUrl":"http:\/\/vode.hr\/wp-content\/uploads\/2023\/04\/vode-1.png","width":300,"height":99,"caption":"Primotronic d.o.o."},"image":{"@id":"https:\/\/vode.hr\/bs\/#\/schema\/logo\/image\/"},"sameAs":["https:\/\/www.facebook.com\/vode.hr"]}]}},"_links":{"self":[{"href":"https:\/\/vode.hr\/bs\/wp-json\/wp\/v2\/product\/1363"}],"collection":[{"href":"https:\/\/vode.hr\/bs\/wp-json\/wp\/v2\/product"}],"about":[{"href":"https:\/\/vode.hr\/bs\/wp-json\/wp\/v2\/types\/product"}],"wp:featuredmedia":[{"embeddable":true,"href":"https:\/\/vode.hr\/bs\/wp-json\/wp\/v2\/media\/1364"}],"wp:attachment":[{"href":"https:\/\/vode.hr\/bs\/wp-json\/wp\/v2\/media?parent=1363"}],"wp:term":[{"taxonomy":"product_cat","embeddable":true,"href":"https:\/\/vode.hr\/bs\/wp-json\/wp\/v2\/product_cat?post=1363"},{"taxonomy":"product_tag","embeddable":true,"href":"https:\/\/vode.hr\/bs\/wp-json\/wp\/v2\/product_tag?post=1363"}],"curies":[{"name":"wp","href":"https:\/\/api.w.org\/{rel}","templated":true}]}}