{"id":1375,"date":"2025-10-29T10:06:40","date_gmt":"2025-10-29T09:06:40","guid":{"rendered":"https:\/\/vode.hr\/?post_type=product&#038;p=1375"},"modified":"2025-10-29T11:50:53","modified_gmt":"2025-10-29T10:50:53","slug":"ru-35-potopna-rtu-daljinska-telemetrijska-jedinica-badger-meter","status":"publish","type":"product","link":"https:\/\/vode.hr\/bs\/proizvod\/ru-35-potopna-rtu-daljinska-telemetrijska-jedinica-badger-meter\/","title":{"rendered":"Ru-35 \u2013 potopna RTU (daljinska telemetrijska jedinica), Badger meter"},"content":{"rendered":"<div class=\"row\"  id=\"row-1528650898\">\n\n\t<div id=\"col-1357092922\" class=\"col small-12 large-12\"  >\n\t\t\t\t<div class=\"col-inner\"  >\n\t\t\t\n\t\t\t\n\t<div id=\"text-3997622507\" class=\"text\">\n\t\t\n<h2>Podzemni nadzor u zahtjevnim uvjetima<\/h2>\n\t\t\n<style>\n#text-3997622507 {\n  font-size: 1.3rem;\n  text-align: center;\n}\n<\/style>\n\t<\/div>\n\t\n\t<div id=\"text-2539134362\" class=\"text\">\n\t\t\n\t\t\n<style>\n#text-2539134362 {\n  font-size: 0.9rem;\n  text-align: center;\n}\n<\/style>\n\t<\/div>\n\t\n\t\t<\/div>\n\t\t\t\t\t<\/div>\n\n\t\n\n<style>\n#row-1528650898 > .col > .col-inner {\n  padding: 3em 0px 0px 0px;\n}\n<\/style>\n<\/div>\n\t<section class=\"section\" id=\"section_453535834\">\n\t\t<div class=\"bg section-bg fill bg-fill  bg-loaded\" >\n\n\t\t\t\n\t\t\t\n\t\t\t\n\n\t\t<\/div>\n\n\t\t\n\n\t\t<div class=\"section-content relative\">\n\t\t\t\n<div class=\"row align-middle\"  id=\"row-206291685\">\n\n\t<div id=\"col-1665727964\" class=\"col medium-6 small-12 large-6\"  >\n\t\t\t\t<div class=\"col-inner\"  >\n\t\t\t\n\t\t\t\n\t<div id=\"text-1861656841\" class=\"text\">\n\t\t\n\t\t\n<style>\n#text-1861656841 {\n  text-align: center;\n}\n<\/style>\n\t<\/div>\n\t\n<div class=\"is-divider divider clearfix\" style=\"max-width:100%;\"><\/div>\n<h2><strong data-start=\"0\" data-end=\"82\">Be\u017ei\u010dni snima\u010d za podzemni nadzor<\/strong><\/h2>\n<p>Omogu\u0107uje pra\u0107enje u stvarnom vremenu i situacijsku svijest o prelijevanju te doga\u0111ajima visokih i niskih razina.<\/p>\n<ul>\n<li data-start=\"2\" data-end=\"77\">Optimizacija performansi opreme, smanjenje prelijevanja i one\u010di\u0161\u0107enja<\/li>\n<li data-start=\"80\" data-end=\"118\">Pove\u0107ana uskla\u0111enost s propisima<\/li>\n<li data-start=\"121\" data-end=\"202\">Smanjen broj ulazaka u zatvorene prostore zahvaljuju\u0107i be\u017ei\u010dnoj konfiguraciji<\/li>\n<\/ul>\n\t\t<\/div>\n\t\t\t\t\n<style>\n#col-1665727964 > .col-inner {\n  padding: 2em 1em 0px 1em;\n}\n@media (min-width:550px) {\n  #col-1665727964 > .col-inner {\n    padding: 0px 0px 0px 2em;\n  }\n}\n<\/style>\n\t<\/div>\n\n\t\n\n\t<div id=\"col-1782382712\" class=\"col medium-6 small-12 large-6\"  >\n\t\t\t\t<div class=\"col-inner\"  >\n\t\t\t\n\t\t\t\n\t<div class=\"img has-hover x md-x lg-x y md-y lg-y\" id=\"image_43865869\">\n\t\t\t\t\t\t\t\t<div class=\"img-inner dark\" style=\"margin:0px 0px 0px 0px;\">\n\t\t\t<img loading=\"lazy\" decoding=\"async\" width=\"1285\" height=\"284\" src=\"https:\/\/vode.hr\/wp-content\/uploads\/2025\/10\/skica-ru-35.jpg\" class=\"attachment-original size-original\" alt=\"\" srcset=\"https:\/\/vode.hr\/wp-content\/uploads\/2025\/10\/skica-ru-35.jpg 1285w, https:\/\/vode.hr\/wp-content\/uploads\/2025\/10\/skica-ru-35-300x66.jpg 300w, https:\/\/vode.hr\/wp-content\/uploads\/2025\/10\/skica-ru-35-1024x226.jpg 1024w, https:\/\/vode.hr\/wp-content\/uploads\/2025\/10\/skica-ru-35-768x170.jpg 768w, https:\/\/vode.hr\/wp-content\/uploads\/2025\/10\/skica-ru-35-650x144.jpg 650w\" sizes=\"(max-width: 1285px) 100vw, 1285px\" \/>\t\t\t\t\t\t\n\t\t\t\t\t<\/div>\n\t\t\t\t\t\t\t\t\n<style>\n#image_43865869 {\n  width: 100%;\n}\n<\/style>\n\t<\/div>\n\t\n\t\t<\/div>\n\t\t\t\t\t<\/div>\n\n\t\n<\/div>\n\t\t<\/div>\n\n\t\t\n<style>\n#section_453535834 {\n  padding-top: 0px;\n  padding-bottom: 0px;\n  background-color: rgb(221, 239, 239);\n}\n<\/style>\n\t<\/section>\n\t\n<div class=\"row align-middle\"  id=\"row-624310443\">\n\n\t<div id=\"col-186252774\" class=\"col medium-6 small-12 large-6\"  >\n\t\t\t\t<div class=\"col-inner\"  >\n\t\t\t\n\t\t\t\n\t<div class=\"img has-hover x md-x lg-x y md-y lg-y\" id=\"image_407706991\">\n\t\t\t\t\t\t\t\t<div class=\"img-inner dark\" >\n\t\t\t<img loading=\"lazy\" decoding=\"async\" width=\"600\" height=\"400\" src=\"https:\/\/vode.hr\/wp-content\/uploads\/2025\/10\/Municipal-Water-Treatment-Distribution_Aerial-Wastewater-Plant_1597239994.jpg\" class=\"attachment-original size-original\" alt=\"\" srcset=\"https:\/\/vode.hr\/wp-content\/uploads\/2025\/10\/Municipal-Water-Treatment-Distribution_Aerial-Wastewater-Plant_1597239994.jpg 600w, https:\/\/vode.hr\/wp-content\/uploads\/2025\/10\/Municipal-Water-Treatment-Distribution_Aerial-Wastewater-Plant_1597239994-300x200.jpg 300w\" sizes=\"(max-width: 600px) 100vw, 600px\" \/>\t\t\t\t\t\t\n\t\t\t\t\t<\/div>\n\t\t\t\t\t\t\t\t\n<style>\n#image_407706991 {\n  width: 100%;\n}\n<\/style>\n\t<\/div>\n\t\n\t\t<\/div>\n\t\t\t\t\t<\/div>\n\n\t\n\n\t<div id=\"col-1972004183\" class=\"col medium-6 small-12 large-6 small-col-first\"  >\n\t\t\t\t<div class=\"col-inner\"  >\n\t\t\t\n\t\t\t\n\t<div id=\"text-63745168\" class=\"text\">\n\t\t\n<h2>Podru\u010dja primjene:<\/h2>\n<p>&nbsp;<\/p>\n<p>Nadzor sustava za prikupljanje otpadnih voda<\/p>\n<p>Pro\u010di\u0161\u0107avanje otpadnih voda<br \/>\n\t\t\n<style>\n#text-63745168 {\n  text-align: center;\n}\n<\/style>\n\t<\/div>\n\t\n\t\t<\/div>\n\t\t\t\t\t<\/div>\n\n\t\n\n<style>\n#row-624310443 > .col > .col-inner {\n  padding: 2em 0px 0px 0px;\n}\n<\/style>\n<\/div>\n<p>&nbsp;<\/p>\n","protected":false},"excerpt":{"rendered":"<p>Ure\u0111aj <strong data-start=\"69\" data-end=\"84\">Telog Ru-35<\/strong> omogu\u0107uje pra\u0107enje i alarmiranje u stvarnom vremenu za instrumente i senzore protoka, tlaka i kvalitete vode, \u010dak i u zahtjevnim uvjetima kanalizacijskih sustava i podzemnih vodovodnih \u0161ahtova.<\/p>\n<p data-start=\"0\" data-end=\"67\"><strong data-start=\"0\" data-end=\"16\">Komunikacija &#8211; <\/strong>Be\u017ei\u010dna komunikacija putem mobilne mre\u017ee (LTE)<\/p>\n<p data-start=\"69\" data-end=\"131\"><strong data-start=\"69\" data-end=\"82\">Napajanje &#8211; <\/strong>Baterijsko napajanje; trajanje do 4,5 godina<\/p>\n<p data-start=\"133\" data-end=\"199\"><strong data-start=\"133\" data-end=\"144\">To\u010dnost &#8211; <\/strong>\u00b10,1 % od punog opsega pri konstantnoj temperaturi<\/p>\n<p data-start=\"201\" data-end=\"232\" data-is-last-node=\"\" data-is-only-node=\"\"><strong data-start=\"201\" data-end=\"222\">Radna temperatura &#8211; <\/strong>0\u202670 \u00b0C<\/p>\n","protected":false},"featured_media":1376,"template":"","meta":[],"product_cat":[17,18],"product_tag":[295,304],"class_list":["post-1375","product","type-product","status-publish","has-post-thumbnail","hentry","product_cat-ispitivanje-i-mjerenje-kvalitete-vode","product_cat-nadzor-uvjeta-u-okolisu","product_tag-badger-meter","product_tag-ru-35"],"yoast_head":"<!-- This site is optimized with the Yoast SEO plugin v25.0 - https:\/\/yoast.com\/wordpress\/plugins\/seo\/ -->\n<title>Ru-35 \u2013 potopna RTU (daljinska telemetrijska jedinica), Badger meter - Vode.hr<\/title>\n<meta name=\"description\" content=\"Ure\u0111aj Telog Ru-35 omogu\u0107uje pra\u0107enje i alarmiranje u stvarnom vremenu za instrumente i senzore protoka, tlaka i kvalitete vode, \u010dak i u zahtjevnim uvjetima kanalizacijskih sustava i podzemnih vodovodnih \u0161ahtova. Komunikacija - Be\u017ei\u010dna komunikacija putem mobilne mre\u017ee (LTE) Napajanje - Baterijsko napajanje; trajanje do 4,5 godina To\u010dnost - \u00b10,1 % od punog opsega pri konstantnoj temperaturi Radna temperatura - 0\u202670 \u00b0C\" \/>\n<meta name=\"robots\" content=\"index, follow, max-snippet:-1, max-image-preview:large, max-video-preview:-1\" \/>\n<link rel=\"canonical\" href=\"https:\/\/vode.hr\/bs\/proizvod\/ru-35-potopna-rtu-daljinska-telemetrijska-jedinica-badger-meter\/\" \/>\n<meta property=\"og:locale\" content=\"bs_BA\" \/>\n<meta property=\"og:type\" content=\"article\" \/>\n<meta property=\"og:title\" content=\"Ru-35 \u2013 potopna RTU (daljinska telemetrijska jedinica), Badger meter - Vode.hr\" \/>\n<meta property=\"og:description\" content=\"Ure\u0111aj Telog Ru-35 omogu\u0107uje pra\u0107enje i alarmiranje u stvarnom vremenu za instrumente i senzore protoka, tlaka i kvalitete vode, \u010dak i u zahtjevnim uvjetima kanalizacijskih sustava i podzemnih vodovodnih \u0161ahtova. Komunikacija - Be\u017ei\u010dna komunikacija putem mobilne mre\u017ee (LTE) Napajanje - Baterijsko napajanje; trajanje do 4,5 godina To\u010dnost - \u00b10,1 % od punog opsega pri konstantnoj temperaturi Radna temperatura - 0\u202670 \u00b0C\" \/>\n<meta property=\"og:url\" content=\"https:\/\/vode.hr\/bs\/proizvod\/ru-35-potopna-rtu-daljinska-telemetrijska-jedinica-badger-meter\/\" \/>\n<meta property=\"og:site_name\" content=\"Vode.hr\" \/>\n<meta property=\"article:publisher\" content=\"https:\/\/www.facebook.com\/vode.hr\" \/>\n<meta property=\"article:modified_time\" content=\"2025-10-29T10:50:53+00:00\" \/>\n<meta property=\"og:image\" content=\"http:\/\/vode.hr\/wp-content\/uploads\/2023\/04\/Digitalni-mjerac-kvalitete-vode-ProSolo-1000-fb.jpg\" \/>\n\t<meta property=\"og:image:width\" content=\"400\" \/>\n\t<meta property=\"og:image:height\" content=\"400\" \/>\n\t<meta property=\"og:image:type\" content=\"image\/jpeg\" \/>\n<meta name=\"twitter:card\" content=\"summary_large_image\" \/>\n<meta name=\"twitter:label1\" content=\"Est. reading time\" \/>\n\t<meta name=\"twitter:data1\" content=\"1 minuta\" \/>\n<script type=\"application\/ld+json\" class=\"yoast-schema-graph\">{\"@context\":\"https:\/\/schema.org\",\"@graph\":[{\"@type\":[\"WebPage\",\"ItemPage\"],\"@id\":\"https:\/\/vode.hr\/bs\/proizvod\/ru-35-potopna-rtu-daljinska-telemetrijska-jedinica-badger-meter\/\",\"url\":\"https:\/\/vode.hr\/bs\/proizvod\/ru-35-potopna-rtu-daljinska-telemetrijska-jedinica-badger-meter\/\",\"name\":\"Ru-35 \u2013 potopna RTU (daljinska telemetrijska jedinica), Badger meter - Vode.hr\",\"isPartOf\":{\"@id\":\"https:\/\/vode.hr\/bs\/#website\"},\"primaryImageOfPage\":{\"@id\":\"https:\/\/vode.hr\/bs\/proizvod\/ru-35-potopna-rtu-daljinska-telemetrijska-jedinica-badger-meter\/#primaryimage\"},\"image\":{\"@id\":\"https:\/\/vode.hr\/bs\/proizvod\/ru-35-potopna-rtu-daljinska-telemetrijska-jedinica-badger-meter\/#primaryimage\"},\"thumbnailUrl\":\"https:\/\/vode.hr\/wp-content\/uploads\/2025\/10\/Telog-RU-35-low-res.jpg\",\"datePublished\":\"2025-10-29T09:06:40+00:00\",\"dateModified\":\"2025-10-29T10:50:53+00:00\",\"description\":\"Ure\u0111aj Telog Ru-35 omogu\u0107uje pra\u0107enje i alarmiranje u stvarnom vremenu za instrumente i senzore protoka, tlaka i kvalitete vode, \u010dak i u zahtjevnim uvjetima kanalizacijskih sustava i podzemnih vodovodnih \u0161ahtova. Komunikacija - Be\u017ei\u010dna komunikacija putem mobilne mre\u017ee (LTE) Napajanje - Baterijsko napajanje; trajanje do 4,5 godina To\u010dnost - \u00b10,1 % od punog opsega pri konstantnoj temperaturi Radna temperatura - 0\u202670 \u00b0C\",\"breadcrumb\":{\"@id\":\"https:\/\/vode.hr\/bs\/proizvod\/ru-35-potopna-rtu-daljinska-telemetrijska-jedinica-badger-meter\/#breadcrumb\"},\"inLanguage\":\"bs-BA\",\"potentialAction\":[{\"@type\":\"ReadAction\",\"target\":[\"https:\/\/vode.hr\/bs\/proizvod\/ru-35-potopna-rtu-daljinska-telemetrijska-jedinica-badger-meter\/\"]}]},{\"@type\":\"ImageObject\",\"inLanguage\":\"bs-BA\",\"@id\":\"https:\/\/vode.hr\/bs\/proizvod\/ru-35-potopna-rtu-daljinska-telemetrijska-jedinica-badger-meter\/#primaryimage\",\"url\":\"https:\/\/vode.hr\/wp-content\/uploads\/2025\/10\/Telog-RU-35-low-res.jpg\",\"contentUrl\":\"https:\/\/vode.hr\/wp-content\/uploads\/2025\/10\/Telog-RU-35-low-res.jpg\",\"width\":600,\"height\":600},{\"@type\":\"BreadcrumbList\",\"@id\":\"https:\/\/vode.hr\/bs\/proizvod\/ru-35-potopna-rtu-daljinska-telemetrijska-jedinica-badger-meter\/#breadcrumb\",\"itemListElement\":[{\"@type\":\"ListItem\",\"position\":1,\"name\":\"Po\u010detna stranica\",\"item\":\"https:\/\/vode.hr\/bs\/\"},{\"@type\":\"ListItem\",\"position\":2,\"name\":\"Trgovina\",\"item\":\"https:\/\/vode.hr\/trgovina\/\"},{\"@type\":\"ListItem\",\"position\":3,\"name\":\"Ru-35 \u2013 potopna RTU (daljinska telemetrijska jedinica), Badger meter\"}]},{\"@type\":\"WebSite\",\"@id\":\"https:\/\/vode.hr\/bs\/#website\",\"url\":\"https:\/\/vode.hr\/bs\/\",\"name\":\"Vode.hr\",\"description\":\"Mjerenje kvalitete voda, dezinfekcija vode i ure\u0111aji za mjerenje uvjeta u okoli\u0161u\",\"publisher\":{\"@id\":\"https:\/\/vode.hr\/bs\/#organization\"},\"potentialAction\":[{\"@type\":\"SearchAction\",\"target\":{\"@type\":\"EntryPoint\",\"urlTemplate\":\"https:\/\/vode.hr\/bs\/?s={search_term_string}\"},\"query-input\":{\"@type\":\"PropertyValueSpecification\",\"valueRequired\":true,\"valueName\":\"search_term_string\"}}],\"inLanguage\":\"bs-BA\"},{\"@type\":\"Organization\",\"@id\":\"https:\/\/vode.hr\/bs\/#organization\",\"name\":\"Primotronic d.o.o.\",\"url\":\"https:\/\/vode.hr\/bs\/\",\"logo\":{\"@type\":\"ImageObject\",\"inLanguage\":\"bs-BA\",\"@id\":\"https:\/\/vode.hr\/bs\/#\/schema\/logo\/image\/\",\"url\":\"http:\/\/vode.hr\/wp-content\/uploads\/2023\/04\/vode-1.png\",\"contentUrl\":\"http:\/\/vode.hr\/wp-content\/uploads\/2023\/04\/vode-1.png\",\"width\":300,\"height\":99,\"caption\":\"Primotronic d.o.o.\"},\"image\":{\"@id\":\"https:\/\/vode.hr\/bs\/#\/schema\/logo\/image\/\"},\"sameAs\":[\"https:\/\/www.facebook.com\/vode.hr\"]}]}<\/script>\n<!-- \/ Yoast SEO plugin. -->","yoast_head_json":{"title":"Ru-35 \u2013 potopna RTU (daljinska telemetrijska jedinica), Badger meter - Vode.hr","description":"Ure\u0111aj Telog Ru-35 omogu\u0107uje pra\u0107enje i alarmiranje u stvarnom vremenu za instrumente i senzore protoka, tlaka i kvalitete vode, \u010dak i u zahtjevnim uvjetima kanalizacijskih sustava i podzemnih vodovodnih \u0161ahtova. Komunikacija - Be\u017ei\u010dna komunikacija putem mobilne mre\u017ee (LTE) Napajanje - Baterijsko napajanje; trajanje do 4,5 godina To\u010dnost - \u00b10,1 % od punog opsega pri konstantnoj temperaturi Radna temperatura - 0\u202670 \u00b0C","robots":{"index":"index","follow":"follow","max-snippet":"max-snippet:-1","max-image-preview":"max-image-preview:large","max-video-preview":"max-video-preview:-1"},"canonical":"https:\/\/vode.hr\/bs\/proizvod\/ru-35-potopna-rtu-daljinska-telemetrijska-jedinica-badger-meter\/","og_locale":"bs_BA","og_type":"article","og_title":"Ru-35 \u2013 potopna RTU (daljinska telemetrijska jedinica), Badger meter - Vode.hr","og_description":"Ure\u0111aj Telog Ru-35 omogu\u0107uje pra\u0107enje i alarmiranje u stvarnom vremenu za instrumente i senzore protoka, tlaka i kvalitete vode, \u010dak i u zahtjevnim uvjetima kanalizacijskih sustava i podzemnih vodovodnih \u0161ahtova. Komunikacija - Be\u017ei\u010dna komunikacija putem mobilne mre\u017ee (LTE) Napajanje - Baterijsko napajanje; trajanje do 4,5 godina To\u010dnost - \u00b10,1 % od punog opsega pri konstantnoj temperaturi Radna temperatura - 0\u202670 \u00b0C","og_url":"https:\/\/vode.hr\/bs\/proizvod\/ru-35-potopna-rtu-daljinska-telemetrijska-jedinica-badger-meter\/","og_site_name":"Vode.hr","article_publisher":"https:\/\/www.facebook.com\/vode.hr","article_modified_time":"2025-10-29T10:50:53+00:00","og_image":[{"width":400,"height":400,"url":"http:\/\/vode.hr\/wp-content\/uploads\/2023\/04\/Digitalni-mjerac-kvalitete-vode-ProSolo-1000-fb.jpg","type":"image\/jpeg"}],"twitter_card":"summary_large_image","twitter_misc":{"Est. reading time":"1 minuta"},"schema":{"@context":"https:\/\/schema.org","@graph":[{"@type":["WebPage","ItemPage"],"@id":"https:\/\/vode.hr\/bs\/proizvod\/ru-35-potopna-rtu-daljinska-telemetrijska-jedinica-badger-meter\/","url":"https:\/\/vode.hr\/bs\/proizvod\/ru-35-potopna-rtu-daljinska-telemetrijska-jedinica-badger-meter\/","name":"Ru-35 \u2013 potopna RTU (daljinska telemetrijska jedinica), Badger meter - Vode.hr","isPartOf":{"@id":"https:\/\/vode.hr\/bs\/#website"},"primaryImageOfPage":{"@id":"https:\/\/vode.hr\/bs\/proizvod\/ru-35-potopna-rtu-daljinska-telemetrijska-jedinica-badger-meter\/#primaryimage"},"image":{"@id":"https:\/\/vode.hr\/bs\/proizvod\/ru-35-potopna-rtu-daljinska-telemetrijska-jedinica-badger-meter\/#primaryimage"},"thumbnailUrl":"https:\/\/vode.hr\/wp-content\/uploads\/2025\/10\/Telog-RU-35-low-res.jpg","datePublished":"2025-10-29T09:06:40+00:00","dateModified":"2025-10-29T10:50:53+00:00","description":"Ure\u0111aj Telog Ru-35 omogu\u0107uje pra\u0107enje i alarmiranje u stvarnom vremenu za instrumente i senzore protoka, tlaka i kvalitete vode, \u010dak i u zahtjevnim uvjetima kanalizacijskih sustava i podzemnih vodovodnih \u0161ahtova. Komunikacija - Be\u017ei\u010dna komunikacija putem mobilne mre\u017ee (LTE) Napajanje - Baterijsko napajanje; trajanje do 4,5 godina To\u010dnost - \u00b10,1 % od punog opsega pri konstantnoj temperaturi Radna temperatura - 0\u202670 \u00b0C","breadcrumb":{"@id":"https:\/\/vode.hr\/bs\/proizvod\/ru-35-potopna-rtu-daljinska-telemetrijska-jedinica-badger-meter\/#breadcrumb"},"inLanguage":"bs-BA","potentialAction":[{"@type":"ReadAction","target":["https:\/\/vode.hr\/bs\/proizvod\/ru-35-potopna-rtu-daljinska-telemetrijska-jedinica-badger-meter\/"]}]},{"@type":"ImageObject","inLanguage":"bs-BA","@id":"https:\/\/vode.hr\/bs\/proizvod\/ru-35-potopna-rtu-daljinska-telemetrijska-jedinica-badger-meter\/#primaryimage","url":"https:\/\/vode.hr\/wp-content\/uploads\/2025\/10\/Telog-RU-35-low-res.jpg","contentUrl":"https:\/\/vode.hr\/wp-content\/uploads\/2025\/10\/Telog-RU-35-low-res.jpg","width":600,"height":600},{"@type":"BreadcrumbList","@id":"https:\/\/vode.hr\/bs\/proizvod\/ru-35-potopna-rtu-daljinska-telemetrijska-jedinica-badger-meter\/#breadcrumb","itemListElement":[{"@type":"ListItem","position":1,"name":"Po\u010detna stranica","item":"https:\/\/vode.hr\/bs\/"},{"@type":"ListItem","position":2,"name":"Trgovina","item":"https:\/\/vode.hr\/trgovina\/"},{"@type":"ListItem","position":3,"name":"Ru-35 \u2013 potopna RTU (daljinska telemetrijska jedinica), Badger meter"}]},{"@type":"WebSite","@id":"https:\/\/vode.hr\/bs\/#website","url":"https:\/\/vode.hr\/bs\/","name":"Vode.hr","description":"Mjerenje kvalitete voda, dezinfekcija vode i ure\u0111aji za mjerenje uvjeta u okoli\u0161u","publisher":{"@id":"https:\/\/vode.hr\/bs\/#organization"},"potentialAction":[{"@type":"SearchAction","target":{"@type":"EntryPoint","urlTemplate":"https:\/\/vode.hr\/bs\/?s={search_term_string}"},"query-input":{"@type":"PropertyValueSpecification","valueRequired":true,"valueName":"search_term_string"}}],"inLanguage":"bs-BA"},{"@type":"Organization","@id":"https:\/\/vode.hr\/bs\/#organization","name":"Primotronic d.o.o.","url":"https:\/\/vode.hr\/bs\/","logo":{"@type":"ImageObject","inLanguage":"bs-BA","@id":"https:\/\/vode.hr\/bs\/#\/schema\/logo\/image\/","url":"http:\/\/vode.hr\/wp-content\/uploads\/2023\/04\/vode-1.png","contentUrl":"http:\/\/vode.hr\/wp-content\/uploads\/2023\/04\/vode-1.png","width":300,"height":99,"caption":"Primotronic d.o.o."},"image":{"@id":"https:\/\/vode.hr\/bs\/#\/schema\/logo\/image\/"},"sameAs":["https:\/\/www.facebook.com\/vode.hr"]}]}},"_links":{"self":[{"href":"https:\/\/vode.hr\/bs\/wp-json\/wp\/v2\/product\/1375"}],"collection":[{"href":"https:\/\/vode.hr\/bs\/wp-json\/wp\/v2\/product"}],"about":[{"href":"https:\/\/vode.hr\/bs\/wp-json\/wp\/v2\/types\/product"}],"wp:featuredmedia":[{"embeddable":true,"href":"https:\/\/vode.hr\/bs\/wp-json\/wp\/v2\/media\/1376"}],"wp:attachment":[{"href":"https:\/\/vode.hr\/bs\/wp-json\/wp\/v2\/media?parent=1375"}],"wp:term":[{"taxonomy":"product_cat","embeddable":true,"href":"https:\/\/vode.hr\/bs\/wp-json\/wp\/v2\/product_cat?post=1375"},{"taxonomy":"product_tag","embeddable":true,"href":"https:\/\/vode.hr\/bs\/wp-json\/wp\/v2\/product_tag?post=1375"}],"curies":[{"name":"wp","href":"https:\/\/api.w.org\/{rel}","templated":true}]}}