{"id":1386,"date":"2025-10-29T10:47:13","date_gmt":"2025-10-29T09:47:13","guid":{"rendered":"https:\/\/vode.hr\/?post_type=product&#038;p=1386"},"modified":"2025-10-29T12:05:41","modified_gmt":"2025-10-29T11:05:41","slug":"pipescan-sustav-za-nadzor-pitke-vode","status":"publish","type":"product","link":"https:\/\/vode.hr\/bs\/proizvod\/pipescan-sustav-za-nadzor-pitke-vode\/","title":{"rendered":"pipe::scan \u2013 sustav za nadzor pitke vode, Badger meter"},"content":{"rendered":"<div class=\"row\"  id=\"row-210760577\">\n\n\t<div id=\"col-2087755764\" class=\"col small-12 large-12\"  >\n\t\t\t\t<div class=\"col-inner\"  >\n\t\t\t\n\t\t\t\n\t<div id=\"text-1414774702\" class=\"text\">\n\t\t\n<h2>Ure\u0111aj mjeri do 10 parametara u jednom ure\u0111aju. Podaci o kvaliteti vode mogu se slati u bilo koju centralnu bazu podataka putem bilo kojeg protokola. Kori\u0161tenje vi\u0161e <strong data-start=\"350\" data-end=\"364\">pipe::scan<\/strong> ure\u0111aja predstavlja idealno rje\u0161enje za nadzor pitke vode u bilo kojoj to\u010dki mre\u017ee.<\/h2>\n\t\t\n<style>\n#text-1414774702 {\n  font-size: 1.3rem;\n  text-align: center;\n}\n<\/style>\n\t<\/div>\n\t\n\t<div id=\"text-2610190366\" class=\"text\">\n\t\t\n\t\t\n<style>\n#text-2610190366 {\n  font-size: 0.9rem;\n  text-align: center;\n}\n<\/style>\n\t<\/div>\n\t\n\t\t<\/div>\n\t\t\t\t\t<\/div>\n\n\t\n\n<style>\n#row-210760577 > .col > .col-inner {\n  padding: 3em 0px 0px 0px;\n}\n<\/style>\n<\/div>\n\t<section class=\"section\" id=\"section_1499671802\">\n\t\t<div class=\"bg section-bg fill bg-fill  bg-loaded\" >\n\n\t\t\t\n\t\t\t\n\t\t\t\n\n\t\t<\/div>\n\n\t\t\n\n\t\t<div class=\"section-content relative\">\n\t\t\t\n<div class=\"row align-middle\"  id=\"row-1765177454\">\n\n\t<div id=\"col-914910335\" class=\"col medium-6 small-12 large-6\"  >\n\t\t\t\t<div class=\"col-inner\"  >\n\t\t\t\n\t\t\t\n\t<div id=\"text-2136116881\" class=\"text\">\n\t\t\n\t\t\n<style>\n#text-2136116881 {\n  text-align: center;\n}\n<\/style>\n\t<\/div>\n\t\n<div class=\"is-divider divider clearfix\" style=\"max-width:100%;\"><\/div>\n<h2>Zna\u010dajke:<\/h2>\n<ul>\n<li data-start=\"18\" data-end=\"183\"><strong data-start=\"18\" data-end=\"52\">Bez reagensa i otpadnih tokova<\/strong><br data-start=\"52\" data-end=\"55\" \/>Nadzor kvalitete vode bez potrebe za reagentima ili otpadnim tokovima, \u0161to smanjuje utjecaj na okoli\u0161 i operativne tro\u0161kove.<\/li>\n<li data-start=\"187\" data-end=\"379\"><strong data-start=\"187\" data-end=\"208\">Precizno mjerenje<\/strong><br data-start=\"208\" data-end=\"211\" \/>Osigurava to\u010dno mjerenje u potpunom skladu sa standardiziranim laboratorijskim referencama, pru\u017eaju\u0107i pouzdane rezultate nadzora kvalitete vode, a ne samo trendove.<\/li>\n<li data-start=\"383\" data-end=\"508\"><strong data-start=\"383\" data-end=\"402\">Svestran nadzor<\/strong><br data-start=\"402\" data-end=\"405\" \/>Mogu\u0107nost pra\u0107enja organskih tvari i zamu\u0107enosti, omogu\u0107uju\u0107i sveobuhvatnu procjenu kvalitete vode.<\/li>\n<li data-start=\"512\" data-end=\"920\"><strong data-start=\"512\" data-end=\"535\">Robusne performanse<\/strong><br data-start=\"535\" data-end=\"538\" \/>Neovisno o protoku rada, \u010dak i u stagniraju\u0107im uvjetima, osigurava dosljedne i pouzdane rezultate nadzora. Mogu\u0107 je hot maintenance bez prekida protoka ili tlaka, \u010dime se pove\u0107ava operativna u\u010dinkovitost. Tako\u0111er nudi detekciju doga\u0111aja u punom opsegu i alarme u stvarnom vremenu unutar mre\u017ee za distribuciju pitke vode, pru\u017eaju\u0107i proaktivna upozorenja o potencijalnim problemima.<\/li>\n<li style=\"list-style-type: none;\" data-start=\"137\" data-end=\"187\">\n<ul>\n<li style=\"list-style-type: none;\" data-start=\"559\" data-end=\"738\"><\/li>\n<\/ul>\n<\/li>\n<\/ul>\n\t\t<\/div>\n\t\t\t\t\n<style>\n#col-914910335 > .col-inner {\n  padding: 2em 1em 0px 1em;\n}\n@media (min-width:550px) {\n  #col-914910335 > .col-inner {\n    padding: 0px 0px 0px 2em;\n  }\n}\n<\/style>\n\t<\/div>\n\n\t\n\n\t<div id=\"col-1903415746\" class=\"col medium-6 small-12 large-6\"  >\n\t\t\t\t<div class=\"col-inner\"  >\n\t\t\t\n\t\t\t\n\t<div class=\"img has-hover x md-x lg-x y md-y lg-y\" id=\"image_1547117923\">\n\t\t\t\t\t\t\t\t<div class=\"img-inner dark\" style=\"margin:0px 0px 0px 0px;\">\n\t\t\t<img loading=\"lazy\" decoding=\"async\" width=\"708\" height=\"668\" src=\"https:\/\/vode.hr\/wp-content\/uploads\/2025\/10\/skica-pipescan.png\" class=\"attachment-original size-original\" alt=\"\" srcset=\"https:\/\/vode.hr\/wp-content\/uploads\/2025\/10\/skica-pipescan.png 708w, https:\/\/vode.hr\/wp-content\/uploads\/2025\/10\/skica-pipescan-300x283.png 300w, https:\/\/vode.hr\/wp-content\/uploads\/2025\/10\/skica-pipescan-650x613.png 650w\" sizes=\"(max-width: 708px) 100vw, 708px\" \/>\t\t\t\t\t\t\n\t\t\t\t\t<\/div>\n\t\t\t\t\t\t\t\t\n<style>\n#image_1547117923 {\n  width: 100%;\n}\n<\/style>\n\t<\/div>\n\t\n\t\t<\/div>\n\t\t\t\t\t<\/div>\n\n\t\n<\/div>\n\t\t<\/div>\n\n\t\t\n<style>\n#section_1499671802 {\n  padding-top: 0px;\n  padding-bottom: 0px;\n  background-color: rgb(221, 239, 239);\n}\n<\/style>\n\t<\/section>\n\t\n<div class=\"row align-middle\"  id=\"row-742403571\">\n\n\t<div id=\"col-139365807\" class=\"col medium-6 small-12 large-6\"  >\n\t\t\t\t<div class=\"col-inner\"  >\n\t\t\t\n\t\t\t\n\t<div class=\"img has-hover x md-x lg-x y md-y lg-y\" id=\"image_285923833\">\n\t\t\t\t\t\t\t\t<div class=\"img-inner dark\" >\n\t\t\t<img loading=\"lazy\" decoding=\"async\" width=\"848\" height=\"561\" src=\"https:\/\/vode.hr\/wp-content\/uploads\/2025\/10\/certifikacija.png\" class=\"attachment-original size-original\" alt=\"\" srcset=\"https:\/\/vode.hr\/wp-content\/uploads\/2025\/10\/certifikacija.png 848w, https:\/\/vode.hr\/wp-content\/uploads\/2025\/10\/certifikacija-300x198.png 300w, https:\/\/vode.hr\/wp-content\/uploads\/2025\/10\/certifikacija-768x508.png 768w, https:\/\/vode.hr\/wp-content\/uploads\/2025\/10\/certifikacija-650x430.png 650w\" sizes=\"(max-width: 848px) 100vw, 848px\" \/>\t\t\t\t\t\t\n\t\t\t\t\t<\/div>\n\t\t\t\t\t\t\t\t\n<style>\n#image_285923833 {\n  width: 100%;\n}\n<\/style>\n\t<\/div>\n\t\n\t\t<\/div>\n\t\t\t\t\t<\/div>\n\n\t\n\n\t<div id=\"col-476867337\" class=\"col medium-6 small-12 large-6 small-col-first\"  >\n\t\t\t\t<div class=\"col-inner\"  >\n\t\t\t\n\t\t\t\n\t<div id=\"text-2056155789\" class=\"text\">\n\t\t\n<h2>Certifikati proizvoda:<\/h2>\n<p>NSF potvr\u0111uje da proizvodi navedeni na ovom popisu udovoljavaju zahtjevima <strong data-start=\"75\" data-end=\"150\">NSF\/ANSI\/CAN 61 \u2013 Komponente sustava za pitku vodu \u2013 u\u010dinci na zdravlje<\/strong>.<br \/>\n\t\t\n<style>\n#text-2056155789 {\n  text-align: center;\n}\n<\/style>\n\t<\/div>\n\t\n\t\t<\/div>\n\t\t\t\t\t<\/div>\n\n\t\n\n<style>\n#row-742403571 > .col > .col-inner {\n  padding: 2em 0px 0px 0px;\n}\n<\/style>\n<\/div>\n<div class=\"row align-middle\"  id=\"row-1088065312\">\n\n\t<div id=\"col-978013685\" class=\"col medium-6 small-12 large-6\"  >\n\t\t\t\t<div class=\"col-inner\"  >\n\t\t\t\n\t\t\t\n\t<div class=\"img has-hover x md-x lg-x y md-y lg-y\" id=\"image_165605002\">\n\t\t\t\t\t\t\t\t<div class=\"img-inner dark\" >\n\t\t\t<img loading=\"lazy\" decoding=\"async\" width=\"600\" height=\"400\" src=\"https:\/\/vode.hr\/wp-content\/uploads\/2025\/10\/Drinking-Water-Treatment_shutterstock_461500096.jpg\" class=\"attachment-original size-original\" alt=\"\" srcset=\"https:\/\/vode.hr\/wp-content\/uploads\/2025\/10\/Drinking-Water-Treatment_shutterstock_461500096.jpg 600w, https:\/\/vode.hr\/wp-content\/uploads\/2025\/10\/Drinking-Water-Treatment_shutterstock_461500096-300x200.jpg 300w\" sizes=\"(max-width: 600px) 100vw, 600px\" \/>\t\t\t\t\t\t\n\t\t\t\t\t<\/div>\n\t\t\t\t\t\t\t\t\n<style>\n#image_165605002 {\n  width: 100%;\n}\n<\/style>\n\t<\/div>\n\t\n\t\t<\/div>\n\t\t\t\t\t<\/div>\n\n\t\n\n\t<div id=\"col-1800537526\" class=\"col medium-6 small-12 large-6 small-col-first\"  >\n\t\t\t\t<div class=\"col-inner\"  >\n\t\t\t\n\t\t\t\n\t<div id=\"text-1814010923\" class=\"text\">\n\t\t\n<h2>Podru\u010dja primjene:<\/h2>\n<p>Pro\u010di\u0161\u0107avanje pitke vode<\/p>\n<p>Nadzor mre\u017ee za distribuciju vode<br \/>\n\t\t\n<style>\n#text-1814010923 {\n  text-align: center;\n}\n<\/style>\n\t<\/div>\n\t\n\t\t<\/div>\n\t\t\t\t\t<\/div>\n\n\t\n\n<style>\n#row-1088065312 > .col > .col-inner {\n  padding: 2em 0px 0px 0px;\n}\n<\/style>\n<\/div>\n","protected":false},"excerpt":{"rendered":"<p>Modularni sustav senzora prati kvalitetu pitke vode u cijevima pod tlakom. Ure\u0111aj mo\u017ee mjeriti do 10 parametara, a podaci o kvaliteti vode mogu se slati u centralnu bazu podataka gotovo putem bilo kojeg protokola. Kori\u0161tenje <strong data-start=\"291\" data-end=\"305\">pipe::scan<\/strong> sustava kroz cijelu mre\u017eu idealno je rje\u0161enje za kontinuirani nadzor pitke vode.<\/p>\n<p data-start=\"0\" data-end=\"25\"><strong data-start=\"0\" data-end=\"23\">Parametri mjerenja:<\/strong><\/p>\n<ul data-start=\"26\" data-end=\"241\" data-is-last-node=\"\" data-is-only-node=\"\">\n<li data-start=\"26\" data-end=\"34\">\n<p data-start=\"28\" data-end=\"34\">Klor<\/p>\n<\/li>\n<li data-start=\"35\" data-end=\"43\">\n<p data-start=\"37\" data-end=\"43\">Boja<\/p>\n<\/li>\n<li data-start=\"44\" data-end=\"58\">\n<p data-start=\"46\" data-end=\"58\">Vodljivost<\/p>\n<\/li>\n<li data-start=\"59\" data-end=\"121\">\n<p data-start=\"61\" data-end=\"121\">DOC (dissolved organic carbon \u2013 otopljeni organski ugljik)<\/p>\n<\/li>\n<li data-start=\"122\" data-end=\"137\">\n<p data-start=\"124\" data-end=\"137\">pH \/ Redoks<\/p>\n<\/li>\n<li data-start=\"138\" data-end=\"146\">\n<p data-start=\"140\" data-end=\"146\">Tlak<\/p>\n<\/li>\n<li data-start=\"147\" data-end=\"162\">\n<p data-start=\"149\" data-end=\"162\">Temperatura<\/p>\n<\/li>\n<li data-start=\"163\" data-end=\"218\">\n<p data-start=\"165\" data-end=\"218\">TOC (total organic carbon \u2013 ukupni organski ugljik)<\/p>\n<\/li>\n<li data-start=\"219\" data-end=\"233\">\n<p data-start=\"221\" data-end=\"233\">Zamu\u0107enost<\/p>\n<\/li>\n<li data-start=\"234\" data-end=\"241\" data-is-last-node=\"\">\n<p data-start=\"236\" data-end=\"241\" data-is-last-node=\"\">UV254<\/p>\n<\/li>\n<\/ul>\n","protected":false},"featured_media":1387,"template":"","meta":[],"product_cat":[17,18],"product_tag":[295,306],"class_list":["post-1386","product","type-product","status-publish","has-post-thumbnail","hentry","product_cat-ispitivanje-i-mjerenje-kvalitete-vode","product_cat-nadzor-uvjeta-u-okolisu","product_tag-badger-meter","product_tag-pipescan"],"yoast_head":"<!-- This site is optimized with the Yoast SEO plugin v25.0 - https:\/\/yoast.com\/wordpress\/plugins\/seo\/ -->\n<title>pipe::scan \u2013 sustav za nadzor pitke vode, Badger meter - Vode.hr<\/title>\n<meta name=\"description\" content=\"Modularni sustav senzora prati kvalitetu pitke vode u cijevima pod tlakom. Ure\u0111aj mo\u017ee mjeriti do 10 parametara, a podaci o kvaliteti vode mogu se slati u centralnu bazu podataka gotovo putem bilo kojeg protokola. Kori\u0161tenje pipe::scan sustava kroz cijelu mre\u017eu idealno je rje\u0161enje za kontinuirani nadzor pitke vode. Parametri mjerenja:     Klor    Boja    Vodljivost    DOC (dissolved organic carbon \u2013 otopljeni organski ugljik)    pH \/ Redoks    Tlak    Temperatura    TOC (total organic carbon \u2013 ukupni organski ugljik)    Zamu\u0107enost    UV254\" \/>\n<meta name=\"robots\" content=\"index, follow, max-snippet:-1, max-image-preview:large, max-video-preview:-1\" \/>\n<link rel=\"canonical\" href=\"https:\/\/vode.hr\/bs\/proizvod\/pipescan-sustav-za-nadzor-pitke-vode\/\" \/>\n<meta property=\"og:locale\" content=\"bs_BA\" \/>\n<meta property=\"og:type\" content=\"article\" \/>\n<meta property=\"og:title\" content=\"pipe::scan \u2013 sustav za nadzor pitke vode, Badger meter - Vode.hr\" \/>\n<meta property=\"og:description\" content=\"Modularni sustav senzora prati kvalitetu pitke vode u cijevima pod tlakom. Ure\u0111aj mo\u017ee mjeriti do 10 parametara, a podaci o kvaliteti vode mogu se slati u centralnu bazu podataka gotovo putem bilo kojeg protokola. Kori\u0161tenje pipe::scan sustava kroz cijelu mre\u017eu idealno je rje\u0161enje za kontinuirani nadzor pitke vode. Parametri mjerenja:     Klor    Boja    Vodljivost    DOC (dissolved organic carbon \u2013 otopljeni organski ugljik)    pH \/ Redoks    Tlak    Temperatura    TOC (total organic carbon \u2013 ukupni organski ugljik)    Zamu\u0107enost    UV254\" \/>\n<meta property=\"og:url\" content=\"https:\/\/vode.hr\/bs\/proizvod\/pipescan-sustav-za-nadzor-pitke-vode\/\" \/>\n<meta property=\"og:site_name\" content=\"Vode.hr\" \/>\n<meta property=\"article:publisher\" content=\"https:\/\/www.facebook.com\/vode.hr\" \/>\n<meta property=\"article:modified_time\" content=\"2025-10-29T11:05:41+00:00\" \/>\n<meta property=\"og:image\" content=\"http:\/\/vode.hr\/wp-content\/uploads\/2023\/04\/Digitalni-mjerac-kvalitete-vode-ProSolo-1000-fb.jpg\" \/>\n\t<meta property=\"og:image:width\" content=\"400\" \/>\n\t<meta property=\"og:image:height\" content=\"400\" \/>\n\t<meta property=\"og:image:type\" content=\"image\/jpeg\" \/>\n<meta name=\"twitter:card\" content=\"summary_large_image\" \/>\n<meta name=\"twitter:label1\" content=\"Est. reading time\" \/>\n\t<meta name=\"twitter:data1\" content=\"2 minute\" \/>\n<script type=\"application\/ld+json\" class=\"yoast-schema-graph\">{\"@context\":\"https:\/\/schema.org\",\"@graph\":[{\"@type\":[\"WebPage\",\"ItemPage\"],\"@id\":\"https:\/\/vode.hr\/bs\/proizvod\/pipescan-sustav-za-nadzor-pitke-vode\/\",\"url\":\"https:\/\/vode.hr\/bs\/proizvod\/pipescan-sustav-za-nadzor-pitke-vode\/\",\"name\":\"pipe::scan \u2013 sustav za nadzor pitke vode, Badger meter - Vode.hr\",\"isPartOf\":{\"@id\":\"https:\/\/vode.hr\/bs\/#website\"},\"primaryImageOfPage\":{\"@id\":\"https:\/\/vode.hr\/bs\/proizvod\/pipescan-sustav-za-nadzor-pitke-vode\/#primaryimage\"},\"image\":{\"@id\":\"https:\/\/vode.hr\/bs\/proizvod\/pipescan-sustav-za-nadzor-pitke-vode\/#primaryimage\"},\"thumbnailUrl\":\"https:\/\/vode.hr\/wp-content\/uploads\/2025\/10\/pipescan-low-res.png\",\"datePublished\":\"2025-10-29T09:47:13+00:00\",\"dateModified\":\"2025-10-29T11:05:41+00:00\",\"description\":\"Modularni sustav senzora prati kvalitetu pitke vode u cijevima pod tlakom. Ure\u0111aj mo\u017ee mjeriti do 10 parametara, a podaci o kvaliteti vode mogu se slati u centralnu bazu podataka gotovo putem bilo kojeg protokola. Kori\u0161tenje pipe::scan sustava kroz cijelu mre\u017eu idealno je rje\u0161enje za kontinuirani nadzor pitke vode. Parametri mjerenja: Klor Boja Vodljivost DOC (dissolved organic carbon \u2013 otopljeni organski ugljik) pH \/ Redoks Tlak Temperatura TOC (total organic carbon \u2013 ukupni organski ugljik) Zamu\u0107enost UV254\",\"breadcrumb\":{\"@id\":\"https:\/\/vode.hr\/bs\/proizvod\/pipescan-sustav-za-nadzor-pitke-vode\/#breadcrumb\"},\"inLanguage\":\"bs-BA\",\"potentialAction\":[{\"@type\":\"ReadAction\",\"target\":[\"https:\/\/vode.hr\/bs\/proizvod\/pipescan-sustav-za-nadzor-pitke-vode\/\"]}]},{\"@type\":\"ImageObject\",\"inLanguage\":\"bs-BA\",\"@id\":\"https:\/\/vode.hr\/bs\/proizvod\/pipescan-sustav-za-nadzor-pitke-vode\/#primaryimage\",\"url\":\"https:\/\/vode.hr\/wp-content\/uploads\/2025\/10\/pipescan-low-res.png\",\"contentUrl\":\"https:\/\/vode.hr\/wp-content\/uploads\/2025\/10\/pipescan-low-res.png\",\"width\":600,\"height\":600},{\"@type\":\"BreadcrumbList\",\"@id\":\"https:\/\/vode.hr\/bs\/proizvod\/pipescan-sustav-za-nadzor-pitke-vode\/#breadcrumb\",\"itemListElement\":[{\"@type\":\"ListItem\",\"position\":1,\"name\":\"Po\u010detna stranica\",\"item\":\"https:\/\/vode.hr\/bs\/\"},{\"@type\":\"ListItem\",\"position\":2,\"name\":\"Trgovina\",\"item\":\"https:\/\/vode.hr\/trgovina\/\"},{\"@type\":\"ListItem\",\"position\":3,\"name\":\"pipe::scan \u2013 sustav za nadzor pitke vode, Badger meter\"}]},{\"@type\":\"WebSite\",\"@id\":\"https:\/\/vode.hr\/bs\/#website\",\"url\":\"https:\/\/vode.hr\/bs\/\",\"name\":\"Vode.hr\",\"description\":\"Mjerenje kvalitete voda, dezinfekcija vode i ure\u0111aji za mjerenje uvjeta u okoli\u0161u\",\"publisher\":{\"@id\":\"https:\/\/vode.hr\/bs\/#organization\"},\"potentialAction\":[{\"@type\":\"SearchAction\",\"target\":{\"@type\":\"EntryPoint\",\"urlTemplate\":\"https:\/\/vode.hr\/bs\/?s={search_term_string}\"},\"query-input\":{\"@type\":\"PropertyValueSpecification\",\"valueRequired\":true,\"valueName\":\"search_term_string\"}}],\"inLanguage\":\"bs-BA\"},{\"@type\":\"Organization\",\"@id\":\"https:\/\/vode.hr\/bs\/#organization\",\"name\":\"Primotronic d.o.o.\",\"url\":\"https:\/\/vode.hr\/bs\/\",\"logo\":{\"@type\":\"ImageObject\",\"inLanguage\":\"bs-BA\",\"@id\":\"https:\/\/vode.hr\/bs\/#\/schema\/logo\/image\/\",\"url\":\"http:\/\/vode.hr\/wp-content\/uploads\/2023\/04\/vode-1.png\",\"contentUrl\":\"http:\/\/vode.hr\/wp-content\/uploads\/2023\/04\/vode-1.png\",\"width\":300,\"height\":99,\"caption\":\"Primotronic d.o.o.\"},\"image\":{\"@id\":\"https:\/\/vode.hr\/bs\/#\/schema\/logo\/image\/\"},\"sameAs\":[\"https:\/\/www.facebook.com\/vode.hr\"]}]}<\/script>\n<!-- \/ Yoast SEO plugin. -->","yoast_head_json":{"title":"pipe::scan \u2013 sustav za nadzor pitke vode, Badger meter - Vode.hr","description":"Modularni sustav senzora prati kvalitetu pitke vode u cijevima pod tlakom. Ure\u0111aj mo\u017ee mjeriti do 10 parametara, a podaci o kvaliteti vode mogu se slati u centralnu bazu podataka gotovo putem bilo kojeg protokola. Kori\u0161tenje pipe::scan sustava kroz cijelu mre\u017eu idealno je rje\u0161enje za kontinuirani nadzor pitke vode. Parametri mjerenja:     Klor    Boja    Vodljivost    DOC (dissolved organic carbon \u2013 otopljeni organski ugljik)    pH \/ Redoks    Tlak    Temperatura    TOC (total organic carbon \u2013 ukupni organski ugljik)    Zamu\u0107enost    UV254","robots":{"index":"index","follow":"follow","max-snippet":"max-snippet:-1","max-image-preview":"max-image-preview:large","max-video-preview":"max-video-preview:-1"},"canonical":"https:\/\/vode.hr\/bs\/proizvod\/pipescan-sustav-za-nadzor-pitke-vode\/","og_locale":"bs_BA","og_type":"article","og_title":"pipe::scan \u2013 sustav za nadzor pitke vode, Badger meter - Vode.hr","og_description":"Modularni sustav senzora prati kvalitetu pitke vode u cijevima pod tlakom. Ure\u0111aj mo\u017ee mjeriti do 10 parametara, a podaci o kvaliteti vode mogu se slati u centralnu bazu podataka gotovo putem bilo kojeg protokola. Kori\u0161tenje pipe::scan sustava kroz cijelu mre\u017eu idealno je rje\u0161enje za kontinuirani nadzor pitke vode. Parametri mjerenja:     Klor    Boja    Vodljivost    DOC (dissolved organic carbon \u2013 otopljeni organski ugljik)    pH \/ Redoks    Tlak    Temperatura    TOC (total organic carbon \u2013 ukupni organski ugljik)    Zamu\u0107enost    UV254","og_url":"https:\/\/vode.hr\/bs\/proizvod\/pipescan-sustav-za-nadzor-pitke-vode\/","og_site_name":"Vode.hr","article_publisher":"https:\/\/www.facebook.com\/vode.hr","article_modified_time":"2025-10-29T11:05:41+00:00","og_image":[{"width":400,"height":400,"url":"http:\/\/vode.hr\/wp-content\/uploads\/2023\/04\/Digitalni-mjerac-kvalitete-vode-ProSolo-1000-fb.jpg","type":"image\/jpeg"}],"twitter_card":"summary_large_image","twitter_misc":{"Est. reading time":"2 minute"},"schema":{"@context":"https:\/\/schema.org","@graph":[{"@type":["WebPage","ItemPage"],"@id":"https:\/\/vode.hr\/bs\/proizvod\/pipescan-sustav-za-nadzor-pitke-vode\/","url":"https:\/\/vode.hr\/bs\/proizvod\/pipescan-sustav-za-nadzor-pitke-vode\/","name":"pipe::scan \u2013 sustav za nadzor pitke vode, Badger meter - Vode.hr","isPartOf":{"@id":"https:\/\/vode.hr\/bs\/#website"},"primaryImageOfPage":{"@id":"https:\/\/vode.hr\/bs\/proizvod\/pipescan-sustav-za-nadzor-pitke-vode\/#primaryimage"},"image":{"@id":"https:\/\/vode.hr\/bs\/proizvod\/pipescan-sustav-za-nadzor-pitke-vode\/#primaryimage"},"thumbnailUrl":"https:\/\/vode.hr\/wp-content\/uploads\/2025\/10\/pipescan-low-res.png","datePublished":"2025-10-29T09:47:13+00:00","dateModified":"2025-10-29T11:05:41+00:00","description":"Modularni sustav senzora prati kvalitetu pitke vode u cijevima pod tlakom. Ure\u0111aj mo\u017ee mjeriti do 10 parametara, a podaci o kvaliteti vode mogu se slati u centralnu bazu podataka gotovo putem bilo kojeg protokola. Kori\u0161tenje pipe::scan sustava kroz cijelu mre\u017eu idealno je rje\u0161enje za kontinuirani nadzor pitke vode. Parametri mjerenja: Klor Boja Vodljivost DOC (dissolved organic carbon \u2013 otopljeni organski ugljik) pH \/ Redoks Tlak Temperatura TOC (total organic carbon \u2013 ukupni organski ugljik) Zamu\u0107enost UV254","breadcrumb":{"@id":"https:\/\/vode.hr\/bs\/proizvod\/pipescan-sustav-za-nadzor-pitke-vode\/#breadcrumb"},"inLanguage":"bs-BA","potentialAction":[{"@type":"ReadAction","target":["https:\/\/vode.hr\/bs\/proizvod\/pipescan-sustav-za-nadzor-pitke-vode\/"]}]},{"@type":"ImageObject","inLanguage":"bs-BA","@id":"https:\/\/vode.hr\/bs\/proizvod\/pipescan-sustav-za-nadzor-pitke-vode\/#primaryimage","url":"https:\/\/vode.hr\/wp-content\/uploads\/2025\/10\/pipescan-low-res.png","contentUrl":"https:\/\/vode.hr\/wp-content\/uploads\/2025\/10\/pipescan-low-res.png","width":600,"height":600},{"@type":"BreadcrumbList","@id":"https:\/\/vode.hr\/bs\/proizvod\/pipescan-sustav-za-nadzor-pitke-vode\/#breadcrumb","itemListElement":[{"@type":"ListItem","position":1,"name":"Po\u010detna stranica","item":"https:\/\/vode.hr\/bs\/"},{"@type":"ListItem","position":2,"name":"Trgovina","item":"https:\/\/vode.hr\/trgovina\/"},{"@type":"ListItem","position":3,"name":"pipe::scan \u2013 sustav za nadzor pitke vode, Badger meter"}]},{"@type":"WebSite","@id":"https:\/\/vode.hr\/bs\/#website","url":"https:\/\/vode.hr\/bs\/","name":"Vode.hr","description":"Mjerenje kvalitete voda, dezinfekcija vode i ure\u0111aji za mjerenje uvjeta u okoli\u0161u","publisher":{"@id":"https:\/\/vode.hr\/bs\/#organization"},"potentialAction":[{"@type":"SearchAction","target":{"@type":"EntryPoint","urlTemplate":"https:\/\/vode.hr\/bs\/?s={search_term_string}"},"query-input":{"@type":"PropertyValueSpecification","valueRequired":true,"valueName":"search_term_string"}}],"inLanguage":"bs-BA"},{"@type":"Organization","@id":"https:\/\/vode.hr\/bs\/#organization","name":"Primotronic d.o.o.","url":"https:\/\/vode.hr\/bs\/","logo":{"@type":"ImageObject","inLanguage":"bs-BA","@id":"https:\/\/vode.hr\/bs\/#\/schema\/logo\/image\/","url":"http:\/\/vode.hr\/wp-content\/uploads\/2023\/04\/vode-1.png","contentUrl":"http:\/\/vode.hr\/wp-content\/uploads\/2023\/04\/vode-1.png","width":300,"height":99,"caption":"Primotronic d.o.o."},"image":{"@id":"https:\/\/vode.hr\/bs\/#\/schema\/logo\/image\/"},"sameAs":["https:\/\/www.facebook.com\/vode.hr"]}]}},"_links":{"self":[{"href":"https:\/\/vode.hr\/bs\/wp-json\/wp\/v2\/product\/1386"}],"collection":[{"href":"https:\/\/vode.hr\/bs\/wp-json\/wp\/v2\/product"}],"about":[{"href":"https:\/\/vode.hr\/bs\/wp-json\/wp\/v2\/types\/product"}],"wp:featuredmedia":[{"embeddable":true,"href":"https:\/\/vode.hr\/bs\/wp-json\/wp\/v2\/media\/1387"}],"wp:attachment":[{"href":"https:\/\/vode.hr\/bs\/wp-json\/wp\/v2\/media?parent=1386"}],"wp:term":[{"taxonomy":"product_cat","embeddable":true,"href":"https:\/\/vode.hr\/bs\/wp-json\/wp\/v2\/product_cat?post=1386"},{"taxonomy":"product_tag","embeddable":true,"href":"https:\/\/vode.hr\/bs\/wp-json\/wp\/v2\/product_tag?post=1386"}],"curies":[{"name":"wp","href":"https:\/\/api.w.org\/{rel}","templated":true}]}}