{"id":1393,"date":"2025-10-29T11:02:57","date_gmt":"2025-10-29T10:02:57","guid":{"rendered":"https:\/\/vode.hr\/?post_type=product&#038;p=1393"},"modified":"2025-10-29T12:03:54","modified_gmt":"2025-10-29T11:03:54","slug":"iotool-softver-za-vizualizaciju-podataka-badger-meter","status":"publish","type":"product","link":"https:\/\/vode.hr\/bs\/proizvod\/iotool-softver-za-vizualizaciju-podataka-badger-meter\/","title":{"rendered":"Io::Tool \u2013 softver za vizualizaciju podataka, Badger meter"},"content":{"rendered":"","protected":false},"excerpt":{"rendered":"<p data-start=\"52\" data-end=\"163\">Intuitivno web su\u010delje za konfiguraciju i vizualizaciju podataka s ure\u0111aja <strong data-start=\"127\" data-end=\"138\">conline<\/strong> i <strong data-start=\"141\" data-end=\"160\">spectrolyser V3<\/strong>.<\/p>\n<ul data-start=\"165\" data-end=\"420\" data-is-last-node=\"\" data-is-only-node=\"\">\n<li data-start=\"165\" data-end=\"227\">\n<p data-start=\"167\" data-end=\"227\">Pregledajte sve podatke odjednom na svom mobilnom ure\u0111aju.<\/p>\n<\/li>\n<li data-start=\"228\" data-end=\"314\">\n<p data-start=\"230\" data-end=\"314\"><strong data-start=\"230\" data-end=\"242\">Io::Tool<\/strong> prikazuje mjerenja, vremenske serije, otiske i informacije o statusu.<\/p>\n<\/li>\n<li data-start=\"315\" data-end=\"420\" data-is-last-node=\"\">\n<p data-start=\"317\" data-end=\"420\" data-is-last-node=\"\">Omogu\u0107uje konfiguraciju <strong data-start=\"341\" data-end=\"357\">spectrolyser<\/strong> ure\u0111aja, instalaciju novih parametara i izvo\u0111enje kalibracija.<\/p>\n<\/li>\n<\/ul>\n","protected":false},"featured_media":1394,"template":"","meta":[],"product_cat":[17,18],"product_tag":[295,307],"class_list":["post-1393","product","type-product","status-publish","has-post-thumbnail","hentry","product_cat-ispitivanje-i-mjerenje-kvalitete-vode","product_cat-nadzor-uvjeta-u-okolisu","product_tag-badger-meter","product_tag-iotool"],"yoast_head":"<!-- This site is optimized with the Yoast SEO plugin v25.0 - https:\/\/yoast.com\/wordpress\/plugins\/seo\/ -->\n<title>Io::Tool \u2013 softver za vizualizaciju podataka, Badger meter - Vode.hr<\/title>\n<meta name=\"description\" content=\"Intuitivno web su\u010delje za konfiguraciju i vizualizaciju podataka s ure\u0111aja conline i spectrolyser V3.     Pregledajte sve podatke odjednom na svom mobilnom ure\u0111aju.    Io::Tool prikazuje mjerenja, vremenske serije, otiske i informacije o statusu.    Omogu\u0107uje konfiguraciju spectrolyser ure\u0111aja, instalaciju novih parametara i izvo\u0111enje kalibracija.\" \/>\n<meta name=\"robots\" content=\"index, follow, max-snippet:-1, max-image-preview:large, max-video-preview:-1\" \/>\n<link rel=\"canonical\" href=\"https:\/\/vode.hr\/bs\/proizvod\/iotool-softver-za-vizualizaciju-podataka-badger-meter\/\" \/>\n<meta property=\"og:locale\" content=\"bs_BA\" \/>\n<meta property=\"og:type\" content=\"article\" \/>\n<meta property=\"og:title\" content=\"Io::Tool \u2013 softver za vizualizaciju podataka, Badger meter - Vode.hr\" \/>\n<meta property=\"og:description\" content=\"Intuitivno web su\u010delje za konfiguraciju i vizualizaciju podataka s ure\u0111aja conline i spectrolyser V3.     Pregledajte sve podatke odjednom na svom mobilnom ure\u0111aju.    Io::Tool prikazuje mjerenja, vremenske serije, otiske i informacije o statusu.    Omogu\u0107uje konfiguraciju spectrolyser ure\u0111aja, instalaciju novih parametara i izvo\u0111enje kalibracija.\" \/>\n<meta property=\"og:url\" content=\"https:\/\/vode.hr\/bs\/proizvod\/iotool-softver-za-vizualizaciju-podataka-badger-meter\/\" \/>\n<meta property=\"og:site_name\" content=\"Vode.hr\" \/>\n<meta property=\"article:publisher\" content=\"https:\/\/www.facebook.com\/vode.hr\" \/>\n<meta property=\"article:modified_time\" content=\"2025-10-29T11:03:54+00:00\" \/>\n<meta property=\"og:image\" content=\"http:\/\/vode.hr\/wp-content\/uploads\/2023\/04\/Digitalni-mjerac-kvalitete-vode-ProSolo-1000-fb.jpg\" \/>\n\t<meta property=\"og:image:width\" content=\"400\" \/>\n\t<meta property=\"og:image:height\" content=\"400\" \/>\n\t<meta property=\"og:image:type\" content=\"image\/jpeg\" \/>\n<meta name=\"twitter:card\" content=\"summary_large_image\" \/>\n<meta name=\"twitter:label1\" content=\"Est. reading time\" \/>\n\t<meta name=\"twitter:data1\" content=\"1 minuta\" \/>\n<script type=\"application\/ld+json\" class=\"yoast-schema-graph\">{\"@context\":\"https:\/\/schema.org\",\"@graph\":[{\"@type\":[\"WebPage\",\"ItemPage\"],\"@id\":\"https:\/\/vode.hr\/bs\/proizvod\/iotool-softver-za-vizualizaciju-podataka-badger-meter\/\",\"url\":\"https:\/\/vode.hr\/bs\/proizvod\/iotool-softver-za-vizualizaciju-podataka-badger-meter\/\",\"name\":\"Io::Tool \u2013 softver za vizualizaciju podataka, Badger meter - Vode.hr\",\"isPartOf\":{\"@id\":\"https:\/\/vode.hr\/bs\/#website\"},\"primaryImageOfPage\":{\"@id\":\"https:\/\/vode.hr\/bs\/proizvod\/iotool-softver-za-vizualizaciju-podataka-badger-meter\/#primaryimage\"},\"image\":{\"@id\":\"https:\/\/vode.hr\/bs\/proizvod\/iotool-softver-za-vizualizaciju-podataka-badger-meter\/#primaryimage\"},\"thumbnailUrl\":\"https:\/\/vode.hr\/wp-content\/uploads\/2025\/10\/iotool-low-res.png\",\"datePublished\":\"2025-10-29T10:02:57+00:00\",\"dateModified\":\"2025-10-29T11:03:54+00:00\",\"description\":\"Intuitivno web su\u010delje za konfiguraciju i vizualizaciju podataka s ure\u0111aja conline i spectrolyser V3. Pregledajte sve podatke odjednom na svom mobilnom ure\u0111aju. Io::Tool prikazuje mjerenja, vremenske serije, otiske i informacije o statusu. Omogu\u0107uje konfiguraciju spectrolyser ure\u0111aja, instalaciju novih parametara i izvo\u0111enje kalibracija.\",\"breadcrumb\":{\"@id\":\"https:\/\/vode.hr\/bs\/proizvod\/iotool-softver-za-vizualizaciju-podataka-badger-meter\/#breadcrumb\"},\"inLanguage\":\"bs-BA\",\"potentialAction\":[{\"@type\":\"ReadAction\",\"target\":[\"https:\/\/vode.hr\/bs\/proizvod\/iotool-softver-za-vizualizaciju-podataka-badger-meter\/\"]}]},{\"@type\":\"ImageObject\",\"inLanguage\":\"bs-BA\",\"@id\":\"https:\/\/vode.hr\/bs\/proizvod\/iotool-softver-za-vizualizaciju-podataka-badger-meter\/#primaryimage\",\"url\":\"https:\/\/vode.hr\/wp-content\/uploads\/2025\/10\/iotool-low-res.png\",\"contentUrl\":\"https:\/\/vode.hr\/wp-content\/uploads\/2025\/10\/iotool-low-res.png\",\"width\":600,\"height\":600},{\"@type\":\"BreadcrumbList\",\"@id\":\"https:\/\/vode.hr\/bs\/proizvod\/iotool-softver-za-vizualizaciju-podataka-badger-meter\/#breadcrumb\",\"itemListElement\":[{\"@type\":\"ListItem\",\"position\":1,\"name\":\"Po\u010detna stranica\",\"item\":\"https:\/\/vode.hr\/bs\/\"},{\"@type\":\"ListItem\",\"position\":2,\"name\":\"Trgovina\",\"item\":\"https:\/\/vode.hr\/trgovina\/\"},{\"@type\":\"ListItem\",\"position\":3,\"name\":\"Io::Tool \u2013 softver za vizualizaciju podataka, Badger meter\"}]},{\"@type\":\"WebSite\",\"@id\":\"https:\/\/vode.hr\/bs\/#website\",\"url\":\"https:\/\/vode.hr\/bs\/\",\"name\":\"Vode.hr\",\"description\":\"Mjerenje kvalitete voda, dezinfekcija vode i ure\u0111aji za mjerenje uvjeta u okoli\u0161u\",\"publisher\":{\"@id\":\"https:\/\/vode.hr\/bs\/#organization\"},\"potentialAction\":[{\"@type\":\"SearchAction\",\"target\":{\"@type\":\"EntryPoint\",\"urlTemplate\":\"https:\/\/vode.hr\/bs\/?s={search_term_string}\"},\"query-input\":{\"@type\":\"PropertyValueSpecification\",\"valueRequired\":true,\"valueName\":\"search_term_string\"}}],\"inLanguage\":\"bs-BA\"},{\"@type\":\"Organization\",\"@id\":\"https:\/\/vode.hr\/bs\/#organization\",\"name\":\"Primotronic d.o.o.\",\"url\":\"https:\/\/vode.hr\/bs\/\",\"logo\":{\"@type\":\"ImageObject\",\"inLanguage\":\"bs-BA\",\"@id\":\"https:\/\/vode.hr\/bs\/#\/schema\/logo\/image\/\",\"url\":\"http:\/\/vode.hr\/wp-content\/uploads\/2023\/04\/vode-1.png\",\"contentUrl\":\"http:\/\/vode.hr\/wp-content\/uploads\/2023\/04\/vode-1.png\",\"width\":300,\"height\":99,\"caption\":\"Primotronic d.o.o.\"},\"image\":{\"@id\":\"https:\/\/vode.hr\/bs\/#\/schema\/logo\/image\/\"},\"sameAs\":[\"https:\/\/www.facebook.com\/vode.hr\"]}]}<\/script>\n<!-- \/ Yoast SEO plugin. -->","yoast_head_json":{"title":"Io::Tool \u2013 softver za vizualizaciju podataka, Badger meter - Vode.hr","description":"Intuitivno web su\u010delje za konfiguraciju i vizualizaciju podataka s ure\u0111aja conline i spectrolyser V3.     Pregledajte sve podatke odjednom na svom mobilnom ure\u0111aju.    Io::Tool prikazuje mjerenja, vremenske serije, otiske i informacije o statusu.    Omogu\u0107uje konfiguraciju spectrolyser ure\u0111aja, instalaciju novih parametara i izvo\u0111enje kalibracija.","robots":{"index":"index","follow":"follow","max-snippet":"max-snippet:-1","max-image-preview":"max-image-preview:large","max-video-preview":"max-video-preview:-1"},"canonical":"https:\/\/vode.hr\/bs\/proizvod\/iotool-softver-za-vizualizaciju-podataka-badger-meter\/","og_locale":"bs_BA","og_type":"article","og_title":"Io::Tool \u2013 softver za vizualizaciju podataka, Badger meter - Vode.hr","og_description":"Intuitivno web su\u010delje za konfiguraciju i vizualizaciju podataka s ure\u0111aja conline i spectrolyser V3.     Pregledajte sve podatke odjednom na svom mobilnom ure\u0111aju.    Io::Tool prikazuje mjerenja, vremenske serije, otiske i informacije o statusu.    Omogu\u0107uje konfiguraciju spectrolyser ure\u0111aja, instalaciju novih parametara i izvo\u0111enje kalibracija.","og_url":"https:\/\/vode.hr\/bs\/proizvod\/iotool-softver-za-vizualizaciju-podataka-badger-meter\/","og_site_name":"Vode.hr","article_publisher":"https:\/\/www.facebook.com\/vode.hr","article_modified_time":"2025-10-29T11:03:54+00:00","og_image":[{"width":400,"height":400,"url":"http:\/\/vode.hr\/wp-content\/uploads\/2023\/04\/Digitalni-mjerac-kvalitete-vode-ProSolo-1000-fb.jpg","type":"image\/jpeg"}],"twitter_card":"summary_large_image","twitter_misc":{"Est. reading time":"1 minuta"},"schema":{"@context":"https:\/\/schema.org","@graph":[{"@type":["WebPage","ItemPage"],"@id":"https:\/\/vode.hr\/bs\/proizvod\/iotool-softver-za-vizualizaciju-podataka-badger-meter\/","url":"https:\/\/vode.hr\/bs\/proizvod\/iotool-softver-za-vizualizaciju-podataka-badger-meter\/","name":"Io::Tool \u2013 softver za vizualizaciju podataka, Badger meter - Vode.hr","isPartOf":{"@id":"https:\/\/vode.hr\/bs\/#website"},"primaryImageOfPage":{"@id":"https:\/\/vode.hr\/bs\/proizvod\/iotool-softver-za-vizualizaciju-podataka-badger-meter\/#primaryimage"},"image":{"@id":"https:\/\/vode.hr\/bs\/proizvod\/iotool-softver-za-vizualizaciju-podataka-badger-meter\/#primaryimage"},"thumbnailUrl":"https:\/\/vode.hr\/wp-content\/uploads\/2025\/10\/iotool-low-res.png","datePublished":"2025-10-29T10:02:57+00:00","dateModified":"2025-10-29T11:03:54+00:00","description":"Intuitivno web su\u010delje za konfiguraciju i vizualizaciju podataka s ure\u0111aja conline i spectrolyser V3. Pregledajte sve podatke odjednom na svom mobilnom ure\u0111aju. Io::Tool prikazuje mjerenja, vremenske serije, otiske i informacije o statusu. Omogu\u0107uje konfiguraciju spectrolyser ure\u0111aja, instalaciju novih parametara i izvo\u0111enje kalibracija.","breadcrumb":{"@id":"https:\/\/vode.hr\/bs\/proizvod\/iotool-softver-za-vizualizaciju-podataka-badger-meter\/#breadcrumb"},"inLanguage":"bs-BA","potentialAction":[{"@type":"ReadAction","target":["https:\/\/vode.hr\/bs\/proizvod\/iotool-softver-za-vizualizaciju-podataka-badger-meter\/"]}]},{"@type":"ImageObject","inLanguage":"bs-BA","@id":"https:\/\/vode.hr\/bs\/proizvod\/iotool-softver-za-vizualizaciju-podataka-badger-meter\/#primaryimage","url":"https:\/\/vode.hr\/wp-content\/uploads\/2025\/10\/iotool-low-res.png","contentUrl":"https:\/\/vode.hr\/wp-content\/uploads\/2025\/10\/iotool-low-res.png","width":600,"height":600},{"@type":"BreadcrumbList","@id":"https:\/\/vode.hr\/bs\/proizvod\/iotool-softver-za-vizualizaciju-podataka-badger-meter\/#breadcrumb","itemListElement":[{"@type":"ListItem","position":1,"name":"Po\u010detna stranica","item":"https:\/\/vode.hr\/bs\/"},{"@type":"ListItem","position":2,"name":"Trgovina","item":"https:\/\/vode.hr\/trgovina\/"},{"@type":"ListItem","position":3,"name":"Io::Tool \u2013 softver za vizualizaciju podataka, Badger meter"}]},{"@type":"WebSite","@id":"https:\/\/vode.hr\/bs\/#website","url":"https:\/\/vode.hr\/bs\/","name":"Vode.hr","description":"Mjerenje kvalitete voda, dezinfekcija vode i ure\u0111aji za mjerenje uvjeta u okoli\u0161u","publisher":{"@id":"https:\/\/vode.hr\/bs\/#organization"},"potentialAction":[{"@type":"SearchAction","target":{"@type":"EntryPoint","urlTemplate":"https:\/\/vode.hr\/bs\/?s={search_term_string}"},"query-input":{"@type":"PropertyValueSpecification","valueRequired":true,"valueName":"search_term_string"}}],"inLanguage":"bs-BA"},{"@type":"Organization","@id":"https:\/\/vode.hr\/bs\/#organization","name":"Primotronic d.o.o.","url":"https:\/\/vode.hr\/bs\/","logo":{"@type":"ImageObject","inLanguage":"bs-BA","@id":"https:\/\/vode.hr\/bs\/#\/schema\/logo\/image\/","url":"http:\/\/vode.hr\/wp-content\/uploads\/2023\/04\/vode-1.png","contentUrl":"http:\/\/vode.hr\/wp-content\/uploads\/2023\/04\/vode-1.png","width":300,"height":99,"caption":"Primotronic d.o.o."},"image":{"@id":"https:\/\/vode.hr\/bs\/#\/schema\/logo\/image\/"},"sameAs":["https:\/\/www.facebook.com\/vode.hr"]}]}},"_links":{"self":[{"href":"https:\/\/vode.hr\/bs\/wp-json\/wp\/v2\/product\/1393"}],"collection":[{"href":"https:\/\/vode.hr\/bs\/wp-json\/wp\/v2\/product"}],"about":[{"href":"https:\/\/vode.hr\/bs\/wp-json\/wp\/v2\/types\/product"}],"wp:featuredmedia":[{"embeddable":true,"href":"https:\/\/vode.hr\/bs\/wp-json\/wp\/v2\/media\/1394"}],"wp:attachment":[{"href":"https:\/\/vode.hr\/bs\/wp-json\/wp\/v2\/media?parent=1393"}],"wp:term":[{"taxonomy":"product_cat","embeddable":true,"href":"https:\/\/vode.hr\/bs\/wp-json\/wp\/v2\/product_cat?post=1393"},{"taxonomy":"product_tag","embeddable":true,"href":"https:\/\/vode.hr\/bs\/wp-json\/wp\/v2\/product_tag?post=1393"}],"curies":[{"name":"wp","href":"https:\/\/api.w.org\/{rel}","templated":true}]}}