{"id":1399,"date":"2025-10-29T11:08:32","date_gmt":"2025-10-29T10:08:32","guid":{"rendered":"https:\/\/vode.hr\/?post_type=product&#038;p=1399"},"modified":"2025-10-29T12:00:34","modified_gmt":"2025-10-29T11:00:34","slug":"anatool-softver-za-detekciju-dogadaja-badger-meter","status":"publish","type":"product","link":"https:\/\/vode.hr\/bs\/proizvod\/anatool-softver-za-detekciju-dogadaja-badger-meter\/","title":{"rendered":"ana::tool \u2013 softver za detekciju doga\u0111aja, Badger meter"},"content":{"rendered":"","protected":false},"excerpt":{"rendered":"<p data-start=\"49\" data-end=\"288\"><strong data-start=\"49\" data-end=\"62\">ana::tool<\/strong> prepoznaje nepoznate i neuobi\u010dajene uvjete te omogu\u0107uje operaterima pravovremeno reagiranje na kvarove u nadziranom sustavu. Softver odre\u0111uje normalnost podataka i pokre\u0107e alarm kada se otkrije zna\u010dajno odstupanje od norme.<\/p>\n<ul data-start=\"290\" data-end=\"995\" data-is-last-node=\"\" data-is-only-node=\"\">\n<li data-start=\"290\" data-end=\"350\">\n<p data-start=\"292\" data-end=\"350\">Otvoreno su\u010delje za sve vrste senzora i mjernih ure\u0111aja.<\/p>\n<\/li>\n<li data-start=\"351\" data-end=\"456\">\n<p data-start=\"353\" data-end=\"456\">Online i real-time validacija podataka prije detekcije doga\u0111aja zna\u010dajno smanjuje broj la\u017enih alarma.<\/p>\n<\/li>\n<li data-start=\"457\" data-end=\"533\">\n<p data-start=\"459\" data-end=\"533\">Grafi\u010dko korisni\u010dko su\u010delje pru\u017ea pregled cijele stanice na prvi pogled.<\/p>\n<\/li>\n<li data-start=\"534\" data-end=\"621\">\n<p data-start=\"536\" data-end=\"621\">Web-bazirano su\u010delje omogu\u0107uje pristup u bilo kojem trenutku i s bilo kojeg mjesta.<\/p>\n<\/li>\n<li data-start=\"622\" data-end=\"703\">\n<p data-start=\"624\" data-end=\"703\">Dizajnirano za maksimalno iskori\u0161tavanje mogu\u0107nosti spektroskopskih podataka.<\/p>\n<\/li>\n<li data-start=\"704\" data-end=\"757\">\n<p data-start=\"706\" data-end=\"757\">Uklju\u010duje indikator stvarne osjetljivosti alarma.<\/p>\n<\/li>\n<li data-start=\"758\" data-end=\"895\">\n<p data-start=\"760\" data-end=\"895\">Automatsko treniranje s pomi\u010dnim vremenskim prozorom omogu\u0107uje sustavu da se automatski prilago\u0111ava sporim promjenama u sastavu vode.<\/p>\n<\/li>\n<li data-start=\"896\" data-end=\"995\" data-is-last-node=\"\">\n<p data-start=\"898\" data-end=\"995\" data-is-last-node=\"\">Osjetljivost alarmnog sustava se smanjuje u razdobljima kada se sastav vode kontinuirano mijenja.<\/p>\n<\/li>\n<\/ul>\n","protected":false},"featured_media":1400,"template":"","meta":[],"product_cat":[17,18],"product_tag":[309,295],"class_list":["post-1399","product","type-product","status-publish","has-post-thumbnail","hentry","product_cat-ispitivanje-i-mjerenje-kvalitete-vode","product_cat-nadzor-uvjeta-u-okolisu","product_tag-anatool","product_tag-badger-meter"],"yoast_head":"<!-- This site is optimized with the Yoast SEO plugin v25.0 - https:\/\/yoast.com\/wordpress\/plugins\/seo\/ -->\n<title>ana::tool \u2013 softver za detekciju doga\u0111aja, Badger meter - Vode.hr<\/title>\n<meta name=\"description\" content=\"ana::tool prepoznaje nepoznate i neuobi\u010dajene uvjete te omogu\u0107uje operaterima pravovremeno reagiranje na kvarove u nadziranom sustavu. Softver odre\u0111uje normalnost podataka i pokre\u0107e alarm kada se otkrije zna\u010dajno odstupanje od norme.     Otvoreno su\u010delje za sve vrste senzora i mjernih ure\u0111aja.    Online i real-time validacija podataka prije detekcije doga\u0111aja zna\u010dajno smanjuje broj la\u017enih alarma.    Grafi\u010dko korisni\u010dko su\u010delje pru\u017ea pregled cijele stanice na prvi pogled.    Web-bazirano su\u010delje omogu\u0107uje pristup u bilo kojem trenutku i s bilo kojeg mjesta.    Dizajnirano za maksimalno iskori\u0161tavanje mogu\u0107nosti spektroskopskih podataka.    Uklju\u010duje indikator stvarne osjetljivosti alarma.    Automatsko treniranje s pomi\u010dnim vremenskim prozorom omogu\u0107uje sustavu da se automatski prilago\u0111ava sporim promjenama u sastavu vode.    Osjetljivost alarmnog sustava se smanjuje u razdobljima kada se sastav vode kontinuirano mijenja.\" \/>\n<meta name=\"robots\" content=\"index, follow, max-snippet:-1, max-image-preview:large, max-video-preview:-1\" \/>\n<link rel=\"canonical\" href=\"https:\/\/vode.hr\/bs\/proizvod\/anatool-softver-za-detekciju-dogadaja-badger-meter\/\" \/>\n<meta property=\"og:locale\" content=\"bs_BA\" \/>\n<meta property=\"og:type\" content=\"article\" \/>\n<meta property=\"og:title\" content=\"ana::tool \u2013 softver za detekciju doga\u0111aja, Badger meter - Vode.hr\" \/>\n<meta property=\"og:description\" content=\"ana::tool prepoznaje nepoznate i neuobi\u010dajene uvjete te omogu\u0107uje operaterima pravovremeno reagiranje na kvarove u nadziranom sustavu. Softver odre\u0111uje normalnost podataka i pokre\u0107e alarm kada se otkrije zna\u010dajno odstupanje od norme.     Otvoreno su\u010delje za sve vrste senzora i mjernih ure\u0111aja.    Online i real-time validacija podataka prije detekcije doga\u0111aja zna\u010dajno smanjuje broj la\u017enih alarma.    Grafi\u010dko korisni\u010dko su\u010delje pru\u017ea pregled cijele stanice na prvi pogled.    Web-bazirano su\u010delje omogu\u0107uje pristup u bilo kojem trenutku i s bilo kojeg mjesta.    Dizajnirano za maksimalno iskori\u0161tavanje mogu\u0107nosti spektroskopskih podataka.    Uklju\u010duje indikator stvarne osjetljivosti alarma.    Automatsko treniranje s pomi\u010dnim vremenskim prozorom omogu\u0107uje sustavu da se automatski prilago\u0111ava sporim promjenama u sastavu vode.    Osjetljivost alarmnog sustava se smanjuje u razdobljima kada se sastav vode kontinuirano mijenja.\" \/>\n<meta property=\"og:url\" content=\"https:\/\/vode.hr\/bs\/proizvod\/anatool-softver-za-detekciju-dogadaja-badger-meter\/\" \/>\n<meta property=\"og:site_name\" content=\"Vode.hr\" \/>\n<meta property=\"article:publisher\" content=\"https:\/\/www.facebook.com\/vode.hr\" \/>\n<meta property=\"article:modified_time\" content=\"2025-10-29T11:00:34+00:00\" \/>\n<meta property=\"og:image\" content=\"http:\/\/vode.hr\/wp-content\/uploads\/2023\/04\/Digitalni-mjerac-kvalitete-vode-ProSolo-1000-fb.jpg\" \/>\n\t<meta property=\"og:image:width\" content=\"400\" \/>\n\t<meta property=\"og:image:height\" content=\"400\" \/>\n\t<meta property=\"og:image:type\" content=\"image\/jpeg\" \/>\n<meta name=\"twitter:card\" content=\"summary_large_image\" \/>\n<meta name=\"twitter:label1\" content=\"Est. reading time\" \/>\n\t<meta name=\"twitter:data1\" content=\"1 minuta\" \/>\n<script type=\"application\/ld+json\" class=\"yoast-schema-graph\">{\"@context\":\"https:\/\/schema.org\",\"@graph\":[{\"@type\":[\"WebPage\",\"ItemPage\"],\"@id\":\"https:\/\/vode.hr\/bs\/proizvod\/anatool-softver-za-detekciju-dogadaja-badger-meter\/\",\"url\":\"https:\/\/vode.hr\/bs\/proizvod\/anatool-softver-za-detekciju-dogadaja-badger-meter\/\",\"name\":\"ana::tool \u2013 softver za detekciju doga\u0111aja, Badger meter - Vode.hr\",\"isPartOf\":{\"@id\":\"https:\/\/vode.hr\/bs\/#website\"},\"primaryImageOfPage\":{\"@id\":\"https:\/\/vode.hr\/bs\/proizvod\/anatool-softver-za-detekciju-dogadaja-badger-meter\/#primaryimage\"},\"image\":{\"@id\":\"https:\/\/vode.hr\/bs\/proizvod\/anatool-softver-za-detekciju-dogadaja-badger-meter\/#primaryimage\"},\"thumbnailUrl\":\"https:\/\/vode.hr\/wp-content\/uploads\/2025\/10\/anatool-low-res.png\",\"datePublished\":\"2025-10-29T10:08:32+00:00\",\"dateModified\":\"2025-10-29T11:00:34+00:00\",\"description\":\"ana::tool prepoznaje nepoznate i neuobi\u010dajene uvjete te omogu\u0107uje operaterima pravovremeno reagiranje na kvarove u nadziranom sustavu. Softver odre\u0111uje normalnost podataka i pokre\u0107e alarm kada se otkrije zna\u010dajno odstupanje od norme. Otvoreno su\u010delje za sve vrste senzora i mjernih ure\u0111aja. Online i real-time validacija podataka prije detekcije doga\u0111aja zna\u010dajno smanjuje broj la\u017enih alarma. Grafi\u010dko korisni\u010dko su\u010delje pru\u017ea pregled cijele stanice na prvi pogled. Web-bazirano su\u010delje omogu\u0107uje pristup u bilo kojem trenutku i s bilo kojeg mjesta. Dizajnirano za maksimalno iskori\u0161tavanje mogu\u0107nosti spektroskopskih podataka. Uklju\u010duje indikator stvarne osjetljivosti alarma. Automatsko treniranje s pomi\u010dnim vremenskim prozorom omogu\u0107uje sustavu da se automatski prilago\u0111ava sporim promjenama u sastavu vode. Osjetljivost alarmnog sustava se smanjuje u razdobljima kada se sastav vode kontinuirano mijenja.\",\"breadcrumb\":{\"@id\":\"https:\/\/vode.hr\/bs\/proizvod\/anatool-softver-za-detekciju-dogadaja-badger-meter\/#breadcrumb\"},\"inLanguage\":\"bs-BA\",\"potentialAction\":[{\"@type\":\"ReadAction\",\"target\":[\"https:\/\/vode.hr\/bs\/proizvod\/anatool-softver-za-detekciju-dogadaja-badger-meter\/\"]}]},{\"@type\":\"ImageObject\",\"inLanguage\":\"bs-BA\",\"@id\":\"https:\/\/vode.hr\/bs\/proizvod\/anatool-softver-za-detekciju-dogadaja-badger-meter\/#primaryimage\",\"url\":\"https:\/\/vode.hr\/wp-content\/uploads\/2025\/10\/anatool-low-res.png\",\"contentUrl\":\"https:\/\/vode.hr\/wp-content\/uploads\/2025\/10\/anatool-low-res.png\",\"width\":600,\"height\":600},{\"@type\":\"BreadcrumbList\",\"@id\":\"https:\/\/vode.hr\/bs\/proizvod\/anatool-softver-za-detekciju-dogadaja-badger-meter\/#breadcrumb\",\"itemListElement\":[{\"@type\":\"ListItem\",\"position\":1,\"name\":\"Po\u010detna stranica\",\"item\":\"https:\/\/vode.hr\/bs\/\"},{\"@type\":\"ListItem\",\"position\":2,\"name\":\"Trgovina\",\"item\":\"https:\/\/vode.hr\/trgovina\/\"},{\"@type\":\"ListItem\",\"position\":3,\"name\":\"ana::tool \u2013 softver za detekciju doga\u0111aja, Badger meter\"}]},{\"@type\":\"WebSite\",\"@id\":\"https:\/\/vode.hr\/bs\/#website\",\"url\":\"https:\/\/vode.hr\/bs\/\",\"name\":\"Vode.hr\",\"description\":\"Mjerenje kvalitete voda, dezinfekcija vode i ure\u0111aji za mjerenje uvjeta u okoli\u0161u\",\"publisher\":{\"@id\":\"https:\/\/vode.hr\/bs\/#organization\"},\"potentialAction\":[{\"@type\":\"SearchAction\",\"target\":{\"@type\":\"EntryPoint\",\"urlTemplate\":\"https:\/\/vode.hr\/bs\/?s={search_term_string}\"},\"query-input\":{\"@type\":\"PropertyValueSpecification\",\"valueRequired\":true,\"valueName\":\"search_term_string\"}}],\"inLanguage\":\"bs-BA\"},{\"@type\":\"Organization\",\"@id\":\"https:\/\/vode.hr\/bs\/#organization\",\"name\":\"Primotronic d.o.o.\",\"url\":\"https:\/\/vode.hr\/bs\/\",\"logo\":{\"@type\":\"ImageObject\",\"inLanguage\":\"bs-BA\",\"@id\":\"https:\/\/vode.hr\/bs\/#\/schema\/logo\/image\/\",\"url\":\"http:\/\/vode.hr\/wp-content\/uploads\/2023\/04\/vode-1.png\",\"contentUrl\":\"http:\/\/vode.hr\/wp-content\/uploads\/2023\/04\/vode-1.png\",\"width\":300,\"height\":99,\"caption\":\"Primotronic d.o.o.\"},\"image\":{\"@id\":\"https:\/\/vode.hr\/bs\/#\/schema\/logo\/image\/\"},\"sameAs\":[\"https:\/\/www.facebook.com\/vode.hr\"]}]}<\/script>\n<!-- \/ Yoast SEO plugin. -->","yoast_head_json":{"title":"ana::tool \u2013 softver za detekciju doga\u0111aja, Badger meter - Vode.hr","description":"ana::tool prepoznaje nepoznate i neuobi\u010dajene uvjete te omogu\u0107uje operaterima pravovremeno reagiranje na kvarove u nadziranom sustavu. Softver odre\u0111uje normalnost podataka i pokre\u0107e alarm kada se otkrije zna\u010dajno odstupanje od norme.     Otvoreno su\u010delje za sve vrste senzora i mjernih ure\u0111aja.    Online i real-time validacija podataka prije detekcije doga\u0111aja zna\u010dajno smanjuje broj la\u017enih alarma.    Grafi\u010dko korisni\u010dko su\u010delje pru\u017ea pregled cijele stanice na prvi pogled.    Web-bazirano su\u010delje omogu\u0107uje pristup u bilo kojem trenutku i s bilo kojeg mjesta.    Dizajnirano za maksimalno iskori\u0161tavanje mogu\u0107nosti spektroskopskih podataka.    Uklju\u010duje indikator stvarne osjetljivosti alarma.    Automatsko treniranje s pomi\u010dnim vremenskim prozorom omogu\u0107uje sustavu da se automatski prilago\u0111ava sporim promjenama u sastavu vode.    Osjetljivost alarmnog sustava se smanjuje u razdobljima kada se sastav vode kontinuirano mijenja.","robots":{"index":"index","follow":"follow","max-snippet":"max-snippet:-1","max-image-preview":"max-image-preview:large","max-video-preview":"max-video-preview:-1"},"canonical":"https:\/\/vode.hr\/bs\/proizvod\/anatool-softver-za-detekciju-dogadaja-badger-meter\/","og_locale":"bs_BA","og_type":"article","og_title":"ana::tool \u2013 softver za detekciju doga\u0111aja, Badger meter - Vode.hr","og_description":"ana::tool prepoznaje nepoznate i neuobi\u010dajene uvjete te omogu\u0107uje operaterima pravovremeno reagiranje na kvarove u nadziranom sustavu. Softver odre\u0111uje normalnost podataka i pokre\u0107e alarm kada se otkrije zna\u010dajno odstupanje od norme.     Otvoreno su\u010delje za sve vrste senzora i mjernih ure\u0111aja.    Online i real-time validacija podataka prije detekcije doga\u0111aja zna\u010dajno smanjuje broj la\u017enih alarma.    Grafi\u010dko korisni\u010dko su\u010delje pru\u017ea pregled cijele stanice na prvi pogled.    Web-bazirano su\u010delje omogu\u0107uje pristup u bilo kojem trenutku i s bilo kojeg mjesta.    Dizajnirano za maksimalno iskori\u0161tavanje mogu\u0107nosti spektroskopskih podataka.    Uklju\u010duje indikator stvarne osjetljivosti alarma.    Automatsko treniranje s pomi\u010dnim vremenskim prozorom omogu\u0107uje sustavu da se automatski prilago\u0111ava sporim promjenama u sastavu vode.    Osjetljivost alarmnog sustava se smanjuje u razdobljima kada se sastav vode kontinuirano mijenja.","og_url":"https:\/\/vode.hr\/bs\/proizvod\/anatool-softver-za-detekciju-dogadaja-badger-meter\/","og_site_name":"Vode.hr","article_publisher":"https:\/\/www.facebook.com\/vode.hr","article_modified_time":"2025-10-29T11:00:34+00:00","og_image":[{"width":400,"height":400,"url":"http:\/\/vode.hr\/wp-content\/uploads\/2023\/04\/Digitalni-mjerac-kvalitete-vode-ProSolo-1000-fb.jpg","type":"image\/jpeg"}],"twitter_card":"summary_large_image","twitter_misc":{"Est. reading time":"1 minuta"},"schema":{"@context":"https:\/\/schema.org","@graph":[{"@type":["WebPage","ItemPage"],"@id":"https:\/\/vode.hr\/bs\/proizvod\/anatool-softver-za-detekciju-dogadaja-badger-meter\/","url":"https:\/\/vode.hr\/bs\/proizvod\/anatool-softver-za-detekciju-dogadaja-badger-meter\/","name":"ana::tool \u2013 softver za detekciju doga\u0111aja, Badger meter - Vode.hr","isPartOf":{"@id":"https:\/\/vode.hr\/bs\/#website"},"primaryImageOfPage":{"@id":"https:\/\/vode.hr\/bs\/proizvod\/anatool-softver-za-detekciju-dogadaja-badger-meter\/#primaryimage"},"image":{"@id":"https:\/\/vode.hr\/bs\/proizvod\/anatool-softver-za-detekciju-dogadaja-badger-meter\/#primaryimage"},"thumbnailUrl":"https:\/\/vode.hr\/wp-content\/uploads\/2025\/10\/anatool-low-res.png","datePublished":"2025-10-29T10:08:32+00:00","dateModified":"2025-10-29T11:00:34+00:00","description":"ana::tool prepoznaje nepoznate i neuobi\u010dajene uvjete te omogu\u0107uje operaterima pravovremeno reagiranje na kvarove u nadziranom sustavu. Softver odre\u0111uje normalnost podataka i pokre\u0107e alarm kada se otkrije zna\u010dajno odstupanje od norme. Otvoreno su\u010delje za sve vrste senzora i mjernih ure\u0111aja. Online i real-time validacija podataka prije detekcije doga\u0111aja zna\u010dajno smanjuje broj la\u017enih alarma. Grafi\u010dko korisni\u010dko su\u010delje pru\u017ea pregled cijele stanice na prvi pogled. Web-bazirano su\u010delje omogu\u0107uje pristup u bilo kojem trenutku i s bilo kojeg mjesta. Dizajnirano za maksimalno iskori\u0161tavanje mogu\u0107nosti spektroskopskih podataka. Uklju\u010duje indikator stvarne osjetljivosti alarma. Automatsko treniranje s pomi\u010dnim vremenskim prozorom omogu\u0107uje sustavu da se automatski prilago\u0111ava sporim promjenama u sastavu vode. Osjetljivost alarmnog sustava se smanjuje u razdobljima kada se sastav vode kontinuirano mijenja.","breadcrumb":{"@id":"https:\/\/vode.hr\/bs\/proizvod\/anatool-softver-za-detekciju-dogadaja-badger-meter\/#breadcrumb"},"inLanguage":"bs-BA","potentialAction":[{"@type":"ReadAction","target":["https:\/\/vode.hr\/bs\/proizvod\/anatool-softver-za-detekciju-dogadaja-badger-meter\/"]}]},{"@type":"ImageObject","inLanguage":"bs-BA","@id":"https:\/\/vode.hr\/bs\/proizvod\/anatool-softver-za-detekciju-dogadaja-badger-meter\/#primaryimage","url":"https:\/\/vode.hr\/wp-content\/uploads\/2025\/10\/anatool-low-res.png","contentUrl":"https:\/\/vode.hr\/wp-content\/uploads\/2025\/10\/anatool-low-res.png","width":600,"height":600},{"@type":"BreadcrumbList","@id":"https:\/\/vode.hr\/bs\/proizvod\/anatool-softver-za-detekciju-dogadaja-badger-meter\/#breadcrumb","itemListElement":[{"@type":"ListItem","position":1,"name":"Po\u010detna stranica","item":"https:\/\/vode.hr\/bs\/"},{"@type":"ListItem","position":2,"name":"Trgovina","item":"https:\/\/vode.hr\/trgovina\/"},{"@type":"ListItem","position":3,"name":"ana::tool \u2013 softver za detekciju doga\u0111aja, Badger meter"}]},{"@type":"WebSite","@id":"https:\/\/vode.hr\/bs\/#website","url":"https:\/\/vode.hr\/bs\/","name":"Vode.hr","description":"Mjerenje kvalitete voda, dezinfekcija vode i ure\u0111aji za mjerenje uvjeta u okoli\u0161u","publisher":{"@id":"https:\/\/vode.hr\/bs\/#organization"},"potentialAction":[{"@type":"SearchAction","target":{"@type":"EntryPoint","urlTemplate":"https:\/\/vode.hr\/bs\/?s={search_term_string}"},"query-input":{"@type":"PropertyValueSpecification","valueRequired":true,"valueName":"search_term_string"}}],"inLanguage":"bs-BA"},{"@type":"Organization","@id":"https:\/\/vode.hr\/bs\/#organization","name":"Primotronic d.o.o.","url":"https:\/\/vode.hr\/bs\/","logo":{"@type":"ImageObject","inLanguage":"bs-BA","@id":"https:\/\/vode.hr\/bs\/#\/schema\/logo\/image\/","url":"http:\/\/vode.hr\/wp-content\/uploads\/2023\/04\/vode-1.png","contentUrl":"http:\/\/vode.hr\/wp-content\/uploads\/2023\/04\/vode-1.png","width":300,"height":99,"caption":"Primotronic d.o.o."},"image":{"@id":"https:\/\/vode.hr\/bs\/#\/schema\/logo\/image\/"},"sameAs":["https:\/\/www.facebook.com\/vode.hr"]}]}},"_links":{"self":[{"href":"https:\/\/vode.hr\/bs\/wp-json\/wp\/v2\/product\/1399"}],"collection":[{"href":"https:\/\/vode.hr\/bs\/wp-json\/wp\/v2\/product"}],"about":[{"href":"https:\/\/vode.hr\/bs\/wp-json\/wp\/v2\/types\/product"}],"wp:featuredmedia":[{"embeddable":true,"href":"https:\/\/vode.hr\/bs\/wp-json\/wp\/v2\/media\/1400"}],"wp:attachment":[{"href":"https:\/\/vode.hr\/bs\/wp-json\/wp\/v2\/media?parent=1399"}],"wp:term":[{"taxonomy":"product_cat","embeddable":true,"href":"https:\/\/vode.hr\/bs\/wp-json\/wp\/v2\/product_cat?post=1399"},{"taxonomy":"product_tag","embeddable":true,"href":"https:\/\/vode.hr\/bs\/wp-json\/wp\/v2\/product_tag?post=1399"}],"curies":[{"name":"wp","href":"https:\/\/api.w.org\/{rel}","templated":true}]}}