{"id":1402,"date":"2025-10-29T11:10:55","date_gmt":"2025-10-29T10:10:55","guid":{"rendered":"https:\/\/vode.hr\/?post_type=product&#038;p=1402"},"modified":"2025-10-29T11:57:22","modified_gmt":"2025-10-29T10:57:22","slug":"concube-v3-iot-uredaj-za-upravljanje-i-povezivanje-badger-meter","status":"publish","type":"product","link":"https:\/\/vode.hr\/bs\/proizvod\/concube-v3-iot-uredaj-za-upravljanje-i-povezivanje-badger-meter\/","title":{"rendered":"con::cube V3 \u2013 IoT ure\u0111aj za upravljanje i povezivanje, Badger meter"},"content":{"rendered":"<div class=\"row\"  id=\"row-1142839533\">\n\n\t<div id=\"col-1181410436\" class=\"col small-12 large-12\"  >\n\t\t\t\t<div class=\"col-inner\"  >\n\t\t\t\n\t\t\t\n\t<div id=\"text-1936833183\" class=\"text\">\n\t\t\n<h2>Opse\u017eni priklju\u010dci za gotovo sve senzore ili druge analogne i digitalne ulaze\/izlaze omogu\u0107uju sveobuhvatan nadzor, obradu podataka i funkcije upravljanja podacima.<\/h2>\n\t\t\n<style>\n#text-1936833183 {\n  font-size: 1.3rem;\n  text-align: center;\n}\n<\/style>\n\t<\/div>\n\t\n\t<div id=\"text-2029528693\" class=\"text\">\n\t\t\n\t\t\n<style>\n#text-2029528693 {\n  font-size: 0.9rem;\n  text-align: center;\n}\n<\/style>\n\t<\/div>\n\t\n\t\t<\/div>\n\t\t\t\t\t<\/div>\n\n\t\n\n<style>\n#row-1142839533 > .col > .col-inner {\n  padding: 3em 0px 0px 0px;\n}\n<\/style>\n<\/div>\n\t<section class=\"section\" id=\"section_709535542\">\n\t\t<div class=\"bg section-bg fill bg-fill  bg-loaded\" >\n\n\t\t\t\n\t\t\t\n\t\t\t\n\n\t\t<\/div>\n\n\t\t\n\n\t\t<div class=\"section-content relative\">\n\t\t\t\n<div class=\"row align-middle\"  id=\"row-1874537831\">\n\n\t<div id=\"col-129141741\" class=\"col medium-6 small-12 large-6\"  >\n\t\t\t\t<div class=\"col-inner\"  >\n\t\t\t\n\t\t\t\n\t<div id=\"text-3426776973\" class=\"text\">\n\t\t\n\t\t\n<style>\n#text-3426776973 {\n  text-align: center;\n}\n<\/style>\n\t<\/div>\n\t\n<div class=\"is-divider divider clearfix\" style=\"max-width:100%;\"><\/div>\n<h2 data-start=\"0\" data-end=\"227\"><strong>Zna\u010dajke:<\/strong><\/h2>\n<ul>\n<li data-start=\"0\" data-end=\"227\"><strong data-start=\"0\" data-end=\"37\">Intuitivno i informativno su\u010delje<\/strong><br data-start=\"37\" data-end=\"40\" \/>Opremljen 9-in\u010dnim zaslonom osjetljivim na dodir, omogu\u0107uje jednostavan pristup vremenskim serijama, opti\u010dkim spektrom i svim doga\u0111ajima za u\u010dinkovitu interpretaciju i analizu podataka.<\/li>\n<li data-start=\"229\" data-end=\"502\"><strong data-start=\"229\" data-end=\"282\">Upravljanje senzorima i stanicama do 64 parametra<\/strong><br data-start=\"282\" data-end=\"285\" \/>Automatsko \u010di\u0161\u0107enje, zapisivanje podataka, uzorkovanje i kalibracija. Uklju\u010duje povijest i multipoint kalibraciju, provjeru funkcija senzora, upravljanje korisnicima i jednostavan prijenos podataka putem USB sticka.<\/li>\n<li data-start=\"504\" data-end=\"686\"><strong data-start=\"504\" data-end=\"543\">Fleksibilno pro\u0161irenje i prilagodba<\/strong><br data-start=\"543\" data-end=\"546\" \/>Ure\u0111aj se lako pro\u0161iruje s 8 slotova za prilagodbu ulaza\/izlaza, omogu\u0107uju\u0107i korisnicima da ure\u0111aj prilagode specifi\u010dnim zahtjevima nadzora.<\/li>\n<\/ul>\n\t\t<\/div>\n\t\t\t\t\n<style>\n#col-129141741 > .col-inner {\n  padding: 2em 1em 0px 1em;\n}\n@media (min-width:550px) {\n  #col-129141741 > .col-inner {\n    padding: 0px 0px 0px 2em;\n  }\n}\n<\/style>\n\t<\/div>\n\n\t\n\n\t<div id=\"col-1033566307\" class=\"col medium-6 small-12 large-6\"  >\n\t\t\t\t<div class=\"col-inner\"  >\n\t\t\t\n\t\t\t\n\t<div class=\"img has-hover x md-x lg-x y md-y lg-y\" id=\"image_2041060379\">\n\t\t\t\t\t\t\t\t<div class=\"img-inner dark\" style=\"margin:0px 0px 0px 0px;\">\n\t\t\t<img loading=\"lazy\" decoding=\"async\" width=\"883\" height=\"592\" src=\"https:\/\/vode.hr\/wp-content\/uploads\/2025\/10\/concube2.jpg\" class=\"attachment-original size-original\" alt=\"\" srcset=\"https:\/\/vode.hr\/wp-content\/uploads\/2025\/10\/concube2.jpg 883w, https:\/\/vode.hr\/wp-content\/uploads\/2025\/10\/concube2-300x201.jpg 300w, https:\/\/vode.hr\/wp-content\/uploads\/2025\/10\/concube2-768x515.jpg 768w, https:\/\/vode.hr\/wp-content\/uploads\/2025\/10\/concube2-650x436.jpg 650w\" sizes=\"(max-width: 883px) 100vw, 883px\" \/>\t\t\t\t\t\t\n\t\t\t\t\t<\/div>\n\t\t\t\t\t\t\t\t\n<style>\n#image_2041060379 {\n  width: 100%;\n}\n<\/style>\n\t<\/div>\n\t\n\t\t<\/div>\n\t\t\t\t\t<\/div>\n\n\t\n<\/div>\n\t\t<\/div>\n\n\t\t\n<style>\n#section_709535542 {\n  padding-top: 0px;\n  padding-bottom: 0px;\n  background-color: rgb(221, 239, 239);\n}\n<\/style>\n\t<\/section>\n\t\n<div class=\"row align-middle\"  id=\"row-1804390257\">\n\n\t<div id=\"col-52607348\" class=\"col medium-6 small-12 large-6\"  >\n\t\t\t\t<div class=\"col-inner\"  >\n\t\t\t\n\t\t\t\n\t<div class=\"img has-hover x md-x lg-x y md-y lg-y\" id=\"image_572350789\">\n\t\t\t\t\t\t\t\t<div class=\"img-inner dark\" >\n\t\t\t<img loading=\"lazy\" decoding=\"async\" width=\"600\" height=\"400\" src=\"https:\/\/vode.hr\/wp-content\/uploads\/2025\/10\/Municipal-Water-Treatment-Distribution_Aerial-Wastewater-Plant_1597239994.jpg\" class=\"attachment-original size-original\" alt=\"\" srcset=\"https:\/\/vode.hr\/wp-content\/uploads\/2025\/10\/Municipal-Water-Treatment-Distribution_Aerial-Wastewater-Plant_1597239994.jpg 600w, https:\/\/vode.hr\/wp-content\/uploads\/2025\/10\/Municipal-Water-Treatment-Distribution_Aerial-Wastewater-Plant_1597239994-300x200.jpg 300w\" sizes=\"(max-width: 600px) 100vw, 600px\" \/>\t\t\t\t\t\t\n\t\t\t\t\t<\/div>\n\t\t\t\t\t\t\t\t\n<style>\n#image_572350789 {\n  width: 100%;\n}\n<\/style>\n\t<\/div>\n\t\n\t\t<\/div>\n\t\t\t\t\t<\/div>\n\n\t\n\n\t<div id=\"col-1312394223\" class=\"col medium-6 small-12 large-6 small-col-first\"  >\n\t\t\t\t<div class=\"col-inner\"  >\n\t\t\t\n\t\t\t\n\t<div id=\"text-1110174659\" class=\"text\">\n\t\t\n<h2>Podru\u010dja primjene:<\/h2>\n<p>Nadzor sustava prikupljanja otpadnih voda<\/p>\n<p>Pro\u010di\u0161\u0107avanje pitke vode<\/p>\n<p>Nadzor okoli\u0161a<\/p>\n<p>Pro\u010di\u0161\u0107avanje otpadnih voda<\/p>\n<p>Industrijska predobrada<\/p>\n<p>Industrijski procesi<br \/>\n\t\t\n<style>\n#text-1110174659 {\n  text-align: center;\n}\n<\/style>\n\t<\/div>\n\t\n\t\t<\/div>\n\t\t\t\t\t<\/div>\n\n\t\n\n<style>\n#row-1804390257 > .col > .col-inner {\n  padding: 2em 0px 0px 0px;\n}\n<\/style>\n<\/div>\n<div class=\"row align-middle\"  id=\"row-1838894463\">\n\n\t<div id=\"col-405866051\" class=\"col medium-6 small-12 large-6\"  >\n\t\t\t\t<div class=\"col-inner\"  >\n\t\t\t\n\t\t\t\n\t<div class=\"img has-hover x md-x lg-x y md-y lg-y\" id=\"image_1657495386\">\n\t\t\t\t\t\t\t\t<div class=\"img-inner dark\" >\n\t\t\t<img loading=\"lazy\" decoding=\"async\" width=\"848\" height=\"561\" src=\"https:\/\/vode.hr\/wp-content\/uploads\/2025\/10\/certifikacija.png\" class=\"attachment-original size-original\" alt=\"\" srcset=\"https:\/\/vode.hr\/wp-content\/uploads\/2025\/10\/certifikacija.png 848w, https:\/\/vode.hr\/wp-content\/uploads\/2025\/10\/certifikacija-300x198.png 300w, https:\/\/vode.hr\/wp-content\/uploads\/2025\/10\/certifikacija-768x508.png 768w, https:\/\/vode.hr\/wp-content\/uploads\/2025\/10\/certifikacija-650x430.png 650w\" sizes=\"(max-width: 848px) 100vw, 848px\" \/>\t\t\t\t\t\t\n\t\t\t\t\t<\/div>\n\t\t\t\t\t\t\t\t\n<style>\n#image_1657495386 {\n  width: 100%;\n}\n<\/style>\n\t<\/div>\n\t\n\t\t<\/div>\n\t\t\t\t\t<\/div>\n\n\t\n\n\t<div id=\"col-90711563\" class=\"col medium-6 small-12 large-6 small-col-first\"  >\n\t\t\t\t<div class=\"col-inner\"  >\n\t\t\t\n\t\t\t\n\t<div id=\"text-3734810794\" class=\"text\">\n\t\t\n<h2>Certifikati proizvoda:<\/h2>\n<p><strong>CE certifikati<\/strong><\/p>\n<p>CE \u2013 Izjava o sukladnosti con::cube D-315<\/p>\n<p>CE \u2013 Izjava o sukladnosti con::cube V3 D-330<\/p>\n<p><strong>Sjeverna Amerika \u2013 obi\u010dna lokacija<\/strong><\/p>\n<p>con::cube D-315-230<\/p>\n<p>con::cube D-330-230<br \/>\n\t\t\n<style>\n#text-3734810794 {\n  text-align: center;\n}\n<\/style>\n\t<\/div>\n\t\n\t\t<\/div>\n\t\t\t\t\t<\/div>\n\n\t\n\n<style>\n#row-1838894463 > .col > .col-inner {\n  padding: 2em 0px 0px 0px;\n}\n<\/style>\n<\/div>\n","protected":false},"excerpt":{"rendered":"<p>Svestrani con::cube terminal za prikupljanje podataka i kontrolu stanica. Ure\u0111aj uklju\u010duje veliki zaslon osjetljiv na dodir, novu procesorsku tehnologiju te fleksibilne opcije za povezivanje sa SCADA sustavima ili bilo kojim centralnim bazama podataka.<\/p>\n","protected":false},"featured_media":1403,"template":"","meta":[],"product_cat":[17,18],"product_tag":[295,310],"class_list":["post-1402","product","type-product","status-publish","has-post-thumbnail","hentry","product_cat-ispitivanje-i-mjerenje-kvalitete-vode","product_cat-nadzor-uvjeta-u-okolisu","product_tag-badger-meter","product_tag-concube"],"yoast_head":"<!-- This site is optimized with the Yoast SEO plugin v25.0 - https:\/\/yoast.com\/wordpress\/plugins\/seo\/ -->\n<title>con::cube V3 \u2013 IoT ure\u0111aj za upravljanje i povezivanje, Badger meter - Vode.hr<\/title>\n<meta name=\"description\" content=\"Svestrani con::cube terminal za prikupljanje podataka i kontrolu stanica. Ure\u0111aj uklju\u010duje veliki zaslon osjetljiv na dodir, novu procesorsku tehnologiju te fleksibilne opcije za povezivanje sa SCADA sustavima ili bilo kojim centralnim bazama podataka.\" \/>\n<meta name=\"robots\" content=\"index, follow, max-snippet:-1, max-image-preview:large, max-video-preview:-1\" \/>\n<link rel=\"canonical\" href=\"https:\/\/vode.hr\/bs\/proizvod\/concube-v3-iot-uredaj-za-upravljanje-i-povezivanje-badger-meter\/\" \/>\n<meta property=\"og:locale\" content=\"bs_BA\" \/>\n<meta property=\"og:type\" content=\"article\" \/>\n<meta property=\"og:title\" content=\"con::cube V3 \u2013 IoT ure\u0111aj za upravljanje i povezivanje, Badger meter - Vode.hr\" \/>\n<meta property=\"og:description\" content=\"Svestrani con::cube terminal za prikupljanje podataka i kontrolu stanica. Ure\u0111aj uklju\u010duje veliki zaslon osjetljiv na dodir, novu procesorsku tehnologiju te fleksibilne opcije za povezivanje sa SCADA sustavima ili bilo kojim centralnim bazama podataka.\" \/>\n<meta property=\"og:url\" content=\"https:\/\/vode.hr\/bs\/proizvod\/concube-v3-iot-uredaj-za-upravljanje-i-povezivanje-badger-meter\/\" \/>\n<meta property=\"og:site_name\" content=\"Vode.hr\" \/>\n<meta property=\"article:publisher\" content=\"https:\/\/www.facebook.com\/vode.hr\" \/>\n<meta property=\"article:modified_time\" content=\"2025-10-29T10:57:22+00:00\" \/>\n<meta property=\"og:image\" content=\"http:\/\/vode.hr\/wp-content\/uploads\/2023\/04\/Digitalni-mjerac-kvalitete-vode-ProSolo-1000-fb.jpg\" \/>\n\t<meta property=\"og:image:width\" content=\"400\" \/>\n\t<meta property=\"og:image:height\" content=\"400\" \/>\n\t<meta property=\"og:image:type\" content=\"image\/jpeg\" \/>\n<meta name=\"twitter:card\" content=\"summary_large_image\" \/>\n<meta name=\"twitter:label1\" content=\"Est. reading time\" \/>\n\t<meta name=\"twitter:data1\" content=\"2 minute\" \/>\n<script type=\"application\/ld+json\" class=\"yoast-schema-graph\">{\"@context\":\"https:\/\/schema.org\",\"@graph\":[{\"@type\":[\"WebPage\",\"ItemPage\"],\"@id\":\"https:\/\/vode.hr\/bs\/proizvod\/concube-v3-iot-uredaj-za-upravljanje-i-povezivanje-badger-meter\/\",\"url\":\"https:\/\/vode.hr\/bs\/proizvod\/concube-v3-iot-uredaj-za-upravljanje-i-povezivanje-badger-meter\/\",\"name\":\"con::cube V3 \u2013 IoT ure\u0111aj za upravljanje i povezivanje, Badger meter - Vode.hr\",\"isPartOf\":{\"@id\":\"https:\/\/vode.hr\/bs\/#website\"},\"primaryImageOfPage\":{\"@id\":\"https:\/\/vode.hr\/bs\/proizvod\/concube-v3-iot-uredaj-za-upravljanje-i-povezivanje-badger-meter\/#primaryimage\"},\"image\":{\"@id\":\"https:\/\/vode.hr\/bs\/proizvod\/concube-v3-iot-uredaj-za-upravljanje-i-povezivanje-badger-meter\/#primaryimage\"},\"thumbnailUrl\":\"https:\/\/vode.hr\/wp-content\/uploads\/2025\/10\/concube-low-res.png\",\"datePublished\":\"2025-10-29T10:10:55+00:00\",\"dateModified\":\"2025-10-29T10:57:22+00:00\",\"description\":\"Svestrani con::cube terminal za prikupljanje podataka i kontrolu stanica. Ure\u0111aj uklju\u010duje veliki zaslon osjetljiv na dodir, novu procesorsku tehnologiju te fleksibilne opcije za povezivanje sa SCADA sustavima ili bilo kojim centralnim bazama podataka.\",\"breadcrumb\":{\"@id\":\"https:\/\/vode.hr\/bs\/proizvod\/concube-v3-iot-uredaj-za-upravljanje-i-povezivanje-badger-meter\/#breadcrumb\"},\"inLanguage\":\"bs-BA\",\"potentialAction\":[{\"@type\":\"ReadAction\",\"target\":[\"https:\/\/vode.hr\/bs\/proizvod\/concube-v3-iot-uredaj-za-upravljanje-i-povezivanje-badger-meter\/\"]}]},{\"@type\":\"ImageObject\",\"inLanguage\":\"bs-BA\",\"@id\":\"https:\/\/vode.hr\/bs\/proizvod\/concube-v3-iot-uredaj-za-upravljanje-i-povezivanje-badger-meter\/#primaryimage\",\"url\":\"https:\/\/vode.hr\/wp-content\/uploads\/2025\/10\/concube-low-res.png\",\"contentUrl\":\"https:\/\/vode.hr\/wp-content\/uploads\/2025\/10\/concube-low-res.png\",\"width\":600,\"height\":600},{\"@type\":\"BreadcrumbList\",\"@id\":\"https:\/\/vode.hr\/bs\/proizvod\/concube-v3-iot-uredaj-za-upravljanje-i-povezivanje-badger-meter\/#breadcrumb\",\"itemListElement\":[{\"@type\":\"ListItem\",\"position\":1,\"name\":\"Po\u010detna stranica\",\"item\":\"https:\/\/vode.hr\/bs\/\"},{\"@type\":\"ListItem\",\"position\":2,\"name\":\"Trgovina\",\"item\":\"https:\/\/vode.hr\/trgovina\/\"},{\"@type\":\"ListItem\",\"position\":3,\"name\":\"con::cube V3 \u2013 IoT ure\u0111aj za upravljanje i povezivanje, Badger meter\"}]},{\"@type\":\"WebSite\",\"@id\":\"https:\/\/vode.hr\/bs\/#website\",\"url\":\"https:\/\/vode.hr\/bs\/\",\"name\":\"Vode.hr\",\"description\":\"Mjerenje kvalitete voda, dezinfekcija vode i ure\u0111aji za mjerenje uvjeta u okoli\u0161u\",\"publisher\":{\"@id\":\"https:\/\/vode.hr\/bs\/#organization\"},\"potentialAction\":[{\"@type\":\"SearchAction\",\"target\":{\"@type\":\"EntryPoint\",\"urlTemplate\":\"https:\/\/vode.hr\/bs\/?s={search_term_string}\"},\"query-input\":{\"@type\":\"PropertyValueSpecification\",\"valueRequired\":true,\"valueName\":\"search_term_string\"}}],\"inLanguage\":\"bs-BA\"},{\"@type\":\"Organization\",\"@id\":\"https:\/\/vode.hr\/bs\/#organization\",\"name\":\"Primotronic d.o.o.\",\"url\":\"https:\/\/vode.hr\/bs\/\",\"logo\":{\"@type\":\"ImageObject\",\"inLanguage\":\"bs-BA\",\"@id\":\"https:\/\/vode.hr\/bs\/#\/schema\/logo\/image\/\",\"url\":\"http:\/\/vode.hr\/wp-content\/uploads\/2023\/04\/vode-1.png\",\"contentUrl\":\"http:\/\/vode.hr\/wp-content\/uploads\/2023\/04\/vode-1.png\",\"width\":300,\"height\":99,\"caption\":\"Primotronic d.o.o.\"},\"image\":{\"@id\":\"https:\/\/vode.hr\/bs\/#\/schema\/logo\/image\/\"},\"sameAs\":[\"https:\/\/www.facebook.com\/vode.hr\"]}]}<\/script>\n<!-- \/ Yoast SEO plugin. -->","yoast_head_json":{"title":"con::cube V3 \u2013 IoT ure\u0111aj za upravljanje i povezivanje, Badger meter - Vode.hr","description":"Svestrani con::cube terminal za prikupljanje podataka i kontrolu stanica. Ure\u0111aj uklju\u010duje veliki zaslon osjetljiv na dodir, novu procesorsku tehnologiju te fleksibilne opcije za povezivanje sa SCADA sustavima ili bilo kojim centralnim bazama podataka.","robots":{"index":"index","follow":"follow","max-snippet":"max-snippet:-1","max-image-preview":"max-image-preview:large","max-video-preview":"max-video-preview:-1"},"canonical":"https:\/\/vode.hr\/bs\/proizvod\/concube-v3-iot-uredaj-za-upravljanje-i-povezivanje-badger-meter\/","og_locale":"bs_BA","og_type":"article","og_title":"con::cube V3 \u2013 IoT ure\u0111aj za upravljanje i povezivanje, Badger meter - Vode.hr","og_description":"Svestrani con::cube terminal za prikupljanje podataka i kontrolu stanica. Ure\u0111aj uklju\u010duje veliki zaslon osjetljiv na dodir, novu procesorsku tehnologiju te fleksibilne opcije za povezivanje sa SCADA sustavima ili bilo kojim centralnim bazama podataka.","og_url":"https:\/\/vode.hr\/bs\/proizvod\/concube-v3-iot-uredaj-za-upravljanje-i-povezivanje-badger-meter\/","og_site_name":"Vode.hr","article_publisher":"https:\/\/www.facebook.com\/vode.hr","article_modified_time":"2025-10-29T10:57:22+00:00","og_image":[{"width":400,"height":400,"url":"http:\/\/vode.hr\/wp-content\/uploads\/2023\/04\/Digitalni-mjerac-kvalitete-vode-ProSolo-1000-fb.jpg","type":"image\/jpeg"}],"twitter_card":"summary_large_image","twitter_misc":{"Est. reading time":"2 minute"},"schema":{"@context":"https:\/\/schema.org","@graph":[{"@type":["WebPage","ItemPage"],"@id":"https:\/\/vode.hr\/bs\/proizvod\/concube-v3-iot-uredaj-za-upravljanje-i-povezivanje-badger-meter\/","url":"https:\/\/vode.hr\/bs\/proizvod\/concube-v3-iot-uredaj-za-upravljanje-i-povezivanje-badger-meter\/","name":"con::cube V3 \u2013 IoT ure\u0111aj za upravljanje i povezivanje, Badger meter - Vode.hr","isPartOf":{"@id":"https:\/\/vode.hr\/bs\/#website"},"primaryImageOfPage":{"@id":"https:\/\/vode.hr\/bs\/proizvod\/concube-v3-iot-uredaj-za-upravljanje-i-povezivanje-badger-meter\/#primaryimage"},"image":{"@id":"https:\/\/vode.hr\/bs\/proizvod\/concube-v3-iot-uredaj-za-upravljanje-i-povezivanje-badger-meter\/#primaryimage"},"thumbnailUrl":"https:\/\/vode.hr\/wp-content\/uploads\/2025\/10\/concube-low-res.png","datePublished":"2025-10-29T10:10:55+00:00","dateModified":"2025-10-29T10:57:22+00:00","description":"Svestrani con::cube terminal za prikupljanje podataka i kontrolu stanica. Ure\u0111aj uklju\u010duje veliki zaslon osjetljiv na dodir, novu procesorsku tehnologiju te fleksibilne opcije za povezivanje sa SCADA sustavima ili bilo kojim centralnim bazama podataka.","breadcrumb":{"@id":"https:\/\/vode.hr\/bs\/proizvod\/concube-v3-iot-uredaj-za-upravljanje-i-povezivanje-badger-meter\/#breadcrumb"},"inLanguage":"bs-BA","potentialAction":[{"@type":"ReadAction","target":["https:\/\/vode.hr\/bs\/proizvod\/concube-v3-iot-uredaj-za-upravljanje-i-povezivanje-badger-meter\/"]}]},{"@type":"ImageObject","inLanguage":"bs-BA","@id":"https:\/\/vode.hr\/bs\/proizvod\/concube-v3-iot-uredaj-za-upravljanje-i-povezivanje-badger-meter\/#primaryimage","url":"https:\/\/vode.hr\/wp-content\/uploads\/2025\/10\/concube-low-res.png","contentUrl":"https:\/\/vode.hr\/wp-content\/uploads\/2025\/10\/concube-low-res.png","width":600,"height":600},{"@type":"BreadcrumbList","@id":"https:\/\/vode.hr\/bs\/proizvod\/concube-v3-iot-uredaj-za-upravljanje-i-povezivanje-badger-meter\/#breadcrumb","itemListElement":[{"@type":"ListItem","position":1,"name":"Po\u010detna stranica","item":"https:\/\/vode.hr\/bs\/"},{"@type":"ListItem","position":2,"name":"Trgovina","item":"https:\/\/vode.hr\/trgovina\/"},{"@type":"ListItem","position":3,"name":"con::cube V3 \u2013 IoT ure\u0111aj za upravljanje i povezivanje, Badger meter"}]},{"@type":"WebSite","@id":"https:\/\/vode.hr\/bs\/#website","url":"https:\/\/vode.hr\/bs\/","name":"Vode.hr","description":"Mjerenje kvalitete voda, dezinfekcija vode i ure\u0111aji za mjerenje uvjeta u okoli\u0161u","publisher":{"@id":"https:\/\/vode.hr\/bs\/#organization"},"potentialAction":[{"@type":"SearchAction","target":{"@type":"EntryPoint","urlTemplate":"https:\/\/vode.hr\/bs\/?s={search_term_string}"},"query-input":{"@type":"PropertyValueSpecification","valueRequired":true,"valueName":"search_term_string"}}],"inLanguage":"bs-BA"},{"@type":"Organization","@id":"https:\/\/vode.hr\/bs\/#organization","name":"Primotronic d.o.o.","url":"https:\/\/vode.hr\/bs\/","logo":{"@type":"ImageObject","inLanguage":"bs-BA","@id":"https:\/\/vode.hr\/bs\/#\/schema\/logo\/image\/","url":"http:\/\/vode.hr\/wp-content\/uploads\/2023\/04\/vode-1.png","contentUrl":"http:\/\/vode.hr\/wp-content\/uploads\/2023\/04\/vode-1.png","width":300,"height":99,"caption":"Primotronic d.o.o."},"image":{"@id":"https:\/\/vode.hr\/bs\/#\/schema\/logo\/image\/"},"sameAs":["https:\/\/www.facebook.com\/vode.hr"]}]}},"_links":{"self":[{"href":"https:\/\/vode.hr\/bs\/wp-json\/wp\/v2\/product\/1402"}],"collection":[{"href":"https:\/\/vode.hr\/bs\/wp-json\/wp\/v2\/product"}],"about":[{"href":"https:\/\/vode.hr\/bs\/wp-json\/wp\/v2\/types\/product"}],"wp:featuredmedia":[{"embeddable":true,"href":"https:\/\/vode.hr\/bs\/wp-json\/wp\/v2\/media\/1403"}],"wp:attachment":[{"href":"https:\/\/vode.hr\/bs\/wp-json\/wp\/v2\/media?parent=1402"}],"wp:term":[{"taxonomy":"product_cat","embeddable":true,"href":"https:\/\/vode.hr\/bs\/wp-json\/wp\/v2\/product_cat?post=1402"},{"taxonomy":"product_tag","embeddable":true,"href":"https:\/\/vode.hr\/bs\/wp-json\/wp\/v2\/product_tag?post=1402"}],"curies":[{"name":"wp","href":"https:\/\/api.w.org\/{rel}","templated":true}]}}