{"id":193,"date":"2023-04-27T11:18:01","date_gmt":"2023-04-27T09:18:01","guid":{"rendered":"https:\/\/vode.hr\/?post_type=product&#038;p=193"},"modified":"2025-10-24T10:58:03","modified_gmt":"2025-10-24T08:58:03","slug":"odo-ct-kabelska-sonda-za-prodigital-rucne-mjerace-ysi","status":"publish","type":"product","link":"https:\/\/vode.hr\/bs\/proizvod\/odo-ct-kabelska-sonda-za-prodigital-rucne-mjerace-ysi\/","title":{"rendered":"ODO\/CT kabelska sonda za DO, provodljivost i temperaturu, YSI"},"content":{"rendered":"","protected":false},"excerpt":{"rendered":"<p>ProDIGITAL ODO\/T sonda i sklop kabela imaju integrirane opti\u010dke senzore za mjerenje otopljenog kisika i temperature vode. Sonda je kompatibilna s<\/p>\n<ul>\n<li>ProSolo,<\/li>\n<li>ProSwap i<\/li>\n<li>ProDSS ru\u010dnim ure\u0111ajima.<\/li>\n<\/ul>\n<p>Dostupne su duljine kabela do 100 metara.<\/p>\n","protected":false},"featured_media":204,"template":"","meta":[],"product_cat":[112],"product_tag":[296],"class_list":["post-193","product","type-product","status-publish","has-post-thumbnail","hentry","product_cat-senzori-i-kabeli-za-rucne-uredaje-za-mjerenje-kvalitete-vode","product_tag-ysi"],"yoast_head":"<!-- This site is optimized with the Yoast SEO plugin v25.0 - https:\/\/yoast.com\/wordpress\/plugins\/seo\/ -->\n<title>ODO\/CT kabelska sonda za DO, provodljivost i temperaturu, YSI - Vode.hr<\/title>\n<meta name=\"description\" content=\"ProDIGITAL ODO\/T sonda i sklop kabela imaju integrirane opti\u010dke senzore za mjerenje otopljenog kisika i temperature vode. Sonda je kompatibilna s   ProSolo,  ProSwap i  ProDSS ru\u010dnim ure\u0111ajima.  Dostupne su duljine kabela do 100 metara.\" \/>\n<meta name=\"robots\" content=\"index, follow, max-snippet:-1, max-image-preview:large, max-video-preview:-1\" \/>\n<link rel=\"canonical\" href=\"https:\/\/vode.hr\/bs\/proizvod\/odo-ct-kabelska-sonda-za-prodigital-rucne-mjerace-ysi\/\" \/>\n<meta property=\"og:locale\" content=\"bs_BA\" \/>\n<meta property=\"og:type\" content=\"article\" \/>\n<meta property=\"og:title\" content=\"ODO\/CT kabelska sonda za DO, provodljivost i temperaturu, YSI - Vode.hr\" \/>\n<meta property=\"og:description\" content=\"ProDIGITAL ODO\/T sonda i sklop kabela imaju integrirane opti\u010dke senzore za mjerenje otopljenog kisika i temperature vode. Sonda je kompatibilna s   ProSolo,  ProSwap i  ProDSS ru\u010dnim ure\u0111ajima.  Dostupne su duljine kabela do 100 metara.\" \/>\n<meta property=\"og:url\" content=\"https:\/\/vode.hr\/bs\/proizvod\/odo-ct-kabelska-sonda-za-prodigital-rucne-mjerace-ysi\/\" \/>\n<meta property=\"og:site_name\" content=\"Vode.hr\" \/>\n<meta property=\"article:publisher\" content=\"https:\/\/www.facebook.com\/vode.hr\" \/>\n<meta property=\"article:modified_time\" content=\"2025-10-24T08:58:03+00:00\" \/>\n<meta property=\"og:image\" content=\"http:\/\/vode.hr\/wp-content\/uploads\/2023\/04\/ODOT-sonda-fb.jpg\" \/>\n\t<meta property=\"og:image:width\" content=\"400\" \/>\n\t<meta property=\"og:image:height\" content=\"400\" \/>\n\t<meta property=\"og:image:type\" content=\"image\/jpeg\" \/>\n<meta name=\"twitter:card\" content=\"summary_large_image\" \/>\n<meta name=\"twitter:label1\" content=\"Est. reading time\" \/>\n\t<meta name=\"twitter:data1\" content=\"1 minuta\" \/>\n<script type=\"application\/ld+json\" class=\"yoast-schema-graph\">{\"@context\":\"https:\/\/schema.org\",\"@graph\":[{\"@type\":[\"WebPage\",\"ItemPage\"],\"@id\":\"https:\/\/vode.hr\/bs\/proizvod\/odo-ct-kabelska-sonda-za-prodigital-rucne-mjerace-ysi\/\",\"url\":\"https:\/\/vode.hr\/bs\/proizvod\/odo-ct-kabelska-sonda-za-prodigital-rucne-mjerace-ysi\/\",\"name\":\"ODO\/CT kabelska sonda za DO, provodljivost i temperaturu, YSI - Vode.hr\",\"isPartOf\":{\"@id\":\"https:\/\/vode.hr\/bs\/#website\"},\"primaryImageOfPage\":{\"@id\":\"https:\/\/vode.hr\/bs\/proizvod\/odo-ct-kabelska-sonda-za-prodigital-rucne-mjerace-ysi\/#primaryimage\"},\"image\":{\"@id\":\"https:\/\/vode.hr\/bs\/proizvod\/odo-ct-kabelska-sonda-za-prodigital-rucne-mjerace-ysi\/#primaryimage\"},\"thumbnailUrl\":\"https:\/\/vode.hr\/wp-content\/uploads\/2023\/04\/ODOT-sonda-1.jpg\",\"datePublished\":\"2023-04-27T09:18:01+00:00\",\"dateModified\":\"2025-10-24T08:58:03+00:00\",\"description\":\"ProDIGITAL ODO\/T sonda i sklop kabela imaju integrirane opti\u010dke senzore za mjerenje otopljenog kisika i temperature vode. Sonda je kompatibilna s ProSolo, ProSwap i ProDSS ru\u010dnim ure\u0111ajima. Dostupne su duljine kabela do 100 metara.\",\"breadcrumb\":{\"@id\":\"https:\/\/vode.hr\/bs\/proizvod\/odo-ct-kabelska-sonda-za-prodigital-rucne-mjerace-ysi\/#breadcrumb\"},\"inLanguage\":\"bs-BA\",\"potentialAction\":[{\"@type\":\"ReadAction\",\"target\":[\"https:\/\/vode.hr\/bs\/proizvod\/odo-ct-kabelska-sonda-za-prodigital-rucne-mjerace-ysi\/\"]}]},{\"@type\":\"ImageObject\",\"inLanguage\":\"bs-BA\",\"@id\":\"https:\/\/vode.hr\/bs\/proizvod\/odo-ct-kabelska-sonda-za-prodigital-rucne-mjerace-ysi\/#primaryimage\",\"url\":\"https:\/\/vode.hr\/wp-content\/uploads\/2023\/04\/ODOT-sonda-1.jpg\",\"contentUrl\":\"https:\/\/vode.hr\/wp-content\/uploads\/2023\/04\/ODOT-sonda-1.jpg\",\"width\":650,\"height\":650},{\"@type\":\"BreadcrumbList\",\"@id\":\"https:\/\/vode.hr\/bs\/proizvod\/odo-ct-kabelska-sonda-za-prodigital-rucne-mjerace-ysi\/#breadcrumb\",\"itemListElement\":[{\"@type\":\"ListItem\",\"position\":1,\"name\":\"Po\u010detna stranica\",\"item\":\"https:\/\/vode.hr\/bs\/\"},{\"@type\":\"ListItem\",\"position\":2,\"name\":\"Trgovina\",\"item\":\"https:\/\/vode.hr\/trgovina\/\"},{\"@type\":\"ListItem\",\"position\":3,\"name\":\"ODO\/CT kabelska sonda za DO, provodljivost i temperaturu, YSI\"}]},{\"@type\":\"WebSite\",\"@id\":\"https:\/\/vode.hr\/bs\/#website\",\"url\":\"https:\/\/vode.hr\/bs\/\",\"name\":\"Vode.hr\",\"description\":\"Mjerenje kvalitete voda, dezinfekcija vode i ure\u0111aji za mjerenje uvjeta u okoli\u0161u\",\"publisher\":{\"@id\":\"https:\/\/vode.hr\/bs\/#organization\"},\"potentialAction\":[{\"@type\":\"SearchAction\",\"target\":{\"@type\":\"EntryPoint\",\"urlTemplate\":\"https:\/\/vode.hr\/bs\/?s={search_term_string}\"},\"query-input\":{\"@type\":\"PropertyValueSpecification\",\"valueRequired\":true,\"valueName\":\"search_term_string\"}}],\"inLanguage\":\"bs-BA\"},{\"@type\":\"Organization\",\"@id\":\"https:\/\/vode.hr\/bs\/#organization\",\"name\":\"Primotronic d.o.o.\",\"url\":\"https:\/\/vode.hr\/bs\/\",\"logo\":{\"@type\":\"ImageObject\",\"inLanguage\":\"bs-BA\",\"@id\":\"https:\/\/vode.hr\/bs\/#\/schema\/logo\/image\/\",\"url\":\"http:\/\/vode.hr\/wp-content\/uploads\/2023\/04\/vode-1.png\",\"contentUrl\":\"http:\/\/vode.hr\/wp-content\/uploads\/2023\/04\/vode-1.png\",\"width\":300,\"height\":99,\"caption\":\"Primotronic d.o.o.\"},\"image\":{\"@id\":\"https:\/\/vode.hr\/bs\/#\/schema\/logo\/image\/\"},\"sameAs\":[\"https:\/\/www.facebook.com\/vode.hr\"]}]}<\/script>\n<!-- \/ Yoast SEO plugin. -->","yoast_head_json":{"title":"ODO\/CT kabelska sonda za DO, provodljivost i temperaturu, YSI - Vode.hr","description":"ProDIGITAL ODO\/T sonda i sklop kabela imaju integrirane opti\u010dke senzore za mjerenje otopljenog kisika i temperature vode. Sonda je kompatibilna s   ProSolo,  ProSwap i  ProDSS ru\u010dnim ure\u0111ajima.  Dostupne su duljine kabela do 100 metara.","robots":{"index":"index","follow":"follow","max-snippet":"max-snippet:-1","max-image-preview":"max-image-preview:large","max-video-preview":"max-video-preview:-1"},"canonical":"https:\/\/vode.hr\/bs\/proizvod\/odo-ct-kabelska-sonda-za-prodigital-rucne-mjerace-ysi\/","og_locale":"bs_BA","og_type":"article","og_title":"ODO\/CT kabelska sonda za DO, provodljivost i temperaturu, YSI - Vode.hr","og_description":"ProDIGITAL ODO\/T sonda i sklop kabela imaju integrirane opti\u010dke senzore za mjerenje otopljenog kisika i temperature vode. Sonda je kompatibilna s   ProSolo,  ProSwap i  ProDSS ru\u010dnim ure\u0111ajima.  Dostupne su duljine kabela do 100 metara.","og_url":"https:\/\/vode.hr\/bs\/proizvod\/odo-ct-kabelska-sonda-za-prodigital-rucne-mjerace-ysi\/","og_site_name":"Vode.hr","article_publisher":"https:\/\/www.facebook.com\/vode.hr","article_modified_time":"2025-10-24T08:58:03+00:00","og_image":[{"width":400,"height":400,"url":"http:\/\/vode.hr\/wp-content\/uploads\/2023\/04\/ODOT-sonda-fb.jpg","type":"image\/jpeg"}],"twitter_card":"summary_large_image","twitter_misc":{"Est. reading time":"1 minuta"},"schema":{"@context":"https:\/\/schema.org","@graph":[{"@type":["WebPage","ItemPage"],"@id":"https:\/\/vode.hr\/bs\/proizvod\/odo-ct-kabelska-sonda-za-prodigital-rucne-mjerace-ysi\/","url":"https:\/\/vode.hr\/bs\/proizvod\/odo-ct-kabelska-sonda-za-prodigital-rucne-mjerace-ysi\/","name":"ODO\/CT kabelska sonda za DO, provodljivost i temperaturu, YSI - Vode.hr","isPartOf":{"@id":"https:\/\/vode.hr\/bs\/#website"},"primaryImageOfPage":{"@id":"https:\/\/vode.hr\/bs\/proizvod\/odo-ct-kabelska-sonda-za-prodigital-rucne-mjerace-ysi\/#primaryimage"},"image":{"@id":"https:\/\/vode.hr\/bs\/proizvod\/odo-ct-kabelska-sonda-za-prodigital-rucne-mjerace-ysi\/#primaryimage"},"thumbnailUrl":"https:\/\/vode.hr\/wp-content\/uploads\/2023\/04\/ODOT-sonda-1.jpg","datePublished":"2023-04-27T09:18:01+00:00","dateModified":"2025-10-24T08:58:03+00:00","description":"ProDIGITAL ODO\/T sonda i sklop kabela imaju integrirane opti\u010dke senzore za mjerenje otopljenog kisika i temperature vode. Sonda je kompatibilna s ProSolo, ProSwap i ProDSS ru\u010dnim ure\u0111ajima. Dostupne su duljine kabela do 100 metara.","breadcrumb":{"@id":"https:\/\/vode.hr\/bs\/proizvod\/odo-ct-kabelska-sonda-za-prodigital-rucne-mjerace-ysi\/#breadcrumb"},"inLanguage":"bs-BA","potentialAction":[{"@type":"ReadAction","target":["https:\/\/vode.hr\/bs\/proizvod\/odo-ct-kabelska-sonda-za-prodigital-rucne-mjerace-ysi\/"]}]},{"@type":"ImageObject","inLanguage":"bs-BA","@id":"https:\/\/vode.hr\/bs\/proizvod\/odo-ct-kabelska-sonda-za-prodigital-rucne-mjerace-ysi\/#primaryimage","url":"https:\/\/vode.hr\/wp-content\/uploads\/2023\/04\/ODOT-sonda-1.jpg","contentUrl":"https:\/\/vode.hr\/wp-content\/uploads\/2023\/04\/ODOT-sonda-1.jpg","width":650,"height":650},{"@type":"BreadcrumbList","@id":"https:\/\/vode.hr\/bs\/proizvod\/odo-ct-kabelska-sonda-za-prodigital-rucne-mjerace-ysi\/#breadcrumb","itemListElement":[{"@type":"ListItem","position":1,"name":"Po\u010detna stranica","item":"https:\/\/vode.hr\/bs\/"},{"@type":"ListItem","position":2,"name":"Trgovina","item":"https:\/\/vode.hr\/trgovina\/"},{"@type":"ListItem","position":3,"name":"ODO\/CT kabelska sonda za DO, provodljivost i temperaturu, YSI"}]},{"@type":"WebSite","@id":"https:\/\/vode.hr\/bs\/#website","url":"https:\/\/vode.hr\/bs\/","name":"Vode.hr","description":"Mjerenje kvalitete voda, dezinfekcija vode i ure\u0111aji za mjerenje uvjeta u okoli\u0161u","publisher":{"@id":"https:\/\/vode.hr\/bs\/#organization"},"potentialAction":[{"@type":"SearchAction","target":{"@type":"EntryPoint","urlTemplate":"https:\/\/vode.hr\/bs\/?s={search_term_string}"},"query-input":{"@type":"PropertyValueSpecification","valueRequired":true,"valueName":"search_term_string"}}],"inLanguage":"bs-BA"},{"@type":"Organization","@id":"https:\/\/vode.hr\/bs\/#organization","name":"Primotronic d.o.o.","url":"https:\/\/vode.hr\/bs\/","logo":{"@type":"ImageObject","inLanguage":"bs-BA","@id":"https:\/\/vode.hr\/bs\/#\/schema\/logo\/image\/","url":"http:\/\/vode.hr\/wp-content\/uploads\/2023\/04\/vode-1.png","contentUrl":"http:\/\/vode.hr\/wp-content\/uploads\/2023\/04\/vode-1.png","width":300,"height":99,"caption":"Primotronic d.o.o."},"image":{"@id":"https:\/\/vode.hr\/bs\/#\/schema\/logo\/image\/"},"sameAs":["https:\/\/www.facebook.com\/vode.hr"]}]}},"_links":{"self":[{"href":"https:\/\/vode.hr\/bs\/wp-json\/wp\/v2\/product\/193"}],"collection":[{"href":"https:\/\/vode.hr\/bs\/wp-json\/wp\/v2\/product"}],"about":[{"href":"https:\/\/vode.hr\/bs\/wp-json\/wp\/v2\/types\/product"}],"wp:featuredmedia":[{"embeddable":true,"href":"https:\/\/vode.hr\/bs\/wp-json\/wp\/v2\/media\/204"}],"wp:attachment":[{"href":"https:\/\/vode.hr\/bs\/wp-json\/wp\/v2\/media?parent=193"}],"wp:term":[{"taxonomy":"product_cat","embeddable":true,"href":"https:\/\/vode.hr\/bs\/wp-json\/wp\/v2\/product_cat?post=193"},{"taxonomy":"product_tag","embeddable":true,"href":"https:\/\/vode.hr\/bs\/wp-json\/wp\/v2\/product_tag?post=193"}],"curies":[{"name":"wp","href":"https:\/\/api.w.org\/{rel}","templated":true}]}}