{"id":206,"date":"2023-04-27T12:34:47","date_gmt":"2023-04-27T10:34:47","guid":{"rendered":"https:\/\/vode.hr\/?post_type=product&#038;p=206"},"modified":"2025-10-24T10:58:01","modified_gmt":"2025-10-24T08:58:01","slug":"odo-t-sonda-za-otopljeni-kisik-i-temperaturu-vode-ysi","status":"publish","type":"product","link":"https:\/\/vode.hr\/bs\/proizvod\/odo-t-sonda-za-otopljeni-kisik-i-temperaturu-vode-ysi\/","title":{"rendered":"ODO\/T kabelska sonda za DO i temperaturu vode, YSI"},"content":{"rendered":"<div class=\"row\"  id=\"row-1302096226\">\n\n\t<div id=\"col-1216404131\" class=\"col small-12 large-12\"  >\n\t\t\t\t<div class=\"col-inner\"  >\n\t\t\t\n\t\t\t\n\t<div id=\"text-1479719388\" class=\"text\">\n\t\t\n<h2>Plug-and-play sonda za mjerenje DO i temperature<\/h2>\n\t\t\n<style>\n#text-1479719388 {\n  font-size: 1.3rem;\n  text-align: center;\n}\n<\/style>\n\t<\/div>\n\t\n\t<div id=\"text-2545044867\" class=\"text\">\n\t\t\n<p class=\"lead\">Najto\u010dnija mjerenja otopljenog kisika u vodi i temperature uz ProDIGITAL pametne sonde integrirane u kabele duljine 1 do \u010dak 100 metara.<\/p>\n\t\t\n<style>\n#text-2545044867 {\n  font-size: 0.9rem;\n  text-align: center;\n}\n<\/style>\n\t<\/div>\n\t\n\t\t<\/div>\n\t\t\t\t\t<\/div>\n\n\t\n\n<style>\n#row-1302096226 > .col > .col-inner {\n  padding: 3em 0px 0px 0px;\n}\n<\/style>\n<\/div>\n\t<section class=\"section\" id=\"section_2116480837\">\n\t\t<div class=\"bg section-bg fill bg-fill  bg-loaded\" >\n\n\t\t\t\n\t\t\t\n\t\t\t\n\n\t\t<\/div>\n\n\t\t\n\n\t\t<div class=\"section-content relative\">\n\t\t\t\n<div class=\"row align-middle\"  id=\"row-1255379648\">\n\n\t<div id=\"col-538784618\" class=\"col medium-6 small-12 large-6\"  >\n\t\t\t\t<div class=\"col-inner text-left\"  >\n\t\t\t\n\t\t\t\n\t<div id=\"text-516364099\" class=\"text\">\n\t\t\n<h2>Integrirana, digitalna, plug-and-play&#8230;<\/h2>\n\t\t\n<style>\n#text-516364099 {\n  text-align: center;\n}\n@media (min-width:550px) {\n  #text-516364099 {\n    text-align: left;\n  }\n}\n<\/style>\n\t<\/div>\n\t\n<div class=\"is-divider divider clearfix\" style=\"max-width:100%;\"><\/div>\n<p>S integriranim, digitalnim senzorima, ODO\/T minimalizira vrijeme potrebno za postavljanje instrumenta. ProDIGITAL tehnologija omogu\u0107uje ru\u010dnom ure\u0111aju da automatski prepozna povezane senzore, tako da nema potrebe prolaziti kroz postavke instrumenta kako bi se odabrala sonda koja se povezuje.<\/p>\n<ul>\n<li>Integrirani opti\u010dki senzori otopljenog kisika i temperature koje ProDIGITAL ru\u010dni ure\u0111aji automatski prepoznaju, smanjuju\u0107i vrijeme postavljanja instrumenata<\/li>\n<li>Robustan opti\u010dki DO senzorski poklopac s dvogodi\u0161njim jamstvom<\/li>\n<li>Military Spec (MS) konektor i utegnuti \u0161titnik sonde od nehr\u0111aju\u0107eg \u010delika<\/li>\n<li>Pristaje u otvore \u0161irine 2,5 cm (1&#8221;)\u00a0 s duljinom kabela do 100 metara<\/li>\n<\/ul>\n\t\t<\/div>\n\t\t\t\t\n<style>\n#col-538784618 > .col-inner {\n  padding: 2em 1em 0px 1em;\n}\n@media (min-width:550px) {\n  #col-538784618 > .col-inner {\n    padding: 0px 0px 0px 2em;\n  }\n}\n<\/style>\n\t<\/div>\n\n\t\n\n\t<div id=\"col-4192116\" class=\"col medium-6 small-12 large-6\"  >\n\t\t\t\t<div class=\"col-inner\"  >\n\t\t\t\n\t\t\t\n\t<div class=\"img has-hover x md-x lg-x y md-y lg-y\" id=\"image_449110211\">\n\t\t\t\t\t\t\t\t<div class=\"img-inner dark\" style=\"margin:0px 0px 0px 0px;\">\n\t\t\t<img loading=\"lazy\" decoding=\"async\" width=\"600\" height=\"600\" src=\"https:\/\/vode.hr\/wp-content\/uploads\/2023\/04\/Sonde-pozadina.jpg\" class=\"attachment-original size-original\" alt=\"\" srcset=\"https:\/\/vode.hr\/wp-content\/uploads\/2023\/04\/Sonde-pozadina.jpg 600w, https:\/\/vode.hr\/wp-content\/uploads\/2023\/04\/Sonde-pozadina-300x300.jpg 300w, https:\/\/vode.hr\/wp-content\/uploads\/2023\/04\/Sonde-pozadina-150x150.jpg 150w, https:\/\/vode.hr\/wp-content\/uploads\/2023\/04\/Sonde-pozadina-369x369.jpg 369w, https:\/\/vode.hr\/wp-content\/uploads\/2023\/04\/Sonde-pozadina-100x100.jpg 100w\" sizes=\"(max-width: 600px) 100vw, 600px\" \/>\t\t\t\t\t\t\n\t\t\t\t\t<\/div>\n\t\t\t\t\t\t\t\t\n<style>\n#image_449110211 {\n  width: 100%;\n}\n<\/style>\n\t<\/div>\n\t\n\t\t<\/div>\n\t\t\t\t\t<\/div>\n\n\t\n<\/div>\n\t\t<\/div>\n\n\t\t\n<style>\n#section_2116480837 {\n  padding-top: 0px;\n  padding-bottom: 0px;\n  background-color: rgb(221, 239, 239);\n}\n<\/style>\n\t<\/section>\n\t\n<div class=\"row\"  id=\"row-323540567\">\n\n\t<div id=\"col-1603193905\" class=\"col medium-6 small-12 large-6\"  >\n\t\t\t\t<div class=\"col-inner\"  >\n\t\t\t\n\t\t\t\n\t<div class=\"img has-hover x md-x lg-x y md-y lg-y\" id=\"image_1056248797\">\n\t\t\t\t\t\t\t\t<div class=\"img-inner dark\" >\n\t\t\t<img loading=\"lazy\" decoding=\"async\" width=\"650\" height=\"650\" src=\"https:\/\/vode.hr\/wp-content\/uploads\/2023\/04\/ODOT-sonda-3.jpg\" class=\"attachment-original size-original\" alt=\"\" srcset=\"https:\/\/vode.hr\/wp-content\/uploads\/2023\/04\/ODOT-sonda-3.jpg 650w, https:\/\/vode.hr\/wp-content\/uploads\/2023\/04\/ODOT-sonda-3-300x300.jpg 300w, https:\/\/vode.hr\/wp-content\/uploads\/2023\/04\/ODOT-sonda-3-150x150.jpg 150w, https:\/\/vode.hr\/wp-content\/uploads\/2023\/04\/ODOT-sonda-3-369x369.jpg 369w, https:\/\/vode.hr\/wp-content\/uploads\/2023\/04\/ODOT-sonda-3-100x100.jpg 100w\" sizes=\"(max-width: 650px) 100vw, 650px\" \/>\t\t\t\t\t\t\n\t\t\t\t\t<\/div>\n\t\t\t\t\t\t\t\t\n<style>\n#image_1056248797 {\n  width: 100%;\n}\n<\/style>\n\t<\/div>\n\t\n\t\t<\/div>\n\t\t\t\t\t<\/div>\n\n\t\n\n\t<div id=\"col-1281930542\" class=\"col medium-6 small-12 large-6 small-col-first\"  >\n\t\t\t\t<div class=\"col-inner\"  >\n\t\t\t\n\t\t\t\n\t<div id=\"text-1938224782\" class=\"text\">\n\t\t\n<h2>ODO tehnologija senzora<\/h2>\n\t\t\n<style>\n#text-1938224782 {\n  text-align: center;\n}\n@media (min-width:550px) {\n  #text-1938224782 {\n    text-align: left;\n  }\n}\n<\/style>\n\t<\/div>\n\t\n<div class=\"is-divider divider clearfix\" style=\"max-width:100%;\"><\/div>\n<p>Tehnologija mjerenja otopljenog kisika napredovala je od elektrokemijskih senzora, kao \u0161to su polarografski i galvanski, do opti\u010dkih senzora koji se temelje na luminiscenciji. YSI opti\u010dki DO senzori nemaju potro\u0161nju, \u0161to zna\u010di da se kisik ne tro\u0161i tijekom mjerenja. Kao rezultat toga, kod ODO-a nije potrebna ovisnost o protoku niti mije\u0161anju, \u0161to omogu\u0107uje najto\u010dnija o\u010ditanja na terenu.<\/p>\n<p>Prednosti u odnosu na elektrokemijske senzore uklju\u010duju:<\/p>\n<ul>\n<li>Ve\u0107a to\u010dnost bez potrebe za mije\u0161anje<\/li>\n<li>Manje pomicanje tijekom vremena; du\u017ee dr\u017ei kalibraciju<\/li>\n<li>Manje odr\u017eavanja; bez membrana ili elektrolita<\/li>\n<\/ul>\n<p>ODO senzor nije osjetljiv na smetnje od drugih plinova, manje se pomi\u010de i odr\u017eava kalibraciju du\u017ee od senzora prekrivenih membranom. Odr\u017eavanje je lako uz jednostavnu opti\u010dku kapicu s navojem koja slu\u017ei najmanje dvije godine.<\/p>\n\t<div id=\"gap-515530794\" class=\"gap-element clearfix\" style=\"display:block; height:auto;\">\n\t\t\n<style>\n#gap-515530794 {\n  padding-top: 30px;\n}\n<\/style>\n\t<\/div>\n\t\n<div class=\"row row-dashed\"  id=\"row-1183501051\">\n\n\t<div id=\"col-1051429689\" class=\"col medium-6 small-12 large-6\"  >\n\t\t\t\t<div class=\"col-inner\"  >\n\t\t\t\n\t\t\t\n<div class=\"pricing-table-wrapper\">\n  <div class=\"pricing-table ux_price_table text-center box-shadow-3-hover\">\n    <div class=\"pricing-table-header\">\n      <div class=\"title uppercase strong\">otopljeni kisik<\/div>\n      <div class=\"price is-xxlarge\">0<\/div>\n          <\/div>\n    <div class=\"pricing-table-items items\">\n      \n<div class=\"bullet-item\" title=\"\"><span class=\"text\">0 to 500%<\/span><\/div>\n<div class=\"bullet-item\" title=\"\"><span class=\"text\">0 to 50 mg\/L<\/span><\/div>\n\t<div id=\"text-3686246139\" class=\"text\">\n\t\t\n<p><strong>Raspon<\/strong><br \/>\n\t\t\n<style>\n#text-3686246139 {\n  color: #00bbbb;\n}\n#text-3686246139 > * {\n  color: #00bbbb;\n}\n<\/style>\n\t<\/div>\n\t\n<div class=\"bullet-item tooltip has-hover\" title=\"o\u010ditanja ili saturacije, ovisno o tome \u0161to je ve\u0107e\"><span class=\"text\">0 to 200%: \u00b11%<\/span><span class=\"tag-label bullet-more-info circle\">?<\/span><\/div>\n<div class=\"bullet-item tooltip has-hover\" title=\"o\u010ditanja\"><span class=\"text\">200 to 500%: \u00b18%<\/span><span class=\"tag-label bullet-more-info circle\">?<\/span><\/div>\n<div class=\"bullet-item tooltip has-hover\" title=\"o\u010ditanja, \u0161to god je ve\u0107e\"><span class=\"text\">0 to 20 mg\/L: \u00b10.1 mg\/L ili 1%<\/span><span class=\"tag-label bullet-more-info circle\">?<\/span><\/div>\n<div class=\"bullet-item tooltip has-hover\" title=\"o\u010ditanja\"><span class=\"text\">20 to 50 mg\/L: \u00b18%<\/span><span class=\"tag-label bullet-more-info circle\">?<\/span><\/div>\n\t<div id=\"text-1894725754\" class=\"text\">\n\t\t\n<p><strong>To\u010dnost mjerenja<\/strong><br \/>\n\t\t\n<style>\n#text-1894725754 {\n  color: #00bbbb;\n}\n#text-1894725754 > * {\n  color: #00bbbb;\n}\n<\/style>\n\t<\/div>\n\t\n<div class=\"bullet-item\" title=\"\"><span class=\"text\">Opti\u010dka luminiscencija<\/span><\/div>\n\t<div id=\"text-2750867319\" class=\"text\">\n\t\t\n<p><strong>Metoda mjerenja<\/strong><\/p>\n\t\t\n<style>\n#text-2750867319 {\n  color: #00bbbb;\n}\n#text-2750867319 > * {\n  color: #00bbbb;\n}\n<\/style>\n\t<\/div>\n\t\n<div class=\"bullet-item\" title=\"\"><span class=\"text\">% (lokalne) saturacije, mg\/l, ppm<\/span><\/div>\n\t<div id=\"text-1046366699\" class=\"text\">\n\t\t\n<p><strong>Jedinice mjere<br \/>\n<\/strong><\/p>\n\t\t\n<style>\n#text-1046366699 {\n  color: #00bbbb;\n}\n#text-1046366699 > * {\n  color: #00bbbb;\n}\n<\/style>\n\t<\/div>\n\t\n    <\/div>\n      <\/div>\n<\/div>\n\n\n\t\t<\/div>\n\t\t\t\t\t<\/div>\n\n\t\n\n\t<div id=\"col-1943312652\" class=\"col medium-6 small-12 large-6\"  >\n\t\t\t\t<div class=\"col-inner\"  >\n\t\t\t\n\t\t\t\n<div class=\"pricing-table-wrapper\">\n  <div class=\"pricing-table ux_price_table text-center box-shadow-3-hover\">\n    <div class=\"pricing-table-header\">\n      <div class=\"title uppercase strong\">TEMPERATURA<\/div>\n      <div class=\"price is-xxlarge\">$99.99<\/div>\n          <\/div>\n    <div class=\"pricing-table-items items\">\n      \n<div class=\"bullet-item tooltip has-hover\" title=\"temperature compensation range for DO mg\/L measurement: -5 to 50 \u00b0C\"><span class=\"text\">-5 to 70 \u00b0C<\/span><span class=\"tag-label bullet-more-info circle\">?<\/span><\/div>\n\t<div id=\"text-1310159641\" class=\"text\">\n\t\t\n<p><strong>Raspon<\/strong><br \/>\n\t\t\n<style>\n#text-1310159641 {\n  color: #00bbbb;\n}\n#text-1310159641 > * {\n  color: #00bbbb;\n}\n<\/style>\n\t<\/div>\n\t\n<div class=\"bullet-item\" title=\"\"><span class=\"text\">\u00b10.2 \u00b0C<\/span><\/div>\n\t<div id=\"text-1176042700\" class=\"text\">\n\t\t\n<p><strong>To\u010dnost mjerenja<\/strong><br \/>\n\t\t\n<style>\n#text-1176042700 {\n  color: #00bbbb;\n}\n#text-1176042700 > * {\n  color: #00bbbb;\n}\n<\/style>\n\t<\/div>\n\t\n<div class=\"bullet-item\" title=\"\"><span class=\"text\">Thermistor<\/span><\/div>\n\t<div id=\"text-869210872\" class=\"text\">\n\t\t\n<p><strong>Metoda mjerenja<\/strong><\/p>\n\t\t\n<style>\n#text-869210872 {\n  color: #00bbbb;\n}\n#text-869210872 > * {\n  color: #00bbbb;\n}\n<\/style>\n\t<\/div>\n\t\n<div class=\"bullet-item\" title=\"\"><span class=\"text\">\u00b0C, \u00b0F, K<\/span><\/div>\n\t<div id=\"text-1347812632\" class=\"text\">\n\t\t\n<p><strong>Jedinice mjere<\/strong><\/p>\n\t\t\n<style>\n#text-1347812632 {\n  color: #00bbbb;\n}\n#text-1347812632 > * {\n  color: #00bbbb;\n}\n<\/style>\n\t<\/div>\n\t\n    <\/div>\n      <\/div>\n<\/div>\n\n\n\t\t<\/div>\n\t\t\t\t\t<\/div>\n\n\t\n<\/div>\n\t<div id=\"gap-1260070822\" class=\"gap-element clearfix\" style=\"display:block; height:auto;\">\n\t\t\n<style>\n#gap-1260070822 {\n  padding-top: 30px;\n}\n<\/style>\n\t<\/div>\n\t\n\t\t<\/div>\n\t\t\t\t\t<\/div>\n\n\t\n\n<style>\n#row-323540567 > .col > .col-inner {\n  padding: 2em 0px 0px 0px;\n}\n<\/style>\n<\/div>\n","protected":false},"excerpt":{"rendered":"<p>ProDIGITAL ODO\/T sonda i sklop kabela imaju integrirane opti\u010dke senzore za mjerenje otopljenog kisika i temperature vode. Sonda je kompatibilna s <a href=\"https:\/\/vode.hr\/proizvod\/digitalni-mjerac-kvalitete-vode-prosolo-ysi\/\">ProSolo<\/a>, <a href=\"https:\/\/vode.hr\/proizvod\/digitalni-mjerac-kvalitete-vode-proswap-ysi\/\">ProSwap<\/a> i <a href=\"https:\/\/vode.hr\/proizvod\/test-proizvod\/\">ProDSS<\/a> ru\u010dnim ure\u0111ajima.<\/p>\n<ul>\n<li>Dostupne duljine kabela od 1 do 100 metara.<\/li>\n<\/ul>\n","protected":false},"featured_media":204,"template":"","meta":[],"product_cat":[112],"product_tag":[296],"class_list":["post-206","product","type-product","status-publish","has-post-thumbnail","hentry","product_cat-senzori-i-kabeli-za-rucne-uredaje-za-mjerenje-kvalitete-vode","product_tag-ysi"],"yoast_head":"<!-- This site is optimized with the Yoast SEO plugin v25.0 - https:\/\/yoast.com\/wordpress\/plugins\/seo\/ -->\n<title>ODO\/T kabelska sonda za DO i temperaturu vode, YSI - Vode.hr<\/title>\n<meta name=\"description\" content=\"ProDIGITAL ODO\/T sonda i sklop kabela imaju integrirane opti\u010dke senzore za mjerenje otopljenog kisika i temperature vode. Sonda je kompatibilna s ProSolo, ProSwap i ProDSS ru\u010dnim ure\u0111ajima.   Dostupne duljine kabela od 1 do 100 metara.\" \/>\n<meta name=\"robots\" content=\"index, follow, max-snippet:-1, max-image-preview:large, max-video-preview:-1\" \/>\n<link rel=\"canonical\" href=\"https:\/\/vode.hr\/bs\/proizvod\/odo-t-sonda-za-otopljeni-kisik-i-temperaturu-vode-ysi\/\" \/>\n<meta property=\"og:locale\" content=\"bs_BA\" \/>\n<meta property=\"og:type\" content=\"article\" \/>\n<meta property=\"og:title\" content=\"ODO\/T kabelska sonda za DO i temperaturu vode, YSI - Vode.hr\" \/>\n<meta property=\"og:description\" content=\"ProDIGITAL ODO\/T sonda i sklop kabela imaju integrirane opti\u010dke senzore za mjerenje otopljenog kisika i temperature vode. Sonda je kompatibilna s ProSolo, ProSwap i ProDSS ru\u010dnim ure\u0111ajima.   Dostupne duljine kabela od 1 do 100 metara.\" \/>\n<meta property=\"og:url\" content=\"https:\/\/vode.hr\/bs\/proizvod\/odo-t-sonda-za-otopljeni-kisik-i-temperaturu-vode-ysi\/\" \/>\n<meta property=\"og:site_name\" content=\"Vode.hr\" \/>\n<meta property=\"article:publisher\" content=\"https:\/\/www.facebook.com\/vode.hr\" \/>\n<meta property=\"article:modified_time\" content=\"2025-10-24T08:58:01+00:00\" \/>\n<meta property=\"og:image\" content=\"http:\/\/vode.hr\/wp-content\/uploads\/2023\/04\/ODOT-sonda-fb.jpg\" \/>\n\t<meta property=\"og:image:width\" content=\"400\" \/>\n\t<meta property=\"og:image:height\" content=\"400\" \/>\n\t<meta property=\"og:image:type\" content=\"image\/jpeg\" \/>\n<meta name=\"twitter:card\" content=\"summary_large_image\" \/>\n<meta name=\"twitter:label1\" content=\"Est. reading time\" \/>\n\t<meta name=\"twitter:data1\" content=\"3 minute\" \/>\n<script type=\"application\/ld+json\" class=\"yoast-schema-graph\">{\"@context\":\"https:\/\/schema.org\",\"@graph\":[{\"@type\":[\"WebPage\",\"ItemPage\"],\"@id\":\"https:\/\/vode.hr\/bs\/proizvod\/odo-t-sonda-za-otopljeni-kisik-i-temperaturu-vode-ysi\/\",\"url\":\"https:\/\/vode.hr\/bs\/proizvod\/odo-t-sonda-za-otopljeni-kisik-i-temperaturu-vode-ysi\/\",\"name\":\"ODO\/T kabelska sonda za DO i temperaturu vode, YSI - Vode.hr\",\"isPartOf\":{\"@id\":\"https:\/\/vode.hr\/bs\/#website\"},\"primaryImageOfPage\":{\"@id\":\"https:\/\/vode.hr\/bs\/proizvod\/odo-t-sonda-za-otopljeni-kisik-i-temperaturu-vode-ysi\/#primaryimage\"},\"image\":{\"@id\":\"https:\/\/vode.hr\/bs\/proizvod\/odo-t-sonda-za-otopljeni-kisik-i-temperaturu-vode-ysi\/#primaryimage\"},\"thumbnailUrl\":\"https:\/\/vode.hr\/wp-content\/uploads\/2023\/04\/ODOT-sonda-1.jpg\",\"datePublished\":\"2023-04-27T10:34:47+00:00\",\"dateModified\":\"2025-10-24T08:58:01+00:00\",\"description\":\"ProDIGITAL ODO\/T sonda i sklop kabela imaju integrirane opti\u010dke senzore za mjerenje otopljenog kisika i temperature vode. Sonda je kompatibilna s ProSolo, ProSwap i ProDSS ru\u010dnim ure\u0111ajima. Dostupne duljine kabela od 1 do 100 metara.\",\"breadcrumb\":{\"@id\":\"https:\/\/vode.hr\/bs\/proizvod\/odo-t-sonda-za-otopljeni-kisik-i-temperaturu-vode-ysi\/#breadcrumb\"},\"inLanguage\":\"bs-BA\",\"potentialAction\":[{\"@type\":\"ReadAction\",\"target\":[\"https:\/\/vode.hr\/bs\/proizvod\/odo-t-sonda-za-otopljeni-kisik-i-temperaturu-vode-ysi\/\"]}]},{\"@type\":\"ImageObject\",\"inLanguage\":\"bs-BA\",\"@id\":\"https:\/\/vode.hr\/bs\/proizvod\/odo-t-sonda-za-otopljeni-kisik-i-temperaturu-vode-ysi\/#primaryimage\",\"url\":\"https:\/\/vode.hr\/wp-content\/uploads\/2023\/04\/ODOT-sonda-1.jpg\",\"contentUrl\":\"https:\/\/vode.hr\/wp-content\/uploads\/2023\/04\/ODOT-sonda-1.jpg\",\"width\":650,\"height\":650},{\"@type\":\"BreadcrumbList\",\"@id\":\"https:\/\/vode.hr\/bs\/proizvod\/odo-t-sonda-za-otopljeni-kisik-i-temperaturu-vode-ysi\/#breadcrumb\",\"itemListElement\":[{\"@type\":\"ListItem\",\"position\":1,\"name\":\"Po\u010detna stranica\",\"item\":\"https:\/\/vode.hr\/bs\/\"},{\"@type\":\"ListItem\",\"position\":2,\"name\":\"Trgovina\",\"item\":\"https:\/\/vode.hr\/trgovina\/\"},{\"@type\":\"ListItem\",\"position\":3,\"name\":\"ODO\/T kabelska sonda za DO i temperaturu vode, YSI\"}]},{\"@type\":\"WebSite\",\"@id\":\"https:\/\/vode.hr\/bs\/#website\",\"url\":\"https:\/\/vode.hr\/bs\/\",\"name\":\"Vode.hr\",\"description\":\"Mjerenje kvalitete voda, dezinfekcija vode i ure\u0111aji za mjerenje uvjeta u okoli\u0161u\",\"publisher\":{\"@id\":\"https:\/\/vode.hr\/bs\/#organization\"},\"potentialAction\":[{\"@type\":\"SearchAction\",\"target\":{\"@type\":\"EntryPoint\",\"urlTemplate\":\"https:\/\/vode.hr\/bs\/?s={search_term_string}\"},\"query-input\":{\"@type\":\"PropertyValueSpecification\",\"valueRequired\":true,\"valueName\":\"search_term_string\"}}],\"inLanguage\":\"bs-BA\"},{\"@type\":\"Organization\",\"@id\":\"https:\/\/vode.hr\/bs\/#organization\",\"name\":\"Primotronic d.o.o.\",\"url\":\"https:\/\/vode.hr\/bs\/\",\"logo\":{\"@type\":\"ImageObject\",\"inLanguage\":\"bs-BA\",\"@id\":\"https:\/\/vode.hr\/bs\/#\/schema\/logo\/image\/\",\"url\":\"http:\/\/vode.hr\/wp-content\/uploads\/2023\/04\/vode-1.png\",\"contentUrl\":\"http:\/\/vode.hr\/wp-content\/uploads\/2023\/04\/vode-1.png\",\"width\":300,\"height\":99,\"caption\":\"Primotronic d.o.o.\"},\"image\":{\"@id\":\"https:\/\/vode.hr\/bs\/#\/schema\/logo\/image\/\"},\"sameAs\":[\"https:\/\/www.facebook.com\/vode.hr\"]}]}<\/script>\n<!-- \/ Yoast SEO plugin. -->","yoast_head_json":{"title":"ODO\/T kabelska sonda za DO i temperaturu vode, YSI - Vode.hr","description":"ProDIGITAL ODO\/T sonda i sklop kabela imaju integrirane opti\u010dke senzore za mjerenje otopljenog kisika i temperature vode. Sonda je kompatibilna s ProSolo, ProSwap i ProDSS ru\u010dnim ure\u0111ajima.   Dostupne duljine kabela od 1 do 100 metara.","robots":{"index":"index","follow":"follow","max-snippet":"max-snippet:-1","max-image-preview":"max-image-preview:large","max-video-preview":"max-video-preview:-1"},"canonical":"https:\/\/vode.hr\/bs\/proizvod\/odo-t-sonda-za-otopljeni-kisik-i-temperaturu-vode-ysi\/","og_locale":"bs_BA","og_type":"article","og_title":"ODO\/T kabelska sonda za DO i temperaturu vode, YSI - Vode.hr","og_description":"ProDIGITAL ODO\/T sonda i sklop kabela imaju integrirane opti\u010dke senzore za mjerenje otopljenog kisika i temperature vode. Sonda je kompatibilna s ProSolo, ProSwap i ProDSS ru\u010dnim ure\u0111ajima.   Dostupne duljine kabela od 1 do 100 metara.","og_url":"https:\/\/vode.hr\/bs\/proizvod\/odo-t-sonda-za-otopljeni-kisik-i-temperaturu-vode-ysi\/","og_site_name":"Vode.hr","article_publisher":"https:\/\/www.facebook.com\/vode.hr","article_modified_time":"2025-10-24T08:58:01+00:00","og_image":[{"width":400,"height":400,"url":"http:\/\/vode.hr\/wp-content\/uploads\/2023\/04\/ODOT-sonda-fb.jpg","type":"image\/jpeg"}],"twitter_card":"summary_large_image","twitter_misc":{"Est. reading time":"3 minute"},"schema":{"@context":"https:\/\/schema.org","@graph":[{"@type":["WebPage","ItemPage"],"@id":"https:\/\/vode.hr\/bs\/proizvod\/odo-t-sonda-za-otopljeni-kisik-i-temperaturu-vode-ysi\/","url":"https:\/\/vode.hr\/bs\/proizvod\/odo-t-sonda-za-otopljeni-kisik-i-temperaturu-vode-ysi\/","name":"ODO\/T kabelska sonda za DO i temperaturu vode, YSI - Vode.hr","isPartOf":{"@id":"https:\/\/vode.hr\/bs\/#website"},"primaryImageOfPage":{"@id":"https:\/\/vode.hr\/bs\/proizvod\/odo-t-sonda-za-otopljeni-kisik-i-temperaturu-vode-ysi\/#primaryimage"},"image":{"@id":"https:\/\/vode.hr\/bs\/proizvod\/odo-t-sonda-za-otopljeni-kisik-i-temperaturu-vode-ysi\/#primaryimage"},"thumbnailUrl":"https:\/\/vode.hr\/wp-content\/uploads\/2023\/04\/ODOT-sonda-1.jpg","datePublished":"2023-04-27T10:34:47+00:00","dateModified":"2025-10-24T08:58:01+00:00","description":"ProDIGITAL ODO\/T sonda i sklop kabela imaju integrirane opti\u010dke senzore za mjerenje otopljenog kisika i temperature vode. Sonda je kompatibilna s ProSolo, ProSwap i ProDSS ru\u010dnim ure\u0111ajima. Dostupne duljine kabela od 1 do 100 metara.","breadcrumb":{"@id":"https:\/\/vode.hr\/bs\/proizvod\/odo-t-sonda-za-otopljeni-kisik-i-temperaturu-vode-ysi\/#breadcrumb"},"inLanguage":"bs-BA","potentialAction":[{"@type":"ReadAction","target":["https:\/\/vode.hr\/bs\/proizvod\/odo-t-sonda-za-otopljeni-kisik-i-temperaturu-vode-ysi\/"]}]},{"@type":"ImageObject","inLanguage":"bs-BA","@id":"https:\/\/vode.hr\/bs\/proizvod\/odo-t-sonda-za-otopljeni-kisik-i-temperaturu-vode-ysi\/#primaryimage","url":"https:\/\/vode.hr\/wp-content\/uploads\/2023\/04\/ODOT-sonda-1.jpg","contentUrl":"https:\/\/vode.hr\/wp-content\/uploads\/2023\/04\/ODOT-sonda-1.jpg","width":650,"height":650},{"@type":"BreadcrumbList","@id":"https:\/\/vode.hr\/bs\/proizvod\/odo-t-sonda-za-otopljeni-kisik-i-temperaturu-vode-ysi\/#breadcrumb","itemListElement":[{"@type":"ListItem","position":1,"name":"Po\u010detna stranica","item":"https:\/\/vode.hr\/bs\/"},{"@type":"ListItem","position":2,"name":"Trgovina","item":"https:\/\/vode.hr\/trgovina\/"},{"@type":"ListItem","position":3,"name":"ODO\/T kabelska sonda za DO i temperaturu vode, YSI"}]},{"@type":"WebSite","@id":"https:\/\/vode.hr\/bs\/#website","url":"https:\/\/vode.hr\/bs\/","name":"Vode.hr","description":"Mjerenje kvalitete voda, dezinfekcija vode i ure\u0111aji za mjerenje uvjeta u okoli\u0161u","publisher":{"@id":"https:\/\/vode.hr\/bs\/#organization"},"potentialAction":[{"@type":"SearchAction","target":{"@type":"EntryPoint","urlTemplate":"https:\/\/vode.hr\/bs\/?s={search_term_string}"},"query-input":{"@type":"PropertyValueSpecification","valueRequired":true,"valueName":"search_term_string"}}],"inLanguage":"bs-BA"},{"@type":"Organization","@id":"https:\/\/vode.hr\/bs\/#organization","name":"Primotronic d.o.o.","url":"https:\/\/vode.hr\/bs\/","logo":{"@type":"ImageObject","inLanguage":"bs-BA","@id":"https:\/\/vode.hr\/bs\/#\/schema\/logo\/image\/","url":"http:\/\/vode.hr\/wp-content\/uploads\/2023\/04\/vode-1.png","contentUrl":"http:\/\/vode.hr\/wp-content\/uploads\/2023\/04\/vode-1.png","width":300,"height":99,"caption":"Primotronic d.o.o."},"image":{"@id":"https:\/\/vode.hr\/bs\/#\/schema\/logo\/image\/"},"sameAs":["https:\/\/www.facebook.com\/vode.hr"]}]}},"_links":{"self":[{"href":"https:\/\/vode.hr\/bs\/wp-json\/wp\/v2\/product\/206"}],"collection":[{"href":"https:\/\/vode.hr\/bs\/wp-json\/wp\/v2\/product"}],"about":[{"href":"https:\/\/vode.hr\/bs\/wp-json\/wp\/v2\/types\/product"}],"wp:featuredmedia":[{"embeddable":true,"href":"https:\/\/vode.hr\/bs\/wp-json\/wp\/v2\/media\/204"}],"wp:attachment":[{"href":"https:\/\/vode.hr\/bs\/wp-json\/wp\/v2\/media?parent=206"}],"wp:term":[{"taxonomy":"product_cat","embeddable":true,"href":"https:\/\/vode.hr\/bs\/wp-json\/wp\/v2\/product_cat?post=206"},{"taxonomy":"product_tag","embeddable":true,"href":"https:\/\/vode.hr\/bs\/wp-json\/wp\/v2\/product_tag?post=206"}],"curies":[{"name":"wp","href":"https:\/\/api.w.org\/{rel}","templated":true}]}}