{"id":389,"date":"2023-05-03T12:27:28","date_gmt":"2023-05-03T10:27:28","guid":{"rendered":"https:\/\/vode.hr\/?post_type=product&#038;p=389"},"modified":"2025-10-24T10:57:59","modified_gmt":"2025-10-24T08:57:59","slug":"senzor-amonijaka-za-exo-sonde-ysi","status":"publish","type":"product","link":"https:\/\/vode.hr\/bs\/proizvod\/senzor-amonijaka-za-exo-sonde-ysi\/","title":{"rendered":"Senzor amonijaka za EXO sonde, YSI"},"content":{"rendered":"<div class=\"row\"  id=\"row-740687101\">\n\n\t<div id=\"col-651286801\" class=\"col small-12 large-12\"  >\n\t\t\t\t<div class=\"col-inner\"  >\n\t\t\t\n\t\t\t\n\t<div id=\"text-1592933928\" class=\"text\">\n\t\t\n<h2>Plug-and-play senzor za mjerenje amonijaka<\/h2>\n\t\t\n<style>\n#text-1592933928 {\n  font-size: 1.3rem;\n  text-align: center;\n}\n<\/style>\n\t<\/div>\n\t\n\t<div id=\"text-4192002166\" class=\"text\">\n\t\t\n<p class=\"lead\">Vrlo precizan senzor s brzim odzivom u malom paketu koji se lako postavlja i odr\u017eava<\/p>\n\t\t\n<style>\n#text-4192002166 {\n  font-size: 0.9rem;\n  text-align: center;\n}\n<\/style>\n\t<\/div>\n\t\n\t\t<\/div>\n\t\t\t\t\t<\/div>\n\n\t\n\n<style>\n#row-740687101 > .col > .col-inner {\n  padding: 3em 0px 0px 0px;\n}\n<\/style>\n<\/div>\n\t<section class=\"section\" id=\"section_2053736245\">\n\t\t<div class=\"bg section-bg fill bg-fill  bg-loaded\" >\n\n\t\t\t\n\t\t\t\n\t\t\t\n\n\t\t<\/div>\n\n\t\t\n\n\t\t<div class=\"section-content relative\">\n\t\t\t\n<div class=\"row align-middle\"  id=\"row-1517024160\">\n\n\t<div id=\"col-1983023907\" class=\"col medium-6 small-12 large-6\"  >\n\t\t\t\t<div class=\"col-inner text-left\"  >\n\t\t\t\n\t\t\t\n\t<div id=\"text-1888239020\" class=\"text\">\n\t\t\n<h2>Pametno uzorkovanje amonijaka u vodi<\/h2>\n\t\t\n<style>\n#text-1888239020 {\n  text-align: center;\n}\n@media (min-width:550px) {\n  #text-1888239020 {\n    text-align: left;\n  }\n}\n<\/style>\n\t<\/div>\n\t\n<div class=\"is-divider divider clearfix\" style=\"max-width:100%;\"><\/div>\n<p>EXO za\u0161ti\u0107eni amonijev ISE (ionsko selektivna elektroda) je digitalni pametni senzor koji ima zavarenu konstrukciju od titana i konektore koji se mogu spojiti u vla\u017enom stanju. Potpuna kalibracija za manje od 15 minuta pomo\u0107u EXO paketa pametnih senzora i intuitivnog Kor softvera.<\/p>\n<p>Napomena: Namijenjeno za aplikacije uzorkovanja. Nije za kori\u0161tenje u EXO sustavu s instaliranim sredi\u0161njim brisa\u010dem.<\/p>\n<ul>\n<li>Mjeri NH4 u slatkim vodama<\/li>\n<li>Dubine ne smiju prelaziti 17 metara ili 25 psi<\/li>\n<\/ul>\n<h3>Kompaktan i precizan<\/h3>\n<p>EXO platforma nudi potpuno novi pristup &#8211; vrlo precizne senzore s brzim odzivom u malom paketu koji se lako postavlja i odr\u017eava. Nestali su veliki i komplicirani senzorski rasporedi koji zahtijevaju slo\u017eenu integraciju.<\/p>\n<h3>Pametni priklju\u010dci<\/h3>\n<p>Priklju\u010dci za mokro spajanje omogu\u0107uju zamjenu u vla\u017enim uvjetima, dok pametni priklju\u010dci isklju\u010duju sve prekomjernu potro\u0161nju struje kako bi sprije\u010dili o\u0161te\u0107enje.<\/p>\n\t\t<\/div>\n\t\t\t\t\n<style>\n#col-1983023907 > .col-inner {\n  padding: 2em 1em 0px 1em;\n}\n@media (min-width:550px) {\n  #col-1983023907 > .col-inner {\n    padding: 0px 0px 0px 2em;\n  }\n}\n<\/style>\n\t<\/div>\n\n\t\n\n\t<div id=\"col-1388262511\" class=\"col medium-6 small-12 large-6\"  >\n\t\t\t\t<div class=\"col-inner\"  >\n\t\t\t\n\t\t\t\n\t<div class=\"img has-hover x md-x lg-x y md-y lg-y\" id=\"image_687195192\">\n\t\t\t\t\t\t\t\t<div class=\"img-inner dark\" style=\"margin:0px 0px 0px 0px;\">\n\t\t\t<img loading=\"lazy\" decoding=\"async\" width=\"600\" height=\"600\" src=\"https:\/\/vode.hr\/wp-content\/uploads\/2023\/05\/Exo-intro-pozadina1.jpg\" class=\"attachment-original size-original\" alt=\"\" srcset=\"https:\/\/vode.hr\/wp-content\/uploads\/2023\/05\/Exo-intro-pozadina1.jpg 600w, https:\/\/vode.hr\/wp-content\/uploads\/2023\/05\/Exo-intro-pozadina1-300x300.jpg 300w, https:\/\/vode.hr\/wp-content\/uploads\/2023\/05\/Exo-intro-pozadina1-150x150.jpg 150w, https:\/\/vode.hr\/wp-content\/uploads\/2023\/05\/Exo-intro-pozadina1-370x370.jpg 370w, https:\/\/vode.hr\/wp-content\/uploads\/2023\/05\/Exo-intro-pozadina1-100x100.jpg 100w\" sizes=\"(max-width: 600px) 100vw, 600px\" \/>\t\t\t\t\t\t\n\t\t\t\t\t<\/div>\n\t\t\t\t\t\t\t\t\n<style>\n#image_687195192 {\n  width: 100%;\n}\n<\/style>\n\t<\/div>\n\t\n\t\t<\/div>\n\t\t\t\t\t<\/div>\n\n\t\n<\/div>\n\t\t<\/div>\n\n\t\t\n<style>\n#section_2053736245 {\n  padding-top: 0px;\n  padding-bottom: 0px;\n  background-color: rgb(221, 239, 239);\n}\n<\/style>\n\t<\/section>\n\t\n<div class=\"row\"  id=\"row-1108302637\">\n\n\t<div id=\"col-968824316\" class=\"col medium-6 small-12 large-6\"  >\n\t\t\t\t<div class=\"col-inner\"  >\n\t\t\t\n\t\t\t\n\t<div class=\"img has-hover x md-x lg-x y md-y lg-y\" id=\"image_1911689001\">\n\t\t\t\t\t\t\t\t<div class=\"img-inner dark\" >\n\t\t\t<img loading=\"lazy\" decoding=\"async\" width=\"650\" height=\"650\" src=\"https:\/\/vode.hr\/wp-content\/uploads\/2023\/05\/Senzor-amonijaka-za-EXO-sonde-1007-0.jpg\" class=\"attachment-original size-original\" alt=\"\" srcset=\"https:\/\/vode.hr\/wp-content\/uploads\/2023\/05\/Senzor-amonijaka-za-EXO-sonde-1007-0.jpg 650w, https:\/\/vode.hr\/wp-content\/uploads\/2023\/05\/Senzor-amonijaka-za-EXO-sonde-1007-0-300x300.jpg 300w, https:\/\/vode.hr\/wp-content\/uploads\/2023\/05\/Senzor-amonijaka-za-EXO-sonde-1007-0-150x150.jpg 150w, https:\/\/vode.hr\/wp-content\/uploads\/2023\/05\/Senzor-amonijaka-za-EXO-sonde-1007-0-370x370.jpg 370w, https:\/\/vode.hr\/wp-content\/uploads\/2023\/05\/Senzor-amonijaka-za-EXO-sonde-1007-0-100x100.jpg 100w\" sizes=\"(max-width: 650px) 100vw, 650px\" \/>\t\t\t\t\t\t\n\t\t\t\t\t<\/div>\n\t\t\t\t\t\t\t\t\n<style>\n#image_1911689001 {\n  width: 100%;\n}\n<\/style>\n\t<\/div>\n\t\n\t\t<\/div>\n\t\t\t\t\t<\/div>\n\n\t\n\n\t<div id=\"col-995823613\" class=\"col medium-6 small-12 large-6 small-col-first\"  >\n\t\t\t\t<div class=\"col-inner\"  >\n\t\t\t\n\t\t\t\n\t<div id=\"text-3500019294\" class=\"text\">\n\t\t\n<h2>EXO Pametne sonde<\/h2>\n\t\t\n<style>\n#text-3500019294 {\n  text-align: center;\n}\n@media (min-width:550px) {\n  #text-3500019294 {\n    text-align: left;\n  }\n}\n<\/style>\n\t<\/div>\n\t\n<div class=\"is-divider divider clearfix\" style=\"max-width:100%;\"><\/div>\n<p>Svi EXO senzori imaju ugra\u0111enu memoriju i obradu, \u0161to korisnicima omogu\u0107uje jednostavnu kalibraciju i konfiguraciju senzora na jednom mjestu i distribuciju na razli\u010dita terenska mjesta. Pametni senzori se automatski prepoznaju iz bilo kojeg priklju\u010dka EXO sonde, \u010dine\u0107i senzore me\u0111usobno zamjenjivim i potpuno prilagodljivim.<\/p>\n\t<div id=\"gap-1518473551\" class=\"gap-element clearfix\" style=\"display:block; height:auto;\">\n\t\t\n<style>\n#gap-1518473551 {\n  padding-top: 30px;\n}\n<\/style>\n\t<\/div>\n\t\n<div class=\"row row-dashed\"  id=\"row-1397196294\">\n\n\t<div id=\"col-1192561512\" class=\"col small-12 large-12\"  >\n\t\t\t\t<div class=\"col-inner\"  >\n\t\t\t\n\t\t\t\n<div class=\"pricing-table-wrapper\">\n  <div class=\"pricing-table ux_price_table text-center box-shadow-3-hover\">\n    <div class=\"pricing-table-header\">\n      <div class=\"title uppercase strong\">Amonijak<\/div>\n      <div class=\"price is-xxlarge\">0<\/div>\n          <\/div>\n    <div class=\"pricing-table-items items\">\n      \n<div class=\"bullet-item\" title=\"\"><span class=\"text\">T63&lt;30 sec<\/span><\/div>\n\t<div id=\"text-783485230\" class=\"text\">\n\t\t\n<p><strong>Vrijeme odziva<\/strong><br \/>\n\t\t\n<style>\n#text-783485230 {\n  color: #00bbbb;\n}\n#text-783485230 > * {\n  color: #00bbbb;\n}\n<\/style>\n\t<\/div>\n\t\n<div class=\"bullet-item tooltip has-hover\" title=\"\u0161to god je ve\u0107e\"><span class=\"text\">\u00b110% o\u010ditanja ili 2 mg\/L-N<\/span><span class=\"tag-label bullet-more-info circle\">?<\/span><\/div>\n\t<div id=\"text-2098045013\" class=\"text\">\n\t\t\n<p><strong>To\u010dnost mjerenja<\/strong><br \/>\n\t\t\n<style>\n#text-2098045013 {\n  color: #00bbbb;\n}\n#text-2098045013 > * {\n  color: #00bbbb;\n}\n<\/style>\n\t<\/div>\n\t\n<div class=\"bullet-item\" title=\"\"><span class=\"text\">Slatkovodno mjerenje<\/span><\/div>\n\t<div id=\"text-1804172163\" class=\"text\">\n\t\t\n<p><strong>Medij<\/strong><br \/>\n\t\t\n<style>\n#text-1804172163 {\n  color: #00bbbb;\n}\n#text-1804172163 > * {\n  color: #00bbbb;\n}\n<\/style>\n\t<\/div>\n\t\n<div class=\"bullet-item\" title=\"\"><span class=\"text\">mg\/L-N, millivolts<\/span><\/div>\n\t<div id=\"text-162472575\" class=\"text\">\n\t\t\n<p><strong>Jedinice mjere<br \/>\n<\/strong><br \/>\n\t\t\n<style>\n#text-162472575 {\n  color: #00bbbb;\n}\n#text-162472575 > * {\n  color: #00bbbb;\n}\n<\/style>\n\t<\/div>\n\t\n    <\/div>\n      <\/div>\n<\/div>\n\n\n\t\t<\/div>\n\t\t\t\t\t<\/div>\n\n\t\n<\/div>\n\t<div id=\"gap-1598106245\" class=\"gap-element clearfix\" style=\"display:block; height:auto;\">\n\t\t\n<style>\n#gap-1598106245 {\n  padding-top: 30px;\n}\n<\/style>\n\t<\/div>\n\t\n\t\t<\/div>\n\t\t\t\t\t<\/div>\n\n\t\n\n<style>\n#row-1108302637 > .col > .col-inner {\n  padding: 2em 0px 0px 0px;\n}\n<\/style>\n<\/div>\n","protected":false},"excerpt":{"rendered":"<p>Smart senzor za mjerenje prisutnosti amonijaka u slatkim vodama. Kompatibilan je s YSI Exo1 i Exo2 sondama za mjerenje kvalitete vode (bez upotrebe brisa\u010da senzora).<\/p>\n<ul>\n<li>ku\u0107i\u0161te od titana<\/li>\n<li>konektor mokrog spoja<\/li>\n<li>upotreba na max dubini 17 metara<\/li>\n<\/ul>\n","protected":false},"featured_media":397,"template":"","meta":[],"product_cat":[97],"product_tag":[117,296],"class_list":["post-389","product","type-product","status-publish","has-post-thumbnail","hentry","product_cat-senzori-za-viseparametarske-sonde-za-mjerenje-kvalitete-vode","product_tag-exo2","product_tag-ysi"],"yoast_head":"<!-- This site is optimized with the Yoast SEO plugin v25.0 - https:\/\/yoast.com\/wordpress\/plugins\/seo\/ -->\n<title>Senzor amonijaka za EXO sonde, YSI - Vode.hr<\/title>\n<meta name=\"description\" content=\"Smart senzor za mjerenje prisutnosti amonijaka u slatkim vodama. Kompatibilan je s YSI Exo1 i Exo2 sondama za mjerenje kvalitete vode (bez upotrebe brisa\u010da senzora).   ku\u0107i\u0161te od titana  konektor mokrog spoja  upotreba na max dubini 17 metara\" \/>\n<meta name=\"robots\" content=\"index, follow, max-snippet:-1, max-image-preview:large, max-video-preview:-1\" \/>\n<link rel=\"canonical\" href=\"https:\/\/vode.hr\/bs\/proizvod\/senzor-amonijaka-za-exo-sonde-ysi\/\" \/>\n<meta property=\"og:locale\" content=\"bs_BA\" \/>\n<meta property=\"og:type\" content=\"article\" \/>\n<meta property=\"og:title\" content=\"Senzor amonijaka za EXO sonde, YSI - Vode.hr\" \/>\n<meta property=\"og:description\" content=\"Smart senzor za mjerenje prisutnosti amonijaka u slatkim vodama. Kompatibilan je s YSI Exo1 i Exo2 sondama za mjerenje kvalitete vode (bez upotrebe brisa\u010da senzora).   ku\u0107i\u0161te od titana  konektor mokrog spoja  upotreba na max dubini 17 metara\" \/>\n<meta property=\"og:url\" content=\"https:\/\/vode.hr\/bs\/proizvod\/senzor-amonijaka-za-exo-sonde-ysi\/\" \/>\n<meta property=\"og:site_name\" content=\"Vode.hr\" \/>\n<meta property=\"article:publisher\" content=\"https:\/\/www.facebook.com\/vode.hr\" \/>\n<meta property=\"article:modified_time\" content=\"2025-10-24T08:57:59+00:00\" \/>\n<meta property=\"og:image\" content=\"http:\/\/vode.hr\/wp-content\/uploads\/2023\/04\/ODOT-sonda-fb.jpg\" \/>\n\t<meta property=\"og:image:width\" content=\"400\" \/>\n\t<meta property=\"og:image:height\" content=\"400\" \/>\n\t<meta property=\"og:image:type\" content=\"image\/jpeg\" \/>\n<meta name=\"twitter:card\" content=\"summary_large_image\" \/>\n<meta name=\"twitter:label1\" content=\"Est. reading time\" \/>\n\t<meta name=\"twitter:data1\" content=\"2 minute\" \/>\n<script type=\"application\/ld+json\" class=\"yoast-schema-graph\">{\"@context\":\"https:\/\/schema.org\",\"@graph\":[{\"@type\":[\"WebPage\",\"ItemPage\"],\"@id\":\"https:\/\/vode.hr\/bs\/proizvod\/senzor-amonijaka-za-exo-sonde-ysi\/\",\"url\":\"https:\/\/vode.hr\/bs\/proizvod\/senzor-amonijaka-za-exo-sonde-ysi\/\",\"name\":\"Senzor amonijaka za EXO sonde, YSI - Vode.hr\",\"isPartOf\":{\"@id\":\"https:\/\/vode.hr\/bs\/#website\"},\"primaryImageOfPage\":{\"@id\":\"https:\/\/vode.hr\/bs\/proizvod\/senzor-amonijaka-za-exo-sonde-ysi\/#primaryimage\"},\"image\":{\"@id\":\"https:\/\/vode.hr\/bs\/proizvod\/senzor-amonijaka-za-exo-sonde-ysi\/#primaryimage\"},\"thumbnailUrl\":\"https:\/\/vode.hr\/wp-content\/uploads\/2023\/05\/Senzor-amonijaka-za-EXO-sonde-1007-0.jpg\",\"datePublished\":\"2023-05-03T10:27:28+00:00\",\"dateModified\":\"2025-10-24T08:57:59+00:00\",\"description\":\"Smart senzor za mjerenje prisutnosti amonijaka u slatkim vodama. Kompatibilan je s YSI Exo1 i Exo2 sondama za mjerenje kvalitete vode (bez upotrebe brisa\u010da senzora). ku\u0107i\u0161te od titana konektor mokrog spoja upotreba na max dubini 17 metara\",\"breadcrumb\":{\"@id\":\"https:\/\/vode.hr\/bs\/proizvod\/senzor-amonijaka-za-exo-sonde-ysi\/#breadcrumb\"},\"inLanguage\":\"bs-BA\",\"potentialAction\":[{\"@type\":\"ReadAction\",\"target\":[\"https:\/\/vode.hr\/bs\/proizvod\/senzor-amonijaka-za-exo-sonde-ysi\/\"]}]},{\"@type\":\"ImageObject\",\"inLanguage\":\"bs-BA\",\"@id\":\"https:\/\/vode.hr\/bs\/proizvod\/senzor-amonijaka-za-exo-sonde-ysi\/#primaryimage\",\"url\":\"https:\/\/vode.hr\/wp-content\/uploads\/2023\/05\/Senzor-amonijaka-za-EXO-sonde-1007-0.jpg\",\"contentUrl\":\"https:\/\/vode.hr\/wp-content\/uploads\/2023\/05\/Senzor-amonijaka-za-EXO-sonde-1007-0.jpg\",\"width\":650,\"height\":650},{\"@type\":\"BreadcrumbList\",\"@id\":\"https:\/\/vode.hr\/bs\/proizvod\/senzor-amonijaka-za-exo-sonde-ysi\/#breadcrumb\",\"itemListElement\":[{\"@type\":\"ListItem\",\"position\":1,\"name\":\"Po\u010detna stranica\",\"item\":\"https:\/\/vode.hr\/bs\/\"},{\"@type\":\"ListItem\",\"position\":2,\"name\":\"Trgovina\",\"item\":\"https:\/\/vode.hr\/trgovina\/\"},{\"@type\":\"ListItem\",\"position\":3,\"name\":\"Senzor amonijaka za EXO sonde, YSI\"}]},{\"@type\":\"WebSite\",\"@id\":\"https:\/\/vode.hr\/bs\/#website\",\"url\":\"https:\/\/vode.hr\/bs\/\",\"name\":\"Vode.hr\",\"description\":\"Mjerenje kvalitete voda, dezinfekcija vode i ure\u0111aji za mjerenje uvjeta u okoli\u0161u\",\"publisher\":{\"@id\":\"https:\/\/vode.hr\/bs\/#organization\"},\"potentialAction\":[{\"@type\":\"SearchAction\",\"target\":{\"@type\":\"EntryPoint\",\"urlTemplate\":\"https:\/\/vode.hr\/bs\/?s={search_term_string}\"},\"query-input\":{\"@type\":\"PropertyValueSpecification\",\"valueRequired\":true,\"valueName\":\"search_term_string\"}}],\"inLanguage\":\"bs-BA\"},{\"@type\":\"Organization\",\"@id\":\"https:\/\/vode.hr\/bs\/#organization\",\"name\":\"Primotronic d.o.o.\",\"url\":\"https:\/\/vode.hr\/bs\/\",\"logo\":{\"@type\":\"ImageObject\",\"inLanguage\":\"bs-BA\",\"@id\":\"https:\/\/vode.hr\/bs\/#\/schema\/logo\/image\/\",\"url\":\"http:\/\/vode.hr\/wp-content\/uploads\/2023\/04\/vode-1.png\",\"contentUrl\":\"http:\/\/vode.hr\/wp-content\/uploads\/2023\/04\/vode-1.png\",\"width\":300,\"height\":99,\"caption\":\"Primotronic d.o.o.\"},\"image\":{\"@id\":\"https:\/\/vode.hr\/bs\/#\/schema\/logo\/image\/\"},\"sameAs\":[\"https:\/\/www.facebook.com\/vode.hr\"]}]}<\/script>\n<!-- \/ Yoast SEO plugin. -->","yoast_head_json":{"title":"Senzor amonijaka za EXO sonde, YSI - Vode.hr","description":"Smart senzor za mjerenje prisutnosti amonijaka u slatkim vodama. Kompatibilan je s YSI Exo1 i Exo2 sondama za mjerenje kvalitete vode (bez upotrebe brisa\u010da senzora).   ku\u0107i\u0161te od titana  konektor mokrog spoja  upotreba na max dubini 17 metara","robots":{"index":"index","follow":"follow","max-snippet":"max-snippet:-1","max-image-preview":"max-image-preview:large","max-video-preview":"max-video-preview:-1"},"canonical":"https:\/\/vode.hr\/bs\/proizvod\/senzor-amonijaka-za-exo-sonde-ysi\/","og_locale":"bs_BA","og_type":"article","og_title":"Senzor amonijaka za EXO sonde, YSI - Vode.hr","og_description":"Smart senzor za mjerenje prisutnosti amonijaka u slatkim vodama. Kompatibilan je s YSI Exo1 i Exo2 sondama za mjerenje kvalitete vode (bez upotrebe brisa\u010da senzora).   ku\u0107i\u0161te od titana  konektor mokrog spoja  upotreba na max dubini 17 metara","og_url":"https:\/\/vode.hr\/bs\/proizvod\/senzor-amonijaka-za-exo-sonde-ysi\/","og_site_name":"Vode.hr","article_publisher":"https:\/\/www.facebook.com\/vode.hr","article_modified_time":"2025-10-24T08:57:59+00:00","og_image":[{"width":400,"height":400,"url":"http:\/\/vode.hr\/wp-content\/uploads\/2023\/04\/ODOT-sonda-fb.jpg","type":"image\/jpeg"}],"twitter_card":"summary_large_image","twitter_misc":{"Est. reading time":"2 minute"},"schema":{"@context":"https:\/\/schema.org","@graph":[{"@type":["WebPage","ItemPage"],"@id":"https:\/\/vode.hr\/bs\/proizvod\/senzor-amonijaka-za-exo-sonde-ysi\/","url":"https:\/\/vode.hr\/bs\/proizvod\/senzor-amonijaka-za-exo-sonde-ysi\/","name":"Senzor amonijaka za EXO sonde, YSI - Vode.hr","isPartOf":{"@id":"https:\/\/vode.hr\/bs\/#website"},"primaryImageOfPage":{"@id":"https:\/\/vode.hr\/bs\/proizvod\/senzor-amonijaka-za-exo-sonde-ysi\/#primaryimage"},"image":{"@id":"https:\/\/vode.hr\/bs\/proizvod\/senzor-amonijaka-za-exo-sonde-ysi\/#primaryimage"},"thumbnailUrl":"https:\/\/vode.hr\/wp-content\/uploads\/2023\/05\/Senzor-amonijaka-za-EXO-sonde-1007-0.jpg","datePublished":"2023-05-03T10:27:28+00:00","dateModified":"2025-10-24T08:57:59+00:00","description":"Smart senzor za mjerenje prisutnosti amonijaka u slatkim vodama. Kompatibilan je s YSI Exo1 i Exo2 sondama za mjerenje kvalitete vode (bez upotrebe brisa\u010da senzora). ku\u0107i\u0161te od titana konektor mokrog spoja upotreba na max dubini 17 metara","breadcrumb":{"@id":"https:\/\/vode.hr\/bs\/proizvod\/senzor-amonijaka-za-exo-sonde-ysi\/#breadcrumb"},"inLanguage":"bs-BA","potentialAction":[{"@type":"ReadAction","target":["https:\/\/vode.hr\/bs\/proizvod\/senzor-amonijaka-za-exo-sonde-ysi\/"]}]},{"@type":"ImageObject","inLanguage":"bs-BA","@id":"https:\/\/vode.hr\/bs\/proizvod\/senzor-amonijaka-za-exo-sonde-ysi\/#primaryimage","url":"https:\/\/vode.hr\/wp-content\/uploads\/2023\/05\/Senzor-amonijaka-za-EXO-sonde-1007-0.jpg","contentUrl":"https:\/\/vode.hr\/wp-content\/uploads\/2023\/05\/Senzor-amonijaka-za-EXO-sonde-1007-0.jpg","width":650,"height":650},{"@type":"BreadcrumbList","@id":"https:\/\/vode.hr\/bs\/proizvod\/senzor-amonijaka-za-exo-sonde-ysi\/#breadcrumb","itemListElement":[{"@type":"ListItem","position":1,"name":"Po\u010detna stranica","item":"https:\/\/vode.hr\/bs\/"},{"@type":"ListItem","position":2,"name":"Trgovina","item":"https:\/\/vode.hr\/trgovina\/"},{"@type":"ListItem","position":3,"name":"Senzor amonijaka za EXO sonde, YSI"}]},{"@type":"WebSite","@id":"https:\/\/vode.hr\/bs\/#website","url":"https:\/\/vode.hr\/bs\/","name":"Vode.hr","description":"Mjerenje kvalitete voda, dezinfekcija vode i ure\u0111aji za mjerenje uvjeta u okoli\u0161u","publisher":{"@id":"https:\/\/vode.hr\/bs\/#organization"},"potentialAction":[{"@type":"SearchAction","target":{"@type":"EntryPoint","urlTemplate":"https:\/\/vode.hr\/bs\/?s={search_term_string}"},"query-input":{"@type":"PropertyValueSpecification","valueRequired":true,"valueName":"search_term_string"}}],"inLanguage":"bs-BA"},{"@type":"Organization","@id":"https:\/\/vode.hr\/bs\/#organization","name":"Primotronic d.o.o.","url":"https:\/\/vode.hr\/bs\/","logo":{"@type":"ImageObject","inLanguage":"bs-BA","@id":"https:\/\/vode.hr\/bs\/#\/schema\/logo\/image\/","url":"http:\/\/vode.hr\/wp-content\/uploads\/2023\/04\/vode-1.png","contentUrl":"http:\/\/vode.hr\/wp-content\/uploads\/2023\/04\/vode-1.png","width":300,"height":99,"caption":"Primotronic d.o.o."},"image":{"@id":"https:\/\/vode.hr\/bs\/#\/schema\/logo\/image\/"},"sameAs":["https:\/\/www.facebook.com\/vode.hr"]}]}},"_links":{"self":[{"href":"https:\/\/vode.hr\/bs\/wp-json\/wp\/v2\/product\/389"}],"collection":[{"href":"https:\/\/vode.hr\/bs\/wp-json\/wp\/v2\/product"}],"about":[{"href":"https:\/\/vode.hr\/bs\/wp-json\/wp\/v2\/types\/product"}],"wp:featuredmedia":[{"embeddable":true,"href":"https:\/\/vode.hr\/bs\/wp-json\/wp\/v2\/media\/397"}],"wp:attachment":[{"href":"https:\/\/vode.hr\/bs\/wp-json\/wp\/v2\/media?parent=389"}],"wp:term":[{"taxonomy":"product_cat","embeddable":true,"href":"https:\/\/vode.hr\/bs\/wp-json\/wp\/v2\/product_cat?post=389"},{"taxonomy":"product_tag","embeddable":true,"href":"https:\/\/vode.hr\/bs\/wp-json\/wp\/v2\/product_tag?post=389"}],"curies":[{"name":"wp","href":"https:\/\/api.w.org\/{rel}","templated":true}]}}