{"id":418,"date":"2023-05-03T17:10:56","date_gmt":"2023-05-03T15:10:56","guid":{"rendered":"https:\/\/vode.hr\/?post_type=product&#038;p=418"},"modified":"2025-10-24T10:57:59","modified_gmt":"2025-10-24T08:57:59","slug":"bezicni-komunikacijski-uredaj-za-exo-sonde-exo-go-ysi","status":"publish","type":"product","link":"https:\/\/vode.hr\/bs\/proizvod\/bezicni-komunikacijski-uredaj-za-exo-sonde-exo-go-ysi\/","title":{"rendered":"Be\u017ei\u010dni komunikacijski ure\u0111aj za EXO sonde &#8220;EXO GO&#8221;, YSI"},"content":{"rendered":"<div class=\"row\"  id=\"row-11399954\">\n\n\t<div id=\"col-981469897\" class=\"col small-12 large-12\"  >\n\t\t\t\t<div class=\"col-inner\"  >\n\t\t\t\n\t\t\t\n\t<div id=\"text-2329076525\" class=\"text\">\n\t\t\n<h2>Portal izme\u0111u bilo kojeg Windows ure\u0111aja i uronjene EXO sonde<\/h2>\n\t\t\n<style>\n#text-2329076525 {\n  font-size: 1.3rem;\n  text-align: center;\n}\n<\/style>\n\t<\/div>\n\t\n\t<div id=\"text-1298868416\" class=\"text\">\n\t\t\n<p class=\"lead\">Prenosivost EXO GO-a osloba\u0111a va\u0161e ruke na terenu. GPS koordinate i barometarski tlak na licu mjesta gledaju se putem najnovijeg KorEXO softvera.<\/p>\n\t\t\n<style>\n#text-1298868416 {\n  font-size: 0.9rem;\n  text-align: center;\n}\n<\/style>\n\t<\/div>\n\t\n\t\t<\/div>\n\t\t\t\t\t<\/div>\n\n\t\n\n<style>\n#row-11399954 > .col > .col-inner {\n  padding: 3em 0px 0px 0px;\n}\n<\/style>\n<\/div>\n<div class=\"row align-middle\"  id=\"row-1730291845\">\n\n\t<div id=\"col-30058003\" class=\"col medium-6 small-12 large-6\"  >\n\t\t\t\t<div class=\"col-inner\"  >\n\t\t\t\n\t\t\t\n\t<div id=\"text-916980677\" class=\"text\">\n\t\t\n<h2>Mobilni nadzor podataka<\/h2>\n\t\t\n<style>\n#text-916980677 {\n  text-align: center;\n}\n<\/style>\n\t<\/div>\n\t\n<div class=\"is-divider divider clearfix\" style=\"max-width:100%;\"><\/div>\n<div>EXO GO koristi Bluetooth za povezivanje bilo kojeg Windows ure\u0111aja s uronjenom EXO sondom. Prenosivost ure\u0111aja osloba\u0111a va\u0161e ruke na terenu. GPS koordinate i barometarski tlak na licu mjesta gledaju se putem najnovijeg KorEXO softvera koji radi na prijenosnim ra\u010dunalima i tabletima. Ure\u0111aj ima IP-67 ocjenu i vrlo je robustan kako bi izdr\u017eao padove i doticaj s vodom.<\/div>\n\t<div id=\"gap-1443358318\" class=\"gap-element clearfix\" style=\"display:block; height:auto;\">\n\t\t\n<style>\n#gap-1443358318 {\n  padding-top: 30px;\n}\n<\/style>\n\t<\/div>\n\t\n\t<div id=\"gap-1572123893\" class=\"gap-element clearfix\" style=\"display:block; height:auto;\">\n\t\t\n<style>\n#gap-1572123893 {\n  padding-top: 30px;\n}\n<\/style>\n\t<\/div>\n\t\n\t\t<\/div>\n\t\t\t\t\t<\/div>\n\n\t\n\n\t<div id=\"col-2036142922\" class=\"col medium-6 small-12 large-6\"  >\n\t\t\t\t<div class=\"col-inner\"  >\n\t\t\t\n\t\t\t\n\t<div class=\"img has-hover x md-x lg-x y md-y lg-y\" id=\"image_1317513527\">\n\t\t\t\t\t\t\t\t<div class=\"img-inner dark\" >\n\t\t\t<img loading=\"lazy\" decoding=\"async\" width=\"650\" height=\"650\" src=\"https:\/\/vode.hr\/wp-content\/uploads\/2023\/05\/Bezicni-komunikacijski-uredaj-za-EXO-sonde-EXO-GO-1005-6.jpg\" class=\"attachment-original size-original\" alt=\"\" srcset=\"https:\/\/vode.hr\/wp-content\/uploads\/2023\/05\/Bezicni-komunikacijski-uredaj-za-EXO-sonde-EXO-GO-1005-6.jpg 650w, https:\/\/vode.hr\/wp-content\/uploads\/2023\/05\/Bezicni-komunikacijski-uredaj-za-EXO-sonde-EXO-GO-1005-6-300x300.jpg 300w, https:\/\/vode.hr\/wp-content\/uploads\/2023\/05\/Bezicni-komunikacijski-uredaj-za-EXO-sonde-EXO-GO-1005-6-150x150.jpg 150w, https:\/\/vode.hr\/wp-content\/uploads\/2023\/05\/Bezicni-komunikacijski-uredaj-za-EXO-sonde-EXO-GO-1005-6-370x370.jpg 370w, https:\/\/vode.hr\/wp-content\/uploads\/2023\/05\/Bezicni-komunikacijski-uredaj-za-EXO-sonde-EXO-GO-1005-6-100x100.jpg 100w\" sizes=\"(max-width: 650px) 100vw, 650px\" \/>\t\t\t\t\t\t\n\t\t\t\t\t<\/div>\n\t\t\t\t\t\t\t\t\n<style>\n#image_1317513527 {\n  width: 100%;\n}\n<\/style>\n\t<\/div>\n\t\n\t\t<\/div>\n\t\t\t\t\t<\/div>\n\n\t\n\n<style>\n#row-1730291845 > .col > .col-inner {\n  padding: 2em 0px 0px 0px;\n}\n<\/style>\n<\/div>\n\t<div id=\"gap-283934905\" class=\"gap-element clearfix\" style=\"display:block; height:auto;\">\n\t\t\n<style>\n#gap-283934905 {\n  padding-top: 4em;\n}\n<\/style>\n\t<\/div>\n\t\n<div class=\"row row-box-shadow-3 row-box-shadow-5-hover\"  id=\"row-1404364624\">\n\n\t<div id=\"col-1672974279\" class=\"col medium-4 small-12 large-4\"  >\n\t\t\t\t<div class=\"col-inner\"  >\n\t\t\t\n\t\t\t\n\t<div id=\"text-519417554\" class=\"text\">\n\t\t\n<h3><span style=\"color: #336699;\">Zadr\u017eite sondu u vodi<\/span><\/h3>\n<p>Pregledavajte podatke, preuzmite datoteke ili prilagodite postavke implementacije u pokretu<br \/>\n\t\t\n<style>\n#text-519417554 {\n  text-align: center;\n}\n<\/style>\n\t<\/div>\n\t\n\t\t<\/div>\n\t\t\t\t\n<style>\n#col-1672974279 > .col-inner {\n  padding: 1em 1em 1em 1em;\n}\n<\/style>\n\t<\/div>\n\n\t\n\n\t<div id=\"col-1112869397\" class=\"col medium-4 small-12 large-4\"  >\n\t\t\t\t<div class=\"col-inner\"  >\n\t\t\t\n\t\t\t\n\t<div id=\"text-4100443671\" class=\"text\">\n\t\t\n<h3><span style=\"color: #336699;\">KorEXO<\/span><\/h3>\n<p>Iskoristite punu snagu softvera na terenu s bilo kojim Windows OS prijenosnim ure\u0111ajem<br \/>\n\t\t\n<style>\n#text-4100443671 {\n  text-align: center;\n}\n<\/style>\n\t<\/div>\n\t\n\t\t<\/div>\n\t\t\t\t\n<style>\n#col-1112869397 > .col-inner {\n  padding: 1em 1em 1em 1em;\n}\n<\/style>\n\t<\/div>\n\n\t\n\n\t<div id=\"col-1789057407\" class=\"col medium-4 small-12 large-4\"  >\n\t\t\t\t<div class=\"col-inner\"  >\n\t\t\t\n\t\t\t\n\t<div id=\"text-2703589430\" class=\"text\">\n\t\t\n<h3><span style=\"color: #339966;\"><span style=\"color: #336699;\">Napravite vi\u0161e uzoraka<\/span><\/span><\/h3>\n<p>Dugotrajna i punjiva baterija s trajanjem duljim od 15 sati pod punim optere\u0107enjem<\/p>\n\t\t\n<style>\n#text-2703589430 {\n  text-align: center;\n}\n<\/style>\n\t<\/div>\n\t\n\t\t<\/div>\n\t\t\t\t\n<style>\n#col-1789057407 > .col-inner {\n  padding: 1em 1em 1em 1em;\n}\n<\/style>\n\t<\/div>\n\n\t\n<\/div>\n\t<div id=\"gap-1481474425\" class=\"gap-element clearfix\" style=\"display:block; height:auto;\">\n\t\t\n<style>\n#gap-1481474425 {\n  padding-top: 4em;\n}\n<\/style>\n\t<\/div>\n\t\n\t<section class=\"section\" id=\"section_1026640002\">\n\t\t<div class=\"bg section-bg fill bg-fill  bg-loaded\" >\n\n\t\t\t\n\t\t\t\n\t\t\t\n\n\t\t<\/div>\n\n\t\t\n\n\t\t<div class=\"section-content relative\">\n\t\t\t\n\t<div id=\"text-1553219814\" class=\"text\">\n\t\t\n<h2>Prezentacija EXO platforme<\/h2>\n<p>Istra\u017eite kako EXO platforma koristi vi\u0161egodi\u0161nju YSI ekspertizu u podru\u010dju kontinutiranog nadzora kvalitete vode.<br \/>\n\t\t\n<style>\n#text-1553219814 {\n  text-align: center;\n}\n<\/style>\n\t<\/div>\n\t\n<div class=\"row\"  id=\"row-246762438\">\n\n\t<div id=\"col-1267302774\" class=\"col hide-for-medium medium-3 small-12 large-3\"  >\n\t\t\t\t<div class=\"col-inner\"  >\n\t\t\t\n\t\t\t\n\t\t<\/div>\n\t\t\t\t\t<\/div>\n\n\t\n\n\t<div id=\"col-622290418\" class=\"col medium-12 small-12 large-6\"  >\n\t\t\t\t<div class=\"col-inner\"  >\n\t\t\t\n\t\t\t\n<div class=\"video video-fit mb\" style=\"padding-top:56.25%;\"><p><iframe loading=\"lazy\" title=\"Introducing EXO - a New, State-of-the-art Water Monitoring Platform\" width=\"1020\" height=\"574\" src=\"https:\/\/www.youtube.com\/embed\/ltT8U_bIV8s?feature=oembed\" frameborder=\"0\" allow=\"accelerometer; autoplay; clipboard-write; encrypted-media; gyroscope; picture-in-picture; web-share\" allowfullscreen><\/iframe><\/p>\n<\/div>\n\t\t<\/div>\n\t\t\t\t\t<\/div>\n\n\t\n\n\t<div id=\"col-1228358565\" class=\"col hide-for-medium medium-3 small-12 large-3\"  >\n\t\t\t\t<div class=\"col-inner\"  >\n\t\t\t\n\t\t\t\n\t\t<\/div>\n\t\t\t\t\t<\/div>\n\n\t\n\n<style>\n#row-246762438 > .col > .col-inner {\n  padding: 3em 0px 0px 0px;\n}\n<\/style>\n<\/div>\n\t\t<\/div>\n\n\t\t\n<style>\n#section_1026640002 {\n  padding-top: 0px;\n  padding-bottom: 0px;\n  min-height: 600px;\n  background-color: rgb(221, 239, 239);\n}\n@media (min-width:550px) {\n  #section_1026640002 {\n    padding-top: 30px;\n    padding-bottom: 30px;\n    min-height: 800px;\n  }\n}\n<\/style>\n\t<\/section>\n\t\n<div class=\"row align-middle\"  id=\"row-51319240\">\n\n\t<div id=\"col-1129873307\" class=\"col medium-6 small-12 large-6\"  >\n\t\t\t\t<div class=\"col-inner\"  >\n\t\t\t\n\t\t\t\n\t<div id=\"text-3991994456\" class=\"text\">\n\t\t\n<h2>Kor Software<\/h2>\n\t\t\n<style>\n#text-3991994456 {\n  text-align: center;\n}\n<\/style>\n\t<\/div>\n\t\n<div class=\"is-divider divider clearfix\" style=\"max-width:100%;\"><\/div>\n<p>Kor Software je platforma jednostavna za kori\u0161tenje, a puna zna\u010dajki za upravljanje YSI instrumentima i podacima o kvaliteti vode. Omogu\u0107uje pregled podataka u\u017eivo ili snimljenih vrijednosti kalibriraciju senzora, postavljanje dugoro\u010dne implementacije i osigurajnje da oprema radi uvijek besprijekorno.<\/p>\n<p>Svi va\u0161i YSI instrumenti za pra\u0107enje kvalitete vode rade na istom Kor softveru bez obzira koristite li EXO Sonde, ProSwap Logger ili ProDIGITAL ru\u010dne mjera\u010de (ProDSS, ProSwap, ProSolo).<\/p>\n<p>Sve EXO sonde omogu\u0107uju o\u010ditavanje podataka putem<strong> EXO GO Bluetooth<\/strong> ure\u0111aja ili <strong>EXO ru\u010dnog \u010dita\u010da<\/strong>.<\/p>\n\t<div id=\"gap-820421681\" class=\"gap-element clearfix\" style=\"display:block; height:auto;\">\n\t\t\n<style>\n#gap-820421681 {\n  padding-top: 30px;\n}\n<\/style>\n\t<\/div>\n\t\n\t<div id=\"gap-78315788\" class=\"gap-element clearfix\" style=\"display:block; height:auto;\">\n\t\t\n<style>\n#gap-78315788 {\n  padding-top: 30px;\n}\n<\/style>\n\t<\/div>\n\t\n\t\t<\/div>\n\t\t\t\t\t<\/div>\n\n\t\n\n\t<div id=\"col-1464269401\" class=\"col medium-6 small-12 large-6\"  >\n\t\t\t\t<div class=\"col-inner\"  >\n\t\t\t\n\t\t\t\n\t<div class=\"img has-hover x md-x lg-x y md-y lg-y\" id=\"image_1010609554\">\n\t\t\t\t\t\t\t\t<div class=\"img-inner dark\" >\n\t\t\t<img loading=\"lazy\" decoding=\"async\" width=\"650\" height=\"650\" src=\"https:\/\/vode.hr\/wp-content\/uploads\/2023\/04\/KodSoftware-temp.jpg\" class=\"attachment-original size-original\" alt=\"\" srcset=\"https:\/\/vode.hr\/wp-content\/uploads\/2023\/04\/KodSoftware-temp.jpg 650w, https:\/\/vode.hr\/wp-content\/uploads\/2023\/04\/KodSoftware-temp-300x300.jpg 300w, https:\/\/vode.hr\/wp-content\/uploads\/2023\/04\/KodSoftware-temp-150x150.jpg 150w, https:\/\/vode.hr\/wp-content\/uploads\/2023\/04\/KodSoftware-temp-369x369.jpg 369w, https:\/\/vode.hr\/wp-content\/uploads\/2023\/04\/KodSoftware-temp-100x100.jpg 100w\" sizes=\"(max-width: 650px) 100vw, 650px\" \/>\t\t\t\t\t\t\n\t\t\t\t\t<\/div>\n\t\t\t\t\t\t\t\t\n<style>\n#image_1010609554 {\n  width: 100%;\n}\n<\/style>\n\t<\/div>\n\t\n\t\t<\/div>\n\t\t\t\t\t<\/div>\n\n\t\n\n<style>\n#row-51319240 > .col > .col-inner {\n  padding: 2em 0px 0px 0px;\n}\n<\/style>\n<\/div>\n","protected":false},"excerpt":{"rendered":"<p>EXO GO be\u017ei\u010dni komunikacijski ure\u0111aj koristi Bluetooth za povezivanje bilo kojeg Windows OS ure\u0111aja s uronjenim EXO sondom.<\/p>\n<p>&nbsp;<\/p>\n","protected":false},"featured_media":424,"template":"","meta":[],"product_cat":[116],"product_tag":[296],"class_list":["post-418","product","type-product","status-publish","has-post-thumbnail","hentry","product_cat-dodatci-za-viseparametarske-sonde-za-mjerenje-kvalitete-vode","product_tag-ysi"],"yoast_head":"<!-- This site is optimized with the Yoast SEO plugin v25.0 - https:\/\/yoast.com\/wordpress\/plugins\/seo\/ -->\n<title>Be\u017ei\u010dni komunikacijski ure\u0111aj za EXO sonde &quot;EXO GO&quot;, YSI - Vode.hr<\/title>\n<meta name=\"description\" content=\"EXO GO be\u017ei\u010dni komunikacijski ure\u0111aj koristi Bluetooth za povezivanje bilo kojeg Windows OS ure\u0111aja s uronjenim EXO sondom.  &nbsp;\" \/>\n<meta name=\"robots\" content=\"index, follow, max-snippet:-1, max-image-preview:large, max-video-preview:-1\" \/>\n<link rel=\"canonical\" href=\"https:\/\/vode.hr\/bs\/proizvod\/bezicni-komunikacijski-uredaj-za-exo-sonde-exo-go-ysi\/\" \/>\n<meta property=\"og:locale\" content=\"bs_BA\" \/>\n<meta property=\"og:type\" content=\"article\" \/>\n<meta property=\"og:title\" content=\"Be\u017ei\u010dni komunikacijski ure\u0111aj za EXO sonde &quot;EXO GO&quot;, YSI - Vode.hr\" \/>\n<meta property=\"og:description\" content=\"EXO GO be\u017ei\u010dni komunikacijski ure\u0111aj koristi Bluetooth za povezivanje bilo kojeg Windows OS ure\u0111aja s uronjenim EXO sondom.  &nbsp;\" \/>\n<meta property=\"og:url\" content=\"https:\/\/vode.hr\/bs\/proizvod\/bezicni-komunikacijski-uredaj-za-exo-sonde-exo-go-ysi\/\" \/>\n<meta property=\"og:site_name\" content=\"Vode.hr\" \/>\n<meta property=\"article:publisher\" content=\"https:\/\/www.facebook.com\/vode.hr\" \/>\n<meta property=\"article:modified_time\" content=\"2025-10-24T08:57:59+00:00\" \/>\n<meta property=\"og:image\" content=\"http:\/\/vode.hr\/wp-content\/uploads\/2023\/05\/Bezicni-komunikacijski-uredaj-za-EXO-sonde-EXO-GO-1005-fb.jpg\" \/>\n\t<meta property=\"og:image:width\" content=\"400\" \/>\n\t<meta property=\"og:image:height\" content=\"400\" \/>\n\t<meta property=\"og:image:type\" content=\"image\/jpeg\" \/>\n<meta name=\"twitter:card\" content=\"summary_large_image\" \/>\n<meta name=\"twitter:label1\" content=\"Est. reading time\" \/>\n\t<meta name=\"twitter:data1\" content=\"3 minute\" \/>\n<script type=\"application\/ld+json\" class=\"yoast-schema-graph\">{\"@context\":\"https:\/\/schema.org\",\"@graph\":[{\"@type\":[\"WebPage\",\"ItemPage\"],\"@id\":\"https:\/\/vode.hr\/bs\/proizvod\/bezicni-komunikacijski-uredaj-za-exo-sonde-exo-go-ysi\/\",\"url\":\"https:\/\/vode.hr\/bs\/proizvod\/bezicni-komunikacijski-uredaj-za-exo-sonde-exo-go-ysi\/\",\"name\":\"Be\u017ei\u010dni komunikacijski ure\u0111aj za EXO sonde \\\"EXO GO\\\", YSI - Vode.hr\",\"isPartOf\":{\"@id\":\"https:\/\/vode.hr\/bs\/#website\"},\"primaryImageOfPage\":{\"@id\":\"https:\/\/vode.hr\/bs\/proizvod\/bezicni-komunikacijski-uredaj-za-exo-sonde-exo-go-ysi\/#primaryimage\"},\"image\":{\"@id\":\"https:\/\/vode.hr\/bs\/proizvod\/bezicni-komunikacijski-uredaj-za-exo-sonde-exo-go-ysi\/#primaryimage\"},\"thumbnailUrl\":\"https:\/\/vode.hr\/wp-content\/uploads\/2023\/05\/Bezicni-komunikacijski-uredaj-za-EXO-sonde-EXO-GO-1005-0.jpg\",\"datePublished\":\"2023-05-03T15:10:56+00:00\",\"dateModified\":\"2025-10-24T08:57:59+00:00\",\"description\":\"EXO GO be\u017ei\u010dni komunikacijski ure\u0111aj koristi Bluetooth za povezivanje bilo kojeg Windows OS ure\u0111aja s uronjenim EXO sondom. &nbsp;\",\"breadcrumb\":{\"@id\":\"https:\/\/vode.hr\/bs\/proizvod\/bezicni-komunikacijski-uredaj-za-exo-sonde-exo-go-ysi\/#breadcrumb\"},\"inLanguage\":\"bs-BA\",\"potentialAction\":[{\"@type\":\"ReadAction\",\"target\":[\"https:\/\/vode.hr\/bs\/proizvod\/bezicni-komunikacijski-uredaj-za-exo-sonde-exo-go-ysi\/\"]}]},{\"@type\":\"ImageObject\",\"inLanguage\":\"bs-BA\",\"@id\":\"https:\/\/vode.hr\/bs\/proizvod\/bezicni-komunikacijski-uredaj-za-exo-sonde-exo-go-ysi\/#primaryimage\",\"url\":\"https:\/\/vode.hr\/wp-content\/uploads\/2023\/05\/Bezicni-komunikacijski-uredaj-za-EXO-sonde-EXO-GO-1005-0.jpg\",\"contentUrl\":\"https:\/\/vode.hr\/wp-content\/uploads\/2023\/05\/Bezicni-komunikacijski-uredaj-za-EXO-sonde-EXO-GO-1005-0.jpg\",\"width\":650,\"height\":650},{\"@type\":\"BreadcrumbList\",\"@id\":\"https:\/\/vode.hr\/bs\/proizvod\/bezicni-komunikacijski-uredaj-za-exo-sonde-exo-go-ysi\/#breadcrumb\",\"itemListElement\":[{\"@type\":\"ListItem\",\"position\":1,\"name\":\"Po\u010detna stranica\",\"item\":\"https:\/\/vode.hr\/bs\/\"},{\"@type\":\"ListItem\",\"position\":2,\"name\":\"Trgovina\",\"item\":\"https:\/\/vode.hr\/trgovina\/\"},{\"@type\":\"ListItem\",\"position\":3,\"name\":\"Be\u017ei\u010dni komunikacijski ure\u0111aj za EXO sonde &#8220;EXO GO&#8221;, YSI\"}]},{\"@type\":\"WebSite\",\"@id\":\"https:\/\/vode.hr\/bs\/#website\",\"url\":\"https:\/\/vode.hr\/bs\/\",\"name\":\"Vode.hr\",\"description\":\"Mjerenje kvalitete voda, dezinfekcija vode i ure\u0111aji za mjerenje uvjeta u okoli\u0161u\",\"publisher\":{\"@id\":\"https:\/\/vode.hr\/bs\/#organization\"},\"potentialAction\":[{\"@type\":\"SearchAction\",\"target\":{\"@type\":\"EntryPoint\",\"urlTemplate\":\"https:\/\/vode.hr\/bs\/?s={search_term_string}\"},\"query-input\":{\"@type\":\"PropertyValueSpecification\",\"valueRequired\":true,\"valueName\":\"search_term_string\"}}],\"inLanguage\":\"bs-BA\"},{\"@type\":\"Organization\",\"@id\":\"https:\/\/vode.hr\/bs\/#organization\",\"name\":\"Primotronic d.o.o.\",\"url\":\"https:\/\/vode.hr\/bs\/\",\"logo\":{\"@type\":\"ImageObject\",\"inLanguage\":\"bs-BA\",\"@id\":\"https:\/\/vode.hr\/bs\/#\/schema\/logo\/image\/\",\"url\":\"http:\/\/vode.hr\/wp-content\/uploads\/2023\/04\/vode-1.png\",\"contentUrl\":\"http:\/\/vode.hr\/wp-content\/uploads\/2023\/04\/vode-1.png\",\"width\":300,\"height\":99,\"caption\":\"Primotronic d.o.o.\"},\"image\":{\"@id\":\"https:\/\/vode.hr\/bs\/#\/schema\/logo\/image\/\"},\"sameAs\":[\"https:\/\/www.facebook.com\/vode.hr\"]}]}<\/script>\n<!-- \/ Yoast SEO plugin. -->","yoast_head_json":{"title":"Be\u017ei\u010dni komunikacijski ure\u0111aj za EXO sonde \"EXO GO\", YSI - Vode.hr","description":"EXO GO be\u017ei\u010dni komunikacijski ure\u0111aj koristi Bluetooth za povezivanje bilo kojeg Windows OS ure\u0111aja s uronjenim EXO sondom.  &nbsp;","robots":{"index":"index","follow":"follow","max-snippet":"max-snippet:-1","max-image-preview":"max-image-preview:large","max-video-preview":"max-video-preview:-1"},"canonical":"https:\/\/vode.hr\/bs\/proizvod\/bezicni-komunikacijski-uredaj-za-exo-sonde-exo-go-ysi\/","og_locale":"bs_BA","og_type":"article","og_title":"Be\u017ei\u010dni komunikacijski ure\u0111aj za EXO sonde \"EXO GO\", YSI - Vode.hr","og_description":"EXO GO be\u017ei\u010dni komunikacijski ure\u0111aj koristi Bluetooth za povezivanje bilo kojeg Windows OS ure\u0111aja s uronjenim EXO sondom.  &nbsp;","og_url":"https:\/\/vode.hr\/bs\/proizvod\/bezicni-komunikacijski-uredaj-za-exo-sonde-exo-go-ysi\/","og_site_name":"Vode.hr","article_publisher":"https:\/\/www.facebook.com\/vode.hr","article_modified_time":"2025-10-24T08:57:59+00:00","og_image":[{"width":400,"height":400,"url":"http:\/\/vode.hr\/wp-content\/uploads\/2023\/05\/Bezicni-komunikacijski-uredaj-za-EXO-sonde-EXO-GO-1005-fb.jpg","type":"image\/jpeg"}],"twitter_card":"summary_large_image","twitter_misc":{"Est. reading time":"3 minute"},"schema":{"@context":"https:\/\/schema.org","@graph":[{"@type":["WebPage","ItemPage"],"@id":"https:\/\/vode.hr\/bs\/proizvod\/bezicni-komunikacijski-uredaj-za-exo-sonde-exo-go-ysi\/","url":"https:\/\/vode.hr\/bs\/proizvod\/bezicni-komunikacijski-uredaj-za-exo-sonde-exo-go-ysi\/","name":"Be\u017ei\u010dni komunikacijski ure\u0111aj za EXO sonde \"EXO GO\", YSI - Vode.hr","isPartOf":{"@id":"https:\/\/vode.hr\/bs\/#website"},"primaryImageOfPage":{"@id":"https:\/\/vode.hr\/bs\/proizvod\/bezicni-komunikacijski-uredaj-za-exo-sonde-exo-go-ysi\/#primaryimage"},"image":{"@id":"https:\/\/vode.hr\/bs\/proizvod\/bezicni-komunikacijski-uredaj-za-exo-sonde-exo-go-ysi\/#primaryimage"},"thumbnailUrl":"https:\/\/vode.hr\/wp-content\/uploads\/2023\/05\/Bezicni-komunikacijski-uredaj-za-EXO-sonde-EXO-GO-1005-0.jpg","datePublished":"2023-05-03T15:10:56+00:00","dateModified":"2025-10-24T08:57:59+00:00","description":"EXO GO be\u017ei\u010dni komunikacijski ure\u0111aj koristi Bluetooth za povezivanje bilo kojeg Windows OS ure\u0111aja s uronjenim EXO sondom. &nbsp;","breadcrumb":{"@id":"https:\/\/vode.hr\/bs\/proizvod\/bezicni-komunikacijski-uredaj-za-exo-sonde-exo-go-ysi\/#breadcrumb"},"inLanguage":"bs-BA","potentialAction":[{"@type":"ReadAction","target":["https:\/\/vode.hr\/bs\/proizvod\/bezicni-komunikacijski-uredaj-za-exo-sonde-exo-go-ysi\/"]}]},{"@type":"ImageObject","inLanguage":"bs-BA","@id":"https:\/\/vode.hr\/bs\/proizvod\/bezicni-komunikacijski-uredaj-za-exo-sonde-exo-go-ysi\/#primaryimage","url":"https:\/\/vode.hr\/wp-content\/uploads\/2023\/05\/Bezicni-komunikacijski-uredaj-za-EXO-sonde-EXO-GO-1005-0.jpg","contentUrl":"https:\/\/vode.hr\/wp-content\/uploads\/2023\/05\/Bezicni-komunikacijski-uredaj-za-EXO-sonde-EXO-GO-1005-0.jpg","width":650,"height":650},{"@type":"BreadcrumbList","@id":"https:\/\/vode.hr\/bs\/proizvod\/bezicni-komunikacijski-uredaj-za-exo-sonde-exo-go-ysi\/#breadcrumb","itemListElement":[{"@type":"ListItem","position":1,"name":"Po\u010detna stranica","item":"https:\/\/vode.hr\/bs\/"},{"@type":"ListItem","position":2,"name":"Trgovina","item":"https:\/\/vode.hr\/trgovina\/"},{"@type":"ListItem","position":3,"name":"Be\u017ei\u010dni komunikacijski ure\u0111aj za EXO sonde &#8220;EXO GO&#8221;, YSI"}]},{"@type":"WebSite","@id":"https:\/\/vode.hr\/bs\/#website","url":"https:\/\/vode.hr\/bs\/","name":"Vode.hr","description":"Mjerenje kvalitete voda, dezinfekcija vode i ure\u0111aji za mjerenje uvjeta u okoli\u0161u","publisher":{"@id":"https:\/\/vode.hr\/bs\/#organization"},"potentialAction":[{"@type":"SearchAction","target":{"@type":"EntryPoint","urlTemplate":"https:\/\/vode.hr\/bs\/?s={search_term_string}"},"query-input":{"@type":"PropertyValueSpecification","valueRequired":true,"valueName":"search_term_string"}}],"inLanguage":"bs-BA"},{"@type":"Organization","@id":"https:\/\/vode.hr\/bs\/#organization","name":"Primotronic d.o.o.","url":"https:\/\/vode.hr\/bs\/","logo":{"@type":"ImageObject","inLanguage":"bs-BA","@id":"https:\/\/vode.hr\/bs\/#\/schema\/logo\/image\/","url":"http:\/\/vode.hr\/wp-content\/uploads\/2023\/04\/vode-1.png","contentUrl":"http:\/\/vode.hr\/wp-content\/uploads\/2023\/04\/vode-1.png","width":300,"height":99,"caption":"Primotronic d.o.o."},"image":{"@id":"https:\/\/vode.hr\/bs\/#\/schema\/logo\/image\/"},"sameAs":["https:\/\/www.facebook.com\/vode.hr"]}]}},"_links":{"self":[{"href":"https:\/\/vode.hr\/bs\/wp-json\/wp\/v2\/product\/418"}],"collection":[{"href":"https:\/\/vode.hr\/bs\/wp-json\/wp\/v2\/product"}],"about":[{"href":"https:\/\/vode.hr\/bs\/wp-json\/wp\/v2\/types\/product"}],"wp:featuredmedia":[{"embeddable":true,"href":"https:\/\/vode.hr\/bs\/wp-json\/wp\/v2\/media\/424"}],"wp:attachment":[{"href":"https:\/\/vode.hr\/bs\/wp-json\/wp\/v2\/media?parent=418"}],"wp:term":[{"taxonomy":"product_cat","embeddable":true,"href":"https:\/\/vode.hr\/bs\/wp-json\/wp\/v2\/product_cat?post=418"},{"taxonomy":"product_tag","embeddable":true,"href":"https:\/\/vode.hr\/bs\/wp-json\/wp\/v2\/product_tag?post=418"}],"curies":[{"name":"wp","href":"https:\/\/api.w.org\/{rel}","templated":true}]}}