{"id":429,"date":"2023-05-03T18:48:40","date_gmt":"2023-05-03T16:48:40","guid":{"rendered":"https:\/\/vode.hr\/?post_type=product&#038;p=429"},"modified":"2025-10-24T10:57:59","modified_gmt":"2025-10-24T08:57:59","slug":"nitraled-uv-senzor-nitrata-za-exo-sonde-ysi","status":"publish","type":"product","link":"https:\/\/vode.hr\/bs\/proizvod\/nitraled-uv-senzor-nitrata-za-exo-sonde-ysi\/","title":{"rendered":"NitraLED UV senzor nitrata za EXO sonde, YSI"},"content":{"rendered":"<div class=\"row\"  id=\"row-679353827\">\n\n\t<div id=\"col-1931638284\" class=\"col small-12 large-12\"  >\n\t\t\t\t<div class=\"col-inner\"  >\n\t\t\t\n\t\t\t\n\t<div id=\"text-1557539370\" class=\"text\">\n\t\t\n<h2>Plug-and-play senzor za mjerenje nitrata<\/h2>\n\t\t\n<style>\n#text-1557539370 {\n  font-size: 1.3rem;\n  text-align: center;\n}\n<\/style>\n\t<\/div>\n\t\n\t<div id=\"text-3709838069\" class=\"text\">\n\t\t\n<p class=\"lead\">Vrlo precizan senzor s brzim odzivom u malom paketu koji se lako postavlja i odr\u017eava<\/p>\n\t\t\n<style>\n#text-3709838069 {\n  font-size: 0.9rem;\n  text-align: center;\n}\n<\/style>\n\t<\/div>\n\t\n\t\t<\/div>\n\t\t\t\t\t<\/div>\n\n\t\n\n<style>\n#row-679353827 > .col > .col-inner {\n  padding: 3em 0px 0px 0px;\n}\n<\/style>\n<\/div>\n\t<section class=\"section\" id=\"section_1036280153\">\n\t\t<div class=\"bg section-bg fill bg-fill  bg-loaded\" >\n\n\t\t\t\n\t\t\t\n\t\t\t\n\n\t\t<\/div>\n\n\t\t\n\n\t\t<div class=\"section-content relative\">\n\t\t\t\n<div class=\"row align-middle\"  id=\"row-2071582665\">\n\n\t<div id=\"col-1422135911\" class=\"col medium-6 small-12 large-6\"  >\n\t\t\t\t<div class=\"col-inner text-left\"  >\n\t\t\t\n\t\t\t\n\t<div id=\"text-916655875\" class=\"text\">\n\t\t\n<h2>Pametno uzorkovanje nitrata u vodi<\/h2>\n\t\t\n<style>\n#text-916655875 {\n  text-align: center;\n}\n@media (min-width:550px) {\n  #text-916655875 {\n    text-align: left;\n  }\n}\n<\/style>\n\t<\/div>\n\t\n<div class=\"is-divider divider clearfix\" style=\"max-width:100%;\"><\/div>\n<p>EXO za\u0161ti\u0107eni ISE (ionsko selektivna elektroda) je digitalni pametni senzor koji ima zavarenu konstrukciju od titana i konektore koji se mogu spojiti u vla\u017enom stanju. Potpuna kalibracija za manje od 15 minuta pomo\u0107u EXO paketa pametnih senzora i intuitivnog Kor softvera.<\/p>\n<p>Napomena: Namijenjeno za aplikacije uzorkovanja. Model senzora za EXO 2\/3 sondu uklju\u010duje\u00a0potrebni prsten za poravnanje i brisa\u010d.<\/p>\n<h3>Kompaktan i precizan<\/h3>\n<p>EXO platforma nudi potpuno novi pristup &#8211; vrlo precizne senzore s brzim odzivom u malom paketu koji se lako postavlja i odr\u017eava. Nestali su veliki i komplicirani senzorski rasporedi koji zahtijevaju slo\u017eenu integraciju.<\/p>\n<h3>Pametni priklju\u010dci<\/h3>\n<p>Priklju\u010dci za mokro spajanje omogu\u0107uju zamjenu u vla\u017enim uvjetima, dok pametni priklju\u010dci isklju\u010duju sve prekomjernu potro\u0161nju struje kako bi sprije\u010dili o\u0161te\u0107enje.<\/p>\n\t\t<\/div>\n\t\t\t\t\n<style>\n#col-1422135911 > .col-inner {\n  padding: 2em 1em 0px 1em;\n}\n@media (min-width:550px) {\n  #col-1422135911 > .col-inner {\n    padding: 0px 0px 0px 2em;\n  }\n}\n<\/style>\n\t<\/div>\n\n\t\n\n\t<div id=\"col-1541112500\" class=\"col medium-6 small-12 large-6\"  >\n\t\t\t\t<div class=\"col-inner\"  >\n\t\t\t\n\t\t\t\n\t<div class=\"img has-hover x md-x lg-x y md-y lg-y\" id=\"image_388356790\">\n\t\t\t\t\t\t\t\t<div class=\"img-inner dark\" style=\"margin:0px 0px 0px 0px;\">\n\t\t\t<img loading=\"lazy\" decoding=\"async\" width=\"600\" height=\"600\" src=\"https:\/\/vode.hr\/wp-content\/uploads\/2023\/05\/Exo-intro-pozadina1.jpg\" class=\"attachment-original size-original\" alt=\"\" srcset=\"https:\/\/vode.hr\/wp-content\/uploads\/2023\/05\/Exo-intro-pozadina1.jpg 600w, https:\/\/vode.hr\/wp-content\/uploads\/2023\/05\/Exo-intro-pozadina1-300x300.jpg 300w, https:\/\/vode.hr\/wp-content\/uploads\/2023\/05\/Exo-intro-pozadina1-150x150.jpg 150w, https:\/\/vode.hr\/wp-content\/uploads\/2023\/05\/Exo-intro-pozadina1-370x370.jpg 370w, https:\/\/vode.hr\/wp-content\/uploads\/2023\/05\/Exo-intro-pozadina1-100x100.jpg 100w\" sizes=\"(max-width: 600px) 100vw, 600px\" \/>\t\t\t\t\t\t\n\t\t\t\t\t<\/div>\n\t\t\t\t\t\t\t\t\n<style>\n#image_388356790 {\n  width: 100%;\n}\n<\/style>\n\t<\/div>\n\t\n\t\t<\/div>\n\t\t\t\t\t<\/div>\n\n\t\n<\/div>\n\t\t<\/div>\n\n\t\t\n<style>\n#section_1036280153 {\n  padding-top: 0px;\n  padding-bottom: 0px;\n  background-color: rgb(221, 239, 239);\n}\n<\/style>\n\t<\/section>\n\t\n<div class=\"row\"  id=\"row-1149314603\">\n\n\t<div id=\"col-297114564\" class=\"col medium-6 small-12 large-6\"  >\n\t\t\t\t<div class=\"col-inner\"  >\n\t\t\t\n\t\t\t\n\t<div class=\"img has-hover x md-x lg-x y md-y lg-y\" id=\"image_1320927957\">\n\t\t\t\t\t\t\t\t<div class=\"img-inner dark\" >\n\t\t\t<img loading=\"lazy\" decoding=\"async\" width=\"650\" height=\"650\" src=\"https:\/\/vode.hr\/wp-content\/uploads\/2023\/05\/Senzor-amonijaka-za-EXO-sonde-1007-0.jpg\" class=\"attachment-original size-original\" alt=\"\" srcset=\"https:\/\/vode.hr\/wp-content\/uploads\/2023\/05\/Senzor-amonijaka-za-EXO-sonde-1007-0.jpg 650w, https:\/\/vode.hr\/wp-content\/uploads\/2023\/05\/Senzor-amonijaka-za-EXO-sonde-1007-0-300x300.jpg 300w, https:\/\/vode.hr\/wp-content\/uploads\/2023\/05\/Senzor-amonijaka-za-EXO-sonde-1007-0-150x150.jpg 150w, https:\/\/vode.hr\/wp-content\/uploads\/2023\/05\/Senzor-amonijaka-za-EXO-sonde-1007-0-370x370.jpg 370w, https:\/\/vode.hr\/wp-content\/uploads\/2023\/05\/Senzor-amonijaka-za-EXO-sonde-1007-0-100x100.jpg 100w\" sizes=\"(max-width: 650px) 100vw, 650px\" \/>\t\t\t\t\t\t\n\t\t\t\t\t<\/div>\n\t\t\t\t\t\t\t\t\n<style>\n#image_1320927957 {\n  width: 100%;\n}\n<\/style>\n\t<\/div>\n\t\n\t\t<\/div>\n\t\t\t\t\t<\/div>\n\n\t\n\n\t<div id=\"col-606356924\" class=\"col medium-6 small-12 large-6 small-col-first\"  >\n\t\t\t\t<div class=\"col-inner\"  >\n\t\t\t\n\t\t\t\n\t<div id=\"text-2258476364\" class=\"text\">\n\t\t\n<h2>EXO Pametne sonde<\/h2>\n\t\t\n<style>\n#text-2258476364 {\n  text-align: center;\n}\n@media (min-width:550px) {\n  #text-2258476364 {\n    text-align: left;\n  }\n}\n<\/style>\n\t<\/div>\n\t\n<div class=\"is-divider divider clearfix\" style=\"max-width:100%;\"><\/div>\n<p>Svi EXO senzori imaju ugra\u0111enu memoriju i obradu, \u0161to korisnicima omogu\u0107uje jednostavnu kalibraciju i konfiguraciju senzora na jednom mjestu i distribuciju na razli\u010dita terenska mjesta. Pametni senzori se automatski prepoznaju iz bilo kojeg priklju\u010dka EXO sonde, \u010dine\u0107i senzore me\u0111usobno zamjenjivim i potpuno prilagodljivim.<\/p>\n\t<div id=\"gap-1421848425\" class=\"gap-element clearfix\" style=\"display:block; height:auto;\">\n\t\t\n<style>\n#gap-1421848425 {\n  padding-top: 30px;\n}\n<\/style>\n\t<\/div>\n\t\n<div class=\"row row-dashed\"  id=\"row-1642505632\">\n\n\t<div id=\"col-1915220876\" class=\"col small-12 large-12\"  >\n\t\t\t\t<div class=\"col-inner\"  >\n\t\t\t\n\t\t\t\n<div class=\"pricing-table-wrapper\">\n  <div class=\"pricing-table ux_price_table text-center box-shadow-3-hover\">\n    <div class=\"pricing-table-header\">\n      <div class=\"title uppercase strong\">Nitrat<\/div>\n      <div class=\"price is-xxlarge\">0<\/div>\n          <\/div>\n    <div class=\"pricing-table-items items\">\n      \n<div class=\"bullet-item\" title=\"\"><span class=\"text\">T95 &lt; 30 sec<\/span><\/div>\n\t<div id=\"text-138523385\" class=\"text\">\n\t\t\n<p><strong>Vrijeme odziva<\/strong><br \/>\n\t\t\n<style>\n#text-138523385 {\n  color: #00bbbb;\n}\n#text-138523385 > * {\n  color: #00bbbb;\n}\n<\/style>\n\t<\/div>\n\t\n<div class=\"bullet-item tooltip has-hover\" title=\"\u0161to god je ve\u0107e; puni raspon temperature\"><span class=\"text\">\u00b10,4 mg\/L\u2013N ili 5% o\u010ditanja<\/span><span class=\"tag-label bullet-more-info circle\">?<\/span><\/div>\n\t<div id=\"text-2984306939\" class=\"text\">\n\t\t\n<p><strong>To\u010dnost mjerenja<\/strong><br \/>\n\t\t\n<style>\n#text-2984306939 {\n  color: #00bbbb;\n}\n#text-2984306939 > * {\n  color: #00bbbb;\n}\n<\/style>\n\t<\/div>\n\t\n<div class=\"bullet-item\" title=\"\"><span class=\"text\">Slatkovodno mjerenje<\/span><\/div>\n\t<div id=\"text-2010510137\" class=\"text\">\n\t\t\n<p><strong>Medij<\/strong><br \/>\n\t\t\n<style>\n#text-2010510137 {\n  color: #00bbbb;\n}\n#text-2010510137 > * {\n  color: #00bbbb;\n}\n<\/style>\n\t<\/div>\n\t\n<div class=\"bullet-item\" title=\"\"><span class=\"text\">NO3-N (Nitrat-N) u mg\/L<\/span><\/div>\n\t<div id=\"text-394820537\" class=\"text\">\n\t\t\n<p><strong>Jedinice mjere<\/strong><br \/>\n\t\t\n<style>\n#text-394820537 {\n  color: #00bbbb;\n}\n#text-394820537 > * {\n  color: #00bbbb;\n}\n<\/style>\n\t<\/div>\n\t\n<div class=\"bullet-item\" title=\"\"><span class=\"text\">250 m<\/span><\/div>\n\t<div id=\"text-2550344095\" class=\"text\">\n\t\t\n<p><strong>Max. dubina<\/strong><br \/>\n\t\t\n<style>\n#text-2550344095 {\n  color: #00bbbb;\n}\n#text-2550344095 > * {\n  color: #00bbbb;\n}\n<\/style>\n\t<\/div>\n\t\n<div class=\"bullet-item\" title=\"\"><span class=\"text\">\u2264 0.2 mg\/L\u2013N\u00b2<\/span><\/div>\n\t<div id=\"text-2457349800\" class=\"text\">\n\t\t\n<p><strong>Stabilnost<\/strong><br \/>\n\t\t\n<style>\n#text-2457349800 {\n  color: #00bbbb;\n}\n#text-2457349800 > * {\n  color: #00bbbb;\n}\n<\/style>\n\t<\/div>\n\t\n<div class=\"bullet-item\" title=\"\"><span class=\"text\">0-10 mg\/L\u2013N<\/span><\/div>\n\t<div id=\"text-4080923492\" class=\"text\">\n\t\t\n<p><strong>Raspon<\/strong><br \/>\n\t\t\n<style>\n#text-4080923492 {\n  color: #00bbbb;\n}\n#text-4080923492 > * {\n  color: #00bbbb;\n}\n<\/style>\n\t<\/div>\n\t\n<div class=\"bullet-item\" title=\"\"><span class=\"text\">0.01 mg\/L\u2013N\u00b9<\/span><\/div>\n\t<div id=\"text-3961907059\" class=\"text\">\n\t\t\n<p><strong>Min. granica detekcije<\/strong><br \/>\n\t\t\n<style>\n#text-3961907059 {\n  color: #00bbbb;\n}\n#text-3961907059 > * {\n  color: #00bbbb;\n}\n<\/style>\n\t<\/div>\n\t\n<div class=\"bullet-item\" title=\"\"><span class=\"text\">Opti\u010dki senzor, apsorbancija<\/span><\/div>\n\t<div id=\"text-2432351380\" class=\"text\">\n\t\t\n<p><strong>Metoda<\/strong><br \/>\n\t\t\n<style>\n#text-2432351380 {\n  color: #00bbbb;\n}\n#text-2432351380 > * {\n  color: #00bbbb;\n}\n<\/style>\n\t<\/div>\n\t\n<div class=\"bullet-item\" title=\"\"><span class=\"text\">0.01 mg\/L\u2013N<\/span><\/div>\n\t<div id=\"text-3591961445\" class=\"text\">\n\t\t\n<p><strong>Rezolucija<\/strong><br \/>\n\t\t\n<style>\n#text-3591961445 {\n  color: #00bbbb;\n}\n#text-3591961445 > * {\n  color: #00bbbb;\n}\n<\/style>\n\t<\/div>\n\t\n<div class=\"bullet-item\" title=\"\"><span class=\"text\">\u2264 2% koeficijenta varijacije (CV)<\/span><\/div>\n\t<div id=\"text-740202552\" class=\"text\">\n\t\t\n<p><strong>Preciznost<\/strong><br \/>\n\t\t\n<style>\n#text-740202552 {\n  color: #00bbbb;\n}\n#text-740202552 > * {\n  color: #00bbbb;\n}\n<\/style>\n\t<\/div>\n\t\n    <\/div>\n      <\/div>\n<\/div>\n\n\n\t\t<\/div>\n\t\t\t\t\t<\/div>\n\n\t\n<\/div>\n\t<div id=\"gap-766640521\" class=\"gap-element clearfix\" style=\"display:block; height:auto;\">\n\t\t\n<style>\n#gap-766640521 {\n  padding-top: 30px;\n}\n<\/style>\n\t<\/div>\n\t\n\t\t<\/div>\n\t\t\t\t\t<\/div>\n\n\t\n\n<style>\n#row-1149314603 > .col > .col-inner {\n  padding: 2em 0px 0px 0px;\n}\n<\/style>\n<\/div>\n\t<section class=\"section\" id=\"section_1380913007\">\n\t\t<div class=\"bg section-bg fill bg-fill  bg-loaded\" >\n\n\t\t\t\n\t\t\t\n\t\t\t\n\n\t\t<\/div>\n\n\t\t\n\n\t\t<div class=\"section-content relative\">\n\t\t\t\n\t<div id=\"text-1265913737\" class=\"text\">\n\t\t\n<h2>Prezentacija NitraLED UV senzora<\/h2>\n<p>Istra\u017eite mogu\u0107nosti koje YSI nudi ovim suvremenim senzorom nitrata<br \/>\n\t\t\n<style>\n#text-1265913737 {\n  text-align: center;\n}\n<\/style>\n\t<\/div>\n\t\n<div class=\"row\"  id=\"row-2033549023\">\n\n\t<div id=\"col-1545436625\" class=\"col hide-for-medium medium-3 small-12 large-3\"  >\n\t\t\t\t<div class=\"col-inner\"  >\n\t\t\t\n\t\t\t\n\t\t<\/div>\n\t\t\t\t\t<\/div>\n\n\t\n\n\t<div id=\"col-734832437\" class=\"col medium-12 small-12 large-6\"  >\n\t\t\t\t<div class=\"col-inner\"  >\n\t\t\t\n\t\t\t\n<div class=\"video video-fit mb\" style=\"padding-top:56.25%;\"><p><iframe loading=\"lazy\" title=\"EXO NitraLED UV Nitrate Sensor\" width=\"1020\" height=\"574\" src=\"https:\/\/www.youtube.com\/embed\/KLRZUX-mfUo?feature=oembed\" frameborder=\"0\" allow=\"accelerometer; autoplay; clipboard-write; encrypted-media; gyroscope; picture-in-picture; web-share\" allowfullscreen><\/iframe><\/p>\n<\/div>\n\t\t<\/div>\n\t\t\t\t\t<\/div>\n\n\t\n\n\t<div id=\"col-1367979194\" class=\"col hide-for-medium medium-3 small-12 large-3\"  >\n\t\t\t\t<div class=\"col-inner\"  >\n\t\t\t\n\t\t\t\n\t\t<\/div>\n\t\t\t\t\t<\/div>\n\n\t\n\n<style>\n#row-2033549023 > .col > .col-inner {\n  padding: 3em 0px 0px 0px;\n}\n<\/style>\n<\/div>\n\t\t<\/div>\n\n\t\t\n<style>\n#section_1380913007 {\n  padding-top: 0px;\n  padding-bottom: 0px;\n  min-height: 600px;\n  background-color: rgb(221, 239, 239);\n}\n@media (min-width:550px) {\n  #section_1380913007 {\n    padding-top: 30px;\n    padding-bottom: 30px;\n    min-height: 800px;\n  }\n}\n<\/style>\n\t<\/section>\n\t\n","protected":false},"excerpt":{"rendered":"<p>Opti\u010dki senzor za mjerenje prisutnosti nitrata. Dizajniran za dugotrajno pra\u0107enje slatkovodnih okru\u017eenja.<\/p>\n<ul>\n<li>najsuvremenija UV LED tehnologija<\/li>\n<li>ugra\u0111ene korekcije za prirodnu organsku tvar (NOM)<\/li>\n<li>besprijekorna integracija s bilo kojom EXO sondom<\/li>\n<\/ul>\n","protected":false},"featured_media":435,"template":"","meta":[],"product_cat":[97],"product_tag":[117,296],"class_list":["post-429","product","type-product","status-publish","has-post-thumbnail","hentry","product_cat-senzori-za-viseparametarske-sonde-za-mjerenje-kvalitete-vode","product_tag-exo2","product_tag-ysi"],"yoast_head":"<!-- This site is optimized with the Yoast SEO plugin v25.0 - https:\/\/yoast.com\/wordpress\/plugins\/seo\/ -->\n<title>NitraLED UV senzor nitrata za EXO sonde, YSI - Vode.hr<\/title>\n<meta name=\"description\" content=\"Opti\u010dki senzor za mjerenje prisutnosti nitrata. Dizajniran za dugotrajno pra\u0107enje slatkovodnih okru\u017eenja.   najsuvremenija UV LED tehnologija  ugra\u0111ene korekcije za prirodnu organsku tvar (NOM)  besprijekorna integracija s bilo kojom EXO sondom\" \/>\n<meta name=\"robots\" content=\"index, follow, max-snippet:-1, max-image-preview:large, max-video-preview:-1\" \/>\n<link rel=\"canonical\" href=\"https:\/\/vode.hr\/bs\/proizvod\/nitraled-uv-senzor-nitrata-za-exo-sonde-ysi\/\" \/>\n<meta property=\"og:locale\" content=\"bs_BA\" \/>\n<meta property=\"og:type\" content=\"article\" \/>\n<meta property=\"og:title\" content=\"NitraLED UV senzor nitrata za EXO sonde, YSI - Vode.hr\" \/>\n<meta property=\"og:description\" content=\"Opti\u010dki senzor za mjerenje prisutnosti nitrata. Dizajniran za dugotrajno pra\u0107enje slatkovodnih okru\u017eenja.   najsuvremenija UV LED tehnologija  ugra\u0111ene korekcije za prirodnu organsku tvar (NOM)  besprijekorna integracija s bilo kojom EXO sondom\" \/>\n<meta property=\"og:url\" content=\"https:\/\/vode.hr\/bs\/proizvod\/nitraled-uv-senzor-nitrata-za-exo-sonde-ysi\/\" \/>\n<meta property=\"og:site_name\" content=\"Vode.hr\" \/>\n<meta property=\"article:publisher\" content=\"https:\/\/www.facebook.com\/vode.hr\" \/>\n<meta property=\"article:modified_time\" content=\"2025-10-24T08:57:59+00:00\" \/>\n<meta property=\"og:image\" content=\"http:\/\/vode.hr\/wp-content\/uploads\/2023\/05\/NitraLED-UV-senzor-nitrata-za-EXO-sonde-1008-fb.jpg\" \/>\n\t<meta property=\"og:image:width\" content=\"400\" \/>\n\t<meta property=\"og:image:height\" content=\"400\" \/>\n\t<meta property=\"og:image:type\" content=\"image\/jpeg\" \/>\n<meta name=\"twitter:card\" content=\"summary_large_image\" \/>\n<meta name=\"twitter:label1\" content=\"Est. reading time\" \/>\n\t<meta name=\"twitter:data1\" content=\"3 minute\" \/>\n<script type=\"application\/ld+json\" class=\"yoast-schema-graph\">{\"@context\":\"https:\/\/schema.org\",\"@graph\":[{\"@type\":[\"WebPage\",\"ItemPage\"],\"@id\":\"https:\/\/vode.hr\/bs\/proizvod\/nitraled-uv-senzor-nitrata-za-exo-sonde-ysi\/\",\"url\":\"https:\/\/vode.hr\/bs\/proizvod\/nitraled-uv-senzor-nitrata-za-exo-sonde-ysi\/\",\"name\":\"NitraLED UV senzor nitrata za EXO sonde, YSI - Vode.hr\",\"isPartOf\":{\"@id\":\"https:\/\/vode.hr\/bs\/#website\"},\"primaryImageOfPage\":{\"@id\":\"https:\/\/vode.hr\/bs\/proizvod\/nitraled-uv-senzor-nitrata-za-exo-sonde-ysi\/#primaryimage\"},\"image\":{\"@id\":\"https:\/\/vode.hr\/bs\/proizvod\/nitraled-uv-senzor-nitrata-za-exo-sonde-ysi\/#primaryimage\"},\"thumbnailUrl\":\"https:\/\/vode.hr\/wp-content\/uploads\/2023\/05\/NitraLED-UV-senzor-nitrata-za-EXO-sonde-1008-0-1.jpg\",\"datePublished\":\"2023-05-03T16:48:40+00:00\",\"dateModified\":\"2025-10-24T08:57:59+00:00\",\"description\":\"Opti\u010dki senzor za mjerenje prisutnosti nitrata. Dizajniran za dugotrajno pra\u0107enje slatkovodnih okru\u017eenja. najsuvremenija UV LED tehnologija ugra\u0111ene korekcije za prirodnu organsku tvar (NOM) besprijekorna integracija s bilo kojom EXO sondom\",\"breadcrumb\":{\"@id\":\"https:\/\/vode.hr\/bs\/proizvod\/nitraled-uv-senzor-nitrata-za-exo-sonde-ysi\/#breadcrumb\"},\"inLanguage\":\"bs-BA\",\"potentialAction\":[{\"@type\":\"ReadAction\",\"target\":[\"https:\/\/vode.hr\/bs\/proizvod\/nitraled-uv-senzor-nitrata-za-exo-sonde-ysi\/\"]}]},{\"@type\":\"ImageObject\",\"inLanguage\":\"bs-BA\",\"@id\":\"https:\/\/vode.hr\/bs\/proizvod\/nitraled-uv-senzor-nitrata-za-exo-sonde-ysi\/#primaryimage\",\"url\":\"https:\/\/vode.hr\/wp-content\/uploads\/2023\/05\/NitraLED-UV-senzor-nitrata-za-EXO-sonde-1008-0-1.jpg\",\"contentUrl\":\"https:\/\/vode.hr\/wp-content\/uploads\/2023\/05\/NitraLED-UV-senzor-nitrata-za-EXO-sonde-1008-0-1.jpg\",\"width\":650,\"height\":650},{\"@type\":\"BreadcrumbList\",\"@id\":\"https:\/\/vode.hr\/bs\/proizvod\/nitraled-uv-senzor-nitrata-za-exo-sonde-ysi\/#breadcrumb\",\"itemListElement\":[{\"@type\":\"ListItem\",\"position\":1,\"name\":\"Po\u010detna stranica\",\"item\":\"https:\/\/vode.hr\/bs\/\"},{\"@type\":\"ListItem\",\"position\":2,\"name\":\"Trgovina\",\"item\":\"https:\/\/vode.hr\/trgovina\/\"},{\"@type\":\"ListItem\",\"position\":3,\"name\":\"NitraLED UV senzor nitrata za EXO sonde, YSI\"}]},{\"@type\":\"WebSite\",\"@id\":\"https:\/\/vode.hr\/bs\/#website\",\"url\":\"https:\/\/vode.hr\/bs\/\",\"name\":\"Vode.hr\",\"description\":\"Mjerenje kvalitete voda, dezinfekcija vode i ure\u0111aji za mjerenje uvjeta u okoli\u0161u\",\"publisher\":{\"@id\":\"https:\/\/vode.hr\/bs\/#organization\"},\"potentialAction\":[{\"@type\":\"SearchAction\",\"target\":{\"@type\":\"EntryPoint\",\"urlTemplate\":\"https:\/\/vode.hr\/bs\/?s={search_term_string}\"},\"query-input\":{\"@type\":\"PropertyValueSpecification\",\"valueRequired\":true,\"valueName\":\"search_term_string\"}}],\"inLanguage\":\"bs-BA\"},{\"@type\":\"Organization\",\"@id\":\"https:\/\/vode.hr\/bs\/#organization\",\"name\":\"Primotronic d.o.o.\",\"url\":\"https:\/\/vode.hr\/bs\/\",\"logo\":{\"@type\":\"ImageObject\",\"inLanguage\":\"bs-BA\",\"@id\":\"https:\/\/vode.hr\/bs\/#\/schema\/logo\/image\/\",\"url\":\"http:\/\/vode.hr\/wp-content\/uploads\/2023\/04\/vode-1.png\",\"contentUrl\":\"http:\/\/vode.hr\/wp-content\/uploads\/2023\/04\/vode-1.png\",\"width\":300,\"height\":99,\"caption\":\"Primotronic d.o.o.\"},\"image\":{\"@id\":\"https:\/\/vode.hr\/bs\/#\/schema\/logo\/image\/\"},\"sameAs\":[\"https:\/\/www.facebook.com\/vode.hr\"]}]}<\/script>\n<!-- \/ Yoast SEO plugin. -->","yoast_head_json":{"title":"NitraLED UV senzor nitrata za EXO sonde, YSI - Vode.hr","description":"Opti\u010dki senzor za mjerenje prisutnosti nitrata. Dizajniran za dugotrajno pra\u0107enje slatkovodnih okru\u017eenja.   najsuvremenija UV LED tehnologija  ugra\u0111ene korekcije za prirodnu organsku tvar (NOM)  besprijekorna integracija s bilo kojom EXO sondom","robots":{"index":"index","follow":"follow","max-snippet":"max-snippet:-1","max-image-preview":"max-image-preview:large","max-video-preview":"max-video-preview:-1"},"canonical":"https:\/\/vode.hr\/bs\/proizvod\/nitraled-uv-senzor-nitrata-za-exo-sonde-ysi\/","og_locale":"bs_BA","og_type":"article","og_title":"NitraLED UV senzor nitrata za EXO sonde, YSI - Vode.hr","og_description":"Opti\u010dki senzor za mjerenje prisutnosti nitrata. Dizajniran za dugotrajno pra\u0107enje slatkovodnih okru\u017eenja.   najsuvremenija UV LED tehnologija  ugra\u0111ene korekcije za prirodnu organsku tvar (NOM)  besprijekorna integracija s bilo kojom EXO sondom","og_url":"https:\/\/vode.hr\/bs\/proizvod\/nitraled-uv-senzor-nitrata-za-exo-sonde-ysi\/","og_site_name":"Vode.hr","article_publisher":"https:\/\/www.facebook.com\/vode.hr","article_modified_time":"2025-10-24T08:57:59+00:00","og_image":[{"width":400,"height":400,"url":"http:\/\/vode.hr\/wp-content\/uploads\/2023\/05\/NitraLED-UV-senzor-nitrata-za-EXO-sonde-1008-fb.jpg","type":"image\/jpeg"}],"twitter_card":"summary_large_image","twitter_misc":{"Est. reading time":"3 minute"},"schema":{"@context":"https:\/\/schema.org","@graph":[{"@type":["WebPage","ItemPage"],"@id":"https:\/\/vode.hr\/bs\/proizvod\/nitraled-uv-senzor-nitrata-za-exo-sonde-ysi\/","url":"https:\/\/vode.hr\/bs\/proizvod\/nitraled-uv-senzor-nitrata-za-exo-sonde-ysi\/","name":"NitraLED UV senzor nitrata za EXO sonde, YSI - Vode.hr","isPartOf":{"@id":"https:\/\/vode.hr\/bs\/#website"},"primaryImageOfPage":{"@id":"https:\/\/vode.hr\/bs\/proizvod\/nitraled-uv-senzor-nitrata-za-exo-sonde-ysi\/#primaryimage"},"image":{"@id":"https:\/\/vode.hr\/bs\/proizvod\/nitraled-uv-senzor-nitrata-za-exo-sonde-ysi\/#primaryimage"},"thumbnailUrl":"https:\/\/vode.hr\/wp-content\/uploads\/2023\/05\/NitraLED-UV-senzor-nitrata-za-EXO-sonde-1008-0-1.jpg","datePublished":"2023-05-03T16:48:40+00:00","dateModified":"2025-10-24T08:57:59+00:00","description":"Opti\u010dki senzor za mjerenje prisutnosti nitrata. Dizajniran za dugotrajno pra\u0107enje slatkovodnih okru\u017eenja. najsuvremenija UV LED tehnologija ugra\u0111ene korekcije za prirodnu organsku tvar (NOM) besprijekorna integracija s bilo kojom EXO sondom","breadcrumb":{"@id":"https:\/\/vode.hr\/bs\/proizvod\/nitraled-uv-senzor-nitrata-za-exo-sonde-ysi\/#breadcrumb"},"inLanguage":"bs-BA","potentialAction":[{"@type":"ReadAction","target":["https:\/\/vode.hr\/bs\/proizvod\/nitraled-uv-senzor-nitrata-za-exo-sonde-ysi\/"]}]},{"@type":"ImageObject","inLanguage":"bs-BA","@id":"https:\/\/vode.hr\/bs\/proizvod\/nitraled-uv-senzor-nitrata-za-exo-sonde-ysi\/#primaryimage","url":"https:\/\/vode.hr\/wp-content\/uploads\/2023\/05\/NitraLED-UV-senzor-nitrata-za-EXO-sonde-1008-0-1.jpg","contentUrl":"https:\/\/vode.hr\/wp-content\/uploads\/2023\/05\/NitraLED-UV-senzor-nitrata-za-EXO-sonde-1008-0-1.jpg","width":650,"height":650},{"@type":"BreadcrumbList","@id":"https:\/\/vode.hr\/bs\/proizvod\/nitraled-uv-senzor-nitrata-za-exo-sonde-ysi\/#breadcrumb","itemListElement":[{"@type":"ListItem","position":1,"name":"Po\u010detna stranica","item":"https:\/\/vode.hr\/bs\/"},{"@type":"ListItem","position":2,"name":"Trgovina","item":"https:\/\/vode.hr\/trgovina\/"},{"@type":"ListItem","position":3,"name":"NitraLED UV senzor nitrata za EXO sonde, YSI"}]},{"@type":"WebSite","@id":"https:\/\/vode.hr\/bs\/#website","url":"https:\/\/vode.hr\/bs\/","name":"Vode.hr","description":"Mjerenje kvalitete voda, dezinfekcija vode i ure\u0111aji za mjerenje uvjeta u okoli\u0161u","publisher":{"@id":"https:\/\/vode.hr\/bs\/#organization"},"potentialAction":[{"@type":"SearchAction","target":{"@type":"EntryPoint","urlTemplate":"https:\/\/vode.hr\/bs\/?s={search_term_string}"},"query-input":{"@type":"PropertyValueSpecification","valueRequired":true,"valueName":"search_term_string"}}],"inLanguage":"bs-BA"},{"@type":"Organization","@id":"https:\/\/vode.hr\/bs\/#organization","name":"Primotronic d.o.o.","url":"https:\/\/vode.hr\/bs\/","logo":{"@type":"ImageObject","inLanguage":"bs-BA","@id":"https:\/\/vode.hr\/bs\/#\/schema\/logo\/image\/","url":"http:\/\/vode.hr\/wp-content\/uploads\/2023\/04\/vode-1.png","contentUrl":"http:\/\/vode.hr\/wp-content\/uploads\/2023\/04\/vode-1.png","width":300,"height":99,"caption":"Primotronic d.o.o."},"image":{"@id":"https:\/\/vode.hr\/bs\/#\/schema\/logo\/image\/"},"sameAs":["https:\/\/www.facebook.com\/vode.hr"]}]}},"_links":{"self":[{"href":"https:\/\/vode.hr\/bs\/wp-json\/wp\/v2\/product\/429"}],"collection":[{"href":"https:\/\/vode.hr\/bs\/wp-json\/wp\/v2\/product"}],"about":[{"href":"https:\/\/vode.hr\/bs\/wp-json\/wp\/v2\/types\/product"}],"wp:featuredmedia":[{"embeddable":true,"href":"https:\/\/vode.hr\/bs\/wp-json\/wp\/v2\/media\/435"}],"wp:attachment":[{"href":"https:\/\/vode.hr\/bs\/wp-json\/wp\/v2\/media?parent=429"}],"wp:term":[{"taxonomy":"product_cat","embeddable":true,"href":"https:\/\/vode.hr\/bs\/wp-json\/wp\/v2\/product_cat?post=429"},{"taxonomy":"product_tag","embeddable":true,"href":"https:\/\/vode.hr\/bs\/wp-json\/wp\/v2\/product_tag?post=429"}],"curies":[{"name":"wp","href":"https:\/\/api.w.org\/{rel}","templated":true}]}}