{"id":481,"date":"2023-05-04T14:59:53","date_gmt":"2023-05-04T12:59:53","guid":{"rendered":"https:\/\/vode.hr\/?post_type=product&#038;p=481"},"modified":"2023-10-16T12:47:16","modified_gmt":"2023-10-16T10:47:16","slug":"torba-za-nosenje-za-proizvode-pro-serije-uredaja","status":"publish","type":"product","link":"https:\/\/vode.hr\/bs\/proizvod\/torba-za-nosenje-za-proizvode-pro-serije-uredaja\/","title":{"rendered":"Torba za no\u0161enje za proizvode Pro serije ure\u0111aja"},"content":{"rendered":"","protected":false},"excerpt":{"rendered":"<p>Meka torba idealna za sve proizvode serije Pro i <a href=\"https:\/\/vode.hr\/oznaka-proizvoda\/prodigital\/\">ProDIGITAL<\/a>.<\/p>\n<ul>\n<li>Kompleti s kabelima se lako pri\u010dvr\u0161\u0107uju na vanjsku stranu torbe odr\u017eavaju\u0107i unutra\u0161njost \u010distom i suhom.<\/li>\n<li>Unutra\u0161nji odjeljci za <span style=\"color: #555555;\">instrument, <\/span><span style=\"color: #555555;\">utege, \u0161titnike, sonde, membrane, i jo\u0161 toga.<\/span><\/li>\n<li>Podesive trake za sprje\u010davanje otvaranja torbe kako bi mogla samostalno stajati uspravno, \u0161to ju \u010dini prakti\u010dnom za va\u0111enje predmeta u pokretu.<\/li>\n<\/ul>\n","protected":false},"featured_media":484,"template":"","meta":[],"product_cat":[115],"product_tag":[],"class_list":["post-481","product","type-product","status-publish","has-post-thumbnail","hentry","product_cat-dodatci-za-prodigital-rucne-uredaje"],"yoast_head":"<!-- This site is optimized with the Yoast SEO plugin v25.0 - https:\/\/yoast.com\/wordpress\/plugins\/seo\/ -->\n<title>Torba za no\u0161enje za proizvode Pro serije ure\u0111aja - Vode.hr<\/title>\n<meta name=\"description\" content=\"Meka torba idealna za sve proizvode serije Pro i ProDIGITAL.   Kompleti s kabelima se lako pri\u010dvr\u0161\u0107uju na vanjsku stranu torbe odr\u017eavaju\u0107i unutra\u0161njost \u010distom i suhom.  Unutra\u0161nji odjeljci za instrument, utege, \u0161titnike, sonde, membrane, i jo\u0161 toga.  Podesive trake za sprje\u010davanje otvaranja torbe kako bi mogla samostalno stajati uspravno, \u0161to ju \u010dini prakti\u010dnom za va\u0111enje predmeta u pokretu.\" \/>\n<meta name=\"robots\" content=\"index, follow, max-snippet:-1, max-image-preview:large, max-video-preview:-1\" \/>\n<link rel=\"canonical\" href=\"https:\/\/vode.hr\/bs\/proizvod\/torba-za-nosenje-za-proizvode-pro-serije-uredaja\/\" \/>\n<meta property=\"og:locale\" content=\"bs_BA\" \/>\n<meta property=\"og:type\" content=\"article\" \/>\n<meta property=\"og:title\" content=\"Torba za no\u0161enje za proizvode Pro serije ure\u0111aja - Vode.hr\" \/>\n<meta property=\"og:description\" content=\"Meka torba idealna za sve proizvode serije Pro i ProDIGITAL.   Kompleti s kabelima se lako pri\u010dvr\u0161\u0107uju na vanjsku stranu torbe odr\u017eavaju\u0107i unutra\u0161njost \u010distom i suhom.  Unutra\u0161nji odjeljci za instrument, utege, \u0161titnike, sonde, membrane, i jo\u0161 toga.  Podesive trake za sprje\u010davanje otvaranja torbe kako bi mogla samostalno stajati uspravno, \u0161to ju \u010dini prakti\u010dnom za va\u0111enje predmeta u pokretu.\" \/>\n<meta property=\"og:url\" content=\"https:\/\/vode.hr\/bs\/proizvod\/torba-za-nosenje-za-proizvode-pro-serije-uredaja\/\" \/>\n<meta property=\"og:site_name\" content=\"Vode.hr\" \/>\n<meta property=\"article:publisher\" content=\"https:\/\/www.facebook.com\/vode.hr\" \/>\n<meta property=\"article:modified_time\" content=\"2023-10-16T10:47:16+00:00\" \/>\n<meta property=\"og:image\" content=\"http:\/\/vode.hr\/wp-content\/uploads\/2023\/05\/Torba-za-nosenje-za-proizvode-Pro-serije-uredaja-1001-fb.jpg\" \/>\n\t<meta property=\"og:image:width\" content=\"400\" \/>\n\t<meta property=\"og:image:height\" content=\"400\" \/>\n\t<meta property=\"og:image:type\" content=\"image\/jpeg\" \/>\n<meta name=\"twitter:card\" content=\"summary_large_image\" \/>\n<script type=\"application\/ld+json\" class=\"yoast-schema-graph\">{\"@context\":\"https:\/\/schema.org\",\"@graph\":[{\"@type\":[\"WebPage\",\"ItemPage\"],\"@id\":\"https:\/\/vode.hr\/bs\/proizvod\/torba-za-nosenje-za-proizvode-pro-serije-uredaja\/\",\"url\":\"https:\/\/vode.hr\/bs\/proizvod\/torba-za-nosenje-za-proizvode-pro-serije-uredaja\/\",\"name\":\"Torba za no\u0161enje za proizvode Pro serije ure\u0111aja - Vode.hr\",\"isPartOf\":{\"@id\":\"https:\/\/vode.hr\/bs\/#website\"},\"primaryImageOfPage\":{\"@id\":\"https:\/\/vode.hr\/bs\/proizvod\/torba-za-nosenje-za-proizvode-pro-serije-uredaja\/#primaryimage\"},\"image\":{\"@id\":\"https:\/\/vode.hr\/bs\/proizvod\/torba-za-nosenje-za-proizvode-pro-serije-uredaja\/#primaryimage\"},\"thumbnailUrl\":\"https:\/\/vode.hr\/wp-content\/uploads\/2023\/05\/Torba-za-nosenje-za-proizvode-Pro-serije-uredaja-1001-0.jpg\",\"datePublished\":\"2023-05-04T12:59:53+00:00\",\"dateModified\":\"2023-10-16T10:47:16+00:00\",\"description\":\"Meka torba idealna za sve proizvode serije Pro i ProDIGITAL. Kompleti s kabelima se lako pri\u010dvr\u0161\u0107uju na vanjsku stranu torbe odr\u017eavaju\u0107i unutra\u0161njost \u010distom i suhom. Unutra\u0161nji odjeljci za instrument, utege, \u0161titnike, sonde, membrane, i jo\u0161 toga. Podesive trake za sprje\u010davanje otvaranja torbe kako bi mogla samostalno stajati uspravno, \u0161to ju \u010dini prakti\u010dnom za va\u0111enje predmeta u pokretu.\",\"breadcrumb\":{\"@id\":\"https:\/\/vode.hr\/bs\/proizvod\/torba-za-nosenje-za-proizvode-pro-serije-uredaja\/#breadcrumb\"},\"inLanguage\":\"bs-BA\",\"potentialAction\":[{\"@type\":\"ReadAction\",\"target\":[\"https:\/\/vode.hr\/bs\/proizvod\/torba-za-nosenje-za-proizvode-pro-serije-uredaja\/\"]}]},{\"@type\":\"ImageObject\",\"inLanguage\":\"bs-BA\",\"@id\":\"https:\/\/vode.hr\/bs\/proizvod\/torba-za-nosenje-za-proizvode-pro-serije-uredaja\/#primaryimage\",\"url\":\"https:\/\/vode.hr\/wp-content\/uploads\/2023\/05\/Torba-za-nosenje-za-proizvode-Pro-serije-uredaja-1001-0.jpg\",\"contentUrl\":\"https:\/\/vode.hr\/wp-content\/uploads\/2023\/05\/Torba-za-nosenje-za-proizvode-Pro-serije-uredaja-1001-0.jpg\",\"width\":650,\"height\":650},{\"@type\":\"BreadcrumbList\",\"@id\":\"https:\/\/vode.hr\/bs\/proizvod\/torba-za-nosenje-za-proizvode-pro-serije-uredaja\/#breadcrumb\",\"itemListElement\":[{\"@type\":\"ListItem\",\"position\":1,\"name\":\"Po\u010detna stranica\",\"item\":\"https:\/\/vode.hr\/bs\/\"},{\"@type\":\"ListItem\",\"position\":2,\"name\":\"Trgovina\",\"item\":\"https:\/\/vode.hr\/trgovina\/\"},{\"@type\":\"ListItem\",\"position\":3,\"name\":\"Torba za no\u0161enje za proizvode Pro serije ure\u0111aja\"}]},{\"@type\":\"WebSite\",\"@id\":\"https:\/\/vode.hr\/bs\/#website\",\"url\":\"https:\/\/vode.hr\/bs\/\",\"name\":\"Vode.hr\",\"description\":\"Mjerenje kvalitete voda, dezinfekcija vode i ure\u0111aji za mjerenje uvjeta u okoli\u0161u\",\"publisher\":{\"@id\":\"https:\/\/vode.hr\/bs\/#organization\"},\"potentialAction\":[{\"@type\":\"SearchAction\",\"target\":{\"@type\":\"EntryPoint\",\"urlTemplate\":\"https:\/\/vode.hr\/bs\/?s={search_term_string}\"},\"query-input\":{\"@type\":\"PropertyValueSpecification\",\"valueRequired\":true,\"valueName\":\"search_term_string\"}}],\"inLanguage\":\"bs-BA\"},{\"@type\":\"Organization\",\"@id\":\"https:\/\/vode.hr\/bs\/#organization\",\"name\":\"Primotronic d.o.o.\",\"url\":\"https:\/\/vode.hr\/bs\/\",\"logo\":{\"@type\":\"ImageObject\",\"inLanguage\":\"bs-BA\",\"@id\":\"https:\/\/vode.hr\/bs\/#\/schema\/logo\/image\/\",\"url\":\"http:\/\/vode.hr\/wp-content\/uploads\/2023\/04\/vode-1.png\",\"contentUrl\":\"http:\/\/vode.hr\/wp-content\/uploads\/2023\/04\/vode-1.png\",\"width\":300,\"height\":99,\"caption\":\"Primotronic d.o.o.\"},\"image\":{\"@id\":\"https:\/\/vode.hr\/bs\/#\/schema\/logo\/image\/\"},\"sameAs\":[\"https:\/\/www.facebook.com\/vode.hr\"]}]}<\/script>\n<!-- \/ Yoast SEO plugin. -->","yoast_head_json":{"title":"Torba za no\u0161enje za proizvode Pro serije ure\u0111aja - Vode.hr","description":"Meka torba idealna za sve proizvode serije Pro i ProDIGITAL.   Kompleti s kabelima se lako pri\u010dvr\u0161\u0107uju na vanjsku stranu torbe odr\u017eavaju\u0107i unutra\u0161njost \u010distom i suhom.  Unutra\u0161nji odjeljci za instrument, utege, \u0161titnike, sonde, membrane, i jo\u0161 toga.  Podesive trake za sprje\u010davanje otvaranja torbe kako bi mogla samostalno stajati uspravno, \u0161to ju \u010dini prakti\u010dnom za va\u0111enje predmeta u pokretu.","robots":{"index":"index","follow":"follow","max-snippet":"max-snippet:-1","max-image-preview":"max-image-preview:large","max-video-preview":"max-video-preview:-1"},"canonical":"https:\/\/vode.hr\/bs\/proizvod\/torba-za-nosenje-za-proizvode-pro-serije-uredaja\/","og_locale":"bs_BA","og_type":"article","og_title":"Torba za no\u0161enje za proizvode Pro serije ure\u0111aja - Vode.hr","og_description":"Meka torba idealna za sve proizvode serije Pro i ProDIGITAL.   Kompleti s kabelima se lako pri\u010dvr\u0161\u0107uju na vanjsku stranu torbe odr\u017eavaju\u0107i unutra\u0161njost \u010distom i suhom.  Unutra\u0161nji odjeljci za instrument, utege, \u0161titnike, sonde, membrane, i jo\u0161 toga.  Podesive trake za sprje\u010davanje otvaranja torbe kako bi mogla samostalno stajati uspravno, \u0161to ju \u010dini prakti\u010dnom za va\u0111enje predmeta u pokretu.","og_url":"https:\/\/vode.hr\/bs\/proizvod\/torba-za-nosenje-za-proizvode-pro-serije-uredaja\/","og_site_name":"Vode.hr","article_publisher":"https:\/\/www.facebook.com\/vode.hr","article_modified_time":"2023-10-16T10:47:16+00:00","og_image":[{"width":400,"height":400,"url":"http:\/\/vode.hr\/wp-content\/uploads\/2023\/05\/Torba-za-nosenje-za-proizvode-Pro-serije-uredaja-1001-fb.jpg","type":"image\/jpeg"}],"twitter_card":"summary_large_image","schema":{"@context":"https:\/\/schema.org","@graph":[{"@type":["WebPage","ItemPage"],"@id":"https:\/\/vode.hr\/bs\/proizvod\/torba-za-nosenje-za-proizvode-pro-serije-uredaja\/","url":"https:\/\/vode.hr\/bs\/proizvod\/torba-za-nosenje-za-proizvode-pro-serije-uredaja\/","name":"Torba za no\u0161enje za proizvode Pro serije ure\u0111aja - Vode.hr","isPartOf":{"@id":"https:\/\/vode.hr\/bs\/#website"},"primaryImageOfPage":{"@id":"https:\/\/vode.hr\/bs\/proizvod\/torba-za-nosenje-za-proizvode-pro-serije-uredaja\/#primaryimage"},"image":{"@id":"https:\/\/vode.hr\/bs\/proizvod\/torba-za-nosenje-za-proizvode-pro-serije-uredaja\/#primaryimage"},"thumbnailUrl":"https:\/\/vode.hr\/wp-content\/uploads\/2023\/05\/Torba-za-nosenje-za-proizvode-Pro-serije-uredaja-1001-0.jpg","datePublished":"2023-05-04T12:59:53+00:00","dateModified":"2023-10-16T10:47:16+00:00","description":"Meka torba idealna za sve proizvode serije Pro i ProDIGITAL. Kompleti s kabelima se lako pri\u010dvr\u0161\u0107uju na vanjsku stranu torbe odr\u017eavaju\u0107i unutra\u0161njost \u010distom i suhom. Unutra\u0161nji odjeljci za instrument, utege, \u0161titnike, sonde, membrane, i jo\u0161 toga. Podesive trake za sprje\u010davanje otvaranja torbe kako bi mogla samostalno stajati uspravno, \u0161to ju \u010dini prakti\u010dnom za va\u0111enje predmeta u pokretu.","breadcrumb":{"@id":"https:\/\/vode.hr\/bs\/proizvod\/torba-za-nosenje-za-proizvode-pro-serije-uredaja\/#breadcrumb"},"inLanguage":"bs-BA","potentialAction":[{"@type":"ReadAction","target":["https:\/\/vode.hr\/bs\/proizvod\/torba-za-nosenje-za-proizvode-pro-serije-uredaja\/"]}]},{"@type":"ImageObject","inLanguage":"bs-BA","@id":"https:\/\/vode.hr\/bs\/proizvod\/torba-za-nosenje-za-proizvode-pro-serije-uredaja\/#primaryimage","url":"https:\/\/vode.hr\/wp-content\/uploads\/2023\/05\/Torba-za-nosenje-za-proizvode-Pro-serije-uredaja-1001-0.jpg","contentUrl":"https:\/\/vode.hr\/wp-content\/uploads\/2023\/05\/Torba-za-nosenje-za-proizvode-Pro-serije-uredaja-1001-0.jpg","width":650,"height":650},{"@type":"BreadcrumbList","@id":"https:\/\/vode.hr\/bs\/proizvod\/torba-za-nosenje-za-proizvode-pro-serije-uredaja\/#breadcrumb","itemListElement":[{"@type":"ListItem","position":1,"name":"Po\u010detna stranica","item":"https:\/\/vode.hr\/bs\/"},{"@type":"ListItem","position":2,"name":"Trgovina","item":"https:\/\/vode.hr\/trgovina\/"},{"@type":"ListItem","position":3,"name":"Torba za no\u0161enje za proizvode Pro serije ure\u0111aja"}]},{"@type":"WebSite","@id":"https:\/\/vode.hr\/bs\/#website","url":"https:\/\/vode.hr\/bs\/","name":"Vode.hr","description":"Mjerenje kvalitete voda, dezinfekcija vode i ure\u0111aji za mjerenje uvjeta u okoli\u0161u","publisher":{"@id":"https:\/\/vode.hr\/bs\/#organization"},"potentialAction":[{"@type":"SearchAction","target":{"@type":"EntryPoint","urlTemplate":"https:\/\/vode.hr\/bs\/?s={search_term_string}"},"query-input":{"@type":"PropertyValueSpecification","valueRequired":true,"valueName":"search_term_string"}}],"inLanguage":"bs-BA"},{"@type":"Organization","@id":"https:\/\/vode.hr\/bs\/#organization","name":"Primotronic d.o.o.","url":"https:\/\/vode.hr\/bs\/","logo":{"@type":"ImageObject","inLanguage":"bs-BA","@id":"https:\/\/vode.hr\/bs\/#\/schema\/logo\/image\/","url":"http:\/\/vode.hr\/wp-content\/uploads\/2023\/04\/vode-1.png","contentUrl":"http:\/\/vode.hr\/wp-content\/uploads\/2023\/04\/vode-1.png","width":300,"height":99,"caption":"Primotronic d.o.o."},"image":{"@id":"https:\/\/vode.hr\/bs\/#\/schema\/logo\/image\/"},"sameAs":["https:\/\/www.facebook.com\/vode.hr"]}]}},"_links":{"self":[{"href":"https:\/\/vode.hr\/bs\/wp-json\/wp\/v2\/product\/481"}],"collection":[{"href":"https:\/\/vode.hr\/bs\/wp-json\/wp\/v2\/product"}],"about":[{"href":"https:\/\/vode.hr\/bs\/wp-json\/wp\/v2\/types\/product"}],"wp:featuredmedia":[{"embeddable":true,"href":"https:\/\/vode.hr\/bs\/wp-json\/wp\/v2\/media\/484"}],"wp:attachment":[{"href":"https:\/\/vode.hr\/bs\/wp-json\/wp\/v2\/media?parent=481"}],"wp:term":[{"taxonomy":"product_cat","embeddable":true,"href":"https:\/\/vode.hr\/bs\/wp-json\/wp\/v2\/product_cat?post=481"},{"taxonomy":"product_tag","embeddable":true,"href":"https:\/\/vode.hr\/bs\/wp-json\/wp\/v2\/product_tag?post=481"}],"curies":[{"name":"wp","href":"https:\/\/api.w.org\/{rel}","templated":true}]}}