{"id":485,"date":"2023-05-04T15:21:41","date_gmt":"2023-05-04T13:21:41","guid":{"rendered":"https:\/\/vode.hr\/?post_type=product&#038;p=485"},"modified":"2025-10-24T10:57:58","modified_gmt":"2025-10-24T08:57:58","slug":"plutaca-za-udaljeno-pracenje-db600-ysi","status":"publish","type":"product","link":"https:\/\/vode.hr\/bs\/proizvod\/plutaca-za-udaljeno-pracenje-db600-ysi\/","title":{"rendered":"Pluta\u010da za pra\u0107enje podataka na daljinu DB600, YSI"},"content":{"rendered":"<div class=\"row\"  id=\"row-325465432\">\n\n\t<div id=\"col-2142017397\" class=\"col small-12 large-12\"  >\n\t\t\t\t<div class=\"col-inner\"  >\n\t\t\t\n\t\t\t\n\t<div id=\"text-1474412011\" class=\"text\">\n\t\t\n<h2>Podatkovna pluta\u010da za jednostavno daljinsko pra\u0107enje<\/h2>\n\t\t\n<style>\n#text-1474412011 {\n  font-size: 1.3rem;\n  text-align: center;\n}\n<\/style>\n\t<\/div>\n\t\n\t<div id=\"text-2411560622\" class=\"text\">\n\t\t\n<p class=\"lead\">Pouzdana, kompaktna i prakti\u010dna sve-u-jednom pluta\u010da za daljinski nadzor<\/p>\n\t\t\n<style>\n#text-2411560622 {\n  font-size: 0.9rem;\n  text-align: center;\n}\n<\/style>\n\t<\/div>\n\t\n\t\t<\/div>\n\t\t\t\t\t<\/div>\n\n\t\n\n<style>\n#row-325465432 > .col > .col-inner {\n  padding: 3em 0px 0px 0px;\n}\n<\/style>\n<\/div>\n<div class=\"row align-middle\"  id=\"row-520522642\">\n\n\t<div id=\"col-1477863847\" class=\"col medium-6 small-12 large-6\"  >\n\t\t\t\t<div class=\"col-inner\"  >\n\t\t\t\n\t\t\t\n\t<div id=\"text-3482125953\" class=\"text\">\n\t\t\n<h2 style=\"text-align: left;\">Integrirano i cjelovito rje\u0161enje za daljinski nadzor<\/h2>\n\t\t\n<style>\n#text-3482125953 {\n  text-align: center;\n}\n<\/style>\n\t<\/div>\n\t\n<div class=\"is-divider divider clearfix\" style=\"max-width:100%;\"><\/div>\n<div>Pluta\u010da dolazi potpuno integrirana i uklju\u010duje sve \u0161to je potrebno za trenuta\u010dan prijenos podataka senzora izravno na va\u0161e ure\u0111aje. Sve-u-jednom (Ai1) telemetrijski sustav nudi plug-and-play kompatibilnost s YSI EXO senzorima za jednostavno povezivanje. Uklju\u010deno uz proizvod:<\/div>\n<ul>\n<li>telemetrijski i komunikacijski sustav<\/li>\n<li>sustav solarnoga napajanja<\/li>\n<li>cijev od nehr\u0111aju\u0107eg \u010delika za postavljanje instrumenta (senzora)<\/li>\n<li>kabel za senzor<\/li>\n<li>navigacijsko svjetlo raspoznavanja na moru<\/li>\n<\/ul>\n<h3>Jednostavan i kompaktan dizajn<\/h3>\n<p>Dio dizajna DB600 sustava je jedinstvena cijev za postavljanje senzora sa \u0161arkama koje se mogu zaklju\u010dati, sprje\u010davaju\u0107i gubitak senzora. Jednostavan dizajn omogu\u0107uje instalaciju sustava od strane jedne osobe. Pluta\u010da je izra\u0111ena od materijala koji su namijenjeni kori\u0161tenju u moru za osiguravanje dugovje\u010dnosti.<\/p>\n<h3>Pouzdanost i robusnost<\/h3>\n<p>DB600 sustav je dizajniran za kriti\u010dne primjene gdje je neprekidan tok podataka najva\u017eniji. Njegov jedinstven telemetrijski sustav i visokou\u010dinkoviti solarno-energetski sustav omogu\u0107uju pouzdan i neprekinut prijenos podataka. Pluta\u010da je izra\u0111ena je od materijala namijenjenih za izdr\u017eljivost i otpornost u izazovnim meteorolo\u0161kim i okoli\u0161nim uvjetima.<\/p>\n\t<div id=\"gap-1046928254\" class=\"gap-element clearfix\" style=\"display:block; height:auto;\">\n\t\t\n<style>\n#gap-1046928254 {\n  padding-top: 30px;\n}\n<\/style>\n\t<\/div>\n\t\n\t<div id=\"gap-825965036\" class=\"gap-element clearfix\" style=\"display:block; height:auto;\">\n\t\t\n<style>\n#gap-825965036 {\n  padding-top: 30px;\n}\n<\/style>\n\t<\/div>\n\t\n\t\t<\/div>\n\t\t\t\t\t<\/div>\n\n\t\n\n\t<div id=\"col-740692476\" class=\"col medium-6 small-12 large-6\"  >\n\t\t\t\t<div class=\"col-inner\"  >\n\t\t\t\n\t\t\t\n\t<div class=\"img has-hover x md-x lg-x y md-y lg-y\" id=\"image_1095547967\">\n\t\t\t\t\t\t\t\t<div class=\"img-inner dark\" >\n\t\t\t<img loading=\"lazy\" decoding=\"async\" width=\"650\" height=\"650\" src=\"https:\/\/vode.hr\/wp-content\/uploads\/2023\/05\/Plutaca-za-udaljeno-pracenje-DB600-1006-0.jpg\" class=\"attachment-original size-original\" alt=\"\" srcset=\"https:\/\/vode.hr\/wp-content\/uploads\/2023\/05\/Plutaca-za-udaljeno-pracenje-DB600-1006-0.jpg 650w, https:\/\/vode.hr\/wp-content\/uploads\/2023\/05\/Plutaca-za-udaljeno-pracenje-DB600-1006-0-300x300.jpg 300w, https:\/\/vode.hr\/wp-content\/uploads\/2023\/05\/Plutaca-za-udaljeno-pracenje-DB600-1006-0-150x150.jpg 150w, https:\/\/vode.hr\/wp-content\/uploads\/2023\/05\/Plutaca-za-udaljeno-pracenje-DB600-1006-0-370x370.jpg 370w, https:\/\/vode.hr\/wp-content\/uploads\/2023\/05\/Plutaca-za-udaljeno-pracenje-DB600-1006-0-100x100.jpg 100w\" sizes=\"(max-width: 650px) 100vw, 650px\" \/>\t\t\t\t\t\t\n\t\t\t\t\t<\/div>\n\t\t\t\t\t\t\t\t\n<style>\n#image_1095547967 {\n  width: 100%;\n}\n<\/style>\n\t<\/div>\n\t\n\t\t<\/div>\n\t\t\t\t\t<\/div>\n\n\t\n\n<style>\n#row-520522642 > .col > .col-inner {\n  padding: 2em 0px 0px 0px;\n}\n<\/style>\n<\/div>\n\t<div id=\"gap-684438070\" class=\"gap-element clearfix\" style=\"display:block; height:auto;\">\n\t\t\n<style>\n#gap-684438070 {\n  padding-top: 2em;\n}\n<\/style>\n\t<\/div>\n\t\n\t<section class=\"section\" id=\"section_784902103\">\n\t\t<div class=\"bg section-bg fill bg-fill  bg-loaded\" >\n\n\t\t\t\n\t\t\t\n\t\t\t\n\n\t\t<\/div>\n\n\t\t\n\n\t\t<div class=\"section-content relative\">\n\t\t\t\n\t<div id=\"text-3708467648\" class=\"text\">\n\t\t\n<h2>Prezentacija podatkovne pluta\u010de<\/h2>\n<p>Istra\u017eite mogu\u0107nost i zna\u010dajke DB600 sustava u ovom kratkom videu<br \/>\n\t\t\n<style>\n#text-3708467648 {\n  text-align: center;\n}\n<\/style>\n\t<\/div>\n\t\n<div class=\"row\"  id=\"row-612827818\">\n\n\t<div id=\"col-1096910201\" class=\"col hide-for-medium medium-3 small-12 large-3\"  >\n\t\t\t\t<div class=\"col-inner\"  >\n\t\t\t\n\t\t\t\n\t\t<\/div>\n\t\t\t\t\t<\/div>\n\n\t\n\n\t<div id=\"col-1792841330\" class=\"col medium-12 small-12 large-6\"  >\n\t\t\t\t<div class=\"col-inner\"  >\n\t\t\t\n\t\t\t\n<div class=\"video video-fit mb\" style=\"padding-top:56.25%;\"><p><iframe loading=\"lazy\" title=\"Data Monitoring Buoy DB600\" width=\"1020\" height=\"574\" src=\"https:\/\/www.youtube.com\/embed\/SJ56bmzaIoc?feature=oembed\" frameborder=\"0\" allow=\"accelerometer; autoplay; clipboard-write; encrypted-media; gyroscope; picture-in-picture; web-share\" allowfullscreen><\/iframe><\/p>\n<\/div>\n\t\t<\/div>\n\t\t\t\t\t<\/div>\n\n\t\n\n\t<div id=\"col-631649586\" class=\"col hide-for-medium medium-3 small-12 large-3\"  >\n\t\t\t\t<div class=\"col-inner\"  >\n\t\t\t\n\t\t\t\n\t\t<\/div>\n\t\t\t\t\t<\/div>\n\n\t\n\n<style>\n#row-612827818 > .col > .col-inner {\n  padding: 3em 0px 0px 0px;\n}\n<\/style>\n<\/div>\n\t\t<\/div>\n\n\t\t\n<style>\n#section_784902103 {\n  padding-top: 0px;\n  padding-bottom: 0px;\n  min-height: 600px;\n  background-color: rgb(221, 239, 239);\n}\n@media (min-width:550px) {\n  #section_784902103 {\n    padding-top: 30px;\n    padding-bottom: 30px;\n    min-height: 800px;\n  }\n}\n<\/style>\n\t<\/section>\n\t\n<div class=\"row align-middle\"  id=\"row-1359099659\">\n\n\t<div id=\"col-175375927\" class=\"col medium-6 small-12 large-6\"  >\n\t\t\t\t<div class=\"col-inner\"  >\n\t\t\t\n\t\t\t\n\t<div class=\"img has-hover x md-x lg-x y md-y lg-y\" id=\"image_1213411159\">\n\t\t\t\t\t\t\t\t<div class=\"img-inner dark\" >\n\t\t\t<img loading=\"lazy\" decoding=\"async\" width=\"650\" height=\"650\" src=\"https:\/\/vode.hr\/wp-content\/uploads\/2023\/05\/Viseparametarska-sonda-za-mjerenje-kvalitete-vode-EXO2-1011-5.jpg\" class=\"attachment-original size-original\" alt=\"\" srcset=\"https:\/\/vode.hr\/wp-content\/uploads\/2023\/05\/Viseparametarska-sonda-za-mjerenje-kvalitete-vode-EXO2-1011-5.jpg 650w, https:\/\/vode.hr\/wp-content\/uploads\/2023\/05\/Viseparametarska-sonda-za-mjerenje-kvalitete-vode-EXO2-1011-5-300x300.jpg 300w, https:\/\/vode.hr\/wp-content\/uploads\/2023\/05\/Viseparametarska-sonda-za-mjerenje-kvalitete-vode-EXO2-1011-5-150x150.jpg 150w, https:\/\/vode.hr\/wp-content\/uploads\/2023\/05\/Viseparametarska-sonda-za-mjerenje-kvalitete-vode-EXO2-1011-5-370x370.jpg 370w, https:\/\/vode.hr\/wp-content\/uploads\/2023\/05\/Viseparametarska-sonda-za-mjerenje-kvalitete-vode-EXO2-1011-5-100x100.jpg 100w\" sizes=\"(max-width: 650px) 100vw, 650px\" \/>\t\t\t\t\t\t\n\t\t\t\t\t<\/div>\n\t\t\t\t\t\t\t\t\n<style>\n#image_1213411159 {\n  width: 100%;\n}\n<\/style>\n\t<\/div>\n\t\n\t\t<\/div>\n\t\t\t\t\n<style>\n#col-175375927 > .col-inner {\n  padding: 0px 0px 0px 0px;\n}\n<\/style>\n\t<\/div>\n\n\t\n\n\t<div id=\"col-183780763\" class=\"col medium-6 small-12 large-6\"  >\n\t\t\t\t<div class=\"col-inner text-left\"  >\n\t\t\t\n\t\t\t\n\t<div id=\"text-3638463770\" class=\"text\">\n\t\t\n<h2>Prvoklasna kompatibilnost s EXO sondama<\/h2>\n\t\t\n<style>\n#text-3638463770 {\n  text-align: center;\n}\n@media (min-width:550px) {\n  #text-3638463770 {\n    text-align: left;\n  }\n}\n<\/style>\n\t<\/div>\n\t\n<div class=\"is-divider divider clearfix\" style=\"max-width:100%;\"><\/div>\n<p>EXO platforma sondi se savr\u0161eno uklapa u DB600 sustav, koji je dizajniran za potpunu kompatibilnost s EXO sondama.<\/p>\n<p>EXO nudi iznimno svestrane instrumente koji korisniku omogu\u0107uju automatsko konfiguriranje sondi s raznim senzorima za razli\u010dite primjene u samo nekoliko minuta, a rezultat su precizni i pouzdani podatci.<\/p>\n<p>Sonde i senzori testirani su u nizu rigoroznih terenskih uvjeta kao i u laboratorijskim uvjetima kako bi se osigurala to\u010dnost i zadovoljavaju\u0107e vrijeme odziva. U ovisnosti o primjenjenoj kombinaciji senzora, EXO mo\u017ee izra\u010dunavati razli\u010dite parametre poput tlaka, slanosti, konduktivnosti, gusto\u0107e itd.<\/p>\n<ul class=\"product_list_widget\">\n                  <li>\n\t<a href=\"https:\/\/vode.hr\/bs\/proizvod\/viseparametarska-sonda-za-mjerenje-kvalitete-vode-exo1-ysi\/\" title=\"Vi\u0161eparametarska sonda za mjerenje kvalitete vode &quot;EXO1&quot;, YSI\">\n\t\t<img loading=\"lazy\" decoding=\"async\" width=\"100\" height=\"100\" src=\"https:\/\/vode.hr\/wp-content\/uploads\/2023\/04\/Viseparametarska-sonda-za-mjerenje-kvalitete-vode-Exo1-1012-0-100x100.jpg\" class=\"attachment-woocommerce_gallery_thumbnail size-woocommerce_gallery_thumbnail\" alt=\"\" srcset=\"https:\/\/vode.hr\/wp-content\/uploads\/2023\/04\/Viseparametarska-sonda-za-mjerenje-kvalitete-vode-Exo1-1012-0-100x100.jpg 100w, https:\/\/vode.hr\/wp-content\/uploads\/2023\/04\/Viseparametarska-sonda-za-mjerenje-kvalitete-vode-Exo1-1012-0-300x300.jpg 300w, https:\/\/vode.hr\/wp-content\/uploads\/2023\/04\/Viseparametarska-sonda-za-mjerenje-kvalitete-vode-Exo1-1012-0-150x150.jpg 150w, https:\/\/vode.hr\/wp-content\/uploads\/2023\/04\/Viseparametarska-sonda-za-mjerenje-kvalitete-vode-Exo1-1012-0-370x370.jpg 370w, https:\/\/vode.hr\/wp-content\/uploads\/2023\/04\/Viseparametarska-sonda-za-mjerenje-kvalitete-vode-Exo1-1012-0.jpg 650w\" sizes=\"(max-width: 100px) 100vw, 100px\" \/>\t\t<span class=\"product-title\">Vi\u0161eparametarska sonda za mjerenje kvalitete vode \"EXO1\", YSI<\/span>\n\t<\/a>\n\t\t<span class=\"woocommerce-Price-amount amount\">Cijena na upit<\/span><\/li>\n                  <li>\n\t<a href=\"https:\/\/vode.hr\/bs\/proizvod\/viseparametarska-sonda-za-mjerenje-kvalitete-vode-exo2-ysi\/\" title=\"Vi\u0161eparametarska sonda za mjerenje kvalitete vode &quot;EXO2&quot;, YSI\">\n\t\t<img loading=\"lazy\" decoding=\"async\" width=\"100\" height=\"100\" src=\"https:\/\/vode.hr\/wp-content\/uploads\/2023\/05\/Viseparametarska-sonda-za-mjerenje-kvalitete-vode-EXO2-1011-0-100x100.jpg\" class=\"attachment-woocommerce_gallery_thumbnail size-woocommerce_gallery_thumbnail\" alt=\"\" srcset=\"https:\/\/vode.hr\/wp-content\/uploads\/2023\/05\/Viseparametarska-sonda-za-mjerenje-kvalitete-vode-EXO2-1011-0-100x100.jpg 100w, https:\/\/vode.hr\/wp-content\/uploads\/2023\/05\/Viseparametarska-sonda-za-mjerenje-kvalitete-vode-EXO2-1011-0-300x300.jpg 300w, https:\/\/vode.hr\/wp-content\/uploads\/2023\/05\/Viseparametarska-sonda-za-mjerenje-kvalitete-vode-EXO2-1011-0-150x150.jpg 150w, https:\/\/vode.hr\/wp-content\/uploads\/2023\/05\/Viseparametarska-sonda-za-mjerenje-kvalitete-vode-EXO2-1011-0-370x370.jpg 370w, https:\/\/vode.hr\/wp-content\/uploads\/2023\/05\/Viseparametarska-sonda-za-mjerenje-kvalitete-vode-EXO2-1011-0.jpg 650w\" sizes=\"(max-width: 100px) 100vw, 100px\" \/>\t\t<span class=\"product-title\">Vi\u0161eparametarska sonda za mjerenje kvalitete vode \"EXO2\", YSI<\/span>\n\t<\/a>\n\t\t<span class=\"woocommerce-Price-amount amount\">Cijena na upit<\/span><\/li>\n                  <li>\n\t<a href=\"https:\/\/vode.hr\/bs\/proizvod\/viseparametarska-sonda-za-mjerenje-kvalitete-vode-exo3-ysi\/\" title=\"Vi\u0161eparametarska sonda za mjerenje kvalitete vode &quot;EXO3&quot;, YSI\">\n\t\t<img loading=\"lazy\" decoding=\"async\" width=\"100\" height=\"100\" src=\"https:\/\/vode.hr\/wp-content\/uploads\/2023\/05\/Viseparametarska-sonda-za-mjerenje-kvalitete-vode-EXO3-1010-0-100x100.jpg\" class=\"attachment-woocommerce_gallery_thumbnail size-woocommerce_gallery_thumbnail\" alt=\"\" srcset=\"https:\/\/vode.hr\/wp-content\/uploads\/2023\/05\/Viseparametarska-sonda-za-mjerenje-kvalitete-vode-EXO3-1010-0-100x100.jpg 100w, https:\/\/vode.hr\/wp-content\/uploads\/2023\/05\/Viseparametarska-sonda-za-mjerenje-kvalitete-vode-EXO3-1010-0-300x300.jpg 300w, https:\/\/vode.hr\/wp-content\/uploads\/2023\/05\/Viseparametarska-sonda-za-mjerenje-kvalitete-vode-EXO3-1010-0-150x150.jpg 150w, https:\/\/vode.hr\/wp-content\/uploads\/2023\/05\/Viseparametarska-sonda-za-mjerenje-kvalitete-vode-EXO3-1010-0-370x370.jpg 370w, https:\/\/vode.hr\/wp-content\/uploads\/2023\/05\/Viseparametarska-sonda-za-mjerenje-kvalitete-vode-EXO3-1010-0.jpg 650w\" sizes=\"(max-width: 100px) 100vw, 100px\" \/>\t\t<span class=\"product-title\">Vi\u0161eparametarska sonda za mjerenje kvalitete vode \"EXO3\", YSI<\/span>\n\t<\/a>\n\t\t<span class=\"woocommerce-Price-amount amount\">Cijena na upit<\/span><\/li>\n        \n      <\/ul>\n<a href=\"https:\/\/vode.hr\/kategorija\/ispitivanje-i-mjerenje-kvalitete-vode\/exo-senzori\/\" target=\"_self\" class=\"button secondary is-underline expand\"  >\n    <span>istra\u017eite sve exo senzore<\/span>\n  <\/a>\n\n\t<div id=\"gap-189312802\" class=\"gap-element clearfix\" style=\"display:block; height:auto;\">\n\t\t\n<style>\n#gap-189312802 {\n  padding-top: 30px;\n}\n<\/style>\n\t<\/div>\n\t\n\t<div id=\"gap-1399421166\" class=\"gap-element clearfix\" style=\"display:block; height:auto;\">\n\t\t\n<style>\n#gap-1399421166 {\n  padding-top: 30px;\n}\n<\/style>\n\t<\/div>\n\t\n\t\t<\/div>\n\t\t\t\t\n<style>\n#col-183780763 > .col-inner {\n  padding: 0px 0px 0px 2px;\n}\n<\/style>\n\t<\/div>\n\n\t\n\n<style>\n#row-1359099659 > .col > .col-inner {\n  padding: 2em 2em 2em 2em;\n}\n<\/style>\n<\/div>\n","protected":false},"excerpt":{"rendered":"<p>Sveobuhvatno rje\u0161enje za nadzor na daljinu s plug-n-play sustavom koji se lako sastavlja i podr\u017eava niz senzora. Proizvod dolazi potpuno integriran i mo\u017ee ga postaviti jedna osoba.<\/p>\n<ul>\n<li>Kompatibilnost s EXO sondama<\/li>\n<li>Industrijska razina pouzdanosti<\/li>\n<li><span style=\"color: #555555;\">Uklju\u010duje sve \u0161to je potrebno za prijenos podataka sa senzora izravno na va\u0161e ure\u0111aje<\/span><\/li>\n<\/ul>\n","protected":false},"featured_media":489,"template":"","meta":[],"product_cat":[205],"product_tag":[296],"class_list":["post-485","product","type-product","status-publish","has-post-thumbnail","hentry","product_cat-plutace-i-platforme-za-mjerenje-kvalitete-vode","product_tag-ysi"],"yoast_head":"<!-- This site is optimized with the Yoast SEO plugin v25.0 - https:\/\/yoast.com\/wordpress\/plugins\/seo\/ -->\n<title>Pluta\u010da za pra\u0107enje podataka na daljinu DB600, YSI - Vode.hr<\/title>\n<meta name=\"description\" content=\"Sveobuhvatno rje\u0161enje za nadzor na daljinu s plug-n-play sustavom koji se lako sastavlja i podr\u017eava niz senzora. Proizvod dolazi potpuno integriran i mo\u017ee ga postaviti jedna osoba.   Kompatibilnost s EXO sondama  Industrijska razina pouzdanosti  Uklju\u010duje sve \u0161to je potrebno za prijenos podataka sa senzora izravno na va\u0161e ure\u0111aje\" \/>\n<meta name=\"robots\" content=\"index, follow, max-snippet:-1, max-image-preview:large, max-video-preview:-1\" \/>\n<link rel=\"canonical\" href=\"https:\/\/vode.hr\/bs\/proizvod\/plutaca-za-udaljeno-pracenje-db600-ysi\/\" \/>\n<meta property=\"og:locale\" content=\"bs_BA\" \/>\n<meta property=\"og:type\" content=\"article\" \/>\n<meta property=\"og:title\" content=\"Pluta\u010da za pra\u0107enje podataka na daljinu DB600, YSI - Vode.hr\" \/>\n<meta property=\"og:description\" content=\"Sveobuhvatno rje\u0161enje za nadzor na daljinu s plug-n-play sustavom koji se lako sastavlja i podr\u017eava niz senzora. Proizvod dolazi potpuno integriran i mo\u017ee ga postaviti jedna osoba.   Kompatibilnost s EXO sondama  Industrijska razina pouzdanosti  Uklju\u010duje sve \u0161to je potrebno za prijenos podataka sa senzora izravno na va\u0161e ure\u0111aje\" \/>\n<meta property=\"og:url\" content=\"https:\/\/vode.hr\/bs\/proizvod\/plutaca-za-udaljeno-pracenje-db600-ysi\/\" \/>\n<meta property=\"og:site_name\" content=\"Vode.hr\" \/>\n<meta property=\"article:publisher\" content=\"https:\/\/www.facebook.com\/vode.hr\" \/>\n<meta property=\"article:modified_time\" content=\"2025-10-24T08:57:58+00:00\" \/>\n<meta property=\"og:image\" content=\"http:\/\/vode.hr\/wp-content\/uploads\/2023\/05\/Plutaca-za-udaljeno-pracenje-DB600-1006-fb.jpg\" \/>\n\t<meta property=\"og:image:width\" content=\"400\" \/>\n\t<meta property=\"og:image:height\" content=\"400\" \/>\n\t<meta property=\"og:image:type\" content=\"image\/jpeg\" \/>\n<meta name=\"twitter:card\" content=\"summary_large_image\" \/>\n<meta name=\"twitter:label1\" content=\"Est. reading time\" \/>\n\t<meta name=\"twitter:data1\" content=\"3 minute\" \/>\n<script type=\"application\/ld+json\" class=\"yoast-schema-graph\">{\"@context\":\"https:\/\/schema.org\",\"@graph\":[{\"@type\":[\"WebPage\",\"ItemPage\"],\"@id\":\"https:\/\/vode.hr\/bs\/proizvod\/plutaca-za-udaljeno-pracenje-db600-ysi\/\",\"url\":\"https:\/\/vode.hr\/bs\/proizvod\/plutaca-za-udaljeno-pracenje-db600-ysi\/\",\"name\":\"Pluta\u010da za pra\u0107enje podataka na daljinu DB600, YSI - Vode.hr\",\"isPartOf\":{\"@id\":\"https:\/\/vode.hr\/bs\/#website\"},\"primaryImageOfPage\":{\"@id\":\"https:\/\/vode.hr\/bs\/proizvod\/plutaca-za-udaljeno-pracenje-db600-ysi\/#primaryimage\"},\"image\":{\"@id\":\"https:\/\/vode.hr\/bs\/proizvod\/plutaca-za-udaljeno-pracenje-db600-ysi\/#primaryimage\"},\"thumbnailUrl\":\"https:\/\/vode.hr\/wp-content\/uploads\/2023\/05\/Plutaca-za-udaljeno-pracenje-DB600-1006-2.jpg\",\"datePublished\":\"2023-05-04T13:21:41+00:00\",\"dateModified\":\"2025-10-24T08:57:58+00:00\",\"description\":\"Sveobuhvatno rje\u0161enje za nadzor na daljinu s plug-n-play sustavom koji se lako sastavlja i podr\u017eava niz senzora. Proizvod dolazi potpuno integriran i mo\u017ee ga postaviti jedna osoba. Kompatibilnost s EXO sondama Industrijska razina pouzdanosti Uklju\u010duje sve \u0161to je potrebno za prijenos podataka sa senzora izravno na va\u0161e ure\u0111aje\",\"breadcrumb\":{\"@id\":\"https:\/\/vode.hr\/bs\/proizvod\/plutaca-za-udaljeno-pracenje-db600-ysi\/#breadcrumb\"},\"inLanguage\":\"bs-BA\",\"potentialAction\":[{\"@type\":\"ReadAction\",\"target\":[\"https:\/\/vode.hr\/bs\/proizvod\/plutaca-za-udaljeno-pracenje-db600-ysi\/\"]}]},{\"@type\":\"ImageObject\",\"inLanguage\":\"bs-BA\",\"@id\":\"https:\/\/vode.hr\/bs\/proizvod\/plutaca-za-udaljeno-pracenje-db600-ysi\/#primaryimage\",\"url\":\"https:\/\/vode.hr\/wp-content\/uploads\/2023\/05\/Plutaca-za-udaljeno-pracenje-DB600-1006-2.jpg\",\"contentUrl\":\"https:\/\/vode.hr\/wp-content\/uploads\/2023\/05\/Plutaca-za-udaljeno-pracenje-DB600-1006-2.jpg\",\"width\":650,\"height\":650},{\"@type\":\"BreadcrumbList\",\"@id\":\"https:\/\/vode.hr\/bs\/proizvod\/plutaca-za-udaljeno-pracenje-db600-ysi\/#breadcrumb\",\"itemListElement\":[{\"@type\":\"ListItem\",\"position\":1,\"name\":\"Po\u010detna stranica\",\"item\":\"https:\/\/vode.hr\/bs\/\"},{\"@type\":\"ListItem\",\"position\":2,\"name\":\"Trgovina\",\"item\":\"https:\/\/vode.hr\/trgovina\/\"},{\"@type\":\"ListItem\",\"position\":3,\"name\":\"Pluta\u010da za pra\u0107enje podataka na daljinu DB600, YSI\"}]},{\"@type\":\"WebSite\",\"@id\":\"https:\/\/vode.hr\/bs\/#website\",\"url\":\"https:\/\/vode.hr\/bs\/\",\"name\":\"Vode.hr\",\"description\":\"Mjerenje kvalitete voda, dezinfekcija vode i ure\u0111aji za mjerenje uvjeta u okoli\u0161u\",\"publisher\":{\"@id\":\"https:\/\/vode.hr\/bs\/#organization\"},\"potentialAction\":[{\"@type\":\"SearchAction\",\"target\":{\"@type\":\"EntryPoint\",\"urlTemplate\":\"https:\/\/vode.hr\/bs\/?s={search_term_string}\"},\"query-input\":{\"@type\":\"PropertyValueSpecification\",\"valueRequired\":true,\"valueName\":\"search_term_string\"}}],\"inLanguage\":\"bs-BA\"},{\"@type\":\"Organization\",\"@id\":\"https:\/\/vode.hr\/bs\/#organization\",\"name\":\"Primotronic d.o.o.\",\"url\":\"https:\/\/vode.hr\/bs\/\",\"logo\":{\"@type\":\"ImageObject\",\"inLanguage\":\"bs-BA\",\"@id\":\"https:\/\/vode.hr\/bs\/#\/schema\/logo\/image\/\",\"url\":\"http:\/\/vode.hr\/wp-content\/uploads\/2023\/04\/vode-1.png\",\"contentUrl\":\"http:\/\/vode.hr\/wp-content\/uploads\/2023\/04\/vode-1.png\",\"width\":300,\"height\":99,\"caption\":\"Primotronic d.o.o.\"},\"image\":{\"@id\":\"https:\/\/vode.hr\/bs\/#\/schema\/logo\/image\/\"},\"sameAs\":[\"https:\/\/www.facebook.com\/vode.hr\"]}]}<\/script>\n<!-- \/ Yoast SEO plugin. -->","yoast_head_json":{"title":"Pluta\u010da za pra\u0107enje podataka na daljinu DB600, YSI - Vode.hr","description":"Sveobuhvatno rje\u0161enje za nadzor na daljinu s plug-n-play sustavom koji se lako sastavlja i podr\u017eava niz senzora. Proizvod dolazi potpuno integriran i mo\u017ee ga postaviti jedna osoba.   Kompatibilnost s EXO sondama  Industrijska razina pouzdanosti  Uklju\u010duje sve \u0161to je potrebno za prijenos podataka sa senzora izravno na va\u0161e ure\u0111aje","robots":{"index":"index","follow":"follow","max-snippet":"max-snippet:-1","max-image-preview":"max-image-preview:large","max-video-preview":"max-video-preview:-1"},"canonical":"https:\/\/vode.hr\/bs\/proizvod\/plutaca-za-udaljeno-pracenje-db600-ysi\/","og_locale":"bs_BA","og_type":"article","og_title":"Pluta\u010da za pra\u0107enje podataka na daljinu DB600, YSI - Vode.hr","og_description":"Sveobuhvatno rje\u0161enje za nadzor na daljinu s plug-n-play sustavom koji se lako sastavlja i podr\u017eava niz senzora. Proizvod dolazi potpuno integriran i mo\u017ee ga postaviti jedna osoba.   Kompatibilnost s EXO sondama  Industrijska razina pouzdanosti  Uklju\u010duje sve \u0161to je potrebno za prijenos podataka sa senzora izravno na va\u0161e ure\u0111aje","og_url":"https:\/\/vode.hr\/bs\/proizvod\/plutaca-za-udaljeno-pracenje-db600-ysi\/","og_site_name":"Vode.hr","article_publisher":"https:\/\/www.facebook.com\/vode.hr","article_modified_time":"2025-10-24T08:57:58+00:00","og_image":[{"width":400,"height":400,"url":"http:\/\/vode.hr\/wp-content\/uploads\/2023\/05\/Plutaca-za-udaljeno-pracenje-DB600-1006-fb.jpg","type":"image\/jpeg"}],"twitter_card":"summary_large_image","twitter_misc":{"Est. reading time":"3 minute"},"schema":{"@context":"https:\/\/schema.org","@graph":[{"@type":["WebPage","ItemPage"],"@id":"https:\/\/vode.hr\/bs\/proizvod\/plutaca-za-udaljeno-pracenje-db600-ysi\/","url":"https:\/\/vode.hr\/bs\/proizvod\/plutaca-za-udaljeno-pracenje-db600-ysi\/","name":"Pluta\u010da za pra\u0107enje podataka na daljinu DB600, YSI - Vode.hr","isPartOf":{"@id":"https:\/\/vode.hr\/bs\/#website"},"primaryImageOfPage":{"@id":"https:\/\/vode.hr\/bs\/proizvod\/plutaca-za-udaljeno-pracenje-db600-ysi\/#primaryimage"},"image":{"@id":"https:\/\/vode.hr\/bs\/proizvod\/plutaca-za-udaljeno-pracenje-db600-ysi\/#primaryimage"},"thumbnailUrl":"https:\/\/vode.hr\/wp-content\/uploads\/2023\/05\/Plutaca-za-udaljeno-pracenje-DB600-1006-2.jpg","datePublished":"2023-05-04T13:21:41+00:00","dateModified":"2025-10-24T08:57:58+00:00","description":"Sveobuhvatno rje\u0161enje za nadzor na daljinu s plug-n-play sustavom koji se lako sastavlja i podr\u017eava niz senzora. Proizvod dolazi potpuno integriran i mo\u017ee ga postaviti jedna osoba. Kompatibilnost s EXO sondama Industrijska razina pouzdanosti Uklju\u010duje sve \u0161to je potrebno za prijenos podataka sa senzora izravno na va\u0161e ure\u0111aje","breadcrumb":{"@id":"https:\/\/vode.hr\/bs\/proizvod\/plutaca-za-udaljeno-pracenje-db600-ysi\/#breadcrumb"},"inLanguage":"bs-BA","potentialAction":[{"@type":"ReadAction","target":["https:\/\/vode.hr\/bs\/proizvod\/plutaca-za-udaljeno-pracenje-db600-ysi\/"]}]},{"@type":"ImageObject","inLanguage":"bs-BA","@id":"https:\/\/vode.hr\/bs\/proizvod\/plutaca-za-udaljeno-pracenje-db600-ysi\/#primaryimage","url":"https:\/\/vode.hr\/wp-content\/uploads\/2023\/05\/Plutaca-za-udaljeno-pracenje-DB600-1006-2.jpg","contentUrl":"https:\/\/vode.hr\/wp-content\/uploads\/2023\/05\/Plutaca-za-udaljeno-pracenje-DB600-1006-2.jpg","width":650,"height":650},{"@type":"BreadcrumbList","@id":"https:\/\/vode.hr\/bs\/proizvod\/plutaca-za-udaljeno-pracenje-db600-ysi\/#breadcrumb","itemListElement":[{"@type":"ListItem","position":1,"name":"Po\u010detna stranica","item":"https:\/\/vode.hr\/bs\/"},{"@type":"ListItem","position":2,"name":"Trgovina","item":"https:\/\/vode.hr\/trgovina\/"},{"@type":"ListItem","position":3,"name":"Pluta\u010da za pra\u0107enje podataka na daljinu DB600, YSI"}]},{"@type":"WebSite","@id":"https:\/\/vode.hr\/bs\/#website","url":"https:\/\/vode.hr\/bs\/","name":"Vode.hr","description":"Mjerenje kvalitete voda, dezinfekcija vode i ure\u0111aji za mjerenje uvjeta u okoli\u0161u","publisher":{"@id":"https:\/\/vode.hr\/bs\/#organization"},"potentialAction":[{"@type":"SearchAction","target":{"@type":"EntryPoint","urlTemplate":"https:\/\/vode.hr\/bs\/?s={search_term_string}"},"query-input":{"@type":"PropertyValueSpecification","valueRequired":true,"valueName":"search_term_string"}}],"inLanguage":"bs-BA"},{"@type":"Organization","@id":"https:\/\/vode.hr\/bs\/#organization","name":"Primotronic d.o.o.","url":"https:\/\/vode.hr\/bs\/","logo":{"@type":"ImageObject","inLanguage":"bs-BA","@id":"https:\/\/vode.hr\/bs\/#\/schema\/logo\/image\/","url":"http:\/\/vode.hr\/wp-content\/uploads\/2023\/04\/vode-1.png","contentUrl":"http:\/\/vode.hr\/wp-content\/uploads\/2023\/04\/vode-1.png","width":300,"height":99,"caption":"Primotronic d.o.o."},"image":{"@id":"https:\/\/vode.hr\/bs\/#\/schema\/logo\/image\/"},"sameAs":["https:\/\/www.facebook.com\/vode.hr"]}]}},"_links":{"self":[{"href":"https:\/\/vode.hr\/bs\/wp-json\/wp\/v2\/product\/485"}],"collection":[{"href":"https:\/\/vode.hr\/bs\/wp-json\/wp\/v2\/product"}],"about":[{"href":"https:\/\/vode.hr\/bs\/wp-json\/wp\/v2\/types\/product"}],"wp:featuredmedia":[{"embeddable":true,"href":"https:\/\/vode.hr\/bs\/wp-json\/wp\/v2\/media\/489"}],"wp:attachment":[{"href":"https:\/\/vode.hr\/bs\/wp-json\/wp\/v2\/media?parent=485"}],"wp:term":[{"taxonomy":"product_cat","embeddable":true,"href":"https:\/\/vode.hr\/bs\/wp-json\/wp\/v2\/product_cat?post=485"},{"taxonomy":"product_tag","embeddable":true,"href":"https:\/\/vode.hr\/bs\/wp-json\/wp\/v2\/product_tag?post=485"}],"curies":[{"name":"wp","href":"https:\/\/api.w.org\/{rel}","templated":true}]}}