{"id":638,"date":"2023-05-21T12:14:24","date_gmt":"2023-05-21T10:14:24","guid":{"rendered":"https:\/\/vode.hr\/?post_type=product&#038;p=638"},"modified":"2025-10-24T10:58:43","modified_gmt":"2025-10-24T08:58:43","slug":"radarski-sustav-za-mjerenje-razine-vode-rl-15-rl-35-sommer","status":"publish","type":"product","link":"https:\/\/vode.hr\/bs\/proizvod\/radarski-sustav-za-mjerenje-razine-vode-rl-15-rl-35-sommer\/","title":{"rendered":"Radarski sustav za mjerenje vodostaja, RL-15 \/ RL-35, Sommer"},"content":{"rendered":"<div class=\"row\"  id=\"row-841780974\">\n\n\t<div id=\"col-2106185458\" class=\"col small-12 large-12\"  >\n\t\t\t\t<div class=\"col-inner\"  >\n\t\t\t\n\t\t\t\n\t<div id=\"text-1106043943\" class=\"text\">\n\t\t\n<h2>Beskontaktno precizno mjerenje vodostaja<\/h2>\n\t\t\n<style>\n#text-1106043943 {\n  font-size: 1.3rem;\n  text-align: center;\n}\n<\/style>\n\t<\/div>\n\t\n\t<div id=\"text-1161011487\" class=\"text\">\n\t\t\n<p class=\"lead\">Preciznost mjerenja vodostaja od samo +\/- 2 mm, beskontaktni sustav mjerenja i jednostavna integracija.<\/p>\n\t\t\n<style>\n#text-1161011487 {\n  font-size: 0.9rem;\n  text-align: center;\n}\n<\/style>\n\t<\/div>\n\t\n\t\t<\/div>\n\t\t\t\t\t<\/div>\n\n\t\n\n<style>\n#row-841780974 > .col > .col-inner {\n  padding: 3em 0px 0px 0px;\n}\n<\/style>\n<\/div>\n\t<section class=\"section\" id=\"section_1021701841\">\n\t\t<div class=\"bg section-bg fill bg-fill  bg-loaded\" >\n\n\t\t\t\n\t\t\t\n\t\t\t\n\n\t\t<\/div>\n\n\t\t\n\n\t\t<div class=\"section-content relative\">\n\t\t\t\n<div class=\"row align-middle\"  id=\"row-203656051\">\n\n\t<div id=\"col-1417462501\" class=\"col medium-6 small-12 large-6\"  >\n\t\t\t\t<div class=\"col-inner text-left\"  >\n\t\t\t\n\t\t\t\n\t<div id=\"text-2333001480\" class=\"text\">\n\t\t\n<h2>Princip mjerenja<\/h2>\n\t\t\n<style>\n#text-2333001480 {\n  text-align: center;\n}\n@media (min-width:550px) {\n  #text-2333001480 {\n    text-align: left;\n  }\n}\n<\/style>\n\t<\/div>\n\t\n<div class=\"is-divider divider clearfix\" style=\"max-width:100%;\"><\/div>\n<p>Postupak nazvan &#8220;pulsna metoda&#8221; \u0161alje kratki mikrovalni impuls na povr\u0161inu vode. Nakon toga, senzor ostaje u stanju mirovanja neko vrijeme. U tom vremenu voda reflektira impulse prema integriranom evaluacijskom sustavu. Vrijeme prolaska impulsa izravno odgovara udaljenosti do trenutnog vodostaja povr\u0161ine.<\/p>\n<h3>Zna\u010dajke i prednosti<\/h3>\n<ul>\n<li>Sustav bez kontakta i odr\u017eavanja<\/li>\n<li>Raspon mjerenja: 15 m odn. 35 m<\/li>\n<li>Blizu zamra\u010dene zone: 0,5 m<\/li>\n<li>Visoka to\u010dnost: +\/- 2 mm<\/li>\n<li>Kompaktan dizajn<\/li>\n<li>Neovisno o utjecajima okoline (npr. temperatura, vjetar)<\/li>\n<li>Jednostavna integracija u postoje\u0107e sustave<\/li>\n<li>Dizajn za\u0161ti\u0107en od vandalizma ne privla\u010di pozornost<\/li>\n<li>Su\u010delja: 4 do 20 mA, SDI-12 je dostupan kao opcija<\/li>\n<\/ul>\n\t\t<\/div>\n\t\t\t\t\n<style>\n#col-1417462501 > .col-inner {\n  padding: 2em 1em 0px 1em;\n}\n@media (min-width:550px) {\n  #col-1417462501 > .col-inner {\n    padding: 0px 0px 0px 2em;\n  }\n}\n<\/style>\n\t<\/div>\n\n\t\n\n\t<div id=\"col-884004739\" class=\"col medium-6 small-12 large-6\"  >\n\t\t\t\t<div class=\"col-inner\"  >\n\t\t\t\n\t\t\t\n\t<div class=\"img has-hover x md-x lg-x y md-y lg-y\" id=\"image_710426183\">\n\t\t\t\t\t\t\t\t<div class=\"img-inner dark\" style=\"margin:0px 0px 0px 0px;\">\n\t\t\t<img loading=\"lazy\" decoding=\"async\" width=\"600\" height=\"600\" src=\"https:\/\/vode.hr\/wp-content\/uploads\/2023\/05\/pozadina-radarski-nadzor-vodostaja.jpg\" class=\"attachment-original size-original\" alt=\"\" srcset=\"https:\/\/vode.hr\/wp-content\/uploads\/2023\/05\/pozadina-radarski-nadzor-vodostaja.jpg 600w, https:\/\/vode.hr\/wp-content\/uploads\/2023\/05\/pozadina-radarski-nadzor-vodostaja-300x300.jpg 300w, https:\/\/vode.hr\/wp-content\/uploads\/2023\/05\/pozadina-radarski-nadzor-vodostaja-150x150.jpg 150w, https:\/\/vode.hr\/wp-content\/uploads\/2023\/05\/pozadina-radarski-nadzor-vodostaja-370x370.jpg 370w, https:\/\/vode.hr\/wp-content\/uploads\/2023\/05\/pozadina-radarski-nadzor-vodostaja-100x100.jpg 100w\" sizes=\"(max-width: 600px) 100vw, 600px\" \/>\t\t\t\t\t\t\n\t\t\t\t\t<\/div>\n\t\t\t\t\t\t\t\t\n<style>\n#image_710426183 {\n  width: 100%;\n}\n<\/style>\n\t<\/div>\n\t\n\t\t<\/div>\n\t\t\t\t\t<\/div>\n\n\t\n<\/div>\n\t\t<\/div>\n\n\t\t\n<style>\n#section_1021701841 {\n  padding-top: 0px;\n  padding-bottom: 0px;\n  background-color: rgb(221, 239, 239);\n}\n<\/style>\n\t<\/section>\n\t\n","protected":false},"excerpt":{"rendered":"<p>RL-15 \/ RL-35 je vrlo precizan radarski ure\u0111aj za mjerenje razine povr\u0161inske vode bez izravnog kontakta s medijem, otporan na vremenske uvjete i jedonstavan za odr\u017eavanje.<\/p>\n<ul>\n<li>Modeli do 15 ili do 35 metara<\/li>\n<li>kompaktan dizajn<\/li>\n<li>otpornost na vremenske uvjete<\/li>\n<\/ul>\n","protected":false},"featured_media":645,"template":"","meta":[],"product_cat":[223],"product_tag":[297],"class_list":["post-638","product","type-product","status-publish","has-post-thumbnail","hentry","product_cat-vode","product_tag-sommer"],"yoast_head":"<!-- This site is optimized with the Yoast SEO plugin v25.0 - https:\/\/yoast.com\/wordpress\/plugins\/seo\/ -->\n<title>Radarski sustav za mjerenje vodostaja, RL-15 \/ RL-35, Sommer - Vode.hr<\/title>\n<meta name=\"description\" content=\"RL-15 \/ RL-35 je vrlo precizan radarski ure\u0111aj za mjerenje razine povr\u0161inske vode bez izravnog kontakta s medijem, otporan na vremenske uvjete i jedonstavan za odr\u017eavanje.   Modeli do 15 ili do 35 metara  kompaktan dizajn  otpornost na vremenske uvjete\" \/>\n<meta name=\"robots\" content=\"index, follow, max-snippet:-1, max-image-preview:large, max-video-preview:-1\" \/>\n<link rel=\"canonical\" href=\"https:\/\/vode.hr\/bs\/proizvod\/radarski-sustav-za-mjerenje-razine-vode-rl-15-rl-35-sommer\/\" \/>\n<meta property=\"og:locale\" content=\"bs_BA\" \/>\n<meta property=\"og:type\" content=\"article\" \/>\n<meta property=\"og:title\" content=\"Radarski sustav za mjerenje vodostaja, RL-15 \/ RL-35, Sommer - Vode.hr\" \/>\n<meta property=\"og:description\" content=\"RL-15 \/ RL-35 je vrlo precizan radarski ure\u0111aj za mjerenje razine povr\u0161inske vode bez izravnog kontakta s medijem, otporan na vremenske uvjete i jedonstavan za odr\u017eavanje.   Modeli do 15 ili do 35 metara  kompaktan dizajn  otpornost na vremenske uvjete\" \/>\n<meta property=\"og:url\" content=\"https:\/\/vode.hr\/bs\/proizvod\/radarski-sustav-za-mjerenje-razine-vode-rl-15-rl-35-sommer\/\" \/>\n<meta property=\"og:site_name\" content=\"Vode.hr\" \/>\n<meta property=\"article:publisher\" content=\"https:\/\/www.facebook.com\/vode.hr\" \/>\n<meta property=\"article:modified_time\" content=\"2025-10-24T08:58:43+00:00\" \/>\n<meta property=\"og:image\" content=\"http:\/\/vode.hr\/wp-content\/uploads\/2023\/05\/Radaski-sustav-za-mjerenje-razine-vode-RL15-RL35-Sommer-1020-0.jpg\" \/>\n\t<meta property=\"og:image:width\" content=\"650\" \/>\n\t<meta property=\"og:image:height\" content=\"650\" \/>\n\t<meta property=\"og:image:type\" content=\"image\/jpeg\" \/>\n<meta name=\"twitter:card\" content=\"summary_large_image\" \/>\n<meta name=\"twitter:label1\" content=\"Est. reading time\" \/>\n\t<meta name=\"twitter:data1\" content=\"2 minute\" \/>\n<script type=\"application\/ld+json\" class=\"yoast-schema-graph\">{\"@context\":\"https:\/\/schema.org\",\"@graph\":[{\"@type\":[\"WebPage\",\"ItemPage\"],\"@id\":\"https:\/\/vode.hr\/bs\/proizvod\/radarski-sustav-za-mjerenje-razine-vode-rl-15-rl-35-sommer\/\",\"url\":\"https:\/\/vode.hr\/bs\/proizvod\/radarski-sustav-za-mjerenje-razine-vode-rl-15-rl-35-sommer\/\",\"name\":\"Radarski sustav za mjerenje vodostaja, RL-15 \/ RL-35, Sommer - Vode.hr\",\"isPartOf\":{\"@id\":\"https:\/\/vode.hr\/bs\/#website\"},\"primaryImageOfPage\":{\"@id\":\"https:\/\/vode.hr\/bs\/proizvod\/radarski-sustav-za-mjerenje-razine-vode-rl-15-rl-35-sommer\/#primaryimage\"},\"image\":{\"@id\":\"https:\/\/vode.hr\/bs\/proizvod\/radarski-sustav-za-mjerenje-razine-vode-rl-15-rl-35-sommer\/#primaryimage\"},\"thumbnailUrl\":\"https:\/\/vode.hr\/wp-content\/uploads\/2023\/05\/Radaski-sustav-za-mjerenje-razine-vode-RL15-RL35-Sommer-1020-0.jpg\",\"datePublished\":\"2023-05-21T10:14:24+00:00\",\"dateModified\":\"2025-10-24T08:58:43+00:00\",\"description\":\"RL-15 \/ RL-35 je vrlo precizan radarski ure\u0111aj za mjerenje razine povr\u0161inske vode bez izravnog kontakta s medijem, otporan na vremenske uvjete i jedonstavan za odr\u017eavanje. Modeli do 15 ili do 35 metara kompaktan dizajn otpornost na vremenske uvjete\",\"breadcrumb\":{\"@id\":\"https:\/\/vode.hr\/bs\/proizvod\/radarski-sustav-za-mjerenje-razine-vode-rl-15-rl-35-sommer\/#breadcrumb\"},\"inLanguage\":\"bs-BA\",\"potentialAction\":[{\"@type\":\"ReadAction\",\"target\":[\"https:\/\/vode.hr\/bs\/proizvod\/radarski-sustav-za-mjerenje-razine-vode-rl-15-rl-35-sommer\/\"]}]},{\"@type\":\"ImageObject\",\"inLanguage\":\"bs-BA\",\"@id\":\"https:\/\/vode.hr\/bs\/proizvod\/radarski-sustav-za-mjerenje-razine-vode-rl-15-rl-35-sommer\/#primaryimage\",\"url\":\"https:\/\/vode.hr\/wp-content\/uploads\/2023\/05\/Radaski-sustav-za-mjerenje-razine-vode-RL15-RL35-Sommer-1020-0.jpg\",\"contentUrl\":\"https:\/\/vode.hr\/wp-content\/uploads\/2023\/05\/Radaski-sustav-za-mjerenje-razine-vode-RL15-RL35-Sommer-1020-0.jpg\",\"width\":650,\"height\":650},{\"@type\":\"BreadcrumbList\",\"@id\":\"https:\/\/vode.hr\/bs\/proizvod\/radarski-sustav-za-mjerenje-razine-vode-rl-15-rl-35-sommer\/#breadcrumb\",\"itemListElement\":[{\"@type\":\"ListItem\",\"position\":1,\"name\":\"Po\u010detna stranica\",\"item\":\"https:\/\/vode.hr\/bs\/\"},{\"@type\":\"ListItem\",\"position\":2,\"name\":\"Trgovina\",\"item\":\"https:\/\/vode.hr\/trgovina\/\"},{\"@type\":\"ListItem\",\"position\":3,\"name\":\"Radarski sustav za mjerenje vodostaja, RL-15 \/ RL-35, Sommer\"}]},{\"@type\":\"WebSite\",\"@id\":\"https:\/\/vode.hr\/bs\/#website\",\"url\":\"https:\/\/vode.hr\/bs\/\",\"name\":\"Vode.hr\",\"description\":\"Mjerenje kvalitete voda, dezinfekcija vode i ure\u0111aji za mjerenje uvjeta u okoli\u0161u\",\"publisher\":{\"@id\":\"https:\/\/vode.hr\/bs\/#organization\"},\"potentialAction\":[{\"@type\":\"SearchAction\",\"target\":{\"@type\":\"EntryPoint\",\"urlTemplate\":\"https:\/\/vode.hr\/bs\/?s={search_term_string}\"},\"query-input\":{\"@type\":\"PropertyValueSpecification\",\"valueRequired\":true,\"valueName\":\"search_term_string\"}}],\"inLanguage\":\"bs-BA\"},{\"@type\":\"Organization\",\"@id\":\"https:\/\/vode.hr\/bs\/#organization\",\"name\":\"Primotronic d.o.o.\",\"url\":\"https:\/\/vode.hr\/bs\/\",\"logo\":{\"@type\":\"ImageObject\",\"inLanguage\":\"bs-BA\",\"@id\":\"https:\/\/vode.hr\/bs\/#\/schema\/logo\/image\/\",\"url\":\"http:\/\/vode.hr\/wp-content\/uploads\/2023\/04\/vode-1.png\",\"contentUrl\":\"http:\/\/vode.hr\/wp-content\/uploads\/2023\/04\/vode-1.png\",\"width\":300,\"height\":99,\"caption\":\"Primotronic d.o.o.\"},\"image\":{\"@id\":\"https:\/\/vode.hr\/bs\/#\/schema\/logo\/image\/\"},\"sameAs\":[\"https:\/\/www.facebook.com\/vode.hr\"]}]}<\/script>\n<!-- \/ Yoast SEO plugin. -->","yoast_head_json":{"title":"Radarski sustav za mjerenje vodostaja, RL-15 \/ RL-35, Sommer - Vode.hr","description":"RL-15 \/ RL-35 je vrlo precizan radarski ure\u0111aj za mjerenje razine povr\u0161inske vode bez izravnog kontakta s medijem, otporan na vremenske uvjete i jedonstavan za odr\u017eavanje.   Modeli do 15 ili do 35 metara  kompaktan dizajn  otpornost na vremenske uvjete","robots":{"index":"index","follow":"follow","max-snippet":"max-snippet:-1","max-image-preview":"max-image-preview:large","max-video-preview":"max-video-preview:-1"},"canonical":"https:\/\/vode.hr\/bs\/proizvod\/radarski-sustav-za-mjerenje-razine-vode-rl-15-rl-35-sommer\/","og_locale":"bs_BA","og_type":"article","og_title":"Radarski sustav za mjerenje vodostaja, RL-15 \/ RL-35, Sommer - Vode.hr","og_description":"RL-15 \/ RL-35 je vrlo precizan radarski ure\u0111aj za mjerenje razine povr\u0161inske vode bez izravnog kontakta s medijem, otporan na vremenske uvjete i jedonstavan za odr\u017eavanje.   Modeli do 15 ili do 35 metara  kompaktan dizajn  otpornost na vremenske uvjete","og_url":"https:\/\/vode.hr\/bs\/proizvod\/radarski-sustav-za-mjerenje-razine-vode-rl-15-rl-35-sommer\/","og_site_name":"Vode.hr","article_publisher":"https:\/\/www.facebook.com\/vode.hr","article_modified_time":"2025-10-24T08:58:43+00:00","og_image":[{"width":650,"height":650,"url":"http:\/\/vode.hr\/wp-content\/uploads\/2023\/05\/Radaski-sustav-za-mjerenje-razine-vode-RL15-RL35-Sommer-1020-0.jpg","type":"image\/jpeg"}],"twitter_card":"summary_large_image","twitter_misc":{"Est. reading time":"2 minute"},"schema":{"@context":"https:\/\/schema.org","@graph":[{"@type":["WebPage","ItemPage"],"@id":"https:\/\/vode.hr\/bs\/proizvod\/radarski-sustav-za-mjerenje-razine-vode-rl-15-rl-35-sommer\/","url":"https:\/\/vode.hr\/bs\/proizvod\/radarski-sustav-za-mjerenje-razine-vode-rl-15-rl-35-sommer\/","name":"Radarski sustav za mjerenje vodostaja, RL-15 \/ RL-35, Sommer - Vode.hr","isPartOf":{"@id":"https:\/\/vode.hr\/bs\/#website"},"primaryImageOfPage":{"@id":"https:\/\/vode.hr\/bs\/proizvod\/radarski-sustav-za-mjerenje-razine-vode-rl-15-rl-35-sommer\/#primaryimage"},"image":{"@id":"https:\/\/vode.hr\/bs\/proizvod\/radarski-sustav-za-mjerenje-razine-vode-rl-15-rl-35-sommer\/#primaryimage"},"thumbnailUrl":"https:\/\/vode.hr\/wp-content\/uploads\/2023\/05\/Radaski-sustav-za-mjerenje-razine-vode-RL15-RL35-Sommer-1020-0.jpg","datePublished":"2023-05-21T10:14:24+00:00","dateModified":"2025-10-24T08:58:43+00:00","description":"RL-15 \/ RL-35 je vrlo precizan radarski ure\u0111aj za mjerenje razine povr\u0161inske vode bez izravnog kontakta s medijem, otporan na vremenske uvjete i jedonstavan za odr\u017eavanje. Modeli do 15 ili do 35 metara kompaktan dizajn otpornost na vremenske uvjete","breadcrumb":{"@id":"https:\/\/vode.hr\/bs\/proizvod\/radarski-sustav-za-mjerenje-razine-vode-rl-15-rl-35-sommer\/#breadcrumb"},"inLanguage":"bs-BA","potentialAction":[{"@type":"ReadAction","target":["https:\/\/vode.hr\/bs\/proizvod\/radarski-sustav-za-mjerenje-razine-vode-rl-15-rl-35-sommer\/"]}]},{"@type":"ImageObject","inLanguage":"bs-BA","@id":"https:\/\/vode.hr\/bs\/proizvod\/radarski-sustav-za-mjerenje-razine-vode-rl-15-rl-35-sommer\/#primaryimage","url":"https:\/\/vode.hr\/wp-content\/uploads\/2023\/05\/Radaski-sustav-za-mjerenje-razine-vode-RL15-RL35-Sommer-1020-0.jpg","contentUrl":"https:\/\/vode.hr\/wp-content\/uploads\/2023\/05\/Radaski-sustav-za-mjerenje-razine-vode-RL15-RL35-Sommer-1020-0.jpg","width":650,"height":650},{"@type":"BreadcrumbList","@id":"https:\/\/vode.hr\/bs\/proizvod\/radarski-sustav-za-mjerenje-razine-vode-rl-15-rl-35-sommer\/#breadcrumb","itemListElement":[{"@type":"ListItem","position":1,"name":"Po\u010detna stranica","item":"https:\/\/vode.hr\/bs\/"},{"@type":"ListItem","position":2,"name":"Trgovina","item":"https:\/\/vode.hr\/trgovina\/"},{"@type":"ListItem","position":3,"name":"Radarski sustav za mjerenje vodostaja, RL-15 \/ RL-35, Sommer"}]},{"@type":"WebSite","@id":"https:\/\/vode.hr\/bs\/#website","url":"https:\/\/vode.hr\/bs\/","name":"Vode.hr","description":"Mjerenje kvalitete voda, dezinfekcija vode i ure\u0111aji za mjerenje uvjeta u okoli\u0161u","publisher":{"@id":"https:\/\/vode.hr\/bs\/#organization"},"potentialAction":[{"@type":"SearchAction","target":{"@type":"EntryPoint","urlTemplate":"https:\/\/vode.hr\/bs\/?s={search_term_string}"},"query-input":{"@type":"PropertyValueSpecification","valueRequired":true,"valueName":"search_term_string"}}],"inLanguage":"bs-BA"},{"@type":"Organization","@id":"https:\/\/vode.hr\/bs\/#organization","name":"Primotronic d.o.o.","url":"https:\/\/vode.hr\/bs\/","logo":{"@type":"ImageObject","inLanguage":"bs-BA","@id":"https:\/\/vode.hr\/bs\/#\/schema\/logo\/image\/","url":"http:\/\/vode.hr\/wp-content\/uploads\/2023\/04\/vode-1.png","contentUrl":"http:\/\/vode.hr\/wp-content\/uploads\/2023\/04\/vode-1.png","width":300,"height":99,"caption":"Primotronic d.o.o."},"image":{"@id":"https:\/\/vode.hr\/bs\/#\/schema\/logo\/image\/"},"sameAs":["https:\/\/www.facebook.com\/vode.hr"]}]}},"_links":{"self":[{"href":"https:\/\/vode.hr\/bs\/wp-json\/wp\/v2\/product\/638"}],"collection":[{"href":"https:\/\/vode.hr\/bs\/wp-json\/wp\/v2\/product"}],"about":[{"href":"https:\/\/vode.hr\/bs\/wp-json\/wp\/v2\/types\/product"}],"wp:featuredmedia":[{"embeddable":true,"href":"https:\/\/vode.hr\/bs\/wp-json\/wp\/v2\/media\/645"}],"wp:attachment":[{"href":"https:\/\/vode.hr\/bs\/wp-json\/wp\/v2\/media?parent=638"}],"wp:term":[{"taxonomy":"product_cat","embeddable":true,"href":"https:\/\/vode.hr\/bs\/wp-json\/wp\/v2\/product_cat?post=638"},{"taxonomy":"product_tag","embeddable":true,"href":"https:\/\/vode.hr\/bs\/wp-json\/wp\/v2\/product_tag?post=638"}],"curies":[{"name":"wp","href":"https:\/\/api.w.org\/{rel}","templated":true}]}}