{"id":647,"date":"2023-05-21T13:03:28","date_gmt":"2023-05-21T11:03:28","guid":{"rendered":"https:\/\/vode.hr\/?post_type=product&#038;p=647"},"modified":"2025-10-24T10:58:42","modified_gmt":"2025-10-24T08:58:42","slug":"radarski-sustav-za-mjerenje-brzine-protoka-rg-30-sommer","status":"publish","type":"product","link":"https:\/\/vode.hr\/bs\/proizvod\/radarski-sustav-za-mjerenje-brzine-protoka-rg-30-sommer\/","title":{"rendered":"Radarski sustav za mjerenje brzine protoka, RG-30, Sommer"},"content":{"rendered":"<div class=\"row\"  id=\"row-839290826\">\n\n\t<div id=\"col-1087257543\" class=\"col small-12 large-12\"  >\n\t\t\t\t<div class=\"col-inner\"  >\n\t\t\t\n\t\t\t\n\t<div id=\"text-2400057265\" class=\"text\">\n\t\t\n<h2>Radarsko mjerenje brzine protoka<\/h2>\n\t\t\n<style>\n#text-2400057265 {\n  font-size: 1.3rem;\n  text-align: center;\n}\n<\/style>\n\t<\/div>\n\t\n\t<div id=\"text-2195844079\" class=\"text\">\n\t\t\n<p class=\"lead\">Sustav dizajniran za kori\u0161tenje u otvorenim rijekama, potocima ili kanalima, \u010dak i na mjestima gdje kontaktni nadzor nije mogu\u0107.<\/p>\n\t\t\n<style>\n#text-2195844079 {\n  font-size: 0.9rem;\n  text-align: center;\n}\n<\/style>\n\t<\/div>\n\t\n\t\t<\/div>\n\t\t\t\t\t<\/div>\n\n\t\n\n<style>\n#row-839290826 > .col > .col-inner {\n  padding: 3em 0px 0px 0px;\n}\n<\/style>\n<\/div>\n\t<section class=\"section\" id=\"section_1369471357\">\n\t\t<div class=\"bg section-bg fill bg-fill  bg-loaded\" >\n\n\t\t\t\n\t\t\t\n\t\t\t\n\n\t\t<\/div>\n\n\t\t\n\n\t\t<div class=\"section-content relative\">\n\t\t\t\n<div class=\"row align-middle\"  id=\"row-334150301\">\n\n\t<div id=\"col-2050414371\" class=\"col medium-6 small-12 large-6\"  >\n\t\t\t\t<div class=\"col-inner text-left\"  >\n\t\t\t\n\t\t\t\n<p>Mjerenje brzine protoka temelji se na principu Dopplerovog pomaka frekvencije. Senzor emitira radarski signal i uspore\u0111uje njegovu frekvenciju s frekvencijom reflektiranog signala s povr\u0161ine vode. Frekvencija se pomi\u010de proporcionalno brzini protoka na povr\u0161ini. Ti se signali prikupljaju, procjenjuju i odre\u0111uje se medijalna povr\u0161inska brzina protoka.<\/p>\n<h3>Zna\u010dajke i prednosti<\/h3>\n<ul>\n<li>Bez odr\u017eavanja<\/li>\n<li>U vodi nisu potrebni nikakvi gra\u0111evinski radovi<\/li>\n<li>Jednostavna integracija u postoje\u0107e sustave<\/li>\n<li>Nema prijetnje sustavu putem poplava<\/li>\n<li>Mala potro\u0161nja energije<\/li>\n<li>Prepoznavanje smjera strujanja<\/li>\n<li>Mjerni raspon 0,08 &#8230; 16 m\/s (ovisno o uvjetima protoka)<\/li>\n<li>Blizu zamra\u010dne zone 0,5 m<\/li>\n<li>Beskontaktno i brzo mjerenje<\/li>\n<li>Vlastiti interval mjerenja ili aktiviran izvana<\/li>\n<li>Neovisno o utjecajima okoline<\/li>\n<\/ul>\n\t\t<\/div>\n\t\t\t\t\n<style>\n#col-2050414371 > .col-inner {\n  padding: 2em 1em 0px 1em;\n}\n@media (min-width:550px) {\n  #col-2050414371 > .col-inner {\n    padding: 0px 0px 0px 2em;\n  }\n}\n<\/style>\n\t<\/div>\n\n\t\n\n\t<div id=\"col-1251466958\" class=\"col medium-6 small-12 large-6\"  >\n\t\t\t\t<div class=\"col-inner\"  >\n\t\t\t\n\t\t\t\n\t<div class=\"img has-hover x md-x lg-x y md-y lg-y\" id=\"image_1580336062\">\n\t\t\t\t\t\t\t\t<div class=\"img-inner dark\" style=\"margin:0px 0px 0px 0px;\">\n\t\t\t<img loading=\"lazy\" decoding=\"async\" width=\"600\" height=\"600\" src=\"https:\/\/vode.hr\/wp-content\/uploads\/2023\/05\/pozadina-radarski-nadzor-vodostaja.jpg\" class=\"attachment-original size-original\" alt=\"\" srcset=\"https:\/\/vode.hr\/wp-content\/uploads\/2023\/05\/pozadina-radarski-nadzor-vodostaja.jpg 600w, https:\/\/vode.hr\/wp-content\/uploads\/2023\/05\/pozadina-radarski-nadzor-vodostaja-300x300.jpg 300w, https:\/\/vode.hr\/wp-content\/uploads\/2023\/05\/pozadina-radarski-nadzor-vodostaja-150x150.jpg 150w, https:\/\/vode.hr\/wp-content\/uploads\/2023\/05\/pozadina-radarski-nadzor-vodostaja-370x370.jpg 370w, https:\/\/vode.hr\/wp-content\/uploads\/2023\/05\/pozadina-radarski-nadzor-vodostaja-100x100.jpg 100w\" sizes=\"(max-width: 600px) 100vw, 600px\" \/>\t\t\t\t\t\t\n\t\t\t\t\t<\/div>\n\t\t\t\t\t\t\t\t\n<style>\n#image_1580336062 {\n  width: 100%;\n}\n<\/style>\n\t<\/div>\n\t\n\t\t<\/div>\n\t\t\t\t\t<\/div>\n\n\t\n<\/div>\n\t\t<\/div>\n\n\t\t\n<style>\n#section_1369471357 {\n  padding-top: 0px;\n  padding-bottom: 0px;\n  background-color: rgb(221, 239, 239);\n}\n<\/style>\n\t<\/section>\n\t\n<div class=\"row align-middle\"  id=\"row-165887386\">\n\n\t<div id=\"col-1499387122\" class=\"col medium-6 small-12 large-6\"  >\n\t\t\t\t<div class=\"col-inner\"  >\n\t\t\t\n\t\t\t\n\t<div class=\"img has-hover x md-x lg-x y md-y lg-y\" id=\"image_912172586\">\n\t\t\t\t\t\t\t\t<div class=\"img-inner dark\" >\n\t\t\t<img loading=\"lazy\" decoding=\"async\" width=\"650\" height=\"650\" src=\"https:\/\/vode.hr\/wp-content\/uploads\/2023\/05\/Radarski-sustav-za-mjerenje-brzine-protoka-RG30-Sommer-1021-0.jpg\" class=\"attachment-original size-original\" alt=\"\" srcset=\"https:\/\/vode.hr\/wp-content\/uploads\/2023\/05\/Radarski-sustav-za-mjerenje-brzine-protoka-RG30-Sommer-1021-0.jpg 650w, https:\/\/vode.hr\/wp-content\/uploads\/2023\/05\/Radarski-sustav-za-mjerenje-brzine-protoka-RG30-Sommer-1021-0-300x300.jpg 300w, https:\/\/vode.hr\/wp-content\/uploads\/2023\/05\/Radarski-sustav-za-mjerenje-brzine-protoka-RG30-Sommer-1021-0-150x150.jpg 150w, https:\/\/vode.hr\/wp-content\/uploads\/2023\/05\/Radarski-sustav-za-mjerenje-brzine-protoka-RG30-Sommer-1021-0-370x370.jpg 370w, https:\/\/vode.hr\/wp-content\/uploads\/2023\/05\/Radarski-sustav-za-mjerenje-brzine-protoka-RG30-Sommer-1021-0-100x100.jpg 100w\" sizes=\"(max-width: 650px) 100vw, 650px\" \/>\t\t\t\t\t\t\n\t\t\t\t\t<\/div>\n\t\t\t\t\t\t\t\t\n<style>\n#image_912172586 {\n  width: 90%;\n}\n<\/style>\n\t<\/div>\n\t\n\t\t<\/div>\n\t\t\t\t\t<\/div>\n\n\t\n\n\t<div id=\"col-1492051622\" class=\"col medium-6 small-12 large-6 small-col-first\"  >\n\t\t\t\t<div class=\"col-inner\"  >\n\t\t\t\n\t\t\t\n\t<div id=\"text-1396311328\" class=\"text\">\n\t\t\n<h2>Podru\u010dje primjene<\/h2>\n\t\t\n<style>\n#text-1396311328 {\n  text-align: center;\n}\n<\/style>\n\t<\/div>\n\t\n<div class=\"is-divider divider clearfix\" style=\"max-width:100%;\"><\/div>\n<p>Radarski senzor RG-30 koristi se u hidrolografiji i vodoprivredi. Primjenjuje se na primjer u otvorenim rijekama, potocima ili kanalima.<\/p>\n<p>Posebno je prikladan za mjerne zadatke gdje je kori\u0161tenje konvencionalnih odnosno kontaktno intenzivnih mjernih sustava problemati\u010dno. Kao na primjer na mjernim mjestima koja su te\u0161ko dostupna ili nose jako zamu\u0107enu vodu.<\/p>\n<p>Instalira se izvan vode i mjeri bez direktnog kontakta s istom. Stoga sustav ne zahtijeva odr\u017eavanje i radi pouzdano \u010dak i tijekom velikog protoka, poplava ili unato\u010d krhotinama, naplavinama ili visokoj zamu\u0107enosti.<\/p>\n<p>Senzor se odlikuje niskom potro\u0161njom energije i visokom pouzdano\u0161\u0107u za trajno bilje\u017eenje brzine protoka. Kompaktan dizajn i princip beskontaktnog mjerenja pomo\u0107u radarske tehnologije omogu\u0107uje jednostavnu i nekompliciranu monta\u017eu i kori\u0161tenje.<\/p>\n\t<div id=\"gap-2012566038\" class=\"gap-element clearfix\" style=\"display:block; height:auto;\">\n\t\t\n<style>\n#gap-2012566038 {\n  padding-top: 30px;\n}\n<\/style>\n\t<\/div>\n\t\n\t<div id=\"gap-1465387869\" class=\"gap-element clearfix\" style=\"display:block; height:auto;\">\n\t\t\n<style>\n#gap-1465387869 {\n  padding-top: 30px;\n}\n<\/style>\n\t<\/div>\n\t\n\t\t<\/div>\n\t\t\t\t\t<\/div>\n\n\t\n\n<style>\n#row-165887386 > .col > .col-inner {\n  padding: 2em 0px 0px 0px;\n}\n<\/style>\n<\/div>\n","protected":false},"excerpt":{"rendered":"<p>Senzor brzine protoka RG-30 dizajniran je za beskontaktna mjerenja brzine povr\u0161inskog protoka rijeka i kanala pomo\u0107u radarske tehnologije.<\/p>\n<ul>\n<li>raspon mjerenja od 0,08 do 16 m\/s<\/li>\n<li>Model sa ili bez analognog izlaza<\/li>\n<\/ul>\n","protected":false},"featured_media":655,"template":"","meta":[],"product_cat":[223],"product_tag":[297],"class_list":["post-647","product","type-product","status-publish","has-post-thumbnail","hentry","product_cat-vode","product_tag-sommer"],"yoast_head":"<!-- This site is optimized with the Yoast SEO plugin v25.0 - https:\/\/yoast.com\/wordpress\/plugins\/seo\/ -->\n<title>Radarski sustav za mjerenje brzine protoka, RG-30, Sommer - Vode.hr<\/title>\n<meta name=\"description\" content=\"Senzor brzine protoka RG-30 dizajniran je za beskontaktna mjerenja brzine povr\u0161inskog protoka rijeka i kanala pomo\u0107u radarske tehnologije.   raspon mjerenja od 0,08 do 16 m\/s  Model sa ili bez analognog izlaza\" \/>\n<meta name=\"robots\" content=\"index, follow, max-snippet:-1, max-image-preview:large, max-video-preview:-1\" \/>\n<link rel=\"canonical\" href=\"https:\/\/vode.hr\/bs\/proizvod\/radarski-sustav-za-mjerenje-brzine-protoka-rg-30-sommer\/\" \/>\n<meta property=\"og:locale\" content=\"bs_BA\" \/>\n<meta property=\"og:type\" content=\"article\" \/>\n<meta property=\"og:title\" content=\"Radarski sustav za mjerenje brzine protoka, RG-30, Sommer - Vode.hr\" \/>\n<meta property=\"og:description\" content=\"Senzor brzine protoka RG-30 dizajniran je za beskontaktna mjerenja brzine povr\u0161inskog protoka rijeka i kanala pomo\u0107u radarske tehnologije.   raspon mjerenja od 0,08 do 16 m\/s  Model sa ili bez analognog izlaza\" \/>\n<meta property=\"og:url\" content=\"https:\/\/vode.hr\/bs\/proizvod\/radarski-sustav-za-mjerenje-brzine-protoka-rg-30-sommer\/\" \/>\n<meta property=\"og:site_name\" content=\"Vode.hr\" \/>\n<meta property=\"article:publisher\" content=\"https:\/\/www.facebook.com\/vode.hr\" \/>\n<meta property=\"article:modified_time\" content=\"2025-10-24T08:58:42+00:00\" \/>\n<meta property=\"og:image\" content=\"http:\/\/vode.hr\/wp-content\/uploads\/2023\/05\/Radarski-sustav-za-mjerenje-brzine-protoka-RG30-Sommer-1021-0.jpg\" \/>\n\t<meta property=\"og:image:width\" content=\"650\" \/>\n\t<meta property=\"og:image:height\" content=\"650\" \/>\n\t<meta property=\"og:image:type\" content=\"image\/jpeg\" \/>\n<meta name=\"twitter:card\" content=\"summary_large_image\" \/>\n<meta name=\"twitter:label1\" content=\"Est. reading time\" \/>\n\t<meta name=\"twitter:data1\" content=\"2 minute\" \/>\n<script type=\"application\/ld+json\" class=\"yoast-schema-graph\">{\"@context\":\"https:\/\/schema.org\",\"@graph\":[{\"@type\":[\"WebPage\",\"ItemPage\"],\"@id\":\"https:\/\/vode.hr\/bs\/proizvod\/radarski-sustav-za-mjerenje-brzine-protoka-rg-30-sommer\/\",\"url\":\"https:\/\/vode.hr\/bs\/proizvod\/radarski-sustav-za-mjerenje-brzine-protoka-rg-30-sommer\/\",\"name\":\"Radarski sustav za mjerenje brzine protoka, RG-30, Sommer - Vode.hr\",\"isPartOf\":{\"@id\":\"https:\/\/vode.hr\/bs\/#website\"},\"primaryImageOfPage\":{\"@id\":\"https:\/\/vode.hr\/bs\/proizvod\/radarski-sustav-za-mjerenje-brzine-protoka-rg-30-sommer\/#primaryimage\"},\"image\":{\"@id\":\"https:\/\/vode.hr\/bs\/proizvod\/radarski-sustav-za-mjerenje-brzine-protoka-rg-30-sommer\/#primaryimage\"},\"thumbnailUrl\":\"https:\/\/vode.hr\/wp-content\/uploads\/2023\/05\/Radarski-sustav-za-mjerenje-brzine-protoka-RG30-Sommer-1021-0.jpg\",\"datePublished\":\"2023-05-21T11:03:28+00:00\",\"dateModified\":\"2025-10-24T08:58:42+00:00\",\"description\":\"Senzor brzine protoka RG-30 dizajniran je za beskontaktna mjerenja brzine povr\u0161inskog protoka rijeka i kanala pomo\u0107u radarske tehnologije. raspon mjerenja od 0,08 do 16 m\/s Model sa ili bez analognog izlaza\",\"breadcrumb\":{\"@id\":\"https:\/\/vode.hr\/bs\/proizvod\/radarski-sustav-za-mjerenje-brzine-protoka-rg-30-sommer\/#breadcrumb\"},\"inLanguage\":\"bs-BA\",\"potentialAction\":[{\"@type\":\"ReadAction\",\"target\":[\"https:\/\/vode.hr\/bs\/proizvod\/radarski-sustav-za-mjerenje-brzine-protoka-rg-30-sommer\/\"]}]},{\"@type\":\"ImageObject\",\"inLanguage\":\"bs-BA\",\"@id\":\"https:\/\/vode.hr\/bs\/proizvod\/radarski-sustav-za-mjerenje-brzine-protoka-rg-30-sommer\/#primaryimage\",\"url\":\"https:\/\/vode.hr\/wp-content\/uploads\/2023\/05\/Radarski-sustav-za-mjerenje-brzine-protoka-RG30-Sommer-1021-0.jpg\",\"contentUrl\":\"https:\/\/vode.hr\/wp-content\/uploads\/2023\/05\/Radarski-sustav-za-mjerenje-brzine-protoka-RG30-Sommer-1021-0.jpg\",\"width\":650,\"height\":650},{\"@type\":\"BreadcrumbList\",\"@id\":\"https:\/\/vode.hr\/bs\/proizvod\/radarski-sustav-za-mjerenje-brzine-protoka-rg-30-sommer\/#breadcrumb\",\"itemListElement\":[{\"@type\":\"ListItem\",\"position\":1,\"name\":\"Po\u010detna stranica\",\"item\":\"https:\/\/vode.hr\/bs\/\"},{\"@type\":\"ListItem\",\"position\":2,\"name\":\"Trgovina\",\"item\":\"https:\/\/vode.hr\/trgovina\/\"},{\"@type\":\"ListItem\",\"position\":3,\"name\":\"Radarski sustav za mjerenje brzine protoka, RG-30, Sommer\"}]},{\"@type\":\"WebSite\",\"@id\":\"https:\/\/vode.hr\/bs\/#website\",\"url\":\"https:\/\/vode.hr\/bs\/\",\"name\":\"Vode.hr\",\"description\":\"Mjerenje kvalitete voda, dezinfekcija vode i ure\u0111aji za mjerenje uvjeta u okoli\u0161u\",\"publisher\":{\"@id\":\"https:\/\/vode.hr\/bs\/#organization\"},\"potentialAction\":[{\"@type\":\"SearchAction\",\"target\":{\"@type\":\"EntryPoint\",\"urlTemplate\":\"https:\/\/vode.hr\/bs\/?s={search_term_string}\"},\"query-input\":{\"@type\":\"PropertyValueSpecification\",\"valueRequired\":true,\"valueName\":\"search_term_string\"}}],\"inLanguage\":\"bs-BA\"},{\"@type\":\"Organization\",\"@id\":\"https:\/\/vode.hr\/bs\/#organization\",\"name\":\"Primotronic d.o.o.\",\"url\":\"https:\/\/vode.hr\/bs\/\",\"logo\":{\"@type\":\"ImageObject\",\"inLanguage\":\"bs-BA\",\"@id\":\"https:\/\/vode.hr\/bs\/#\/schema\/logo\/image\/\",\"url\":\"http:\/\/vode.hr\/wp-content\/uploads\/2023\/04\/vode-1.png\",\"contentUrl\":\"http:\/\/vode.hr\/wp-content\/uploads\/2023\/04\/vode-1.png\",\"width\":300,\"height\":99,\"caption\":\"Primotronic d.o.o.\"},\"image\":{\"@id\":\"https:\/\/vode.hr\/bs\/#\/schema\/logo\/image\/\"},\"sameAs\":[\"https:\/\/www.facebook.com\/vode.hr\"]}]}<\/script>\n<!-- \/ Yoast SEO plugin. -->","yoast_head_json":{"title":"Radarski sustav za mjerenje brzine protoka, RG-30, Sommer - Vode.hr","description":"Senzor brzine protoka RG-30 dizajniran je za beskontaktna mjerenja brzine povr\u0161inskog protoka rijeka i kanala pomo\u0107u radarske tehnologije.   raspon mjerenja od 0,08 do 16 m\/s  Model sa ili bez analognog izlaza","robots":{"index":"index","follow":"follow","max-snippet":"max-snippet:-1","max-image-preview":"max-image-preview:large","max-video-preview":"max-video-preview:-1"},"canonical":"https:\/\/vode.hr\/bs\/proizvod\/radarski-sustav-za-mjerenje-brzine-protoka-rg-30-sommer\/","og_locale":"bs_BA","og_type":"article","og_title":"Radarski sustav za mjerenje brzine protoka, RG-30, Sommer - Vode.hr","og_description":"Senzor brzine protoka RG-30 dizajniran je za beskontaktna mjerenja brzine povr\u0161inskog protoka rijeka i kanala pomo\u0107u radarske tehnologije.   raspon mjerenja od 0,08 do 16 m\/s  Model sa ili bez analognog izlaza","og_url":"https:\/\/vode.hr\/bs\/proizvod\/radarski-sustav-za-mjerenje-brzine-protoka-rg-30-sommer\/","og_site_name":"Vode.hr","article_publisher":"https:\/\/www.facebook.com\/vode.hr","article_modified_time":"2025-10-24T08:58:42+00:00","og_image":[{"width":650,"height":650,"url":"http:\/\/vode.hr\/wp-content\/uploads\/2023\/05\/Radarski-sustav-za-mjerenje-brzine-protoka-RG30-Sommer-1021-0.jpg","type":"image\/jpeg"}],"twitter_card":"summary_large_image","twitter_misc":{"Est. reading time":"2 minute"},"schema":{"@context":"https:\/\/schema.org","@graph":[{"@type":["WebPage","ItemPage"],"@id":"https:\/\/vode.hr\/bs\/proizvod\/radarski-sustav-za-mjerenje-brzine-protoka-rg-30-sommer\/","url":"https:\/\/vode.hr\/bs\/proizvod\/radarski-sustav-za-mjerenje-brzine-protoka-rg-30-sommer\/","name":"Radarski sustav za mjerenje brzine protoka, RG-30, Sommer - Vode.hr","isPartOf":{"@id":"https:\/\/vode.hr\/bs\/#website"},"primaryImageOfPage":{"@id":"https:\/\/vode.hr\/bs\/proizvod\/radarski-sustav-za-mjerenje-brzine-protoka-rg-30-sommer\/#primaryimage"},"image":{"@id":"https:\/\/vode.hr\/bs\/proizvod\/radarski-sustav-za-mjerenje-brzine-protoka-rg-30-sommer\/#primaryimage"},"thumbnailUrl":"https:\/\/vode.hr\/wp-content\/uploads\/2023\/05\/Radarski-sustav-za-mjerenje-brzine-protoka-RG30-Sommer-1021-0.jpg","datePublished":"2023-05-21T11:03:28+00:00","dateModified":"2025-10-24T08:58:42+00:00","description":"Senzor brzine protoka RG-30 dizajniran je za beskontaktna mjerenja brzine povr\u0161inskog protoka rijeka i kanala pomo\u0107u radarske tehnologije. raspon mjerenja od 0,08 do 16 m\/s Model sa ili bez analognog izlaza","breadcrumb":{"@id":"https:\/\/vode.hr\/bs\/proizvod\/radarski-sustav-za-mjerenje-brzine-protoka-rg-30-sommer\/#breadcrumb"},"inLanguage":"bs-BA","potentialAction":[{"@type":"ReadAction","target":["https:\/\/vode.hr\/bs\/proizvod\/radarski-sustav-za-mjerenje-brzine-protoka-rg-30-sommer\/"]}]},{"@type":"ImageObject","inLanguage":"bs-BA","@id":"https:\/\/vode.hr\/bs\/proizvod\/radarski-sustav-za-mjerenje-brzine-protoka-rg-30-sommer\/#primaryimage","url":"https:\/\/vode.hr\/wp-content\/uploads\/2023\/05\/Radarski-sustav-za-mjerenje-brzine-protoka-RG30-Sommer-1021-0.jpg","contentUrl":"https:\/\/vode.hr\/wp-content\/uploads\/2023\/05\/Radarski-sustav-za-mjerenje-brzine-protoka-RG30-Sommer-1021-0.jpg","width":650,"height":650},{"@type":"BreadcrumbList","@id":"https:\/\/vode.hr\/bs\/proizvod\/radarski-sustav-za-mjerenje-brzine-protoka-rg-30-sommer\/#breadcrumb","itemListElement":[{"@type":"ListItem","position":1,"name":"Po\u010detna stranica","item":"https:\/\/vode.hr\/bs\/"},{"@type":"ListItem","position":2,"name":"Trgovina","item":"https:\/\/vode.hr\/trgovina\/"},{"@type":"ListItem","position":3,"name":"Radarski sustav za mjerenje brzine protoka, RG-30, Sommer"}]},{"@type":"WebSite","@id":"https:\/\/vode.hr\/bs\/#website","url":"https:\/\/vode.hr\/bs\/","name":"Vode.hr","description":"Mjerenje kvalitete voda, dezinfekcija vode i ure\u0111aji za mjerenje uvjeta u okoli\u0161u","publisher":{"@id":"https:\/\/vode.hr\/bs\/#organization"},"potentialAction":[{"@type":"SearchAction","target":{"@type":"EntryPoint","urlTemplate":"https:\/\/vode.hr\/bs\/?s={search_term_string}"},"query-input":{"@type":"PropertyValueSpecification","valueRequired":true,"valueName":"search_term_string"}}],"inLanguage":"bs-BA"},{"@type":"Organization","@id":"https:\/\/vode.hr\/bs\/#organization","name":"Primotronic d.o.o.","url":"https:\/\/vode.hr\/bs\/","logo":{"@type":"ImageObject","inLanguage":"bs-BA","@id":"https:\/\/vode.hr\/bs\/#\/schema\/logo\/image\/","url":"http:\/\/vode.hr\/wp-content\/uploads\/2023\/04\/vode-1.png","contentUrl":"http:\/\/vode.hr\/wp-content\/uploads\/2023\/04\/vode-1.png","width":300,"height":99,"caption":"Primotronic d.o.o."},"image":{"@id":"https:\/\/vode.hr\/bs\/#\/schema\/logo\/image\/"},"sameAs":["https:\/\/www.facebook.com\/vode.hr"]}]}},"_links":{"self":[{"href":"https:\/\/vode.hr\/bs\/wp-json\/wp\/v2\/product\/647"}],"collection":[{"href":"https:\/\/vode.hr\/bs\/wp-json\/wp\/v2\/product"}],"about":[{"href":"https:\/\/vode.hr\/bs\/wp-json\/wp\/v2\/types\/product"}],"wp:featuredmedia":[{"embeddable":true,"href":"https:\/\/vode.hr\/bs\/wp-json\/wp\/v2\/media\/655"}],"wp:attachment":[{"href":"https:\/\/vode.hr\/bs\/wp-json\/wp\/v2\/media?parent=647"}],"wp:term":[{"taxonomy":"product_cat","embeddable":true,"href":"https:\/\/vode.hr\/bs\/wp-json\/wp\/v2\/product_cat?post=647"},{"taxonomy":"product_tag","embeddable":true,"href":"https:\/\/vode.hr\/bs\/wp-json\/wp\/v2\/product_tag?post=647"}],"curies":[{"name":"wp","href":"https:\/\/api.w.org\/{rel}","templated":true}]}}