{"id":660,"date":"2023-05-23T11:47:19","date_gmt":"2023-05-23T09:47:19","guid":{"rendered":"https:\/\/vode.hr\/?post_type=product&#038;p=660"},"modified":"2025-10-24T10:58:42","modified_gmt":"2025-10-24T08:58:42","slug":"radarski-sustav-za-mjerenje-razine-i-protoka-rijeka-rq30-rq30a-sommer","status":"publish","type":"product","link":"https:\/\/vode.hr\/bs\/proizvod\/radarski-sustav-za-mjerenje-razine-i-protoka-rijeka-rq30-rq30a-sommer\/","title":{"rendered":"Radarski sustav za mjerenje razine i protoka rijeka, RQ30\/ RQ30a, Sommer"},"content":{"rendered":"<div class=\"row\"  id=\"row-989725489\">\n\n\t<div id=\"col-1001224635\" class=\"col small-12 large-12\"  >\n\t\t\t\t<div class=\"col-inner\"  >\n\t\t\t\n\t\t\t\n\t<div id=\"text-1896525482\" class=\"text\">\n\t\t\n<h2>Radarsko mjerenje brzine protoka<\/h2>\n\t\t\n<style>\n#text-1896525482 {\n  font-size: 1.3rem;\n  text-align: center;\n}\n<\/style>\n\t<\/div>\n\t\n\t<div id=\"text-3530186555\" class=\"text\">\n\t\t\n<p class=\"lead\">Sustav dizajniran za kori\u0161tenje u otvorenim rijekama, potocima ili kanalima, \u010dak i na mjestima gdje kontaktni nadzor nije mogu\u0107.<\/p>\n\t\t\n<style>\n#text-3530186555 {\n  font-size: 0.9rem;\n  text-align: center;\n}\n<\/style>\n\t<\/div>\n\t\n\t\t<\/div>\n\t\t\t\t\t<\/div>\n\n\t\n\n<style>\n#row-989725489 > .col > .col-inner {\n  padding: 3em 0px 0px 0px;\n}\n<\/style>\n<\/div>\n\t<section class=\"section\" id=\"section_1155854032\">\n\t\t<div class=\"bg section-bg fill bg-fill  bg-loaded\" >\n\n\t\t\t\n\t\t\t\n\t\t\t\n\n\t\t<\/div>\n\n\t\t\n\n\t\t<div class=\"section-content relative\">\n\t\t\t\n<div class=\"row align-middle\"  id=\"row-1635922464\">\n\n\t<div id=\"col-1711642839\" class=\"col medium-6 small-12 large-6\"  >\n\t\t\t\t<div class=\"col-inner text-left\"  >\n\t\t\t\n\t\t\t\n<p>Tehnologija beskontaktnog radara odre\u0111uje brzinu povr\u0161inskog toka vode pomo\u0107u metode Dopplerovog pomaka frekvencije, a nadalje se razina vode utvr\u0111uje mjerenjem vremena putovanja. Uz poznati profil popre\u010dnog presjeka, protok Q vode mo\u017ee se izra\u010dunati na temelju jednad\u017ebe kontinuiteta: Q = vm \u00b7 A (h)<\/p>\n<h3>Zna\u010dajke i prednosti<\/h3>\n<ul>\n<li>Beskontaktni sustav mjerenja bez odr\u017eavanja<\/li>\n<li>U vodi nisu potrebni nikakvi strukturni radovi<\/li>\n<li>Nema prijetnje sustavu putem poplava<\/li>\n<li>Niska potro\u0161nja energije omogu\u0107uje rad pomo\u0107u solarnih \u0107elija<\/li>\n<li>Prepoznavanje smjera strujanja<\/li>\n<li>Mjerni raspon 0,08 &#8230; 16 m\/s (ovisno o uvjetima protoka)<\/li>\n<li>Prepoznavanje histereznih u\u010dinaka<\/li>\n<li>Mjerenje u usporenim situacijama<\/li>\n<li>Mjeri \u010dak i tamo gdje prevladava rast korova i na senzoru ne utje\u010de zamu\u0107enost<\/li>\n<li>Mjerenje u plimnim vodama<\/li>\n<li>Automatsko mjerenje kuta<\/li>\n<li>Dodatno (RQ-30a): analogni izlazi od 4 do 20 mA<\/li>\n<\/ul>\n\t\t<\/div>\n\t\t\t\t\n<style>\n#col-1711642839 > .col-inner {\n  padding: 2em 1em 0px 1em;\n}\n@media (min-width:550px) {\n  #col-1711642839 > .col-inner {\n    padding: 0px 0px 0px 2em;\n  }\n}\n<\/style>\n\t<\/div>\n\n\t\n\n\t<div id=\"col-414929970\" class=\"col medium-6 small-12 large-6\"  >\n\t\t\t\t<div class=\"col-inner\"  >\n\t\t\t\n\t\t\t\n\t<div class=\"img has-hover x md-x lg-x y md-y lg-y\" id=\"image_955443368\">\n\t\t\t\t\t\t\t\t<div class=\"img-inner dark\" style=\"margin:0px 0px 0px 0px;\">\n\t\t\t<img loading=\"lazy\" decoding=\"async\" width=\"600\" height=\"600\" src=\"https:\/\/vode.hr\/wp-content\/uploads\/2023\/05\/Radarski-sustav-za-mjerenje-razine-i-protoka-rijeka-RQ30-RQ30a-1014-3.jpg\" class=\"attachment-original size-original\" alt=\"\" srcset=\"https:\/\/vode.hr\/wp-content\/uploads\/2023\/05\/Radarski-sustav-za-mjerenje-razine-i-protoka-rijeka-RQ30-RQ30a-1014-3.jpg 600w, https:\/\/vode.hr\/wp-content\/uploads\/2023\/05\/Radarski-sustav-za-mjerenje-razine-i-protoka-rijeka-RQ30-RQ30a-1014-3-300x300.jpg 300w, https:\/\/vode.hr\/wp-content\/uploads\/2023\/05\/Radarski-sustav-za-mjerenje-razine-i-protoka-rijeka-RQ30-RQ30a-1014-3-150x150.jpg 150w, https:\/\/vode.hr\/wp-content\/uploads\/2023\/05\/Radarski-sustav-za-mjerenje-razine-i-protoka-rijeka-RQ30-RQ30a-1014-3-370x370.jpg 370w, https:\/\/vode.hr\/wp-content\/uploads\/2023\/05\/Radarski-sustav-za-mjerenje-razine-i-protoka-rijeka-RQ30-RQ30a-1014-3-100x100.jpg 100w\" sizes=\"(max-width: 600px) 100vw, 600px\" \/>\t\t\t\t\t\t\n\t\t\t\t\t<\/div>\n\t\t\t\t\t\t\t\t\n<style>\n#image_955443368 {\n  width: 100%;\n}\n<\/style>\n\t<\/div>\n\t\n\t\t<\/div>\n\t\t\t\t\t<\/div>\n\n\t\n<\/div>\n\t\t<\/div>\n\n\t\t\n<style>\n#section_1155854032 {\n  padding-top: 0px;\n  padding-bottom: 0px;\n  background-color: rgb(221, 239, 239);\n}\n<\/style>\n\t<\/section>\n\t\n<div class=\"row align-middle\"  id=\"row-1429395262\">\n\n\t<div id=\"col-831957042\" class=\"col medium-6 small-12 large-6\"  >\n\t\t\t\t<div class=\"col-inner\"  >\n\t\t\t\n\t\t\t\n\t<div class=\"img has-hover x md-x lg-x y md-y lg-y\" id=\"image_1154001696\">\n\t\t\t\t\t\t\t\t<div class=\"img-inner dark\" >\n\t\t\t<img loading=\"lazy\" decoding=\"async\" width=\"650\" height=\"650\" src=\"https:\/\/vode.hr\/wp-content\/uploads\/2023\/05\/Radarski-sustav-za-mjerenje-razine-i-protoka-rijeka-RQ30-RQ30a-1014-1.jpg\" class=\"attachment-original size-original\" alt=\"\" srcset=\"https:\/\/vode.hr\/wp-content\/uploads\/2023\/05\/Radarski-sustav-za-mjerenje-razine-i-protoka-rijeka-RQ30-RQ30a-1014-1.jpg 650w, https:\/\/vode.hr\/wp-content\/uploads\/2023\/05\/Radarski-sustav-za-mjerenje-razine-i-protoka-rijeka-RQ30-RQ30a-1014-1-300x300.jpg 300w, https:\/\/vode.hr\/wp-content\/uploads\/2023\/05\/Radarski-sustav-za-mjerenje-razine-i-protoka-rijeka-RQ30-RQ30a-1014-1-150x150.jpg 150w, https:\/\/vode.hr\/wp-content\/uploads\/2023\/05\/Radarski-sustav-za-mjerenje-razine-i-protoka-rijeka-RQ30-RQ30a-1014-1-370x370.jpg 370w, https:\/\/vode.hr\/wp-content\/uploads\/2023\/05\/Radarski-sustav-za-mjerenje-razine-i-protoka-rijeka-RQ30-RQ30a-1014-1-100x100.jpg 100w\" sizes=\"(max-width: 650px) 100vw, 650px\" \/>\t\t\t\t\t\t\n\t\t\t\t\t<\/div>\n\t\t\t\t\t\t\t\t\n<style>\n#image_1154001696 {\n  width: 90%;\n}\n<\/style>\n\t<\/div>\n\t\n\t\t<\/div>\n\t\t\t\t\t<\/div>\n\n\t\n\n\t<div id=\"col-968319313\" class=\"col medium-6 small-12 large-6 small-col-first\"  >\n\t\t\t\t<div class=\"col-inner\"  >\n\t\t\t\n\t\t\t\n\t<div id=\"text-163380118\" class=\"text\">\n\t\t\n<h2>Podru\u010dje primjene<\/h2>\n\t\t\n<style>\n#text-163380118 {\n  text-align: center;\n}\n<\/style>\n\t<\/div>\n\t\n<div class=\"is-divider divider clearfix\" style=\"max-width:100%;\"><\/div>\n<p>RQ-30 omogu\u0107uje mjerenje protoka za rijeke, potoke, otvorene kanale i kanale za koje je potrebno kontinuirano pra\u0107enje. Zahvaljuju\u0107i beskontaktnoj radarskoj tehnologiji, mjerna oprema nije osjetljiva na kontaminaciju, krhotine ili naplavlje u vodi. Nadalje, beskontaktno mjerenje jam\u010di vrlo malo odr\u017eavanja i siguran rad, posebno tijekom visoke vode ili poplave.<\/p>\n<p>Senzor se mo\u017ee jednostavno montirati na mostove, na krovove zatvorenih kanala ili suprastrukture kanala. Dno vode mora biti \u0161to je mogu\u0107e stabilnije kako bi se jam\u010dilo dosljedno mjerenje. Na povr\u0161ini vode mora biti vidljiv vidljiv val.<\/p>\n\t<div id=\"gap-745297766\" class=\"gap-element clearfix\" style=\"display:block; height:auto;\">\n\t\t\n<style>\n#gap-745297766 {\n  padding-top: 30px;\n}\n<\/style>\n\t<\/div>\n\t\n\t<div id=\"gap-1228247448\" class=\"gap-element clearfix\" style=\"display:block; height:auto;\">\n\t\t\n<style>\n#gap-1228247448 {\n  padding-top: 30px;\n}\n<\/style>\n\t<\/div>\n\t\n\t\t<\/div>\n\t\t\t\t\t<\/div>\n\n\t\n\n<style>\n#row-1429395262 > .col > .col-inner {\n  padding: 2em 0px 0px 0px;\n}\n<\/style>\n<\/div>\n","protected":false},"excerpt":{"rendered":"<p>RQ-30 je senzor za kontinuirano mjerenje protoka rijeka, otvorenih kanala i kanala s poznatim profilom popre\u010dnog presjeka. Senzor koristi inovativnu radarsku tehnologiju za mjerenje brzine, razine vode i protoka. Omogu\u0107uje pouzdano, beskontaktno mjerenje bez potrebe za konstrukcijskim radovima u vodi.<\/p>\n","protected":false},"featured_media":665,"template":"","meta":[],"product_cat":[223],"product_tag":[297],"class_list":["post-660","product","type-product","status-publish","has-post-thumbnail","hentry","product_cat-vode","product_tag-sommer"],"yoast_head":"<!-- This site is optimized with the Yoast SEO plugin v25.0 - https:\/\/yoast.com\/wordpress\/plugins\/seo\/ -->\n<title>Radarski sustav za mjerenje razine i protoka rijeka, RQ30\/ RQ30a, Sommer - Vode.hr<\/title>\n<meta name=\"description\" content=\"RQ-30 je senzor za kontinuirano mjerenje protoka rijeka, otvorenih kanala i kanala s poznatim profilom popre\u010dnog presjeka. Senzor koristi inovativnu radarsku tehnologiju za mjerenje brzine, razine vode i protoka. Omogu\u0107uje pouzdano, beskontaktno mjerenje bez potrebe za konstrukcijskim radovima u vodi.\" \/>\n<meta name=\"robots\" content=\"index, follow, max-snippet:-1, max-image-preview:large, max-video-preview:-1\" \/>\n<link rel=\"canonical\" href=\"https:\/\/vode.hr\/bs\/proizvod\/radarski-sustav-za-mjerenje-razine-i-protoka-rijeka-rq30-rq30a-sommer\/\" \/>\n<meta property=\"og:locale\" content=\"bs_BA\" \/>\n<meta property=\"og:type\" content=\"article\" \/>\n<meta property=\"og:title\" content=\"Radarski sustav za mjerenje razine i protoka rijeka, RQ30\/ RQ30a, Sommer - Vode.hr\" \/>\n<meta property=\"og:description\" content=\"RQ-30 je senzor za kontinuirano mjerenje protoka rijeka, otvorenih kanala i kanala s poznatim profilom popre\u010dnog presjeka. Senzor koristi inovativnu radarsku tehnologiju za mjerenje brzine, razine vode i protoka. Omogu\u0107uje pouzdano, beskontaktno mjerenje bez potrebe za konstrukcijskim radovima u vodi.\" \/>\n<meta property=\"og:url\" content=\"https:\/\/vode.hr\/bs\/proizvod\/radarski-sustav-za-mjerenje-razine-i-protoka-rijeka-rq30-rq30a-sommer\/\" \/>\n<meta property=\"og:site_name\" content=\"Vode.hr\" \/>\n<meta property=\"article:publisher\" content=\"https:\/\/www.facebook.com\/vode.hr\" \/>\n<meta property=\"article:modified_time\" content=\"2025-10-24T08:58:42+00:00\" \/>\n<meta property=\"og:image\" content=\"http:\/\/vode.hr\/wp-content\/uploads\/2023\/05\/Radarski-sustav-za-mjerenje-razine-i-protoka-rijeka-RQ30-RQ30a-1014-0.jpg\" \/>\n\t<meta property=\"og:image:width\" content=\"650\" \/>\n\t<meta property=\"og:image:height\" content=\"650\" \/>\n\t<meta property=\"og:image:type\" content=\"image\/jpeg\" \/>\n<meta name=\"twitter:card\" content=\"summary_large_image\" \/>\n<meta name=\"twitter:label1\" content=\"Est. reading time\" \/>\n\t<meta name=\"twitter:data1\" content=\"2 minute\" \/>\n<script type=\"application\/ld+json\" class=\"yoast-schema-graph\">{\"@context\":\"https:\/\/schema.org\",\"@graph\":[{\"@type\":[\"WebPage\",\"ItemPage\"],\"@id\":\"https:\/\/vode.hr\/bs\/proizvod\/radarski-sustav-za-mjerenje-razine-i-protoka-rijeka-rq30-rq30a-sommer\/\",\"url\":\"https:\/\/vode.hr\/bs\/proizvod\/radarski-sustav-za-mjerenje-razine-i-protoka-rijeka-rq30-rq30a-sommer\/\",\"name\":\"Radarski sustav za mjerenje razine i protoka rijeka, RQ30\/ RQ30a, Sommer - Vode.hr\",\"isPartOf\":{\"@id\":\"https:\/\/vode.hr\/bs\/#website\"},\"primaryImageOfPage\":{\"@id\":\"https:\/\/vode.hr\/bs\/proizvod\/radarski-sustav-za-mjerenje-razine-i-protoka-rijeka-rq30-rq30a-sommer\/#primaryimage\"},\"image\":{\"@id\":\"https:\/\/vode.hr\/bs\/proizvod\/radarski-sustav-za-mjerenje-razine-i-protoka-rijeka-rq30-rq30a-sommer\/#primaryimage\"},\"thumbnailUrl\":\"https:\/\/vode.hr\/wp-content\/uploads\/2023\/05\/Radarski-sustav-za-mjerenje-razine-i-protoka-rijeka-RQ30-RQ30a-1014-0.jpg\",\"datePublished\":\"2023-05-23T09:47:19+00:00\",\"dateModified\":\"2025-10-24T08:58:42+00:00\",\"description\":\"RQ-30 je senzor za kontinuirano mjerenje protoka rijeka, otvorenih kanala i kanala s poznatim profilom popre\u010dnog presjeka. Senzor koristi inovativnu radarsku tehnologiju za mjerenje brzine, razine vode i protoka. Omogu\u0107uje pouzdano, beskontaktno mjerenje bez potrebe za konstrukcijskim radovima u vodi.\",\"breadcrumb\":{\"@id\":\"https:\/\/vode.hr\/bs\/proizvod\/radarski-sustav-za-mjerenje-razine-i-protoka-rijeka-rq30-rq30a-sommer\/#breadcrumb\"},\"inLanguage\":\"bs-BA\",\"potentialAction\":[{\"@type\":\"ReadAction\",\"target\":[\"https:\/\/vode.hr\/bs\/proizvod\/radarski-sustav-za-mjerenje-razine-i-protoka-rijeka-rq30-rq30a-sommer\/\"]}]},{\"@type\":\"ImageObject\",\"inLanguage\":\"bs-BA\",\"@id\":\"https:\/\/vode.hr\/bs\/proizvod\/radarski-sustav-za-mjerenje-razine-i-protoka-rijeka-rq30-rq30a-sommer\/#primaryimage\",\"url\":\"https:\/\/vode.hr\/wp-content\/uploads\/2023\/05\/Radarski-sustav-za-mjerenje-razine-i-protoka-rijeka-RQ30-RQ30a-1014-0.jpg\",\"contentUrl\":\"https:\/\/vode.hr\/wp-content\/uploads\/2023\/05\/Radarski-sustav-za-mjerenje-razine-i-protoka-rijeka-RQ30-RQ30a-1014-0.jpg\",\"width\":650,\"height\":650},{\"@type\":\"BreadcrumbList\",\"@id\":\"https:\/\/vode.hr\/bs\/proizvod\/radarski-sustav-za-mjerenje-razine-i-protoka-rijeka-rq30-rq30a-sommer\/#breadcrumb\",\"itemListElement\":[{\"@type\":\"ListItem\",\"position\":1,\"name\":\"Po\u010detna stranica\",\"item\":\"https:\/\/vode.hr\/bs\/\"},{\"@type\":\"ListItem\",\"position\":2,\"name\":\"Trgovina\",\"item\":\"https:\/\/vode.hr\/trgovina\/\"},{\"@type\":\"ListItem\",\"position\":3,\"name\":\"Radarski sustav za mjerenje razine i protoka rijeka, RQ30\/ RQ30a, Sommer\"}]},{\"@type\":\"WebSite\",\"@id\":\"https:\/\/vode.hr\/bs\/#website\",\"url\":\"https:\/\/vode.hr\/bs\/\",\"name\":\"Vode.hr\",\"description\":\"Mjerenje kvalitete voda, dezinfekcija vode i ure\u0111aji za mjerenje uvjeta u okoli\u0161u\",\"publisher\":{\"@id\":\"https:\/\/vode.hr\/bs\/#organization\"},\"potentialAction\":[{\"@type\":\"SearchAction\",\"target\":{\"@type\":\"EntryPoint\",\"urlTemplate\":\"https:\/\/vode.hr\/bs\/?s={search_term_string}\"},\"query-input\":{\"@type\":\"PropertyValueSpecification\",\"valueRequired\":true,\"valueName\":\"search_term_string\"}}],\"inLanguage\":\"bs-BA\"},{\"@type\":\"Organization\",\"@id\":\"https:\/\/vode.hr\/bs\/#organization\",\"name\":\"Primotronic d.o.o.\",\"url\":\"https:\/\/vode.hr\/bs\/\",\"logo\":{\"@type\":\"ImageObject\",\"inLanguage\":\"bs-BA\",\"@id\":\"https:\/\/vode.hr\/bs\/#\/schema\/logo\/image\/\",\"url\":\"http:\/\/vode.hr\/wp-content\/uploads\/2023\/04\/vode-1.png\",\"contentUrl\":\"http:\/\/vode.hr\/wp-content\/uploads\/2023\/04\/vode-1.png\",\"width\":300,\"height\":99,\"caption\":\"Primotronic d.o.o.\"},\"image\":{\"@id\":\"https:\/\/vode.hr\/bs\/#\/schema\/logo\/image\/\"},\"sameAs\":[\"https:\/\/www.facebook.com\/vode.hr\"]}]}<\/script>\n<!-- \/ Yoast SEO plugin. -->","yoast_head_json":{"title":"Radarski sustav za mjerenje razine i protoka rijeka, RQ30\/ RQ30a, Sommer - Vode.hr","description":"RQ-30 je senzor za kontinuirano mjerenje protoka rijeka, otvorenih kanala i kanala s poznatim profilom popre\u010dnog presjeka. Senzor koristi inovativnu radarsku tehnologiju za mjerenje brzine, razine vode i protoka. Omogu\u0107uje pouzdano, beskontaktno mjerenje bez potrebe za konstrukcijskim radovima u vodi.","robots":{"index":"index","follow":"follow","max-snippet":"max-snippet:-1","max-image-preview":"max-image-preview:large","max-video-preview":"max-video-preview:-1"},"canonical":"https:\/\/vode.hr\/bs\/proizvod\/radarski-sustav-za-mjerenje-razine-i-protoka-rijeka-rq30-rq30a-sommer\/","og_locale":"bs_BA","og_type":"article","og_title":"Radarski sustav za mjerenje razine i protoka rijeka, RQ30\/ RQ30a, Sommer - Vode.hr","og_description":"RQ-30 je senzor za kontinuirano mjerenje protoka rijeka, otvorenih kanala i kanala s poznatim profilom popre\u010dnog presjeka. Senzor koristi inovativnu radarsku tehnologiju za mjerenje brzine, razine vode i protoka. Omogu\u0107uje pouzdano, beskontaktno mjerenje bez potrebe za konstrukcijskim radovima u vodi.","og_url":"https:\/\/vode.hr\/bs\/proizvod\/radarski-sustav-za-mjerenje-razine-i-protoka-rijeka-rq30-rq30a-sommer\/","og_site_name":"Vode.hr","article_publisher":"https:\/\/www.facebook.com\/vode.hr","article_modified_time":"2025-10-24T08:58:42+00:00","og_image":[{"width":650,"height":650,"url":"http:\/\/vode.hr\/wp-content\/uploads\/2023\/05\/Radarski-sustav-za-mjerenje-razine-i-protoka-rijeka-RQ30-RQ30a-1014-0.jpg","type":"image\/jpeg"}],"twitter_card":"summary_large_image","twitter_misc":{"Est. reading time":"2 minute"},"schema":{"@context":"https:\/\/schema.org","@graph":[{"@type":["WebPage","ItemPage"],"@id":"https:\/\/vode.hr\/bs\/proizvod\/radarski-sustav-za-mjerenje-razine-i-protoka-rijeka-rq30-rq30a-sommer\/","url":"https:\/\/vode.hr\/bs\/proizvod\/radarski-sustav-za-mjerenje-razine-i-protoka-rijeka-rq30-rq30a-sommer\/","name":"Radarski sustav za mjerenje razine i protoka rijeka, RQ30\/ RQ30a, Sommer - Vode.hr","isPartOf":{"@id":"https:\/\/vode.hr\/bs\/#website"},"primaryImageOfPage":{"@id":"https:\/\/vode.hr\/bs\/proizvod\/radarski-sustav-za-mjerenje-razine-i-protoka-rijeka-rq30-rq30a-sommer\/#primaryimage"},"image":{"@id":"https:\/\/vode.hr\/bs\/proizvod\/radarski-sustav-za-mjerenje-razine-i-protoka-rijeka-rq30-rq30a-sommer\/#primaryimage"},"thumbnailUrl":"https:\/\/vode.hr\/wp-content\/uploads\/2023\/05\/Radarski-sustav-za-mjerenje-razine-i-protoka-rijeka-RQ30-RQ30a-1014-0.jpg","datePublished":"2023-05-23T09:47:19+00:00","dateModified":"2025-10-24T08:58:42+00:00","description":"RQ-30 je senzor za kontinuirano mjerenje protoka rijeka, otvorenih kanala i kanala s poznatim profilom popre\u010dnog presjeka. Senzor koristi inovativnu radarsku tehnologiju za mjerenje brzine, razine vode i protoka. Omogu\u0107uje pouzdano, beskontaktno mjerenje bez potrebe za konstrukcijskim radovima u vodi.","breadcrumb":{"@id":"https:\/\/vode.hr\/bs\/proizvod\/radarski-sustav-za-mjerenje-razine-i-protoka-rijeka-rq30-rq30a-sommer\/#breadcrumb"},"inLanguage":"bs-BA","potentialAction":[{"@type":"ReadAction","target":["https:\/\/vode.hr\/bs\/proizvod\/radarski-sustav-za-mjerenje-razine-i-protoka-rijeka-rq30-rq30a-sommer\/"]}]},{"@type":"ImageObject","inLanguage":"bs-BA","@id":"https:\/\/vode.hr\/bs\/proizvod\/radarski-sustav-za-mjerenje-razine-i-protoka-rijeka-rq30-rq30a-sommer\/#primaryimage","url":"https:\/\/vode.hr\/wp-content\/uploads\/2023\/05\/Radarski-sustav-za-mjerenje-razine-i-protoka-rijeka-RQ30-RQ30a-1014-0.jpg","contentUrl":"https:\/\/vode.hr\/wp-content\/uploads\/2023\/05\/Radarski-sustav-za-mjerenje-razine-i-protoka-rijeka-RQ30-RQ30a-1014-0.jpg","width":650,"height":650},{"@type":"BreadcrumbList","@id":"https:\/\/vode.hr\/bs\/proizvod\/radarski-sustav-za-mjerenje-razine-i-protoka-rijeka-rq30-rq30a-sommer\/#breadcrumb","itemListElement":[{"@type":"ListItem","position":1,"name":"Po\u010detna stranica","item":"https:\/\/vode.hr\/bs\/"},{"@type":"ListItem","position":2,"name":"Trgovina","item":"https:\/\/vode.hr\/trgovina\/"},{"@type":"ListItem","position":3,"name":"Radarski sustav za mjerenje razine i protoka rijeka, RQ30\/ RQ30a, Sommer"}]},{"@type":"WebSite","@id":"https:\/\/vode.hr\/bs\/#website","url":"https:\/\/vode.hr\/bs\/","name":"Vode.hr","description":"Mjerenje kvalitete voda, dezinfekcija vode i ure\u0111aji za mjerenje uvjeta u okoli\u0161u","publisher":{"@id":"https:\/\/vode.hr\/bs\/#organization"},"potentialAction":[{"@type":"SearchAction","target":{"@type":"EntryPoint","urlTemplate":"https:\/\/vode.hr\/bs\/?s={search_term_string}"},"query-input":{"@type":"PropertyValueSpecification","valueRequired":true,"valueName":"search_term_string"}}],"inLanguage":"bs-BA"},{"@type":"Organization","@id":"https:\/\/vode.hr\/bs\/#organization","name":"Primotronic d.o.o.","url":"https:\/\/vode.hr\/bs\/","logo":{"@type":"ImageObject","inLanguage":"bs-BA","@id":"https:\/\/vode.hr\/bs\/#\/schema\/logo\/image\/","url":"http:\/\/vode.hr\/wp-content\/uploads\/2023\/04\/vode-1.png","contentUrl":"http:\/\/vode.hr\/wp-content\/uploads\/2023\/04\/vode-1.png","width":300,"height":99,"caption":"Primotronic d.o.o."},"image":{"@id":"https:\/\/vode.hr\/bs\/#\/schema\/logo\/image\/"},"sameAs":["https:\/\/www.facebook.com\/vode.hr"]}]}},"_links":{"self":[{"href":"https:\/\/vode.hr\/bs\/wp-json\/wp\/v2\/product\/660"}],"collection":[{"href":"https:\/\/vode.hr\/bs\/wp-json\/wp\/v2\/product"}],"about":[{"href":"https:\/\/vode.hr\/bs\/wp-json\/wp\/v2\/types\/product"}],"wp:featuredmedia":[{"embeddable":true,"href":"https:\/\/vode.hr\/bs\/wp-json\/wp\/v2\/media\/665"}],"wp:attachment":[{"href":"https:\/\/vode.hr\/bs\/wp-json\/wp\/v2\/media?parent=660"}],"wp:term":[{"taxonomy":"product_cat","embeddable":true,"href":"https:\/\/vode.hr\/bs\/wp-json\/wp\/v2\/product_cat?post=660"},{"taxonomy":"product_tag","embeddable":true,"href":"https:\/\/vode.hr\/bs\/wp-json\/wp\/v2\/product_tag?post=660"}],"curies":[{"name":"wp","href":"https:\/\/api.w.org\/{rel}","templated":true}]}}