{"id":674,"date":"2023-05-23T12:13:46","date_gmt":"2023-05-23T10:13:46","guid":{"rendered":"https:\/\/vode.hr\/?post_type=product&#038;p=674"},"modified":"2025-10-24T10:58:42","modified_gmt":"2025-10-24T08:58:42","slug":"radarski-sustav-nadzora-izlijevanja-rijeka-s-vanjskim-mjerenjem-razine-vode-rq-30l-sommer","status":"publish","type":"product","link":"https:\/\/vode.hr\/bs\/proizvod\/radarski-sustav-nadzora-izlijevanja-rijeka-s-vanjskim-mjerenjem-razine-vode-rq-30l-sommer\/","title":{"rendered":"Radarski sustav mjerenja protoka otvorenih rijeka s vanjskim mjerenjem razine vode, RQ-30L, Sommer"},"content":{"rendered":"<div class=\"row\"  id=\"row-430715806\">\n\n\t<div id=\"col-1844363132\" class=\"col small-12 large-12\"  >\n\t\t\t\t<div class=\"col-inner\"  >\n\t\t\t\n\t\t\t\n\t<div id=\"text-940760949\" class=\"text\">\n\t\t\n<h2>Radarsko mjerenje protoka otvorenih rijeka<\/h2>\n\t\t\n<style>\n#text-940760949 {\n  font-size: 1.3rem;\n  text-align: center;\n}\n<\/style>\n\t<\/div>\n\t\n\t<div id=\"text-1379263311\" class=\"text\">\n\t\t\n<p class=\"lead\">Sustav dizajniran za kori\u0161tenje u otvorenim rijekama, potocima ili kanalima, \u010dak i na mjestima gdje kontaktni nadzor nije mogu\u0107.<\/p>\n\t\t\n<style>\n#text-1379263311 {\n  font-size: 0.9rem;\n  text-align: center;\n}\n<\/style>\n\t<\/div>\n\t\n\t\t<\/div>\n\t\t\t\t\t<\/div>\n\n\t\n\n<style>\n#row-430715806 > .col > .col-inner {\n  padding: 3em 0px 0px 0px;\n}\n<\/style>\n<\/div>\n\t<section class=\"section\" id=\"section_306144453\">\n\t\t<div class=\"bg section-bg fill bg-fill  bg-loaded\" >\n\n\t\t\t\n\t\t\t\n\t\t\t\n\n\t\t<\/div>\n\n\t\t\n\n\t\t<div class=\"section-content relative\">\n\t\t\t\n<div class=\"row align-middle\"  id=\"row-499852706\">\n\n\t<div id=\"col-125720077\" class=\"col medium-6 small-12 large-6\"  >\n\t\t\t\t<div class=\"col-inner text-left\"  >\n\t\t\t\n\t\t\t\n<h3>Zna\u010dajke i prednosti<\/h3>\n<ul>\n<li>Mjerenje protoka pomo\u0107u inovativne radarske tehnologije i kroz integraciju vanjskih podataka (razina vode i profil presjeka)<\/li>\n<li>Nadogradnja postoje\u0107ih mjernih mjesta dodatnim povr\u0161inskim mjerenjem brzine<\/li>\n<li>Dobro dokazana RQ radarska tehnologija: beskontaktno mjerenje, bez odr\u017eavanja i otpornost na poplave<\/li>\n<li>U vodi nisu potrebni nikakvi strukturni radovi<\/li>\n<li>Prepoznavanje smjera strujanja i u\u010dinaka histereze<\/li>\n<li>Mjerenje u plimnim vodama<\/li>\n<li>Mjerenje u usporenim situacijama<\/li>\n<li>Mjeri \u010dak i tamo gdje prevladava rast korova iu vodama s visokom mutno\u0107om<\/li>\n<li>Mjerni raspon 0,08 &#8230; 16 m\/s (ovisno o uvjetima protoka)<\/li>\n<li>Analogni izlazi 4 do 20 mA (opcija)<\/li>\n<\/ul>\n\t\t<\/div>\n\t\t\t\t\n<style>\n#col-125720077 > .col-inner {\n  padding: 2em 1em 0px 1em;\n}\n@media (min-width:550px) {\n  #col-125720077 > .col-inner {\n    padding: 0px 0px 0px 2em;\n  }\n}\n<\/style>\n\t<\/div>\n\n\t\n\n\t<div id=\"col-835375368\" class=\"col medium-6 small-12 large-6\"  >\n\t\t\t\t<div class=\"col-inner\"  >\n\t\t\t\n\t\t\t\n\t<div class=\"img has-hover x md-x lg-x y md-y lg-y\" id=\"image_426825532\">\n\t\t\t\t\t\t\t\t<div class=\"img-inner dark\" style=\"margin:0px 0px 0px 0px;\">\n\t\t\t<img loading=\"lazy\" decoding=\"async\" width=\"600\" height=\"600\" src=\"https:\/\/vode.hr\/wp-content\/uploads\/2023\/05\/Radarski-sustav-za-mjerenje-razine-i-protoka-rijeka-RQ30-RQ30a-1014-3.jpg\" class=\"attachment-original size-original\" alt=\"\" srcset=\"https:\/\/vode.hr\/wp-content\/uploads\/2023\/05\/Radarski-sustav-za-mjerenje-razine-i-protoka-rijeka-RQ30-RQ30a-1014-3.jpg 600w, https:\/\/vode.hr\/wp-content\/uploads\/2023\/05\/Radarski-sustav-za-mjerenje-razine-i-protoka-rijeka-RQ30-RQ30a-1014-3-300x300.jpg 300w, https:\/\/vode.hr\/wp-content\/uploads\/2023\/05\/Radarski-sustav-za-mjerenje-razine-i-protoka-rijeka-RQ30-RQ30a-1014-3-150x150.jpg 150w, https:\/\/vode.hr\/wp-content\/uploads\/2023\/05\/Radarski-sustav-za-mjerenje-razine-i-protoka-rijeka-RQ30-RQ30a-1014-3-370x370.jpg 370w, https:\/\/vode.hr\/wp-content\/uploads\/2023\/05\/Radarski-sustav-za-mjerenje-razine-i-protoka-rijeka-RQ30-RQ30a-1014-3-100x100.jpg 100w\" sizes=\"(max-width: 600px) 100vw, 600px\" \/>\t\t\t\t\t\t\n\t\t\t\t\t<\/div>\n\t\t\t\t\t\t\t\t\n<style>\n#image_426825532 {\n  width: 100%;\n}\n<\/style>\n\t<\/div>\n\t\n\t\t<\/div>\n\t\t\t\t\t<\/div>\n\n\t\n<\/div>\n\t\t<\/div>\n\n\t\t\n<style>\n#section_306144453 {\n  padding-top: 0px;\n  padding-bottom: 0px;\n  background-color: rgb(221, 239, 239);\n}\n<\/style>\n\t<\/section>\n\t\n<div class=\"row align-middle\"  id=\"row-1153034428\">\n\n\t<div id=\"col-999598765\" class=\"col medium-6 small-12 large-6\"  >\n\t\t\t\t<div class=\"col-inner\"  >\n\t\t\t\n\t\t\t\n\t<div class=\"img has-hover x md-x lg-x y md-y lg-y\" id=\"image_582408274\">\n\t\t\t\t\t\t\t\t<div class=\"img-inner dark\" >\n\t\t\t<img loading=\"lazy\" decoding=\"async\" width=\"650\" height=\"650\" src=\"https:\/\/vode.hr\/wp-content\/uploads\/2023\/05\/Radarski-sustav-nadzora-izlijevanja-rijeka-s-vanjskim-mjerenjem-razine-vode-RQ-30L-Sommer-1023-0.jpg\" class=\"attachment-original size-original\" alt=\"\" srcset=\"https:\/\/vode.hr\/wp-content\/uploads\/2023\/05\/Radarski-sustav-nadzora-izlijevanja-rijeka-s-vanjskim-mjerenjem-razine-vode-RQ-30L-Sommer-1023-0.jpg 650w, https:\/\/vode.hr\/wp-content\/uploads\/2023\/05\/Radarski-sustav-nadzora-izlijevanja-rijeka-s-vanjskim-mjerenjem-razine-vode-RQ-30L-Sommer-1023-0-300x300.jpg 300w, https:\/\/vode.hr\/wp-content\/uploads\/2023\/05\/Radarski-sustav-nadzora-izlijevanja-rijeka-s-vanjskim-mjerenjem-razine-vode-RQ-30L-Sommer-1023-0-150x150.jpg 150w, https:\/\/vode.hr\/wp-content\/uploads\/2023\/05\/Radarski-sustav-nadzora-izlijevanja-rijeka-s-vanjskim-mjerenjem-razine-vode-RQ-30L-Sommer-1023-0-370x370.jpg 370w, https:\/\/vode.hr\/wp-content\/uploads\/2023\/05\/Radarski-sustav-nadzora-izlijevanja-rijeka-s-vanjskim-mjerenjem-razine-vode-RQ-30L-Sommer-1023-0-100x100.jpg 100w\" sizes=\"(max-width: 650px) 100vw, 650px\" \/>\t\t\t\t\t\t\n\t\t\t\t\t<\/div>\n\t\t\t\t\t\t\t\t\n<style>\n#image_582408274 {\n  width: 90%;\n}\n<\/style>\n\t<\/div>\n\t\n\t\t<\/div>\n\t\t\t\t\t<\/div>\n\n\t\n\n\t<div id=\"col-1295868919\" class=\"col medium-6 small-12 large-6 small-col-first\"  >\n\t\t\t\t<div class=\"col-inner\"  >\n\t\t\t\n\t\t\t\n\t<div id=\"text-2450376820\" class=\"text\">\n\t\t\n<h2>Podru\u010dje primjene<\/h2>\n\t\t\n<style>\n#text-2450376820 {\n  text-align: center;\n}\n<\/style>\n\t<\/div>\n\t\n<div class=\"is-divider divider clearfix\" style=\"max-width:100%;\"><\/div>\n<p>RQ-30L se uglavnom primjenjuje tamo gdje postoje\u0107a mjerna mjesta (npr. mjerna mjesta) treba unaprijediti u smislu kvalitete bez potrebe za velikim ulaganjima. Dok se razina vode mo\u017ee mjeriti kao i prije, radarski senzor pobolj\u0161ava to\u010dnost dodatno odre\u0111uju\u0107i povr\u0161insku brzinu protoka. Stoga je RQ-30L vrlo u\u010dinkovito pro\u0161irenje za sva mjesta gdje se razina vode treba (ili mora) mjeriti posebnim instrumentom osim RQ-30.<\/p>\n<p>Razina vode (vodomjer) odre\u0111uje se bilo kojim mjernim ure\u0111ajem osim RQ-30L i daje mu se kao analogni ulaz podataka za izra\u010dun protoka.<\/p>\n\t<div id=\"gap-195428242\" class=\"gap-element clearfix\" style=\"display:block; height:auto;\">\n\t\t\n<style>\n#gap-195428242 {\n  padding-top: 30px;\n}\n<\/style>\n\t<\/div>\n\t\n\t<div id=\"gap-1017796827\" class=\"gap-element clearfix\" style=\"display:block; height:auto;\">\n\t\t\n<style>\n#gap-1017796827 {\n  padding-top: 30px;\n}\n<\/style>\n\t<\/div>\n\t\n\t\t<\/div>\n\t\t\t\t\t<\/div>\n\n\t\n\n<style>\n#row-1153034428 > .col > .col-inner {\n  padding: 2em 0px 0px 0px;\n}\n<\/style>\n<\/div>\n","protected":false},"excerpt":{"rendered":"<p>Inovativni radarski senzor za beskontaktno mjerenje protoka rijeka, otvorenih kanala i kanala s mogu\u0107no\u0161\u0107u kori\u0161tenja i integracije vanjskih podataka o vodostaju.<\/p>\n","protected":false},"featured_media":665,"template":"","meta":[],"product_cat":[223],"product_tag":[297],"class_list":["post-674","product","type-product","status-publish","has-post-thumbnail","hentry","product_cat-vode","product_tag-sommer"],"yoast_head":"<!-- This site is optimized with the Yoast SEO plugin v25.0 - https:\/\/yoast.com\/wordpress\/plugins\/seo\/ -->\n<title>Radarski sustav mjerenja protoka otvorenih rijeka s vanjskim mjerenjem razine vode, RQ-30L, Sommer - Vode.hr<\/title>\n<meta name=\"description\" content=\"Inovativni radarski senzor za beskontaktno mjerenje protoka rijeka, otvorenih kanala i kanala s mogu\u0107no\u0161\u0107u kori\u0161tenja i integracije vanjskih podataka o vodostaju.\" \/>\n<meta name=\"robots\" content=\"index, follow, max-snippet:-1, max-image-preview:large, max-video-preview:-1\" \/>\n<link rel=\"canonical\" href=\"https:\/\/vode.hr\/bs\/proizvod\/radarski-sustav-nadzora-izlijevanja-rijeka-s-vanjskim-mjerenjem-razine-vode-rq-30l-sommer\/\" \/>\n<meta property=\"og:locale\" content=\"bs_BA\" \/>\n<meta property=\"og:type\" content=\"article\" \/>\n<meta property=\"og:title\" content=\"Radarski sustav mjerenja protoka otvorenih rijeka s vanjskim mjerenjem razine vode, RQ-30L, Sommer - Vode.hr\" \/>\n<meta property=\"og:description\" content=\"Inovativni radarski senzor za beskontaktno mjerenje protoka rijeka, otvorenih kanala i kanala s mogu\u0107no\u0161\u0107u kori\u0161tenja i integracije vanjskih podataka o vodostaju.\" \/>\n<meta property=\"og:url\" content=\"https:\/\/vode.hr\/bs\/proizvod\/radarski-sustav-nadzora-izlijevanja-rijeka-s-vanjskim-mjerenjem-razine-vode-rq-30l-sommer\/\" \/>\n<meta property=\"og:site_name\" content=\"Vode.hr\" \/>\n<meta property=\"article:publisher\" content=\"https:\/\/www.facebook.com\/vode.hr\" \/>\n<meta property=\"article:modified_time\" content=\"2025-10-24T08:58:42+00:00\" \/>\n<meta property=\"og:image\" content=\"http:\/\/vode.hr\/wp-content\/uploads\/2023\/05\/Radarski-sustav-za-mjerenje-razine-i-protoka-rijeka-RQ30-RQ30a-1014-0.jpg\" \/>\n\t<meta property=\"og:image:width\" content=\"650\" \/>\n\t<meta property=\"og:image:height\" content=\"650\" \/>\n\t<meta property=\"og:image:type\" content=\"image\/jpeg\" \/>\n<meta name=\"twitter:card\" content=\"summary_large_image\" \/>\n<meta name=\"twitter:label1\" content=\"Est. reading time\" \/>\n\t<meta name=\"twitter:data1\" content=\"2 minute\" \/>\n<script type=\"application\/ld+json\" class=\"yoast-schema-graph\">{\"@context\":\"https:\/\/schema.org\",\"@graph\":[{\"@type\":[\"WebPage\",\"ItemPage\"],\"@id\":\"https:\/\/vode.hr\/bs\/proizvod\/radarski-sustav-nadzora-izlijevanja-rijeka-s-vanjskim-mjerenjem-razine-vode-rq-30l-sommer\/\",\"url\":\"https:\/\/vode.hr\/bs\/proizvod\/radarski-sustav-nadzora-izlijevanja-rijeka-s-vanjskim-mjerenjem-razine-vode-rq-30l-sommer\/\",\"name\":\"Radarski sustav mjerenja protoka otvorenih rijeka s vanjskim mjerenjem razine vode, RQ-30L, Sommer - Vode.hr\",\"isPartOf\":{\"@id\":\"https:\/\/vode.hr\/bs\/#website\"},\"primaryImageOfPage\":{\"@id\":\"https:\/\/vode.hr\/bs\/proizvod\/radarski-sustav-nadzora-izlijevanja-rijeka-s-vanjskim-mjerenjem-razine-vode-rq-30l-sommer\/#primaryimage\"},\"image\":{\"@id\":\"https:\/\/vode.hr\/bs\/proizvod\/radarski-sustav-nadzora-izlijevanja-rijeka-s-vanjskim-mjerenjem-razine-vode-rq-30l-sommer\/#primaryimage\"},\"thumbnailUrl\":\"https:\/\/vode.hr\/wp-content\/uploads\/2023\/05\/Radarski-sustav-za-mjerenje-razine-i-protoka-rijeka-RQ30-RQ30a-1014-0.jpg\",\"datePublished\":\"2023-05-23T10:13:46+00:00\",\"dateModified\":\"2025-10-24T08:58:42+00:00\",\"description\":\"Inovativni radarski senzor za beskontaktno mjerenje protoka rijeka, otvorenih kanala i kanala s mogu\u0107no\u0161\u0107u kori\u0161tenja i integracije vanjskih podataka o vodostaju.\",\"breadcrumb\":{\"@id\":\"https:\/\/vode.hr\/bs\/proizvod\/radarski-sustav-nadzora-izlijevanja-rijeka-s-vanjskim-mjerenjem-razine-vode-rq-30l-sommer\/#breadcrumb\"},\"inLanguage\":\"bs-BA\",\"potentialAction\":[{\"@type\":\"ReadAction\",\"target\":[\"https:\/\/vode.hr\/bs\/proizvod\/radarski-sustav-nadzora-izlijevanja-rijeka-s-vanjskim-mjerenjem-razine-vode-rq-30l-sommer\/\"]}]},{\"@type\":\"ImageObject\",\"inLanguage\":\"bs-BA\",\"@id\":\"https:\/\/vode.hr\/bs\/proizvod\/radarski-sustav-nadzora-izlijevanja-rijeka-s-vanjskim-mjerenjem-razine-vode-rq-30l-sommer\/#primaryimage\",\"url\":\"https:\/\/vode.hr\/wp-content\/uploads\/2023\/05\/Radarski-sustav-za-mjerenje-razine-i-protoka-rijeka-RQ30-RQ30a-1014-0.jpg\",\"contentUrl\":\"https:\/\/vode.hr\/wp-content\/uploads\/2023\/05\/Radarski-sustav-za-mjerenje-razine-i-protoka-rijeka-RQ30-RQ30a-1014-0.jpg\",\"width\":650,\"height\":650},{\"@type\":\"BreadcrumbList\",\"@id\":\"https:\/\/vode.hr\/bs\/proizvod\/radarski-sustav-nadzora-izlijevanja-rijeka-s-vanjskim-mjerenjem-razine-vode-rq-30l-sommer\/#breadcrumb\",\"itemListElement\":[{\"@type\":\"ListItem\",\"position\":1,\"name\":\"Po\u010detna stranica\",\"item\":\"https:\/\/vode.hr\/bs\/\"},{\"@type\":\"ListItem\",\"position\":2,\"name\":\"Trgovina\",\"item\":\"https:\/\/vode.hr\/trgovina\/\"},{\"@type\":\"ListItem\",\"position\":3,\"name\":\"Radarski sustav mjerenja protoka otvorenih rijeka s vanjskim mjerenjem razine vode, RQ-30L, Sommer\"}]},{\"@type\":\"WebSite\",\"@id\":\"https:\/\/vode.hr\/bs\/#website\",\"url\":\"https:\/\/vode.hr\/bs\/\",\"name\":\"Vode.hr\",\"description\":\"Mjerenje kvalitete voda, dezinfekcija vode i ure\u0111aji za mjerenje uvjeta u okoli\u0161u\",\"publisher\":{\"@id\":\"https:\/\/vode.hr\/bs\/#organization\"},\"potentialAction\":[{\"@type\":\"SearchAction\",\"target\":{\"@type\":\"EntryPoint\",\"urlTemplate\":\"https:\/\/vode.hr\/bs\/?s={search_term_string}\"},\"query-input\":{\"@type\":\"PropertyValueSpecification\",\"valueRequired\":true,\"valueName\":\"search_term_string\"}}],\"inLanguage\":\"bs-BA\"},{\"@type\":\"Organization\",\"@id\":\"https:\/\/vode.hr\/bs\/#organization\",\"name\":\"Primotronic d.o.o.\",\"url\":\"https:\/\/vode.hr\/bs\/\",\"logo\":{\"@type\":\"ImageObject\",\"inLanguage\":\"bs-BA\",\"@id\":\"https:\/\/vode.hr\/bs\/#\/schema\/logo\/image\/\",\"url\":\"http:\/\/vode.hr\/wp-content\/uploads\/2023\/04\/vode-1.png\",\"contentUrl\":\"http:\/\/vode.hr\/wp-content\/uploads\/2023\/04\/vode-1.png\",\"width\":300,\"height\":99,\"caption\":\"Primotronic d.o.o.\"},\"image\":{\"@id\":\"https:\/\/vode.hr\/bs\/#\/schema\/logo\/image\/\"},\"sameAs\":[\"https:\/\/www.facebook.com\/vode.hr\"]}]}<\/script>\n<!-- \/ Yoast SEO plugin. -->","yoast_head_json":{"title":"Radarski sustav mjerenja protoka otvorenih rijeka s vanjskim mjerenjem razine vode, RQ-30L, Sommer - Vode.hr","description":"Inovativni radarski senzor za beskontaktno mjerenje protoka rijeka, otvorenih kanala i kanala s mogu\u0107no\u0161\u0107u kori\u0161tenja i integracije vanjskih podataka o vodostaju.","robots":{"index":"index","follow":"follow","max-snippet":"max-snippet:-1","max-image-preview":"max-image-preview:large","max-video-preview":"max-video-preview:-1"},"canonical":"https:\/\/vode.hr\/bs\/proizvod\/radarski-sustav-nadzora-izlijevanja-rijeka-s-vanjskim-mjerenjem-razine-vode-rq-30l-sommer\/","og_locale":"bs_BA","og_type":"article","og_title":"Radarski sustav mjerenja protoka otvorenih rijeka s vanjskim mjerenjem razine vode, RQ-30L, Sommer - Vode.hr","og_description":"Inovativni radarski senzor za beskontaktno mjerenje protoka rijeka, otvorenih kanala i kanala s mogu\u0107no\u0161\u0107u kori\u0161tenja i integracije vanjskih podataka o vodostaju.","og_url":"https:\/\/vode.hr\/bs\/proizvod\/radarski-sustav-nadzora-izlijevanja-rijeka-s-vanjskim-mjerenjem-razine-vode-rq-30l-sommer\/","og_site_name":"Vode.hr","article_publisher":"https:\/\/www.facebook.com\/vode.hr","article_modified_time":"2025-10-24T08:58:42+00:00","og_image":[{"width":650,"height":650,"url":"http:\/\/vode.hr\/wp-content\/uploads\/2023\/05\/Radarski-sustav-za-mjerenje-razine-i-protoka-rijeka-RQ30-RQ30a-1014-0.jpg","type":"image\/jpeg"}],"twitter_card":"summary_large_image","twitter_misc":{"Est. reading time":"2 minute"},"schema":{"@context":"https:\/\/schema.org","@graph":[{"@type":["WebPage","ItemPage"],"@id":"https:\/\/vode.hr\/bs\/proizvod\/radarski-sustav-nadzora-izlijevanja-rijeka-s-vanjskim-mjerenjem-razine-vode-rq-30l-sommer\/","url":"https:\/\/vode.hr\/bs\/proizvod\/radarski-sustav-nadzora-izlijevanja-rijeka-s-vanjskim-mjerenjem-razine-vode-rq-30l-sommer\/","name":"Radarski sustav mjerenja protoka otvorenih rijeka s vanjskim mjerenjem razine vode, RQ-30L, Sommer - Vode.hr","isPartOf":{"@id":"https:\/\/vode.hr\/bs\/#website"},"primaryImageOfPage":{"@id":"https:\/\/vode.hr\/bs\/proizvod\/radarski-sustav-nadzora-izlijevanja-rijeka-s-vanjskim-mjerenjem-razine-vode-rq-30l-sommer\/#primaryimage"},"image":{"@id":"https:\/\/vode.hr\/bs\/proizvod\/radarski-sustav-nadzora-izlijevanja-rijeka-s-vanjskim-mjerenjem-razine-vode-rq-30l-sommer\/#primaryimage"},"thumbnailUrl":"https:\/\/vode.hr\/wp-content\/uploads\/2023\/05\/Radarski-sustav-za-mjerenje-razine-i-protoka-rijeka-RQ30-RQ30a-1014-0.jpg","datePublished":"2023-05-23T10:13:46+00:00","dateModified":"2025-10-24T08:58:42+00:00","description":"Inovativni radarski senzor za beskontaktno mjerenje protoka rijeka, otvorenih kanala i kanala s mogu\u0107no\u0161\u0107u kori\u0161tenja i integracije vanjskih podataka o vodostaju.","breadcrumb":{"@id":"https:\/\/vode.hr\/bs\/proizvod\/radarski-sustav-nadzora-izlijevanja-rijeka-s-vanjskim-mjerenjem-razine-vode-rq-30l-sommer\/#breadcrumb"},"inLanguage":"bs-BA","potentialAction":[{"@type":"ReadAction","target":["https:\/\/vode.hr\/bs\/proizvod\/radarski-sustav-nadzora-izlijevanja-rijeka-s-vanjskim-mjerenjem-razine-vode-rq-30l-sommer\/"]}]},{"@type":"ImageObject","inLanguage":"bs-BA","@id":"https:\/\/vode.hr\/bs\/proizvod\/radarski-sustav-nadzora-izlijevanja-rijeka-s-vanjskim-mjerenjem-razine-vode-rq-30l-sommer\/#primaryimage","url":"https:\/\/vode.hr\/wp-content\/uploads\/2023\/05\/Radarski-sustav-za-mjerenje-razine-i-protoka-rijeka-RQ30-RQ30a-1014-0.jpg","contentUrl":"https:\/\/vode.hr\/wp-content\/uploads\/2023\/05\/Radarski-sustav-za-mjerenje-razine-i-protoka-rijeka-RQ30-RQ30a-1014-0.jpg","width":650,"height":650},{"@type":"BreadcrumbList","@id":"https:\/\/vode.hr\/bs\/proizvod\/radarski-sustav-nadzora-izlijevanja-rijeka-s-vanjskim-mjerenjem-razine-vode-rq-30l-sommer\/#breadcrumb","itemListElement":[{"@type":"ListItem","position":1,"name":"Po\u010detna stranica","item":"https:\/\/vode.hr\/bs\/"},{"@type":"ListItem","position":2,"name":"Trgovina","item":"https:\/\/vode.hr\/trgovina\/"},{"@type":"ListItem","position":3,"name":"Radarski sustav mjerenja protoka otvorenih rijeka s vanjskim mjerenjem razine vode, RQ-30L, Sommer"}]},{"@type":"WebSite","@id":"https:\/\/vode.hr\/bs\/#website","url":"https:\/\/vode.hr\/bs\/","name":"Vode.hr","description":"Mjerenje kvalitete voda, dezinfekcija vode i ure\u0111aji za mjerenje uvjeta u okoli\u0161u","publisher":{"@id":"https:\/\/vode.hr\/bs\/#organization"},"potentialAction":[{"@type":"SearchAction","target":{"@type":"EntryPoint","urlTemplate":"https:\/\/vode.hr\/bs\/?s={search_term_string}"},"query-input":{"@type":"PropertyValueSpecification","valueRequired":true,"valueName":"search_term_string"}}],"inLanguage":"bs-BA"},{"@type":"Organization","@id":"https:\/\/vode.hr\/bs\/#organization","name":"Primotronic d.o.o.","url":"https:\/\/vode.hr\/bs\/","logo":{"@type":"ImageObject","inLanguage":"bs-BA","@id":"https:\/\/vode.hr\/bs\/#\/schema\/logo\/image\/","url":"http:\/\/vode.hr\/wp-content\/uploads\/2023\/04\/vode-1.png","contentUrl":"http:\/\/vode.hr\/wp-content\/uploads\/2023\/04\/vode-1.png","width":300,"height":99,"caption":"Primotronic d.o.o."},"image":{"@id":"https:\/\/vode.hr\/bs\/#\/schema\/logo\/image\/"},"sameAs":["https:\/\/www.facebook.com\/vode.hr"]}]}},"_links":{"self":[{"href":"https:\/\/vode.hr\/bs\/wp-json\/wp\/v2\/product\/674"}],"collection":[{"href":"https:\/\/vode.hr\/bs\/wp-json\/wp\/v2\/product"}],"about":[{"href":"https:\/\/vode.hr\/bs\/wp-json\/wp\/v2\/types\/product"}],"wp:featuredmedia":[{"embeddable":true,"href":"https:\/\/vode.hr\/bs\/wp-json\/wp\/v2\/media\/665"}],"wp:attachment":[{"href":"https:\/\/vode.hr\/bs\/wp-json\/wp\/v2\/media?parent=674"}],"wp:term":[{"taxonomy":"product_cat","embeddable":true,"href":"https:\/\/vode.hr\/bs\/wp-json\/wp\/v2\/product_cat?post=674"},{"taxonomy":"product_tag","embeddable":true,"href":"https:\/\/vode.hr\/bs\/wp-json\/wp\/v2\/product_tag?post=674"}],"curies":[{"name":"wp","href":"https:\/\/api.w.org\/{rel}","templated":true}]}}