{"id":686,"date":"2023-05-23T12:37:27","date_gmt":"2023-05-23T10:37:27","guid":{"rendered":"https:\/\/vode.hr\/?post_type=product&#038;p=686"},"modified":"2025-10-24T10:58:42","modified_gmt":"2025-10-24T08:58:42","slug":"mobilni-sustav-za-mjerenje-protoka-brzih-voda-tq-f-sommer","status":"publish","type":"product","link":"https:\/\/vode.hr\/bs\/proizvod\/mobilni-sustav-za-mjerenje-protoka-brzih-voda-tq-f-sommer\/","title":{"rendered":"Mobilni sustav za mjerenje protoka brzih voda, TQ-F, Sommer"},"content":{"rendered":"<div class=\"row\"  id=\"row-1507888743\">\n\n\t<div id=\"col-227570010\" class=\"col small-12 large-12\"  >\n\t\t\t\t<div class=\"col-inner\"  >\n\t\t\t\n\t\t\t\n\t<div id=\"text-2997449166\" class=\"text\">\n\t\t\n<h2>Brizna protoka turbulentnih rijeka na dlanu<\/h2>\n\t\t\n<style>\n#text-2997449166 {\n  font-size: 1.3rem;\n  text-align: center;\n}\n<\/style>\n\t<\/div>\n\t\n\t<div id=\"text-2551752599\" class=\"text\">\n\t\t\n\t\t\n<style>\n#text-2551752599 {\n  font-size: 0.9rem;\n  text-align: center;\n}\n<\/style>\n\t<\/div>\n\t\n\t\t<\/div>\n\t\t\t\t\t<\/div>\n\n\t\n\n<style>\n#row-1507888743 > .col > .col-inner {\n  padding: 3em 0px 0px 0px;\n}\n<\/style>\n<\/div>\n\t<section class=\"section\" id=\"section_1262769513\">\n\t\t<div class=\"bg section-bg fill bg-fill  bg-loaded\" >\n\n\t\t\t\n\t\t\t\n\t\t\t\n\n\t\t<\/div>\n\n\t\t\n\n\t\t<div class=\"section-content relative\">\n\t\t\t\n<div class=\"row align-middle\"  id=\"row-1087553798\">\n\n\t<div id=\"col-1480768377\" class=\"col medium-6 small-12 large-6\"  >\n\t\t\t\t<div class=\"col-inner text-left\"  >\n\t\t\t\n\t\t\t\n<p>Mjerenje protoka provodi se kori\u0161tenjem dobro utvr\u0111ene metode razrje\u0111ivanja traga\u010da i posebno je prikladno za velike koli\u010dine vode. Sustav se mo\u017ee postaviti u turbulentnim rijekama, potocima ili vodama za koje podaci o profilu popre\u010dnog presjeka nisu dostupni ili su nepoznati.<\/p>\n<p>Koristi se fluorescentni materijal kao traga\u010d. Nakon umetanja poznate koli\u010dine materijala za pra\u0107enje dvije opti\u010dke fluorescentne sonde automatski odre\u0111uju pra\u017enjenje. Na taj na\u010din mogu se zajam\u010diti visoka vjerodostojnost i to\u010dni rezultati. Novi softver TQ-COMMANDER V2 je dostupan!<\/p>\n<h3>Zna\u010dajke i prednosti<\/h3>\n<ul>\n<li>Jednostavno, mobilno mjerenje pra\u017enjenja<\/li>\n<li>Pouzdani rezultati \u010dak i bez znanja i neovisno o profilu popre\u010dnog presjeka<\/li>\n<li>Prikladno za brze, nemirne vode ili gdje je pristup ograni\u010den<\/li>\n<li>Primjenjuje se posebno kod koli\u010dine vode od nekoliko m\u00b3\/s<\/li>\n<li>Ekolo\u0161ki prihvatljiv, ne\u0161kodljiv za vodu<\/li>\n<li>Vrijednosti pra\u017enjenja dostupne odmah<\/li>\n<li>Jednostavan prijenos mjernih podataka sa senzora na prijemni ure\u0111aj putem Bluetootha<\/li>\n<li>Prakti\u010dno primanje podataka na laptop<\/li>\n<li>Vizualizacija mjernih podataka u stvarnom vremenu<\/li>\n<li>Jednostavno vo\u0111enje kroz mjerenje uklju\u010denim softverom TQ-Commander<\/li>\n<li>Istodobno mjerenje s do \u010detiri sonde<\/li>\n<li>Materijal za pra\u0107enje: fluorescencija (fluorescein ili sli\u010dno)<\/li>\n<li>Vrsta sonde: opti\u010dka fluorescentna sonda<\/li>\n<li>Kompaktan i prakti\u010dan: kompletna oprema sigurno upakirana u dvije kutije<\/li>\n<\/ul>\n\t\t<\/div>\n\t\t\t\t\n<style>\n#col-1480768377 > .col-inner {\n  padding: 2em 1em 0px 1em;\n}\n@media (min-width:550px) {\n  #col-1480768377 > .col-inner {\n    padding: 0px 0px 0px 2em;\n  }\n}\n<\/style>\n\t<\/div>\n\n\t\n\n\t<div id=\"col-1129816095\" class=\"col medium-6 small-12 large-6\"  >\n\t\t\t\t<div class=\"col-inner\"  >\n\t\t\t\n\t\t\t\n\t<div class=\"img has-hover x md-x lg-x y md-y lg-y\" id=\"image_606613098\">\n\t\t\t\t\t\t\t\t<div class=\"img-inner dark\" style=\"margin:0px 0px 0px 0px;\">\n\t\t\t<img loading=\"lazy\" decoding=\"async\" width=\"600\" height=\"600\" src=\"https:\/\/vode.hr\/wp-content\/uploads\/2023\/05\/Mobilni-sustav-za-mjerenje-protoka-brzih-voda-TQ-F-Sommer-1015-2.jpg\" class=\"attachment-original size-original\" alt=\"\" srcset=\"https:\/\/vode.hr\/wp-content\/uploads\/2023\/05\/Mobilni-sustav-za-mjerenje-protoka-brzih-voda-TQ-F-Sommer-1015-2.jpg 600w, https:\/\/vode.hr\/wp-content\/uploads\/2023\/05\/Mobilni-sustav-za-mjerenje-protoka-brzih-voda-TQ-F-Sommer-1015-2-300x300.jpg 300w, https:\/\/vode.hr\/wp-content\/uploads\/2023\/05\/Mobilni-sustav-za-mjerenje-protoka-brzih-voda-TQ-F-Sommer-1015-2-150x150.jpg 150w, https:\/\/vode.hr\/wp-content\/uploads\/2023\/05\/Mobilni-sustav-za-mjerenje-protoka-brzih-voda-TQ-F-Sommer-1015-2-370x370.jpg 370w, https:\/\/vode.hr\/wp-content\/uploads\/2023\/05\/Mobilni-sustav-za-mjerenje-protoka-brzih-voda-TQ-F-Sommer-1015-2-100x100.jpg 100w\" sizes=\"(max-width: 600px) 100vw, 600px\" \/>\t\t\t\t\t\t\n\t\t\t\t\t<\/div>\n\t\t\t\t\t\t\t\t\n<style>\n#image_606613098 {\n  width: 100%;\n}\n<\/style>\n\t<\/div>\n\t\n\t\t<\/div>\n\t\t\t\t\t<\/div>\n\n\t\n<\/div>\n\t\t<\/div>\n\n\t\t\n<style>\n#section_1262769513 {\n  padding-top: 0px;\n  padding-bottom: 0px;\n  background-color: rgb(221, 239, 239);\n}\n<\/style>\n\t<\/section>\n\t\n<div class=\"row align-middle\"  id=\"row-386624215\">\n\n\t<div id=\"col-1314468683\" class=\"col medium-6 small-12 large-6\"  >\n\t\t\t\t<div class=\"col-inner\"  >\n\t\t\t\n\t\t\t\n\t<div class=\"img has-hover x md-x lg-x y md-y lg-y\" id=\"image_1303877857\">\n\t\t\t\t\t\t\t\t<div class=\"img-inner dark\" >\n\t\t\t<img loading=\"lazy\" decoding=\"async\" width=\"650\" height=\"650\" src=\"https:\/\/vode.hr\/wp-content\/uploads\/2023\/05\/Mobilni-sustav-za-mjerenje-protoka-brzih-voda-TQ-F-Sommer-1015-0.jpg\" class=\"attachment-original size-original\" alt=\"\" srcset=\"https:\/\/vode.hr\/wp-content\/uploads\/2023\/05\/Mobilni-sustav-za-mjerenje-protoka-brzih-voda-TQ-F-Sommer-1015-0.jpg 650w, https:\/\/vode.hr\/wp-content\/uploads\/2023\/05\/Mobilni-sustav-za-mjerenje-protoka-brzih-voda-TQ-F-Sommer-1015-0-300x300.jpg 300w, https:\/\/vode.hr\/wp-content\/uploads\/2023\/05\/Mobilni-sustav-za-mjerenje-protoka-brzih-voda-TQ-F-Sommer-1015-0-150x150.jpg 150w, https:\/\/vode.hr\/wp-content\/uploads\/2023\/05\/Mobilni-sustav-za-mjerenje-protoka-brzih-voda-TQ-F-Sommer-1015-0-370x370.jpg 370w, https:\/\/vode.hr\/wp-content\/uploads\/2023\/05\/Mobilni-sustav-za-mjerenje-protoka-brzih-voda-TQ-F-Sommer-1015-0-100x100.jpg 100w\" sizes=\"(max-width: 650px) 100vw, 650px\" \/>\t\t\t\t\t\t\n\t\t\t\t\t<\/div>\n\t\t\t\t\t\t\t\t\n<style>\n#image_1303877857 {\n  width: 90%;\n}\n<\/style>\n\t<\/div>\n\t\n\t\t<\/div>\n\t\t\t\t\t<\/div>\n\n\t\n\n\t<div id=\"col-2092825419\" class=\"col medium-6 small-12 large-6 small-col-first\"  >\n\t\t\t\t<div class=\"col-inner\"  >\n\t\t\t\n\t\t\t\n\t<div id=\"text-2558682754\" class=\"text\">\n\t\t\n<h2>Podru\u010dje primjene<\/h2>\n\t\t\n<style>\n#text-2558682754 {\n  text-align: center;\n}\n<\/style>\n\t<\/div>\n\t\n<div class=\"is-divider divider clearfix\" style=\"max-width:100%;\"><\/div>\n<p>Sustav TQ-Tracer posebno je prikladan za brze, turbulentne vode sa slo\u017eenim presjecima, na primjer planinske potoci, mali potoci, pritoke ili \u010dak riblji prolazi. Jednako tako TQ-tracer radi vrlo dobro u plitkim rijekama gdje ve\u0107ina drugih instrumenata ne daje pouzdane rezultate ili se vi\u0161e uop\u0107e ne mo\u017ee koristiti.<\/p>\n<p>TQ se posebno koristi u hidrometriji kao i od strane in\u017eenjera konzultanata, gra\u0111evinskih in\u017eenjera i operatera hidroelektrana koji prate ispu\u0161tanje, za kontrolna mjerenja ili za evaluaciju projekta.<\/p>\n<p>Metoda razrje\u0111ivanja obilje\u017eiva\u010da mo\u017ee se primijeniti za mjerenje protoka u svim vodama u kojima se vr\u0161i temeljito mije\u0161anje obilje\u017eiva\u010da. Visoke turbulencije, izmjeni\u010dni presjeci i kamenje poti\u010du proces mije\u0161anja i stoga su korisni. Za posebno turbulentne vode i vrlo velike brzine protoka dostupna je TQ-verzija gdje su osjetljive sonde za\u0161ti\u0107ene robusnim oja\u010danjem. Softver koji je jednostavan za kori\u0161tenje TQ-Commander udobno vodi kroz mjerenje i daje potpuno izvje\u0161\u0107e o mjerenju nakon mjerenja.<\/p>\n\t<div id=\"gap-1235680243\" class=\"gap-element clearfix\" style=\"display:block; height:auto;\">\n\t\t\n<style>\n#gap-1235680243 {\n  padding-top: 30px;\n}\n<\/style>\n\t<\/div>\n\t\n\t<div id=\"gap-825914050\" class=\"gap-element clearfix\" style=\"display:block; height:auto;\">\n\t\t\n<style>\n#gap-825914050 {\n  padding-top: 30px;\n}\n<\/style>\n\t<\/div>\n\t\n\t\t<\/div>\n\t\t\t\t\t<\/div>\n\n\t\n\n<style>\n#row-386624215 > .col > .col-inner {\n  padding: 2em 0px 0px 0px;\n}\n<\/style>\n<\/div>\n","protected":false},"excerpt":{"rendered":"<p>Jednostavno mobilno mjerenje brzine protoka uz upotrebu floruscentne solucije. Za brze rijeke, posebno dizajniran za velike koli\u010dine vode, s istovremenim mjerenjem na 4 sonde i trenutnim o\u010ditanjem podataka.<\/p>\n<ul>\n<li>Bluetooth prijenos podataka<\/li>\n<\/ul>\n","protected":false},"featured_media":688,"template":"","meta":[],"product_cat":[223],"product_tag":[297],"class_list":["post-686","product","type-product","status-publish","has-post-thumbnail","hentry","product_cat-vode","product_tag-sommer"],"yoast_head":"<!-- This site is optimized with the Yoast SEO plugin v25.0 - https:\/\/yoast.com\/wordpress\/plugins\/seo\/ -->\n<title>Mobilni sustav za mjerenje protoka brzih voda, TQ-F, Sommer - Vode.hr<\/title>\n<meta name=\"description\" content=\"Jednostavno mobilno mjerenje brzine protoka uz upotrebu floruscentne solucije. Za brze rijeke, posebno dizajniran za velike koli\u010dine vode, s istovremenim mjerenjem na 4 sonde i trenutnim o\u010ditanjem podataka.   Bluetooth prijenos podataka\" \/>\n<meta name=\"robots\" content=\"index, follow, max-snippet:-1, max-image-preview:large, max-video-preview:-1\" \/>\n<link rel=\"canonical\" href=\"https:\/\/vode.hr\/bs\/proizvod\/mobilni-sustav-za-mjerenje-protoka-brzih-voda-tq-f-sommer\/\" \/>\n<meta property=\"og:locale\" content=\"bs_BA\" \/>\n<meta property=\"og:type\" content=\"article\" \/>\n<meta property=\"og:title\" content=\"Mobilni sustav za mjerenje protoka brzih voda, TQ-F, Sommer - Vode.hr\" \/>\n<meta property=\"og:description\" content=\"Jednostavno mobilno mjerenje brzine protoka uz upotrebu floruscentne solucije. Za brze rijeke, posebno dizajniran za velike koli\u010dine vode, s istovremenim mjerenjem na 4 sonde i trenutnim o\u010ditanjem podataka.   Bluetooth prijenos podataka\" \/>\n<meta property=\"og:url\" content=\"https:\/\/vode.hr\/bs\/proizvod\/mobilni-sustav-za-mjerenje-protoka-brzih-voda-tq-f-sommer\/\" \/>\n<meta property=\"og:site_name\" content=\"Vode.hr\" \/>\n<meta property=\"article:publisher\" content=\"https:\/\/www.facebook.com\/vode.hr\" \/>\n<meta property=\"article:modified_time\" content=\"2025-10-24T08:58:42+00:00\" \/>\n<meta property=\"og:image\" content=\"http:\/\/vode.hr\/wp-content\/uploads\/2023\/05\/Mobilni-sustav-za-mjerenje-protoka-brzih-voda-TQ-F-Sommer-1015-0.jpg\" \/>\n\t<meta property=\"og:image:width\" content=\"650\" \/>\n\t<meta property=\"og:image:height\" content=\"650\" \/>\n\t<meta property=\"og:image:type\" content=\"image\/jpeg\" \/>\n<meta name=\"twitter:card\" content=\"summary_large_image\" \/>\n<meta name=\"twitter:label1\" content=\"Est. reading time\" \/>\n\t<meta name=\"twitter:data1\" content=\"3 minute\" \/>\n<script type=\"application\/ld+json\" class=\"yoast-schema-graph\">{\"@context\":\"https:\/\/schema.org\",\"@graph\":[{\"@type\":[\"WebPage\",\"ItemPage\"],\"@id\":\"https:\/\/vode.hr\/bs\/proizvod\/mobilni-sustav-za-mjerenje-protoka-brzih-voda-tq-f-sommer\/\",\"url\":\"https:\/\/vode.hr\/bs\/proizvod\/mobilni-sustav-za-mjerenje-protoka-brzih-voda-tq-f-sommer\/\",\"name\":\"Mobilni sustav za mjerenje protoka brzih voda, TQ-F, Sommer - Vode.hr\",\"isPartOf\":{\"@id\":\"https:\/\/vode.hr\/bs\/#website\"},\"primaryImageOfPage\":{\"@id\":\"https:\/\/vode.hr\/bs\/proizvod\/mobilni-sustav-za-mjerenje-protoka-brzih-voda-tq-f-sommer\/#primaryimage\"},\"image\":{\"@id\":\"https:\/\/vode.hr\/bs\/proizvod\/mobilni-sustav-za-mjerenje-protoka-brzih-voda-tq-f-sommer\/#primaryimage\"},\"thumbnailUrl\":\"https:\/\/vode.hr\/wp-content\/uploads\/2023\/05\/Mobilni-sustav-za-mjerenje-protoka-brzih-voda-TQ-F-Sommer-1015-0.jpg\",\"datePublished\":\"2023-05-23T10:37:27+00:00\",\"dateModified\":\"2025-10-24T08:58:42+00:00\",\"description\":\"Jednostavno mobilno mjerenje brzine protoka uz upotrebu floruscentne solucije. Za brze rijeke, posebno dizajniran za velike koli\u010dine vode, s istovremenim mjerenjem na 4 sonde i trenutnim o\u010ditanjem podataka. Bluetooth prijenos podataka\",\"breadcrumb\":{\"@id\":\"https:\/\/vode.hr\/bs\/proizvod\/mobilni-sustav-za-mjerenje-protoka-brzih-voda-tq-f-sommer\/#breadcrumb\"},\"inLanguage\":\"bs-BA\",\"potentialAction\":[{\"@type\":\"ReadAction\",\"target\":[\"https:\/\/vode.hr\/bs\/proizvod\/mobilni-sustav-za-mjerenje-protoka-brzih-voda-tq-f-sommer\/\"]}]},{\"@type\":\"ImageObject\",\"inLanguage\":\"bs-BA\",\"@id\":\"https:\/\/vode.hr\/bs\/proizvod\/mobilni-sustav-za-mjerenje-protoka-brzih-voda-tq-f-sommer\/#primaryimage\",\"url\":\"https:\/\/vode.hr\/wp-content\/uploads\/2023\/05\/Mobilni-sustav-za-mjerenje-protoka-brzih-voda-TQ-F-Sommer-1015-0.jpg\",\"contentUrl\":\"https:\/\/vode.hr\/wp-content\/uploads\/2023\/05\/Mobilni-sustav-za-mjerenje-protoka-brzih-voda-TQ-F-Sommer-1015-0.jpg\",\"width\":650,\"height\":650},{\"@type\":\"BreadcrumbList\",\"@id\":\"https:\/\/vode.hr\/bs\/proizvod\/mobilni-sustav-za-mjerenje-protoka-brzih-voda-tq-f-sommer\/#breadcrumb\",\"itemListElement\":[{\"@type\":\"ListItem\",\"position\":1,\"name\":\"Po\u010detna stranica\",\"item\":\"https:\/\/vode.hr\/bs\/\"},{\"@type\":\"ListItem\",\"position\":2,\"name\":\"Trgovina\",\"item\":\"https:\/\/vode.hr\/trgovina\/\"},{\"@type\":\"ListItem\",\"position\":3,\"name\":\"Mobilni sustav za mjerenje protoka brzih voda, TQ-F, Sommer\"}]},{\"@type\":\"WebSite\",\"@id\":\"https:\/\/vode.hr\/bs\/#website\",\"url\":\"https:\/\/vode.hr\/bs\/\",\"name\":\"Vode.hr\",\"description\":\"Mjerenje kvalitete voda, dezinfekcija vode i ure\u0111aji za mjerenje uvjeta u okoli\u0161u\",\"publisher\":{\"@id\":\"https:\/\/vode.hr\/bs\/#organization\"},\"potentialAction\":[{\"@type\":\"SearchAction\",\"target\":{\"@type\":\"EntryPoint\",\"urlTemplate\":\"https:\/\/vode.hr\/bs\/?s={search_term_string}\"},\"query-input\":{\"@type\":\"PropertyValueSpecification\",\"valueRequired\":true,\"valueName\":\"search_term_string\"}}],\"inLanguage\":\"bs-BA\"},{\"@type\":\"Organization\",\"@id\":\"https:\/\/vode.hr\/bs\/#organization\",\"name\":\"Primotronic d.o.o.\",\"url\":\"https:\/\/vode.hr\/bs\/\",\"logo\":{\"@type\":\"ImageObject\",\"inLanguage\":\"bs-BA\",\"@id\":\"https:\/\/vode.hr\/bs\/#\/schema\/logo\/image\/\",\"url\":\"http:\/\/vode.hr\/wp-content\/uploads\/2023\/04\/vode-1.png\",\"contentUrl\":\"http:\/\/vode.hr\/wp-content\/uploads\/2023\/04\/vode-1.png\",\"width\":300,\"height\":99,\"caption\":\"Primotronic d.o.o.\"},\"image\":{\"@id\":\"https:\/\/vode.hr\/bs\/#\/schema\/logo\/image\/\"},\"sameAs\":[\"https:\/\/www.facebook.com\/vode.hr\"]}]}<\/script>\n<!-- \/ Yoast SEO plugin. -->","yoast_head_json":{"title":"Mobilni sustav za mjerenje protoka brzih voda, TQ-F, Sommer - Vode.hr","description":"Jednostavno mobilno mjerenje brzine protoka uz upotrebu floruscentne solucije. Za brze rijeke, posebno dizajniran za velike koli\u010dine vode, s istovremenim mjerenjem na 4 sonde i trenutnim o\u010ditanjem podataka.   Bluetooth prijenos podataka","robots":{"index":"index","follow":"follow","max-snippet":"max-snippet:-1","max-image-preview":"max-image-preview:large","max-video-preview":"max-video-preview:-1"},"canonical":"https:\/\/vode.hr\/bs\/proizvod\/mobilni-sustav-za-mjerenje-protoka-brzih-voda-tq-f-sommer\/","og_locale":"bs_BA","og_type":"article","og_title":"Mobilni sustav za mjerenje protoka brzih voda, TQ-F, Sommer - Vode.hr","og_description":"Jednostavno mobilno mjerenje brzine protoka uz upotrebu floruscentne solucije. Za brze rijeke, posebno dizajniran za velike koli\u010dine vode, s istovremenim mjerenjem na 4 sonde i trenutnim o\u010ditanjem podataka.   Bluetooth prijenos podataka","og_url":"https:\/\/vode.hr\/bs\/proizvod\/mobilni-sustav-za-mjerenje-protoka-brzih-voda-tq-f-sommer\/","og_site_name":"Vode.hr","article_publisher":"https:\/\/www.facebook.com\/vode.hr","article_modified_time":"2025-10-24T08:58:42+00:00","og_image":[{"width":650,"height":650,"url":"http:\/\/vode.hr\/wp-content\/uploads\/2023\/05\/Mobilni-sustav-za-mjerenje-protoka-brzih-voda-TQ-F-Sommer-1015-0.jpg","type":"image\/jpeg"}],"twitter_card":"summary_large_image","twitter_misc":{"Est. reading time":"3 minute"},"schema":{"@context":"https:\/\/schema.org","@graph":[{"@type":["WebPage","ItemPage"],"@id":"https:\/\/vode.hr\/bs\/proizvod\/mobilni-sustav-za-mjerenje-protoka-brzih-voda-tq-f-sommer\/","url":"https:\/\/vode.hr\/bs\/proizvod\/mobilni-sustav-za-mjerenje-protoka-brzih-voda-tq-f-sommer\/","name":"Mobilni sustav za mjerenje protoka brzih voda, TQ-F, Sommer - Vode.hr","isPartOf":{"@id":"https:\/\/vode.hr\/bs\/#website"},"primaryImageOfPage":{"@id":"https:\/\/vode.hr\/bs\/proizvod\/mobilni-sustav-za-mjerenje-protoka-brzih-voda-tq-f-sommer\/#primaryimage"},"image":{"@id":"https:\/\/vode.hr\/bs\/proizvod\/mobilni-sustav-za-mjerenje-protoka-brzih-voda-tq-f-sommer\/#primaryimage"},"thumbnailUrl":"https:\/\/vode.hr\/wp-content\/uploads\/2023\/05\/Mobilni-sustav-za-mjerenje-protoka-brzih-voda-TQ-F-Sommer-1015-0.jpg","datePublished":"2023-05-23T10:37:27+00:00","dateModified":"2025-10-24T08:58:42+00:00","description":"Jednostavno mobilno mjerenje brzine protoka uz upotrebu floruscentne solucije. Za brze rijeke, posebno dizajniran za velike koli\u010dine vode, s istovremenim mjerenjem na 4 sonde i trenutnim o\u010ditanjem podataka. Bluetooth prijenos podataka","breadcrumb":{"@id":"https:\/\/vode.hr\/bs\/proizvod\/mobilni-sustav-za-mjerenje-protoka-brzih-voda-tq-f-sommer\/#breadcrumb"},"inLanguage":"bs-BA","potentialAction":[{"@type":"ReadAction","target":["https:\/\/vode.hr\/bs\/proizvod\/mobilni-sustav-za-mjerenje-protoka-brzih-voda-tq-f-sommer\/"]}]},{"@type":"ImageObject","inLanguage":"bs-BA","@id":"https:\/\/vode.hr\/bs\/proizvod\/mobilni-sustav-za-mjerenje-protoka-brzih-voda-tq-f-sommer\/#primaryimage","url":"https:\/\/vode.hr\/wp-content\/uploads\/2023\/05\/Mobilni-sustav-za-mjerenje-protoka-brzih-voda-TQ-F-Sommer-1015-0.jpg","contentUrl":"https:\/\/vode.hr\/wp-content\/uploads\/2023\/05\/Mobilni-sustav-za-mjerenje-protoka-brzih-voda-TQ-F-Sommer-1015-0.jpg","width":650,"height":650},{"@type":"BreadcrumbList","@id":"https:\/\/vode.hr\/bs\/proizvod\/mobilni-sustav-za-mjerenje-protoka-brzih-voda-tq-f-sommer\/#breadcrumb","itemListElement":[{"@type":"ListItem","position":1,"name":"Po\u010detna stranica","item":"https:\/\/vode.hr\/bs\/"},{"@type":"ListItem","position":2,"name":"Trgovina","item":"https:\/\/vode.hr\/trgovina\/"},{"@type":"ListItem","position":3,"name":"Mobilni sustav za mjerenje protoka brzih voda, TQ-F, Sommer"}]},{"@type":"WebSite","@id":"https:\/\/vode.hr\/bs\/#website","url":"https:\/\/vode.hr\/bs\/","name":"Vode.hr","description":"Mjerenje kvalitete voda, dezinfekcija vode i ure\u0111aji za mjerenje uvjeta u okoli\u0161u","publisher":{"@id":"https:\/\/vode.hr\/bs\/#organization"},"potentialAction":[{"@type":"SearchAction","target":{"@type":"EntryPoint","urlTemplate":"https:\/\/vode.hr\/bs\/?s={search_term_string}"},"query-input":{"@type":"PropertyValueSpecification","valueRequired":true,"valueName":"search_term_string"}}],"inLanguage":"bs-BA"},{"@type":"Organization","@id":"https:\/\/vode.hr\/bs\/#organization","name":"Primotronic d.o.o.","url":"https:\/\/vode.hr\/bs\/","logo":{"@type":"ImageObject","inLanguage":"bs-BA","@id":"https:\/\/vode.hr\/bs\/#\/schema\/logo\/image\/","url":"http:\/\/vode.hr\/wp-content\/uploads\/2023\/04\/vode-1.png","contentUrl":"http:\/\/vode.hr\/wp-content\/uploads\/2023\/04\/vode-1.png","width":300,"height":99,"caption":"Primotronic d.o.o."},"image":{"@id":"https:\/\/vode.hr\/bs\/#\/schema\/logo\/image\/"},"sameAs":["https:\/\/www.facebook.com\/vode.hr"]}]}},"_links":{"self":[{"href":"https:\/\/vode.hr\/bs\/wp-json\/wp\/v2\/product\/686"}],"collection":[{"href":"https:\/\/vode.hr\/bs\/wp-json\/wp\/v2\/product"}],"about":[{"href":"https:\/\/vode.hr\/bs\/wp-json\/wp\/v2\/types\/product"}],"wp:featuredmedia":[{"embeddable":true,"href":"https:\/\/vode.hr\/bs\/wp-json\/wp\/v2\/media\/688"}],"wp:attachment":[{"href":"https:\/\/vode.hr\/bs\/wp-json\/wp\/v2\/media?parent=686"}],"wp:term":[{"taxonomy":"product_cat","embeddable":true,"href":"https:\/\/vode.hr\/bs\/wp-json\/wp\/v2\/product_cat?post=686"},{"taxonomy":"product_tag","embeddable":true,"href":"https:\/\/vode.hr\/bs\/wp-json\/wp\/v2\/product_tag?post=686"}],"curies":[{"name":"wp","href":"https:\/\/api.w.org\/{rel}","templated":true}]}}