{"id":695,"date":"2023-05-23T16:48:17","date_gmt":"2023-05-23T14:48:17","guid":{"rendered":"https:\/\/vode.hr\/?post_type=product&#038;p=695"},"modified":"2023-10-16T12:47:13","modified_gmt":"2023-10-16T10:47:13","slug":"sonda-za-mjerenje-pritiska","status":"publish","type":"product","link":"https:\/\/vode.hr\/bs\/proizvod\/sonda-za-mjerenje-pritiska\/","title":{"rendered":"Sonda za mjerenje pritiska"},"content":{"rendered":"","protected":false},"excerpt":{"rendered":"<p>PTM\u2013 Tla\u010dna sonda, mjeri razinu vode i temperaturu. Nudi dugoro\u010dnu stabilnost mjerenja s iznimno visokom to\u010dno\u0161\u0107u od 0,05%. Kori\u0161tenje SDI-12 su\u010delja (analogni 4-20mA je izborni) \u010dini integraciju jednostavnom i lakom. S robusnim ku\u0107i\u0161tem od nehr\u0111aju\u0107eg \u010delika (titan je opcija) i robusnim kabelom, ovaj senzor je idealan za pra\u0107enje razine vode u raznim primjenama.<\/p>\n<ul>\n<li>Visoka to\u010dnost<\/li>\n<li>Minimalna potra\u017enja za energijom<\/li>\n<li>Parametriranje putem SDI-12<\/li>\n<li>dugotrajna stabilnost mjerenja<\/li>\n<li>\u010cvrsto, kompaktno, aluminijsko ku\u0107i\u0161te<\/li>\n<\/ul>\n","protected":false},"featured_media":696,"template":"","meta":[],"product_cat":[223],"product_tag":[],"class_list":["post-695","product","type-product","status-publish","has-post-thumbnail","hentry","product_cat-vode"],"yoast_head":"<!-- This site is optimized with the Yoast SEO plugin v25.0 - https:\/\/yoast.com\/wordpress\/plugins\/seo\/ -->\n<title>Sonda za mjerenje pritiska - Vode.hr<\/title>\n<meta name=\"description\" content=\"PTM\u2013 Tla\u010dna sonda, mjeri razinu vode i temperaturu. Nudi dugoro\u010dnu stabilnost mjerenja s iznimno visokom to\u010dno\u0161\u0107u od 0,05%. Kori\u0161tenje SDI-12 su\u010delja (analogni 4-20mA je izborni) \u010dini integraciju jednostavnom i lakom. S robusnim ku\u0107i\u0161tem od nehr\u0111aju\u0107eg \u010delika (titan je opcija) i robusnim kabelom, ovaj senzor je idealan za pra\u0107enje razine vode u raznim primjenama.   Visoka to\u010dnost  Minimalna potra\u017enja za energijom  Parametriranje putem SDI-12  dugotrajna stabilnost mjerenja  \u010cvrsto, kompaktno, aluminijsko ku\u0107i\u0161te\" \/>\n<meta name=\"robots\" content=\"index, follow, max-snippet:-1, max-image-preview:large, max-video-preview:-1\" \/>\n<link rel=\"canonical\" href=\"https:\/\/vode.hr\/bs\/proizvod\/sonda-za-mjerenje-pritiska\/\" \/>\n<meta property=\"og:locale\" content=\"bs_BA\" \/>\n<meta property=\"og:type\" content=\"article\" \/>\n<meta property=\"og:title\" content=\"Sonda za mjerenje pritiska - Vode.hr\" \/>\n<meta property=\"og:description\" content=\"PTM\u2013 Tla\u010dna sonda, mjeri razinu vode i temperaturu. Nudi dugoro\u010dnu stabilnost mjerenja s iznimno visokom to\u010dno\u0161\u0107u od 0,05%. Kori\u0161tenje SDI-12 su\u010delja (analogni 4-20mA je izborni) \u010dini integraciju jednostavnom i lakom. S robusnim ku\u0107i\u0161tem od nehr\u0111aju\u0107eg \u010delika (titan je opcija) i robusnim kabelom, ovaj senzor je idealan za pra\u0107enje razine vode u raznim primjenama.   Visoka to\u010dnost  Minimalna potra\u017enja za energijom  Parametriranje putem SDI-12  dugotrajna stabilnost mjerenja  \u010cvrsto, kompaktno, aluminijsko ku\u0107i\u0161te\" \/>\n<meta property=\"og:url\" content=\"https:\/\/vode.hr\/bs\/proizvod\/sonda-za-mjerenje-pritiska\/\" \/>\n<meta property=\"og:site_name\" content=\"Vode.hr\" \/>\n<meta property=\"article:publisher\" content=\"https:\/\/www.facebook.com\/vode.hr\" \/>\n<meta property=\"article:modified_time\" content=\"2023-10-16T10:47:13+00:00\" \/>\n<meta property=\"og:image\" content=\"http:\/\/vode.hr\/wp-content\/uploads\/2023\/05\/Sonda-za-mjerenje-pritiska-1019-0.jpg\" \/>\n\t<meta property=\"og:image:width\" content=\"650\" \/>\n\t<meta property=\"og:image:height\" content=\"650\" \/>\n\t<meta property=\"og:image:type\" content=\"image\/jpeg\" \/>\n<meta name=\"twitter:card\" content=\"summary_large_image\" \/>\n<script type=\"application\/ld+json\" class=\"yoast-schema-graph\">{\"@context\":\"https:\/\/schema.org\",\"@graph\":[{\"@type\":[\"WebPage\",\"ItemPage\"],\"@id\":\"https:\/\/vode.hr\/bs\/proizvod\/sonda-za-mjerenje-pritiska\/\",\"url\":\"https:\/\/vode.hr\/bs\/proizvod\/sonda-za-mjerenje-pritiska\/\",\"name\":\"Sonda za mjerenje pritiska - Vode.hr\",\"isPartOf\":{\"@id\":\"https:\/\/vode.hr\/bs\/#website\"},\"primaryImageOfPage\":{\"@id\":\"https:\/\/vode.hr\/bs\/proizvod\/sonda-za-mjerenje-pritiska\/#primaryimage\"},\"image\":{\"@id\":\"https:\/\/vode.hr\/bs\/proizvod\/sonda-za-mjerenje-pritiska\/#primaryimage\"},\"thumbnailUrl\":\"https:\/\/vode.hr\/wp-content\/uploads\/2023\/05\/Sonda-za-mjerenje-pritiska-1019-0.jpg\",\"datePublished\":\"2023-05-23T14:48:17+00:00\",\"dateModified\":\"2023-10-16T10:47:13+00:00\",\"description\":\"PTM\u2013 Tla\u010dna sonda, mjeri razinu vode i temperaturu. Nudi dugoro\u010dnu stabilnost mjerenja s iznimno visokom to\u010dno\u0161\u0107u od 0,05%. Kori\u0161tenje SDI-12 su\u010delja (analogni 4-20mA je izborni) \u010dini integraciju jednostavnom i lakom. S robusnim ku\u0107i\u0161tem od nehr\u0111aju\u0107eg \u010delika (titan je opcija) i robusnim kabelom, ovaj senzor je idealan za pra\u0107enje razine vode u raznim primjenama. Visoka to\u010dnost Minimalna potra\u017enja za energijom Parametriranje putem SDI-12 dugotrajna stabilnost mjerenja \u010cvrsto, kompaktno, aluminijsko ku\u0107i\u0161te\",\"breadcrumb\":{\"@id\":\"https:\/\/vode.hr\/bs\/proizvod\/sonda-za-mjerenje-pritiska\/#breadcrumb\"},\"inLanguage\":\"bs-BA\",\"potentialAction\":[{\"@type\":\"ReadAction\",\"target\":[\"https:\/\/vode.hr\/bs\/proizvod\/sonda-za-mjerenje-pritiska\/\"]}]},{\"@type\":\"ImageObject\",\"inLanguage\":\"bs-BA\",\"@id\":\"https:\/\/vode.hr\/bs\/proizvod\/sonda-za-mjerenje-pritiska\/#primaryimage\",\"url\":\"https:\/\/vode.hr\/wp-content\/uploads\/2023\/05\/Sonda-za-mjerenje-pritiska-1019-0.jpg\",\"contentUrl\":\"https:\/\/vode.hr\/wp-content\/uploads\/2023\/05\/Sonda-za-mjerenje-pritiska-1019-0.jpg\",\"width\":650,\"height\":650},{\"@type\":\"BreadcrumbList\",\"@id\":\"https:\/\/vode.hr\/bs\/proizvod\/sonda-za-mjerenje-pritiska\/#breadcrumb\",\"itemListElement\":[{\"@type\":\"ListItem\",\"position\":1,\"name\":\"Po\u010detna stranica\",\"item\":\"https:\/\/vode.hr\/bs\/\"},{\"@type\":\"ListItem\",\"position\":2,\"name\":\"Trgovina\",\"item\":\"https:\/\/vode.hr\/trgovina\/\"},{\"@type\":\"ListItem\",\"position\":3,\"name\":\"Sonda za mjerenje pritiska\"}]},{\"@type\":\"WebSite\",\"@id\":\"https:\/\/vode.hr\/bs\/#website\",\"url\":\"https:\/\/vode.hr\/bs\/\",\"name\":\"Vode.hr\",\"description\":\"Mjerenje kvalitete voda, dezinfekcija vode i ure\u0111aji za mjerenje uvjeta u okoli\u0161u\",\"publisher\":{\"@id\":\"https:\/\/vode.hr\/bs\/#organization\"},\"potentialAction\":[{\"@type\":\"SearchAction\",\"target\":{\"@type\":\"EntryPoint\",\"urlTemplate\":\"https:\/\/vode.hr\/bs\/?s={search_term_string}\"},\"query-input\":{\"@type\":\"PropertyValueSpecification\",\"valueRequired\":true,\"valueName\":\"search_term_string\"}}],\"inLanguage\":\"bs-BA\"},{\"@type\":\"Organization\",\"@id\":\"https:\/\/vode.hr\/bs\/#organization\",\"name\":\"Primotronic d.o.o.\",\"url\":\"https:\/\/vode.hr\/bs\/\",\"logo\":{\"@type\":\"ImageObject\",\"inLanguage\":\"bs-BA\",\"@id\":\"https:\/\/vode.hr\/bs\/#\/schema\/logo\/image\/\",\"url\":\"http:\/\/vode.hr\/wp-content\/uploads\/2023\/04\/vode-1.png\",\"contentUrl\":\"http:\/\/vode.hr\/wp-content\/uploads\/2023\/04\/vode-1.png\",\"width\":300,\"height\":99,\"caption\":\"Primotronic d.o.o.\"},\"image\":{\"@id\":\"https:\/\/vode.hr\/bs\/#\/schema\/logo\/image\/\"},\"sameAs\":[\"https:\/\/www.facebook.com\/vode.hr\"]}]}<\/script>\n<!-- \/ Yoast SEO plugin. -->","yoast_head_json":{"title":"Sonda za mjerenje pritiska - Vode.hr","description":"PTM\u2013 Tla\u010dna sonda, mjeri razinu vode i temperaturu. Nudi dugoro\u010dnu stabilnost mjerenja s iznimno visokom to\u010dno\u0161\u0107u od 0,05%. Kori\u0161tenje SDI-12 su\u010delja (analogni 4-20mA je izborni) \u010dini integraciju jednostavnom i lakom. S robusnim ku\u0107i\u0161tem od nehr\u0111aju\u0107eg \u010delika (titan je opcija) i robusnim kabelom, ovaj senzor je idealan za pra\u0107enje razine vode u raznim primjenama.   Visoka to\u010dnost  Minimalna potra\u017enja za energijom  Parametriranje putem SDI-12  dugotrajna stabilnost mjerenja  \u010cvrsto, kompaktno, aluminijsko ku\u0107i\u0161te","robots":{"index":"index","follow":"follow","max-snippet":"max-snippet:-1","max-image-preview":"max-image-preview:large","max-video-preview":"max-video-preview:-1"},"canonical":"https:\/\/vode.hr\/bs\/proizvod\/sonda-za-mjerenje-pritiska\/","og_locale":"bs_BA","og_type":"article","og_title":"Sonda za mjerenje pritiska - Vode.hr","og_description":"PTM\u2013 Tla\u010dna sonda, mjeri razinu vode i temperaturu. Nudi dugoro\u010dnu stabilnost mjerenja s iznimno visokom to\u010dno\u0161\u0107u od 0,05%. Kori\u0161tenje SDI-12 su\u010delja (analogni 4-20mA je izborni) \u010dini integraciju jednostavnom i lakom. S robusnim ku\u0107i\u0161tem od nehr\u0111aju\u0107eg \u010delika (titan je opcija) i robusnim kabelom, ovaj senzor je idealan za pra\u0107enje razine vode u raznim primjenama.   Visoka to\u010dnost  Minimalna potra\u017enja za energijom  Parametriranje putem SDI-12  dugotrajna stabilnost mjerenja  \u010cvrsto, kompaktno, aluminijsko ku\u0107i\u0161te","og_url":"https:\/\/vode.hr\/bs\/proizvod\/sonda-za-mjerenje-pritiska\/","og_site_name":"Vode.hr","article_publisher":"https:\/\/www.facebook.com\/vode.hr","article_modified_time":"2023-10-16T10:47:13+00:00","og_image":[{"width":650,"height":650,"url":"http:\/\/vode.hr\/wp-content\/uploads\/2023\/05\/Sonda-za-mjerenje-pritiska-1019-0.jpg","type":"image\/jpeg"}],"twitter_card":"summary_large_image","schema":{"@context":"https:\/\/schema.org","@graph":[{"@type":["WebPage","ItemPage"],"@id":"https:\/\/vode.hr\/bs\/proizvod\/sonda-za-mjerenje-pritiska\/","url":"https:\/\/vode.hr\/bs\/proizvod\/sonda-za-mjerenje-pritiska\/","name":"Sonda za mjerenje pritiska - Vode.hr","isPartOf":{"@id":"https:\/\/vode.hr\/bs\/#website"},"primaryImageOfPage":{"@id":"https:\/\/vode.hr\/bs\/proizvod\/sonda-za-mjerenje-pritiska\/#primaryimage"},"image":{"@id":"https:\/\/vode.hr\/bs\/proizvod\/sonda-za-mjerenje-pritiska\/#primaryimage"},"thumbnailUrl":"https:\/\/vode.hr\/wp-content\/uploads\/2023\/05\/Sonda-za-mjerenje-pritiska-1019-0.jpg","datePublished":"2023-05-23T14:48:17+00:00","dateModified":"2023-10-16T10:47:13+00:00","description":"PTM\u2013 Tla\u010dna sonda, mjeri razinu vode i temperaturu. Nudi dugoro\u010dnu stabilnost mjerenja s iznimno visokom to\u010dno\u0161\u0107u od 0,05%. Kori\u0161tenje SDI-12 su\u010delja (analogni 4-20mA je izborni) \u010dini integraciju jednostavnom i lakom. S robusnim ku\u0107i\u0161tem od nehr\u0111aju\u0107eg \u010delika (titan je opcija) i robusnim kabelom, ovaj senzor je idealan za pra\u0107enje razine vode u raznim primjenama. Visoka to\u010dnost Minimalna potra\u017enja za energijom Parametriranje putem SDI-12 dugotrajna stabilnost mjerenja \u010cvrsto, kompaktno, aluminijsko ku\u0107i\u0161te","breadcrumb":{"@id":"https:\/\/vode.hr\/bs\/proizvod\/sonda-za-mjerenje-pritiska\/#breadcrumb"},"inLanguage":"bs-BA","potentialAction":[{"@type":"ReadAction","target":["https:\/\/vode.hr\/bs\/proizvod\/sonda-za-mjerenje-pritiska\/"]}]},{"@type":"ImageObject","inLanguage":"bs-BA","@id":"https:\/\/vode.hr\/bs\/proizvod\/sonda-za-mjerenje-pritiska\/#primaryimage","url":"https:\/\/vode.hr\/wp-content\/uploads\/2023\/05\/Sonda-za-mjerenje-pritiska-1019-0.jpg","contentUrl":"https:\/\/vode.hr\/wp-content\/uploads\/2023\/05\/Sonda-za-mjerenje-pritiska-1019-0.jpg","width":650,"height":650},{"@type":"BreadcrumbList","@id":"https:\/\/vode.hr\/bs\/proizvod\/sonda-za-mjerenje-pritiska\/#breadcrumb","itemListElement":[{"@type":"ListItem","position":1,"name":"Po\u010detna stranica","item":"https:\/\/vode.hr\/bs\/"},{"@type":"ListItem","position":2,"name":"Trgovina","item":"https:\/\/vode.hr\/trgovina\/"},{"@type":"ListItem","position":3,"name":"Sonda za mjerenje pritiska"}]},{"@type":"WebSite","@id":"https:\/\/vode.hr\/bs\/#website","url":"https:\/\/vode.hr\/bs\/","name":"Vode.hr","description":"Mjerenje kvalitete voda, dezinfekcija vode i ure\u0111aji za mjerenje uvjeta u okoli\u0161u","publisher":{"@id":"https:\/\/vode.hr\/bs\/#organization"},"potentialAction":[{"@type":"SearchAction","target":{"@type":"EntryPoint","urlTemplate":"https:\/\/vode.hr\/bs\/?s={search_term_string}"},"query-input":{"@type":"PropertyValueSpecification","valueRequired":true,"valueName":"search_term_string"}}],"inLanguage":"bs-BA"},{"@type":"Organization","@id":"https:\/\/vode.hr\/bs\/#organization","name":"Primotronic d.o.o.","url":"https:\/\/vode.hr\/bs\/","logo":{"@type":"ImageObject","inLanguage":"bs-BA","@id":"https:\/\/vode.hr\/bs\/#\/schema\/logo\/image\/","url":"http:\/\/vode.hr\/wp-content\/uploads\/2023\/04\/vode-1.png","contentUrl":"http:\/\/vode.hr\/wp-content\/uploads\/2023\/04\/vode-1.png","width":300,"height":99,"caption":"Primotronic d.o.o."},"image":{"@id":"https:\/\/vode.hr\/bs\/#\/schema\/logo\/image\/"},"sameAs":["https:\/\/www.facebook.com\/vode.hr"]}]}},"_links":{"self":[{"href":"https:\/\/vode.hr\/bs\/wp-json\/wp\/v2\/product\/695"}],"collection":[{"href":"https:\/\/vode.hr\/bs\/wp-json\/wp\/v2\/product"}],"about":[{"href":"https:\/\/vode.hr\/bs\/wp-json\/wp\/v2\/types\/product"}],"wp:featuredmedia":[{"embeddable":true,"href":"https:\/\/vode.hr\/bs\/wp-json\/wp\/v2\/media\/696"}],"wp:attachment":[{"href":"https:\/\/vode.hr\/bs\/wp-json\/wp\/v2\/media?parent=695"}],"wp:term":[{"taxonomy":"product_cat","embeddable":true,"href":"https:\/\/vode.hr\/bs\/wp-json\/wp\/v2\/product_cat?post=695"},{"taxonomy":"product_tag","embeddable":true,"href":"https:\/\/vode.hr\/bs\/wp-json\/wp\/v2\/product_tag?post=695"}],"curies":[{"name":"wp","href":"https:\/\/api.w.org\/{rel}","templated":true}]}}