{"id":714,"date":"2023-05-24T17:43:55","date_gmt":"2023-05-24T15:43:55","guid":{"rendered":"https:\/\/vode.hr\/?post_type=product&#038;p=714"},"modified":"2025-10-24T10:58:41","modified_gmt":"2025-10-24T08:58:41","slug":"radarski-sustav-nadzora-protoka-rijeka-s-data-loggerom-i-odasiljanjem-podataka-rq-30-adms-sommer","status":"publish","type":"product","link":"https:\/\/vode.hr\/bs\/proizvod\/radarski-sustav-nadzora-protoka-rijeka-s-data-loggerom-i-odasiljanjem-podataka-rq-30-adms-sommer\/","title":{"rendered":"Radarski sustav nadzora protoka rijeka s data loggerom i oda\u0161iljanjem podataka, RQ-30 ADMS, Sommer"},"content":{"rendered":"<div class=\"row\"  id=\"row-902665179\">\n\n\t<div id=\"col-1075381887\" class=\"col small-12 large-12\"  >\n\t\t\t\t<div class=\"col-inner\"  >\n\t\t\t\n\t\t\t\n\t<div id=\"text-3178112089\" class=\"text\">\n\t\t\n<h2>All-in-one autonomni sustav mjerenja protoka<\/h2>\n\t\t\n<style>\n#text-3178112089 {\n  font-size: 1.3rem;\n  text-align: center;\n}\n<\/style>\n\t<\/div>\n\t\n\t<div id=\"text-999454789\" class=\"text\">\n\t\t\n<p class=\"lead\">Radarsko beskontaktno mjerenje, spremanje izmjerenih vrijednosti i slanje podataka<\/p>\n\t\t\n<style>\n#text-999454789 {\n  font-size: 0.9rem;\n  text-align: center;\n}\n<\/style>\n\t<\/div>\n\t\n\t\t<\/div>\n\t\t\t\t\t<\/div>\n\n\t\n\n<style>\n#row-902665179 > .col > .col-inner {\n  padding: 3em 0px 0px 0px;\n}\n<\/style>\n<\/div>\n\t<section class=\"section\" id=\"section_2000109881\">\n\t\t<div class=\"bg section-bg fill bg-fill  bg-loaded\" >\n\n\t\t\t\n\t\t\t\n\t\t\t\n\n\t\t<\/div>\n\n\t\t\n\n\t\t<div class=\"section-content relative\">\n\t\t\t\n<div class=\"row align-middle\"  id=\"row-18344406\">\n\n\t<div id=\"col-284255178\" class=\"col medium-6 small-12 large-6\"  >\n\t\t\t\t<div class=\"col-inner text-left\"  >\n\t\t\t\n\t\t\t\n<p>RQ-30 ADMS je sveobuhvatni sustav za mjerenje pra\u017enjenja. Sadr\u017ei beskontaktne senzore brzine protoka i razine vode RQ-30 i primjenjuje iste algoritme i model za izra\u010dunavanje protoka u RQ-30 senzoru.<\/p>\n<p>Punjive baterije omogu\u0107uju autonomni rad nekoliko mjeseci, a integrirani regulator punjenja omogu\u0107uje jednostavno spajanje solarne plo\u010de. Integrirani zapisnik podataka RQ-30 ADMS nudi be\u017ei\u010dnu dvosmjernu podatkovnu komunikaciju. Dvosmjerna komunikacija omogu\u0107uje daljinski pristup senzoru i snima\u010du podataka u bilo koje vrijeme s bilo kojeg mjesta.<\/p>\n<p>Obavijesti putem e-po\u0161te i SMS-a standardna su zna\u010dajka RQ-30 ADMS. Opcionalno, RQ-30 ADMS mo\u017ee biti opremljen kamerom SOMMER Time laps za vizualni nadzor mjesta pra\u0107enja.<\/p>\n\t\t<\/div>\n\t\t\t\t\n<style>\n#col-284255178 > .col-inner {\n  padding: 2em 1em 0px 1em;\n}\n@media (min-width:550px) {\n  #col-284255178 > .col-inner {\n    padding: 0px 0px 0px 2em;\n  }\n}\n<\/style>\n\t<\/div>\n\n\t\n\n\t<div id=\"col-700252493\" class=\"col medium-6 small-12 large-6\"  >\n\t\t\t\t<div class=\"col-inner\"  >\n\t\t\t\n\t\t\t\n\t<div class=\"img has-hover x md-x lg-x y md-y lg-y\" id=\"image_1960890859\">\n\t\t\t\t\t\t\t\t<div class=\"img-inner dark\" style=\"margin:0px 0px 0px 0px;\">\n\t\t\t<img loading=\"lazy\" decoding=\"async\" width=\"600\" height=\"600\" src=\"https:\/\/vode.hr\/wp-content\/uploads\/2023\/05\/Radarski-sustav-nadzora-protoka-rijeka-s-data-loggerom-i-odasiljanjem-podataka-RQ-30-ADMS-Sommer-1025-3.jpg\" class=\"attachment-original size-original\" alt=\"\" srcset=\"https:\/\/vode.hr\/wp-content\/uploads\/2023\/05\/Radarski-sustav-nadzora-protoka-rijeka-s-data-loggerom-i-odasiljanjem-podataka-RQ-30-ADMS-Sommer-1025-3.jpg 600w, https:\/\/vode.hr\/wp-content\/uploads\/2023\/05\/Radarski-sustav-nadzora-protoka-rijeka-s-data-loggerom-i-odasiljanjem-podataka-RQ-30-ADMS-Sommer-1025-3-300x300.jpg 300w, https:\/\/vode.hr\/wp-content\/uploads\/2023\/05\/Radarski-sustav-nadzora-protoka-rijeka-s-data-loggerom-i-odasiljanjem-podataka-RQ-30-ADMS-Sommer-1025-3-150x150.jpg 150w, https:\/\/vode.hr\/wp-content\/uploads\/2023\/05\/Radarski-sustav-nadzora-protoka-rijeka-s-data-loggerom-i-odasiljanjem-podataka-RQ-30-ADMS-Sommer-1025-3-370x370.jpg 370w, https:\/\/vode.hr\/wp-content\/uploads\/2023\/05\/Radarski-sustav-nadzora-protoka-rijeka-s-data-loggerom-i-odasiljanjem-podataka-RQ-30-ADMS-Sommer-1025-3-100x100.jpg 100w\" sizes=\"(max-width: 600px) 100vw, 600px\" \/>\t\t\t\t\t\t\n\t\t\t\t\t<\/div>\n\t\t\t\t\t\t\t\t\n<style>\n#image_1960890859 {\n  width: 100%;\n}\n<\/style>\n\t<\/div>\n\t\n\t\t<\/div>\n\t\t\t\t\t<\/div>\n\n\t\n<\/div>\n\t\t<\/div>\n\n\t\t\n<style>\n#section_2000109881 {\n  padding-top: 0px;\n  padding-bottom: 0px;\n  background-color: rgb(221, 239, 239);\n}\n<\/style>\n\t<\/section>\n\t\n<div class=\"row align-middle\"  id=\"row-1239531171\">\n\n\t<div id=\"col-1694867964\" class=\"col medium-6 small-12 large-6\"  >\n\t\t\t\t<div class=\"col-inner\"  >\n\t\t\t\n\t\t\t\n<div class=\"video video-fit mb\" style=\"padding-top:56.25%;\"><p><iframe loading=\"lazy\" title=\"ADMS for Flood Warning Sommer EN\" width=\"1020\" height=\"574\" src=\"https:\/\/www.youtube.com\/embed\/6wKbToYE3rs?feature=oembed\" frameborder=\"0\" allow=\"accelerometer; autoplay; clipboard-write; encrypted-media; gyroscope; picture-in-picture; web-share\" allowfullscreen><\/iframe><\/p>\n<\/div>\n\t\t<\/div>\n\t\t\t\t\t<\/div>\n\n\t\n\n\t<div id=\"col-203597187\" class=\"col medium-6 small-12 large-6 small-col-first\"  >\n\t\t\t\t<div class=\"col-inner\"  >\n\t\t\t\n\t\t\t\n\t<div id=\"text-3823231168\" class=\"text\">\n\t\t\n<h2>Princip mjerenja<\/h2>\n\t\t\n<style>\n#text-3823231168 {\n  text-align: center;\n}\n<\/style>\n\t<\/div>\n\t\n<div class=\"is-divider divider clearfix\" style=\"max-width:100%;\"><\/div>\n<p>Za RQ-30d (u usporedbi s RQ-30) princip mjerenja je pobolj\u0161an: Ovdje je rijeka podijeljena na vi\u0161e dijelova i iz svakog se uzima djelomi\u010dno mjerenje brzine. Jedan senzor, glavni ure\u0111aj, dodatno mjeri razinu vode i distribuira te podatke svim ostalim ure\u0111ajima (= podre\u0111enim) u sustavu.<\/p>\n<p>To omogu\u010duje izra\u010dun stope djelomi\u010dnog pra\u017enjenja po sekciji. Zbrajanjem svih parcijalnih koli\u010dina ispu\u0161tanja dobiva se ukupni ispust na stvarnom mjestu \u2013 kontinuirano, bez kontakta s vodom i s pove\u0107anom to\u010dno\u0161\u0107u. Sustav RQ-30d mo\u017ee raditi s najvi\u0161e sedam pomo\u0107nih ure\u0111aja.<\/p>\n\t<div id=\"gap-300502115\" class=\"gap-element clearfix\" style=\"display:block; height:auto;\">\n\t\t\n<style>\n#gap-300502115 {\n  padding-top: 30px;\n}\n<\/style>\n\t<\/div>\n\t\n\t<div id=\"gap-1670080411\" class=\"gap-element clearfix\" style=\"display:block; height:auto;\">\n\t\t\n<style>\n#gap-1670080411 {\n  padding-top: 30px;\n}\n<\/style>\n\t<\/div>\n\t\n\t\t<\/div>\n\t\t\t\t\t<\/div>\n\n\t\n\n<style>\n#row-1239531171 > .col > .col-inner {\n  padding: 2em 0px 0px 0px;\n}\n<\/style>\n<\/div>\n","protected":false},"excerpt":{"rendered":"<p>RQ-30 ADMS je sveobuhvatni sustav za mjerenje pra\u017enjenja. Sadr\u017ei beskontaktne senzore brzine protoka i razine vode RQ-30 i primjenjuje iste algoritme i model za izra\u010dunavanje protoka u RQ-30 senzoru.<\/p>\n","protected":false},"featured_media":720,"template":"","meta":[],"product_cat":[223],"product_tag":[297],"class_list":["post-714","product","type-product","status-publish","has-post-thumbnail","hentry","product_cat-vode","product_tag-sommer"],"yoast_head":"<!-- This site is optimized with the Yoast SEO plugin v25.0 - https:\/\/yoast.com\/wordpress\/plugins\/seo\/ -->\n<title>Radarski sustav nadzora protoka rijeka s data loggerom i oda\u0161iljanjem podataka, RQ-30 ADMS, Sommer - Vode.hr<\/title>\n<meta name=\"description\" content=\"RQ-30 ADMS je sveobuhvatni sustav za mjerenje pra\u017enjenja. Sadr\u017ei beskontaktne senzore brzine protoka i razine vode RQ-30 i primjenjuje iste algoritme i model za izra\u010dunavanje protoka u RQ-30 senzoru.\" \/>\n<meta name=\"robots\" content=\"index, follow, max-snippet:-1, max-image-preview:large, max-video-preview:-1\" \/>\n<link rel=\"canonical\" href=\"https:\/\/vode.hr\/bs\/proizvod\/radarski-sustav-nadzora-protoka-rijeka-s-data-loggerom-i-odasiljanjem-podataka-rq-30-adms-sommer\/\" \/>\n<meta property=\"og:locale\" content=\"bs_BA\" \/>\n<meta property=\"og:type\" content=\"article\" \/>\n<meta property=\"og:title\" content=\"Radarski sustav nadzora protoka rijeka s data loggerom i oda\u0161iljanjem podataka, RQ-30 ADMS, Sommer - Vode.hr\" \/>\n<meta property=\"og:description\" content=\"RQ-30 ADMS je sveobuhvatni sustav za mjerenje pra\u017enjenja. Sadr\u017ei beskontaktne senzore brzine protoka i razine vode RQ-30 i primjenjuje iste algoritme i model za izra\u010dunavanje protoka u RQ-30 senzoru.\" \/>\n<meta property=\"og:url\" content=\"https:\/\/vode.hr\/bs\/proizvod\/radarski-sustav-nadzora-protoka-rijeka-s-data-loggerom-i-odasiljanjem-podataka-rq-30-adms-sommer\/\" \/>\n<meta property=\"og:site_name\" content=\"Vode.hr\" \/>\n<meta property=\"article:publisher\" content=\"https:\/\/www.facebook.com\/vode.hr\" \/>\n<meta property=\"article:modified_time\" content=\"2025-10-24T08:58:41+00:00\" \/>\n<meta property=\"og:image\" content=\"http:\/\/vode.hr\/wp-content\/uploads\/2023\/05\/Radarski-sustav-nadzora-protoka-rijeka-s-data-loggerom-i-odasiljanjem-podataka-RQ-30-ADMS-Sommer-1025-0.jpg\" \/>\n\t<meta property=\"og:image:width\" content=\"650\" \/>\n\t<meta property=\"og:image:height\" content=\"650\" \/>\n\t<meta property=\"og:image:type\" content=\"image\/jpeg\" \/>\n<meta name=\"twitter:card\" content=\"summary_large_image\" \/>\n<meta name=\"twitter:label1\" content=\"Est. reading time\" \/>\n\t<meta name=\"twitter:data1\" content=\"2 minute\" \/>\n<script type=\"application\/ld+json\" class=\"yoast-schema-graph\">{\"@context\":\"https:\/\/schema.org\",\"@graph\":[{\"@type\":[\"WebPage\",\"ItemPage\"],\"@id\":\"https:\/\/vode.hr\/bs\/proizvod\/radarski-sustav-nadzora-protoka-rijeka-s-data-loggerom-i-odasiljanjem-podataka-rq-30-adms-sommer\/\",\"url\":\"https:\/\/vode.hr\/bs\/proizvod\/radarski-sustav-nadzora-protoka-rijeka-s-data-loggerom-i-odasiljanjem-podataka-rq-30-adms-sommer\/\",\"name\":\"Radarski sustav nadzora protoka rijeka s data loggerom i oda\u0161iljanjem podataka, RQ-30 ADMS, Sommer - Vode.hr\",\"isPartOf\":{\"@id\":\"https:\/\/vode.hr\/bs\/#website\"},\"primaryImageOfPage\":{\"@id\":\"https:\/\/vode.hr\/bs\/proizvod\/radarski-sustav-nadzora-protoka-rijeka-s-data-loggerom-i-odasiljanjem-podataka-rq-30-adms-sommer\/#primaryimage\"},\"image\":{\"@id\":\"https:\/\/vode.hr\/bs\/proizvod\/radarski-sustav-nadzora-protoka-rijeka-s-data-loggerom-i-odasiljanjem-podataka-rq-30-adms-sommer\/#primaryimage\"},\"thumbnailUrl\":\"https:\/\/vode.hr\/wp-content\/uploads\/2023\/05\/Radarski-sustav-nadzora-protoka-rijeka-s-data-loggerom-i-odasiljanjem-podataka-RQ-30-ADMS-Sommer-1025-0.jpg\",\"datePublished\":\"2023-05-24T15:43:55+00:00\",\"dateModified\":\"2025-10-24T08:58:41+00:00\",\"description\":\"RQ-30 ADMS je sveobuhvatni sustav za mjerenje pra\u017enjenja. Sadr\u017ei beskontaktne senzore brzine protoka i razine vode RQ-30 i primjenjuje iste algoritme i model za izra\u010dunavanje protoka u RQ-30 senzoru.\",\"breadcrumb\":{\"@id\":\"https:\/\/vode.hr\/bs\/proizvod\/radarski-sustav-nadzora-protoka-rijeka-s-data-loggerom-i-odasiljanjem-podataka-rq-30-adms-sommer\/#breadcrumb\"},\"inLanguage\":\"bs-BA\",\"potentialAction\":[{\"@type\":\"ReadAction\",\"target\":[\"https:\/\/vode.hr\/bs\/proizvod\/radarski-sustav-nadzora-protoka-rijeka-s-data-loggerom-i-odasiljanjem-podataka-rq-30-adms-sommer\/\"]}]},{\"@type\":\"ImageObject\",\"inLanguage\":\"bs-BA\",\"@id\":\"https:\/\/vode.hr\/bs\/proizvod\/radarski-sustav-nadzora-protoka-rijeka-s-data-loggerom-i-odasiljanjem-podataka-rq-30-adms-sommer\/#primaryimage\",\"url\":\"https:\/\/vode.hr\/wp-content\/uploads\/2023\/05\/Radarski-sustav-nadzora-protoka-rijeka-s-data-loggerom-i-odasiljanjem-podataka-RQ-30-ADMS-Sommer-1025-0.jpg\",\"contentUrl\":\"https:\/\/vode.hr\/wp-content\/uploads\/2023\/05\/Radarski-sustav-nadzora-protoka-rijeka-s-data-loggerom-i-odasiljanjem-podataka-RQ-30-ADMS-Sommer-1025-0.jpg\",\"width\":650,\"height\":650},{\"@type\":\"BreadcrumbList\",\"@id\":\"https:\/\/vode.hr\/bs\/proizvod\/radarski-sustav-nadzora-protoka-rijeka-s-data-loggerom-i-odasiljanjem-podataka-rq-30-adms-sommer\/#breadcrumb\",\"itemListElement\":[{\"@type\":\"ListItem\",\"position\":1,\"name\":\"Po\u010detna stranica\",\"item\":\"https:\/\/vode.hr\/bs\/\"},{\"@type\":\"ListItem\",\"position\":2,\"name\":\"Trgovina\",\"item\":\"https:\/\/vode.hr\/trgovina\/\"},{\"@type\":\"ListItem\",\"position\":3,\"name\":\"Radarski sustav nadzora protoka rijeka s data loggerom i oda\u0161iljanjem podataka, RQ-30 ADMS, Sommer\"}]},{\"@type\":\"WebSite\",\"@id\":\"https:\/\/vode.hr\/bs\/#website\",\"url\":\"https:\/\/vode.hr\/bs\/\",\"name\":\"Vode.hr\",\"description\":\"Mjerenje kvalitete voda, dezinfekcija vode i ure\u0111aji za mjerenje uvjeta u okoli\u0161u\",\"publisher\":{\"@id\":\"https:\/\/vode.hr\/bs\/#organization\"},\"potentialAction\":[{\"@type\":\"SearchAction\",\"target\":{\"@type\":\"EntryPoint\",\"urlTemplate\":\"https:\/\/vode.hr\/bs\/?s={search_term_string}\"},\"query-input\":{\"@type\":\"PropertyValueSpecification\",\"valueRequired\":true,\"valueName\":\"search_term_string\"}}],\"inLanguage\":\"bs-BA\"},{\"@type\":\"Organization\",\"@id\":\"https:\/\/vode.hr\/bs\/#organization\",\"name\":\"Primotronic d.o.o.\",\"url\":\"https:\/\/vode.hr\/bs\/\",\"logo\":{\"@type\":\"ImageObject\",\"inLanguage\":\"bs-BA\",\"@id\":\"https:\/\/vode.hr\/bs\/#\/schema\/logo\/image\/\",\"url\":\"http:\/\/vode.hr\/wp-content\/uploads\/2023\/04\/vode-1.png\",\"contentUrl\":\"http:\/\/vode.hr\/wp-content\/uploads\/2023\/04\/vode-1.png\",\"width\":300,\"height\":99,\"caption\":\"Primotronic d.o.o.\"},\"image\":{\"@id\":\"https:\/\/vode.hr\/bs\/#\/schema\/logo\/image\/\"},\"sameAs\":[\"https:\/\/www.facebook.com\/vode.hr\"]}]}<\/script>\n<!-- \/ Yoast SEO plugin. -->","yoast_head_json":{"title":"Radarski sustav nadzora protoka rijeka s data loggerom i oda\u0161iljanjem podataka, RQ-30 ADMS, Sommer - Vode.hr","description":"RQ-30 ADMS je sveobuhvatni sustav za mjerenje pra\u017enjenja. Sadr\u017ei beskontaktne senzore brzine protoka i razine vode RQ-30 i primjenjuje iste algoritme i model za izra\u010dunavanje protoka u RQ-30 senzoru.","robots":{"index":"index","follow":"follow","max-snippet":"max-snippet:-1","max-image-preview":"max-image-preview:large","max-video-preview":"max-video-preview:-1"},"canonical":"https:\/\/vode.hr\/bs\/proizvod\/radarski-sustav-nadzora-protoka-rijeka-s-data-loggerom-i-odasiljanjem-podataka-rq-30-adms-sommer\/","og_locale":"bs_BA","og_type":"article","og_title":"Radarski sustav nadzora protoka rijeka s data loggerom i oda\u0161iljanjem podataka, RQ-30 ADMS, Sommer - Vode.hr","og_description":"RQ-30 ADMS je sveobuhvatni sustav za mjerenje pra\u017enjenja. Sadr\u017ei beskontaktne senzore brzine protoka i razine vode RQ-30 i primjenjuje iste algoritme i model za izra\u010dunavanje protoka u RQ-30 senzoru.","og_url":"https:\/\/vode.hr\/bs\/proizvod\/radarski-sustav-nadzora-protoka-rijeka-s-data-loggerom-i-odasiljanjem-podataka-rq-30-adms-sommer\/","og_site_name":"Vode.hr","article_publisher":"https:\/\/www.facebook.com\/vode.hr","article_modified_time":"2025-10-24T08:58:41+00:00","og_image":[{"width":650,"height":650,"url":"http:\/\/vode.hr\/wp-content\/uploads\/2023\/05\/Radarski-sustav-nadzora-protoka-rijeka-s-data-loggerom-i-odasiljanjem-podataka-RQ-30-ADMS-Sommer-1025-0.jpg","type":"image\/jpeg"}],"twitter_card":"summary_large_image","twitter_misc":{"Est. reading time":"2 minute"},"schema":{"@context":"https:\/\/schema.org","@graph":[{"@type":["WebPage","ItemPage"],"@id":"https:\/\/vode.hr\/bs\/proizvod\/radarski-sustav-nadzora-protoka-rijeka-s-data-loggerom-i-odasiljanjem-podataka-rq-30-adms-sommer\/","url":"https:\/\/vode.hr\/bs\/proizvod\/radarski-sustav-nadzora-protoka-rijeka-s-data-loggerom-i-odasiljanjem-podataka-rq-30-adms-sommer\/","name":"Radarski sustav nadzora protoka rijeka s data loggerom i oda\u0161iljanjem podataka, RQ-30 ADMS, Sommer - Vode.hr","isPartOf":{"@id":"https:\/\/vode.hr\/bs\/#website"},"primaryImageOfPage":{"@id":"https:\/\/vode.hr\/bs\/proizvod\/radarski-sustav-nadzora-protoka-rijeka-s-data-loggerom-i-odasiljanjem-podataka-rq-30-adms-sommer\/#primaryimage"},"image":{"@id":"https:\/\/vode.hr\/bs\/proizvod\/radarski-sustav-nadzora-protoka-rijeka-s-data-loggerom-i-odasiljanjem-podataka-rq-30-adms-sommer\/#primaryimage"},"thumbnailUrl":"https:\/\/vode.hr\/wp-content\/uploads\/2023\/05\/Radarski-sustav-nadzora-protoka-rijeka-s-data-loggerom-i-odasiljanjem-podataka-RQ-30-ADMS-Sommer-1025-0.jpg","datePublished":"2023-05-24T15:43:55+00:00","dateModified":"2025-10-24T08:58:41+00:00","description":"RQ-30 ADMS je sveobuhvatni sustav za mjerenje pra\u017enjenja. Sadr\u017ei beskontaktne senzore brzine protoka i razine vode RQ-30 i primjenjuje iste algoritme i model za izra\u010dunavanje protoka u RQ-30 senzoru.","breadcrumb":{"@id":"https:\/\/vode.hr\/bs\/proizvod\/radarski-sustav-nadzora-protoka-rijeka-s-data-loggerom-i-odasiljanjem-podataka-rq-30-adms-sommer\/#breadcrumb"},"inLanguage":"bs-BA","potentialAction":[{"@type":"ReadAction","target":["https:\/\/vode.hr\/bs\/proizvod\/radarski-sustav-nadzora-protoka-rijeka-s-data-loggerom-i-odasiljanjem-podataka-rq-30-adms-sommer\/"]}]},{"@type":"ImageObject","inLanguage":"bs-BA","@id":"https:\/\/vode.hr\/bs\/proizvod\/radarski-sustav-nadzora-protoka-rijeka-s-data-loggerom-i-odasiljanjem-podataka-rq-30-adms-sommer\/#primaryimage","url":"https:\/\/vode.hr\/wp-content\/uploads\/2023\/05\/Radarski-sustav-nadzora-protoka-rijeka-s-data-loggerom-i-odasiljanjem-podataka-RQ-30-ADMS-Sommer-1025-0.jpg","contentUrl":"https:\/\/vode.hr\/wp-content\/uploads\/2023\/05\/Radarski-sustav-nadzora-protoka-rijeka-s-data-loggerom-i-odasiljanjem-podataka-RQ-30-ADMS-Sommer-1025-0.jpg","width":650,"height":650},{"@type":"BreadcrumbList","@id":"https:\/\/vode.hr\/bs\/proizvod\/radarski-sustav-nadzora-protoka-rijeka-s-data-loggerom-i-odasiljanjem-podataka-rq-30-adms-sommer\/#breadcrumb","itemListElement":[{"@type":"ListItem","position":1,"name":"Po\u010detna stranica","item":"https:\/\/vode.hr\/bs\/"},{"@type":"ListItem","position":2,"name":"Trgovina","item":"https:\/\/vode.hr\/trgovina\/"},{"@type":"ListItem","position":3,"name":"Radarski sustav nadzora protoka rijeka s data loggerom i oda\u0161iljanjem podataka, RQ-30 ADMS, Sommer"}]},{"@type":"WebSite","@id":"https:\/\/vode.hr\/bs\/#website","url":"https:\/\/vode.hr\/bs\/","name":"Vode.hr","description":"Mjerenje kvalitete voda, dezinfekcija vode i ure\u0111aji za mjerenje uvjeta u okoli\u0161u","publisher":{"@id":"https:\/\/vode.hr\/bs\/#organization"},"potentialAction":[{"@type":"SearchAction","target":{"@type":"EntryPoint","urlTemplate":"https:\/\/vode.hr\/bs\/?s={search_term_string}"},"query-input":{"@type":"PropertyValueSpecification","valueRequired":true,"valueName":"search_term_string"}}],"inLanguage":"bs-BA"},{"@type":"Organization","@id":"https:\/\/vode.hr\/bs\/#organization","name":"Primotronic d.o.o.","url":"https:\/\/vode.hr\/bs\/","logo":{"@type":"ImageObject","inLanguage":"bs-BA","@id":"https:\/\/vode.hr\/bs\/#\/schema\/logo\/image\/","url":"http:\/\/vode.hr\/wp-content\/uploads\/2023\/04\/vode-1.png","contentUrl":"http:\/\/vode.hr\/wp-content\/uploads\/2023\/04\/vode-1.png","width":300,"height":99,"caption":"Primotronic d.o.o."},"image":{"@id":"https:\/\/vode.hr\/bs\/#\/schema\/logo\/image\/"},"sameAs":["https:\/\/www.facebook.com\/vode.hr"]}]}},"_links":{"self":[{"href":"https:\/\/vode.hr\/bs\/wp-json\/wp\/v2\/product\/714"}],"collection":[{"href":"https:\/\/vode.hr\/bs\/wp-json\/wp\/v2\/product"}],"about":[{"href":"https:\/\/vode.hr\/bs\/wp-json\/wp\/v2\/types\/product"}],"wp:featuredmedia":[{"embeddable":true,"href":"https:\/\/vode.hr\/bs\/wp-json\/wp\/v2\/media\/720"}],"wp:attachment":[{"href":"https:\/\/vode.hr\/bs\/wp-json\/wp\/v2\/media?parent=714"}],"wp:term":[{"taxonomy":"product_cat","embeddable":true,"href":"https:\/\/vode.hr\/bs\/wp-json\/wp\/v2\/product_cat?post=714"},{"taxonomy":"product_tag","embeddable":true,"href":"https:\/\/vode.hr\/bs\/wp-json\/wp\/v2\/product_tag?post=714"}],"curies":[{"name":"wp","href":"https:\/\/api.w.org\/{rel}","templated":true}]}}