{"id":724,"date":"2023-05-31T12:23:10","date_gmt":"2023-05-31T10:23:10","guid":{"rendered":"https:\/\/vode.hr\/?post_type=product&#038;p=724"},"modified":"2025-10-24T10:58:41","modified_gmt":"2025-10-24T08:58:41","slug":"sustav-detekcije-leda-ids-20-sommer","status":"publish","type":"product","link":"https:\/\/vode.hr\/bs\/proizvod\/sustav-detekcije-leda-ids-20-sommer\/","title":{"rendered":"Sustav detekcije leda, IDS-20, Sommer"},"content":{"rendered":"<div class=\"row\"  id=\"row-943363282\">\n\n\t<div id=\"col-1487000224\" class=\"col small-12 large-12\"  >\n\t\t\t\t<div class=\"col-inner\"  >\n\t\t\t\n\t\t\t\n\t<div id=\"text-71219493\" class=\"text\">\n\t\t\n<h2>Kontinuirano i beskontaktno mjerenje<\/h2>\n\t\t\n<style>\n#text-71219493 {\n  font-size: 1.3rem;\n  text-align: center;\n}\n<\/style>\n\t<\/div>\n\t\n\t<div id=\"text-1189479353\" class=\"text\">\n\t\t\n<p class=\"lead\">IDS-20 senzor za detekciju leda postavlja standard za sljede\u0107u generaciju sustava detekcije leda, mjere\u0107i debljinu leda od 0,01 mm do 80 mm s tri fleksibilna senzora, omogu\u0107uju\u0107i upotrebu jednog ili dva senzora istovremeno.<\/p>\n\t\t\n<style>\n#text-1189479353 {\n  font-size: 0.9rem;\n  text-align: center;\n}\n<\/style>\n\t<\/div>\n\t\n<div class=\"row align-middle\"  id=\"row-1676624917\">\n\n\t<div id=\"col-1066792674\" class=\"col medium-6 small-12 large-6\"  >\n\t\t\t\t<div class=\"col-inner\"  >\n\t\t\t\n\t\t\t\n<p>Senzor za detekciju leda za mjerenje zale\u0111ivanja i ledene ki\u0161e za razli\u010dita podru\u010dja primjene. Sustav IDS-20 postavlja standard za sljede\u0107u generaciju sustava detekcije leda. IDS-20 je prvi sustav za beskontaktno otkrivanje leda koji mo\u017ee mjeriti debljinu leda od 0,01 mm do 80 mm.<\/p>\n<p>Sustav IDS-20 iznimno je fleksibilan sustav koji se nosi s razli\u010ditim situacijama i primjenama. Sustav se sastoji od sredi\u0161njeg kontrolera i tri razli\u010dita senzora. Senzori imaju razli\u010dita mjerna podru\u010dja i primjene. Postoje dva kockasta senzora za mjerenje zale\u0111ivanja i detekciju zale\u0111ivanja za dva razli\u010dita raspona mjerenja.<\/p>\n<p>Stoga IDS-Cube 1 senzor ima raspon mjerenja od 0,01 mm do 1 mm i slu\u017ei za prepoznavanje iznimno finih slojeva leda i zale\u0111ivanja. Dizajn senzora IDS-Cube 5 prepoznaje slojeve leda i slu\u010dajeve zale\u0111ivanja od 0,1 mm do 5 mm. Osim toga, tu je i \u0161tapni senzor koji je dizajniran za mjerenje ukupne debljine leda tijekom sezone ili godine. Raspon mjerenja IDS-Rod senzora je od 1 mm do 80 mm. Dizajn IDS-sustava napravljen je za kori\u0161tenje s jednim senzorom ili najvi\u0161e dva IDS-senzora u isto vrijeme.<\/p>\n<ul>\n<li>Kontinuirano i beskontaktno mjerenje<\/li>\n<li>Detekcija zale\u0111ivanja i ki\u0161e koja se smrzava<\/li>\n<li>Razlika izme\u0111u leda i vode Razlika izme\u0111u leda i vode<\/li>\n<li>Detekcija leda 0,01 mm do 80 mm debljine leda Detekcija leda 0,01 mm do 80 mm debljine leda<\/li>\n<li>Razli\u010dite izvedbe senzora prema specifi\u010dnim primjenama &#8211; kockasti i \u0161tapni senzori<\/li>\n<li>Vrlo pouzdani rezultati mjerenja zahvaljuju\u0107i provjeri vjerodostojnosti<\/li>\n<li>Pogodan za postoje\u0107e i nove sustave, jednostavna i brza monta\u017ea<\/li>\n<li>Rad bez odr\u017eavanja, niska potro\u0161nja energije<\/li>\n<\/ul>\n\t\t<\/div>\n\t\t\t\t\n<style>\n#col-1066792674 > .col-inner {\n  padding: 2em 1em 0px 1em;\n}\n<\/style>\n\t<\/div>\n\n\t\n\n\t<div id=\"col-231712551\" class=\"col medium-6 small-12 large-6\"  >\n\t\t\t\t<div class=\"col-inner\"  >\n\t\t\t\n\t\t\t\n\t<div class=\"img has-hover x md-x lg-x y md-y lg-y\" id=\"image_1372786470\">\n\t\t\t\t\t\t\t\t<div class=\"img-inner dark\" >\n\t\t\t<img loading=\"lazy\" decoding=\"async\" width=\"650\" height=\"650\" src=\"https:\/\/vode.hr\/wp-content\/uploads\/2023\/05\/Sustav-detekcije-leda-IDS-20-Sommer-1026-6.jpg\" class=\"attachment-large size-large\" alt=\"\" srcset=\"https:\/\/vode.hr\/wp-content\/uploads\/2023\/05\/Sustav-detekcije-leda-IDS-20-Sommer-1026-6.jpg 650w, https:\/\/vode.hr\/wp-content\/uploads\/2023\/05\/Sustav-detekcije-leda-IDS-20-Sommer-1026-6-300x300.jpg 300w, https:\/\/vode.hr\/wp-content\/uploads\/2023\/05\/Sustav-detekcije-leda-IDS-20-Sommer-1026-6-150x150.jpg 150w, https:\/\/vode.hr\/wp-content\/uploads\/2023\/05\/Sustav-detekcije-leda-IDS-20-Sommer-1026-6-370x370.jpg 370w, https:\/\/vode.hr\/wp-content\/uploads\/2023\/05\/Sustav-detekcije-leda-IDS-20-Sommer-1026-6-100x100.jpg 100w\" sizes=\"(max-width: 650px) 100vw, 650px\" \/>\t\t\t\t\t\t\n\t\t\t\t\t<\/div>\n\t\t\t\t\t\t\t\t\n<style>\n#image_1372786470 {\n  width: 100%;\n}\n<\/style>\n\t<\/div>\n\t\n\t\t<\/div>\n\t\t\t\t\n<style>\n#col-231712551 > .col-inner {\n  padding: 0px 0px 0px 0px;\n}\n<\/style>\n\t<\/div>\n\n\t\n<\/div>\n\t\t<\/div>\n\t\t\t\t\t<\/div>\n\n\t\n\n<style>\n#row-943363282 > .col > .col-inner {\n  padding: 3em 0px 0px 0px;\n}\n<\/style>\n<\/div>\n<div class=\"row row-box-shadow-3 row-box-shadow-5-hover\"  id=\"row-843150309\">\n\n\t<div id=\"col-868726317\" class=\"col medium-3 small-12 large-3\"  >\n\t\t\t\t<div class=\"col-inner\"  >\n\t\t\t\n\t\t\t\n\t<div id=\"text-744793134\" class=\"text\">\n\t\t\n<h3><span style=\"color: #336699;\">Zale\u0111ivanje<\/span><\/h3>\n\t\t\n<style>\n#text-744793134 {\n  text-align: center;\n}\n<\/style>\n\t<\/div>\n\t\n\t\t<\/div>\n\t\t\t\t\n<style>\n#col-868726317 > .col-inner {\n  padding: 1em 1em 1em 1em;\n}\n<\/style>\n\t<\/div>\n\n\t\n\n\t<div id=\"col-868145614\" class=\"col medium-3 small-12 large-3\"  >\n\t\t\t\t<div class=\"col-inner\"  >\n\t\t\t\n\t\t\t\n\t<div id=\"text-3938376656\" class=\"text\">\n\t\t\n<h3><span style=\"color: #336699;\">Ki\u0161a<\/span><\/h3>\n\t\t\n<style>\n#text-3938376656 {\n  text-align: center;\n}\n<\/style>\n\t<\/div>\n\t\n\t\t<\/div>\n\t\t\t\t\n<style>\n#col-868145614 > .col-inner {\n  padding: 1em 1em 1em 1em;\n}\n<\/style>\n\t<\/div>\n\n\t\n\n\t<div id=\"col-1485330154\" class=\"col medium-3 small-12 large-3\"  >\n\t\t\t\t<div class=\"col-inner\"  >\n\t\t\t\n\t\t\t\n\t<div id=\"text-699615455\" class=\"text\">\n\t\t\n<h3><span style=\"color: #336699;\">To\u010dka rosi\u0161ta \/ smrzavanja<\/span><\/h3>\n\t\t\n<style>\n#text-699615455 {\n  text-align: center;\n}\n<\/style>\n\t<\/div>\n\t\n\t\t<\/div>\n\t\t\t\t\n<style>\n#col-1485330154 > .col-inner {\n  padding: 1em 1em 1em 1em;\n}\n<\/style>\n\t<\/div>\n\n\t\n\n\t<div id=\"col-8234960\" class=\"col medium-3 small-12 large-3\"  >\n\t\t\t\t<div class=\"col-inner\"  >\n\t\t\t\n\t\t\t\n\t<div id=\"text-1337745870\" class=\"text\">\n\t\t\n<h3><span style=\"color: #339966;\"><span style=\"color: #336699;\">Temperatura i vlaga<\/span><\/span><\/h3>\n\t\t\n<style>\n#text-1337745870 {\n  text-align: center;\n}\n<\/style>\n\t<\/div>\n\t\n\t\t<\/div>\n\t\t\t\t\n<style>\n#col-8234960 > .col-inner {\n  padding: 1em 1em 1em 1em;\n}\n<\/style>\n\t<\/div>\n\n\t\n<\/div>\n<div class=\"row align-middle\"  id=\"row-544638316\">\n\n\t<div id=\"col-1764699830\" class=\"col medium-6 small-12 large-6\"  >\n\t\t\t\t<div class=\"col-inner\"  >\n\t\t\t\n\t\t\t\n\t<div class=\"img has-hover x md-x lg-x y md-y lg-y\" id=\"image_1477210948\">\n\t\t\t\t\t\t\t\t<div class=\"img-inner dark\" >\n\t\t\t<img loading=\"lazy\" decoding=\"async\" width=\"650\" height=\"650\" src=\"https:\/\/vode.hr\/wp-content\/uploads\/2023\/05\/Sustav-detekcije-leda-IDS-20-Sommer-1026-5.jpg\" class=\"attachment-original size-original\" alt=\"\" srcset=\"https:\/\/vode.hr\/wp-content\/uploads\/2023\/05\/Sustav-detekcije-leda-IDS-20-Sommer-1026-5.jpg 650w, https:\/\/vode.hr\/wp-content\/uploads\/2023\/05\/Sustav-detekcije-leda-IDS-20-Sommer-1026-5-300x300.jpg 300w, https:\/\/vode.hr\/wp-content\/uploads\/2023\/05\/Sustav-detekcije-leda-IDS-20-Sommer-1026-5-150x150.jpg 150w, https:\/\/vode.hr\/wp-content\/uploads\/2023\/05\/Sustav-detekcije-leda-IDS-20-Sommer-1026-5-370x370.jpg 370w, https:\/\/vode.hr\/wp-content\/uploads\/2023\/05\/Sustav-detekcije-leda-IDS-20-Sommer-1026-5-100x100.jpg 100w\" sizes=\"(max-width: 650px) 100vw, 650px\" \/>\t\t\t\t\t\t\n\t\t\t\t\t<\/div>\n\t\t\t\t\t\t\t\t\n<style>\n#image_1477210948 {\n  width: 100%;\n}\n<\/style>\n\t<\/div>\n\t\n\t\t<\/div>\n\t\t\t\t\t<\/div>\n\n\t\n\n\t<div id=\"col-920527813\" class=\"col medium-6 small-12 large-6 small-col-first\"  >\n\t\t\t\t<div class=\"col-inner\"  >\n\t\t\t\n\t\t\t\n\t<div id=\"text-283879537\" class=\"text\">\n\t\t\n<h2>Podru\u010dja primjene<\/h2>\n\t\t\n<style>\n#text-283879537 {\n  text-align: center;\n}\n<\/style>\n\t<\/div>\n\t\n<div class=\"is-divider divider clearfix\" style=\"max-width:100%;\"><\/div>\n<div class=\"flex flex-grow flex-col gap-3\">\n<div class=\"min-h-&#091;20px&#093; flex flex-col items-start gap-4 whitespace-pre-wrap break-words\">\n<div class=\"markdown prose w-full break-words dark:prose-invert light\">\n<p>IDS-20 sustav je iznimno fleksibilan i prilagodljiv za razli\u010dite situacije i primjene poput vremenske prognoze, prognoze stanja cesta, pra\u0107enja uvjeta u sektoru vjetroelektrana, \u017ei\u010dara, \u017eeljeznica, tramvaja i prometne kontrole. Sustav se sastoji od sredi\u0161njeg kontrolera i tri razli\u010dita senzora s razli\u010ditim rasponima mjerenja i primjenama. Postoje dva kubi\u010dna senzora za mjerenje i detekciju smrzavanja za dva razli\u010dita raspona mjerenja. IDS-Cube 1 senzor ima raspon mjerenja od 0,01 mm do 1 mm i koristi se za prepoznavanje iznimno tankih slojeva leda i pojava smrzavanja. IDS-Cube 5 senzor je dizajniran za prepoznavanje slojeva leda i pojava smrzavanja od 0,1 mm do 5 mm. Tako\u0111er, tu je \u0161ipkasti senzor koji je dizajniran za mjerenje ukupne debljine leda tijekom sezone ili godine. Raspon mjerenja IDS-Rod senzora je od 1 mm do 80 mm.<\/p>\n<p>Zbog razvoja tri razli\u010dita senzora, sustav je morao biti razvijen do najve\u0107e razine fleksibilnosti. S ovom fleksibilno\u0161\u0107u i razli\u010ditim senzorima, programeri su omogu\u0107ili kombiniranje tri razli\u010dita senzora unutar sustava, \u0161to ga \u010dini vrlo prilagodljivim i primjenjivim u mnogim razli\u010ditim podru\u010djima.<\/p>\n<\/div>\n<\/div>\n<\/div>\n\t<div id=\"gap-1619204595\" class=\"gap-element clearfix\" style=\"display:block; height:auto;\">\n\t\t\n<style>\n#gap-1619204595 {\n  padding-top: 30px;\n}\n<\/style>\n\t<\/div>\n\t\n\t<div id=\"gap-1191582310\" class=\"gap-element clearfix\" style=\"display:block; height:auto;\">\n\t\t\n<style>\n#gap-1191582310 {\n  padding-top: 30px;\n}\n<\/style>\n\t<\/div>\n\t\n\t\t<\/div>\n\t\t\t\t\t<\/div>\n\n\t\n\n<style>\n#row-544638316 > .col > .col-inner {\n  padding: 2em 0px 0px 0px;\n}\n<\/style>\n<\/div>\n<div class=\"row align-middle\"  id=\"row-1377255653\">\n\n\t<div id=\"col-1006608778\" class=\"col medium-6 small-12 large-6\"  >\n\t\t\t\t<div class=\"col-inner\"  >\n\t\t\t\n\t\t\t\n\t<div id=\"text-2069032934\" class=\"text\">\n\t\t\n<h2>Implementacija<\/h2>\n\t\t\n<style>\n#text-2069032934 {\n  text-align: center;\n}\n@media (min-width:550px) {\n  #text-2069032934 {\n    text-align: left;\n  }\n}\n<\/style>\n\t<\/div>\n\t\n<div class=\"is-divider divider clearfix\" style=\"max-width:100%;\"><\/div>\n<p>Ve\u0107 su dostupne \u010detiri razli\u010dite verzije. Svaka je verzija dizajnirana da radi za razli\u010dite aplikacije. Postoji verzija za mjerenje ukupne debljine leda kroz cijelu sezonu ili godinu. Ovaj paket sadr\u017ei jednu senzorsku aplikaciju sa samo IDS-Rod 80 senzorom. Cilj ove instalacije je pra\u0107enje i mjerenje ukupne debljine leda. Mogu\u0107e primjene su pra\u0107enje leda na konstrukcijama, stupovima, tornjevima, antenama, fiksnim i elektri\u010dnim vodovima.<\/p>\n<p>Druga primjena jednog senzora je sustav IDS-20 sa senzorom IDS-Cube 5. Ovaj paket je dizajniran za mjerenje tankih slojeva leda i slu\u010dajeva zale\u0111ivanja izme\u0111u 0,1 mm i 5 mm debljine leda. Ovdje je cilj izmjeriti slu\u010dajeve zale\u0111ivanja i tanke slojeve leda. S internom softverskom kontrolom i mogu\u0107nostima pode\u0161avanja lako je postaviti senzor na to\u010dno onaj raspon koji vas zanima za mjerenje. Interni sustav grijanja poma\u017ee u odle\u0111ivanju senzora \u010dim se dosegne prag koji definira korisnik. Mogu\u0107a primjena je pra\u0107enje leda u industriji energije vjetra.<\/p>\n\t\t<\/div>\n\t\t\t\t\n<style>\n#col-1006608778 > .col-inner {\n  padding: 2em 1em 0px 1em;\n}\n<\/style>\n\t<\/div>\n\n\t\n\n\t<div id=\"col-376134940\" class=\"col medium-6 small-12 large-6\"  >\n\t\t\t\t<div class=\"col-inner\"  >\n\t\t\t\n\t\t\t\n<p>Prva postavka dvostrukog senzora je kombinacija oba gore navedena senzora. U ovom paketu kombiniramo mjerenje ukupne debljine leda IDS-Rod 80 i mjerenje zale\u0111ivanja IDS-Cube 5 u jedan sustav. Zbog kombinacije dviju tehnologija i prednosti ovih senzora, sustav mo\u017ee mjeriti tanke slojeve leda i doga\u0111aje zale\u0111ivanja, a paralelno IDS-Rod 80 senzor mjeri i prati ukupnu debljinu leda na istom mjestu.<\/p>\n<p>Druga primjena dvostrukog senzora namijenjena je primjenama u kojima je va\u017ena detekcija leda iznimno tankih slojeva ili koli\u010dine leda. U ovom paketu, IDS-sustav koristi dva IDS-Cube 1 senzora za mjerenje i prepoznavanje slojeva leda po\u010dev\u0161i od 0,01 mm. Za kontinuirane podatke i neprekinute vremenske serije podataka IDS-Cube 1 senzori rade u izmjeni\u010dnom na\u010dinu rada. To zna\u010di da ako jedan senzor grije i odle\u0111uje, drugi jo\u0161 uvijek mjeri. U aplikacijama u kojima je potreban neprekinuti vremenski niz podataka, ovaj paket je rje\u0161enje. Mogu\u0107e primjene su pra\u0107enje leda u zrakoplovstvu.<\/p>\n\t\t<\/div>\n\t\t\t\t\n<style>\n#col-376134940 > .col-inner {\n  padding: 0px 0px 0px 0px;\n}\n<\/style>\n\t<\/div>\n\n\t\n<\/div>\n","protected":false},"excerpt":{"rendered":"<p>Senzor za detekciju leda za mjerenje zale\u0111ivanja i ledene ki\u0161e za razli\u010dita podru\u010dja primjene. IDS-20 je prvi sustav za beskontaktno otkrivanje leda koji mo\u017ee mjeriti debljinu leda od 0,01 mm do 80 mm. Sustav se sastoji od sredi\u0161njeg kontrolera i tri razli\u010dita senzora koji imaju razli\u010dita mjerna podru\u010dja i primjene.<\/p>\n","protected":false},"featured_media":730,"template":"","meta":[],"product_cat":[225],"product_tag":[297],"class_list":["post-724","product","type-product","status-publish","has-post-thumbnail","hentry","product_cat-snijeg-i-led","product_tag-sommer"],"yoast_head":"<!-- This site is optimized with the Yoast SEO plugin v25.0 - https:\/\/yoast.com\/wordpress\/plugins\/seo\/ -->\n<title>Sustav detekcije leda, IDS-20, Sommer - Vode.hr<\/title>\n<meta name=\"description\" content=\"Senzor za detekciju leda za mjerenje zale\u0111ivanja i ledene ki\u0161e za razli\u010dita podru\u010dja primjene. IDS-20 je prvi sustav za beskontaktno otkrivanje leda koji mo\u017ee mjeriti debljinu leda od 0,01 mm do 80 mm. Sustav se sastoji od sredi\u0161njeg kontrolera i tri razli\u010dita senzora koji imaju razli\u010dita mjerna podru\u010dja i primjene.\" \/>\n<meta name=\"robots\" content=\"index, follow, max-snippet:-1, max-image-preview:large, max-video-preview:-1\" \/>\n<link rel=\"canonical\" href=\"https:\/\/vode.hr\/bs\/proizvod\/sustav-detekcije-leda-ids-20-sommer\/\" \/>\n<meta property=\"og:locale\" content=\"bs_BA\" \/>\n<meta property=\"og:type\" content=\"article\" \/>\n<meta property=\"og:title\" content=\"Sustav detekcije leda, IDS-20, Sommer - Vode.hr\" \/>\n<meta property=\"og:description\" content=\"Senzor za detekciju leda za mjerenje zale\u0111ivanja i ledene ki\u0161e za razli\u010dita podru\u010dja primjene. IDS-20 je prvi sustav za beskontaktno otkrivanje leda koji mo\u017ee mjeriti debljinu leda od 0,01 mm do 80 mm. Sustav se sastoji od sredi\u0161njeg kontrolera i tri razli\u010dita senzora koji imaju razli\u010dita mjerna podru\u010dja i primjene.\" \/>\n<meta property=\"og:url\" content=\"https:\/\/vode.hr\/bs\/proizvod\/sustav-detekcije-leda-ids-20-sommer\/\" \/>\n<meta property=\"og:site_name\" content=\"Vode.hr\" \/>\n<meta property=\"article:publisher\" content=\"https:\/\/www.facebook.com\/vode.hr\" \/>\n<meta property=\"article:modified_time\" content=\"2025-10-24T08:58:41+00:00\" \/>\n<meta property=\"og:image\" content=\"http:\/\/vode.hr\/wp-content\/uploads\/2023\/05\/Sustav-detekcije-leda-IDS-20-Sommer-1026-0.jpg\" \/>\n\t<meta property=\"og:image:width\" content=\"650\" \/>\n\t<meta property=\"og:image:height\" content=\"650\" \/>\n\t<meta property=\"og:image:type\" content=\"image\/jpeg\" \/>\n<meta name=\"twitter:card\" content=\"summary_large_image\" \/>\n<meta name=\"twitter:label1\" content=\"Est. reading time\" \/>\n\t<meta name=\"twitter:data1\" content=\"5 minuta\" \/>\n<script type=\"application\/ld+json\" class=\"yoast-schema-graph\">{\"@context\":\"https:\/\/schema.org\",\"@graph\":[{\"@type\":[\"WebPage\",\"ItemPage\"],\"@id\":\"https:\/\/vode.hr\/bs\/proizvod\/sustav-detekcije-leda-ids-20-sommer\/\",\"url\":\"https:\/\/vode.hr\/bs\/proizvod\/sustav-detekcije-leda-ids-20-sommer\/\",\"name\":\"Sustav detekcije leda, IDS-20, Sommer - Vode.hr\",\"isPartOf\":{\"@id\":\"https:\/\/vode.hr\/bs\/#website\"},\"primaryImageOfPage\":{\"@id\":\"https:\/\/vode.hr\/bs\/proizvod\/sustav-detekcije-leda-ids-20-sommer\/#primaryimage\"},\"image\":{\"@id\":\"https:\/\/vode.hr\/bs\/proizvod\/sustav-detekcije-leda-ids-20-sommer\/#primaryimage\"},\"thumbnailUrl\":\"https:\/\/vode.hr\/wp-content\/uploads\/2023\/05\/Sustav-detekcije-leda-IDS-20-Sommer-1026-0.jpg\",\"datePublished\":\"2023-05-31T10:23:10+00:00\",\"dateModified\":\"2025-10-24T08:58:41+00:00\",\"description\":\"Senzor za detekciju leda za mjerenje zale\u0111ivanja i ledene ki\u0161e za razli\u010dita podru\u010dja primjene. IDS-20 je prvi sustav za beskontaktno otkrivanje leda koji mo\u017ee mjeriti debljinu leda od 0,01 mm do 80 mm. Sustav se sastoji od sredi\u0161njeg kontrolera i tri razli\u010dita senzora koji imaju razli\u010dita mjerna podru\u010dja i primjene.\",\"breadcrumb\":{\"@id\":\"https:\/\/vode.hr\/bs\/proizvod\/sustav-detekcije-leda-ids-20-sommer\/#breadcrumb\"},\"inLanguage\":\"bs-BA\",\"potentialAction\":[{\"@type\":\"ReadAction\",\"target\":[\"https:\/\/vode.hr\/bs\/proizvod\/sustav-detekcije-leda-ids-20-sommer\/\"]}]},{\"@type\":\"ImageObject\",\"inLanguage\":\"bs-BA\",\"@id\":\"https:\/\/vode.hr\/bs\/proizvod\/sustav-detekcije-leda-ids-20-sommer\/#primaryimage\",\"url\":\"https:\/\/vode.hr\/wp-content\/uploads\/2023\/05\/Sustav-detekcije-leda-IDS-20-Sommer-1026-0.jpg\",\"contentUrl\":\"https:\/\/vode.hr\/wp-content\/uploads\/2023\/05\/Sustav-detekcije-leda-IDS-20-Sommer-1026-0.jpg\",\"width\":650,\"height\":650},{\"@type\":\"BreadcrumbList\",\"@id\":\"https:\/\/vode.hr\/bs\/proizvod\/sustav-detekcije-leda-ids-20-sommer\/#breadcrumb\",\"itemListElement\":[{\"@type\":\"ListItem\",\"position\":1,\"name\":\"Po\u010detna stranica\",\"item\":\"https:\/\/vode.hr\/bs\/\"},{\"@type\":\"ListItem\",\"position\":2,\"name\":\"Trgovina\",\"item\":\"https:\/\/vode.hr\/trgovina\/\"},{\"@type\":\"ListItem\",\"position\":3,\"name\":\"Sustav detekcije leda, IDS-20, Sommer\"}]},{\"@type\":\"WebSite\",\"@id\":\"https:\/\/vode.hr\/bs\/#website\",\"url\":\"https:\/\/vode.hr\/bs\/\",\"name\":\"Vode.hr\",\"description\":\"Mjerenje kvalitete voda, dezinfekcija vode i ure\u0111aji za mjerenje uvjeta u okoli\u0161u\",\"publisher\":{\"@id\":\"https:\/\/vode.hr\/bs\/#organization\"},\"potentialAction\":[{\"@type\":\"SearchAction\",\"target\":{\"@type\":\"EntryPoint\",\"urlTemplate\":\"https:\/\/vode.hr\/bs\/?s={search_term_string}\"},\"query-input\":{\"@type\":\"PropertyValueSpecification\",\"valueRequired\":true,\"valueName\":\"search_term_string\"}}],\"inLanguage\":\"bs-BA\"},{\"@type\":\"Organization\",\"@id\":\"https:\/\/vode.hr\/bs\/#organization\",\"name\":\"Primotronic d.o.o.\",\"url\":\"https:\/\/vode.hr\/bs\/\",\"logo\":{\"@type\":\"ImageObject\",\"inLanguage\":\"bs-BA\",\"@id\":\"https:\/\/vode.hr\/bs\/#\/schema\/logo\/image\/\",\"url\":\"http:\/\/vode.hr\/wp-content\/uploads\/2023\/04\/vode-1.png\",\"contentUrl\":\"http:\/\/vode.hr\/wp-content\/uploads\/2023\/04\/vode-1.png\",\"width\":300,\"height\":99,\"caption\":\"Primotronic d.o.o.\"},\"image\":{\"@id\":\"https:\/\/vode.hr\/bs\/#\/schema\/logo\/image\/\"},\"sameAs\":[\"https:\/\/www.facebook.com\/vode.hr\"]}]}<\/script>\n<!-- \/ Yoast SEO plugin. -->","yoast_head_json":{"title":"Sustav detekcije leda, IDS-20, Sommer - Vode.hr","description":"Senzor za detekciju leda za mjerenje zale\u0111ivanja i ledene ki\u0161e za razli\u010dita podru\u010dja primjene. IDS-20 je prvi sustav za beskontaktno otkrivanje leda koji mo\u017ee mjeriti debljinu leda od 0,01 mm do 80 mm. Sustav se sastoji od sredi\u0161njeg kontrolera i tri razli\u010dita senzora koji imaju razli\u010dita mjerna podru\u010dja i primjene.","robots":{"index":"index","follow":"follow","max-snippet":"max-snippet:-1","max-image-preview":"max-image-preview:large","max-video-preview":"max-video-preview:-1"},"canonical":"https:\/\/vode.hr\/bs\/proizvod\/sustav-detekcije-leda-ids-20-sommer\/","og_locale":"bs_BA","og_type":"article","og_title":"Sustav detekcije leda, IDS-20, Sommer - Vode.hr","og_description":"Senzor za detekciju leda za mjerenje zale\u0111ivanja i ledene ki\u0161e za razli\u010dita podru\u010dja primjene. IDS-20 je prvi sustav za beskontaktno otkrivanje leda koji mo\u017ee mjeriti debljinu leda od 0,01 mm do 80 mm. Sustav se sastoji od sredi\u0161njeg kontrolera i tri razli\u010dita senzora koji imaju razli\u010dita mjerna podru\u010dja i primjene.","og_url":"https:\/\/vode.hr\/bs\/proizvod\/sustav-detekcije-leda-ids-20-sommer\/","og_site_name":"Vode.hr","article_publisher":"https:\/\/www.facebook.com\/vode.hr","article_modified_time":"2025-10-24T08:58:41+00:00","og_image":[{"width":650,"height":650,"url":"http:\/\/vode.hr\/wp-content\/uploads\/2023\/05\/Sustav-detekcije-leda-IDS-20-Sommer-1026-0.jpg","type":"image\/jpeg"}],"twitter_card":"summary_large_image","twitter_misc":{"Est. reading time":"5 minuta"},"schema":{"@context":"https:\/\/schema.org","@graph":[{"@type":["WebPage","ItemPage"],"@id":"https:\/\/vode.hr\/bs\/proizvod\/sustav-detekcije-leda-ids-20-sommer\/","url":"https:\/\/vode.hr\/bs\/proizvod\/sustav-detekcije-leda-ids-20-sommer\/","name":"Sustav detekcije leda, IDS-20, Sommer - Vode.hr","isPartOf":{"@id":"https:\/\/vode.hr\/bs\/#website"},"primaryImageOfPage":{"@id":"https:\/\/vode.hr\/bs\/proizvod\/sustav-detekcije-leda-ids-20-sommer\/#primaryimage"},"image":{"@id":"https:\/\/vode.hr\/bs\/proizvod\/sustav-detekcije-leda-ids-20-sommer\/#primaryimage"},"thumbnailUrl":"https:\/\/vode.hr\/wp-content\/uploads\/2023\/05\/Sustav-detekcije-leda-IDS-20-Sommer-1026-0.jpg","datePublished":"2023-05-31T10:23:10+00:00","dateModified":"2025-10-24T08:58:41+00:00","description":"Senzor za detekciju leda za mjerenje zale\u0111ivanja i ledene ki\u0161e za razli\u010dita podru\u010dja primjene. IDS-20 je prvi sustav za beskontaktno otkrivanje leda koji mo\u017ee mjeriti debljinu leda od 0,01 mm do 80 mm. Sustav se sastoji od sredi\u0161njeg kontrolera i tri razli\u010dita senzora koji imaju razli\u010dita mjerna podru\u010dja i primjene.","breadcrumb":{"@id":"https:\/\/vode.hr\/bs\/proizvod\/sustav-detekcije-leda-ids-20-sommer\/#breadcrumb"},"inLanguage":"bs-BA","potentialAction":[{"@type":"ReadAction","target":["https:\/\/vode.hr\/bs\/proizvod\/sustav-detekcije-leda-ids-20-sommer\/"]}]},{"@type":"ImageObject","inLanguage":"bs-BA","@id":"https:\/\/vode.hr\/bs\/proizvod\/sustav-detekcije-leda-ids-20-sommer\/#primaryimage","url":"https:\/\/vode.hr\/wp-content\/uploads\/2023\/05\/Sustav-detekcije-leda-IDS-20-Sommer-1026-0.jpg","contentUrl":"https:\/\/vode.hr\/wp-content\/uploads\/2023\/05\/Sustav-detekcije-leda-IDS-20-Sommer-1026-0.jpg","width":650,"height":650},{"@type":"BreadcrumbList","@id":"https:\/\/vode.hr\/bs\/proizvod\/sustav-detekcije-leda-ids-20-sommer\/#breadcrumb","itemListElement":[{"@type":"ListItem","position":1,"name":"Po\u010detna stranica","item":"https:\/\/vode.hr\/bs\/"},{"@type":"ListItem","position":2,"name":"Trgovina","item":"https:\/\/vode.hr\/trgovina\/"},{"@type":"ListItem","position":3,"name":"Sustav detekcije leda, IDS-20, Sommer"}]},{"@type":"WebSite","@id":"https:\/\/vode.hr\/bs\/#website","url":"https:\/\/vode.hr\/bs\/","name":"Vode.hr","description":"Mjerenje kvalitete voda, dezinfekcija vode i ure\u0111aji za mjerenje uvjeta u okoli\u0161u","publisher":{"@id":"https:\/\/vode.hr\/bs\/#organization"},"potentialAction":[{"@type":"SearchAction","target":{"@type":"EntryPoint","urlTemplate":"https:\/\/vode.hr\/bs\/?s={search_term_string}"},"query-input":{"@type":"PropertyValueSpecification","valueRequired":true,"valueName":"search_term_string"}}],"inLanguage":"bs-BA"},{"@type":"Organization","@id":"https:\/\/vode.hr\/bs\/#organization","name":"Primotronic d.o.o.","url":"https:\/\/vode.hr\/bs\/","logo":{"@type":"ImageObject","inLanguage":"bs-BA","@id":"https:\/\/vode.hr\/bs\/#\/schema\/logo\/image\/","url":"http:\/\/vode.hr\/wp-content\/uploads\/2023\/04\/vode-1.png","contentUrl":"http:\/\/vode.hr\/wp-content\/uploads\/2023\/04\/vode-1.png","width":300,"height":99,"caption":"Primotronic d.o.o."},"image":{"@id":"https:\/\/vode.hr\/bs\/#\/schema\/logo\/image\/"},"sameAs":["https:\/\/www.facebook.com\/vode.hr"]}]}},"_links":{"self":[{"href":"https:\/\/vode.hr\/bs\/wp-json\/wp\/v2\/product\/724"}],"collection":[{"href":"https:\/\/vode.hr\/bs\/wp-json\/wp\/v2\/product"}],"about":[{"href":"https:\/\/vode.hr\/bs\/wp-json\/wp\/v2\/types\/product"}],"wp:featuredmedia":[{"embeddable":true,"href":"https:\/\/vode.hr\/bs\/wp-json\/wp\/v2\/media\/730"}],"wp:attachment":[{"href":"https:\/\/vode.hr\/bs\/wp-json\/wp\/v2\/media?parent=724"}],"wp:term":[{"taxonomy":"product_cat","embeddable":true,"href":"https:\/\/vode.hr\/bs\/wp-json\/wp\/v2\/product_cat?post=724"},{"taxonomy":"product_tag","embeddable":true,"href":"https:\/\/vode.hr\/bs\/wp-json\/wp\/v2\/product_tag?post=724"}],"curies":[{"name":"wp","href":"https:\/\/api.w.org\/{rel}","templated":true}]}}