{"id":733,"date":"2023-05-31T13:07:52","date_gmt":"2023-05-31T11:07:52","guid":{"rendered":"https:\/\/vode.hr\/?post_type=product&#038;p=733"},"modified":"2025-10-24T10:58:41","modified_gmt":"2025-10-24T08:58:41","slug":"senzor-snjeznih-nanosa-snd-sommer","status":"publish","type":"product","link":"https:\/\/vode.hr\/bs\/proizvod\/senzor-snjeznih-nanosa-snd-sommer\/","title":{"rendered":"Senzor snje\u017enih nanosa, SND, Sommer"},"content":{"rendered":"<div class=\"row\"  id=\"row-1010461048\">\n\n\t<div id=\"col-596356279\" class=\"col small-12 large-12\"  >\n\t\t\t\t<div class=\"col-inner\"  >\n\t\t\t\n\t\t\t\n\t<div id=\"text-3422540568\" class=\"text\">\n\t\t\n<h2>Izuzetno robustan senzor za odre\u0111ivanje intenziteta nanosa snijega<\/h2>\n\t\t\n<style>\n#text-3422540568 {\n  font-size: 1.3rem;\n  text-align: center;\n}\n<\/style>\n\t<\/div>\n\t\n\t<div id=\"text-4042224728\" class=\"text\">\n\t\t\n<p class=\"lead\">Idealan alat za pra\u0107enje uvjeta na cestama i padinama<\/p>\n\t\t\n<style>\n#text-4042224728 {\n  font-size: 0.9rem;\n  text-align: center;\n}\n<\/style>\n\t<\/div>\n\t\n<div class=\"row align-middle\"  id=\"row-2061641006\">\n\n\t<div id=\"col-1941493205\" class=\"col medium-6 small-12 large-6\"  >\n\t\t\t\t<div class=\"col-inner\"  >\n\t\t\t\n\t\t\t\n<p>Senzorski dio instrumenta je cilindri\u010dna cijev s premazom protiv habanja, adhezije i prljav\u0161tine koju podupiru dva sna\u017ena kraka od nehr\u0111aju\u0107eg \u010delika. Utjecaj nanosa snijega i trenje laminarnog vjetra izazivaju promjenu unutarnjeg akusti\u010dnog tlaka. Pobuda snijegom i vjetrom je diskriminirana posebnim akusti\u010dnim, mehani\u010dkim i elektroni\u010dkim dizajnom.<\/p>\n<p>Sadr\u017ei kontinuirane ili pulsne analogne naponske izlaze i podr\u017eava SDI-12 komunikaciju, serijski RS-232 i Modbus RTU RS485 (pomo\u0107u dodatnog adaptera). Koli\u010dina snje\u017enog nanosa vra\u0107a se u g\/m\u00b2\/s, jednostavnoj jedinici za tuma\u010denje koliko je snijega transportirano na cestu ili izlo\u017eenu padinu.<\/p>\n<ul>\n<li>Ne zahtijeva odr\u017eavanje i poseban dizajn za otpornost na najja\u010de vjetrove, ekstremne temperature, prljav\u0161tinu, sun\u010devu svjetlost, abraziju, pepeo, pa \u010dak i privremeno uranjanje.<\/li>\n<li>Lagan, bez korozije, stabilan na UV\/ozon, bez prepreka. Otporan na udarce, vibracije, munje, koroziju, vlagu, \u017eivotinje, insekte i prskanje. Radna temperatura od \u221240 \u00b0C do 80 \u00b0C (od \u221250 \u00b0C do 100 \u00b0C produ\u017eeno).<\/li>\n<li>Vrlo niska potro\u0161nja energije: 2,1 mA neprekidno za nominalni rad (10% radnog ciklusa) ili 21 mA za kontinuirani rad.<\/li>\n<li>Prilagodljiv svakoj strukturi zahvaljuju\u0107i nizu steznih dodataka od nehr\u0111aju\u0107eg \u010delika visokog standarda.<\/li>\n<li>Izravno spojite senzor na svoju sredi\u0161nju jedinicu ili konfigurirajte bilo koju analognu ili digitalnu komunikaciju putem prilo\u017eenog USB klju\u010da.<\/li>\n<li>Kompatibilan s gotovo svakom vanjskom analognom ili digitalnom centralnom jedinicom, s vrlo dugim produ\u017enim kabelom (tipi\u010dno do 200 m), s IoT (LPWAN) primopredajnicima i industrijskim sustavima upravljanja (BMS, SCADA, itd.).<\/li>\n<\/ul>\n\t\t<\/div>\n\t\t\t\t\n<style>\n#col-1941493205 > .col-inner {\n  padding: 2em 1em 0px 1em;\n}\n<\/style>\n\t<\/div>\n\n\t\n\n\t<div id=\"col-1434057607\" class=\"col medium-6 small-12 large-6\"  >\n\t\t\t\t<div class=\"col-inner\"  >\n\t\t\t\n\t\t\t\n\t<div class=\"img has-hover x md-x lg-x y md-y lg-y\" id=\"image_592798146\">\n\t\t\t\t\t\t\t\t<div class=\"img-inner dark\" >\n\t\t\t<img loading=\"lazy\" decoding=\"async\" width=\"600\" height=\"600\" src=\"https:\/\/vode.hr\/wp-content\/uploads\/2023\/05\/Senzor-snjeznih-nanosa-1027-2.jpg\" class=\"attachment-large size-large\" alt=\"\" srcset=\"https:\/\/vode.hr\/wp-content\/uploads\/2023\/05\/Senzor-snjeznih-nanosa-1027-2.jpg 600w, https:\/\/vode.hr\/wp-content\/uploads\/2023\/05\/Senzor-snjeznih-nanosa-1027-2-300x300.jpg 300w, https:\/\/vode.hr\/wp-content\/uploads\/2023\/05\/Senzor-snjeznih-nanosa-1027-2-150x150.jpg 150w, https:\/\/vode.hr\/wp-content\/uploads\/2023\/05\/Senzor-snjeznih-nanosa-1027-2-370x370.jpg 370w, https:\/\/vode.hr\/wp-content\/uploads\/2023\/05\/Senzor-snjeznih-nanosa-1027-2-100x100.jpg 100w\" sizes=\"(max-width: 600px) 100vw, 600px\" \/>\t\t\t\t\t\t\n\t\t\t\t\t<\/div>\n\t\t\t\t\t\t\t\t\n<style>\n#image_592798146 {\n  width: 100%;\n}\n<\/style>\n\t<\/div>\n\t\n\t\t<\/div>\n\t\t\t\t\n<style>\n#col-1434057607 > .col-inner {\n  padding: 0px 0px 0px 0px;\n}\n<\/style>\n\t<\/div>\n\n\t\n<\/div>\n\t\t<\/div>\n\t\t\t\t\t<\/div>\n\n\t\n\n<style>\n#row-1010461048 > .col > .col-inner {\n  padding: 3em 0px 0px 0px;\n}\n<\/style>\n<\/div>\n<div class=\"row align-middle\"  id=\"row-1520469052\">\n\n\t<div id=\"col-246695993\" class=\"col medium-6 small-12 large-6\"  >\n\t\t\t\t<div class=\"col-inner\"  >\n\t\t\t\n\t\t\t\n\t<div class=\"img has-hover x md-x lg-x y md-y lg-y\" id=\"image_949959866\">\n\t\t\t\t\t\t\t\t<div class=\"img-inner dark\" >\n\t\t\t<img loading=\"lazy\" decoding=\"async\" width=\"600\" height=\"600\" src=\"https:\/\/vode.hr\/wp-content\/uploads\/2023\/05\/Senzor-snjeznih-nanosa-1027-1.jpg\" class=\"attachment-original size-original\" alt=\"\" srcset=\"https:\/\/vode.hr\/wp-content\/uploads\/2023\/05\/Senzor-snjeznih-nanosa-1027-1.jpg 600w, https:\/\/vode.hr\/wp-content\/uploads\/2023\/05\/Senzor-snjeznih-nanosa-1027-1-300x300.jpg 300w, https:\/\/vode.hr\/wp-content\/uploads\/2023\/05\/Senzor-snjeznih-nanosa-1027-1-150x150.jpg 150w, https:\/\/vode.hr\/wp-content\/uploads\/2023\/05\/Senzor-snjeznih-nanosa-1027-1-370x370.jpg 370w, https:\/\/vode.hr\/wp-content\/uploads\/2023\/05\/Senzor-snjeznih-nanosa-1027-1-100x100.jpg 100w\" sizes=\"(max-width: 600px) 100vw, 600px\" \/>\t\t\t\t\t\t\n\t\t\t\t\t<\/div>\n\t\t\t\t\t\t\t\t\n<style>\n#image_949959866 {\n  width: 100%;\n}\n<\/style>\n\t<\/div>\n\t\n\t\t<\/div>\n\t\t\t\t\t<\/div>\n\n\t\n\n\t<div id=\"col-763267319\" class=\"col medium-6 small-12 large-6 small-col-first\"  >\n\t\t\t\t<div class=\"col-inner\"  >\n\t\t\t\n\t\t\t\n\t<div id=\"text-2418040004\" class=\"text\">\n\t\t\n<h2>Podru\u010dja primjene<\/h2>\n\t\t\n<style>\n#text-2418040004 {\n  text-align: center;\n}\n@media (min-width:550px) {\n  #text-2418040004 {\n    text-align: left;\n  }\n}\n<\/style>\n\t<\/div>\n\t\n<div class=\"is-divider divider clearfix\" style=\"max-width:100%;\"><\/div>\n<div class=\"flex flex-grow flex-col gap-3\">\n<div class=\"min-h-&#091;20px&#093; flex flex-col items-start gap-4 whitespace-pre-wrap break-words\">\n<ul>\n<li class=\"markdown prose w-full break-words dark:prose-invert light\">Pra\u0107enje snje\u017enih nanosa<\/li>\n<li class=\"markdown prose w-full break-words dark:prose-invert light\">mjerenje masenog toka \u010destica i brzine vjetra<\/li>\n<li class=\"markdown prose w-full break-words dark:prose-invert light\">Meteorolo\u0161ke i znanstvene primjene<\/li>\n<li class=\"markdown prose w-full break-words dark:prose-invert light\">Sigurnost cesta i opasnost od lavina<\/li>\n<li class=\"markdown prose w-full break-words dark:prose-invert light\">Primjene za industrijski nadzor<\/li>\n<\/ul>\n<\/div>\n<\/div>\n\t<div id=\"gap-872242032\" class=\"gap-element clearfix\" style=\"display:block; height:auto;\">\n\t\t\n<style>\n#gap-872242032 {\n  padding-top: 30px;\n}\n<\/style>\n\t<\/div>\n\t\n\t<div id=\"gap-1977191120\" class=\"gap-element clearfix\" style=\"display:block; height:auto;\">\n\t\t\n<style>\n#gap-1977191120 {\n  padding-top: 30px;\n}\n<\/style>\n\t<\/div>\n\t\n\t\t<\/div>\n\t\t\t\t\t<\/div>\n\n\t\n\n<style>\n#row-1520469052 > .col > .col-inner {\n  padding: 2em 0px 0px 0px;\n}\n<\/style>\n<\/div>\n","protected":false},"excerpt":{"rendered":"<p>Instrument predstavlja visoko pouzdano rje\u0161enje za mjerenje nanosa snijega, s protuotra\u017enim, protukliznim i protuzalednim premazom, podr\u0161kom za razli\u010dite komunikacijske protokole i sposobno\u0161\u0107u pra\u0107enja koli\u010dine snijega u jednostavnim jedinicama, \u0161to ga \u010dini idealnim alatom za pra\u0107enje uvjeta na cestama i padinama.<\/p>\n","protected":false},"featured_media":736,"template":"","meta":[],"product_cat":[225],"product_tag":[297],"class_list":["post-733","product","type-product","status-publish","has-post-thumbnail","hentry","product_cat-snijeg-i-led","product_tag-sommer"],"yoast_head":"<!-- This site is optimized with the Yoast SEO plugin v25.0 - https:\/\/yoast.com\/wordpress\/plugins\/seo\/ -->\n<title>Senzor snje\u017enih nanosa, SND, Sommer - Vode.hr<\/title>\n<meta name=\"description\" content=\"Instrument predstavlja visoko pouzdano rje\u0161enje za mjerenje nanosa snijega, s protuotra\u017enim, protukliznim i protuzalednim premazom, podr\u0161kom za razli\u010dite komunikacijske protokole i sposobno\u0161\u0107u pra\u0107enja koli\u010dine snijega u jednostavnim jedinicama, \u0161to ga \u010dini idealnim alatom za pra\u0107enje uvjeta na cestama i padinama.\" \/>\n<meta name=\"robots\" content=\"index, follow, max-snippet:-1, max-image-preview:large, max-video-preview:-1\" \/>\n<link rel=\"canonical\" href=\"https:\/\/vode.hr\/bs\/proizvod\/senzor-snjeznih-nanosa-snd-sommer\/\" \/>\n<meta property=\"og:locale\" content=\"bs_BA\" \/>\n<meta property=\"og:type\" content=\"article\" \/>\n<meta property=\"og:title\" content=\"Senzor snje\u017enih nanosa, SND, Sommer - Vode.hr\" \/>\n<meta property=\"og:description\" content=\"Instrument predstavlja visoko pouzdano rje\u0161enje za mjerenje nanosa snijega, s protuotra\u017enim, protukliznim i protuzalednim premazom, podr\u0161kom za razli\u010dite komunikacijske protokole i sposobno\u0161\u0107u pra\u0107enja koli\u010dine snijega u jednostavnim jedinicama, \u0161to ga \u010dini idealnim alatom za pra\u0107enje uvjeta na cestama i padinama.\" \/>\n<meta property=\"og:url\" content=\"https:\/\/vode.hr\/bs\/proizvod\/senzor-snjeznih-nanosa-snd-sommer\/\" \/>\n<meta property=\"og:site_name\" content=\"Vode.hr\" \/>\n<meta property=\"article:publisher\" content=\"https:\/\/www.facebook.com\/vode.hr\" \/>\n<meta property=\"article:modified_time\" content=\"2025-10-24T08:58:41+00:00\" \/>\n<meta property=\"og:image\" content=\"http:\/\/vode.hr\/wp-content\/uploads\/2023\/05\/Senzor-snjeznih-nanosa-1027-0.jpg\" \/>\n\t<meta property=\"og:image:width\" content=\"650\" \/>\n\t<meta property=\"og:image:height\" content=\"650\" \/>\n\t<meta property=\"og:image:type\" content=\"image\/jpeg\" \/>\n<meta name=\"twitter:card\" content=\"summary_large_image\" \/>\n<meta name=\"twitter:label1\" content=\"Est. reading time\" \/>\n\t<meta name=\"twitter:data1\" content=\"2 minute\" \/>\n<script type=\"application\/ld+json\" class=\"yoast-schema-graph\">{\"@context\":\"https:\/\/schema.org\",\"@graph\":[{\"@type\":[\"WebPage\",\"ItemPage\"],\"@id\":\"https:\/\/vode.hr\/bs\/proizvod\/senzor-snjeznih-nanosa-snd-sommer\/\",\"url\":\"https:\/\/vode.hr\/bs\/proizvod\/senzor-snjeznih-nanosa-snd-sommer\/\",\"name\":\"Senzor snje\u017enih nanosa, SND, Sommer - Vode.hr\",\"isPartOf\":{\"@id\":\"https:\/\/vode.hr\/bs\/#website\"},\"primaryImageOfPage\":{\"@id\":\"https:\/\/vode.hr\/bs\/proizvod\/senzor-snjeznih-nanosa-snd-sommer\/#primaryimage\"},\"image\":{\"@id\":\"https:\/\/vode.hr\/bs\/proizvod\/senzor-snjeznih-nanosa-snd-sommer\/#primaryimage\"},\"thumbnailUrl\":\"https:\/\/vode.hr\/wp-content\/uploads\/2023\/05\/Senzor-snjeznih-nanosa-1027-0.jpg\",\"datePublished\":\"2023-05-31T11:07:52+00:00\",\"dateModified\":\"2025-10-24T08:58:41+00:00\",\"description\":\"Instrument predstavlja visoko pouzdano rje\u0161enje za mjerenje nanosa snijega, s protuotra\u017enim, protukliznim i protuzalednim premazom, podr\u0161kom za razli\u010dite komunikacijske protokole i sposobno\u0161\u0107u pra\u0107enja koli\u010dine snijega u jednostavnim jedinicama, \u0161to ga \u010dini idealnim alatom za pra\u0107enje uvjeta na cestama i padinama.\",\"breadcrumb\":{\"@id\":\"https:\/\/vode.hr\/bs\/proizvod\/senzor-snjeznih-nanosa-snd-sommer\/#breadcrumb\"},\"inLanguage\":\"bs-BA\",\"potentialAction\":[{\"@type\":\"ReadAction\",\"target\":[\"https:\/\/vode.hr\/bs\/proizvod\/senzor-snjeznih-nanosa-snd-sommer\/\"]}]},{\"@type\":\"ImageObject\",\"inLanguage\":\"bs-BA\",\"@id\":\"https:\/\/vode.hr\/bs\/proizvod\/senzor-snjeznih-nanosa-snd-sommer\/#primaryimage\",\"url\":\"https:\/\/vode.hr\/wp-content\/uploads\/2023\/05\/Senzor-snjeznih-nanosa-1027-0.jpg\",\"contentUrl\":\"https:\/\/vode.hr\/wp-content\/uploads\/2023\/05\/Senzor-snjeznih-nanosa-1027-0.jpg\",\"width\":650,\"height\":650},{\"@type\":\"BreadcrumbList\",\"@id\":\"https:\/\/vode.hr\/bs\/proizvod\/senzor-snjeznih-nanosa-snd-sommer\/#breadcrumb\",\"itemListElement\":[{\"@type\":\"ListItem\",\"position\":1,\"name\":\"Po\u010detna stranica\",\"item\":\"https:\/\/vode.hr\/bs\/\"},{\"@type\":\"ListItem\",\"position\":2,\"name\":\"Trgovina\",\"item\":\"https:\/\/vode.hr\/trgovina\/\"},{\"@type\":\"ListItem\",\"position\":3,\"name\":\"Senzor snje\u017enih nanosa, SND, Sommer\"}]},{\"@type\":\"WebSite\",\"@id\":\"https:\/\/vode.hr\/bs\/#website\",\"url\":\"https:\/\/vode.hr\/bs\/\",\"name\":\"Vode.hr\",\"description\":\"Mjerenje kvalitete voda, dezinfekcija vode i ure\u0111aji za mjerenje uvjeta u okoli\u0161u\",\"publisher\":{\"@id\":\"https:\/\/vode.hr\/bs\/#organization\"},\"potentialAction\":[{\"@type\":\"SearchAction\",\"target\":{\"@type\":\"EntryPoint\",\"urlTemplate\":\"https:\/\/vode.hr\/bs\/?s={search_term_string}\"},\"query-input\":{\"@type\":\"PropertyValueSpecification\",\"valueRequired\":true,\"valueName\":\"search_term_string\"}}],\"inLanguage\":\"bs-BA\"},{\"@type\":\"Organization\",\"@id\":\"https:\/\/vode.hr\/bs\/#organization\",\"name\":\"Primotronic d.o.o.\",\"url\":\"https:\/\/vode.hr\/bs\/\",\"logo\":{\"@type\":\"ImageObject\",\"inLanguage\":\"bs-BA\",\"@id\":\"https:\/\/vode.hr\/bs\/#\/schema\/logo\/image\/\",\"url\":\"http:\/\/vode.hr\/wp-content\/uploads\/2023\/04\/vode-1.png\",\"contentUrl\":\"http:\/\/vode.hr\/wp-content\/uploads\/2023\/04\/vode-1.png\",\"width\":300,\"height\":99,\"caption\":\"Primotronic d.o.o.\"},\"image\":{\"@id\":\"https:\/\/vode.hr\/bs\/#\/schema\/logo\/image\/\"},\"sameAs\":[\"https:\/\/www.facebook.com\/vode.hr\"]}]}<\/script>\n<!-- \/ Yoast SEO plugin. -->","yoast_head_json":{"title":"Senzor snje\u017enih nanosa, SND, Sommer - Vode.hr","description":"Instrument predstavlja visoko pouzdano rje\u0161enje za mjerenje nanosa snijega, s protuotra\u017enim, protukliznim i protuzalednim premazom, podr\u0161kom za razli\u010dite komunikacijske protokole i sposobno\u0161\u0107u pra\u0107enja koli\u010dine snijega u jednostavnim jedinicama, \u0161to ga \u010dini idealnim alatom za pra\u0107enje uvjeta na cestama i padinama.","robots":{"index":"index","follow":"follow","max-snippet":"max-snippet:-1","max-image-preview":"max-image-preview:large","max-video-preview":"max-video-preview:-1"},"canonical":"https:\/\/vode.hr\/bs\/proizvod\/senzor-snjeznih-nanosa-snd-sommer\/","og_locale":"bs_BA","og_type":"article","og_title":"Senzor snje\u017enih nanosa, SND, Sommer - Vode.hr","og_description":"Instrument predstavlja visoko pouzdano rje\u0161enje za mjerenje nanosa snijega, s protuotra\u017enim, protukliznim i protuzalednim premazom, podr\u0161kom za razli\u010dite komunikacijske protokole i sposobno\u0161\u0107u pra\u0107enja koli\u010dine snijega u jednostavnim jedinicama, \u0161to ga \u010dini idealnim alatom za pra\u0107enje uvjeta na cestama i padinama.","og_url":"https:\/\/vode.hr\/bs\/proizvod\/senzor-snjeznih-nanosa-snd-sommer\/","og_site_name":"Vode.hr","article_publisher":"https:\/\/www.facebook.com\/vode.hr","article_modified_time":"2025-10-24T08:58:41+00:00","og_image":[{"width":650,"height":650,"url":"http:\/\/vode.hr\/wp-content\/uploads\/2023\/05\/Senzor-snjeznih-nanosa-1027-0.jpg","type":"image\/jpeg"}],"twitter_card":"summary_large_image","twitter_misc":{"Est. reading time":"2 minute"},"schema":{"@context":"https:\/\/schema.org","@graph":[{"@type":["WebPage","ItemPage"],"@id":"https:\/\/vode.hr\/bs\/proizvod\/senzor-snjeznih-nanosa-snd-sommer\/","url":"https:\/\/vode.hr\/bs\/proizvod\/senzor-snjeznih-nanosa-snd-sommer\/","name":"Senzor snje\u017enih nanosa, SND, Sommer - Vode.hr","isPartOf":{"@id":"https:\/\/vode.hr\/bs\/#website"},"primaryImageOfPage":{"@id":"https:\/\/vode.hr\/bs\/proizvod\/senzor-snjeznih-nanosa-snd-sommer\/#primaryimage"},"image":{"@id":"https:\/\/vode.hr\/bs\/proizvod\/senzor-snjeznih-nanosa-snd-sommer\/#primaryimage"},"thumbnailUrl":"https:\/\/vode.hr\/wp-content\/uploads\/2023\/05\/Senzor-snjeznih-nanosa-1027-0.jpg","datePublished":"2023-05-31T11:07:52+00:00","dateModified":"2025-10-24T08:58:41+00:00","description":"Instrument predstavlja visoko pouzdano rje\u0161enje za mjerenje nanosa snijega, s protuotra\u017enim, protukliznim i protuzalednim premazom, podr\u0161kom za razli\u010dite komunikacijske protokole i sposobno\u0161\u0107u pra\u0107enja koli\u010dine snijega u jednostavnim jedinicama, \u0161to ga \u010dini idealnim alatom za pra\u0107enje uvjeta na cestama i padinama.","breadcrumb":{"@id":"https:\/\/vode.hr\/bs\/proizvod\/senzor-snjeznih-nanosa-snd-sommer\/#breadcrumb"},"inLanguage":"bs-BA","potentialAction":[{"@type":"ReadAction","target":["https:\/\/vode.hr\/bs\/proizvod\/senzor-snjeznih-nanosa-snd-sommer\/"]}]},{"@type":"ImageObject","inLanguage":"bs-BA","@id":"https:\/\/vode.hr\/bs\/proizvod\/senzor-snjeznih-nanosa-snd-sommer\/#primaryimage","url":"https:\/\/vode.hr\/wp-content\/uploads\/2023\/05\/Senzor-snjeznih-nanosa-1027-0.jpg","contentUrl":"https:\/\/vode.hr\/wp-content\/uploads\/2023\/05\/Senzor-snjeznih-nanosa-1027-0.jpg","width":650,"height":650},{"@type":"BreadcrumbList","@id":"https:\/\/vode.hr\/bs\/proizvod\/senzor-snjeznih-nanosa-snd-sommer\/#breadcrumb","itemListElement":[{"@type":"ListItem","position":1,"name":"Po\u010detna stranica","item":"https:\/\/vode.hr\/bs\/"},{"@type":"ListItem","position":2,"name":"Trgovina","item":"https:\/\/vode.hr\/trgovina\/"},{"@type":"ListItem","position":3,"name":"Senzor snje\u017enih nanosa, SND, Sommer"}]},{"@type":"WebSite","@id":"https:\/\/vode.hr\/bs\/#website","url":"https:\/\/vode.hr\/bs\/","name":"Vode.hr","description":"Mjerenje kvalitete voda, dezinfekcija vode i ure\u0111aji za mjerenje uvjeta u okoli\u0161u","publisher":{"@id":"https:\/\/vode.hr\/bs\/#organization"},"potentialAction":[{"@type":"SearchAction","target":{"@type":"EntryPoint","urlTemplate":"https:\/\/vode.hr\/bs\/?s={search_term_string}"},"query-input":{"@type":"PropertyValueSpecification","valueRequired":true,"valueName":"search_term_string"}}],"inLanguage":"bs-BA"},{"@type":"Organization","@id":"https:\/\/vode.hr\/bs\/#organization","name":"Primotronic d.o.o.","url":"https:\/\/vode.hr\/bs\/","logo":{"@type":"ImageObject","inLanguage":"bs-BA","@id":"https:\/\/vode.hr\/bs\/#\/schema\/logo\/image\/","url":"http:\/\/vode.hr\/wp-content\/uploads\/2023\/04\/vode-1.png","contentUrl":"http:\/\/vode.hr\/wp-content\/uploads\/2023\/04\/vode-1.png","width":300,"height":99,"caption":"Primotronic d.o.o."},"image":{"@id":"https:\/\/vode.hr\/bs\/#\/schema\/logo\/image\/"},"sameAs":["https:\/\/www.facebook.com\/vode.hr"]}]}},"_links":{"self":[{"href":"https:\/\/vode.hr\/bs\/wp-json\/wp\/v2\/product\/733"}],"collection":[{"href":"https:\/\/vode.hr\/bs\/wp-json\/wp\/v2\/product"}],"about":[{"href":"https:\/\/vode.hr\/bs\/wp-json\/wp\/v2\/types\/product"}],"wp:featuredmedia":[{"embeddable":true,"href":"https:\/\/vode.hr\/bs\/wp-json\/wp\/v2\/media\/736"}],"wp:attachment":[{"href":"https:\/\/vode.hr\/bs\/wp-json\/wp\/v2\/media?parent=733"}],"wp:term":[{"taxonomy":"product_cat","embeddable":true,"href":"https:\/\/vode.hr\/bs\/wp-json\/wp\/v2\/product_cat?post=733"},{"taxonomy":"product_tag","embeddable":true,"href":"https:\/\/vode.hr\/bs\/wp-json\/wp\/v2\/product_tag?post=733"}],"curies":[{"name":"wp","href":"https:\/\/api.w.org\/{rel}","templated":true}]}}