{"id":738,"date":"2023-05-31T13:21:14","date_gmt":"2023-05-31T11:21:14","guid":{"rendered":"https:\/\/vode.hr\/?post_type=product&#038;p=738"},"modified":"2025-10-24T10:58:41","modified_gmt":"2025-10-24T08:58:41","slug":"senzor-visine-snijega-ush-9-sommer","status":"publish","type":"product","link":"https:\/\/vode.hr\/bs\/proizvod\/senzor-visine-snijega-ush-9-sommer\/","title":{"rendered":"Senzor visine snijega, USH-9, Sommer"},"content":{"rendered":"<div class=\"row\"  id=\"row-1723249869\">\n\n\t<div id=\"col-1367826558\" class=\"col small-12 large-12\"  >\n\t\t\t\t<div class=\"col-inner\"  >\n\t\t\t\n\t\t\t\n\t<div id=\"text-996651315\" class=\"text\">\n\t\t\n<h2>Kontinuirano beskontaktno mjerenje<\/h2>\n\t\t\n<style>\n#text-996651315 {\n  font-size: 1.3rem;\n  text-align: center;\n}\n<\/style>\n\t<\/div>\n\t\n\t<div id=\"text-3900386209\" class=\"text\">\n\t\t\n<p class=\"lead\">Pouzdan senzor za ekstremne uvjete okoline i rad u visokim planinama<\/p>\n\t\t\n<style>\n#text-3900386209 {\n  font-size: 0.9rem;\n  text-align: center;\n}\n<\/style>\n\t<\/div>\n\t\n<div class=\"row align-middle\"  id=\"row-1619314999\">\n\n\t<div id=\"col-507910375\" class=\"col medium-6 small-12 large-6\"  >\n\t\t\t\t<div class=\"col-inner\"  >\n\t\t\t\n\t\t\t\n<p>USH-9 je posebno prikladan za ekstremne vremenske uvjete, pa tako i za alpske i visoke alpske terene. Njegova visoka radna sigurnost omogu\u0107uje trajno i pouzdano bilje\u017eenje mjernih vrijednosti, zbog \u010dega ga \u010desto koriste meteorolozi, slu\u017ebe za upozoravanje na lavine, skija\u0161ke regije, istra\u017eiva\u010dke postaje i energetski sektor.<\/p>\n<ul>\n<li>Kontinuirano i beskontaktno mjerenje<\/li>\n<li>Pouzdan senzor za ekstremne uvjete okoline i rad u visokim planinama<\/li>\n<li>Robusna, zabrtvljena kerami\u010dka membrana koja ne zahtijeva odr\u017eavanje sa za\u0161titnim \u0161titom od leda i snijega<\/li>\n<li>Visoka razina to\u010dnosti zahvaljuju\u0107i integriranoj temperaturnoj kompenzaciji i filtriranju snijega i ki\u0161e pomo\u0107u inteligentne analize spektra<\/li>\n<li>Rad koji \u0161tedi energiju kroz na\u010din mirovanja, idealan za mjerne stanice na solarni pogon<\/li>\n<\/ul>\n\t\t<\/div>\n\t\t\t\t\n<style>\n#col-507910375 > .col-inner {\n  padding: 2em 1em 0px 1em;\n}\n<\/style>\n\t<\/div>\n\n\t\n\n\t<div id=\"col-296629034\" class=\"col medium-6 small-12 large-6\"  >\n\t\t\t\t<div class=\"col-inner\"  >\n\t\t\t\n\t\t\t\n\t<div class=\"img has-hover x md-x lg-x y md-y lg-y\" id=\"image_2037127869\">\n\t\t\t\t\t\t\t\t<div class=\"img-inner dark\" >\n\t\t\t<img loading=\"lazy\" decoding=\"async\" width=\"650\" height=\"650\" src=\"https:\/\/vode.hr\/wp-content\/uploads\/2023\/05\/Senzor-visine-snijega-USH-9-1028-3.jpg\" class=\"attachment-large size-large\" alt=\"\" srcset=\"https:\/\/vode.hr\/wp-content\/uploads\/2023\/05\/Senzor-visine-snijega-USH-9-1028-3.jpg 650w, https:\/\/vode.hr\/wp-content\/uploads\/2023\/05\/Senzor-visine-snijega-USH-9-1028-3-300x300.jpg 300w, https:\/\/vode.hr\/wp-content\/uploads\/2023\/05\/Senzor-visine-snijega-USH-9-1028-3-150x150.jpg 150w, https:\/\/vode.hr\/wp-content\/uploads\/2023\/05\/Senzor-visine-snijega-USH-9-1028-3-370x370.jpg 370w, https:\/\/vode.hr\/wp-content\/uploads\/2023\/05\/Senzor-visine-snijega-USH-9-1028-3-100x100.jpg 100w\" sizes=\"(max-width: 650px) 100vw, 650px\" \/>\t\t\t\t\t\t\n\t\t\t\t\t<\/div>\n\t\t\t\t\t\t\t\t\n<style>\n#image_2037127869 {\n  width: 100%;\n}\n<\/style>\n\t<\/div>\n\t\n\t\t<\/div>\n\t\t\t\t\n<style>\n#col-296629034 > .col-inner {\n  padding: 0px 0px 0px 0px;\n}\n<\/style>\n\t<\/div>\n\n\t\n<\/div>\n\t\t<\/div>\n\t\t\t\t\t<\/div>\n\n\t\n\n<style>\n#row-1723249869 > .col > .col-inner {\n  padding: 3em 0px 0px 0px;\n}\n<\/style>\n<\/div>\n<div class=\"row align-middle\"  id=\"row-884842976\">\n\n\t<div id=\"col-376125517\" class=\"col medium-6 small-12 large-6\"  >\n\t\t\t\t<div class=\"col-inner\"  >\n\t\t\t\n\t\t\t\n\t<div class=\"img has-hover x md-x lg-x y md-y lg-y\" id=\"image_1801561324\">\n\t\t\t\t\t\t\t\t<div class=\"img-inner dark\" >\n\t\t\t<img loading=\"lazy\" decoding=\"async\" width=\"650\" height=\"650\" src=\"https:\/\/vode.hr\/wp-content\/uploads\/2023\/05\/Senzor-visine-snijega-USH-9-1028-4.jpg\" class=\"attachment-original size-original\" alt=\"\" srcset=\"https:\/\/vode.hr\/wp-content\/uploads\/2023\/05\/Senzor-visine-snijega-USH-9-1028-4.jpg 650w, https:\/\/vode.hr\/wp-content\/uploads\/2023\/05\/Senzor-visine-snijega-USH-9-1028-4-300x300.jpg 300w, https:\/\/vode.hr\/wp-content\/uploads\/2023\/05\/Senzor-visine-snijega-USH-9-1028-4-150x150.jpg 150w, https:\/\/vode.hr\/wp-content\/uploads\/2023\/05\/Senzor-visine-snijega-USH-9-1028-4-370x370.jpg 370w, https:\/\/vode.hr\/wp-content\/uploads\/2023\/05\/Senzor-visine-snijega-USH-9-1028-4-100x100.jpg 100w\" sizes=\"(max-width: 650px) 100vw, 650px\" \/>\t\t\t\t\t\t\n\t\t\t\t\t<\/div>\n\t\t\t\t\t\t\t\t\n<style>\n#image_1801561324 {\n  width: 100%;\n}\n<\/style>\n\t<\/div>\n\t\n\t\t<\/div>\n\t\t\t\t\t<\/div>\n\n\t\n\n\t<div id=\"col-1215687601\" class=\"col medium-6 small-12 large-6 small-col-first\"  >\n\t\t\t\t<div class=\"col-inner\"  >\n\t\t\t\n\t\t\t\n\t<div id=\"text-3478555296\" class=\"text\">\n\t\t\n<h2>Implementacija<\/h2>\n\t\t\n<style>\n#text-3478555296 {\n  text-align: center;\n}\n@media (min-width:550px) {\n  #text-3478555296 {\n    text-align: left;\n  }\n}\n<\/style>\n\t<\/div>\n\t\n<div class=\"is-divider divider clearfix\" style=\"max-width:100%;\"><\/div>\n<p>Visina snijega va\u017ean je parametar za ocjenu snje\u017enog pokriva\u010da. Mora se redovito mjeriti budu\u0107i da je razvoj snje\u017enog pokriva\u010da podlo\u017ean jakim regionalnim i vremenskim fluktuacijama i pod zna\u010dajnim utjecajem stvarnih vremenskih Ultrazvu\u010dno mjerenje visine snijega uvjeta (snijeg ili ki\u0161a, temperatura zraka, vjetar itd.). USH-9 je beskontaktni ure\u0111aj i stoga ne ugro\u017eava snje\u017eni pokriva\u010d. Mo\u017ee kontinuirano mjeriti dubine do deset metara i po potrebi s prakti\u010dnim daljinskim prijenosom podataka.<\/p>\n\t<div id=\"gap-838197632\" class=\"gap-element clearfix\" style=\"display:block; height:auto;\">\n\t\t\n<style>\n#gap-838197632 {\n  padding-top: 30px;\n}\n<\/style>\n\t<\/div>\n\t\n\t<div id=\"gap-1967251107\" class=\"gap-element clearfix\" style=\"display:block; height:auto;\">\n\t\t\n<style>\n#gap-1967251107 {\n  padding-top: 30px;\n}\n<\/style>\n\t<\/div>\n\t\n\t\t<\/div>\n\t\t\t\t\t<\/div>\n\n\t\n\n<style>\n#row-884842976 > .col > .col-inner {\n  padding: 2em 0px 0px 0px;\n}\n<\/style>\n<\/div>\n","protected":false},"excerpt":{"rendered":"<p>USH-9 je ultrazvu\u010dni senzor za precizno, kontinuirano i beskontaktno bilje\u017eenje visine snijega. Robusni dizajn, posebna ultrazvu\u010dna glava kao i iznimno niska potro\u0161nja energije \u010dine USH-9 vrlo prikladnim sustavom za ekstremne vremenske uvjete, pa tako i za alpske i visoko alpske terene.<\/p>\n","protected":false},"featured_media":744,"template":"","meta":[],"product_cat":[225],"product_tag":[297],"class_list":["post-738","product","type-product","status-publish","has-post-thumbnail","hentry","product_cat-snijeg-i-led","product_tag-sommer"],"yoast_head":"<!-- This site is optimized with the Yoast SEO plugin v25.0 - https:\/\/yoast.com\/wordpress\/plugins\/seo\/ -->\n<title>Senzor visine snijega, USH-9, Sommer - Vode.hr<\/title>\n<meta name=\"description\" content=\"USH-9 je ultrazvu\u010dni senzor za precizno, kontinuirano i beskontaktno bilje\u017eenje visine snijega. Robusni dizajn, posebna ultrazvu\u010dna glava kao i iznimno niska potro\u0161nja energije \u010dine USH-9 vrlo prikladnim sustavom za ekstremne vremenske uvjete, pa tako i za alpske i visoko alpske terene.\" \/>\n<meta name=\"robots\" content=\"index, follow, max-snippet:-1, max-image-preview:large, max-video-preview:-1\" \/>\n<link rel=\"canonical\" href=\"https:\/\/vode.hr\/bs\/proizvod\/senzor-visine-snijega-ush-9-sommer\/\" \/>\n<meta property=\"og:locale\" content=\"bs_BA\" \/>\n<meta property=\"og:type\" content=\"article\" \/>\n<meta property=\"og:title\" content=\"Senzor visine snijega, USH-9, Sommer - Vode.hr\" \/>\n<meta property=\"og:description\" content=\"USH-9 je ultrazvu\u010dni senzor za precizno, kontinuirano i beskontaktno bilje\u017eenje visine snijega. Robusni dizajn, posebna ultrazvu\u010dna glava kao i iznimno niska potro\u0161nja energije \u010dine USH-9 vrlo prikladnim sustavom za ekstremne vremenske uvjete, pa tako i za alpske i visoko alpske terene.\" \/>\n<meta property=\"og:url\" content=\"https:\/\/vode.hr\/bs\/proizvod\/senzor-visine-snijega-ush-9-sommer\/\" \/>\n<meta property=\"og:site_name\" content=\"Vode.hr\" \/>\n<meta property=\"article:publisher\" content=\"https:\/\/www.facebook.com\/vode.hr\" \/>\n<meta property=\"article:modified_time\" content=\"2025-10-24T08:58:41+00:00\" \/>\n<meta property=\"og:image\" content=\"http:\/\/vode.hr\/wp-content\/uploads\/2023\/05\/Senzor-visine-snijega-USH-9-1028-0.jpg\" \/>\n\t<meta property=\"og:image:width\" content=\"650\" \/>\n\t<meta property=\"og:image:height\" content=\"650\" \/>\n\t<meta property=\"og:image:type\" content=\"image\/jpeg\" \/>\n<meta name=\"twitter:card\" content=\"summary_large_image\" \/>\n<meta name=\"twitter:label1\" content=\"Est. reading time\" \/>\n\t<meta name=\"twitter:data1\" content=\"2 minute\" \/>\n<script type=\"application\/ld+json\" class=\"yoast-schema-graph\">{\"@context\":\"https:\/\/schema.org\",\"@graph\":[{\"@type\":[\"WebPage\",\"ItemPage\"],\"@id\":\"https:\/\/vode.hr\/bs\/proizvod\/senzor-visine-snijega-ush-9-sommer\/\",\"url\":\"https:\/\/vode.hr\/bs\/proizvod\/senzor-visine-snijega-ush-9-sommer\/\",\"name\":\"Senzor visine snijega, USH-9, Sommer - Vode.hr\",\"isPartOf\":{\"@id\":\"https:\/\/vode.hr\/bs\/#website\"},\"primaryImageOfPage\":{\"@id\":\"https:\/\/vode.hr\/bs\/proizvod\/senzor-visine-snijega-ush-9-sommer\/#primaryimage\"},\"image\":{\"@id\":\"https:\/\/vode.hr\/bs\/proizvod\/senzor-visine-snijega-ush-9-sommer\/#primaryimage\"},\"thumbnailUrl\":\"https:\/\/vode.hr\/wp-content\/uploads\/2023\/05\/Senzor-visine-snijega-USH-9-1028-0.jpg\",\"datePublished\":\"2023-05-31T11:21:14+00:00\",\"dateModified\":\"2025-10-24T08:58:41+00:00\",\"description\":\"USH-9 je ultrazvu\u010dni senzor za precizno, kontinuirano i beskontaktno bilje\u017eenje visine snijega. Robusni dizajn, posebna ultrazvu\u010dna glava kao i iznimno niska potro\u0161nja energije \u010dine USH-9 vrlo prikladnim sustavom za ekstremne vremenske uvjete, pa tako i za alpske i visoko alpske terene.\",\"breadcrumb\":{\"@id\":\"https:\/\/vode.hr\/bs\/proizvod\/senzor-visine-snijega-ush-9-sommer\/#breadcrumb\"},\"inLanguage\":\"bs-BA\",\"potentialAction\":[{\"@type\":\"ReadAction\",\"target\":[\"https:\/\/vode.hr\/bs\/proizvod\/senzor-visine-snijega-ush-9-sommer\/\"]}]},{\"@type\":\"ImageObject\",\"inLanguage\":\"bs-BA\",\"@id\":\"https:\/\/vode.hr\/bs\/proizvod\/senzor-visine-snijega-ush-9-sommer\/#primaryimage\",\"url\":\"https:\/\/vode.hr\/wp-content\/uploads\/2023\/05\/Senzor-visine-snijega-USH-9-1028-0.jpg\",\"contentUrl\":\"https:\/\/vode.hr\/wp-content\/uploads\/2023\/05\/Senzor-visine-snijega-USH-9-1028-0.jpg\",\"width\":650,\"height\":650},{\"@type\":\"BreadcrumbList\",\"@id\":\"https:\/\/vode.hr\/bs\/proizvod\/senzor-visine-snijega-ush-9-sommer\/#breadcrumb\",\"itemListElement\":[{\"@type\":\"ListItem\",\"position\":1,\"name\":\"Po\u010detna stranica\",\"item\":\"https:\/\/vode.hr\/bs\/\"},{\"@type\":\"ListItem\",\"position\":2,\"name\":\"Trgovina\",\"item\":\"https:\/\/vode.hr\/trgovina\/\"},{\"@type\":\"ListItem\",\"position\":3,\"name\":\"Senzor visine snijega, USH-9, Sommer\"}]},{\"@type\":\"WebSite\",\"@id\":\"https:\/\/vode.hr\/bs\/#website\",\"url\":\"https:\/\/vode.hr\/bs\/\",\"name\":\"Vode.hr\",\"description\":\"Mjerenje kvalitete voda, dezinfekcija vode i ure\u0111aji za mjerenje uvjeta u okoli\u0161u\",\"publisher\":{\"@id\":\"https:\/\/vode.hr\/bs\/#organization\"},\"potentialAction\":[{\"@type\":\"SearchAction\",\"target\":{\"@type\":\"EntryPoint\",\"urlTemplate\":\"https:\/\/vode.hr\/bs\/?s={search_term_string}\"},\"query-input\":{\"@type\":\"PropertyValueSpecification\",\"valueRequired\":true,\"valueName\":\"search_term_string\"}}],\"inLanguage\":\"bs-BA\"},{\"@type\":\"Organization\",\"@id\":\"https:\/\/vode.hr\/bs\/#organization\",\"name\":\"Primotronic d.o.o.\",\"url\":\"https:\/\/vode.hr\/bs\/\",\"logo\":{\"@type\":\"ImageObject\",\"inLanguage\":\"bs-BA\",\"@id\":\"https:\/\/vode.hr\/bs\/#\/schema\/logo\/image\/\",\"url\":\"http:\/\/vode.hr\/wp-content\/uploads\/2023\/04\/vode-1.png\",\"contentUrl\":\"http:\/\/vode.hr\/wp-content\/uploads\/2023\/04\/vode-1.png\",\"width\":300,\"height\":99,\"caption\":\"Primotronic d.o.o.\"},\"image\":{\"@id\":\"https:\/\/vode.hr\/bs\/#\/schema\/logo\/image\/\"},\"sameAs\":[\"https:\/\/www.facebook.com\/vode.hr\"]}]}<\/script>\n<!-- \/ Yoast SEO plugin. -->","yoast_head_json":{"title":"Senzor visine snijega, USH-9, Sommer - Vode.hr","description":"USH-9 je ultrazvu\u010dni senzor za precizno, kontinuirano i beskontaktno bilje\u017eenje visine snijega. Robusni dizajn, posebna ultrazvu\u010dna glava kao i iznimno niska potro\u0161nja energije \u010dine USH-9 vrlo prikladnim sustavom za ekstremne vremenske uvjete, pa tako i za alpske i visoko alpske terene.","robots":{"index":"index","follow":"follow","max-snippet":"max-snippet:-1","max-image-preview":"max-image-preview:large","max-video-preview":"max-video-preview:-1"},"canonical":"https:\/\/vode.hr\/bs\/proizvod\/senzor-visine-snijega-ush-9-sommer\/","og_locale":"bs_BA","og_type":"article","og_title":"Senzor visine snijega, USH-9, Sommer - Vode.hr","og_description":"USH-9 je ultrazvu\u010dni senzor za precizno, kontinuirano i beskontaktno bilje\u017eenje visine snijega. Robusni dizajn, posebna ultrazvu\u010dna glava kao i iznimno niska potro\u0161nja energije \u010dine USH-9 vrlo prikladnim sustavom za ekstremne vremenske uvjete, pa tako i za alpske i visoko alpske terene.","og_url":"https:\/\/vode.hr\/bs\/proizvod\/senzor-visine-snijega-ush-9-sommer\/","og_site_name":"Vode.hr","article_publisher":"https:\/\/www.facebook.com\/vode.hr","article_modified_time":"2025-10-24T08:58:41+00:00","og_image":[{"width":650,"height":650,"url":"http:\/\/vode.hr\/wp-content\/uploads\/2023\/05\/Senzor-visine-snijega-USH-9-1028-0.jpg","type":"image\/jpeg"}],"twitter_card":"summary_large_image","twitter_misc":{"Est. reading time":"2 minute"},"schema":{"@context":"https:\/\/schema.org","@graph":[{"@type":["WebPage","ItemPage"],"@id":"https:\/\/vode.hr\/bs\/proizvod\/senzor-visine-snijega-ush-9-sommer\/","url":"https:\/\/vode.hr\/bs\/proizvod\/senzor-visine-snijega-ush-9-sommer\/","name":"Senzor visine snijega, USH-9, Sommer - Vode.hr","isPartOf":{"@id":"https:\/\/vode.hr\/bs\/#website"},"primaryImageOfPage":{"@id":"https:\/\/vode.hr\/bs\/proizvod\/senzor-visine-snijega-ush-9-sommer\/#primaryimage"},"image":{"@id":"https:\/\/vode.hr\/bs\/proizvod\/senzor-visine-snijega-ush-9-sommer\/#primaryimage"},"thumbnailUrl":"https:\/\/vode.hr\/wp-content\/uploads\/2023\/05\/Senzor-visine-snijega-USH-9-1028-0.jpg","datePublished":"2023-05-31T11:21:14+00:00","dateModified":"2025-10-24T08:58:41+00:00","description":"USH-9 je ultrazvu\u010dni senzor za precizno, kontinuirano i beskontaktno bilje\u017eenje visine snijega. Robusni dizajn, posebna ultrazvu\u010dna glava kao i iznimno niska potro\u0161nja energije \u010dine USH-9 vrlo prikladnim sustavom za ekstremne vremenske uvjete, pa tako i za alpske i visoko alpske terene.","breadcrumb":{"@id":"https:\/\/vode.hr\/bs\/proizvod\/senzor-visine-snijega-ush-9-sommer\/#breadcrumb"},"inLanguage":"bs-BA","potentialAction":[{"@type":"ReadAction","target":["https:\/\/vode.hr\/bs\/proizvod\/senzor-visine-snijega-ush-9-sommer\/"]}]},{"@type":"ImageObject","inLanguage":"bs-BA","@id":"https:\/\/vode.hr\/bs\/proizvod\/senzor-visine-snijega-ush-9-sommer\/#primaryimage","url":"https:\/\/vode.hr\/wp-content\/uploads\/2023\/05\/Senzor-visine-snijega-USH-9-1028-0.jpg","contentUrl":"https:\/\/vode.hr\/wp-content\/uploads\/2023\/05\/Senzor-visine-snijega-USH-9-1028-0.jpg","width":650,"height":650},{"@type":"BreadcrumbList","@id":"https:\/\/vode.hr\/bs\/proizvod\/senzor-visine-snijega-ush-9-sommer\/#breadcrumb","itemListElement":[{"@type":"ListItem","position":1,"name":"Po\u010detna stranica","item":"https:\/\/vode.hr\/bs\/"},{"@type":"ListItem","position":2,"name":"Trgovina","item":"https:\/\/vode.hr\/trgovina\/"},{"@type":"ListItem","position":3,"name":"Senzor visine snijega, USH-9, Sommer"}]},{"@type":"WebSite","@id":"https:\/\/vode.hr\/bs\/#website","url":"https:\/\/vode.hr\/bs\/","name":"Vode.hr","description":"Mjerenje kvalitete voda, dezinfekcija vode i ure\u0111aji za mjerenje uvjeta u okoli\u0161u","publisher":{"@id":"https:\/\/vode.hr\/bs\/#organization"},"potentialAction":[{"@type":"SearchAction","target":{"@type":"EntryPoint","urlTemplate":"https:\/\/vode.hr\/bs\/?s={search_term_string}"},"query-input":{"@type":"PropertyValueSpecification","valueRequired":true,"valueName":"search_term_string"}}],"inLanguage":"bs-BA"},{"@type":"Organization","@id":"https:\/\/vode.hr\/bs\/#organization","name":"Primotronic d.o.o.","url":"https:\/\/vode.hr\/bs\/","logo":{"@type":"ImageObject","inLanguage":"bs-BA","@id":"https:\/\/vode.hr\/bs\/#\/schema\/logo\/image\/","url":"http:\/\/vode.hr\/wp-content\/uploads\/2023\/04\/vode-1.png","contentUrl":"http:\/\/vode.hr\/wp-content\/uploads\/2023\/04\/vode-1.png","width":300,"height":99,"caption":"Primotronic d.o.o."},"image":{"@id":"https:\/\/vode.hr\/bs\/#\/schema\/logo\/image\/"},"sameAs":["https:\/\/www.facebook.com\/vode.hr"]}]}},"_links":{"self":[{"href":"https:\/\/vode.hr\/bs\/wp-json\/wp\/v2\/product\/738"}],"collection":[{"href":"https:\/\/vode.hr\/bs\/wp-json\/wp\/v2\/product"}],"about":[{"href":"https:\/\/vode.hr\/bs\/wp-json\/wp\/v2\/types\/product"}],"wp:featuredmedia":[{"embeddable":true,"href":"https:\/\/vode.hr\/bs\/wp-json\/wp\/v2\/media\/744"}],"wp:attachment":[{"href":"https:\/\/vode.hr\/bs\/wp-json\/wp\/v2\/media?parent=738"}],"wp:term":[{"taxonomy":"product_cat","embeddable":true,"href":"https:\/\/vode.hr\/bs\/wp-json\/wp\/v2\/product_cat?post=738"},{"taxonomy":"product_tag","embeddable":true,"href":"https:\/\/vode.hr\/bs\/wp-json\/wp\/v2\/product_tag?post=738"}],"curies":[{"name":"wp","href":"https:\/\/api.w.org\/{rel}","templated":true}]}}