{"id":752,"date":"2023-05-31T13:38:53","date_gmt":"2023-05-31T11:38:53","guid":{"rendered":"https:\/\/vode.hr\/?post_type=product&#038;p=752"},"modified":"2025-10-24T10:58:40","modified_gmt":"2025-10-24T08:58:40","slug":"vaga-za-snijeg-ssg-2-sommer","status":"publish","type":"product","link":"https:\/\/vode.hr\/bs\/proizvod\/vaga-za-snijeg-ssg-2-sommer\/","title":{"rendered":"Vaga za snijeg, SSG-2, Sommer"},"content":{"rendered":"<div class=\"row\"  id=\"row-1823058379\">\n\n\t<div id=\"col-126582736\" class=\"col small-12 large-12\"  >\n\t\t\t\t<div class=\"col-inner\"  >\n\t\t\t\n\t\t\t\n\t<div id=\"text-1215247967\" class=\"text\">\n\t\t\n<h2>Kontinuirano mjerenje ekvivalenta snijega i vode (SWE)<\/h2>\n\t\t\n<style>\n#text-1215247967 {\n  font-size: 1.3rem;\n  text-align: center;\n}\n<\/style>\n\t<\/div>\n\t\n\t<div id=\"text-2321135226\" class=\"text\">\n\t\t\n<p class=\"lead\">Minimiziranje u\u010dinaka premo\u0161\u0107ivanja leda kroz iznimno veliku mjernu povr\u0161inu<\/p>\n\t\t\n<style>\n#text-2321135226 {\n  font-size: 0.9rem;\n  text-align: center;\n}\n<\/style>\n\t<\/div>\n\t\n<div class=\"row align-middle\"  id=\"row-272016628\">\n\n\t<div id=\"col-532037703\" class=\"col medium-6 small-12 large-6\"  >\n\t\t\t\t<div class=\"col-inner\"  >\n\t\t\t\n\t\t\t\n<p>Vodeni ekvivalent snijega slu\u017ei kao va\u017ean parametar u pra\u0107enju snijega i oborina te u procjeni koli\u010dine snijega, kao i za za\u0161titu od poplava ili upravljanje vodama. Razna tijela zadu\u017eena za za\u0161titu okoli\u0161a, meteorolo\u0161ke slu\u017ebe, hidrolozi i upravljanje vodama koriste snje\u017ene ljestvice u skladu s tim. U usporedbi s uobi\u010dajeno kori\u0161tenim snje\u017enim jastukom, snje\u017ene vage ne koriste antifriz i stoga se mogu postaviti u prirodnim rezervatima bez ikakvog rizika<\/p>\n<ul>\n<li>Ekolo\u0161ki prihvatljivo: nije potrebna teku\u0107ina protiv smrzavanja<\/li>\n<li>Minimiziranje u\u010dinaka premo\u0161\u0107ivanja leda kroz iznimno veliku mjernu povr\u0161inu<\/li>\n<li>Perforirane plo\u010de: optimalan toplinski protok izme\u0111u tla i senzora i otjecanje otopljene vode<\/li>\n<li>Stabilna, izdr\u017eljiva aluminijska konstrukcija<\/li>\n<li>Nije potrebna priprema mjernog mjesta<\/li>\n<li>Jednostavna integracija sustava<\/li>\n<li>Raspon mjerenja: 1.000 \/ 2.000 \/ 3.000 mm SWE<\/li>\n<li>Mnogo su\u010delja: SDI-12, RS-485 (ASCII i MODBUS, 4-20mA<\/li>\n<\/ul>\n\t\t<\/div>\n\t\t\t\t\n<style>\n#col-532037703 > .col-inner {\n  padding: 2em 1em 0px 1em;\n}\n<\/style>\n\t<\/div>\n\n\t\n\n\t<div id=\"col-1688103307\" class=\"col medium-6 small-12 large-6\"  >\n\t\t\t\t<div class=\"col-inner\"  >\n\t\t\t\n\t\t\t\n\t<div class=\"img has-hover x md-x lg-x y md-y lg-y\" id=\"image_1379637033\">\n\t\t\t\t\t\t\t\t<div class=\"img-inner dark\" >\n\t\t\t<img loading=\"lazy\" decoding=\"async\" width=\"650\" height=\"650\" src=\"https:\/\/vode.hr\/wp-content\/uploads\/2023\/05\/Vaga-za-snijeg-SSG-2-1030-2.jpg\" class=\"attachment-original size-original\" alt=\"\" srcset=\"https:\/\/vode.hr\/wp-content\/uploads\/2023\/05\/Vaga-za-snijeg-SSG-2-1030-2.jpg 650w, https:\/\/vode.hr\/wp-content\/uploads\/2023\/05\/Vaga-za-snijeg-SSG-2-1030-2-300x300.jpg 300w, https:\/\/vode.hr\/wp-content\/uploads\/2023\/05\/Vaga-za-snijeg-SSG-2-1030-2-150x150.jpg 150w, https:\/\/vode.hr\/wp-content\/uploads\/2023\/05\/Vaga-za-snijeg-SSG-2-1030-2-370x370.jpg 370w, https:\/\/vode.hr\/wp-content\/uploads\/2023\/05\/Vaga-za-snijeg-SSG-2-1030-2-100x100.jpg 100w\" sizes=\"(max-width: 650px) 100vw, 650px\" \/>\t\t\t\t\t\t\n\t\t\t\t\t<\/div>\n\t\t\t\t\t\t\t\t\n<style>\n#image_1379637033 {\n  width: 100%;\n}\n<\/style>\n\t<\/div>\n\t\n\t\t<\/div>\n\t\t\t\t\n<style>\n#col-1688103307 > .col-inner {\n  padding: 0px 0px 0px 0px;\n}\n<\/style>\n\t<\/div>\n\n\t\n<\/div>\n\t\t<\/div>\n\t\t\t\t\t<\/div>\n\n\t\n\n<style>\n#row-1823058379 > .col > .col-inner {\n  padding: 3em 0px 0px 0px;\n}\n<\/style>\n<\/div>\n<div class=\"row align-middle\"  id=\"row-1271858365\">\n\n\t<div id=\"col-1878480223\" class=\"col medium-6 small-12 large-6\"  >\n\t\t\t\t<div class=\"col-inner\"  >\n\t\t\t\n\t\t\t\n\t<div class=\"img has-hover x md-x lg-x y md-y lg-y\" id=\"image_1999180774\">\n\t\t\t\t\t\t\t\t<div class=\"img-inner dark\" >\n\t\t\t<img loading=\"lazy\" decoding=\"async\" width=\"650\" height=\"650\" src=\"https:\/\/vode.hr\/wp-content\/uploads\/2023\/05\/Vaga-za-snijeg-SSG-2-1030-0.jpg\" class=\"attachment-original size-original\" alt=\"\" srcset=\"https:\/\/vode.hr\/wp-content\/uploads\/2023\/05\/Vaga-za-snijeg-SSG-2-1030-0.jpg 650w, https:\/\/vode.hr\/wp-content\/uploads\/2023\/05\/Vaga-za-snijeg-SSG-2-1030-0-300x300.jpg 300w, https:\/\/vode.hr\/wp-content\/uploads\/2023\/05\/Vaga-za-snijeg-SSG-2-1030-0-150x150.jpg 150w, https:\/\/vode.hr\/wp-content\/uploads\/2023\/05\/Vaga-za-snijeg-SSG-2-1030-0-370x370.jpg 370w, https:\/\/vode.hr\/wp-content\/uploads\/2023\/05\/Vaga-za-snijeg-SSG-2-1030-0-100x100.jpg 100w\" sizes=\"(max-width: 650px) 100vw, 650px\" \/>\t\t\t\t\t\t\n\t\t\t\t\t<\/div>\n\t\t\t\t\t\t\t\t\n<style>\n#image_1999180774 {\n  width: 100%;\n}\n<\/style>\n\t<\/div>\n\t\n\t\t<\/div>\n\t\t\t\t\t<\/div>\n\n\t\n\n\t<div id=\"col-348031143\" class=\"col medium-6 small-12 large-6 small-col-first\"  >\n\t\t\t\t<div class=\"col-inner\"  >\n\t\t\t\n\t\t\t\n\t<div id=\"text-2732313986\" class=\"text\">\n\t\t\n<h2>Implementacija<\/h2>\n\t\t\n<style>\n#text-2732313986 {\n  text-align: center;\n}\n@media (min-width:550px) {\n  #text-2732313986 {\n    text-align: left;\n  }\n}\n<\/style>\n\t<\/div>\n\t\n<div class=\"is-divider divider clearfix\" style=\"max-width:100%;\"><\/div>\n<p>Princip rada SSG-2 temelji se na principu mjerenja mjernih \u0107elija. Senzor se sastoji od sedam perforiranih panela veli\u010dine 80 x 120 cm svaki. Time je ukupna mjerna povr\u0161ina 2,8 x 2,4 m.<\/p>\n<p>Perforacija panela sprje\u010dava nakupljanje vode, smanjuje razliku u temperaturi izme\u0111u ljuski i tla i poti\u010de ravnomjerno topljenje. Mjerenje se provodi na sredi\u0161njoj plo\u010di, okolne plo\u010de slu\u017ee kao stabiliziraju\u0107a zona kako bi se kompenzirao stres u snje\u017enom omota\u010du kao i za suzbijanje problema ledenih mostova kroz veliku mjernu povr\u0161inu.<\/p>\n<p>Sustav SSG-2 daje to\u010dnije podatke mjerenja u usporedbi sa snje\u017enim jastukom tijekom razdoblja topljenja snijega. Nadalje, modularni dizajn snje\u017ene vage omogu\u0107uje brzu i jednostavnu monta\u017eu na ravnom terenu do nagiba od pet stupnjeva.<\/p>\n\t<div id=\"gap-854936300\" class=\"gap-element clearfix\" style=\"display:block; height:auto;\">\n\t\t\n<style>\n#gap-854936300 {\n  padding-top: 30px;\n}\n<\/style>\n\t<\/div>\n\t\n\t<div id=\"gap-724549667\" class=\"gap-element clearfix\" style=\"display:block; height:auto;\">\n\t\t\n<style>\n#gap-724549667 {\n  padding-top: 30px;\n}\n<\/style>\n\t<\/div>\n\t\n\t\t<\/div>\n\t\t\t\t\t<\/div>\n\n\t\n\n<style>\n#row-1271858365 > .col > .col-inner {\n  padding: 2em 0px 0px 0px;\n}\n<\/style>\n<\/div>\n","protected":false},"excerpt":{"rendered":"<p>Snje\u017ena vaga SSG-2 je mjerni ure\u0111aj koji mjeri ekvivalent snje\u017ene vode (SWE) snje\u017enog pokriva\u010da s visokom razinom preciznosti i pouzdanosti. Monta\u017ea je brza i jednostavna. \u010cinjenica da nije potreban antifriz \u010dini sustav ekolo\u0161ki prihvatljivim.<\/p>\n","protected":false},"featured_media":754,"template":"","meta":[],"product_cat":[225],"product_tag":[297],"class_list":["post-752","product","type-product","status-publish","has-post-thumbnail","hentry","product_cat-snijeg-i-led","product_tag-sommer"],"yoast_head":"<!-- This site is optimized with the Yoast SEO plugin v25.0 - https:\/\/yoast.com\/wordpress\/plugins\/seo\/ -->\n<title>Vaga za snijeg, SSG-2, Sommer - Vode.hr<\/title>\n<meta name=\"description\" content=\"Snje\u017ena vaga SSG-2 je mjerni ure\u0111aj koji mjeri ekvivalent snje\u017ene vode (SWE) snje\u017enog pokriva\u010da s visokom razinom preciznosti i pouzdanosti. Monta\u017ea je brza i jednostavna. \u010cinjenica da nije potreban antifriz \u010dini sustav ekolo\u0161ki prihvatljivim.\" \/>\n<meta name=\"robots\" content=\"index, follow, max-snippet:-1, max-image-preview:large, max-video-preview:-1\" \/>\n<link rel=\"canonical\" href=\"https:\/\/vode.hr\/bs\/proizvod\/vaga-za-snijeg-ssg-2-sommer\/\" \/>\n<meta property=\"og:locale\" content=\"bs_BA\" \/>\n<meta property=\"og:type\" content=\"article\" \/>\n<meta property=\"og:title\" content=\"Vaga za snijeg, SSG-2, Sommer - Vode.hr\" \/>\n<meta property=\"og:description\" content=\"Snje\u017ena vaga SSG-2 je mjerni ure\u0111aj koji mjeri ekvivalent snje\u017ene vode (SWE) snje\u017enog pokriva\u010da s visokom razinom preciznosti i pouzdanosti. Monta\u017ea je brza i jednostavna. \u010cinjenica da nije potreban antifriz \u010dini sustav ekolo\u0161ki prihvatljivim.\" \/>\n<meta property=\"og:url\" content=\"https:\/\/vode.hr\/bs\/proizvod\/vaga-za-snijeg-ssg-2-sommer\/\" \/>\n<meta property=\"og:site_name\" content=\"Vode.hr\" \/>\n<meta property=\"article:publisher\" content=\"https:\/\/www.facebook.com\/vode.hr\" \/>\n<meta property=\"article:modified_time\" content=\"2025-10-24T08:58:40+00:00\" \/>\n<meta property=\"og:image\" content=\"http:\/\/vode.hr\/wp-content\/uploads\/2023\/05\/Vaga-za-snijeg-SSG-2-1030-1.jpg\" \/>\n\t<meta property=\"og:image:width\" content=\"650\" \/>\n\t<meta property=\"og:image:height\" content=\"650\" \/>\n\t<meta property=\"og:image:type\" content=\"image\/jpeg\" \/>\n<meta name=\"twitter:card\" content=\"summary_large_image\" \/>\n<meta name=\"twitter:label1\" content=\"Est. reading time\" \/>\n\t<meta name=\"twitter:data1\" content=\"2 minute\" \/>\n<script type=\"application\/ld+json\" class=\"yoast-schema-graph\">{\"@context\":\"https:\/\/schema.org\",\"@graph\":[{\"@type\":[\"WebPage\",\"ItemPage\"],\"@id\":\"https:\/\/vode.hr\/bs\/proizvod\/vaga-za-snijeg-ssg-2-sommer\/\",\"url\":\"https:\/\/vode.hr\/bs\/proizvod\/vaga-za-snijeg-ssg-2-sommer\/\",\"name\":\"Vaga za snijeg, SSG-2, Sommer - Vode.hr\",\"isPartOf\":{\"@id\":\"https:\/\/vode.hr\/bs\/#website\"},\"primaryImageOfPage\":{\"@id\":\"https:\/\/vode.hr\/bs\/proizvod\/vaga-za-snijeg-ssg-2-sommer\/#primaryimage\"},\"image\":{\"@id\":\"https:\/\/vode.hr\/bs\/proizvod\/vaga-za-snijeg-ssg-2-sommer\/#primaryimage\"},\"thumbnailUrl\":\"https:\/\/vode.hr\/wp-content\/uploads\/2023\/05\/Vaga-za-snijeg-SSG-2-1030-1.jpg\",\"datePublished\":\"2023-05-31T11:38:53+00:00\",\"dateModified\":\"2025-10-24T08:58:40+00:00\",\"description\":\"Snje\u017ena vaga SSG-2 je mjerni ure\u0111aj koji mjeri ekvivalent snje\u017ene vode (SWE) snje\u017enog pokriva\u010da s visokom razinom preciznosti i pouzdanosti. Monta\u017ea je brza i jednostavna. \u010cinjenica da nije potreban antifriz \u010dini sustav ekolo\u0161ki prihvatljivim.\",\"breadcrumb\":{\"@id\":\"https:\/\/vode.hr\/bs\/proizvod\/vaga-za-snijeg-ssg-2-sommer\/#breadcrumb\"},\"inLanguage\":\"bs-BA\",\"potentialAction\":[{\"@type\":\"ReadAction\",\"target\":[\"https:\/\/vode.hr\/bs\/proizvod\/vaga-za-snijeg-ssg-2-sommer\/\"]}]},{\"@type\":\"ImageObject\",\"inLanguage\":\"bs-BA\",\"@id\":\"https:\/\/vode.hr\/bs\/proizvod\/vaga-za-snijeg-ssg-2-sommer\/#primaryimage\",\"url\":\"https:\/\/vode.hr\/wp-content\/uploads\/2023\/05\/Vaga-za-snijeg-SSG-2-1030-1.jpg\",\"contentUrl\":\"https:\/\/vode.hr\/wp-content\/uploads\/2023\/05\/Vaga-za-snijeg-SSG-2-1030-1.jpg\",\"width\":650,\"height\":650},{\"@type\":\"BreadcrumbList\",\"@id\":\"https:\/\/vode.hr\/bs\/proizvod\/vaga-za-snijeg-ssg-2-sommer\/#breadcrumb\",\"itemListElement\":[{\"@type\":\"ListItem\",\"position\":1,\"name\":\"Po\u010detna stranica\",\"item\":\"https:\/\/vode.hr\/bs\/\"},{\"@type\":\"ListItem\",\"position\":2,\"name\":\"Trgovina\",\"item\":\"https:\/\/vode.hr\/trgovina\/\"},{\"@type\":\"ListItem\",\"position\":3,\"name\":\"Vaga za snijeg, SSG-2, Sommer\"}]},{\"@type\":\"WebSite\",\"@id\":\"https:\/\/vode.hr\/bs\/#website\",\"url\":\"https:\/\/vode.hr\/bs\/\",\"name\":\"Vode.hr\",\"description\":\"Mjerenje kvalitete voda, dezinfekcija vode i ure\u0111aji za mjerenje uvjeta u okoli\u0161u\",\"publisher\":{\"@id\":\"https:\/\/vode.hr\/bs\/#organization\"},\"potentialAction\":[{\"@type\":\"SearchAction\",\"target\":{\"@type\":\"EntryPoint\",\"urlTemplate\":\"https:\/\/vode.hr\/bs\/?s={search_term_string}\"},\"query-input\":{\"@type\":\"PropertyValueSpecification\",\"valueRequired\":true,\"valueName\":\"search_term_string\"}}],\"inLanguage\":\"bs-BA\"},{\"@type\":\"Organization\",\"@id\":\"https:\/\/vode.hr\/bs\/#organization\",\"name\":\"Primotronic d.o.o.\",\"url\":\"https:\/\/vode.hr\/bs\/\",\"logo\":{\"@type\":\"ImageObject\",\"inLanguage\":\"bs-BA\",\"@id\":\"https:\/\/vode.hr\/bs\/#\/schema\/logo\/image\/\",\"url\":\"http:\/\/vode.hr\/wp-content\/uploads\/2023\/04\/vode-1.png\",\"contentUrl\":\"http:\/\/vode.hr\/wp-content\/uploads\/2023\/04\/vode-1.png\",\"width\":300,\"height\":99,\"caption\":\"Primotronic d.o.o.\"},\"image\":{\"@id\":\"https:\/\/vode.hr\/bs\/#\/schema\/logo\/image\/\"},\"sameAs\":[\"https:\/\/www.facebook.com\/vode.hr\"]}]}<\/script>\n<!-- \/ Yoast SEO plugin. -->","yoast_head_json":{"title":"Vaga za snijeg, SSG-2, Sommer - Vode.hr","description":"Snje\u017ena vaga SSG-2 je mjerni ure\u0111aj koji mjeri ekvivalent snje\u017ene vode (SWE) snje\u017enog pokriva\u010da s visokom razinom preciznosti i pouzdanosti. Monta\u017ea je brza i jednostavna. \u010cinjenica da nije potreban antifriz \u010dini sustav ekolo\u0161ki prihvatljivim.","robots":{"index":"index","follow":"follow","max-snippet":"max-snippet:-1","max-image-preview":"max-image-preview:large","max-video-preview":"max-video-preview:-1"},"canonical":"https:\/\/vode.hr\/bs\/proizvod\/vaga-za-snijeg-ssg-2-sommer\/","og_locale":"bs_BA","og_type":"article","og_title":"Vaga za snijeg, SSG-2, Sommer - Vode.hr","og_description":"Snje\u017ena vaga SSG-2 je mjerni ure\u0111aj koji mjeri ekvivalent snje\u017ene vode (SWE) snje\u017enog pokriva\u010da s visokom razinom preciznosti i pouzdanosti. Monta\u017ea je brza i jednostavna. \u010cinjenica da nije potreban antifriz \u010dini sustav ekolo\u0161ki prihvatljivim.","og_url":"https:\/\/vode.hr\/bs\/proizvod\/vaga-za-snijeg-ssg-2-sommer\/","og_site_name":"Vode.hr","article_publisher":"https:\/\/www.facebook.com\/vode.hr","article_modified_time":"2025-10-24T08:58:40+00:00","og_image":[{"width":650,"height":650,"url":"http:\/\/vode.hr\/wp-content\/uploads\/2023\/05\/Vaga-za-snijeg-SSG-2-1030-1.jpg","type":"image\/jpeg"}],"twitter_card":"summary_large_image","twitter_misc":{"Est. reading time":"2 minute"},"schema":{"@context":"https:\/\/schema.org","@graph":[{"@type":["WebPage","ItemPage"],"@id":"https:\/\/vode.hr\/bs\/proizvod\/vaga-za-snijeg-ssg-2-sommer\/","url":"https:\/\/vode.hr\/bs\/proizvod\/vaga-za-snijeg-ssg-2-sommer\/","name":"Vaga za snijeg, SSG-2, Sommer - Vode.hr","isPartOf":{"@id":"https:\/\/vode.hr\/bs\/#website"},"primaryImageOfPage":{"@id":"https:\/\/vode.hr\/bs\/proizvod\/vaga-za-snijeg-ssg-2-sommer\/#primaryimage"},"image":{"@id":"https:\/\/vode.hr\/bs\/proizvod\/vaga-za-snijeg-ssg-2-sommer\/#primaryimage"},"thumbnailUrl":"https:\/\/vode.hr\/wp-content\/uploads\/2023\/05\/Vaga-za-snijeg-SSG-2-1030-1.jpg","datePublished":"2023-05-31T11:38:53+00:00","dateModified":"2025-10-24T08:58:40+00:00","description":"Snje\u017ena vaga SSG-2 je mjerni ure\u0111aj koji mjeri ekvivalent snje\u017ene vode (SWE) snje\u017enog pokriva\u010da s visokom razinom preciznosti i pouzdanosti. Monta\u017ea je brza i jednostavna. \u010cinjenica da nije potreban antifriz \u010dini sustav ekolo\u0161ki prihvatljivim.","breadcrumb":{"@id":"https:\/\/vode.hr\/bs\/proizvod\/vaga-za-snijeg-ssg-2-sommer\/#breadcrumb"},"inLanguage":"bs-BA","potentialAction":[{"@type":"ReadAction","target":["https:\/\/vode.hr\/bs\/proizvod\/vaga-za-snijeg-ssg-2-sommer\/"]}]},{"@type":"ImageObject","inLanguage":"bs-BA","@id":"https:\/\/vode.hr\/bs\/proizvod\/vaga-za-snijeg-ssg-2-sommer\/#primaryimage","url":"https:\/\/vode.hr\/wp-content\/uploads\/2023\/05\/Vaga-za-snijeg-SSG-2-1030-1.jpg","contentUrl":"https:\/\/vode.hr\/wp-content\/uploads\/2023\/05\/Vaga-za-snijeg-SSG-2-1030-1.jpg","width":650,"height":650},{"@type":"BreadcrumbList","@id":"https:\/\/vode.hr\/bs\/proizvod\/vaga-za-snijeg-ssg-2-sommer\/#breadcrumb","itemListElement":[{"@type":"ListItem","position":1,"name":"Po\u010detna stranica","item":"https:\/\/vode.hr\/bs\/"},{"@type":"ListItem","position":2,"name":"Trgovina","item":"https:\/\/vode.hr\/trgovina\/"},{"@type":"ListItem","position":3,"name":"Vaga za snijeg, SSG-2, Sommer"}]},{"@type":"WebSite","@id":"https:\/\/vode.hr\/bs\/#website","url":"https:\/\/vode.hr\/bs\/","name":"Vode.hr","description":"Mjerenje kvalitete voda, dezinfekcija vode i ure\u0111aji za mjerenje uvjeta u okoli\u0161u","publisher":{"@id":"https:\/\/vode.hr\/bs\/#organization"},"potentialAction":[{"@type":"SearchAction","target":{"@type":"EntryPoint","urlTemplate":"https:\/\/vode.hr\/bs\/?s={search_term_string}"},"query-input":{"@type":"PropertyValueSpecification","valueRequired":true,"valueName":"search_term_string"}}],"inLanguage":"bs-BA"},{"@type":"Organization","@id":"https:\/\/vode.hr\/bs\/#organization","name":"Primotronic d.o.o.","url":"https:\/\/vode.hr\/bs\/","logo":{"@type":"ImageObject","inLanguage":"bs-BA","@id":"https:\/\/vode.hr\/bs\/#\/schema\/logo\/image\/","url":"http:\/\/vode.hr\/wp-content\/uploads\/2023\/04\/vode-1.png","contentUrl":"http:\/\/vode.hr\/wp-content\/uploads\/2023\/04\/vode-1.png","width":300,"height":99,"caption":"Primotronic d.o.o."},"image":{"@id":"https:\/\/vode.hr\/bs\/#\/schema\/logo\/image\/"},"sameAs":["https:\/\/www.facebook.com\/vode.hr"]}]}},"_links":{"self":[{"href":"https:\/\/vode.hr\/bs\/wp-json\/wp\/v2\/product\/752"}],"collection":[{"href":"https:\/\/vode.hr\/bs\/wp-json\/wp\/v2\/product"}],"about":[{"href":"https:\/\/vode.hr\/bs\/wp-json\/wp\/v2\/types\/product"}],"wp:featuredmedia":[{"embeddable":true,"href":"https:\/\/vode.hr\/bs\/wp-json\/wp\/v2\/media\/754"}],"wp:attachment":[{"href":"https:\/\/vode.hr\/bs\/wp-json\/wp\/v2\/media?parent=752"}],"wp:term":[{"taxonomy":"product_cat","embeddable":true,"href":"https:\/\/vode.hr\/bs\/wp-json\/wp\/v2\/product_cat?post=752"},{"taxonomy":"product_tag","embeddable":true,"href":"https:\/\/vode.hr\/bs\/wp-json\/wp\/v2\/product_tag?post=752"}],"curies":[{"name":"wp","href":"https:\/\/api.w.org\/{rel}","templated":true}]}}