{"id":757,"date":"2023-05-31T13:50:09","date_gmt":"2023-05-31T11:50:09","guid":{"rendered":"https:\/\/vode.hr\/?post_type=product&#038;p=757"},"modified":"2025-10-24T10:58:40","modified_gmt":"2025-10-24T08:58:40","slug":"sustav-za-analizu-topljenja-snijega-sma-2-sommer","status":"publish","type":"product","link":"https:\/\/vode.hr\/bs\/proizvod\/sustav-za-analizu-topljenja-snijega-sma-2-sommer\/","title":{"rendered":"Sustav za analizu topljenja snijega, SMA-2, Sommer"},"content":{"rendered":"<div class=\"row\"  id=\"row-1689497957\">\n\n\t<div id=\"col-946043470\" class=\"col small-12 large-12\"  >\n\t\t\t\t<div class=\"col-inner\"  >\n\t\t\t\n\t\t\t\n\t<div id=\"text-445545336\" class=\"text\">\n\t\t\n<h2>Kontinuirano mjerenje ekvivalenta snijega i vode (SWE)<\/h2>\n\t\t\n<style>\n#text-445545336 {\n  font-size: 1.3rem;\n  text-align: center;\n}\n<\/style>\n\t<\/div>\n\t\n\t<div id=\"text-4005704065\" class=\"text\">\n\t\t\n<p class=\"lead\">Minimiziranje u\u010dinaka premo\u0161\u0107ivanja leda kroz iznimno veliku mjernu povr\u0161inu<\/p>\n\t\t\n<style>\n#text-4005704065 {\n  font-size: 0.9rem;\n  text-align: center;\n}\n<\/style>\n\t<\/div>\n\t\n<div class=\"row align-middle\"  id=\"row-1418198417\">\n\n\t<div id=\"col-1608162002\" class=\"col medium-6 small-12 large-6\"  >\n\t\t\t\t<div class=\"col-inner\"  >\n\t\t\t\n\t\t\t\n\t<div id=\"text-1071409988\" class=\"text\">\n\t\t\n<h2>Podru\u010dje primjene i implementacija<\/h2>\n\t\t\n<style>\n#text-1071409988 {\n  text-align: center;\n}\n@media (min-width:550px) {\n  #text-1071409988 {\n    text-align: left;\n  }\n}\n<\/style>\n\t<\/div>\n\t\n<div class=\"is-divider divider clearfix\" style=\"max-width:100%;\"><\/div>\n<p>Snow Melt Analyzer (SMA-2) je inovativni senzor za automatsko i kontinuirano mjerenje razli\u010ditih parametara snje\u017enog pokriva\u010da, kao \u0161to su na primjer gusto\u0107a snijega, sadr\u017eaj teku\u0107e vode i sadr\u017eaj leda. S tim podacima mo\u017ee se utvrditi pouzdano predvi\u0111anje otapanja snijega kao i o\u010dekivano otjecanje vode. Mjerni podaci SMA-2 od velike su pomo\u0107i slu\u017ebama za upozoravanje na lavine i poplave, operaterima elektrana, kao i za upravljanje rezervoarima vode ili upravljanje vodama op\u0107enito.<\/p>\n<ul>\n<li>Predvi\u0111anje otjecanja vode tijekom otapanja snijega<\/li>\n<li>Bilje\u017eenje parametara snijega ekvivalent snje\u017ene vode (SWE), gusto\u0107e snijega, sadr\u017eaja teku\u0107e vode i sadr\u017eaja leda<\/li>\n<li>Rano prepoznavanje pove\u0107anja sadr\u017eaja teku\u0107e vode u snje\u017enom pokriva\u010du<\/li>\n<li>Jednostavna instalacija i konfiguracija, nije potrebna kalibracija<\/li>\n<li>Mala potro\u0161nja energije, mogu\u0107 rad na solarnu energiju<\/li>\n<\/ul>\n<p>Senzor SMA-2 kombinira mjerne tehnologije senzora SPA-2 i snje\u017ene ljestvice. Sustav je postavljen vodoravno na razini tla i posebno analizira donji sloj snje\u017ene naslage, jer je to najzanimljiviji sloj u pogledu otjecanja vode. Pove\u0107anje sadr\u017eaja teku\u0107e vode signalizira po\u010detak otapanja snijega. Koristan dodatak za stanicu za mjerenje snijega sa SMA-2 bio bi USH-8 senzor visine snijega.<\/p>\n\t\t<\/div>\n\t\t\t\t\n<style>\n#col-1608162002 > .col-inner {\n  padding: 2em 1em 0px 1em;\n}\n<\/style>\n\t<\/div>\n\n\t\n\n\t<div id=\"col-2009642017\" class=\"col medium-6 small-12 large-6\"  >\n\t\t\t\t<div class=\"col-inner\"  >\n\t\t\t\n\t\t\t\n\t<div class=\"img has-hover x md-x lg-x y md-y lg-y\" id=\"image_463551670\">\n\t\t\t\t\t\t\t\t<div class=\"img-inner dark\" >\n\t\t\t<img loading=\"lazy\" decoding=\"async\" width=\"650\" height=\"650\" src=\"https:\/\/vode.hr\/wp-content\/uploads\/2023\/05\/Sustav-za-analizu-topljenja-snijega-SMA-2-1031-3.jpg\" class=\"attachment-original size-original\" alt=\"\" srcset=\"https:\/\/vode.hr\/wp-content\/uploads\/2023\/05\/Sustav-za-analizu-topljenja-snijega-SMA-2-1031-3.jpg 650w, https:\/\/vode.hr\/wp-content\/uploads\/2023\/05\/Sustav-za-analizu-topljenja-snijega-SMA-2-1031-3-300x300.jpg 300w, https:\/\/vode.hr\/wp-content\/uploads\/2023\/05\/Sustav-za-analizu-topljenja-snijega-SMA-2-1031-3-150x150.jpg 150w, https:\/\/vode.hr\/wp-content\/uploads\/2023\/05\/Sustav-za-analizu-topljenja-snijega-SMA-2-1031-3-370x370.jpg 370w, https:\/\/vode.hr\/wp-content\/uploads\/2023\/05\/Sustav-za-analizu-topljenja-snijega-SMA-2-1031-3-100x100.jpg 100w\" sizes=\"(max-width: 650px) 100vw, 650px\" \/>\t\t\t\t\t\t\n\t\t\t\t\t<\/div>\n\t\t\t\t\t\t\t\t\n<style>\n#image_463551670 {\n  width: 100%;\n}\n<\/style>\n\t<\/div>\n\t\n\t\t<\/div>\n\t\t\t\t\n<style>\n#col-2009642017 > .col-inner {\n  padding: 0px 0px 0px 0px;\n}\n<\/style>\n\t<\/div>\n\n\t\n<\/div>\n\t\t<\/div>\n\t\t\t\t\t<\/div>\n\n\t\n\n<style>\n#row-1689497957 > .col > .col-inner {\n  padding: 3em 0px 0px 0px;\n}\n<\/style>\n<\/div>\n","protected":false},"excerpt":{"rendered":"<p>Analizator topljenja snijega (SMA-2) predstavlja idealno mjerno rje\u0161enje za analizu topljenja snijega. Uz njegovu pomo\u0107 mogu se detektirati procesi otapanja snijega i utvrditi otjecanje vode te koristiti za predvi\u0111anje poplava ili za upravljanje vodama.<\/p>\n","protected":false},"featured_media":761,"template":"","meta":[],"product_cat":[225],"product_tag":[297],"class_list":["post-757","product","type-product","status-publish","has-post-thumbnail","hentry","product_cat-snijeg-i-led","product_tag-sommer"],"yoast_head":"<!-- This site is optimized with the Yoast SEO plugin v25.0 - https:\/\/yoast.com\/wordpress\/plugins\/seo\/ -->\n<title>Sustav za analizu topljenja snijega, SMA-2, Sommer - Vode.hr<\/title>\n<meta name=\"description\" content=\"Analizator topljenja snijega (SMA-2) predstavlja idealno mjerno rje\u0161enje za analizu topljenja snijega. Uz njegovu pomo\u0107 mogu se detektirati procesi otapanja snijega i utvrditi otjecanje vode te koristiti za predvi\u0111anje poplava ili za upravljanje vodama.\" \/>\n<meta name=\"robots\" content=\"index, follow, max-snippet:-1, max-image-preview:large, max-video-preview:-1\" \/>\n<link rel=\"canonical\" href=\"https:\/\/vode.hr\/bs\/proizvod\/sustav-za-analizu-topljenja-snijega-sma-2-sommer\/\" \/>\n<meta property=\"og:locale\" content=\"bs_BA\" \/>\n<meta property=\"og:type\" content=\"article\" \/>\n<meta property=\"og:title\" content=\"Sustav za analizu topljenja snijega, SMA-2, Sommer - Vode.hr\" \/>\n<meta property=\"og:description\" content=\"Analizator topljenja snijega (SMA-2) predstavlja idealno mjerno rje\u0161enje za analizu topljenja snijega. Uz njegovu pomo\u0107 mogu se detektirati procesi otapanja snijega i utvrditi otjecanje vode te koristiti za predvi\u0111anje poplava ili za upravljanje vodama.\" \/>\n<meta property=\"og:url\" content=\"https:\/\/vode.hr\/bs\/proizvod\/sustav-za-analizu-topljenja-snijega-sma-2-sommer\/\" \/>\n<meta property=\"og:site_name\" content=\"Vode.hr\" \/>\n<meta property=\"article:publisher\" content=\"https:\/\/www.facebook.com\/vode.hr\" \/>\n<meta property=\"article:modified_time\" content=\"2025-10-24T08:58:40+00:00\" \/>\n<meta property=\"og:image\" content=\"http:\/\/vode.hr\/wp-content\/uploads\/2023\/05\/Sustav-za-analizu-topljenja-snijega-SMA-2-1031-0.jpg\" \/>\n\t<meta property=\"og:image:width\" content=\"650\" \/>\n\t<meta property=\"og:image:height\" content=\"650\" \/>\n\t<meta property=\"og:image:type\" content=\"image\/jpeg\" \/>\n<meta name=\"twitter:card\" content=\"summary_large_image\" \/>\n<meta name=\"twitter:label1\" content=\"Est. reading time\" \/>\n\t<meta name=\"twitter:data1\" content=\"2 minute\" \/>\n<script type=\"application\/ld+json\" class=\"yoast-schema-graph\">{\"@context\":\"https:\/\/schema.org\",\"@graph\":[{\"@type\":[\"WebPage\",\"ItemPage\"],\"@id\":\"https:\/\/vode.hr\/bs\/proizvod\/sustav-za-analizu-topljenja-snijega-sma-2-sommer\/\",\"url\":\"https:\/\/vode.hr\/bs\/proizvod\/sustav-za-analizu-topljenja-snijega-sma-2-sommer\/\",\"name\":\"Sustav za analizu topljenja snijega, SMA-2, Sommer - Vode.hr\",\"isPartOf\":{\"@id\":\"https:\/\/vode.hr\/bs\/#website\"},\"primaryImageOfPage\":{\"@id\":\"https:\/\/vode.hr\/bs\/proizvod\/sustav-za-analizu-topljenja-snijega-sma-2-sommer\/#primaryimage\"},\"image\":{\"@id\":\"https:\/\/vode.hr\/bs\/proizvod\/sustav-za-analizu-topljenja-snijega-sma-2-sommer\/#primaryimage\"},\"thumbnailUrl\":\"https:\/\/vode.hr\/wp-content\/uploads\/2023\/05\/Sustav-za-analizu-topljenja-snijega-SMA-2-1031-0.jpg\",\"datePublished\":\"2023-05-31T11:50:09+00:00\",\"dateModified\":\"2025-10-24T08:58:40+00:00\",\"description\":\"Analizator topljenja snijega (SMA-2) predstavlja idealno mjerno rje\u0161enje za analizu topljenja snijega. Uz njegovu pomo\u0107 mogu se detektirati procesi otapanja snijega i utvrditi otjecanje vode te koristiti za predvi\u0111anje poplava ili za upravljanje vodama.\",\"breadcrumb\":{\"@id\":\"https:\/\/vode.hr\/bs\/proizvod\/sustav-za-analizu-topljenja-snijega-sma-2-sommer\/#breadcrumb\"},\"inLanguage\":\"bs-BA\",\"potentialAction\":[{\"@type\":\"ReadAction\",\"target\":[\"https:\/\/vode.hr\/bs\/proizvod\/sustav-za-analizu-topljenja-snijega-sma-2-sommer\/\"]}]},{\"@type\":\"ImageObject\",\"inLanguage\":\"bs-BA\",\"@id\":\"https:\/\/vode.hr\/bs\/proizvod\/sustav-za-analizu-topljenja-snijega-sma-2-sommer\/#primaryimage\",\"url\":\"https:\/\/vode.hr\/wp-content\/uploads\/2023\/05\/Sustav-za-analizu-topljenja-snijega-SMA-2-1031-0.jpg\",\"contentUrl\":\"https:\/\/vode.hr\/wp-content\/uploads\/2023\/05\/Sustav-za-analizu-topljenja-snijega-SMA-2-1031-0.jpg\",\"width\":650,\"height\":650},{\"@type\":\"BreadcrumbList\",\"@id\":\"https:\/\/vode.hr\/bs\/proizvod\/sustav-za-analizu-topljenja-snijega-sma-2-sommer\/#breadcrumb\",\"itemListElement\":[{\"@type\":\"ListItem\",\"position\":1,\"name\":\"Po\u010detna stranica\",\"item\":\"https:\/\/vode.hr\/bs\/\"},{\"@type\":\"ListItem\",\"position\":2,\"name\":\"Trgovina\",\"item\":\"https:\/\/vode.hr\/trgovina\/\"},{\"@type\":\"ListItem\",\"position\":3,\"name\":\"Sustav za analizu topljenja snijega, SMA-2, Sommer\"}]},{\"@type\":\"WebSite\",\"@id\":\"https:\/\/vode.hr\/bs\/#website\",\"url\":\"https:\/\/vode.hr\/bs\/\",\"name\":\"Vode.hr\",\"description\":\"Mjerenje kvalitete voda, dezinfekcija vode i ure\u0111aji za mjerenje uvjeta u okoli\u0161u\",\"publisher\":{\"@id\":\"https:\/\/vode.hr\/bs\/#organization\"},\"potentialAction\":[{\"@type\":\"SearchAction\",\"target\":{\"@type\":\"EntryPoint\",\"urlTemplate\":\"https:\/\/vode.hr\/bs\/?s={search_term_string}\"},\"query-input\":{\"@type\":\"PropertyValueSpecification\",\"valueRequired\":true,\"valueName\":\"search_term_string\"}}],\"inLanguage\":\"bs-BA\"},{\"@type\":\"Organization\",\"@id\":\"https:\/\/vode.hr\/bs\/#organization\",\"name\":\"Primotronic d.o.o.\",\"url\":\"https:\/\/vode.hr\/bs\/\",\"logo\":{\"@type\":\"ImageObject\",\"inLanguage\":\"bs-BA\",\"@id\":\"https:\/\/vode.hr\/bs\/#\/schema\/logo\/image\/\",\"url\":\"http:\/\/vode.hr\/wp-content\/uploads\/2023\/04\/vode-1.png\",\"contentUrl\":\"http:\/\/vode.hr\/wp-content\/uploads\/2023\/04\/vode-1.png\",\"width\":300,\"height\":99,\"caption\":\"Primotronic d.o.o.\"},\"image\":{\"@id\":\"https:\/\/vode.hr\/bs\/#\/schema\/logo\/image\/\"},\"sameAs\":[\"https:\/\/www.facebook.com\/vode.hr\"]}]}<\/script>\n<!-- \/ Yoast SEO plugin. -->","yoast_head_json":{"title":"Sustav za analizu topljenja snijega, SMA-2, Sommer - Vode.hr","description":"Analizator topljenja snijega (SMA-2) predstavlja idealno mjerno rje\u0161enje za analizu topljenja snijega. Uz njegovu pomo\u0107 mogu se detektirati procesi otapanja snijega i utvrditi otjecanje vode te koristiti za predvi\u0111anje poplava ili za upravljanje vodama.","robots":{"index":"index","follow":"follow","max-snippet":"max-snippet:-1","max-image-preview":"max-image-preview:large","max-video-preview":"max-video-preview:-1"},"canonical":"https:\/\/vode.hr\/bs\/proizvod\/sustav-za-analizu-topljenja-snijega-sma-2-sommer\/","og_locale":"bs_BA","og_type":"article","og_title":"Sustav za analizu topljenja snijega, SMA-2, Sommer - Vode.hr","og_description":"Analizator topljenja snijega (SMA-2) predstavlja idealno mjerno rje\u0161enje za analizu topljenja snijega. Uz njegovu pomo\u0107 mogu se detektirati procesi otapanja snijega i utvrditi otjecanje vode te koristiti za predvi\u0111anje poplava ili za upravljanje vodama.","og_url":"https:\/\/vode.hr\/bs\/proizvod\/sustav-za-analizu-topljenja-snijega-sma-2-sommer\/","og_site_name":"Vode.hr","article_publisher":"https:\/\/www.facebook.com\/vode.hr","article_modified_time":"2025-10-24T08:58:40+00:00","og_image":[{"width":650,"height":650,"url":"http:\/\/vode.hr\/wp-content\/uploads\/2023\/05\/Sustav-za-analizu-topljenja-snijega-SMA-2-1031-0.jpg","type":"image\/jpeg"}],"twitter_card":"summary_large_image","twitter_misc":{"Est. reading time":"2 minute"},"schema":{"@context":"https:\/\/schema.org","@graph":[{"@type":["WebPage","ItemPage"],"@id":"https:\/\/vode.hr\/bs\/proizvod\/sustav-za-analizu-topljenja-snijega-sma-2-sommer\/","url":"https:\/\/vode.hr\/bs\/proizvod\/sustav-za-analizu-topljenja-snijega-sma-2-sommer\/","name":"Sustav za analizu topljenja snijega, SMA-2, Sommer - Vode.hr","isPartOf":{"@id":"https:\/\/vode.hr\/bs\/#website"},"primaryImageOfPage":{"@id":"https:\/\/vode.hr\/bs\/proizvod\/sustav-za-analizu-topljenja-snijega-sma-2-sommer\/#primaryimage"},"image":{"@id":"https:\/\/vode.hr\/bs\/proizvod\/sustav-za-analizu-topljenja-snijega-sma-2-sommer\/#primaryimage"},"thumbnailUrl":"https:\/\/vode.hr\/wp-content\/uploads\/2023\/05\/Sustav-za-analizu-topljenja-snijega-SMA-2-1031-0.jpg","datePublished":"2023-05-31T11:50:09+00:00","dateModified":"2025-10-24T08:58:40+00:00","description":"Analizator topljenja snijega (SMA-2) predstavlja idealno mjerno rje\u0161enje za analizu topljenja snijega. Uz njegovu pomo\u0107 mogu se detektirati procesi otapanja snijega i utvrditi otjecanje vode te koristiti za predvi\u0111anje poplava ili za upravljanje vodama.","breadcrumb":{"@id":"https:\/\/vode.hr\/bs\/proizvod\/sustav-za-analizu-topljenja-snijega-sma-2-sommer\/#breadcrumb"},"inLanguage":"bs-BA","potentialAction":[{"@type":"ReadAction","target":["https:\/\/vode.hr\/bs\/proizvod\/sustav-za-analizu-topljenja-snijega-sma-2-sommer\/"]}]},{"@type":"ImageObject","inLanguage":"bs-BA","@id":"https:\/\/vode.hr\/bs\/proizvod\/sustav-za-analizu-topljenja-snijega-sma-2-sommer\/#primaryimage","url":"https:\/\/vode.hr\/wp-content\/uploads\/2023\/05\/Sustav-za-analizu-topljenja-snijega-SMA-2-1031-0.jpg","contentUrl":"https:\/\/vode.hr\/wp-content\/uploads\/2023\/05\/Sustav-za-analizu-topljenja-snijega-SMA-2-1031-0.jpg","width":650,"height":650},{"@type":"BreadcrumbList","@id":"https:\/\/vode.hr\/bs\/proizvod\/sustav-za-analizu-topljenja-snijega-sma-2-sommer\/#breadcrumb","itemListElement":[{"@type":"ListItem","position":1,"name":"Po\u010detna stranica","item":"https:\/\/vode.hr\/bs\/"},{"@type":"ListItem","position":2,"name":"Trgovina","item":"https:\/\/vode.hr\/trgovina\/"},{"@type":"ListItem","position":3,"name":"Sustav za analizu topljenja snijega, SMA-2, Sommer"}]},{"@type":"WebSite","@id":"https:\/\/vode.hr\/bs\/#website","url":"https:\/\/vode.hr\/bs\/","name":"Vode.hr","description":"Mjerenje kvalitete voda, dezinfekcija vode i ure\u0111aji za mjerenje uvjeta u okoli\u0161u","publisher":{"@id":"https:\/\/vode.hr\/bs\/#organization"},"potentialAction":[{"@type":"SearchAction","target":{"@type":"EntryPoint","urlTemplate":"https:\/\/vode.hr\/bs\/?s={search_term_string}"},"query-input":{"@type":"PropertyValueSpecification","valueRequired":true,"valueName":"search_term_string"}}],"inLanguage":"bs-BA"},{"@type":"Organization","@id":"https:\/\/vode.hr\/bs\/#organization","name":"Primotronic d.o.o.","url":"https:\/\/vode.hr\/bs\/","logo":{"@type":"ImageObject","inLanguage":"bs-BA","@id":"https:\/\/vode.hr\/bs\/#\/schema\/logo\/image\/","url":"http:\/\/vode.hr\/wp-content\/uploads\/2023\/04\/vode-1.png","contentUrl":"http:\/\/vode.hr\/wp-content\/uploads\/2023\/04\/vode-1.png","width":300,"height":99,"caption":"Primotronic d.o.o."},"image":{"@id":"https:\/\/vode.hr\/bs\/#\/schema\/logo\/image\/"},"sameAs":["https:\/\/www.facebook.com\/vode.hr"]}]}},"_links":{"self":[{"href":"https:\/\/vode.hr\/bs\/wp-json\/wp\/v2\/product\/757"}],"collection":[{"href":"https:\/\/vode.hr\/bs\/wp-json\/wp\/v2\/product"}],"about":[{"href":"https:\/\/vode.hr\/bs\/wp-json\/wp\/v2\/types\/product"}],"wp:featuredmedia":[{"embeddable":true,"href":"https:\/\/vode.hr\/bs\/wp-json\/wp\/v2\/media\/761"}],"wp:attachment":[{"href":"https:\/\/vode.hr\/bs\/wp-json\/wp\/v2\/media?parent=757"}],"wp:term":[{"taxonomy":"product_cat","embeddable":true,"href":"https:\/\/vode.hr\/bs\/wp-json\/wp\/v2\/product_cat?post=757"},{"taxonomy":"product_tag","embeddable":true,"href":"https:\/\/vode.hr\/bs\/wp-json\/wp\/v2\/product_tag?post=757"}],"curies":[{"name":"wp","href":"https:\/\/api.w.org\/{rel}","templated":true}]}}