{"id":763,"date":"2023-05-31T13:57:00","date_gmt":"2023-05-31T11:57:00","guid":{"rendered":"https:\/\/vode.hr\/?post_type=product&#038;p=763"},"modified":"2025-10-24T10:58:40","modified_gmt":"2025-10-24T08:58:40","slug":"ic-senzor-za-mjerenje-temperature-na-povrsini-snijega-sir-sommer","status":"publish","type":"product","link":"https:\/\/vode.hr\/bs\/proizvod\/ic-senzor-za-mjerenje-temperature-na-povrsini-snijega-sir-sommer\/","title":{"rendered":"IC senzor za mjerenje temperature na povr\u0161ini snijega, SIR, Sommer"},"content":{"rendered":"<div class=\"row\"  id=\"row-402355719\">\n\n\t<div id=\"col-2005876573\" class=\"col small-12 large-12\"  >\n\t\t\t\t<div class=\"col-inner\"  >\n\t\t\t\n\t\t\t\n\t<div id=\"text-1828513454\" class=\"text\">\n\t\t\n<h2>Infracrveno mjerenje temperature na povr\u0161ini snijega<\/h2>\n\t\t\n<style>\n#text-1828513454 {\n  font-size: 1.3rem;\n  text-align: center;\n}\n<\/style>\n\t<\/div>\n\t\n\t<div id=\"text-2440592077\" class=\"text\">\n\t\t\n<p class=\"lead\">Minimiziranje u\u010dinaka premo\u0161\u0107ivanja leda kroz iznimno veliku mjernu povr\u0161inu<\/p>\n\t\t\n<style>\n#text-2440592077 {\n  font-size: 0.9rem;\n  text-align: center;\n}\n<\/style>\n\t<\/div>\n\t\n<div class=\"row align-middle\"  id=\"row-1736851862\">\n\n\t<div id=\"col-845538992\" class=\"col medium-6 small-12 large-6\"  >\n\t\t\t\t<div class=\"col-inner\"  >\n\t\t\t\n\t\t\t\n<ul>\n<li>Visoko osjetljiv infracrveni temperaturni senzor za mjerenje povr\u0161inske temperature snijega<\/li>\n<li>Beskontaktna mjerenja, pouzdani i kontinuirani podaci, optimalna integracija u postoje\u0107e sustave<\/li>\n<li>Robusno ku\u0107i\u0161te senzora od nehr\u0111aju\u0107eg \u010delika s odvojenim ku\u0107i\u0161tem od lijevanog cinka za elektroniku za procjenu (za\u0161tita IP 65)<\/li>\n<li>Probano i testirano za rad u te\u0161kim klimatskim uvjetima<\/li>\n<li>Beskontaktno mjerenje temperature<\/li>\n<li>Jednostavna integracija iu postoje\u0107e sustave (signal 4 &#8230; 20 mA ili 0 &#8230; 5 V)<\/li>\n<\/ul>\n<p>Op\u0107eniti tehni\u010dki detalji<\/p>\n<ul>\n<li>Napajanje 8 &#8230; 36 VDC<\/li>\n<li>Potro\u0161nja energije max. 100 mA (aktivno mjerenje)<\/li>\n<li>Razno uklju\u010duju\u0107i za\u0161titu od zra\u010denja i nosa\u010d<\/li>\n<\/ul>\n<p>Izlazi (analogni)<\/p>\n<ul>\n<li>Kanal 1 po izboru: 0\/4 &#8230; 20 mA, 0 &#8230; 5\/10 V, termoelement (J ili K) ili izlaz alarma (izvor signala: temperatura objekta)<\/li>\n<li>Senzor temperature kanala 2 (-20 \u00b0C &#8230; +180 \u00b0C)<\/li>\n<li>Izlaz alarma Izvor signala 0\u201310 V koji se mo\u017ee prebaciti na temperaturu objekta ili temperaturu elektronske kutije ako se koristi kao izlaz alarma<\/li>\n<li>Alarmni izlaz s otvorenim kolektorom (24 V\/ 50 mA)<\/li>\n<\/ul>\n<p>Ulazi<\/p>\n<ul>\n<li>Funkcionalni ulazi F1 do F3 softverski programabilni za sljede\u0107e funkcije:<br \/>\nFunkcije pode\u0161avanja vanjske emisivnosti, kompenzacija temperature okoline, okida\u010d (resetiranje funkcija zadr\u017eavanja)<\/li>\n<\/ul>\n\t\t<\/div>\n\t\t\t\t\n<style>\n#col-845538992 > .col-inner {\n  padding: 2em 1em 0px 1em;\n}\n<\/style>\n\t<\/div>\n\n\t\n\n\t<div id=\"col-1719558619\" class=\"col medium-6 small-12 large-6\"  >\n\t\t\t\t<div class=\"col-inner\"  >\n\t\t\t\n\t\t\t\n\t<div class=\"img has-hover x md-x lg-x y md-y lg-y\" id=\"image_477014112\">\n\t\t\t\t\t\t\t\t<div class=\"img-inner dark\" >\n\t\t\t<img loading=\"lazy\" decoding=\"async\" width=\"650\" height=\"650\" src=\"https:\/\/vode.hr\/wp-content\/uploads\/2023\/05\/IC-senzor-za-mjerenje-temperature-na-povrsini-snijega-1032-1.jpg\" class=\"attachment-original size-original\" alt=\"\" srcset=\"https:\/\/vode.hr\/wp-content\/uploads\/2023\/05\/IC-senzor-za-mjerenje-temperature-na-povrsini-snijega-1032-1.jpg 650w, https:\/\/vode.hr\/wp-content\/uploads\/2023\/05\/IC-senzor-za-mjerenje-temperature-na-povrsini-snijega-1032-1-300x300.jpg 300w, https:\/\/vode.hr\/wp-content\/uploads\/2023\/05\/IC-senzor-za-mjerenje-temperature-na-povrsini-snijega-1032-1-150x150.jpg 150w, https:\/\/vode.hr\/wp-content\/uploads\/2023\/05\/IC-senzor-za-mjerenje-temperature-na-povrsini-snijega-1032-1-370x370.jpg 370w, https:\/\/vode.hr\/wp-content\/uploads\/2023\/05\/IC-senzor-za-mjerenje-temperature-na-povrsini-snijega-1032-1-100x100.jpg 100w\" sizes=\"(max-width: 650px) 100vw, 650px\" \/>\t\t\t\t\t\t\n\t\t\t\t\t<\/div>\n\t\t\t\t\t\t\t\t\n<style>\n#image_477014112 {\n  width: 100%;\n}\n<\/style>\n\t<\/div>\n\t\n\t\t<\/div>\n\t\t\t\t\n<style>\n#col-1719558619 > .col-inner {\n  padding: 0px 0px 0px 0px;\n}\n<\/style>\n\t<\/div>\n\n\t\n<\/div>\n\t\t<\/div>\n\t\t\t\t\t<\/div>\n\n\t\n\n<style>\n#row-402355719 > .col > .col-inner {\n  padding: 3em 0px 0px 0px;\n}\n<\/style>\n<\/div>\n","protected":false},"excerpt":{"rendered":"<p>Infracrveni senzor SIR za mjerenje temperature povr\u0161ine snijega. Kompaktni infracrveni senzor SIR omogu\u0107uje to\u010dno i beskontaktno mjerenje temperature snje\u017ene povr\u0161ine.<\/p>\n","protected":false},"featured_media":766,"template":"","meta":[],"product_cat":[225],"product_tag":[297],"class_list":["post-763","product","type-product","status-publish","has-post-thumbnail","hentry","product_cat-snijeg-i-led","product_tag-sommer"],"yoast_head":"<!-- This site is optimized with the Yoast SEO plugin v25.0 - https:\/\/yoast.com\/wordpress\/plugins\/seo\/ -->\n<title>IC senzor za mjerenje temperature na povr\u0161ini snijega, SIR, Sommer - Vode.hr<\/title>\n<meta name=\"description\" content=\"Infracrveni senzor SIR za mjerenje temperature povr\u0161ine snijega. Kompaktni infracrveni senzor SIR omogu\u0107uje to\u010dno i beskontaktno mjerenje temperature snje\u017ene povr\u0161ine.\" \/>\n<meta name=\"robots\" content=\"index, follow, max-snippet:-1, max-image-preview:large, max-video-preview:-1\" \/>\n<link rel=\"canonical\" href=\"https:\/\/vode.hr\/bs\/proizvod\/ic-senzor-za-mjerenje-temperature-na-povrsini-snijega-sir-sommer\/\" \/>\n<meta property=\"og:locale\" content=\"bs_BA\" \/>\n<meta property=\"og:type\" content=\"article\" \/>\n<meta property=\"og:title\" content=\"IC senzor za mjerenje temperature na povr\u0161ini snijega, SIR, Sommer - Vode.hr\" \/>\n<meta property=\"og:description\" content=\"Infracrveni senzor SIR za mjerenje temperature povr\u0161ine snijega. Kompaktni infracrveni senzor SIR omogu\u0107uje to\u010dno i beskontaktno mjerenje temperature snje\u017ene povr\u0161ine.\" \/>\n<meta property=\"og:url\" content=\"https:\/\/vode.hr\/bs\/proizvod\/ic-senzor-za-mjerenje-temperature-na-povrsini-snijega-sir-sommer\/\" \/>\n<meta property=\"og:site_name\" content=\"Vode.hr\" \/>\n<meta property=\"article:publisher\" content=\"https:\/\/www.facebook.com\/vode.hr\" \/>\n<meta property=\"article:modified_time\" content=\"2025-10-24T08:58:40+00:00\" \/>\n<meta property=\"og:image\" content=\"http:\/\/vode.hr\/wp-content\/uploads\/2023\/05\/IC-senzor-za-mjerenje-temperature-na-povrsini-snijega-1032-0.jpg\" \/>\n\t<meta property=\"og:image:width\" content=\"650\" \/>\n\t<meta property=\"og:image:height\" content=\"650\" \/>\n\t<meta property=\"og:image:type\" content=\"image\/jpeg\" \/>\n<meta name=\"twitter:card\" content=\"summary_large_image\" \/>\n<meta name=\"twitter:label1\" content=\"Est. reading time\" \/>\n\t<meta name=\"twitter:data1\" content=\"2 minute\" \/>\n<script type=\"application\/ld+json\" class=\"yoast-schema-graph\">{\"@context\":\"https:\/\/schema.org\",\"@graph\":[{\"@type\":[\"WebPage\",\"ItemPage\"],\"@id\":\"https:\/\/vode.hr\/bs\/proizvod\/ic-senzor-za-mjerenje-temperature-na-povrsini-snijega-sir-sommer\/\",\"url\":\"https:\/\/vode.hr\/bs\/proizvod\/ic-senzor-za-mjerenje-temperature-na-povrsini-snijega-sir-sommer\/\",\"name\":\"IC senzor za mjerenje temperature na povr\u0161ini snijega, SIR, Sommer - Vode.hr\",\"isPartOf\":{\"@id\":\"https:\/\/vode.hr\/bs\/#website\"},\"primaryImageOfPage\":{\"@id\":\"https:\/\/vode.hr\/bs\/proizvod\/ic-senzor-za-mjerenje-temperature-na-povrsini-snijega-sir-sommer\/#primaryimage\"},\"image\":{\"@id\":\"https:\/\/vode.hr\/bs\/proizvod\/ic-senzor-za-mjerenje-temperature-na-povrsini-snijega-sir-sommer\/#primaryimage\"},\"thumbnailUrl\":\"https:\/\/vode.hr\/wp-content\/uploads\/2023\/05\/IC-senzor-za-mjerenje-temperature-na-povrsini-snijega-1032-0.jpg\",\"datePublished\":\"2023-05-31T11:57:00+00:00\",\"dateModified\":\"2025-10-24T08:58:40+00:00\",\"description\":\"Infracrveni senzor SIR za mjerenje temperature povr\u0161ine snijega. Kompaktni infracrveni senzor SIR omogu\u0107uje to\u010dno i beskontaktno mjerenje temperature snje\u017ene povr\u0161ine.\",\"breadcrumb\":{\"@id\":\"https:\/\/vode.hr\/bs\/proizvod\/ic-senzor-za-mjerenje-temperature-na-povrsini-snijega-sir-sommer\/#breadcrumb\"},\"inLanguage\":\"bs-BA\",\"potentialAction\":[{\"@type\":\"ReadAction\",\"target\":[\"https:\/\/vode.hr\/bs\/proizvod\/ic-senzor-za-mjerenje-temperature-na-povrsini-snijega-sir-sommer\/\"]}]},{\"@type\":\"ImageObject\",\"inLanguage\":\"bs-BA\",\"@id\":\"https:\/\/vode.hr\/bs\/proizvod\/ic-senzor-za-mjerenje-temperature-na-povrsini-snijega-sir-sommer\/#primaryimage\",\"url\":\"https:\/\/vode.hr\/wp-content\/uploads\/2023\/05\/IC-senzor-za-mjerenje-temperature-na-povrsini-snijega-1032-0.jpg\",\"contentUrl\":\"https:\/\/vode.hr\/wp-content\/uploads\/2023\/05\/IC-senzor-za-mjerenje-temperature-na-povrsini-snijega-1032-0.jpg\",\"width\":650,\"height\":650},{\"@type\":\"BreadcrumbList\",\"@id\":\"https:\/\/vode.hr\/bs\/proizvod\/ic-senzor-za-mjerenje-temperature-na-povrsini-snijega-sir-sommer\/#breadcrumb\",\"itemListElement\":[{\"@type\":\"ListItem\",\"position\":1,\"name\":\"Po\u010detna stranica\",\"item\":\"https:\/\/vode.hr\/bs\/\"},{\"@type\":\"ListItem\",\"position\":2,\"name\":\"Trgovina\",\"item\":\"https:\/\/vode.hr\/trgovina\/\"},{\"@type\":\"ListItem\",\"position\":3,\"name\":\"IC senzor za mjerenje temperature na povr\u0161ini snijega, SIR, Sommer\"}]},{\"@type\":\"WebSite\",\"@id\":\"https:\/\/vode.hr\/bs\/#website\",\"url\":\"https:\/\/vode.hr\/bs\/\",\"name\":\"Vode.hr\",\"description\":\"Mjerenje kvalitete voda, dezinfekcija vode i ure\u0111aji za mjerenje uvjeta u okoli\u0161u\",\"publisher\":{\"@id\":\"https:\/\/vode.hr\/bs\/#organization\"},\"potentialAction\":[{\"@type\":\"SearchAction\",\"target\":{\"@type\":\"EntryPoint\",\"urlTemplate\":\"https:\/\/vode.hr\/bs\/?s={search_term_string}\"},\"query-input\":{\"@type\":\"PropertyValueSpecification\",\"valueRequired\":true,\"valueName\":\"search_term_string\"}}],\"inLanguage\":\"bs-BA\"},{\"@type\":\"Organization\",\"@id\":\"https:\/\/vode.hr\/bs\/#organization\",\"name\":\"Primotronic d.o.o.\",\"url\":\"https:\/\/vode.hr\/bs\/\",\"logo\":{\"@type\":\"ImageObject\",\"inLanguage\":\"bs-BA\",\"@id\":\"https:\/\/vode.hr\/bs\/#\/schema\/logo\/image\/\",\"url\":\"http:\/\/vode.hr\/wp-content\/uploads\/2023\/04\/vode-1.png\",\"contentUrl\":\"http:\/\/vode.hr\/wp-content\/uploads\/2023\/04\/vode-1.png\",\"width\":300,\"height\":99,\"caption\":\"Primotronic d.o.o.\"},\"image\":{\"@id\":\"https:\/\/vode.hr\/bs\/#\/schema\/logo\/image\/\"},\"sameAs\":[\"https:\/\/www.facebook.com\/vode.hr\"]}]}<\/script>\n<!-- \/ Yoast SEO plugin. -->","yoast_head_json":{"title":"IC senzor za mjerenje temperature na povr\u0161ini snijega, SIR, Sommer - Vode.hr","description":"Infracrveni senzor SIR za mjerenje temperature povr\u0161ine snijega. Kompaktni infracrveni senzor SIR omogu\u0107uje to\u010dno i beskontaktno mjerenje temperature snje\u017ene povr\u0161ine.","robots":{"index":"index","follow":"follow","max-snippet":"max-snippet:-1","max-image-preview":"max-image-preview:large","max-video-preview":"max-video-preview:-1"},"canonical":"https:\/\/vode.hr\/bs\/proizvod\/ic-senzor-za-mjerenje-temperature-na-povrsini-snijega-sir-sommer\/","og_locale":"bs_BA","og_type":"article","og_title":"IC senzor za mjerenje temperature na povr\u0161ini snijega, SIR, Sommer - Vode.hr","og_description":"Infracrveni senzor SIR za mjerenje temperature povr\u0161ine snijega. Kompaktni infracrveni senzor SIR omogu\u0107uje to\u010dno i beskontaktno mjerenje temperature snje\u017ene povr\u0161ine.","og_url":"https:\/\/vode.hr\/bs\/proizvod\/ic-senzor-za-mjerenje-temperature-na-povrsini-snijega-sir-sommer\/","og_site_name":"Vode.hr","article_publisher":"https:\/\/www.facebook.com\/vode.hr","article_modified_time":"2025-10-24T08:58:40+00:00","og_image":[{"width":650,"height":650,"url":"http:\/\/vode.hr\/wp-content\/uploads\/2023\/05\/IC-senzor-za-mjerenje-temperature-na-povrsini-snijega-1032-0.jpg","type":"image\/jpeg"}],"twitter_card":"summary_large_image","twitter_misc":{"Est. reading time":"2 minute"},"schema":{"@context":"https:\/\/schema.org","@graph":[{"@type":["WebPage","ItemPage"],"@id":"https:\/\/vode.hr\/bs\/proizvod\/ic-senzor-za-mjerenje-temperature-na-povrsini-snijega-sir-sommer\/","url":"https:\/\/vode.hr\/bs\/proizvod\/ic-senzor-za-mjerenje-temperature-na-povrsini-snijega-sir-sommer\/","name":"IC senzor za mjerenje temperature na povr\u0161ini snijega, SIR, Sommer - Vode.hr","isPartOf":{"@id":"https:\/\/vode.hr\/bs\/#website"},"primaryImageOfPage":{"@id":"https:\/\/vode.hr\/bs\/proizvod\/ic-senzor-za-mjerenje-temperature-na-povrsini-snijega-sir-sommer\/#primaryimage"},"image":{"@id":"https:\/\/vode.hr\/bs\/proizvod\/ic-senzor-za-mjerenje-temperature-na-povrsini-snijega-sir-sommer\/#primaryimage"},"thumbnailUrl":"https:\/\/vode.hr\/wp-content\/uploads\/2023\/05\/IC-senzor-za-mjerenje-temperature-na-povrsini-snijega-1032-0.jpg","datePublished":"2023-05-31T11:57:00+00:00","dateModified":"2025-10-24T08:58:40+00:00","description":"Infracrveni senzor SIR za mjerenje temperature povr\u0161ine snijega. Kompaktni infracrveni senzor SIR omogu\u0107uje to\u010dno i beskontaktno mjerenje temperature snje\u017ene povr\u0161ine.","breadcrumb":{"@id":"https:\/\/vode.hr\/bs\/proizvod\/ic-senzor-za-mjerenje-temperature-na-povrsini-snijega-sir-sommer\/#breadcrumb"},"inLanguage":"bs-BA","potentialAction":[{"@type":"ReadAction","target":["https:\/\/vode.hr\/bs\/proizvod\/ic-senzor-za-mjerenje-temperature-na-povrsini-snijega-sir-sommer\/"]}]},{"@type":"ImageObject","inLanguage":"bs-BA","@id":"https:\/\/vode.hr\/bs\/proizvod\/ic-senzor-za-mjerenje-temperature-na-povrsini-snijega-sir-sommer\/#primaryimage","url":"https:\/\/vode.hr\/wp-content\/uploads\/2023\/05\/IC-senzor-za-mjerenje-temperature-na-povrsini-snijega-1032-0.jpg","contentUrl":"https:\/\/vode.hr\/wp-content\/uploads\/2023\/05\/IC-senzor-za-mjerenje-temperature-na-povrsini-snijega-1032-0.jpg","width":650,"height":650},{"@type":"BreadcrumbList","@id":"https:\/\/vode.hr\/bs\/proizvod\/ic-senzor-za-mjerenje-temperature-na-povrsini-snijega-sir-sommer\/#breadcrumb","itemListElement":[{"@type":"ListItem","position":1,"name":"Po\u010detna stranica","item":"https:\/\/vode.hr\/bs\/"},{"@type":"ListItem","position":2,"name":"Trgovina","item":"https:\/\/vode.hr\/trgovina\/"},{"@type":"ListItem","position":3,"name":"IC senzor za mjerenje temperature na povr\u0161ini snijega, SIR, Sommer"}]},{"@type":"WebSite","@id":"https:\/\/vode.hr\/bs\/#website","url":"https:\/\/vode.hr\/bs\/","name":"Vode.hr","description":"Mjerenje kvalitete voda, dezinfekcija vode i ure\u0111aji za mjerenje uvjeta u okoli\u0161u","publisher":{"@id":"https:\/\/vode.hr\/bs\/#organization"},"potentialAction":[{"@type":"SearchAction","target":{"@type":"EntryPoint","urlTemplate":"https:\/\/vode.hr\/bs\/?s={search_term_string}"},"query-input":{"@type":"PropertyValueSpecification","valueRequired":true,"valueName":"search_term_string"}}],"inLanguage":"bs-BA"},{"@type":"Organization","@id":"https:\/\/vode.hr\/bs\/#organization","name":"Primotronic d.o.o.","url":"https:\/\/vode.hr\/bs\/","logo":{"@type":"ImageObject","inLanguage":"bs-BA","@id":"https:\/\/vode.hr\/bs\/#\/schema\/logo\/image\/","url":"http:\/\/vode.hr\/wp-content\/uploads\/2023\/04\/vode-1.png","contentUrl":"http:\/\/vode.hr\/wp-content\/uploads\/2023\/04\/vode-1.png","width":300,"height":99,"caption":"Primotronic d.o.o."},"image":{"@id":"https:\/\/vode.hr\/bs\/#\/schema\/logo\/image\/"},"sameAs":["https:\/\/www.facebook.com\/vode.hr"]}]}},"_links":{"self":[{"href":"https:\/\/vode.hr\/bs\/wp-json\/wp\/v2\/product\/763"}],"collection":[{"href":"https:\/\/vode.hr\/bs\/wp-json\/wp\/v2\/product"}],"about":[{"href":"https:\/\/vode.hr\/bs\/wp-json\/wp\/v2\/types\/product"}],"wp:featuredmedia":[{"embeddable":true,"href":"https:\/\/vode.hr\/bs\/wp-json\/wp\/v2\/media\/766"}],"wp:attachment":[{"href":"https:\/\/vode.hr\/bs\/wp-json\/wp\/v2\/media?parent=763"}],"wp:term":[{"taxonomy":"product_cat","embeddable":true,"href":"https:\/\/vode.hr\/bs\/wp-json\/wp\/v2\/product_cat?post=763"},{"taxonomy":"product_tag","embeddable":true,"href":"https:\/\/vode.hr\/bs\/wp-json\/wp\/v2\/product_tag?post=763"}],"curies":[{"name":"wp","href":"https:\/\/api.w.org\/{rel}","templated":true}]}}