{"id":767,"date":"2023-05-31T15:44:10","date_gmt":"2023-05-31T13:44:10","guid":{"rendered":"https:\/\/vode.hr\/?post_type=product&#038;p=767"},"modified":"2025-10-24T10:58:40","modified_gmt":"2025-10-24T08:58:40","slug":"senzor-za-profiliranje-temperature-snijega-sca-sommer","status":"publish","type":"product","link":"https:\/\/vode.hr\/bs\/proizvod\/senzor-za-profiliranje-temperature-snijega-sca-sommer\/","title":{"rendered":"Senzor za profiliranje temperature snijega, SCA, Sommer"},"content":{"rendered":"<div class=\"row\"  id=\"row-1208561056\">\n\n\t<div id=\"col-2014745994\" class=\"col small-12 large-12\"  >\n\t\t\t\t<div class=\"col-inner\"  >\n\t\t\t\n\t\t\t\n\t<div id=\"text-2521087356\" class=\"text\">\n\t\t\n<h2>Izrada profila temperature snijega<\/h2>\n\t\t\n<style>\n#text-2521087356 {\n  font-size: 1.3rem;\n  text-align: center;\n}\n<\/style>\n\t<\/div>\n\t\n\t<div id=\"text-1416079121\" class=\"text\">\n\t\t\n<p class=\"lead\">Bolji i to\u010dniji rezultati mjerenja kroz u\u010dinkovit raspored slojeva<\/p>\n\t\t\n<style>\n#text-1416079121 {\n  font-size: 0.9rem;\n  text-align: center;\n}\n<\/style>\n\t<\/div>\n\t\n<div class=\"row align-middle\"  id=\"row-2120445038\">\n\n\t<div id=\"col-154050256\" class=\"col medium-6 small-12 large-6\"  >\n\t\t\t\t<div class=\"col-inner\"  >\n\t\t\t\n\t\t\t\n<p>SCA-senzor provodi nekoliko neovisnih mjerenja temperature u snje\u017enom pokriva\u010du pomo\u0107u kojih se mo\u017ee generirati to\u010dan profil temperature. Mjerne to\u010dke mogu se usporediti sa svije\u0107ama razli\u010ditih duljina i raspore\u0111ene su po slojevima unutar snje\u017enog pokriva\u010da (25, 50, 75 i 100 cm). Daljnje mjerenje temperature tla tako\u0111er se provodi izravno na tlu. Rezultati temperaturnog profila u snijegu mogu se koristiti za daljnju analizu konzistencije snje\u017enog pokriva\u010da.<\/p>\n<p>Temperaturne svije\u0107e izra\u0111ene od plastike (= lo\u0161 vodi\u010d topline) dopu\u0161taju samo vrlo mali utjecaj zra\u010denja. Baza izra\u0111ena od konzistentnog drveta ari\u0161a sprje\u010dava nepotrebno provo\u0111enje topline. Nadalje, okomita i prema gore usmjerena struktura temperaturnih senzora ne puca pod optere\u0107enjem snijegom. Stoga se uvijek mo\u017ee osigurati pouzdano i to\u010dno mjerenje temperature snijega.<\/p>\n<ul>\n<li>Kontinuirano snimanje temperature snijega i tla na pojedinim dubinama profila<\/li>\n<li>Kori\u0161tenje vrlo to\u010dnih i vrlo izdr\u017eljivih otpornih detektora temperature (Pt100)<\/li>\n<li>Bolji i to\u010dniji rezultati mjerenja kroz raspored slojeva &#8211; detektor mjeri u snijegu, a ne temperaturu zraka<\/li>\n<li>Mogu\u0107a je jednostavna ugradnja i zamjena temperaturnih svije\u0107a<\/li>\n<li>Jednostavna integracija u postoje\u0107e sustave<\/li>\n<\/ul>\n\t\t<\/div>\n\t\t\t\t\n<style>\n#col-154050256 > .col-inner {\n  padding: 2em 1em 0px 1em;\n}\n<\/style>\n\t<\/div>\n\n\t\n\n\t<div id=\"col-1808497423\" class=\"col medium-6 small-12 large-6\"  >\n\t\t\t\t<div class=\"col-inner\"  >\n\t\t\t\n\t\t\t\n\t<div class=\"img has-hover x md-x lg-x y md-y lg-y\" id=\"image_19282583\">\n\t\t\t\t\t\t\t\t<div class=\"img-inner dark\" >\n\t\t\t<img loading=\"lazy\" decoding=\"async\" width=\"650\" height=\"650\" src=\"https:\/\/vode.hr\/wp-content\/uploads\/2023\/05\/Senzor-za-profiliranje-temperature-snijega-SCA-1033-1.jpg\" class=\"attachment-original size-original\" alt=\"\" srcset=\"https:\/\/vode.hr\/wp-content\/uploads\/2023\/05\/Senzor-za-profiliranje-temperature-snijega-SCA-1033-1.jpg 650w, https:\/\/vode.hr\/wp-content\/uploads\/2023\/05\/Senzor-za-profiliranje-temperature-snijega-SCA-1033-1-300x300.jpg 300w, https:\/\/vode.hr\/wp-content\/uploads\/2023\/05\/Senzor-za-profiliranje-temperature-snijega-SCA-1033-1-150x150.jpg 150w, https:\/\/vode.hr\/wp-content\/uploads\/2023\/05\/Senzor-za-profiliranje-temperature-snijega-SCA-1033-1-370x370.jpg 370w, https:\/\/vode.hr\/wp-content\/uploads\/2023\/05\/Senzor-za-profiliranje-temperature-snijega-SCA-1033-1-100x100.jpg 100w\" sizes=\"(max-width: 650px) 100vw, 650px\" \/>\t\t\t\t\t\t\n\t\t\t\t\t<\/div>\n\t\t\t\t\t\t\t\t\n<style>\n#image_19282583 {\n  width: 100%;\n}\n<\/style>\n\t<\/div>\n\t\n\t\t<\/div>\n\t\t\t\t\n<style>\n#col-1808497423 > .col-inner {\n  padding: 0px 0px 0px 0px;\n}\n<\/style>\n\t<\/div>\n\n\t\n<\/div>\n\t\t<\/div>\n\t\t\t\t\t<\/div>\n\n\t\n\n<style>\n#row-1208561056 > .col > .col-inner {\n  padding: 3em 0px 0px 0px;\n}\n<\/style>\n<\/div>\n","protected":false},"excerpt":{"rendered":"<p>SCA-senzor mjeri temperaturu u razli\u010ditim slojevima snje\u017enog pokriva\u010da kao i na dnu. Time se generira vrlo to\u010dan profil temperature za odre\u0111eni snje\u017eni pokriva\u010d.<\/p>\n","protected":false},"featured_media":771,"template":"","meta":[],"product_cat":[225],"product_tag":[297],"class_list":["post-767","product","type-product","status-publish","has-post-thumbnail","hentry","product_cat-snijeg-i-led","product_tag-sommer"],"yoast_head":"<!-- This site is optimized with the Yoast SEO plugin v25.0 - https:\/\/yoast.com\/wordpress\/plugins\/seo\/ -->\n<title>Senzor za profiliranje temperature snijega, SCA, Sommer - Vode.hr<\/title>\n<meta name=\"description\" content=\"SCA-senzor mjeri temperaturu u razli\u010ditim slojevima snje\u017enog pokriva\u010da kao i na dnu. Time se generira vrlo to\u010dan profil temperature za odre\u0111eni snje\u017eni pokriva\u010d.\" \/>\n<meta name=\"robots\" content=\"index, follow, max-snippet:-1, max-image-preview:large, max-video-preview:-1\" \/>\n<link rel=\"canonical\" href=\"https:\/\/vode.hr\/bs\/proizvod\/senzor-za-profiliranje-temperature-snijega-sca-sommer\/\" \/>\n<meta property=\"og:locale\" content=\"bs_BA\" \/>\n<meta property=\"og:type\" content=\"article\" \/>\n<meta property=\"og:title\" content=\"Senzor za profiliranje temperature snijega, SCA, Sommer - Vode.hr\" \/>\n<meta property=\"og:description\" content=\"SCA-senzor mjeri temperaturu u razli\u010ditim slojevima snje\u017enog pokriva\u010da kao i na dnu. Time se generira vrlo to\u010dan profil temperature za odre\u0111eni snje\u017eni pokriva\u010d.\" \/>\n<meta property=\"og:url\" content=\"https:\/\/vode.hr\/bs\/proizvod\/senzor-za-profiliranje-temperature-snijega-sca-sommer\/\" \/>\n<meta property=\"og:site_name\" content=\"Vode.hr\" \/>\n<meta property=\"article:publisher\" content=\"https:\/\/www.facebook.com\/vode.hr\" \/>\n<meta property=\"article:modified_time\" content=\"2025-10-24T08:58:40+00:00\" \/>\n<meta property=\"og:image\" content=\"http:\/\/vode.hr\/wp-content\/uploads\/2023\/05\/Senzor-za-profiliranje-temperature-snijega-SCA-1033-0.jpg\" \/>\n\t<meta property=\"og:image:width\" content=\"650\" \/>\n\t<meta property=\"og:image:height\" content=\"650\" \/>\n\t<meta property=\"og:image:type\" content=\"image\/jpeg\" \/>\n<meta name=\"twitter:card\" content=\"summary_large_image\" \/>\n<meta name=\"twitter:label1\" content=\"Est. reading time\" \/>\n\t<meta name=\"twitter:data1\" content=\"2 minute\" \/>\n<script type=\"application\/ld+json\" class=\"yoast-schema-graph\">{\"@context\":\"https:\/\/schema.org\",\"@graph\":[{\"@type\":[\"WebPage\",\"ItemPage\"],\"@id\":\"https:\/\/vode.hr\/bs\/proizvod\/senzor-za-profiliranje-temperature-snijega-sca-sommer\/\",\"url\":\"https:\/\/vode.hr\/bs\/proizvod\/senzor-za-profiliranje-temperature-snijega-sca-sommer\/\",\"name\":\"Senzor za profiliranje temperature snijega, SCA, Sommer - Vode.hr\",\"isPartOf\":{\"@id\":\"https:\/\/vode.hr\/bs\/#website\"},\"primaryImageOfPage\":{\"@id\":\"https:\/\/vode.hr\/bs\/proizvod\/senzor-za-profiliranje-temperature-snijega-sca-sommer\/#primaryimage\"},\"image\":{\"@id\":\"https:\/\/vode.hr\/bs\/proizvod\/senzor-za-profiliranje-temperature-snijega-sca-sommer\/#primaryimage\"},\"thumbnailUrl\":\"https:\/\/vode.hr\/wp-content\/uploads\/2023\/05\/Senzor-za-profiliranje-temperature-snijega-SCA-1033-0.jpg\",\"datePublished\":\"2023-05-31T13:44:10+00:00\",\"dateModified\":\"2025-10-24T08:58:40+00:00\",\"description\":\"SCA-senzor mjeri temperaturu u razli\u010ditim slojevima snje\u017enog pokriva\u010da kao i na dnu. Time se generira vrlo to\u010dan profil temperature za odre\u0111eni snje\u017eni pokriva\u010d.\",\"breadcrumb\":{\"@id\":\"https:\/\/vode.hr\/bs\/proizvod\/senzor-za-profiliranje-temperature-snijega-sca-sommer\/#breadcrumb\"},\"inLanguage\":\"bs-BA\",\"potentialAction\":[{\"@type\":\"ReadAction\",\"target\":[\"https:\/\/vode.hr\/bs\/proizvod\/senzor-za-profiliranje-temperature-snijega-sca-sommer\/\"]}]},{\"@type\":\"ImageObject\",\"inLanguage\":\"bs-BA\",\"@id\":\"https:\/\/vode.hr\/bs\/proizvod\/senzor-za-profiliranje-temperature-snijega-sca-sommer\/#primaryimage\",\"url\":\"https:\/\/vode.hr\/wp-content\/uploads\/2023\/05\/Senzor-za-profiliranje-temperature-snijega-SCA-1033-0.jpg\",\"contentUrl\":\"https:\/\/vode.hr\/wp-content\/uploads\/2023\/05\/Senzor-za-profiliranje-temperature-snijega-SCA-1033-0.jpg\",\"width\":650,\"height\":650},{\"@type\":\"BreadcrumbList\",\"@id\":\"https:\/\/vode.hr\/bs\/proizvod\/senzor-za-profiliranje-temperature-snijega-sca-sommer\/#breadcrumb\",\"itemListElement\":[{\"@type\":\"ListItem\",\"position\":1,\"name\":\"Po\u010detna stranica\",\"item\":\"https:\/\/vode.hr\/bs\/\"},{\"@type\":\"ListItem\",\"position\":2,\"name\":\"Trgovina\",\"item\":\"https:\/\/vode.hr\/trgovina\/\"},{\"@type\":\"ListItem\",\"position\":3,\"name\":\"Senzor za profiliranje temperature snijega, SCA, Sommer\"}]},{\"@type\":\"WebSite\",\"@id\":\"https:\/\/vode.hr\/bs\/#website\",\"url\":\"https:\/\/vode.hr\/bs\/\",\"name\":\"Vode.hr\",\"description\":\"Mjerenje kvalitete voda, dezinfekcija vode i ure\u0111aji za mjerenje uvjeta u okoli\u0161u\",\"publisher\":{\"@id\":\"https:\/\/vode.hr\/bs\/#organization\"},\"potentialAction\":[{\"@type\":\"SearchAction\",\"target\":{\"@type\":\"EntryPoint\",\"urlTemplate\":\"https:\/\/vode.hr\/bs\/?s={search_term_string}\"},\"query-input\":{\"@type\":\"PropertyValueSpecification\",\"valueRequired\":true,\"valueName\":\"search_term_string\"}}],\"inLanguage\":\"bs-BA\"},{\"@type\":\"Organization\",\"@id\":\"https:\/\/vode.hr\/bs\/#organization\",\"name\":\"Primotronic d.o.o.\",\"url\":\"https:\/\/vode.hr\/bs\/\",\"logo\":{\"@type\":\"ImageObject\",\"inLanguage\":\"bs-BA\",\"@id\":\"https:\/\/vode.hr\/bs\/#\/schema\/logo\/image\/\",\"url\":\"http:\/\/vode.hr\/wp-content\/uploads\/2023\/04\/vode-1.png\",\"contentUrl\":\"http:\/\/vode.hr\/wp-content\/uploads\/2023\/04\/vode-1.png\",\"width\":300,\"height\":99,\"caption\":\"Primotronic d.o.o.\"},\"image\":{\"@id\":\"https:\/\/vode.hr\/bs\/#\/schema\/logo\/image\/\"},\"sameAs\":[\"https:\/\/www.facebook.com\/vode.hr\"]}]}<\/script>\n<!-- \/ Yoast SEO plugin. -->","yoast_head_json":{"title":"Senzor za profiliranje temperature snijega, SCA, Sommer - Vode.hr","description":"SCA-senzor mjeri temperaturu u razli\u010ditim slojevima snje\u017enog pokriva\u010da kao i na dnu. Time se generira vrlo to\u010dan profil temperature za odre\u0111eni snje\u017eni pokriva\u010d.","robots":{"index":"index","follow":"follow","max-snippet":"max-snippet:-1","max-image-preview":"max-image-preview:large","max-video-preview":"max-video-preview:-1"},"canonical":"https:\/\/vode.hr\/bs\/proizvod\/senzor-za-profiliranje-temperature-snijega-sca-sommer\/","og_locale":"bs_BA","og_type":"article","og_title":"Senzor za profiliranje temperature snijega, SCA, Sommer - Vode.hr","og_description":"SCA-senzor mjeri temperaturu u razli\u010ditim slojevima snje\u017enog pokriva\u010da kao i na dnu. Time se generira vrlo to\u010dan profil temperature za odre\u0111eni snje\u017eni pokriva\u010d.","og_url":"https:\/\/vode.hr\/bs\/proizvod\/senzor-za-profiliranje-temperature-snijega-sca-sommer\/","og_site_name":"Vode.hr","article_publisher":"https:\/\/www.facebook.com\/vode.hr","article_modified_time":"2025-10-24T08:58:40+00:00","og_image":[{"width":650,"height":650,"url":"http:\/\/vode.hr\/wp-content\/uploads\/2023\/05\/Senzor-za-profiliranje-temperature-snijega-SCA-1033-0.jpg","type":"image\/jpeg"}],"twitter_card":"summary_large_image","twitter_misc":{"Est. reading time":"2 minute"},"schema":{"@context":"https:\/\/schema.org","@graph":[{"@type":["WebPage","ItemPage"],"@id":"https:\/\/vode.hr\/bs\/proizvod\/senzor-za-profiliranje-temperature-snijega-sca-sommer\/","url":"https:\/\/vode.hr\/bs\/proizvod\/senzor-za-profiliranje-temperature-snijega-sca-sommer\/","name":"Senzor za profiliranje temperature snijega, SCA, Sommer - Vode.hr","isPartOf":{"@id":"https:\/\/vode.hr\/bs\/#website"},"primaryImageOfPage":{"@id":"https:\/\/vode.hr\/bs\/proizvod\/senzor-za-profiliranje-temperature-snijega-sca-sommer\/#primaryimage"},"image":{"@id":"https:\/\/vode.hr\/bs\/proizvod\/senzor-za-profiliranje-temperature-snijega-sca-sommer\/#primaryimage"},"thumbnailUrl":"https:\/\/vode.hr\/wp-content\/uploads\/2023\/05\/Senzor-za-profiliranje-temperature-snijega-SCA-1033-0.jpg","datePublished":"2023-05-31T13:44:10+00:00","dateModified":"2025-10-24T08:58:40+00:00","description":"SCA-senzor mjeri temperaturu u razli\u010ditim slojevima snje\u017enog pokriva\u010da kao i na dnu. Time se generira vrlo to\u010dan profil temperature za odre\u0111eni snje\u017eni pokriva\u010d.","breadcrumb":{"@id":"https:\/\/vode.hr\/bs\/proizvod\/senzor-za-profiliranje-temperature-snijega-sca-sommer\/#breadcrumb"},"inLanguage":"bs-BA","potentialAction":[{"@type":"ReadAction","target":["https:\/\/vode.hr\/bs\/proizvod\/senzor-za-profiliranje-temperature-snijega-sca-sommer\/"]}]},{"@type":"ImageObject","inLanguage":"bs-BA","@id":"https:\/\/vode.hr\/bs\/proizvod\/senzor-za-profiliranje-temperature-snijega-sca-sommer\/#primaryimage","url":"https:\/\/vode.hr\/wp-content\/uploads\/2023\/05\/Senzor-za-profiliranje-temperature-snijega-SCA-1033-0.jpg","contentUrl":"https:\/\/vode.hr\/wp-content\/uploads\/2023\/05\/Senzor-za-profiliranje-temperature-snijega-SCA-1033-0.jpg","width":650,"height":650},{"@type":"BreadcrumbList","@id":"https:\/\/vode.hr\/bs\/proizvod\/senzor-za-profiliranje-temperature-snijega-sca-sommer\/#breadcrumb","itemListElement":[{"@type":"ListItem","position":1,"name":"Po\u010detna stranica","item":"https:\/\/vode.hr\/bs\/"},{"@type":"ListItem","position":2,"name":"Trgovina","item":"https:\/\/vode.hr\/trgovina\/"},{"@type":"ListItem","position":3,"name":"Senzor za profiliranje temperature snijega, SCA, Sommer"}]},{"@type":"WebSite","@id":"https:\/\/vode.hr\/bs\/#website","url":"https:\/\/vode.hr\/bs\/","name":"Vode.hr","description":"Mjerenje kvalitete voda, dezinfekcija vode i ure\u0111aji za mjerenje uvjeta u okoli\u0161u","publisher":{"@id":"https:\/\/vode.hr\/bs\/#organization"},"potentialAction":[{"@type":"SearchAction","target":{"@type":"EntryPoint","urlTemplate":"https:\/\/vode.hr\/bs\/?s={search_term_string}"},"query-input":{"@type":"PropertyValueSpecification","valueRequired":true,"valueName":"search_term_string"}}],"inLanguage":"bs-BA"},{"@type":"Organization","@id":"https:\/\/vode.hr\/bs\/#organization","name":"Primotronic d.o.o.","url":"https:\/\/vode.hr\/bs\/","logo":{"@type":"ImageObject","inLanguage":"bs-BA","@id":"https:\/\/vode.hr\/bs\/#\/schema\/logo\/image\/","url":"http:\/\/vode.hr\/wp-content\/uploads\/2023\/04\/vode-1.png","contentUrl":"http:\/\/vode.hr\/wp-content\/uploads\/2023\/04\/vode-1.png","width":300,"height":99,"caption":"Primotronic d.o.o."},"image":{"@id":"https:\/\/vode.hr\/bs\/#\/schema\/logo\/image\/"},"sameAs":["https:\/\/www.facebook.com\/vode.hr"]}]}},"_links":{"self":[{"href":"https:\/\/vode.hr\/bs\/wp-json\/wp\/v2\/product\/767"}],"collection":[{"href":"https:\/\/vode.hr\/bs\/wp-json\/wp\/v2\/product"}],"about":[{"href":"https:\/\/vode.hr\/bs\/wp-json\/wp\/v2\/types\/product"}],"wp:featuredmedia":[{"embeddable":true,"href":"https:\/\/vode.hr\/bs\/wp-json\/wp\/v2\/media\/771"}],"wp:attachment":[{"href":"https:\/\/vode.hr\/bs\/wp-json\/wp\/v2\/media?parent=767"}],"wp:term":[{"taxonomy":"product_cat","embeddable":true,"href":"https:\/\/vode.hr\/bs\/wp-json\/wp\/v2\/product_cat?post=767"},{"taxonomy":"product_tag","embeddable":true,"href":"https:\/\/vode.hr\/bs\/wp-json\/wp\/v2\/product_tag?post=767"}],"curies":[{"name":"wp","href":"https:\/\/api.w.org\/{rel}","templated":true}]}}