{"id":772,"date":"2023-05-31T15:52:24","date_gmt":"2023-05-31T13:52:24","guid":{"rendered":"https:\/\/vode.hr\/?post_type=product&#038;p=772"},"modified":"2025-10-24T10:58:40","modified_gmt":"2025-10-24T08:58:40","slug":"senzor-klizanja-snijega-sge-20-sommer","status":"publish","type":"product","link":"https:\/\/vode.hr\/bs\/proizvod\/senzor-klizanja-snijega-sge-20-sommer\/","title":{"rendered":"Senzor klizanja snijega, SGE-20, Sommer"},"content":{"rendered":"<div class=\"row\"  id=\"row-247322784\">\n\n\t<div id=\"col-1169671803\" class=\"col small-12 large-12\"  >\n\t\t\t\t<div class=\"col-inner\"  >\n\t\t\t\n\t\t\t\n\t<div id=\"text-192035634\" class=\"text\">\n\t\t\n<h2>U\u010dinkovito mjerenje kliznog kretanja snijega na strmom terenu<\/h2>\n\t\t\n<style>\n#text-192035634 {\n  font-size: 1.3rem;\n  text-align: center;\n}\n<\/style>\n\t<\/div>\n\t\n\t<div id=\"text-1459223821\" class=\"text\">\n\t\t\n<p class=\"lead\">Pouzdani podatci i jednostavna integracija u postoje\u0107e sustave<\/p>\n\t\t\n<style>\n#text-1459223821 {\n  font-size: 0.9rem;\n  text-align: center;\n}\n<\/style>\n\t<\/div>\n\t\n<div class=\"row align-middle\"  id=\"row-1426753201\">\n\n\t<div id=\"col-117662748\" class=\"col medium-6 small-12 large-6\"  >\n\t\t\t\t<div class=\"col-inner\"  >\n\t\t\t\n\t\t\t\n\t<div id=\"text-8153182\" class=\"text\">\n\t\t\n<h2>Pordu\u010dja primjene<\/h2>\n\t\t\n<style>\n#text-8153182 {\n  text-align: center;\n}\n<\/style>\n\t<\/div>\n\t\n<div class=\"is-divider divider clearfix\" style=\"max-width:100%;\"><\/div>\n<p>Klizno kretanje snje\u017enog pokriva\u010da mo\u017ee se zabilje\u017eiti pomo\u0107u SGE-20. Ovo je jedinstven i precizan mjerni alat za istra\u017eiva\u010dke institute, komisije za okoli\u0161 i \u0161umarstvo, slu\u017ebe za upozoravanje na poplave i lavine i geologe koji se bave stanjem povr\u0161ine padina. Uz pomo\u0107 SGE-20, na primjer, planta\u017ee i druge odredbe za ugro\u017eene padine mogu se u\u010dinkovitije planirati.<\/p>\n<ul>\n<li>Mjerenje kliznog kretanja snijega na strmom terenu<\/li>\n<li>Prepoznavanje utjecaja uvjeta tla na snje\u017eni pokriva\u010d<\/li>\n<li>Robusno aluminijsko ku\u0107i\u0161te za kori\u0161tenje na snijegu i niskim temperaturama<\/li>\n<li>Pouzdan izlaz podataka i integracija u postoje\u0107e mjerne sustave<\/li>\n<li>Minimalna potro\u0161nja energije<\/li>\n<\/ul>\n<p>Senzor se ugra\u0111uje u teren i preko senzorskog kabela spaja na data logger. U samom senzoru nalazi se osjetljivi ekstenzometar. Na ekstenzometar se preko robusne i posebne \u017ei\u010dane veze pri\u010dvr\u0161\u0107uje tzv. Kada &#8220;cipela&#8221; klizi niz padinu zajedno sa i ispod snijega, senzor mjeri odgovaraju\u0107u udaljenost i emitira elektronski signal.<\/p>\n\t\t<\/div>\n\t\t\t\t\n<style>\n#col-117662748 > .col-inner {\n  padding: 2em 1em 0px 1em;\n}\n<\/style>\n\t<\/div>\n\n\t\n\n\t<div id=\"col-177683037\" class=\"col medium-6 small-12 large-6\"  >\n\t\t\t\t<div class=\"col-inner\"  >\n\t\t\t\n\t\t\t\n\t<div class=\"img has-hover x md-x lg-x y md-y lg-y\" id=\"image_588171349\">\n\t\t\t\t\t\t\t\t<div class=\"img-inner dark\" >\n\t\t\t<img loading=\"lazy\" decoding=\"async\" width=\"650\" height=\"650\" src=\"https:\/\/vode.hr\/wp-content\/uploads\/2023\/05\/Senzor-klizanja-snijega-SGE-20-1034-1.jpg\" class=\"attachment-original size-original\" alt=\"\" srcset=\"https:\/\/vode.hr\/wp-content\/uploads\/2023\/05\/Senzor-klizanja-snijega-SGE-20-1034-1.jpg 650w, https:\/\/vode.hr\/wp-content\/uploads\/2023\/05\/Senzor-klizanja-snijega-SGE-20-1034-1-300x300.jpg 300w, https:\/\/vode.hr\/wp-content\/uploads\/2023\/05\/Senzor-klizanja-snijega-SGE-20-1034-1-150x150.jpg 150w, https:\/\/vode.hr\/wp-content\/uploads\/2023\/05\/Senzor-klizanja-snijega-SGE-20-1034-1-370x370.jpg 370w, https:\/\/vode.hr\/wp-content\/uploads\/2023\/05\/Senzor-klizanja-snijega-SGE-20-1034-1-100x100.jpg 100w\" sizes=\"(max-width: 650px) 100vw, 650px\" \/>\t\t\t\t\t\t\n\t\t\t\t\t<\/div>\n\t\t\t\t\t\t\t\t\n<style>\n#image_588171349 {\n  width: 100%;\n}\n<\/style>\n\t<\/div>\n\t\n\t\t<\/div>\n\t\t\t\t\n<style>\n#col-177683037 > .col-inner {\n  padding: 0px 0px 0px 0px;\n}\n<\/style>\n\t<\/div>\n\n\t\n<\/div>\n\t\t<\/div>\n\t\t\t\t\t<\/div>\n\n\t\n\n<style>\n#row-247322784 > .col > .col-inner {\n  padding: 3em 0px 0px 0px;\n}\n<\/style>\n<\/div>\n","protected":false},"excerpt":{"rendered":"<p>Senzor SGE-20 omogu\u0107uje mjerenje klizanja snijega, pri \u010demu se mogu izvesti zaklju\u010dci o povezanosti stanja povr\u0161ine padine, nagiba padine i snje\u017enog pokriva\u010da.<\/p>\n","protected":false},"featured_media":774,"template":"","meta":[],"product_cat":[225],"product_tag":[297],"class_list":["post-772","product","type-product","status-publish","has-post-thumbnail","hentry","product_cat-snijeg-i-led","product_tag-sommer"],"yoast_head":"<!-- This site is optimized with the Yoast SEO plugin v25.0 - https:\/\/yoast.com\/wordpress\/plugins\/seo\/ -->\n<title>Senzor klizanja snijega, SGE-20, Sommer - Vode.hr<\/title>\n<meta name=\"description\" content=\"Senzor SGE-20 omogu\u0107uje mjerenje klizanja snijega, pri \u010demu se mogu izvesti zaklju\u010dci o povezanosti stanja povr\u0161ine padine, nagiba padine i snje\u017enog pokriva\u010da.\" \/>\n<meta name=\"robots\" content=\"index, follow, max-snippet:-1, max-image-preview:large, max-video-preview:-1\" \/>\n<link rel=\"canonical\" href=\"https:\/\/vode.hr\/bs\/proizvod\/senzor-klizanja-snijega-sge-20-sommer\/\" \/>\n<meta property=\"og:locale\" content=\"bs_BA\" \/>\n<meta property=\"og:type\" content=\"article\" \/>\n<meta property=\"og:title\" content=\"Senzor klizanja snijega, SGE-20, Sommer - Vode.hr\" \/>\n<meta property=\"og:description\" content=\"Senzor SGE-20 omogu\u0107uje mjerenje klizanja snijega, pri \u010demu se mogu izvesti zaklju\u010dci o povezanosti stanja povr\u0161ine padine, nagiba padine i snje\u017enog pokriva\u010da.\" \/>\n<meta property=\"og:url\" content=\"https:\/\/vode.hr\/bs\/proizvod\/senzor-klizanja-snijega-sge-20-sommer\/\" \/>\n<meta property=\"og:site_name\" content=\"Vode.hr\" \/>\n<meta property=\"article:publisher\" content=\"https:\/\/www.facebook.com\/vode.hr\" \/>\n<meta property=\"article:modified_time\" content=\"2025-10-24T08:58:40+00:00\" \/>\n<meta property=\"og:image\" content=\"http:\/\/vode.hr\/wp-content\/uploads\/2023\/05\/Senzor-klizanja-snijega-SGE-20-1034-0.jpg\" \/>\n\t<meta property=\"og:image:width\" content=\"650\" \/>\n\t<meta property=\"og:image:height\" content=\"650\" \/>\n\t<meta property=\"og:image:type\" content=\"image\/jpeg\" \/>\n<meta name=\"twitter:card\" content=\"summary_large_image\" \/>\n<meta name=\"twitter:label1\" content=\"Est. reading time\" \/>\n\t<meta name=\"twitter:data1\" content=\"2 minute\" \/>\n<script type=\"application\/ld+json\" class=\"yoast-schema-graph\">{\"@context\":\"https:\/\/schema.org\",\"@graph\":[{\"@type\":[\"WebPage\",\"ItemPage\"],\"@id\":\"https:\/\/vode.hr\/bs\/proizvod\/senzor-klizanja-snijega-sge-20-sommer\/\",\"url\":\"https:\/\/vode.hr\/bs\/proizvod\/senzor-klizanja-snijega-sge-20-sommer\/\",\"name\":\"Senzor klizanja snijega, SGE-20, Sommer - Vode.hr\",\"isPartOf\":{\"@id\":\"https:\/\/vode.hr\/bs\/#website\"},\"primaryImageOfPage\":{\"@id\":\"https:\/\/vode.hr\/bs\/proizvod\/senzor-klizanja-snijega-sge-20-sommer\/#primaryimage\"},\"image\":{\"@id\":\"https:\/\/vode.hr\/bs\/proizvod\/senzor-klizanja-snijega-sge-20-sommer\/#primaryimage\"},\"thumbnailUrl\":\"https:\/\/vode.hr\/wp-content\/uploads\/2023\/05\/Senzor-klizanja-snijega-SGE-20-1034-0.jpg\",\"datePublished\":\"2023-05-31T13:52:24+00:00\",\"dateModified\":\"2025-10-24T08:58:40+00:00\",\"description\":\"Senzor SGE-20 omogu\u0107uje mjerenje klizanja snijega, pri \u010demu se mogu izvesti zaklju\u010dci o povezanosti stanja povr\u0161ine padine, nagiba padine i snje\u017enog pokriva\u010da.\",\"breadcrumb\":{\"@id\":\"https:\/\/vode.hr\/bs\/proizvod\/senzor-klizanja-snijega-sge-20-sommer\/#breadcrumb\"},\"inLanguage\":\"bs-BA\",\"potentialAction\":[{\"@type\":\"ReadAction\",\"target\":[\"https:\/\/vode.hr\/bs\/proizvod\/senzor-klizanja-snijega-sge-20-sommer\/\"]}]},{\"@type\":\"ImageObject\",\"inLanguage\":\"bs-BA\",\"@id\":\"https:\/\/vode.hr\/bs\/proizvod\/senzor-klizanja-snijega-sge-20-sommer\/#primaryimage\",\"url\":\"https:\/\/vode.hr\/wp-content\/uploads\/2023\/05\/Senzor-klizanja-snijega-SGE-20-1034-0.jpg\",\"contentUrl\":\"https:\/\/vode.hr\/wp-content\/uploads\/2023\/05\/Senzor-klizanja-snijega-SGE-20-1034-0.jpg\",\"width\":650,\"height\":650},{\"@type\":\"BreadcrumbList\",\"@id\":\"https:\/\/vode.hr\/bs\/proizvod\/senzor-klizanja-snijega-sge-20-sommer\/#breadcrumb\",\"itemListElement\":[{\"@type\":\"ListItem\",\"position\":1,\"name\":\"Po\u010detna stranica\",\"item\":\"https:\/\/vode.hr\/bs\/\"},{\"@type\":\"ListItem\",\"position\":2,\"name\":\"Trgovina\",\"item\":\"https:\/\/vode.hr\/trgovina\/\"},{\"@type\":\"ListItem\",\"position\":3,\"name\":\"Senzor klizanja snijega, SGE-20, Sommer\"}]},{\"@type\":\"WebSite\",\"@id\":\"https:\/\/vode.hr\/bs\/#website\",\"url\":\"https:\/\/vode.hr\/bs\/\",\"name\":\"Vode.hr\",\"description\":\"Mjerenje kvalitete voda, dezinfekcija vode i ure\u0111aji za mjerenje uvjeta u okoli\u0161u\",\"publisher\":{\"@id\":\"https:\/\/vode.hr\/bs\/#organization\"},\"potentialAction\":[{\"@type\":\"SearchAction\",\"target\":{\"@type\":\"EntryPoint\",\"urlTemplate\":\"https:\/\/vode.hr\/bs\/?s={search_term_string}\"},\"query-input\":{\"@type\":\"PropertyValueSpecification\",\"valueRequired\":true,\"valueName\":\"search_term_string\"}}],\"inLanguage\":\"bs-BA\"},{\"@type\":\"Organization\",\"@id\":\"https:\/\/vode.hr\/bs\/#organization\",\"name\":\"Primotronic d.o.o.\",\"url\":\"https:\/\/vode.hr\/bs\/\",\"logo\":{\"@type\":\"ImageObject\",\"inLanguage\":\"bs-BA\",\"@id\":\"https:\/\/vode.hr\/bs\/#\/schema\/logo\/image\/\",\"url\":\"http:\/\/vode.hr\/wp-content\/uploads\/2023\/04\/vode-1.png\",\"contentUrl\":\"http:\/\/vode.hr\/wp-content\/uploads\/2023\/04\/vode-1.png\",\"width\":300,\"height\":99,\"caption\":\"Primotronic d.o.o.\"},\"image\":{\"@id\":\"https:\/\/vode.hr\/bs\/#\/schema\/logo\/image\/\"},\"sameAs\":[\"https:\/\/www.facebook.com\/vode.hr\"]}]}<\/script>\n<!-- \/ Yoast SEO plugin. -->","yoast_head_json":{"title":"Senzor klizanja snijega, SGE-20, Sommer - Vode.hr","description":"Senzor SGE-20 omogu\u0107uje mjerenje klizanja snijega, pri \u010demu se mogu izvesti zaklju\u010dci o povezanosti stanja povr\u0161ine padine, nagiba padine i snje\u017enog pokriva\u010da.","robots":{"index":"index","follow":"follow","max-snippet":"max-snippet:-1","max-image-preview":"max-image-preview:large","max-video-preview":"max-video-preview:-1"},"canonical":"https:\/\/vode.hr\/bs\/proizvod\/senzor-klizanja-snijega-sge-20-sommer\/","og_locale":"bs_BA","og_type":"article","og_title":"Senzor klizanja snijega, SGE-20, Sommer - Vode.hr","og_description":"Senzor SGE-20 omogu\u0107uje mjerenje klizanja snijega, pri \u010demu se mogu izvesti zaklju\u010dci o povezanosti stanja povr\u0161ine padine, nagiba padine i snje\u017enog pokriva\u010da.","og_url":"https:\/\/vode.hr\/bs\/proizvod\/senzor-klizanja-snijega-sge-20-sommer\/","og_site_name":"Vode.hr","article_publisher":"https:\/\/www.facebook.com\/vode.hr","article_modified_time":"2025-10-24T08:58:40+00:00","og_image":[{"width":650,"height":650,"url":"http:\/\/vode.hr\/wp-content\/uploads\/2023\/05\/Senzor-klizanja-snijega-SGE-20-1034-0.jpg","type":"image\/jpeg"}],"twitter_card":"summary_large_image","twitter_misc":{"Est. reading time":"2 minute"},"schema":{"@context":"https:\/\/schema.org","@graph":[{"@type":["WebPage","ItemPage"],"@id":"https:\/\/vode.hr\/bs\/proizvod\/senzor-klizanja-snijega-sge-20-sommer\/","url":"https:\/\/vode.hr\/bs\/proizvod\/senzor-klizanja-snijega-sge-20-sommer\/","name":"Senzor klizanja snijega, SGE-20, Sommer - Vode.hr","isPartOf":{"@id":"https:\/\/vode.hr\/bs\/#website"},"primaryImageOfPage":{"@id":"https:\/\/vode.hr\/bs\/proizvod\/senzor-klizanja-snijega-sge-20-sommer\/#primaryimage"},"image":{"@id":"https:\/\/vode.hr\/bs\/proizvod\/senzor-klizanja-snijega-sge-20-sommer\/#primaryimage"},"thumbnailUrl":"https:\/\/vode.hr\/wp-content\/uploads\/2023\/05\/Senzor-klizanja-snijega-SGE-20-1034-0.jpg","datePublished":"2023-05-31T13:52:24+00:00","dateModified":"2025-10-24T08:58:40+00:00","description":"Senzor SGE-20 omogu\u0107uje mjerenje klizanja snijega, pri \u010demu se mogu izvesti zaklju\u010dci o povezanosti stanja povr\u0161ine padine, nagiba padine i snje\u017enog pokriva\u010da.","breadcrumb":{"@id":"https:\/\/vode.hr\/bs\/proizvod\/senzor-klizanja-snijega-sge-20-sommer\/#breadcrumb"},"inLanguage":"bs-BA","potentialAction":[{"@type":"ReadAction","target":["https:\/\/vode.hr\/bs\/proizvod\/senzor-klizanja-snijega-sge-20-sommer\/"]}]},{"@type":"ImageObject","inLanguage":"bs-BA","@id":"https:\/\/vode.hr\/bs\/proizvod\/senzor-klizanja-snijega-sge-20-sommer\/#primaryimage","url":"https:\/\/vode.hr\/wp-content\/uploads\/2023\/05\/Senzor-klizanja-snijega-SGE-20-1034-0.jpg","contentUrl":"https:\/\/vode.hr\/wp-content\/uploads\/2023\/05\/Senzor-klizanja-snijega-SGE-20-1034-0.jpg","width":650,"height":650},{"@type":"BreadcrumbList","@id":"https:\/\/vode.hr\/bs\/proizvod\/senzor-klizanja-snijega-sge-20-sommer\/#breadcrumb","itemListElement":[{"@type":"ListItem","position":1,"name":"Po\u010detna stranica","item":"https:\/\/vode.hr\/bs\/"},{"@type":"ListItem","position":2,"name":"Trgovina","item":"https:\/\/vode.hr\/trgovina\/"},{"@type":"ListItem","position":3,"name":"Senzor klizanja snijega, SGE-20, Sommer"}]},{"@type":"WebSite","@id":"https:\/\/vode.hr\/bs\/#website","url":"https:\/\/vode.hr\/bs\/","name":"Vode.hr","description":"Mjerenje kvalitete voda, dezinfekcija vode i ure\u0111aji za mjerenje uvjeta u okoli\u0161u","publisher":{"@id":"https:\/\/vode.hr\/bs\/#organization"},"potentialAction":[{"@type":"SearchAction","target":{"@type":"EntryPoint","urlTemplate":"https:\/\/vode.hr\/bs\/?s={search_term_string}"},"query-input":{"@type":"PropertyValueSpecification","valueRequired":true,"valueName":"search_term_string"}}],"inLanguage":"bs-BA"},{"@type":"Organization","@id":"https:\/\/vode.hr\/bs\/#organization","name":"Primotronic d.o.o.","url":"https:\/\/vode.hr\/bs\/","logo":{"@type":"ImageObject","inLanguage":"bs-BA","@id":"https:\/\/vode.hr\/bs\/#\/schema\/logo\/image\/","url":"http:\/\/vode.hr\/wp-content\/uploads\/2023\/04\/vode-1.png","contentUrl":"http:\/\/vode.hr\/wp-content\/uploads\/2023\/04\/vode-1.png","width":300,"height":99,"caption":"Primotronic d.o.o."},"image":{"@id":"https:\/\/vode.hr\/bs\/#\/schema\/logo\/image\/"},"sameAs":["https:\/\/www.facebook.com\/vode.hr"]}]}},"_links":{"self":[{"href":"https:\/\/vode.hr\/bs\/wp-json\/wp\/v2\/product\/772"}],"collection":[{"href":"https:\/\/vode.hr\/bs\/wp-json\/wp\/v2\/product"}],"about":[{"href":"https:\/\/vode.hr\/bs\/wp-json\/wp\/v2\/types\/product"}],"wp:featuredmedia":[{"embeddable":true,"href":"https:\/\/vode.hr\/bs\/wp-json\/wp\/v2\/media\/774"}],"wp:attachment":[{"href":"https:\/\/vode.hr\/bs\/wp-json\/wp\/v2\/media?parent=772"}],"wp:term":[{"taxonomy":"product_cat","embeddable":true,"href":"https:\/\/vode.hr\/bs\/wp-json\/wp\/v2\/product_cat?post=772"},{"taxonomy":"product_tag","embeddable":true,"href":"https:\/\/vode.hr\/bs\/wp-json\/wp\/v2\/product_tag?post=772"}],"curies":[{"name":"wp","href":"https:\/\/api.w.org\/{rel}","templated":true}]}}