{"id":776,"date":"2023-05-31T15:59:40","date_gmt":"2023-05-31T13:59:40","guid":{"rendered":"https:\/\/vode.hr\/?post_type=product&#038;p=776"},"modified":"2025-10-24T10:58:39","modified_gmt":"2025-10-24T08:58:39","slug":"senzor-za-temperaturu-snijega-pt100-sommer","status":"publish","type":"product","link":"https:\/\/vode.hr\/bs\/proizvod\/senzor-za-temperaturu-snijega-pt100-sommer\/","title":{"rendered":"Senzor za temperaturu snijega, PT100, Sommer"},"content":{"rendered":"<div class=\"row\"  id=\"row-8717871\">\n\n\t<div id=\"col-1553587722\" class=\"col small-12 large-12\"  >\n\t\t\t\t<div class=\"col-inner\"  >\n\t\t\t\n\t\t\t\n\t<div id=\"text-1552661278\" class=\"text\">\n\t\t\n<h2>Mjerenje temperature u samom snijegu<\/h2>\n\t\t\n<style>\n#text-1552661278 {\n  font-size: 1.3rem;\n  text-align: center;\n}\n<\/style>\n\t<\/div>\n\t\n\t<div id=\"text-2520909453\" class=\"text\">\n\t\t\n<p class=\"lead\">Pouzdani podatci i jednostavna integracija u postoje\u0107e sustave<\/p>\n\t\t\n<style>\n#text-2520909453 {\n  font-size: 0.9rem;\n  text-align: center;\n}\n<\/style>\n\t<\/div>\n\t\n<div class=\"row align-middle\"  id=\"row-1101381815\">\n\n\t<div id=\"col-2101780926\" class=\"col medium-6 small-12 large-6\"  >\n\t\t\t\t<div class=\"col-inner\"  >\n\t\t\t\n\t\t\t\n\t<div id=\"text-3492839689\" class=\"text\">\n\t\t\n<h2>Karakteristike<\/h2>\n\t\t\n<style>\n#text-3492839689 {\n  text-align: center;\n}\n<\/style>\n\t<\/div>\n\t\n<div class=\"is-divider divider clearfix\" style=\"max-width:100%;\"><\/div>\n<p>Visoko izdr\u017eljiv platinasti otporni temperaturni detektor tipa Pt100 s \u010detvero\u017eilnim strujnim krugom za ugradnju u okolinu za\u0161ti\u0107enu od zra\u010denja.<\/p>\n<p>Senzor se mo\u017ee primijeniti na vi\u0161e razli\u010ditih na\u010dina, kad god je potrebno vrlo precizno mjerenje temperature.<\/p>\n<p>Raspon mjerenja je izme\u0111u -50\u00b0C i +200\u00b0C. Senzor se mo\u017ee jednostavno integrirati u postoje\u0107e mjerne sustave.<\/p>\n\t\t<\/div>\n\t\t\t\t\n<style>\n#col-2101780926 > .col-inner {\n  padding: 2em 1em 0px 1em;\n}\n<\/style>\n\t<\/div>\n\n\t\n\n\t<div id=\"col-419017462\" class=\"col medium-6 small-12 large-6\"  >\n\t\t\t\t<div class=\"col-inner\"  >\n\t\t\t\n\t\t\t\n\t<div class=\"img has-hover x md-x lg-x y md-y lg-y\" id=\"image_930746162\">\n\t\t\t\t\t\t\t\t<div class=\"img-inner dark\" >\n\t\t\t<img loading=\"lazy\" decoding=\"async\" width=\"650\" height=\"650\" src=\"https:\/\/vode.hr\/wp-content\/uploads\/2023\/05\/Senzor-klizanja-snijega-SGE-20-1034-1.jpg\" class=\"attachment-original size-original\" alt=\"\" srcset=\"https:\/\/vode.hr\/wp-content\/uploads\/2023\/05\/Senzor-klizanja-snijega-SGE-20-1034-1.jpg 650w, https:\/\/vode.hr\/wp-content\/uploads\/2023\/05\/Senzor-klizanja-snijega-SGE-20-1034-1-300x300.jpg 300w, https:\/\/vode.hr\/wp-content\/uploads\/2023\/05\/Senzor-klizanja-snijega-SGE-20-1034-1-150x150.jpg 150w, https:\/\/vode.hr\/wp-content\/uploads\/2023\/05\/Senzor-klizanja-snijega-SGE-20-1034-1-370x370.jpg 370w, https:\/\/vode.hr\/wp-content\/uploads\/2023\/05\/Senzor-klizanja-snijega-SGE-20-1034-1-100x100.jpg 100w\" sizes=\"(max-width: 650px) 100vw, 650px\" \/>\t\t\t\t\t\t\n\t\t\t\t\t<\/div>\n\t\t\t\t\t\t\t\t\n<style>\n#image_930746162 {\n  width: 100%;\n}\n<\/style>\n\t<\/div>\n\t\n\t\t<\/div>\n\t\t\t\t\n<style>\n#col-419017462 > .col-inner {\n  padding: 0px 0px 0px 0px;\n}\n<\/style>\n\t<\/div>\n\n\t\n<\/div>\n\t\t<\/div>\n\t\t\t\t\t<\/div>\n\n\t\n\n<style>\n#row-8717871 > .col > .col-inner {\n  padding: 3em 0px 0px 0px;\n}\n<\/style>\n<\/div>\n","protected":false},"excerpt":{"rendered":"<p>Senzor temperature snijega (Pt100) vrlo je izdr\u017eljiv platinasti temperaturni detektor tipa Pt100. Pouzdano i to\u010dno detektira temperaturu snijega.<\/p>\n","protected":false},"featured_media":777,"template":"","meta":[],"product_cat":[225],"product_tag":[297],"class_list":["post-776","product","type-product","status-publish","has-post-thumbnail","hentry","product_cat-snijeg-i-led","product_tag-sommer"],"yoast_head":"<!-- This site is optimized with the Yoast SEO plugin v25.0 - https:\/\/yoast.com\/wordpress\/plugins\/seo\/ -->\n<title>Senzor za temperaturu snijega, PT100, Sommer - Vode.hr<\/title>\n<meta name=\"description\" content=\"Senzor temperature snijega (Pt100) vrlo je izdr\u017eljiv platinasti temperaturni detektor tipa Pt100. Pouzdano i to\u010dno detektira temperaturu snijega.\" \/>\n<meta name=\"robots\" content=\"index, follow, max-snippet:-1, max-image-preview:large, max-video-preview:-1\" \/>\n<link rel=\"canonical\" href=\"https:\/\/vode.hr\/bs\/proizvod\/senzor-za-temperaturu-snijega-pt100-sommer\/\" \/>\n<meta property=\"og:locale\" content=\"bs_BA\" \/>\n<meta property=\"og:type\" content=\"article\" \/>\n<meta property=\"og:title\" content=\"Senzor za temperaturu snijega, PT100, Sommer - Vode.hr\" \/>\n<meta property=\"og:description\" content=\"Senzor temperature snijega (Pt100) vrlo je izdr\u017eljiv platinasti temperaturni detektor tipa Pt100. Pouzdano i to\u010dno detektira temperaturu snijega.\" \/>\n<meta property=\"og:url\" content=\"https:\/\/vode.hr\/bs\/proizvod\/senzor-za-temperaturu-snijega-pt100-sommer\/\" \/>\n<meta property=\"og:site_name\" content=\"Vode.hr\" \/>\n<meta property=\"article:publisher\" content=\"https:\/\/www.facebook.com\/vode.hr\" \/>\n<meta property=\"article:modified_time\" content=\"2025-10-24T08:58:39+00:00\" \/>\n<meta property=\"og:image\" content=\"http:\/\/vode.hr\/wp-content\/uploads\/2023\/05\/Senzor-za-temperaturu-snijega-PT100-1035-0.jpg\" \/>\n\t<meta property=\"og:image:width\" content=\"650\" \/>\n\t<meta property=\"og:image:height\" content=\"650\" \/>\n\t<meta property=\"og:image:type\" content=\"image\/jpeg\" \/>\n<meta name=\"twitter:card\" content=\"summary_large_image\" \/>\n<meta name=\"twitter:label1\" content=\"Est. reading time\" \/>\n\t<meta name=\"twitter:data1\" content=\"1 minuta\" \/>\n<script type=\"application\/ld+json\" class=\"yoast-schema-graph\">{\"@context\":\"https:\/\/schema.org\",\"@graph\":[{\"@type\":[\"WebPage\",\"ItemPage\"],\"@id\":\"https:\/\/vode.hr\/bs\/proizvod\/senzor-za-temperaturu-snijega-pt100-sommer\/\",\"url\":\"https:\/\/vode.hr\/bs\/proizvod\/senzor-za-temperaturu-snijega-pt100-sommer\/\",\"name\":\"Senzor za temperaturu snijega, PT100, Sommer - Vode.hr\",\"isPartOf\":{\"@id\":\"https:\/\/vode.hr\/bs\/#website\"},\"primaryImageOfPage\":{\"@id\":\"https:\/\/vode.hr\/bs\/proizvod\/senzor-za-temperaturu-snijega-pt100-sommer\/#primaryimage\"},\"image\":{\"@id\":\"https:\/\/vode.hr\/bs\/proizvod\/senzor-za-temperaturu-snijega-pt100-sommer\/#primaryimage\"},\"thumbnailUrl\":\"https:\/\/vode.hr\/wp-content\/uploads\/2023\/05\/Senzor-za-temperaturu-snijega-PT100-1035-0.jpg\",\"datePublished\":\"2023-05-31T13:59:40+00:00\",\"dateModified\":\"2025-10-24T08:58:39+00:00\",\"description\":\"Senzor temperature snijega (Pt100) vrlo je izdr\u017eljiv platinasti temperaturni detektor tipa Pt100. Pouzdano i to\u010dno detektira temperaturu snijega.\",\"breadcrumb\":{\"@id\":\"https:\/\/vode.hr\/bs\/proizvod\/senzor-za-temperaturu-snijega-pt100-sommer\/#breadcrumb\"},\"inLanguage\":\"bs-BA\",\"potentialAction\":[{\"@type\":\"ReadAction\",\"target\":[\"https:\/\/vode.hr\/bs\/proizvod\/senzor-za-temperaturu-snijega-pt100-sommer\/\"]}]},{\"@type\":\"ImageObject\",\"inLanguage\":\"bs-BA\",\"@id\":\"https:\/\/vode.hr\/bs\/proizvod\/senzor-za-temperaturu-snijega-pt100-sommer\/#primaryimage\",\"url\":\"https:\/\/vode.hr\/wp-content\/uploads\/2023\/05\/Senzor-za-temperaturu-snijega-PT100-1035-0.jpg\",\"contentUrl\":\"https:\/\/vode.hr\/wp-content\/uploads\/2023\/05\/Senzor-za-temperaturu-snijega-PT100-1035-0.jpg\",\"width\":650,\"height\":650},{\"@type\":\"BreadcrumbList\",\"@id\":\"https:\/\/vode.hr\/bs\/proizvod\/senzor-za-temperaturu-snijega-pt100-sommer\/#breadcrumb\",\"itemListElement\":[{\"@type\":\"ListItem\",\"position\":1,\"name\":\"Po\u010detna stranica\",\"item\":\"https:\/\/vode.hr\/bs\/\"},{\"@type\":\"ListItem\",\"position\":2,\"name\":\"Trgovina\",\"item\":\"https:\/\/vode.hr\/trgovina\/\"},{\"@type\":\"ListItem\",\"position\":3,\"name\":\"Senzor za temperaturu snijega, PT100, Sommer\"}]},{\"@type\":\"WebSite\",\"@id\":\"https:\/\/vode.hr\/bs\/#website\",\"url\":\"https:\/\/vode.hr\/bs\/\",\"name\":\"Vode.hr\",\"description\":\"Mjerenje kvalitete voda, dezinfekcija vode i ure\u0111aji za mjerenje uvjeta u okoli\u0161u\",\"publisher\":{\"@id\":\"https:\/\/vode.hr\/bs\/#organization\"},\"potentialAction\":[{\"@type\":\"SearchAction\",\"target\":{\"@type\":\"EntryPoint\",\"urlTemplate\":\"https:\/\/vode.hr\/bs\/?s={search_term_string}\"},\"query-input\":{\"@type\":\"PropertyValueSpecification\",\"valueRequired\":true,\"valueName\":\"search_term_string\"}}],\"inLanguage\":\"bs-BA\"},{\"@type\":\"Organization\",\"@id\":\"https:\/\/vode.hr\/bs\/#organization\",\"name\":\"Primotronic d.o.o.\",\"url\":\"https:\/\/vode.hr\/bs\/\",\"logo\":{\"@type\":\"ImageObject\",\"inLanguage\":\"bs-BA\",\"@id\":\"https:\/\/vode.hr\/bs\/#\/schema\/logo\/image\/\",\"url\":\"http:\/\/vode.hr\/wp-content\/uploads\/2023\/04\/vode-1.png\",\"contentUrl\":\"http:\/\/vode.hr\/wp-content\/uploads\/2023\/04\/vode-1.png\",\"width\":300,\"height\":99,\"caption\":\"Primotronic d.o.o.\"},\"image\":{\"@id\":\"https:\/\/vode.hr\/bs\/#\/schema\/logo\/image\/\"},\"sameAs\":[\"https:\/\/www.facebook.com\/vode.hr\"]}]}<\/script>\n<!-- \/ Yoast SEO plugin. -->","yoast_head_json":{"title":"Senzor za temperaturu snijega, PT100, Sommer - Vode.hr","description":"Senzor temperature snijega (Pt100) vrlo je izdr\u017eljiv platinasti temperaturni detektor tipa Pt100. Pouzdano i to\u010dno detektira temperaturu snijega.","robots":{"index":"index","follow":"follow","max-snippet":"max-snippet:-1","max-image-preview":"max-image-preview:large","max-video-preview":"max-video-preview:-1"},"canonical":"https:\/\/vode.hr\/bs\/proizvod\/senzor-za-temperaturu-snijega-pt100-sommer\/","og_locale":"bs_BA","og_type":"article","og_title":"Senzor za temperaturu snijega, PT100, Sommer - Vode.hr","og_description":"Senzor temperature snijega (Pt100) vrlo je izdr\u017eljiv platinasti temperaturni detektor tipa Pt100. Pouzdano i to\u010dno detektira temperaturu snijega.","og_url":"https:\/\/vode.hr\/bs\/proizvod\/senzor-za-temperaturu-snijega-pt100-sommer\/","og_site_name":"Vode.hr","article_publisher":"https:\/\/www.facebook.com\/vode.hr","article_modified_time":"2025-10-24T08:58:39+00:00","og_image":[{"width":650,"height":650,"url":"http:\/\/vode.hr\/wp-content\/uploads\/2023\/05\/Senzor-za-temperaturu-snijega-PT100-1035-0.jpg","type":"image\/jpeg"}],"twitter_card":"summary_large_image","twitter_misc":{"Est. reading time":"1 minuta"},"schema":{"@context":"https:\/\/schema.org","@graph":[{"@type":["WebPage","ItemPage"],"@id":"https:\/\/vode.hr\/bs\/proizvod\/senzor-za-temperaturu-snijega-pt100-sommer\/","url":"https:\/\/vode.hr\/bs\/proizvod\/senzor-za-temperaturu-snijega-pt100-sommer\/","name":"Senzor za temperaturu snijega, PT100, Sommer - Vode.hr","isPartOf":{"@id":"https:\/\/vode.hr\/bs\/#website"},"primaryImageOfPage":{"@id":"https:\/\/vode.hr\/bs\/proizvod\/senzor-za-temperaturu-snijega-pt100-sommer\/#primaryimage"},"image":{"@id":"https:\/\/vode.hr\/bs\/proizvod\/senzor-za-temperaturu-snijega-pt100-sommer\/#primaryimage"},"thumbnailUrl":"https:\/\/vode.hr\/wp-content\/uploads\/2023\/05\/Senzor-za-temperaturu-snijega-PT100-1035-0.jpg","datePublished":"2023-05-31T13:59:40+00:00","dateModified":"2025-10-24T08:58:39+00:00","description":"Senzor temperature snijega (Pt100) vrlo je izdr\u017eljiv platinasti temperaturni detektor tipa Pt100. Pouzdano i to\u010dno detektira temperaturu snijega.","breadcrumb":{"@id":"https:\/\/vode.hr\/bs\/proizvod\/senzor-za-temperaturu-snijega-pt100-sommer\/#breadcrumb"},"inLanguage":"bs-BA","potentialAction":[{"@type":"ReadAction","target":["https:\/\/vode.hr\/bs\/proizvod\/senzor-za-temperaturu-snijega-pt100-sommer\/"]}]},{"@type":"ImageObject","inLanguage":"bs-BA","@id":"https:\/\/vode.hr\/bs\/proizvod\/senzor-za-temperaturu-snijega-pt100-sommer\/#primaryimage","url":"https:\/\/vode.hr\/wp-content\/uploads\/2023\/05\/Senzor-za-temperaturu-snijega-PT100-1035-0.jpg","contentUrl":"https:\/\/vode.hr\/wp-content\/uploads\/2023\/05\/Senzor-za-temperaturu-snijega-PT100-1035-0.jpg","width":650,"height":650},{"@type":"BreadcrumbList","@id":"https:\/\/vode.hr\/bs\/proizvod\/senzor-za-temperaturu-snijega-pt100-sommer\/#breadcrumb","itemListElement":[{"@type":"ListItem","position":1,"name":"Po\u010detna stranica","item":"https:\/\/vode.hr\/bs\/"},{"@type":"ListItem","position":2,"name":"Trgovina","item":"https:\/\/vode.hr\/trgovina\/"},{"@type":"ListItem","position":3,"name":"Senzor za temperaturu snijega, PT100, Sommer"}]},{"@type":"WebSite","@id":"https:\/\/vode.hr\/bs\/#website","url":"https:\/\/vode.hr\/bs\/","name":"Vode.hr","description":"Mjerenje kvalitete voda, dezinfekcija vode i ure\u0111aji za mjerenje uvjeta u okoli\u0161u","publisher":{"@id":"https:\/\/vode.hr\/bs\/#organization"},"potentialAction":[{"@type":"SearchAction","target":{"@type":"EntryPoint","urlTemplate":"https:\/\/vode.hr\/bs\/?s={search_term_string}"},"query-input":{"@type":"PropertyValueSpecification","valueRequired":true,"valueName":"search_term_string"}}],"inLanguage":"bs-BA"},{"@type":"Organization","@id":"https:\/\/vode.hr\/bs\/#organization","name":"Primotronic d.o.o.","url":"https:\/\/vode.hr\/bs\/","logo":{"@type":"ImageObject","inLanguage":"bs-BA","@id":"https:\/\/vode.hr\/bs\/#\/schema\/logo\/image\/","url":"http:\/\/vode.hr\/wp-content\/uploads\/2023\/04\/vode-1.png","contentUrl":"http:\/\/vode.hr\/wp-content\/uploads\/2023\/04\/vode-1.png","width":300,"height":99,"caption":"Primotronic d.o.o."},"image":{"@id":"https:\/\/vode.hr\/bs\/#\/schema\/logo\/image\/"},"sameAs":["https:\/\/www.facebook.com\/vode.hr"]}]}},"_links":{"self":[{"href":"https:\/\/vode.hr\/bs\/wp-json\/wp\/v2\/product\/776"}],"collection":[{"href":"https:\/\/vode.hr\/bs\/wp-json\/wp\/v2\/product"}],"about":[{"href":"https:\/\/vode.hr\/bs\/wp-json\/wp\/v2\/types\/product"}],"wp:featuredmedia":[{"embeddable":true,"href":"https:\/\/vode.hr\/bs\/wp-json\/wp\/v2\/media\/777"}],"wp:attachment":[{"href":"https:\/\/vode.hr\/bs\/wp-json\/wp\/v2\/media?parent=776"}],"wp:term":[{"taxonomy":"product_cat","embeddable":true,"href":"https:\/\/vode.hr\/bs\/wp-json\/wp\/v2\/product_cat?post=776"},{"taxonomy":"product_tag","embeddable":true,"href":"https:\/\/vode.hr\/bs\/wp-json\/wp\/v2\/product_tag?post=776"}],"curies":[{"name":"wp","href":"https:\/\/api.w.org\/{rel}","templated":true}]}}