{"id":779,"date":"2023-05-31T16:36:45","date_gmt":"2023-05-31T14:36:45","guid":{"rendered":"https:\/\/vode.hr\/?post_type=product&#038;p=779"},"modified":"2025-10-24T10:58:39","modified_gmt":"2025-10-24T08:58:39","slug":"automatska-vremenska-stanica-aws-sommer","status":"publish","type":"product","link":"https:\/\/vode.hr\/bs\/proizvod\/automatska-vremenska-stanica-aws-sommer\/","title":{"rendered":"Automatska vremenska stanica AWS, Sommer"},"content":{"rendered":"<div class=\"row\"  id=\"row-1847266329\">\n\n\t<div id=\"col-2002532200\" class=\"col small-12 large-12\"  >\n\t\t\t\t<div class=\"col-inner\"  >\n\t\t\t\n\t\t\t\n\t<div id=\"text-2583892345\" class=\"text\">\n\t\t\n<h2>Sveukupna slika vremenskih uvjeta<\/h2>\n\t\t\n<style>\n#text-2583892345 {\n  font-size: 1.3rem;\n  text-align: center;\n}\n<\/style>\n\t<\/div>\n\t\n\t<div id=\"text-3570410672\" class=\"text\">\n\t\t\n<p class=\"lead\">Dizajnirana za dugotrajnu upotrebu u ekstremnim vremenskim uvjetima u podru\u010djima\u00a0 bez ikakve infrastrukture<\/p>\n\t\t\n<style>\n#text-3570410672 {\n  font-size: 0.9rem;\n  text-align: center;\n}\n<\/style>\n\t<\/div>\n\t\n\t\t<\/div>\n\t\t\t\t\t<\/div>\n\n\t\n\n<style>\n#row-1847266329 > .col > .col-inner {\n  padding: 3em 0px 0px 0px;\n}\n<\/style>\n<\/div>\n<div class=\"row align-middle\"  id=\"row-1417218099\">\n\n\t<div id=\"col-1376670514\" class=\"col medium-6 small-12 large-6\"  >\n\t\t\t\t<div class=\"col-inner\"  >\n\t\t\t\n\t\t\t\n\t<div id=\"text-2808344125\" class=\"text\">\n\t\t\n<h2>Podru\u010dja primjene<\/h2>\n\t\t\n<style>\n#text-2808344125 {\n  text-align: center;\n}\n@media (min-width:550px) {\n  #text-2808344125 {\n    text-align: left;\n  }\n}\n<\/style>\n\t<\/div>\n\t\n<div class=\"is-divider divider clearfix\" style=\"max-width:100%;\"><\/div>\n<p>Meteorolo\u0161ka stanica se koristi posvuda, gdje se prikuplja sveobuhvatna slika lokalnih vremenskih uvjeta kroz dulje vremensko razdoblje. Meteorolozi, meteorolo\u0161ke slu\u017ebe, slu\u017ebe za upozoravanje na lavine ili razli\u010dite komisije za za\u0161titu okoli\u0161a u cijeloj njema\u010dkoj alpskoj regiji oslanjaju se na SOMMER tehnologiju. Tako\u0111er se meteorolo\u0161ke stanice koriste za za\u0161titu va\u017ene infrastrukture kao \u0161to su ceste i \u017eeljezni\u010dke linije.<\/p>\n<ul>\n<li>Prilago\u0111eni, pojedina\u010dni senzori<\/li>\n<li>Integracija u postoje\u0107e mjerne mre\u017ee, prikaz podataka u web pregledniku<\/li>\n<li>Kvalificirana usluga od planiranja, savjetovanja do instalacije i servisiranja stanice<\/li>\n<li>Opremljen solarnom plo\u010dom za autark rad u visokom alpskom okru\u017eenju s bilje\u017eenjem i prijenosom podataka<\/li>\n<\/ul>\n<p>Meteorolo\u0161ka stanica se mo\u017ee isporu\u010diti kao kompletno rje\u0161enje, montirati i aktivirati. Visokokvalitetne komponente i materijali jam\u010de dugotrajan rad tijekom cijele godine. Decentralne stanice su povezane sa centralnim prikupljanjem podataka ili spremaju podatke u integrirani logger.<\/p>\n<p>Nadalje, GSM\/GPRS veza se mo\u017ee uspostaviti sa stanicom. Osnovna opcija je automatska meteorolo\u0161ka stanica s mjerenjem, prikupljanjem, prijenosom, prijenosom, arhiviranjem i vizualizacijom rezultata mjerenja.<\/p>\n<p>Osim pojedina\u010dnih senzora, standardno je ugra\u0111en i jarbol od 5 m, vru\u0107e pocin\u010dan s pre\u010dkama za penjanje i za\u0161titom za penjanje, napajanjem energijom preko solarne plo\u010de kao i razvodni ormari\u0107 s data loggerom i gromobranskom za\u0161titom.<\/p>\n\t\t<\/div>\n\t\t\t\t\n<style>\n#col-1376670514 > .col-inner {\n  padding: 2em 1em 0px 1em;\n}\n<\/style>\n\t<\/div>\n\n\t\n\n\t<div id=\"col-362237573\" class=\"col medium-6 small-12 large-6\"  >\n\t\t\t\t<div class=\"col-inner\"  >\n\t\t\t\n\t\t\t\n\t<div class=\"img has-hover x md-x lg-x y md-y lg-y\" id=\"image_1311968051\">\n\t\t\t\t\t\t\t\t<div class=\"img-inner dark\" >\n\t\t\t<img loading=\"lazy\" decoding=\"async\" width=\"650\" height=\"650\" src=\"https:\/\/vode.hr\/wp-content\/uploads\/2023\/05\/Automatska-vremenska-stanica-AWS-1036-0.jpg\" class=\"attachment-original size-original\" alt=\"\" srcset=\"https:\/\/vode.hr\/wp-content\/uploads\/2023\/05\/Automatska-vremenska-stanica-AWS-1036-0.jpg 650w, https:\/\/vode.hr\/wp-content\/uploads\/2023\/05\/Automatska-vremenska-stanica-AWS-1036-0-300x300.jpg 300w, https:\/\/vode.hr\/wp-content\/uploads\/2023\/05\/Automatska-vremenska-stanica-AWS-1036-0-150x150.jpg 150w, https:\/\/vode.hr\/wp-content\/uploads\/2023\/05\/Automatska-vremenska-stanica-AWS-1036-0-370x370.jpg 370w, https:\/\/vode.hr\/wp-content\/uploads\/2023\/05\/Automatska-vremenska-stanica-AWS-1036-0-100x100.jpg 100w\" sizes=\"(max-width: 650px) 100vw, 650px\" \/>\t\t\t\t\t\t\n\t\t\t\t\t<\/div>\n\t\t\t\t\t\t\t\t\n<style>\n#image_1311968051 {\n  width: 93%;\n}\n<\/style>\n\t<\/div>\n\t\n\t\t<\/div>\n\t\t\t\t\n<style>\n#col-362237573 > .col-inner {\n  padding: 0px 0px 0px 0px;\n}\n<\/style>\n\t<\/div>\n\n\t\n<\/div>\n<div class=\"row align-middle\"  id=\"row-89663338\">\n\n\t<div id=\"col-244886672\" class=\"col medium-6 small-12 large-6\"  >\n\t\t\t\t<div class=\"col-inner\"  >\n\t\t\t\n\t\t\t\n\t<div class=\"img has-hover x md-x lg-x y md-y lg-y\" id=\"image_336197091\">\n\t\t\t\t\t\t\t\t<div class=\"img-inner dark\" >\n\t\t\t<img loading=\"lazy\" decoding=\"async\" width=\"650\" height=\"650\" src=\"https:\/\/vode.hr\/wp-content\/uploads\/2023\/05\/Automatska-vremenska-stanica-AWS-1036-3.jpg\" class=\"attachment-original size-original\" alt=\"\" srcset=\"https:\/\/vode.hr\/wp-content\/uploads\/2023\/05\/Automatska-vremenska-stanica-AWS-1036-3.jpg 650w, https:\/\/vode.hr\/wp-content\/uploads\/2023\/05\/Automatska-vremenska-stanica-AWS-1036-3-300x300.jpg 300w, https:\/\/vode.hr\/wp-content\/uploads\/2023\/05\/Automatska-vremenska-stanica-AWS-1036-3-150x150.jpg 150w, https:\/\/vode.hr\/wp-content\/uploads\/2023\/05\/Automatska-vremenska-stanica-AWS-1036-3-370x370.jpg 370w, https:\/\/vode.hr\/wp-content\/uploads\/2023\/05\/Automatska-vremenska-stanica-AWS-1036-3-100x100.jpg 100w\" sizes=\"(max-width: 650px) 100vw, 650px\" \/>\t\t\t\t\t\t\n\t\t\t\t\t<\/div>\n\t\t\t\t\t\t\t\t\n<style>\n#image_336197091 {\n  width: 100%;\n}\n<\/style>\n\t<\/div>\n\t\n\t\t<\/div>\n\t\t\t\t\n<style>\n#col-244886672 > .col-inner {\n  padding: 0px 0px 0px 0px;\n}\n<\/style>\n\t<\/div>\n\n\t\n\n\t<div id=\"col-1369994233\" class=\"col medium-6 small-12 large-6\"  >\n\t\t\t\t<div class=\"col-inner text-left\"  >\n\t\t\t\n\t\t\t\n\t<div id=\"text-3125938963\" class=\"text\">\n\t\t\n<h2>Istalacija, odr\u017eavanje i podr\u0161ka<\/h2>\n\t\t\n<style>\n#text-3125938963 {\n  text-align: center;\n}\n@media (min-width:550px) {\n  #text-3125938963 {\n    text-align: left;\n  }\n}\n<\/style>\n\t<\/div>\n\t\n<div class=\"is-divider divider clearfix\" style=\"max-width:100%;\"><\/div>\n<p>SOMMER upravlja timom visokokvalificiranih i iskusnih servisera. Ako kupac \u017eeli, na\u0161i servisni tehni\u010dari preuzimaju instalaciju, obuku i kontinuirano servisiranje stanica.<\/p>\n<p>Rad u visokom alpskom terenu i postavljanje uz podr\u0161ku helikoptera nije rijetkost. Vi\u0161e od 20 godina iskustva u izgradnji i postavljanju meteorolo\u0161kih stanica u alpskom okru\u017eenju poma\u017ee nam da pru\u017eimo najbolju podr\u0161ku kupcu.<\/p>\n<p>Individualna konfiguracija stanice prema lokalnim potrebama i zahtjevima mjerenja &#8211; kupac odlu\u010duje:<\/p>\n<ul>\n<li>Mjerno mjesto za vjetar, mjerno mjesto za snijeg, posebne konstrukcije<\/li>\n<li>Prijenosna stanica &#8211; kompaktna i vrlo niske potro\u0161nje energije, na trono\u0161cu<\/li>\n<li>Mobilna stanica na prikolici automobila<\/li>\n<li>Profesionalna meteorolo\u0161ka stanica za ve\u0107e zahtjeve<\/li>\n<li>Visina jarbola 1 &#8230; 10 m<\/li>\n<li>Oja\u010dana alpska verzija za ekstremne uvjete<\/li>\n<li>Integracija meteorolo\u0161ke stanice u postoje\u0107e mjerne mre\u017ee<\/li>\n<li>Meteorolo\u0161ka stanica u kombinaciji s mjerenjem razine vode\/mjerenjem protoka<\/li>\n<\/ul>\n<h3>Prijenos podataka<\/h3>\n<p>Nude se razli\u010dite mogu\u0107nosti prijenosa podataka i parametrizacije, a kao najekonomi\u010dnija verzija preporu\u010duje se &#8220;GPRS &#8211; Webserver&#8221;.<\/p>\n<ul>\n<li>Fiksna linija preko analognog\/ISDN-modema<\/li>\n<li>GSM prijenos podataka<\/li>\n<li>GPRS prijenos podataka na WEB poslu\u017eitelj: rezultati mjerenja dostupni uvijek i online putem interneta (web preglednik)<\/li>\n<li>Radio prijenos<\/li>\n<\/ul>\n\t<div id=\"gap-1765858497\" class=\"gap-element clearfix\" style=\"display:block; height:auto;\">\n\t\t\n<style>\n#gap-1765858497 {\n  padding-top: 30px;\n}\n<\/style>\n\t<\/div>\n\t\n\t<div id=\"gap-95224261\" class=\"gap-element clearfix\" style=\"display:block; height:auto;\">\n\t\t\n<style>\n#gap-95224261 {\n  padding-top: 30px;\n}\n<\/style>\n\t<\/div>\n\t\n\t\t<\/div>\n\t\t\t\t\n<style>\n#col-1369994233 > .col-inner {\n  padding: 0px 0px 0px 2px;\n}\n<\/style>\n\t<\/div>\n\n\t\n\n<style>\n#row-89663338 > .col > .col-inner {\n  padding: 2em 2em 2em 2em;\n}\n<\/style>\n<\/div>\n","protected":false},"excerpt":{"rendered":"<p>Automatska meteorolo\u0161ka stanica namijenjena je mjerenju vi\u0161e meteorolo\u0161kih parametara. Dizajnirana je i izgra\u0111ena za dugotrajnu upotrebu u ekstremnim vremenskim uvjetima bez ikakve infrastrukture. AWS se mo\u017ee opremiti razli\u010ditim senzorima prema specifi\u010dnim zahtjevima kupca. SOMMER stavlja veliki naglasak na najvi\u0161u kvalitetu i specijaliziran je za meteorolo\u0161ke stanice u alpskom i visoko alpskom okru\u017eenju.<\/p>\n<ul>\n<li>Temperatura zraka [\u00b0C]<\/li>\n<li>Vla\u017enost [% r.h.]<\/li>\n<li>Smjer vjetra [stupnjevi]<\/li>\n<li>Brzina vjetra [m\/s] i vrh [m\/s]<\/li>\n<li>Tlak zraka [mbar\/hPa]<\/li>\n<li>Globalno zra\u010denje [W\/m\u00b2]<\/li>\n<li>Ravnote\u017ea zra\u010denja [W\/m\u00b2]<\/li>\n<li>Oborina [mm]<\/li>\n<li>Ki\u0161a da \/ ne<\/li>\n<li>Temperatura tla [\u00b0C]<\/li>\n<li>Vla\u017enost tla [% r.h.]<\/li>\n<li>Isparavanje [mm\/dan]<\/li>\n<\/ul>\n","protected":false},"featured_media":782,"template":"","meta":[],"product_cat":[226],"product_tag":[297],"class_list":["post-779","product","type-product","status-publish","has-post-thumbnail","hentry","product_cat-vjetar-i-vremenski-uvjeti","product_tag-sommer"],"yoast_head":"<!-- This site is optimized with the Yoast SEO plugin v25.0 - https:\/\/yoast.com\/wordpress\/plugins\/seo\/ -->\n<title>Automatska vremenska stanica AWS, Sommer - Vode.hr<\/title>\n<meta name=\"description\" content=\"Automatska meteorolo\u0161ka stanica namijenjena je mjerenju vi\u0161e meteorolo\u0161kih parametara. Dizajnirana je i izgra\u0111ena za dugotrajnu upotrebu u ekstremnim vremenskim uvjetima bez ikakve infrastrukture. AWS se mo\u017ee opremiti razli\u010ditim senzorima prema specifi\u010dnim zahtjevima kupca. SOMMER stavlja veliki naglasak na najvi\u0161u kvalitetu i specijaliziran je za meteorolo\u0161ke stanice u alpskom i visoko alpskom okru\u017eenju.   Temperatura zraka   Vla\u017enost   Smjer vjetra   Brzina vjetra i vrh   Tlak zraka   Globalno zra\u010denje   Ravnote\u017ea zra\u010denja   Oborina   Ki\u0161a da \/ ne  Temperatura tla   Vla\u017enost tla   Isparavanje\" \/>\n<meta name=\"robots\" content=\"index, follow, max-snippet:-1, max-image-preview:large, max-video-preview:-1\" \/>\n<link rel=\"canonical\" href=\"https:\/\/vode.hr\/bs\/proizvod\/automatska-vremenska-stanica-aws-sommer\/\" \/>\n<meta property=\"og:locale\" content=\"bs_BA\" \/>\n<meta property=\"og:type\" content=\"article\" \/>\n<meta property=\"og:title\" content=\"Automatska vremenska stanica AWS, Sommer - Vode.hr\" \/>\n<meta property=\"og:description\" content=\"Automatska meteorolo\u0161ka stanica namijenjena je mjerenju vi\u0161e meteorolo\u0161kih parametara. Dizajnirana je i izgra\u0111ena za dugotrajnu upotrebu u ekstremnim vremenskim uvjetima bez ikakve infrastrukture. AWS se mo\u017ee opremiti razli\u010ditim senzorima prema specifi\u010dnim zahtjevima kupca. SOMMER stavlja veliki naglasak na najvi\u0161u kvalitetu i specijaliziran je za meteorolo\u0161ke stanice u alpskom i visoko alpskom okru\u017eenju.   Temperatura zraka   Vla\u017enost   Smjer vjetra   Brzina vjetra i vrh   Tlak zraka   Globalno zra\u010denje   Ravnote\u017ea zra\u010denja   Oborina   Ki\u0161a da \/ ne  Temperatura tla   Vla\u017enost tla   Isparavanje\" \/>\n<meta property=\"og:url\" content=\"https:\/\/vode.hr\/bs\/proizvod\/automatska-vremenska-stanica-aws-sommer\/\" \/>\n<meta property=\"og:site_name\" content=\"Vode.hr\" \/>\n<meta property=\"article:publisher\" content=\"https:\/\/www.facebook.com\/vode.hr\" \/>\n<meta property=\"article:modified_time\" content=\"2025-10-24T08:58:39+00:00\" \/>\n<meta property=\"og:image\" content=\"http:\/\/vode.hr\/wp-content\/uploads\/2023\/05\/Automatska-vremenska-stanica-AWS-1036-2.jpg\" \/>\n\t<meta property=\"og:image:width\" content=\"650\" \/>\n\t<meta property=\"og:image:height\" content=\"650\" \/>\n\t<meta property=\"og:image:type\" content=\"image\/jpeg\" \/>\n<meta name=\"twitter:card\" content=\"summary_large_image\" \/>\n<meta name=\"twitter:label1\" content=\"Est. reading time\" \/>\n\t<meta name=\"twitter:data1\" content=\"3 minute\" \/>\n<script type=\"application\/ld+json\" class=\"yoast-schema-graph\">{\"@context\":\"https:\/\/schema.org\",\"@graph\":[{\"@type\":[\"WebPage\",\"ItemPage\"],\"@id\":\"https:\/\/vode.hr\/bs\/proizvod\/automatska-vremenska-stanica-aws-sommer\/\",\"url\":\"https:\/\/vode.hr\/bs\/proizvod\/automatska-vremenska-stanica-aws-sommer\/\",\"name\":\"Automatska vremenska stanica AWS, Sommer - Vode.hr\",\"isPartOf\":{\"@id\":\"https:\/\/vode.hr\/bs\/#website\"},\"primaryImageOfPage\":{\"@id\":\"https:\/\/vode.hr\/bs\/proizvod\/automatska-vremenska-stanica-aws-sommer\/#primaryimage\"},\"image\":{\"@id\":\"https:\/\/vode.hr\/bs\/proizvod\/automatska-vremenska-stanica-aws-sommer\/#primaryimage\"},\"thumbnailUrl\":\"https:\/\/vode.hr\/wp-content\/uploads\/2023\/05\/Automatska-vremenska-stanica-AWS-1036-2.jpg\",\"datePublished\":\"2023-05-31T14:36:45+00:00\",\"dateModified\":\"2025-10-24T08:58:39+00:00\",\"description\":\"Automatska meteorolo\u0161ka stanica namijenjena je mjerenju vi\u0161e meteorolo\u0161kih parametara. Dizajnirana je i izgra\u0111ena za dugotrajnu upotrebu u ekstremnim vremenskim uvjetima bez ikakve infrastrukture. AWS se mo\u017ee opremiti razli\u010ditim senzorima prema specifi\u010dnim zahtjevima kupca. SOMMER stavlja veliki naglasak na najvi\u0161u kvalitetu i specijaliziran je za meteorolo\u0161ke stanice u alpskom i visoko alpskom okru\u017eenju. Temperatura zraka Vla\u017enost Smjer vjetra Brzina vjetra i vrh Tlak zraka Globalno zra\u010denje Ravnote\u017ea zra\u010denja Oborina Ki\u0161a da \/ ne Temperatura tla Vla\u017enost tla Isparavanje\",\"breadcrumb\":{\"@id\":\"https:\/\/vode.hr\/bs\/proizvod\/automatska-vremenska-stanica-aws-sommer\/#breadcrumb\"},\"inLanguage\":\"bs-BA\",\"potentialAction\":[{\"@type\":\"ReadAction\",\"target\":[\"https:\/\/vode.hr\/bs\/proizvod\/automatska-vremenska-stanica-aws-sommer\/\"]}]},{\"@type\":\"ImageObject\",\"inLanguage\":\"bs-BA\",\"@id\":\"https:\/\/vode.hr\/bs\/proizvod\/automatska-vremenska-stanica-aws-sommer\/#primaryimage\",\"url\":\"https:\/\/vode.hr\/wp-content\/uploads\/2023\/05\/Automatska-vremenska-stanica-AWS-1036-2.jpg\",\"contentUrl\":\"https:\/\/vode.hr\/wp-content\/uploads\/2023\/05\/Automatska-vremenska-stanica-AWS-1036-2.jpg\",\"width\":650,\"height\":650},{\"@type\":\"BreadcrumbList\",\"@id\":\"https:\/\/vode.hr\/bs\/proizvod\/automatska-vremenska-stanica-aws-sommer\/#breadcrumb\",\"itemListElement\":[{\"@type\":\"ListItem\",\"position\":1,\"name\":\"Po\u010detna stranica\",\"item\":\"https:\/\/vode.hr\/bs\/\"},{\"@type\":\"ListItem\",\"position\":2,\"name\":\"Trgovina\",\"item\":\"https:\/\/vode.hr\/trgovina\/\"},{\"@type\":\"ListItem\",\"position\":3,\"name\":\"Automatska vremenska stanica AWS, Sommer\"}]},{\"@type\":\"WebSite\",\"@id\":\"https:\/\/vode.hr\/bs\/#website\",\"url\":\"https:\/\/vode.hr\/bs\/\",\"name\":\"Vode.hr\",\"description\":\"Mjerenje kvalitete voda, dezinfekcija vode i ure\u0111aji za mjerenje uvjeta u okoli\u0161u\",\"publisher\":{\"@id\":\"https:\/\/vode.hr\/bs\/#organization\"},\"potentialAction\":[{\"@type\":\"SearchAction\",\"target\":{\"@type\":\"EntryPoint\",\"urlTemplate\":\"https:\/\/vode.hr\/bs\/?s={search_term_string}\"},\"query-input\":{\"@type\":\"PropertyValueSpecification\",\"valueRequired\":true,\"valueName\":\"search_term_string\"}}],\"inLanguage\":\"bs-BA\"},{\"@type\":\"Organization\",\"@id\":\"https:\/\/vode.hr\/bs\/#organization\",\"name\":\"Primotronic d.o.o.\",\"url\":\"https:\/\/vode.hr\/bs\/\",\"logo\":{\"@type\":\"ImageObject\",\"inLanguage\":\"bs-BA\",\"@id\":\"https:\/\/vode.hr\/bs\/#\/schema\/logo\/image\/\",\"url\":\"http:\/\/vode.hr\/wp-content\/uploads\/2023\/04\/vode-1.png\",\"contentUrl\":\"http:\/\/vode.hr\/wp-content\/uploads\/2023\/04\/vode-1.png\",\"width\":300,\"height\":99,\"caption\":\"Primotronic d.o.o.\"},\"image\":{\"@id\":\"https:\/\/vode.hr\/bs\/#\/schema\/logo\/image\/\"},\"sameAs\":[\"https:\/\/www.facebook.com\/vode.hr\"]}]}<\/script>\n<!-- \/ Yoast SEO plugin. -->","yoast_head_json":{"title":"Automatska vremenska stanica AWS, Sommer - Vode.hr","description":"Automatska meteorolo\u0161ka stanica namijenjena je mjerenju vi\u0161e meteorolo\u0161kih parametara. Dizajnirana je i izgra\u0111ena za dugotrajnu upotrebu u ekstremnim vremenskim uvjetima bez ikakve infrastrukture. AWS se mo\u017ee opremiti razli\u010ditim senzorima prema specifi\u010dnim zahtjevima kupca. SOMMER stavlja veliki naglasak na najvi\u0161u kvalitetu i specijaliziran je za meteorolo\u0161ke stanice u alpskom i visoko alpskom okru\u017eenju.   Temperatura zraka   Vla\u017enost   Smjer vjetra   Brzina vjetra i vrh   Tlak zraka   Globalno zra\u010denje   Ravnote\u017ea zra\u010denja   Oborina   Ki\u0161a da \/ ne  Temperatura tla   Vla\u017enost tla   Isparavanje","robots":{"index":"index","follow":"follow","max-snippet":"max-snippet:-1","max-image-preview":"max-image-preview:large","max-video-preview":"max-video-preview:-1"},"canonical":"https:\/\/vode.hr\/bs\/proizvod\/automatska-vremenska-stanica-aws-sommer\/","og_locale":"bs_BA","og_type":"article","og_title":"Automatska vremenska stanica AWS, Sommer - Vode.hr","og_description":"Automatska meteorolo\u0161ka stanica namijenjena je mjerenju vi\u0161e meteorolo\u0161kih parametara. Dizajnirana je i izgra\u0111ena za dugotrajnu upotrebu u ekstremnim vremenskim uvjetima bez ikakve infrastrukture. AWS se mo\u017ee opremiti razli\u010ditim senzorima prema specifi\u010dnim zahtjevima kupca. SOMMER stavlja veliki naglasak na najvi\u0161u kvalitetu i specijaliziran je za meteorolo\u0161ke stanice u alpskom i visoko alpskom okru\u017eenju.   Temperatura zraka   Vla\u017enost   Smjer vjetra   Brzina vjetra i vrh   Tlak zraka   Globalno zra\u010denje   Ravnote\u017ea zra\u010denja   Oborina   Ki\u0161a da \/ ne  Temperatura tla   Vla\u017enost tla   Isparavanje","og_url":"https:\/\/vode.hr\/bs\/proizvod\/automatska-vremenska-stanica-aws-sommer\/","og_site_name":"Vode.hr","article_publisher":"https:\/\/www.facebook.com\/vode.hr","article_modified_time":"2025-10-24T08:58:39+00:00","og_image":[{"width":650,"height":650,"url":"http:\/\/vode.hr\/wp-content\/uploads\/2023\/05\/Automatska-vremenska-stanica-AWS-1036-2.jpg","type":"image\/jpeg"}],"twitter_card":"summary_large_image","twitter_misc":{"Est. reading time":"3 minute"},"schema":{"@context":"https:\/\/schema.org","@graph":[{"@type":["WebPage","ItemPage"],"@id":"https:\/\/vode.hr\/bs\/proizvod\/automatska-vremenska-stanica-aws-sommer\/","url":"https:\/\/vode.hr\/bs\/proizvod\/automatska-vremenska-stanica-aws-sommer\/","name":"Automatska vremenska stanica AWS, Sommer - Vode.hr","isPartOf":{"@id":"https:\/\/vode.hr\/bs\/#website"},"primaryImageOfPage":{"@id":"https:\/\/vode.hr\/bs\/proizvod\/automatska-vremenska-stanica-aws-sommer\/#primaryimage"},"image":{"@id":"https:\/\/vode.hr\/bs\/proizvod\/automatska-vremenska-stanica-aws-sommer\/#primaryimage"},"thumbnailUrl":"https:\/\/vode.hr\/wp-content\/uploads\/2023\/05\/Automatska-vremenska-stanica-AWS-1036-2.jpg","datePublished":"2023-05-31T14:36:45+00:00","dateModified":"2025-10-24T08:58:39+00:00","description":"Automatska meteorolo\u0161ka stanica namijenjena je mjerenju vi\u0161e meteorolo\u0161kih parametara. Dizajnirana je i izgra\u0111ena za dugotrajnu upotrebu u ekstremnim vremenskim uvjetima bez ikakve infrastrukture. AWS se mo\u017ee opremiti razli\u010ditim senzorima prema specifi\u010dnim zahtjevima kupca. SOMMER stavlja veliki naglasak na najvi\u0161u kvalitetu i specijaliziran je za meteorolo\u0161ke stanice u alpskom i visoko alpskom okru\u017eenju. Temperatura zraka Vla\u017enost Smjer vjetra Brzina vjetra i vrh Tlak zraka Globalno zra\u010denje Ravnote\u017ea zra\u010denja Oborina Ki\u0161a da \/ ne Temperatura tla Vla\u017enost tla Isparavanje","breadcrumb":{"@id":"https:\/\/vode.hr\/bs\/proizvod\/automatska-vremenska-stanica-aws-sommer\/#breadcrumb"},"inLanguage":"bs-BA","potentialAction":[{"@type":"ReadAction","target":["https:\/\/vode.hr\/bs\/proizvod\/automatska-vremenska-stanica-aws-sommer\/"]}]},{"@type":"ImageObject","inLanguage":"bs-BA","@id":"https:\/\/vode.hr\/bs\/proizvod\/automatska-vremenska-stanica-aws-sommer\/#primaryimage","url":"https:\/\/vode.hr\/wp-content\/uploads\/2023\/05\/Automatska-vremenska-stanica-AWS-1036-2.jpg","contentUrl":"https:\/\/vode.hr\/wp-content\/uploads\/2023\/05\/Automatska-vremenska-stanica-AWS-1036-2.jpg","width":650,"height":650},{"@type":"BreadcrumbList","@id":"https:\/\/vode.hr\/bs\/proizvod\/automatska-vremenska-stanica-aws-sommer\/#breadcrumb","itemListElement":[{"@type":"ListItem","position":1,"name":"Po\u010detna stranica","item":"https:\/\/vode.hr\/bs\/"},{"@type":"ListItem","position":2,"name":"Trgovina","item":"https:\/\/vode.hr\/trgovina\/"},{"@type":"ListItem","position":3,"name":"Automatska vremenska stanica AWS, Sommer"}]},{"@type":"WebSite","@id":"https:\/\/vode.hr\/bs\/#website","url":"https:\/\/vode.hr\/bs\/","name":"Vode.hr","description":"Mjerenje kvalitete voda, dezinfekcija vode i ure\u0111aji za mjerenje uvjeta u okoli\u0161u","publisher":{"@id":"https:\/\/vode.hr\/bs\/#organization"},"potentialAction":[{"@type":"SearchAction","target":{"@type":"EntryPoint","urlTemplate":"https:\/\/vode.hr\/bs\/?s={search_term_string}"},"query-input":{"@type":"PropertyValueSpecification","valueRequired":true,"valueName":"search_term_string"}}],"inLanguage":"bs-BA"},{"@type":"Organization","@id":"https:\/\/vode.hr\/bs\/#organization","name":"Primotronic d.o.o.","url":"https:\/\/vode.hr\/bs\/","logo":{"@type":"ImageObject","inLanguage":"bs-BA","@id":"https:\/\/vode.hr\/bs\/#\/schema\/logo\/image\/","url":"http:\/\/vode.hr\/wp-content\/uploads\/2023\/04\/vode-1.png","contentUrl":"http:\/\/vode.hr\/wp-content\/uploads\/2023\/04\/vode-1.png","width":300,"height":99,"caption":"Primotronic d.o.o."},"image":{"@id":"https:\/\/vode.hr\/bs\/#\/schema\/logo\/image\/"},"sameAs":["https:\/\/www.facebook.com\/vode.hr"]}]}},"_links":{"self":[{"href":"https:\/\/vode.hr\/bs\/wp-json\/wp\/v2\/product\/779"}],"collection":[{"href":"https:\/\/vode.hr\/bs\/wp-json\/wp\/v2\/product"}],"about":[{"href":"https:\/\/vode.hr\/bs\/wp-json\/wp\/v2\/types\/product"}],"wp:featuredmedia":[{"embeddable":true,"href":"https:\/\/vode.hr\/bs\/wp-json\/wp\/v2\/media\/782"}],"wp:attachment":[{"href":"https:\/\/vode.hr\/bs\/wp-json\/wp\/v2\/media?parent=779"}],"wp:term":[{"taxonomy":"product_cat","embeddable":true,"href":"https:\/\/vode.hr\/bs\/wp-json\/wp\/v2\/product_cat?post=779"},{"taxonomy":"product_tag","embeddable":true,"href":"https:\/\/vode.hr\/bs\/wp-json\/wp\/v2\/product_tag?post=779"}],"curies":[{"name":"wp","href":"https:\/\/api.w.org\/{rel}","templated":true}]}}