{"id":786,"date":"2023-05-31T16:50:31","date_gmt":"2023-05-31T14:50:31","guid":{"rendered":"https:\/\/vode.hr\/?post_type=product&#038;p=786"},"modified":"2025-10-24T10:58:39","modified_gmt":"2025-10-24T08:58:39","slug":"sonde-za-temperaturu-i-vlaznost-zraka-sommer","status":"publish","type":"product","link":"https:\/\/vode.hr\/bs\/proizvod\/sonde-za-temperaturu-i-vlaznost-zraka-sommer\/","title":{"rendered":"Sonde za temperaturu i vla\u017enost zraka, Sommer"},"content":{"rendered":"<div class=\"row\"  id=\"row-250136033\">\n\n\t<div id=\"col-1506973851\" class=\"col small-12 large-12\"  >\n\t\t\t\t<div class=\"col-inner\"  >\n\t\t\t\n\t\t\t\n\t<div id=\"text-891659715\" class=\"text\">\n\t\t\n<h2>Pouzdano mjerenje temperature zraka i vla\u017enosti zraka za stru\u010dnjake<\/h2>\n\t\t\n<style>\n#text-891659715 {\n  font-size: 1.3rem;\n  text-align: center;\n}\n<\/style>\n\t<\/div>\n\t\n\t<div id=\"text-2116981447\" class=\"text\">\n\t\t\n<p class=\"lead\">ProSolo ODO je YSI-jev najnapredniji opti\u010dki mjera\u010d otopljenog kisika u vodi. Uparen s najnovijom opti\u010dkom DO i temperaturnom (ODO\/T) sondom, ProSolo koristi vi\u0161egodi\u0161nju ekspertizu u najsuvremenijoj tehnologiji mjerenja otopljenog kisika.<\/p>\n\t\t\n<style>\n#text-2116981447 {\n  font-size: 0.9rem;\n  text-align: center;\n}\n<\/style>\n\t<\/div>\n\t\n\t\t<\/div>\n\t\t\t\t\t<\/div>\n\n\t\n\n<style>\n#row-250136033 > .col > .col-inner {\n  padding: 3em 0px 0px 0px;\n}\n<\/style>\n<\/div>\n<div class=\"row align-middle\"  id=\"row-1284305402\">\n\n\t<div id=\"col-40953100\" class=\"col medium-6 small-12 large-6\"  >\n\t\t\t\t<div class=\"col-inner\"  >\n\t\t\t\n\t\t\t\n\t<div id=\"text-3792722873\" class=\"text\">\n\t\t\n<h2>Hygroclip (HC2)<\/h2>\n\t\t\n<style>\n#text-3792722873 {\n  text-align: center;\n}\n@media (min-width:550px) {\n  #text-3792722873 {\n    text-align: left;\n  }\n}\n<\/style>\n\t<\/div>\n\t\n<div class=\"is-divider divider clearfix\" style=\"max-width:100%;\"><\/div>\n<p>Vrlo pouzdan i dugoro\u010dno stabilan senzor za ekstremne uvjete. Sa svojim kompaktnim dizajnom lako se postavlja na terenu i mo\u017ee se lako integrirati u postoje\u0107e sustave.<\/p>\n<ul>\n<li>Precizan i dugoro\u010dno stabilan senzor (1 % relativne vla\u017enosti \/ godina)<\/li>\n<li>Otporan na vlagu (rosu) i pra\u0161inu (za\u0161tita IP 65)<\/li>\n<li>Univerzalno napajanje 5 &#8230; 26,5 VDC<\/li>\n<li>brzo i jednostavno izmjenjivo putem uti\u010dnog priklju\u010dka<\/li>\n<\/ul>\n<h3>Tehni\u010dki detalji<\/h3>\n<ul>\n<li>Mjerni element\/ princip higrometra AC-1 \/ Pt100<\/li>\n<li>Mjerno podru\u010dje vla\u017enosti 0 &#8230; 100 % rh; to\u010dnost: \u00b11,5 % rh<\/li>\n<li>Mjerno podru\u010dje temperature -40 &#8230; +100 \u00b0C; nelinearnost: 0,3 \u00b0C (pri 23 \u00b0C)<\/li>\n<li>Izlaz 0 &#8230; 1 VDC<\/li>\n<li>Napon napajanja 3,5 &#8230; 50 VDC<\/li>\n<li>Potro\u0161nja energije cca. 4 mA<\/li>\n<li>Za\u0161tita IP 65<\/li>\n<li>Mjere \u00f8 15 mm; duljina 100 mm<\/li>\n<\/ul>\n\t\t<\/div>\n\t\t\t\t\n<style>\n#col-40953100 > .col-inner {\n  padding: 2em 1em 0px 1em;\n}\n<\/style>\n\t<\/div>\n\n\t\n\n\t<div id=\"col-17675419\" class=\"col medium-6 small-12 large-6\"  >\n\t\t\t\t<div class=\"col-inner\"  >\n\t\t\t\n\t\t\t\n\t<div class=\"img has-hover x md-x lg-x y md-y lg-y\" id=\"image_1079540990\">\n\t\t\t\t\t\t\t\t<div class=\"img-inner dark\" >\n\t\t\t<img loading=\"lazy\" decoding=\"async\" width=\"650\" height=\"650\" src=\"https:\/\/vode.hr\/wp-content\/uploads\/2023\/05\/1037-1.jpg\" class=\"attachment-large size-large\" alt=\"\" srcset=\"https:\/\/vode.hr\/wp-content\/uploads\/2023\/05\/1037-1.jpg 650w, https:\/\/vode.hr\/wp-content\/uploads\/2023\/05\/1037-1-300x300.jpg 300w, https:\/\/vode.hr\/wp-content\/uploads\/2023\/05\/1037-1-150x150.jpg 150w, https:\/\/vode.hr\/wp-content\/uploads\/2023\/05\/1037-1-370x370.jpg 370w, https:\/\/vode.hr\/wp-content\/uploads\/2023\/05\/1037-1-100x100.jpg 100w\" sizes=\"(max-width: 650px) 100vw, 650px\" \/>\t\t\t\t\t\t\n\t\t\t\t\t<\/div>\n\t\t\t\t\t\t\t\t\n<style>\n#image_1079540990 {\n  width: 100%;\n}\n<\/style>\n\t<\/div>\n\t\n\t\t<\/div>\n\t\t\t\t\n<style>\n#col-17675419 > .col-inner {\n  padding: 0px 0px 0px 0px;\n}\n<\/style>\n\t<\/div>\n\n\t\n<\/div>\n<div class=\"row align-middle\"  id=\"row-21372918\">\n\n\t<div id=\"col-1920189979\" class=\"col medium-6 small-12 large-6\"  >\n\t\t\t\t<div class=\"col-inner\"  >\n\t\t\t\n\t\t\t\n\t<div class=\"img has-hover x md-x lg-x y md-y lg-y\" id=\"image_1721511211\">\n\t\t\t\t\t\t\t\t<div class=\"img-inner dark\" >\n\t\t\t<img loading=\"lazy\" decoding=\"async\" width=\"650\" height=\"650\" src=\"https:\/\/vode.hr\/wp-content\/uploads\/2023\/05\/1037-2.jpg\" class=\"attachment-original size-original\" alt=\"\" srcset=\"https:\/\/vode.hr\/wp-content\/uploads\/2023\/05\/1037-2.jpg 650w, https:\/\/vode.hr\/wp-content\/uploads\/2023\/05\/1037-2-300x300.jpg 300w, https:\/\/vode.hr\/wp-content\/uploads\/2023\/05\/1037-2-150x150.jpg 150w, https:\/\/vode.hr\/wp-content\/uploads\/2023\/05\/1037-2-370x370.jpg 370w, https:\/\/vode.hr\/wp-content\/uploads\/2023\/05\/1037-2-100x100.jpg 100w\" sizes=\"(max-width: 650px) 100vw, 650px\" \/>\t\t\t\t\t\t\n\t\t\t\t\t<\/div>\n\t\t\t\t\t\t\t\t\n<style>\n#image_1721511211 {\n  width: 100%;\n}\n<\/style>\n\t<\/div>\n\t\n\t\t<\/div>\n\t\t\t\t\n<style>\n#col-1920189979 > .col-inner {\n  padding: 0px 0px 0px 0px;\n}\n<\/style>\n\t<\/div>\n\n\t\n\n\t<div id=\"col-1197014140\" class=\"col medium-6 small-12 large-6\"  >\n\t\t\t\t<div class=\"col-inner text-left\"  >\n\t\t\t\n\t\t\t\n\t<div id=\"text-2717264110\" class=\"text\">\n\t\t\n<h2>MP-408A<\/h2>\n\t\t\n<style>\n#text-2717264110 {\n  text-align: center;\n}\n@media (min-width:550px) {\n  #text-2717264110 {\n    text-align: left;\n  }\n}\n<\/style>\n\t<\/div>\n\t\n<div class=\"is-divider divider clearfix\" style=\"max-width:100%;\"><\/div>\n<p>Senzor MP-408A odlikuje se posebnom precizno\u0161\u0107u, pouzdano\u0161\u0107u i dugotrajnom stabilno\u0161\u0107u, posebno iu ekstremnim uvjetima. Opremljen je posebno razvijenim \u0161titom za za\u0161titu od vremenskih uvjeta. Meteo senzori najvi\u0161e kvalitete i dugog vijeka trajanja razvijeni su za zahtjevnu primjenu u prirodi.<\/p>\n<ul>\n<li>Precizan i dugoro\u010dno stabilan senzor<\/li>\n<li>Otporan na vlagu (rosu) i pra\u0161inu<\/li>\n<li>Univerzalno napajanje 5 &#8230; 26,5 VDC<\/li>\n<\/ul>\n<h3>Tehni\u010dki detalji<\/h3>\n<ul>\n<li>Mjerni element\/ princip kapacitivni \/ Pt100<\/li>\n<li>Mjerno podru\u010dje vla\u017enosti 0 &#8230; 100 % rh; To\u010dnost: \u00b11,5 %<\/li>\n<li>Mjerno podru\u010dje temperature -40 \u00b0C &#8230; +60 \u00b0C; nelinearnost: 0,1 \u00b0C (na 0 \u00b0C)<\/li>\n<li>Izlaz 4 &#8230; 20 mA<\/li>\n<li>Napon napajanja 5 &#8230; 26,5 V DC<\/li>\n<li>Potro\u0161nja energije max. 50 mA<\/li>\n<li>Za\u0161tita IP 65<\/li>\n<li>Mjere \u00f8 25 mm; duljina 260 mm<\/li>\n<\/ul>\n\t<div id=\"gap-589167689\" class=\"gap-element clearfix\" style=\"display:block; height:auto;\">\n\t\t\n<style>\n#gap-589167689 {\n  padding-top: 30px;\n}\n<\/style>\n\t<\/div>\n\t\n\t<div id=\"gap-524385422\" class=\"gap-element clearfix\" style=\"display:block; height:auto;\">\n\t\t\n<style>\n#gap-524385422 {\n  padding-top: 30px;\n}\n<\/style>\n\t<\/div>\n\t\n\t\t<\/div>\n\t\t\t\t\n<style>\n#col-1197014140 > .col-inner {\n  padding: 0px 0px 0px 2px;\n}\n<\/style>\n\t<\/div>\n\n\t\n\n<style>\n#row-21372918 > .col > .col-inner {\n  padding: 2em 2em 2em 2em;\n}\n<\/style>\n<\/div>\n","protected":false},"excerpt":{"rendered":"<p>Mjerenja temperature i vla\u017enosti potrebna su za razli\u010dite zahtjeve i jedan su od najva\u017enijih meteorolo\u0161kih parametara. \u010cesto se oba parametra bilje\u017ee jednim senzorom. SOMMER uz Hydroclip i MP-408A nudi dva vrlo robusna i dugoro\u010dno stabilna senzora za ispunjavanje najvi\u0161ih zahtjeva.<\/p>\n","protected":false},"featured_media":787,"template":"","meta":[],"product_cat":[226],"product_tag":[297,296],"class_list":["post-786","product","type-product","status-publish","has-post-thumbnail","hentry","product_cat-vjetar-i-vremenski-uvjeti","product_tag-sommer","product_tag-ysi"],"yoast_head":"<!-- This site is optimized with the Yoast SEO plugin v25.0 - https:\/\/yoast.com\/wordpress\/plugins\/seo\/ -->\n<title>Sonde za temperaturu i vla\u017enost zraka, Sommer - Vode.hr<\/title>\n<meta name=\"description\" content=\"Mjerenja temperature i vla\u017enosti potrebna su za razli\u010dite zahtjeve i jedan su od najva\u017enijih meteorolo\u0161kih parametara. \u010cesto se oba parametra bilje\u017ee jednim senzorom. SOMMER uz Hydroclip i MP-408A nudi dva vrlo robusna i dugoro\u010dno stabilna senzora za ispunjavanje najvi\u0161ih zahtjeva.\" \/>\n<meta name=\"robots\" content=\"index, follow, max-snippet:-1, max-image-preview:large, max-video-preview:-1\" \/>\n<link rel=\"canonical\" href=\"https:\/\/vode.hr\/bs\/proizvod\/sonde-za-temperaturu-i-vlaznost-zraka-sommer\/\" \/>\n<meta property=\"og:locale\" content=\"bs_BA\" \/>\n<meta property=\"og:type\" content=\"article\" \/>\n<meta property=\"og:title\" content=\"Sonde za temperaturu i vla\u017enost zraka, Sommer - Vode.hr\" \/>\n<meta property=\"og:description\" content=\"Mjerenja temperature i vla\u017enosti potrebna su za razli\u010dite zahtjeve i jedan su od najva\u017enijih meteorolo\u0161kih parametara. \u010cesto se oba parametra bilje\u017ee jednim senzorom. SOMMER uz Hydroclip i MP-408A nudi dva vrlo robusna i dugoro\u010dno stabilna senzora za ispunjavanje najvi\u0161ih zahtjeva.\" \/>\n<meta property=\"og:url\" content=\"https:\/\/vode.hr\/bs\/proizvod\/sonde-za-temperaturu-i-vlaznost-zraka-sommer\/\" \/>\n<meta property=\"og:site_name\" content=\"Vode.hr\" \/>\n<meta property=\"article:publisher\" content=\"https:\/\/www.facebook.com\/vode.hr\" \/>\n<meta property=\"article:modified_time\" content=\"2025-10-24T08:58:39+00:00\" \/>\n<meta property=\"og:image\" content=\"http:\/\/vode.hr\/wp-content\/uploads\/2023\/05\/Sonde-za-temperaturu-i-vlaznost-zraka-1037-0.jpg\" \/>\n\t<meta property=\"og:image:width\" content=\"650\" \/>\n\t<meta property=\"og:image:height\" content=\"650\" \/>\n\t<meta property=\"og:image:type\" content=\"image\/jpeg\" \/>\n<meta name=\"twitter:card\" content=\"summary_large_image\" \/>\n<meta name=\"twitter:label1\" content=\"Est. reading time\" \/>\n\t<meta name=\"twitter:data1\" content=\"2 minute\" \/>\n<script type=\"application\/ld+json\" class=\"yoast-schema-graph\">{\"@context\":\"https:\/\/schema.org\",\"@graph\":[{\"@type\":[\"WebPage\",\"ItemPage\"],\"@id\":\"https:\/\/vode.hr\/bs\/proizvod\/sonde-za-temperaturu-i-vlaznost-zraka-sommer\/\",\"url\":\"https:\/\/vode.hr\/bs\/proizvod\/sonde-za-temperaturu-i-vlaznost-zraka-sommer\/\",\"name\":\"Sonde za temperaturu i vla\u017enost zraka, Sommer - Vode.hr\",\"isPartOf\":{\"@id\":\"https:\/\/vode.hr\/bs\/#website\"},\"primaryImageOfPage\":{\"@id\":\"https:\/\/vode.hr\/bs\/proizvod\/sonde-za-temperaturu-i-vlaznost-zraka-sommer\/#primaryimage\"},\"image\":{\"@id\":\"https:\/\/vode.hr\/bs\/proizvod\/sonde-za-temperaturu-i-vlaznost-zraka-sommer\/#primaryimage\"},\"thumbnailUrl\":\"https:\/\/vode.hr\/wp-content\/uploads\/2023\/05\/Sonde-za-temperaturu-i-vlaznost-zraka-1037-0.jpg\",\"datePublished\":\"2023-05-31T14:50:31+00:00\",\"dateModified\":\"2025-10-24T08:58:39+00:00\",\"description\":\"Mjerenja temperature i vla\u017enosti potrebna su za razli\u010dite zahtjeve i jedan su od najva\u017enijih meteorolo\u0161kih parametara. \u010cesto se oba parametra bilje\u017ee jednim senzorom. SOMMER uz Hydroclip i MP-408A nudi dva vrlo robusna i dugoro\u010dno stabilna senzora za ispunjavanje najvi\u0161ih zahtjeva.\",\"breadcrumb\":{\"@id\":\"https:\/\/vode.hr\/bs\/proizvod\/sonde-za-temperaturu-i-vlaznost-zraka-sommer\/#breadcrumb\"},\"inLanguage\":\"bs-BA\",\"potentialAction\":[{\"@type\":\"ReadAction\",\"target\":[\"https:\/\/vode.hr\/bs\/proizvod\/sonde-za-temperaturu-i-vlaznost-zraka-sommer\/\"]}]},{\"@type\":\"ImageObject\",\"inLanguage\":\"bs-BA\",\"@id\":\"https:\/\/vode.hr\/bs\/proizvod\/sonde-za-temperaturu-i-vlaznost-zraka-sommer\/#primaryimage\",\"url\":\"https:\/\/vode.hr\/wp-content\/uploads\/2023\/05\/Sonde-za-temperaturu-i-vlaznost-zraka-1037-0.jpg\",\"contentUrl\":\"https:\/\/vode.hr\/wp-content\/uploads\/2023\/05\/Sonde-za-temperaturu-i-vlaznost-zraka-1037-0.jpg\",\"width\":650,\"height\":650},{\"@type\":\"BreadcrumbList\",\"@id\":\"https:\/\/vode.hr\/bs\/proizvod\/sonde-za-temperaturu-i-vlaznost-zraka-sommer\/#breadcrumb\",\"itemListElement\":[{\"@type\":\"ListItem\",\"position\":1,\"name\":\"Po\u010detna stranica\",\"item\":\"https:\/\/vode.hr\/bs\/\"},{\"@type\":\"ListItem\",\"position\":2,\"name\":\"Trgovina\",\"item\":\"https:\/\/vode.hr\/trgovina\/\"},{\"@type\":\"ListItem\",\"position\":3,\"name\":\"Sonde za temperaturu i vla\u017enost zraka, Sommer\"}]},{\"@type\":\"WebSite\",\"@id\":\"https:\/\/vode.hr\/bs\/#website\",\"url\":\"https:\/\/vode.hr\/bs\/\",\"name\":\"Vode.hr\",\"description\":\"Mjerenje kvalitete voda, dezinfekcija vode i ure\u0111aji za mjerenje uvjeta u okoli\u0161u\",\"publisher\":{\"@id\":\"https:\/\/vode.hr\/bs\/#organization\"},\"potentialAction\":[{\"@type\":\"SearchAction\",\"target\":{\"@type\":\"EntryPoint\",\"urlTemplate\":\"https:\/\/vode.hr\/bs\/?s={search_term_string}\"},\"query-input\":{\"@type\":\"PropertyValueSpecification\",\"valueRequired\":true,\"valueName\":\"search_term_string\"}}],\"inLanguage\":\"bs-BA\"},{\"@type\":\"Organization\",\"@id\":\"https:\/\/vode.hr\/bs\/#organization\",\"name\":\"Primotronic d.o.o.\",\"url\":\"https:\/\/vode.hr\/bs\/\",\"logo\":{\"@type\":\"ImageObject\",\"inLanguage\":\"bs-BA\",\"@id\":\"https:\/\/vode.hr\/bs\/#\/schema\/logo\/image\/\",\"url\":\"http:\/\/vode.hr\/wp-content\/uploads\/2023\/04\/vode-1.png\",\"contentUrl\":\"http:\/\/vode.hr\/wp-content\/uploads\/2023\/04\/vode-1.png\",\"width\":300,\"height\":99,\"caption\":\"Primotronic d.o.o.\"},\"image\":{\"@id\":\"https:\/\/vode.hr\/bs\/#\/schema\/logo\/image\/\"},\"sameAs\":[\"https:\/\/www.facebook.com\/vode.hr\"]}]}<\/script>\n<!-- \/ Yoast SEO plugin. -->","yoast_head_json":{"title":"Sonde za temperaturu i vla\u017enost zraka, Sommer - Vode.hr","description":"Mjerenja temperature i vla\u017enosti potrebna su za razli\u010dite zahtjeve i jedan su od najva\u017enijih meteorolo\u0161kih parametara. \u010cesto se oba parametra bilje\u017ee jednim senzorom. SOMMER uz Hydroclip i MP-408A nudi dva vrlo robusna i dugoro\u010dno stabilna senzora za ispunjavanje najvi\u0161ih zahtjeva.","robots":{"index":"index","follow":"follow","max-snippet":"max-snippet:-1","max-image-preview":"max-image-preview:large","max-video-preview":"max-video-preview:-1"},"canonical":"https:\/\/vode.hr\/bs\/proizvod\/sonde-za-temperaturu-i-vlaznost-zraka-sommer\/","og_locale":"bs_BA","og_type":"article","og_title":"Sonde za temperaturu i vla\u017enost zraka, Sommer - Vode.hr","og_description":"Mjerenja temperature i vla\u017enosti potrebna su za razli\u010dite zahtjeve i jedan su od najva\u017enijih meteorolo\u0161kih parametara. \u010cesto se oba parametra bilje\u017ee jednim senzorom. SOMMER uz Hydroclip i MP-408A nudi dva vrlo robusna i dugoro\u010dno stabilna senzora za ispunjavanje najvi\u0161ih zahtjeva.","og_url":"https:\/\/vode.hr\/bs\/proizvod\/sonde-za-temperaturu-i-vlaznost-zraka-sommer\/","og_site_name":"Vode.hr","article_publisher":"https:\/\/www.facebook.com\/vode.hr","article_modified_time":"2025-10-24T08:58:39+00:00","og_image":[{"width":650,"height":650,"url":"http:\/\/vode.hr\/wp-content\/uploads\/2023\/05\/Sonde-za-temperaturu-i-vlaznost-zraka-1037-0.jpg","type":"image\/jpeg"}],"twitter_card":"summary_large_image","twitter_misc":{"Est. reading time":"2 minute"},"schema":{"@context":"https:\/\/schema.org","@graph":[{"@type":["WebPage","ItemPage"],"@id":"https:\/\/vode.hr\/bs\/proizvod\/sonde-za-temperaturu-i-vlaznost-zraka-sommer\/","url":"https:\/\/vode.hr\/bs\/proizvod\/sonde-za-temperaturu-i-vlaznost-zraka-sommer\/","name":"Sonde za temperaturu i vla\u017enost zraka, Sommer - Vode.hr","isPartOf":{"@id":"https:\/\/vode.hr\/bs\/#website"},"primaryImageOfPage":{"@id":"https:\/\/vode.hr\/bs\/proizvod\/sonde-za-temperaturu-i-vlaznost-zraka-sommer\/#primaryimage"},"image":{"@id":"https:\/\/vode.hr\/bs\/proizvod\/sonde-za-temperaturu-i-vlaznost-zraka-sommer\/#primaryimage"},"thumbnailUrl":"https:\/\/vode.hr\/wp-content\/uploads\/2023\/05\/Sonde-za-temperaturu-i-vlaznost-zraka-1037-0.jpg","datePublished":"2023-05-31T14:50:31+00:00","dateModified":"2025-10-24T08:58:39+00:00","description":"Mjerenja temperature i vla\u017enosti potrebna su za razli\u010dite zahtjeve i jedan su od najva\u017enijih meteorolo\u0161kih parametara. \u010cesto se oba parametra bilje\u017ee jednim senzorom. SOMMER uz Hydroclip i MP-408A nudi dva vrlo robusna i dugoro\u010dno stabilna senzora za ispunjavanje najvi\u0161ih zahtjeva.","breadcrumb":{"@id":"https:\/\/vode.hr\/bs\/proizvod\/sonde-za-temperaturu-i-vlaznost-zraka-sommer\/#breadcrumb"},"inLanguage":"bs-BA","potentialAction":[{"@type":"ReadAction","target":["https:\/\/vode.hr\/bs\/proizvod\/sonde-za-temperaturu-i-vlaznost-zraka-sommer\/"]}]},{"@type":"ImageObject","inLanguage":"bs-BA","@id":"https:\/\/vode.hr\/bs\/proizvod\/sonde-za-temperaturu-i-vlaznost-zraka-sommer\/#primaryimage","url":"https:\/\/vode.hr\/wp-content\/uploads\/2023\/05\/Sonde-za-temperaturu-i-vlaznost-zraka-1037-0.jpg","contentUrl":"https:\/\/vode.hr\/wp-content\/uploads\/2023\/05\/Sonde-za-temperaturu-i-vlaznost-zraka-1037-0.jpg","width":650,"height":650},{"@type":"BreadcrumbList","@id":"https:\/\/vode.hr\/bs\/proizvod\/sonde-za-temperaturu-i-vlaznost-zraka-sommer\/#breadcrumb","itemListElement":[{"@type":"ListItem","position":1,"name":"Po\u010detna stranica","item":"https:\/\/vode.hr\/bs\/"},{"@type":"ListItem","position":2,"name":"Trgovina","item":"https:\/\/vode.hr\/trgovina\/"},{"@type":"ListItem","position":3,"name":"Sonde za temperaturu i vla\u017enost zraka, Sommer"}]},{"@type":"WebSite","@id":"https:\/\/vode.hr\/bs\/#website","url":"https:\/\/vode.hr\/bs\/","name":"Vode.hr","description":"Mjerenje kvalitete voda, dezinfekcija vode i ure\u0111aji za mjerenje uvjeta u okoli\u0161u","publisher":{"@id":"https:\/\/vode.hr\/bs\/#organization"},"potentialAction":[{"@type":"SearchAction","target":{"@type":"EntryPoint","urlTemplate":"https:\/\/vode.hr\/bs\/?s={search_term_string}"},"query-input":{"@type":"PropertyValueSpecification","valueRequired":true,"valueName":"search_term_string"}}],"inLanguage":"bs-BA"},{"@type":"Organization","@id":"https:\/\/vode.hr\/bs\/#organization","name":"Primotronic d.o.o.","url":"https:\/\/vode.hr\/bs\/","logo":{"@type":"ImageObject","inLanguage":"bs-BA","@id":"https:\/\/vode.hr\/bs\/#\/schema\/logo\/image\/","url":"http:\/\/vode.hr\/wp-content\/uploads\/2023\/04\/vode-1.png","contentUrl":"http:\/\/vode.hr\/wp-content\/uploads\/2023\/04\/vode-1.png","width":300,"height":99,"caption":"Primotronic d.o.o."},"image":{"@id":"https:\/\/vode.hr\/bs\/#\/schema\/logo\/image\/"},"sameAs":["https:\/\/www.facebook.com\/vode.hr"]}]}},"_links":{"self":[{"href":"https:\/\/vode.hr\/bs\/wp-json\/wp\/v2\/product\/786"}],"collection":[{"href":"https:\/\/vode.hr\/bs\/wp-json\/wp\/v2\/product"}],"about":[{"href":"https:\/\/vode.hr\/bs\/wp-json\/wp\/v2\/types\/product"}],"wp:featuredmedia":[{"embeddable":true,"href":"https:\/\/vode.hr\/bs\/wp-json\/wp\/v2\/media\/787"}],"wp:attachment":[{"href":"https:\/\/vode.hr\/bs\/wp-json\/wp\/v2\/media?parent=786"}],"wp:term":[{"taxonomy":"product_cat","embeddable":true,"href":"https:\/\/vode.hr\/bs\/wp-json\/wp\/v2\/product_cat?post=786"},{"taxonomy":"product_tag","embeddable":true,"href":"https:\/\/vode.hr\/bs\/wp-json\/wp\/v2\/product_tag?post=786"}],"curies":[{"name":"wp","href":"https:\/\/api.w.org\/{rel}","templated":true}]}}