{"id":790,"date":"2023-05-31T16:57:12","date_gmt":"2023-05-31T14:57:12","guid":{"rendered":"https:\/\/vode.hr\/?post_type=product&#038;p=790"},"modified":"2025-10-24T10:58:39","modified_gmt":"2025-10-24T08:58:39","slug":"senzor-barometrijskog-tlaka-ptb110-sommer","status":"publish","type":"product","link":"https:\/\/vode.hr\/bs\/proizvod\/senzor-barometrijskog-tlaka-ptb110-sommer\/","title":{"rendered":"Senzor barometrijskog tlaka PTB110, Sommer"},"content":{"rendered":"","protected":false},"excerpt":{"rendered":"<p>Senzor tlaka zraka PTB110 mjeri barometarski tlak i napravljen je za ugradnju u razvodne ormare za\u0161ti\u0107ene od zra\u010denja ili zaklone od vremenskih uvjeta. Ima visoku dugotrajnu stabilnost i mo\u017ee se koristiti u o\u0161trim klimatskim uvjetima.<\/p>\n<ul>\n<li>Mjerno podru\u010dje 600 &#8230; 1060 hPa<\/li>\n<li>Linearnost 0,25 hPa<\/li>\n<li>Histereza 0,03 hPa<\/li>\n<li>Preciznost +\/- 0,3 hPa (pri +20 \u00b0C)<\/li>\n<li>Radna temperatura -40 \u00b0C &#8230; +60 \u00b0C<\/li>\n<li>Izlazni napon 0 &#8230; 2,5 V DC<\/li>\n<li>Napajanje 10 &#8230; 30 V DC<\/li>\n<li>Potro\u0161nja energije manja od 4 mA (standardni rad)<\/li>\n<li>Te\u017eina 90 g<\/li>\n<\/ul>\n","protected":false},"featured_media":791,"template":"","meta":[],"product_cat":[226],"product_tag":[297],"class_list":["post-790","product","type-product","status-publish","has-post-thumbnail","hentry","product_cat-vjetar-i-vremenski-uvjeti","product_tag-sommer"],"yoast_head":"<!-- This site is optimized with the Yoast SEO plugin v25.0 - https:\/\/yoast.com\/wordpress\/plugins\/seo\/ -->\n<title>Senzor barometrijskog tlaka PTB110, Sommer - Vode.hr<\/title>\n<meta name=\"description\" content=\"Senzor tlaka zraka PTB110 mjeri barometarski tlak i napravljen je za ugradnju u razvodne ormare za\u0161ti\u0107ene od zra\u010denja ili zaklone od vremenskih uvjeta. Ima visoku dugotrajnu stabilnost i mo\u017ee se koristiti u o\u0161trim klimatskim uvjetima.   Mjerno podru\u010dje 600 ... 1060 hPa  Linearnost 0,25 hPa  Histereza 0,03 hPa  Preciznost +\/- 0,3 hPa (pri +20 \u00b0C)  Radna temperatura -40 \u00b0C ... +60 \u00b0C  Izlazni napon 0 ... 2,5 V DC  Napajanje 10 ... 30 V DC  Potro\u0161nja energije manja od 4 mA (standardni rad)  Te\u017eina 90 g\" \/>\n<meta name=\"robots\" content=\"index, follow, max-snippet:-1, max-image-preview:large, max-video-preview:-1\" \/>\n<link rel=\"canonical\" href=\"https:\/\/vode.hr\/bs\/proizvod\/senzor-barometrijskog-tlaka-ptb110-sommer\/\" \/>\n<meta property=\"og:locale\" content=\"bs_BA\" \/>\n<meta property=\"og:type\" content=\"article\" \/>\n<meta property=\"og:title\" content=\"Senzor barometrijskog tlaka PTB110, Sommer - Vode.hr\" \/>\n<meta property=\"og:description\" content=\"Senzor tlaka zraka PTB110 mjeri barometarski tlak i napravljen je za ugradnju u razvodne ormare za\u0161ti\u0107ene od zra\u010denja ili zaklone od vremenskih uvjeta. Ima visoku dugotrajnu stabilnost i mo\u017ee se koristiti u o\u0161trim klimatskim uvjetima.   Mjerno podru\u010dje 600 ... 1060 hPa  Linearnost 0,25 hPa  Histereza 0,03 hPa  Preciznost +\/- 0,3 hPa (pri +20 \u00b0C)  Radna temperatura -40 \u00b0C ... +60 \u00b0C  Izlazni napon 0 ... 2,5 V DC  Napajanje 10 ... 30 V DC  Potro\u0161nja energije manja od 4 mA (standardni rad)  Te\u017eina 90 g\" \/>\n<meta property=\"og:url\" content=\"https:\/\/vode.hr\/bs\/proizvod\/senzor-barometrijskog-tlaka-ptb110-sommer\/\" \/>\n<meta property=\"og:site_name\" content=\"Vode.hr\" \/>\n<meta property=\"article:publisher\" content=\"https:\/\/www.facebook.com\/vode.hr\" \/>\n<meta property=\"article:modified_time\" content=\"2025-10-24T08:58:39+00:00\" \/>\n<meta property=\"og:image\" content=\"http:\/\/vode.hr\/wp-content\/uploads\/2023\/05\/Senzor-barometrijskog-tlaka-PTB110-1038-0.jpg\" \/>\n\t<meta property=\"og:image:width\" content=\"650\" \/>\n\t<meta property=\"og:image:height\" content=\"650\" \/>\n\t<meta property=\"og:image:type\" content=\"image\/jpeg\" \/>\n<meta name=\"twitter:card\" content=\"summary_large_image\" \/>\n<meta name=\"twitter:label1\" content=\"Est. reading time\" \/>\n\t<meta name=\"twitter:data1\" content=\"2 minute\" \/>\n<script type=\"application\/ld+json\" class=\"yoast-schema-graph\">{\"@context\":\"https:\/\/schema.org\",\"@graph\":[{\"@type\":[\"WebPage\",\"ItemPage\"],\"@id\":\"https:\/\/vode.hr\/bs\/proizvod\/senzor-barometrijskog-tlaka-ptb110-sommer\/\",\"url\":\"https:\/\/vode.hr\/bs\/proizvod\/senzor-barometrijskog-tlaka-ptb110-sommer\/\",\"name\":\"Senzor barometrijskog tlaka PTB110, Sommer - Vode.hr\",\"isPartOf\":{\"@id\":\"https:\/\/vode.hr\/bs\/#website\"},\"primaryImageOfPage\":{\"@id\":\"https:\/\/vode.hr\/bs\/proizvod\/senzor-barometrijskog-tlaka-ptb110-sommer\/#primaryimage\"},\"image\":{\"@id\":\"https:\/\/vode.hr\/bs\/proizvod\/senzor-barometrijskog-tlaka-ptb110-sommer\/#primaryimage\"},\"thumbnailUrl\":\"https:\/\/vode.hr\/wp-content\/uploads\/2023\/05\/Senzor-barometrijskog-tlaka-PTB110-1038-0.jpg\",\"datePublished\":\"2023-05-31T14:57:12+00:00\",\"dateModified\":\"2025-10-24T08:58:39+00:00\",\"description\":\"Senzor tlaka zraka PTB110 mjeri barometarski tlak i napravljen je za ugradnju u razvodne ormare za\u0161ti\u0107ene od zra\u010denja ili zaklone od vremenskih uvjeta. Ima visoku dugotrajnu stabilnost i mo\u017ee se koristiti u o\u0161trim klimatskim uvjetima. Mjerno podru\u010dje 600 ... 1060 hPa Linearnost 0,25 hPa Histereza 0,03 hPa Preciznost +\/- 0,3 hPa (pri +20 \u00b0C) Radna temperatura -40 \u00b0C ... +60 \u00b0C Izlazni napon 0 ... 2,5 V DC Napajanje 10 ... 30 V DC Potro\u0161nja energije manja od 4 mA (standardni rad) Te\u017eina 90 g\",\"breadcrumb\":{\"@id\":\"https:\/\/vode.hr\/bs\/proizvod\/senzor-barometrijskog-tlaka-ptb110-sommer\/#breadcrumb\"},\"inLanguage\":\"bs-BA\",\"potentialAction\":[{\"@type\":\"ReadAction\",\"target\":[\"https:\/\/vode.hr\/bs\/proizvod\/senzor-barometrijskog-tlaka-ptb110-sommer\/\"]}]},{\"@type\":\"ImageObject\",\"inLanguage\":\"bs-BA\",\"@id\":\"https:\/\/vode.hr\/bs\/proizvod\/senzor-barometrijskog-tlaka-ptb110-sommer\/#primaryimage\",\"url\":\"https:\/\/vode.hr\/wp-content\/uploads\/2023\/05\/Senzor-barometrijskog-tlaka-PTB110-1038-0.jpg\",\"contentUrl\":\"https:\/\/vode.hr\/wp-content\/uploads\/2023\/05\/Senzor-barometrijskog-tlaka-PTB110-1038-0.jpg\",\"width\":650,\"height\":650},{\"@type\":\"BreadcrumbList\",\"@id\":\"https:\/\/vode.hr\/bs\/proizvod\/senzor-barometrijskog-tlaka-ptb110-sommer\/#breadcrumb\",\"itemListElement\":[{\"@type\":\"ListItem\",\"position\":1,\"name\":\"Po\u010detna stranica\",\"item\":\"https:\/\/vode.hr\/bs\/\"},{\"@type\":\"ListItem\",\"position\":2,\"name\":\"Trgovina\",\"item\":\"https:\/\/vode.hr\/trgovina\/\"},{\"@type\":\"ListItem\",\"position\":3,\"name\":\"Senzor barometrijskog tlaka PTB110, Sommer\"}]},{\"@type\":\"WebSite\",\"@id\":\"https:\/\/vode.hr\/bs\/#website\",\"url\":\"https:\/\/vode.hr\/bs\/\",\"name\":\"Vode.hr\",\"description\":\"Mjerenje kvalitete voda, dezinfekcija vode i ure\u0111aji za mjerenje uvjeta u okoli\u0161u\",\"publisher\":{\"@id\":\"https:\/\/vode.hr\/bs\/#organization\"},\"potentialAction\":[{\"@type\":\"SearchAction\",\"target\":{\"@type\":\"EntryPoint\",\"urlTemplate\":\"https:\/\/vode.hr\/bs\/?s={search_term_string}\"},\"query-input\":{\"@type\":\"PropertyValueSpecification\",\"valueRequired\":true,\"valueName\":\"search_term_string\"}}],\"inLanguage\":\"bs-BA\"},{\"@type\":\"Organization\",\"@id\":\"https:\/\/vode.hr\/bs\/#organization\",\"name\":\"Primotronic d.o.o.\",\"url\":\"https:\/\/vode.hr\/bs\/\",\"logo\":{\"@type\":\"ImageObject\",\"inLanguage\":\"bs-BA\",\"@id\":\"https:\/\/vode.hr\/bs\/#\/schema\/logo\/image\/\",\"url\":\"http:\/\/vode.hr\/wp-content\/uploads\/2023\/04\/vode-1.png\",\"contentUrl\":\"http:\/\/vode.hr\/wp-content\/uploads\/2023\/04\/vode-1.png\",\"width\":300,\"height\":99,\"caption\":\"Primotronic d.o.o.\"},\"image\":{\"@id\":\"https:\/\/vode.hr\/bs\/#\/schema\/logo\/image\/\"},\"sameAs\":[\"https:\/\/www.facebook.com\/vode.hr\"]}]}<\/script>\n<!-- \/ Yoast SEO plugin. -->","yoast_head_json":{"title":"Senzor barometrijskog tlaka PTB110, Sommer - Vode.hr","description":"Senzor tlaka zraka PTB110 mjeri barometarski tlak i napravljen je za ugradnju u razvodne ormare za\u0161ti\u0107ene od zra\u010denja ili zaklone od vremenskih uvjeta. Ima visoku dugotrajnu stabilnost i mo\u017ee se koristiti u o\u0161trim klimatskim uvjetima.   Mjerno podru\u010dje 600 ... 1060 hPa  Linearnost 0,25 hPa  Histereza 0,03 hPa  Preciznost +\/- 0,3 hPa (pri +20 \u00b0C)  Radna temperatura -40 \u00b0C ... +60 \u00b0C  Izlazni napon 0 ... 2,5 V DC  Napajanje 10 ... 30 V DC  Potro\u0161nja energije manja od 4 mA (standardni rad)  Te\u017eina 90 g","robots":{"index":"index","follow":"follow","max-snippet":"max-snippet:-1","max-image-preview":"max-image-preview:large","max-video-preview":"max-video-preview:-1"},"canonical":"https:\/\/vode.hr\/bs\/proizvod\/senzor-barometrijskog-tlaka-ptb110-sommer\/","og_locale":"bs_BA","og_type":"article","og_title":"Senzor barometrijskog tlaka PTB110, Sommer - Vode.hr","og_description":"Senzor tlaka zraka PTB110 mjeri barometarski tlak i napravljen je za ugradnju u razvodne ormare za\u0161ti\u0107ene od zra\u010denja ili zaklone od vremenskih uvjeta. Ima visoku dugotrajnu stabilnost i mo\u017ee se koristiti u o\u0161trim klimatskim uvjetima.   Mjerno podru\u010dje 600 ... 1060 hPa  Linearnost 0,25 hPa  Histereza 0,03 hPa  Preciznost +\/- 0,3 hPa (pri +20 \u00b0C)  Radna temperatura -40 \u00b0C ... +60 \u00b0C  Izlazni napon 0 ... 2,5 V DC  Napajanje 10 ... 30 V DC  Potro\u0161nja energije manja od 4 mA (standardni rad)  Te\u017eina 90 g","og_url":"https:\/\/vode.hr\/bs\/proizvod\/senzor-barometrijskog-tlaka-ptb110-sommer\/","og_site_name":"Vode.hr","article_publisher":"https:\/\/www.facebook.com\/vode.hr","article_modified_time":"2025-10-24T08:58:39+00:00","og_image":[{"width":650,"height":650,"url":"http:\/\/vode.hr\/wp-content\/uploads\/2023\/05\/Senzor-barometrijskog-tlaka-PTB110-1038-0.jpg","type":"image\/jpeg"}],"twitter_card":"summary_large_image","twitter_misc":{"Est. reading time":"2 minute"},"schema":{"@context":"https:\/\/schema.org","@graph":[{"@type":["WebPage","ItemPage"],"@id":"https:\/\/vode.hr\/bs\/proizvod\/senzor-barometrijskog-tlaka-ptb110-sommer\/","url":"https:\/\/vode.hr\/bs\/proizvod\/senzor-barometrijskog-tlaka-ptb110-sommer\/","name":"Senzor barometrijskog tlaka PTB110, Sommer - Vode.hr","isPartOf":{"@id":"https:\/\/vode.hr\/bs\/#website"},"primaryImageOfPage":{"@id":"https:\/\/vode.hr\/bs\/proizvod\/senzor-barometrijskog-tlaka-ptb110-sommer\/#primaryimage"},"image":{"@id":"https:\/\/vode.hr\/bs\/proizvod\/senzor-barometrijskog-tlaka-ptb110-sommer\/#primaryimage"},"thumbnailUrl":"https:\/\/vode.hr\/wp-content\/uploads\/2023\/05\/Senzor-barometrijskog-tlaka-PTB110-1038-0.jpg","datePublished":"2023-05-31T14:57:12+00:00","dateModified":"2025-10-24T08:58:39+00:00","description":"Senzor tlaka zraka PTB110 mjeri barometarski tlak i napravljen je za ugradnju u razvodne ormare za\u0161ti\u0107ene od zra\u010denja ili zaklone od vremenskih uvjeta. Ima visoku dugotrajnu stabilnost i mo\u017ee se koristiti u o\u0161trim klimatskim uvjetima. Mjerno podru\u010dje 600 ... 1060 hPa Linearnost 0,25 hPa Histereza 0,03 hPa Preciznost +\/- 0,3 hPa (pri +20 \u00b0C) Radna temperatura -40 \u00b0C ... +60 \u00b0C Izlazni napon 0 ... 2,5 V DC Napajanje 10 ... 30 V DC Potro\u0161nja energije manja od 4 mA (standardni rad) Te\u017eina 90 g","breadcrumb":{"@id":"https:\/\/vode.hr\/bs\/proizvod\/senzor-barometrijskog-tlaka-ptb110-sommer\/#breadcrumb"},"inLanguage":"bs-BA","potentialAction":[{"@type":"ReadAction","target":["https:\/\/vode.hr\/bs\/proizvod\/senzor-barometrijskog-tlaka-ptb110-sommer\/"]}]},{"@type":"ImageObject","inLanguage":"bs-BA","@id":"https:\/\/vode.hr\/bs\/proizvod\/senzor-barometrijskog-tlaka-ptb110-sommer\/#primaryimage","url":"https:\/\/vode.hr\/wp-content\/uploads\/2023\/05\/Senzor-barometrijskog-tlaka-PTB110-1038-0.jpg","contentUrl":"https:\/\/vode.hr\/wp-content\/uploads\/2023\/05\/Senzor-barometrijskog-tlaka-PTB110-1038-0.jpg","width":650,"height":650},{"@type":"BreadcrumbList","@id":"https:\/\/vode.hr\/bs\/proizvod\/senzor-barometrijskog-tlaka-ptb110-sommer\/#breadcrumb","itemListElement":[{"@type":"ListItem","position":1,"name":"Po\u010detna stranica","item":"https:\/\/vode.hr\/bs\/"},{"@type":"ListItem","position":2,"name":"Trgovina","item":"https:\/\/vode.hr\/trgovina\/"},{"@type":"ListItem","position":3,"name":"Senzor barometrijskog tlaka PTB110, Sommer"}]},{"@type":"WebSite","@id":"https:\/\/vode.hr\/bs\/#website","url":"https:\/\/vode.hr\/bs\/","name":"Vode.hr","description":"Mjerenje kvalitete voda, dezinfekcija vode i ure\u0111aji za mjerenje uvjeta u okoli\u0161u","publisher":{"@id":"https:\/\/vode.hr\/bs\/#organization"},"potentialAction":[{"@type":"SearchAction","target":{"@type":"EntryPoint","urlTemplate":"https:\/\/vode.hr\/bs\/?s={search_term_string}"},"query-input":{"@type":"PropertyValueSpecification","valueRequired":true,"valueName":"search_term_string"}}],"inLanguage":"bs-BA"},{"@type":"Organization","@id":"https:\/\/vode.hr\/bs\/#organization","name":"Primotronic d.o.o.","url":"https:\/\/vode.hr\/bs\/","logo":{"@type":"ImageObject","inLanguage":"bs-BA","@id":"https:\/\/vode.hr\/bs\/#\/schema\/logo\/image\/","url":"http:\/\/vode.hr\/wp-content\/uploads\/2023\/04\/vode-1.png","contentUrl":"http:\/\/vode.hr\/wp-content\/uploads\/2023\/04\/vode-1.png","width":300,"height":99,"caption":"Primotronic d.o.o."},"image":{"@id":"https:\/\/vode.hr\/bs\/#\/schema\/logo\/image\/"},"sameAs":["https:\/\/www.facebook.com\/vode.hr"]}]}},"_links":{"self":[{"href":"https:\/\/vode.hr\/bs\/wp-json\/wp\/v2\/product\/790"}],"collection":[{"href":"https:\/\/vode.hr\/bs\/wp-json\/wp\/v2\/product"}],"about":[{"href":"https:\/\/vode.hr\/bs\/wp-json\/wp\/v2\/types\/product"}],"wp:featuredmedia":[{"embeddable":true,"href":"https:\/\/vode.hr\/bs\/wp-json\/wp\/v2\/media\/791"}],"wp:attachment":[{"href":"https:\/\/vode.hr\/bs\/wp-json\/wp\/v2\/media?parent=790"}],"wp:term":[{"taxonomy":"product_cat","embeddable":true,"href":"https:\/\/vode.hr\/bs\/wp-json\/wp\/v2\/product_cat?post=790"},{"taxonomy":"product_tag","embeddable":true,"href":"https:\/\/vode.hr\/bs\/wp-json\/wp\/v2\/product_tag?post=790"}],"curies":[{"name":"wp","href":"https:\/\/api.w.org\/{rel}","templated":true}]}}