{"id":794,"date":"2023-05-31T17:11:59","date_gmt":"2023-05-31T15:11:59","guid":{"rendered":"https:\/\/vode.hr\/?post_type=product&#038;p=794"},"modified":"2025-10-24T10:58:39","modified_gmt":"2025-10-24T08:58:39","slug":"mjerac-padalina-sommer","status":"publish","type":"product","link":"https:\/\/vode.hr\/bs\/proizvod\/mjerac-padalina-sommer\/","title":{"rendered":"Mjera\u010d padalina, Sommer"},"content":{"rendered":"<div class=\"row align-middle\"  id=\"row-423003716\">\n\n\t<div id=\"col-998991200\" class=\"col medium-6 small-12 large-6\"  >\n\t\t\t\t<div class=\"col-inner\"  >\n\t\t\t\n\t\t\t\n\t<div id=\"text-2552674179\" class=\"text\">\n\t\t\n<h2>Mjera\u010d oborine koji koristi princip vaganja NIWA-215\/415<\/h2>\n\t\t\n<style>\n#text-2552674179 {\n  text-align: center;\n}\n@media (min-width:550px) {\n  #text-2552674179 {\n    text-align: left;\n  }\n}\n<\/style>\n\t<\/div>\n\t\n<div class=\"is-divider divider clearfix\" style=\"max-width:100%;\"><\/div>\n<p>NIWA-215\/415 je inovativni visokokvalitetni mjera\u010d oborine koji koristi princip vaganja za mjerenje teku\u0107ih, krutih i mije\u0161anih oborina u \u0161irokom rasponu temperatura. U skladu je s najstro\u017eim zahtjevima WMO-a. NIWA-215\/415 je ure\u0111aj male snage \u010dak i tijekom hladnih zimskih razdoblja, budu\u0107i da se grijanje kontrolira kombinacijom postavki temperature i pojava ki\u0161e.<\/p>\n<p>NIWA-215\/415 posti\u017ee vrlo visoku razinu to\u010dnosti ispravljanjem podataka kako bi se eliminirao utjecaj vibracija vjetra, \u010destica, nerealnih varijacija te\u017eine, isparavanja i temperaturnih fluktuacija.<\/p>\n<p>\u0160to se ti\u010de otvora kante, dostupne su razli\u010dite verzije NIWA-215\/415 od 200 i 400 cm2. Sljede\u0107a o\u010ditanja dostupna su putem serijskih su\u010delja:<\/p>\n<ul>\n<li>Jednominutni intenzitet<\/li>\n<li>Ukupna suma padalina<\/li>\n<li>Trajanje ki\u0161e<\/li>\n<\/ul>\n<p>Isprobani i dokazani dizajn NIWA-215\/415 osigurava dugoro\u010dne to\u010dne i ponovljive rezultate. Proizveden je od visokokvalitetnih, izdr\u017eljivih materijala koji osiguravaju dugotrajnu stabilnost u najsurovijim okru\u017eenjima. Iznad toga, NIWA-215\/415 nema pokretnih dijelova. Ki\u0161a i snijeg va\u017eu se pomo\u0107u mosta za mjerenje naprezanja.<\/p>\n<p>NIWA-215\/415 isti\u010de se spajanjem jednostavne mehani\u010dke konstrukcije s naprednim \u0107elijama za mjerenje te\u017eine i sofisticiranim firmverom. NIWA-215\/415 je dizajniran kao ure\u0111aj koji zahtijeva malo odr\u017eavanja: veliki otvor za osiguravanje dotoka, mjerna \u0107elija i jednostavan mehani\u010dki dizajn. Napredna mjerna \u0107elija visoke razlu\u010divosti pretvara PreciBal u ravnote\u017eu koja odre\u0111uje masu ki\u0161e umjesto volumena, osiguravaju\u0107i ve\u0107u to\u010dnost. Niska potro\u0161nja energije, malo odr\u017eavanja, visoka to\u010dnost i sofisticirani algoritmi osiguravaju smanjene operativne tro\u0161kove i bolje podatke. Osim toga, USB su\u010delje omogu\u0107uje brze terenske provjere ure\u0111aja.<\/p>\n<h3>Tehni\u010dki detalji<\/h3>\n<ul>\n<li>Mjerni element\/-princip princip vaganja<\/li>\n<li>Mjerna povr\u0161ina 200 cm\u00b2 i 40 cm\u00b2<\/li>\n<li>Izlaz SDI-12 ili impuls (bezpotencijalni kontakt)<\/li>\n<li>Monta\u017ea na stup ili nosa\u010d<\/li>\n<\/ul>\n\t\t<\/div>\n\t\t\t\t\n<style>\n#col-998991200 > .col-inner {\n  padding: 2em 1em 0px 1em;\n}\n<\/style>\n\t<\/div>\n\n\t\n\n\t<div id=\"col-92299421\" class=\"col medium-6 small-12 large-6\"  >\n\t\t\t\t<div class=\"col-inner\"  >\n\t\t\t\n\t\t\t\n\t<div class=\"img has-hover x md-x lg-x y md-y lg-y\" id=\"image_132833766\">\n\t\t\t\t\t\t\t\t<div class=\"img-inner dark\" >\n\t\t\t<img loading=\"lazy\" decoding=\"async\" width=\"650\" height=\"650\" src=\"https:\/\/vode.hr\/wp-content\/uploads\/2023\/05\/Mjerac-padalina-1039-1.jpg\" class=\"attachment-large size-large\" alt=\"\" srcset=\"https:\/\/vode.hr\/wp-content\/uploads\/2023\/05\/Mjerac-padalina-1039-1.jpg 650w, https:\/\/vode.hr\/wp-content\/uploads\/2023\/05\/Mjerac-padalina-1039-1-300x300.jpg 300w, https:\/\/vode.hr\/wp-content\/uploads\/2023\/05\/Mjerac-padalina-1039-1-150x150.jpg 150w, https:\/\/vode.hr\/wp-content\/uploads\/2023\/05\/Mjerac-padalina-1039-1-370x370.jpg 370w, https:\/\/vode.hr\/wp-content\/uploads\/2023\/05\/Mjerac-padalina-1039-1-100x100.jpg 100w\" sizes=\"(max-width: 650px) 100vw, 650px\" \/>\t\t\t\t\t\t\n\t\t\t\t\t<\/div>\n\t\t\t\t\t\t\t\t\n<style>\n#image_132833766 {\n  width: 100%;\n}\n<\/style>\n\t<\/div>\n\t\n\t\t<\/div>\n\t\t\t\t\n<style>\n#col-92299421 > .col-inner {\n  padding: 0px 0px 0px 0px;\n}\n<\/style>\n\t<\/div>\n\n\t\n<\/div>\n<div class=\"row\"  id=\"row-1122473535\">\n\n\t<div id=\"col-1616318341\" class=\"col medium-6 small-12 large-6\"  >\n\t\t\t\t<div class=\"col-inner\"  >\n\t\t\t\n\t\t\t\n\t<div id=\"text-3181465035\" class=\"text\">\n\t\t\n<h2>Mjera\u010d oborine s kantom za prevrtanje MR2<\/h2>\n\t\t\n<style>\n#text-3181465035 {\n  text-align: center;\n}\n@media (min-width:550px) {\n  #text-3181465035 {\n    text-align: left;\n  }\n}\n<\/style>\n\t<\/div>\n\t\n<div class=\"is-divider divider clearfix\" style=\"max-width:100%;\"><\/div>\n<p>Sustav za mjerenje ki\u0161e s ki\u0161om MR2 je kompaktni mjera\u010d oborine za bilje\u017eenje koli\u010dine i intenziteta ki\u0161e s mjernim podru\u010djem od 200 cm\u00b2. MR2 radi s klackalicom koja se glatko montira. Kao opcija, oborinomjer mo\u017ee biti opremljen sustavom grijanja kako bi se osigurao rad tijekom cijele godine. Za grijanje mjera\u010da potrebno je napajanje (220\/230 V AC) zbog velike potro\u0161nje elektri\u010dne energije.<\/p>\n<h3>Tehni\u010dki detalji<\/h3>\n<ul>\n<li>Mjerni element\/princip mjernog sustava nagibne \u017elice<\/li>\n<li>Mjerna povr\u0161ina 200 cm\u00b2; rezolucija: 0,2 mm<\/li>\n<li>Izlazni impuls (bezpotencijalni kontakt)<\/li>\n<li>Za\u0161tita IP 65<\/li>\n<li>Mjere \u00f8 180 mm; visina 270 mm<\/li>\n<li>Monta\u017ea na stup ili nosa\u010d<\/li>\n<\/ul>\n\t\t<\/div>\n\t\t\t\t\n<style>\n#col-1616318341 > .col-inner {\n  padding: 0px 0px 0px 0px;\n}\n<\/style>\n\t<\/div>\n\n\t\n\n\t<div id=\"col-1236084\" class=\"col medium-6 small-12 large-6\"  >\n\t\t\t\t<div class=\"col-inner text-left\"  >\n\t\t\t\n\t\t\t\n\t<div id=\"text-1183290446\" class=\"text\">\n\t\t\n<h2>Mjera\u010d oborine s kantom za prevrtanje MR3<\/h2>\n\t\t\n<style>\n#text-1183290446 {\n  text-align: center;\n}\n@media (min-width:550px) {\n  #text-1183290446 {\n    text-align: left;\n  }\n}\n<\/style>\n\t<\/div>\n\t\n<div class=\"is-divider divider clearfix\" style=\"max-width:100%;\"><\/div>\n<p>Sustav za mjerenje ki\u0161e s ki\u0161om MR3 je kompaktni mjera\u010d oborine za bilje\u017eenje koli\u010dine i intenziteta ki\u0161e s mjernim podru\u010djem od 500 cm\u00b2. MR3 radi s klackalicom koja se glatko montira. Kao opcija, oborinomjer mo\u017ee biti opremljen sustavom grijanja kako bi se osigurao rad tijekom cijele godine. Za grijanje mjera\u010da potrebno je napajanje (220\/230 V AC) zbog velike potro\u0161nje elektri\u010dne energije. Mjerno podru\u010dje od 500 cm\u00b2 i razlu\u010divost od 0,1 mm u skladu su sa standardima WMO-a.<\/p>\n<h3>Tehni\u010dki detalji<\/h3>\n<ul>\n<li>Mjerni element\/princip mjernog sustava nagibne \u017elice<\/li>\n<li>Mjerna povr\u0161ina 500 cm\u00b2; rezolucija: 0,1 mm<\/li>\n<li>Izlazni impuls (bezpotencijalni kontakt)<\/li>\n<li>Za\u0161tita IP 65<\/li>\n<li>Mjere \u00f8 275 mm; visina 330 mm<\/li>\n<li>Monta\u017ea na stup ili nosa\u010d<\/li>\n<\/ul>\n\t<div id=\"gap-2034538173\" class=\"gap-element clearfix\" style=\"display:block; height:auto;\">\n\t\t\n<style>\n#gap-2034538173 {\n  padding-top: 30px;\n}\n<\/style>\n\t<\/div>\n\t\n\t<div id=\"gap-1449589280\" class=\"gap-element clearfix\" style=\"display:block; height:auto;\">\n\t\t\n<style>\n#gap-1449589280 {\n  padding-top: 30px;\n}\n<\/style>\n\t<\/div>\n\t\n\t\t<\/div>\n\t\t\t\t\n<style>\n#col-1236084 > .col-inner {\n  padding: 0px 0px 0px 2px;\n}\n<\/style>\n\t<\/div>\n\n\t\n\n<style>\n#row-1122473535 > .col > .col-inner {\n  padding: 2em 2em 2em 2em;\n}\n<\/style>\n<\/div>\n","protected":false},"excerpt":{"rendered":"<p>Za bilje\u017eenje bilo koje vrste oborine (ki\u0161e) s njezinim intenzitetom u prirodi obi\u010dno se koriste oborinomjeri i uzorkiva\u010di. Ako se oborine moraju mjeriti i zimi s temperaturama ispod to\u010dke smrzavanja, mjerni instrument mora biti opremljen grija\u010dem.<\/p>\n","protected":false},"featured_media":797,"template":"","meta":[],"product_cat":[226],"product_tag":[297],"class_list":["post-794","product","type-product","status-publish","has-post-thumbnail","hentry","product_cat-vjetar-i-vremenski-uvjeti","product_tag-sommer"],"yoast_head":"<!-- This site is optimized with the Yoast SEO plugin v25.0 - https:\/\/yoast.com\/wordpress\/plugins\/seo\/ -->\n<title>Mjera\u010d padalina, Sommer - Vode.hr<\/title>\n<meta name=\"description\" content=\"Za bilje\u017eenje bilo koje vrste oborine (ki\u0161e) s njezinim intenzitetom u prirodi obi\u010dno se koriste oborinomjeri i uzorkiva\u010di. Ako se oborine moraju mjeriti i zimi s temperaturama ispod to\u010dke smrzavanja, mjerni instrument mora biti opremljen grija\u010dem.\" \/>\n<meta name=\"robots\" content=\"index, follow, max-snippet:-1, max-image-preview:large, max-video-preview:-1\" \/>\n<link rel=\"canonical\" href=\"https:\/\/vode.hr\/bs\/proizvod\/mjerac-padalina-sommer\/\" \/>\n<meta property=\"og:locale\" content=\"bs_BA\" \/>\n<meta property=\"og:type\" content=\"article\" \/>\n<meta property=\"og:title\" content=\"Mjera\u010d padalina, Sommer - Vode.hr\" \/>\n<meta property=\"og:description\" content=\"Za bilje\u017eenje bilo koje vrste oborine (ki\u0161e) s njezinim intenzitetom u prirodi obi\u010dno se koriste oborinomjeri i uzorkiva\u010di. Ako se oborine moraju mjeriti i zimi s temperaturama ispod to\u010dke smrzavanja, mjerni instrument mora biti opremljen grija\u010dem.\" \/>\n<meta property=\"og:url\" content=\"https:\/\/vode.hr\/bs\/proizvod\/mjerac-padalina-sommer\/\" \/>\n<meta property=\"og:site_name\" content=\"Vode.hr\" \/>\n<meta property=\"article:publisher\" content=\"https:\/\/www.facebook.com\/vode.hr\" \/>\n<meta property=\"article:modified_time\" content=\"2025-10-24T08:58:39+00:00\" \/>\n<meta property=\"og:image\" content=\"http:\/\/vode.hr\/wp-content\/uploads\/2023\/05\/Mjerac-padalina-1039-0.jpg\" \/>\n\t<meta property=\"og:image:width\" content=\"650\" \/>\n\t<meta property=\"og:image:height\" content=\"650\" \/>\n\t<meta property=\"og:image:type\" content=\"image\/jpeg\" \/>\n<meta name=\"twitter:card\" content=\"summary_large_image\" \/>\n<script type=\"application\/ld+json\" class=\"yoast-schema-graph\">{\"@context\":\"https:\/\/schema.org\",\"@graph\":[{\"@type\":[\"WebPage\",\"ItemPage\"],\"@id\":\"https:\/\/vode.hr\/bs\/proizvod\/mjerac-padalina-sommer\/\",\"url\":\"https:\/\/vode.hr\/bs\/proizvod\/mjerac-padalina-sommer\/\",\"name\":\"Mjera\u010d padalina, Sommer - Vode.hr\",\"isPartOf\":{\"@id\":\"https:\/\/vode.hr\/bs\/#website\"},\"primaryImageOfPage\":{\"@id\":\"https:\/\/vode.hr\/bs\/proizvod\/mjerac-padalina-sommer\/#primaryimage\"},\"image\":{\"@id\":\"https:\/\/vode.hr\/bs\/proizvod\/mjerac-padalina-sommer\/#primaryimage\"},\"thumbnailUrl\":\"https:\/\/vode.hr\/wp-content\/uploads\/2023\/05\/Mjerac-padalina-1039-0.jpg\",\"datePublished\":\"2023-05-31T15:11:59+00:00\",\"dateModified\":\"2025-10-24T08:58:39+00:00\",\"description\":\"Za bilje\u017eenje bilo koje vrste oborine (ki\u0161e) s njezinim intenzitetom u prirodi obi\u010dno se koriste oborinomjeri i uzorkiva\u010di. Ako se oborine moraju mjeriti i zimi s temperaturama ispod to\u010dke smrzavanja, mjerni instrument mora biti opremljen grija\u010dem.\",\"breadcrumb\":{\"@id\":\"https:\/\/vode.hr\/bs\/proizvod\/mjerac-padalina-sommer\/#breadcrumb\"},\"inLanguage\":\"bs-BA\",\"potentialAction\":[{\"@type\":\"ReadAction\",\"target\":[\"https:\/\/vode.hr\/bs\/proizvod\/mjerac-padalina-sommer\/\"]}]},{\"@type\":\"ImageObject\",\"inLanguage\":\"bs-BA\",\"@id\":\"https:\/\/vode.hr\/bs\/proizvod\/mjerac-padalina-sommer\/#primaryimage\",\"url\":\"https:\/\/vode.hr\/wp-content\/uploads\/2023\/05\/Mjerac-padalina-1039-0.jpg\",\"contentUrl\":\"https:\/\/vode.hr\/wp-content\/uploads\/2023\/05\/Mjerac-padalina-1039-0.jpg\",\"width\":650,\"height\":650},{\"@type\":\"BreadcrumbList\",\"@id\":\"https:\/\/vode.hr\/bs\/proizvod\/mjerac-padalina-sommer\/#breadcrumb\",\"itemListElement\":[{\"@type\":\"ListItem\",\"position\":1,\"name\":\"Po\u010detna stranica\",\"item\":\"https:\/\/vode.hr\/bs\/\"},{\"@type\":\"ListItem\",\"position\":2,\"name\":\"Trgovina\",\"item\":\"https:\/\/vode.hr\/trgovina\/\"},{\"@type\":\"ListItem\",\"position\":3,\"name\":\"Mjera\u010d padalina, Sommer\"}]},{\"@type\":\"WebSite\",\"@id\":\"https:\/\/vode.hr\/bs\/#website\",\"url\":\"https:\/\/vode.hr\/bs\/\",\"name\":\"Vode.hr\",\"description\":\"Mjerenje kvalitete voda, dezinfekcija vode i ure\u0111aji za mjerenje uvjeta u okoli\u0161u\",\"publisher\":{\"@id\":\"https:\/\/vode.hr\/bs\/#organization\"},\"potentialAction\":[{\"@type\":\"SearchAction\",\"target\":{\"@type\":\"EntryPoint\",\"urlTemplate\":\"https:\/\/vode.hr\/bs\/?s={search_term_string}\"},\"query-input\":{\"@type\":\"PropertyValueSpecification\",\"valueRequired\":true,\"valueName\":\"search_term_string\"}}],\"inLanguage\":\"bs-BA\"},{\"@type\":\"Organization\",\"@id\":\"https:\/\/vode.hr\/bs\/#organization\",\"name\":\"Primotronic d.o.o.\",\"url\":\"https:\/\/vode.hr\/bs\/\",\"logo\":{\"@type\":\"ImageObject\",\"inLanguage\":\"bs-BA\",\"@id\":\"https:\/\/vode.hr\/bs\/#\/schema\/logo\/image\/\",\"url\":\"http:\/\/vode.hr\/wp-content\/uploads\/2023\/04\/vode-1.png\",\"contentUrl\":\"http:\/\/vode.hr\/wp-content\/uploads\/2023\/04\/vode-1.png\",\"width\":300,\"height\":99,\"caption\":\"Primotronic d.o.o.\"},\"image\":{\"@id\":\"https:\/\/vode.hr\/bs\/#\/schema\/logo\/image\/\"},\"sameAs\":[\"https:\/\/www.facebook.com\/vode.hr\"]}]}<\/script>\n<!-- \/ Yoast SEO plugin. -->","yoast_head_json":{"title":"Mjera\u010d padalina, Sommer - Vode.hr","description":"Za bilje\u017eenje bilo koje vrste oborine (ki\u0161e) s njezinim intenzitetom u prirodi obi\u010dno se koriste oborinomjeri i uzorkiva\u010di. Ako se oborine moraju mjeriti i zimi s temperaturama ispod to\u010dke smrzavanja, mjerni instrument mora biti opremljen grija\u010dem.","robots":{"index":"index","follow":"follow","max-snippet":"max-snippet:-1","max-image-preview":"max-image-preview:large","max-video-preview":"max-video-preview:-1"},"canonical":"https:\/\/vode.hr\/bs\/proizvod\/mjerac-padalina-sommer\/","og_locale":"bs_BA","og_type":"article","og_title":"Mjera\u010d padalina, Sommer - Vode.hr","og_description":"Za bilje\u017eenje bilo koje vrste oborine (ki\u0161e) s njezinim intenzitetom u prirodi obi\u010dno se koriste oborinomjeri i uzorkiva\u010di. Ako se oborine moraju mjeriti i zimi s temperaturama ispod to\u010dke smrzavanja, mjerni instrument mora biti opremljen grija\u010dem.","og_url":"https:\/\/vode.hr\/bs\/proizvod\/mjerac-padalina-sommer\/","og_site_name":"Vode.hr","article_publisher":"https:\/\/www.facebook.com\/vode.hr","article_modified_time":"2025-10-24T08:58:39+00:00","og_image":[{"width":650,"height":650,"url":"http:\/\/vode.hr\/wp-content\/uploads\/2023\/05\/Mjerac-padalina-1039-0.jpg","type":"image\/jpeg"}],"twitter_card":"summary_large_image","schema":{"@context":"https:\/\/schema.org","@graph":[{"@type":["WebPage","ItemPage"],"@id":"https:\/\/vode.hr\/bs\/proizvod\/mjerac-padalina-sommer\/","url":"https:\/\/vode.hr\/bs\/proizvod\/mjerac-padalina-sommer\/","name":"Mjera\u010d padalina, Sommer - Vode.hr","isPartOf":{"@id":"https:\/\/vode.hr\/bs\/#website"},"primaryImageOfPage":{"@id":"https:\/\/vode.hr\/bs\/proizvod\/mjerac-padalina-sommer\/#primaryimage"},"image":{"@id":"https:\/\/vode.hr\/bs\/proizvod\/mjerac-padalina-sommer\/#primaryimage"},"thumbnailUrl":"https:\/\/vode.hr\/wp-content\/uploads\/2023\/05\/Mjerac-padalina-1039-0.jpg","datePublished":"2023-05-31T15:11:59+00:00","dateModified":"2025-10-24T08:58:39+00:00","description":"Za bilje\u017eenje bilo koje vrste oborine (ki\u0161e) s njezinim intenzitetom u prirodi obi\u010dno se koriste oborinomjeri i uzorkiva\u010di. Ako se oborine moraju mjeriti i zimi s temperaturama ispod to\u010dke smrzavanja, mjerni instrument mora biti opremljen grija\u010dem.","breadcrumb":{"@id":"https:\/\/vode.hr\/bs\/proizvod\/mjerac-padalina-sommer\/#breadcrumb"},"inLanguage":"bs-BA","potentialAction":[{"@type":"ReadAction","target":["https:\/\/vode.hr\/bs\/proizvod\/mjerac-padalina-sommer\/"]}]},{"@type":"ImageObject","inLanguage":"bs-BA","@id":"https:\/\/vode.hr\/bs\/proizvod\/mjerac-padalina-sommer\/#primaryimage","url":"https:\/\/vode.hr\/wp-content\/uploads\/2023\/05\/Mjerac-padalina-1039-0.jpg","contentUrl":"https:\/\/vode.hr\/wp-content\/uploads\/2023\/05\/Mjerac-padalina-1039-0.jpg","width":650,"height":650},{"@type":"BreadcrumbList","@id":"https:\/\/vode.hr\/bs\/proizvod\/mjerac-padalina-sommer\/#breadcrumb","itemListElement":[{"@type":"ListItem","position":1,"name":"Po\u010detna stranica","item":"https:\/\/vode.hr\/bs\/"},{"@type":"ListItem","position":2,"name":"Trgovina","item":"https:\/\/vode.hr\/trgovina\/"},{"@type":"ListItem","position":3,"name":"Mjera\u010d padalina, Sommer"}]},{"@type":"WebSite","@id":"https:\/\/vode.hr\/bs\/#website","url":"https:\/\/vode.hr\/bs\/","name":"Vode.hr","description":"Mjerenje kvalitete voda, dezinfekcija vode i ure\u0111aji za mjerenje uvjeta u okoli\u0161u","publisher":{"@id":"https:\/\/vode.hr\/bs\/#organization"},"potentialAction":[{"@type":"SearchAction","target":{"@type":"EntryPoint","urlTemplate":"https:\/\/vode.hr\/bs\/?s={search_term_string}"},"query-input":{"@type":"PropertyValueSpecification","valueRequired":true,"valueName":"search_term_string"}}],"inLanguage":"bs-BA"},{"@type":"Organization","@id":"https:\/\/vode.hr\/bs\/#organization","name":"Primotronic d.o.o.","url":"https:\/\/vode.hr\/bs\/","logo":{"@type":"ImageObject","inLanguage":"bs-BA","@id":"https:\/\/vode.hr\/bs\/#\/schema\/logo\/image\/","url":"http:\/\/vode.hr\/wp-content\/uploads\/2023\/04\/vode-1.png","contentUrl":"http:\/\/vode.hr\/wp-content\/uploads\/2023\/04\/vode-1.png","width":300,"height":99,"caption":"Primotronic d.o.o."},"image":{"@id":"https:\/\/vode.hr\/bs\/#\/schema\/logo\/image\/"},"sameAs":["https:\/\/www.facebook.com\/vode.hr"]}]}},"_links":{"self":[{"href":"https:\/\/vode.hr\/bs\/wp-json\/wp\/v2\/product\/794"}],"collection":[{"href":"https:\/\/vode.hr\/bs\/wp-json\/wp\/v2\/product"}],"about":[{"href":"https:\/\/vode.hr\/bs\/wp-json\/wp\/v2\/types\/product"}],"wp:featuredmedia":[{"embeddable":true,"href":"https:\/\/vode.hr\/bs\/wp-json\/wp\/v2\/media\/797"}],"wp:attachment":[{"href":"https:\/\/vode.hr\/bs\/wp-json\/wp\/v2\/media?parent=794"}],"wp:term":[{"taxonomy":"product_cat","embeddable":true,"href":"https:\/\/vode.hr\/bs\/wp-json\/wp\/v2\/product_cat?post=794"},{"taxonomy":"product_tag","embeddable":true,"href":"https:\/\/vode.hr\/bs\/wp-json\/wp\/v2\/product_tag?post=794"}],"curies":[{"name":"wp","href":"https:\/\/api.w.org\/{rel}","templated":true}]}}