{"id":798,"date":"2023-06-01T12:33:00","date_gmt":"2023-06-01T10:33:00","guid":{"rendered":"https:\/\/vode.hr\/?post_type=product&#038;p=798"},"modified":"2025-10-24T10:58:38","modified_gmt":"2025-10-24T08:58:38","slug":"senzor-za-tucu-sommer","status":"publish","type":"product","link":"https:\/\/vode.hr\/bs\/proizvod\/senzor-za-tucu-sommer\/","title":{"rendered":"Senzor za tu\u010du, Sommer"},"content":{"rendered":"<div class=\"row align-middle\"  id=\"row-1391379121\">\n\n\t<div id=\"col-486696148\" class=\"col medium-6 small-12 large-6\"  >\n\t\t\t\t<div class=\"col-inner\"  >\n\t\t\t\n\t\t\t\n\t<div id=\"text-4112387073\" class=\"text\">\n\t\t\n<h2>Izuzetno robustan i pouzdan akusti\u010dni senzor za tu\u010du<\/h2>\n\t\t\n<style>\n#text-4112387073 {\n  text-align: center;\n}\n@media (min-width:550px) {\n  #text-4112387073 {\n    text-align: left;\n  }\n}\n<\/style>\n\t<\/div>\n\t\n<div class=\"is-divider divider clearfix\" style=\"max-width:100%;\"><\/div>\n<p>HDI senzor mjeri udar pojedina\u010dnih zrna tu\u010de na disk od nehr\u0111aju\u0107eg \u010delika pomo\u0107u posebnog akusti\u010dnog detektora, obrade signala i prora\u010duna.<\/p>\n<p>Osjetna povr\u0161ina je svesmjerna glava promjera 200 mm, koja sadr\u017ei elektroniku sustava.<\/p>\n<p>HDI mo\u017ee otkriti zrno tu\u010de izme\u0111u 0,5 i 7,5 cm i do 25 udaraca u sekundi. U usporedbi s takozvanom disdrometrijom, mo\u017ee razlikovati 15 veli\u010dina. Distribucija veli\u010dine je prikazana kao postotak svih otkrivenih utjecaja prema klasifikacijskoj tablici.<\/p>\n\t\t<\/div>\n\t\t\t\t\n<style>\n#col-486696148 > .col-inner {\n  padding: 2em 1em 0px 1em;\n}\n<\/style>\n\t<\/div>\n\n\t\n\n\t<div id=\"col-1155671141\" class=\"col medium-6 small-12 large-6\"  >\n\t\t\t\t<div class=\"col-inner\"  >\n\t\t\t\n\t\t\t\n\t<div class=\"img has-hover x md-x lg-x y md-y lg-y\" id=\"image_131682007\">\n\t\t\t\t\t\t\t\t<div class=\"img-inner dark\" >\n\t\t\t<img loading=\"lazy\" decoding=\"async\" width=\"650\" height=\"650\" src=\"https:\/\/vode.hr\/wp-content\/uploads\/2023\/06\/Senzor-za-tucu-1040-1.jpg\" class=\"attachment-large size-large\" alt=\"\" srcset=\"https:\/\/vode.hr\/wp-content\/uploads\/2023\/06\/Senzor-za-tucu-1040-1.jpg 650w, https:\/\/vode.hr\/wp-content\/uploads\/2023\/06\/Senzor-za-tucu-1040-1-300x300.jpg 300w, https:\/\/vode.hr\/wp-content\/uploads\/2023\/06\/Senzor-za-tucu-1040-1-150x150.jpg 150w, https:\/\/vode.hr\/wp-content\/uploads\/2023\/06\/Senzor-za-tucu-1040-1-370x370.jpg 370w, https:\/\/vode.hr\/wp-content\/uploads\/2023\/06\/Senzor-za-tucu-1040-1-100x100.jpg 100w\" sizes=\"(max-width: 650px) 100vw, 650px\" \/>\t\t\t\t\t\t\n\t\t\t\t\t<\/div>\n\t\t\t\t\t\t\t\t\n<style>\n#image_131682007 {\n  width: 100%;\n}\n<\/style>\n\t<\/div>\n\t\n\t\t<\/div>\n\t\t\t\t\n<style>\n#col-1155671141 > .col-inner {\n  padding: 0px 0px 0px 0px;\n}\n<\/style>\n\t<\/div>\n\n\t\n<\/div>\n<div class=\"row\"  id=\"row-1675751077\">\n\n\t<div id=\"col-1304231278\" class=\"col medium-6 small-12 large-6\"  >\n\t\t\t\t<div class=\"col-inner\"  >\n\t\t\t\n\t\t\t\n\t<div id=\"text-637382077\" class=\"text\">\n\t\t\n<h2>Senzor za tu\u010du hdi<\/h2>\n\t\t\n<style>\n#text-637382077 {\n  text-align: center;\n}\n@media (min-width:550px) {\n  #text-637382077 {\n    text-align: left;\n  }\n}\n<\/style>\n\t<\/div>\n\t\n<div class=\"is-divider divider clearfix\" style=\"max-width:100%;\"><\/div>\n<p>Senzor za tu\u010du HDI isporu\u010duje se s robusnom monta\u017enom rukom od nehr\u0111aju\u0107eg \u010delika. Pomo\u0107u prilo\u017eenog USB pretvara\u010da senzor se mo\u017ee izravno spojiti na ra\u010dunalo i konfigurirati prema va\u0161im potrebama.<\/p>\n<h3>Podru\u010dja primjene<\/h3>\n<p>HDI je senzor izbora gdje god je \u0161teta od tu\u010de bitna: poljoprivreda na poljima iu staklenicima, infrastruktura poput fasada, krovova i solarnih panela ili vozila.<\/p>\n<h3>Tehni\u010dki detalji<\/h3>\n<ul>\n<li>Akusti\u010dni detektor principa mjerenja<\/li>\n<li>Mjerno podru\u010dje \u00d8200 mm<\/li>\n<li>Raspon veli\u010dine kamena tu\u010de 0,5 &#8230; 7,5 cm; do 25 pogodaka\/sekundi<\/li>\n<li>Disdrometar 15 klasa veli\u010dine<\/li>\n<li>Izlaz RS-232, SDI-12, impulsni i naponski izlaz<\/li>\n<li>Za\u0161tita IP 67<\/li>\n<li>Raspon temperature -30\u00b0C do +60\u00b0C<\/li>\n<li>Dimenzije 260 mm x 450 mm x 200 mm (uklju\u010duju\u0107i monta\u017enu ruku)<\/li>\n<li>Monta\u017eni jarbol ili pre\u010dka<\/li>\n<\/ul>\n\t\t<\/div>\n\t\t\t\t\n<style>\n#col-1304231278 > .col-inner {\n  padding: 0px 0px 0px 0px;\n}\n<\/style>\n\t<\/div>\n\n\t\n\n\t<div id=\"col-483854015\" class=\"col medium-6 small-12 large-6\"  >\n\t\t\t\t<div class=\"col-inner text-left\"  >\n\t\t\t\n\t\t\t\n\t<div id=\"text-1656077917\" class=\"text\">\n\t\t\n<h2>Mjera\u010d oborine s kantom za prevrtanje MR3<\/h2>\n\t\t\n<style>\n#text-1656077917 {\n  text-align: center;\n}\n@media (min-width:550px) {\n  #text-1656077917 {\n    text-align: left;\n  }\n}\n<\/style>\n\t<\/div>\n\t\n<div class=\"is-divider divider clearfix\" style=\"max-width:100%;\"><\/div>\n<p>SOMMER nudi Plug &amp; Play stanicu za nadzor koja ne zahtijeva nikakvo tehni\u010dko znanje. Hail Watcher se isporu\u010duje potpuno sastavljen i mo\u017ee se montirati odmah nakon va\u0111enja iz kutije.<\/p>\n<p>Uklju\u010deni data logger (MRL-7B) prikuplja podatke o tu\u010di i prenosi ih putem mobilnog interneta u SOMMER Cloud ili poslu\u017eitelj po va\u0161em izboru.<\/p>\n<h3>Podru\u010dja primjene<\/h3>\n<p>Hail Watcher je instrument izbora gdje god je \u0161teta od tu\u010de bitna: uzgoj na poljima iu staklenicima, infrastruktura poput fasada, krovova i solarnih panela ili vozila.<\/p>\n<p>Stanica za detekciju tu\u010de uklju\u010duje:<\/p>\n<ul>\n<li>HDI senzor<\/li>\n<li>Datalogger MRL-7B<\/li>\n<li>Modem<\/li>\n<li>Baterija<\/li>\n<li>Solarni panel<\/li>\n<li>Nosa\u010di za monta\u017eu<\/li>\n<\/ul>\n<p>Mogu\u0107nosti:<\/p>\n<ul>\n<li>Me\u0111unarodna SIM kartica<\/li>\n<li>Jarbol s temeljom<\/li>\n<\/ul>\n<h3>Tehni\u010dki detalji<\/h3>\n<ul>\n<li>Za\u0161tita IP 67<\/li>\n<li>Dimenzije 750 x 240 x 360 mm<\/li>\n<li>Monta\u017eni jarbol ili popre\u010dna ruka<\/li>\n<\/ul>\n\t<div id=\"gap-600391650\" class=\"gap-element clearfix\" style=\"display:block; height:auto;\">\n\t\t\n<style>\n#gap-600391650 {\n  padding-top: 30px;\n}\n<\/style>\n\t<\/div>\n\t\n\t<div id=\"gap-994641692\" class=\"gap-element clearfix\" style=\"display:block; height:auto;\">\n\t\t\n<style>\n#gap-994641692 {\n  padding-top: 30px;\n}\n<\/style>\n\t<\/div>\n\t\n\t\t<\/div>\n\t\t\t\t\n<style>\n#col-483854015 > .col-inner {\n  padding: 0px 0px 0px 2px;\n}\n<\/style>\n\t<\/div>\n\n\t\n\n<style>\n#row-1675751077 > .col > .col-inner {\n  padding: 2em 2em 2em 2em;\n}\n<\/style>\n<\/div>\n","protected":false},"excerpt":{"rendered":"<p>HDI senzor mjeri utjecaj tu\u010dnih kamen\u010di\u0107a na disk koriste\u0107i akusti\u010dno o\u010ditavanje i obradu, otkrivaju\u0107i kamen\u010di\u0107e veli\u010dine od 0,5 do 7,5 cm s brzinom do 25 udaraca u sekundi te pru\u017eaju\u0107i raspon veli\u010dina kao postotak na temelju klasifikacijske tablice.<\/p>\n","protected":false},"featured_media":800,"template":"","meta":[],"product_cat":[226],"product_tag":[297],"class_list":["post-798","product","type-product","status-publish","has-post-thumbnail","hentry","product_cat-vjetar-i-vremenski-uvjeti","product_tag-sommer"],"yoast_head":"<!-- This site is optimized with the Yoast SEO plugin v25.0 - https:\/\/yoast.com\/wordpress\/plugins\/seo\/ -->\n<title>Senzor za tu\u010du, Sommer - Vode.hr<\/title>\n<meta name=\"description\" content=\"HDI senzor mjeri utjecaj tu\u010dnih kamen\u010di\u0107a na disk koriste\u0107i akusti\u010dno o\u010ditavanje i obradu, otkrivaju\u0107i kamen\u010di\u0107e veli\u010dine od 0,5 do 7,5 cm s brzinom do 25 udaraca u sekundi te pru\u017eaju\u0107i raspon veli\u010dina kao postotak na temelju klasifikacijske tablice.\" \/>\n<meta name=\"robots\" content=\"index, follow, max-snippet:-1, max-image-preview:large, max-video-preview:-1\" \/>\n<link rel=\"canonical\" href=\"https:\/\/vode.hr\/bs\/proizvod\/senzor-za-tucu-sommer\/\" \/>\n<meta property=\"og:locale\" content=\"bs_BA\" \/>\n<meta property=\"og:type\" content=\"article\" \/>\n<meta property=\"og:title\" content=\"Senzor za tu\u010du, Sommer - Vode.hr\" \/>\n<meta property=\"og:description\" content=\"HDI senzor mjeri utjecaj tu\u010dnih kamen\u010di\u0107a na disk koriste\u0107i akusti\u010dno o\u010ditavanje i obradu, otkrivaju\u0107i kamen\u010di\u0107e veli\u010dine od 0,5 do 7,5 cm s brzinom do 25 udaraca u sekundi te pru\u017eaju\u0107i raspon veli\u010dina kao postotak na temelju klasifikacijske tablice.\" \/>\n<meta property=\"og:url\" content=\"https:\/\/vode.hr\/bs\/proizvod\/senzor-za-tucu-sommer\/\" \/>\n<meta property=\"og:site_name\" content=\"Vode.hr\" \/>\n<meta property=\"article:publisher\" content=\"https:\/\/www.facebook.com\/vode.hr\" \/>\n<meta property=\"article:modified_time\" content=\"2025-10-24T08:58:38+00:00\" \/>\n<meta property=\"og:image\" content=\"http:\/\/vode.hr\/wp-content\/uploads\/2023\/06\/Senzor-za-tucu-1040-0.jpg\" \/>\n\t<meta property=\"og:image:width\" content=\"650\" \/>\n\t<meta property=\"og:image:height\" content=\"650\" \/>\n\t<meta property=\"og:image:type\" content=\"image\/jpeg\" \/>\n<meta name=\"twitter:card\" content=\"summary_large_image\" \/>\n<meta name=\"twitter:label1\" content=\"Est. reading time\" \/>\n\t<meta name=\"twitter:data1\" content=\"3 minute\" \/>\n<script type=\"application\/ld+json\" class=\"yoast-schema-graph\">{\"@context\":\"https:\/\/schema.org\",\"@graph\":[{\"@type\":[\"WebPage\",\"ItemPage\"],\"@id\":\"https:\/\/vode.hr\/bs\/proizvod\/senzor-za-tucu-sommer\/\",\"url\":\"https:\/\/vode.hr\/bs\/proizvod\/senzor-za-tucu-sommer\/\",\"name\":\"Senzor za tu\u010du, Sommer - Vode.hr\",\"isPartOf\":{\"@id\":\"https:\/\/vode.hr\/bs\/#website\"},\"primaryImageOfPage\":{\"@id\":\"https:\/\/vode.hr\/bs\/proizvod\/senzor-za-tucu-sommer\/#primaryimage\"},\"image\":{\"@id\":\"https:\/\/vode.hr\/bs\/proizvod\/senzor-za-tucu-sommer\/#primaryimage\"},\"thumbnailUrl\":\"https:\/\/vode.hr\/wp-content\/uploads\/2023\/06\/Senzor-za-tucu-1040-0.jpg\",\"datePublished\":\"2023-06-01T10:33:00+00:00\",\"dateModified\":\"2025-10-24T08:58:38+00:00\",\"description\":\"HDI senzor mjeri utjecaj tu\u010dnih kamen\u010di\u0107a na disk koriste\u0107i akusti\u010dno o\u010ditavanje i obradu, otkrivaju\u0107i kamen\u010di\u0107e veli\u010dine od 0,5 do 7,5 cm s brzinom do 25 udaraca u sekundi te pru\u017eaju\u0107i raspon veli\u010dina kao postotak na temelju klasifikacijske tablice.\",\"breadcrumb\":{\"@id\":\"https:\/\/vode.hr\/bs\/proizvod\/senzor-za-tucu-sommer\/#breadcrumb\"},\"inLanguage\":\"bs-BA\",\"potentialAction\":[{\"@type\":\"ReadAction\",\"target\":[\"https:\/\/vode.hr\/bs\/proizvod\/senzor-za-tucu-sommer\/\"]}]},{\"@type\":\"ImageObject\",\"inLanguage\":\"bs-BA\",\"@id\":\"https:\/\/vode.hr\/bs\/proizvod\/senzor-za-tucu-sommer\/#primaryimage\",\"url\":\"https:\/\/vode.hr\/wp-content\/uploads\/2023\/06\/Senzor-za-tucu-1040-0.jpg\",\"contentUrl\":\"https:\/\/vode.hr\/wp-content\/uploads\/2023\/06\/Senzor-za-tucu-1040-0.jpg\",\"width\":650,\"height\":650},{\"@type\":\"BreadcrumbList\",\"@id\":\"https:\/\/vode.hr\/bs\/proizvod\/senzor-za-tucu-sommer\/#breadcrumb\",\"itemListElement\":[{\"@type\":\"ListItem\",\"position\":1,\"name\":\"Po\u010detna stranica\",\"item\":\"https:\/\/vode.hr\/bs\/\"},{\"@type\":\"ListItem\",\"position\":2,\"name\":\"Trgovina\",\"item\":\"https:\/\/vode.hr\/trgovina\/\"},{\"@type\":\"ListItem\",\"position\":3,\"name\":\"Senzor za tu\u010du, Sommer\"}]},{\"@type\":\"WebSite\",\"@id\":\"https:\/\/vode.hr\/bs\/#website\",\"url\":\"https:\/\/vode.hr\/bs\/\",\"name\":\"Vode.hr\",\"description\":\"Mjerenje kvalitete voda, dezinfekcija vode i ure\u0111aji za mjerenje uvjeta u okoli\u0161u\",\"publisher\":{\"@id\":\"https:\/\/vode.hr\/bs\/#organization\"},\"potentialAction\":[{\"@type\":\"SearchAction\",\"target\":{\"@type\":\"EntryPoint\",\"urlTemplate\":\"https:\/\/vode.hr\/bs\/?s={search_term_string}\"},\"query-input\":{\"@type\":\"PropertyValueSpecification\",\"valueRequired\":true,\"valueName\":\"search_term_string\"}}],\"inLanguage\":\"bs-BA\"},{\"@type\":\"Organization\",\"@id\":\"https:\/\/vode.hr\/bs\/#organization\",\"name\":\"Primotronic d.o.o.\",\"url\":\"https:\/\/vode.hr\/bs\/\",\"logo\":{\"@type\":\"ImageObject\",\"inLanguage\":\"bs-BA\",\"@id\":\"https:\/\/vode.hr\/bs\/#\/schema\/logo\/image\/\",\"url\":\"http:\/\/vode.hr\/wp-content\/uploads\/2023\/04\/vode-1.png\",\"contentUrl\":\"http:\/\/vode.hr\/wp-content\/uploads\/2023\/04\/vode-1.png\",\"width\":300,\"height\":99,\"caption\":\"Primotronic d.o.o.\"},\"image\":{\"@id\":\"https:\/\/vode.hr\/bs\/#\/schema\/logo\/image\/\"},\"sameAs\":[\"https:\/\/www.facebook.com\/vode.hr\"]}]}<\/script>\n<!-- \/ Yoast SEO plugin. -->","yoast_head_json":{"title":"Senzor za tu\u010du, Sommer - Vode.hr","description":"HDI senzor mjeri utjecaj tu\u010dnih kamen\u010di\u0107a na disk koriste\u0107i akusti\u010dno o\u010ditavanje i obradu, otkrivaju\u0107i kamen\u010di\u0107e veli\u010dine od 0,5 do 7,5 cm s brzinom do 25 udaraca u sekundi te pru\u017eaju\u0107i raspon veli\u010dina kao postotak na temelju klasifikacijske tablice.","robots":{"index":"index","follow":"follow","max-snippet":"max-snippet:-1","max-image-preview":"max-image-preview:large","max-video-preview":"max-video-preview:-1"},"canonical":"https:\/\/vode.hr\/bs\/proizvod\/senzor-za-tucu-sommer\/","og_locale":"bs_BA","og_type":"article","og_title":"Senzor za tu\u010du, Sommer - Vode.hr","og_description":"HDI senzor mjeri utjecaj tu\u010dnih kamen\u010di\u0107a na disk koriste\u0107i akusti\u010dno o\u010ditavanje i obradu, otkrivaju\u0107i kamen\u010di\u0107e veli\u010dine od 0,5 do 7,5 cm s brzinom do 25 udaraca u sekundi te pru\u017eaju\u0107i raspon veli\u010dina kao postotak na temelju klasifikacijske tablice.","og_url":"https:\/\/vode.hr\/bs\/proizvod\/senzor-za-tucu-sommer\/","og_site_name":"Vode.hr","article_publisher":"https:\/\/www.facebook.com\/vode.hr","article_modified_time":"2025-10-24T08:58:38+00:00","og_image":[{"width":650,"height":650,"url":"http:\/\/vode.hr\/wp-content\/uploads\/2023\/06\/Senzor-za-tucu-1040-0.jpg","type":"image\/jpeg"}],"twitter_card":"summary_large_image","twitter_misc":{"Est. reading time":"3 minute"},"schema":{"@context":"https:\/\/schema.org","@graph":[{"@type":["WebPage","ItemPage"],"@id":"https:\/\/vode.hr\/bs\/proizvod\/senzor-za-tucu-sommer\/","url":"https:\/\/vode.hr\/bs\/proizvod\/senzor-za-tucu-sommer\/","name":"Senzor za tu\u010du, Sommer - Vode.hr","isPartOf":{"@id":"https:\/\/vode.hr\/bs\/#website"},"primaryImageOfPage":{"@id":"https:\/\/vode.hr\/bs\/proizvod\/senzor-za-tucu-sommer\/#primaryimage"},"image":{"@id":"https:\/\/vode.hr\/bs\/proizvod\/senzor-za-tucu-sommer\/#primaryimage"},"thumbnailUrl":"https:\/\/vode.hr\/wp-content\/uploads\/2023\/06\/Senzor-za-tucu-1040-0.jpg","datePublished":"2023-06-01T10:33:00+00:00","dateModified":"2025-10-24T08:58:38+00:00","description":"HDI senzor mjeri utjecaj tu\u010dnih kamen\u010di\u0107a na disk koriste\u0107i akusti\u010dno o\u010ditavanje i obradu, otkrivaju\u0107i kamen\u010di\u0107e veli\u010dine od 0,5 do 7,5 cm s brzinom do 25 udaraca u sekundi te pru\u017eaju\u0107i raspon veli\u010dina kao postotak na temelju klasifikacijske tablice.","breadcrumb":{"@id":"https:\/\/vode.hr\/bs\/proizvod\/senzor-za-tucu-sommer\/#breadcrumb"},"inLanguage":"bs-BA","potentialAction":[{"@type":"ReadAction","target":["https:\/\/vode.hr\/bs\/proizvod\/senzor-za-tucu-sommer\/"]}]},{"@type":"ImageObject","inLanguage":"bs-BA","@id":"https:\/\/vode.hr\/bs\/proizvod\/senzor-za-tucu-sommer\/#primaryimage","url":"https:\/\/vode.hr\/wp-content\/uploads\/2023\/06\/Senzor-za-tucu-1040-0.jpg","contentUrl":"https:\/\/vode.hr\/wp-content\/uploads\/2023\/06\/Senzor-za-tucu-1040-0.jpg","width":650,"height":650},{"@type":"BreadcrumbList","@id":"https:\/\/vode.hr\/bs\/proizvod\/senzor-za-tucu-sommer\/#breadcrumb","itemListElement":[{"@type":"ListItem","position":1,"name":"Po\u010detna stranica","item":"https:\/\/vode.hr\/bs\/"},{"@type":"ListItem","position":2,"name":"Trgovina","item":"https:\/\/vode.hr\/trgovina\/"},{"@type":"ListItem","position":3,"name":"Senzor za tu\u010du, Sommer"}]},{"@type":"WebSite","@id":"https:\/\/vode.hr\/bs\/#website","url":"https:\/\/vode.hr\/bs\/","name":"Vode.hr","description":"Mjerenje kvalitete voda, dezinfekcija vode i ure\u0111aji za mjerenje uvjeta u okoli\u0161u","publisher":{"@id":"https:\/\/vode.hr\/bs\/#organization"},"potentialAction":[{"@type":"SearchAction","target":{"@type":"EntryPoint","urlTemplate":"https:\/\/vode.hr\/bs\/?s={search_term_string}"},"query-input":{"@type":"PropertyValueSpecification","valueRequired":true,"valueName":"search_term_string"}}],"inLanguage":"bs-BA"},{"@type":"Organization","@id":"https:\/\/vode.hr\/bs\/#organization","name":"Primotronic d.o.o.","url":"https:\/\/vode.hr\/bs\/","logo":{"@type":"ImageObject","inLanguage":"bs-BA","@id":"https:\/\/vode.hr\/bs\/#\/schema\/logo\/image\/","url":"http:\/\/vode.hr\/wp-content\/uploads\/2023\/04\/vode-1.png","contentUrl":"http:\/\/vode.hr\/wp-content\/uploads\/2023\/04\/vode-1.png","width":300,"height":99,"caption":"Primotronic d.o.o."},"image":{"@id":"https:\/\/vode.hr\/bs\/#\/schema\/logo\/image\/"},"sameAs":["https:\/\/www.facebook.com\/vode.hr"]}]}},"_links":{"self":[{"href":"https:\/\/vode.hr\/bs\/wp-json\/wp\/v2\/product\/798"}],"collection":[{"href":"https:\/\/vode.hr\/bs\/wp-json\/wp\/v2\/product"}],"about":[{"href":"https:\/\/vode.hr\/bs\/wp-json\/wp\/v2\/types\/product"}],"wp:featuredmedia":[{"embeddable":true,"href":"https:\/\/vode.hr\/bs\/wp-json\/wp\/v2\/media\/800"}],"wp:attachment":[{"href":"https:\/\/vode.hr\/bs\/wp-json\/wp\/v2\/media?parent=798"}],"wp:term":[{"taxonomy":"product_cat","embeddable":true,"href":"https:\/\/vode.hr\/bs\/wp-json\/wp\/v2\/product_cat?post=798"},{"taxonomy":"product_tag","embeddable":true,"href":"https:\/\/vode.hr\/bs\/wp-json\/wp\/v2\/product_tag?post=798"}],"curies":[{"name":"wp","href":"https:\/\/api.w.org\/{rel}","templated":true}]}}