{"id":803,"date":"2023-06-01T12:45:58","date_gmt":"2023-06-01T10:45:58","guid":{"rendered":"https:\/\/vode.hr\/?post_type=product&#038;p=803"},"modified":"2025-10-24T10:58:38","modified_gmt":"2025-10-24T08:58:38","slug":"akusticni-senzor-za-kisu-sommer","status":"publish","type":"product","link":"https:\/\/vode.hr\/bs\/proizvod\/akusticni-senzor-za-kisu-sommer\/","title":{"rendered":"Akusti\u010dni senzor za ki\u0161u, Sommer"},"content":{"rendered":"<div class=\"row align-middle\"  id=\"row-1795217040\">\n\n\t<div id=\"col-1149685703\" class=\"col medium-6 small-12 large-6\"  >\n\t\t\t\t<div class=\"col-inner\"  >\n\t\t\t\n\t\t\t\n\t<div id=\"text-2976366684\" class=\"text\">\n\t\t\n<h2>Iznimno robustan i pouzdan akusti\u010dni senzor ki\u0161e<\/h2>\n\t\t\n<style>\n#text-2976366684 {\n  text-align: center;\n}\n@media (min-width:550px) {\n  #text-2976366684 {\n    text-align: left;\n  }\n}\n<\/style>\n\t<\/div>\n\t\n<div class=\"is-divider divider clearfix\" style=\"max-width:100%;\"><\/div>\n<p>RHD je povoljan, visoko precizan i ultra robustan senzor za ki\u0161u. Ima vrlo nisku potro\u0161nju energije, ne zahtijeva odr\u017eavanje i ima potpuno zabrtvljen akusti\u010dni detektor bez pokretnih dijelova. Senzorski ure\u0111aj je polirana polukugla od nehr\u0111aju\u0107eg \u010delika koju podupire sna\u017ena ruka od nehr\u0111aju\u0107eg \u010delika. On detektira promjene akusti\u010dnog tlaka izazvane udarom kapi ki\u0161e ili tu\u010de. RHD tako\u0111er uklju\u010duje distrometar koji vra\u0107a raspodjelu veli\u010dine kapi.<\/p>\n<h3>Podru\u010dja primjene<\/h3>\n<p>Sa svojim funkcijama disdrometra i detekcije tu\u010de, RHD je vrijedan instrument za prognozu erozije tla i pra\u0107enje oborina u poljoprivredi. Budu\u0107i da ovaj senzor ne zahtijeva odr\u017eavanje, prikladan je i za udaljene meteorolo\u0161ke stanice (na kopnu i na moru) i znanstvena istra\u017eivanja.<\/p>\n<h3>Tehni\u010dki detalji<\/h3>\n<ul>\n<li>Akusti\u010dni detektor principa mjerenja<\/li>\n<li>Polukugla mjernog podru\u010dja s \u00d8160 mm (402 cm\u00b2)<\/li>\n<li>To\u010dnost intenziteta ki\u0161e \u00b1 5% pri 100% radnom ciklusu<\/li>\n<li>Disdrometar 27 klasa veli\u010dine od \u2264 0,75 mm do \u2265 7,0 mm<\/li>\n<li>Detekcija tu\u010de Veli\u010dina zrna tu\u010de \u2265 0,5 cm; do 5 pogodaka\/sekundi<\/li>\n<li>Izlaz RS-232, SDI-12, impulsni i naponski izlaz, Modbus RTU (zahtijeva adapter)<\/li>\n<li>Za\u0161tita IP 67<\/li>\n<li>Raspon temperature -30\u00b0C do +60\u00b0C<\/li>\n<li>Dimenzije 260 mm x 430 mm x 160 mm (uklju\u010duju\u0107i monta\u017enu ruku)<\/li>\n<li>Monta\u017eni jarbol ili pre\u010dka<\/li>\n<\/ul>\n\t\t<\/div>\n\t\t\t\t\n<style>\n#col-1149685703 > .col-inner {\n  padding: 2em 1em 0px 1em;\n}\n<\/style>\n\t<\/div>\n\n\t\n\n\t<div id=\"col-1608652175\" class=\"col medium-6 small-12 large-6\"  >\n\t\t\t\t<div class=\"col-inner\"  >\n\t\t\t\n\t\t\t\n\t<div class=\"img has-hover x md-x lg-x y md-y lg-y\" id=\"image_1904005044\">\n\t\t\t\t\t\t\t\t<div class=\"img-inner dark\" >\n\t\t\t<img loading=\"lazy\" decoding=\"async\" width=\"650\" height=\"650\" src=\"https:\/\/vode.hr\/wp-content\/uploads\/2023\/06\/Akusticni-senzor-za-kisu-1041-1.jpg\" class=\"attachment-large size-large\" alt=\"\" srcset=\"https:\/\/vode.hr\/wp-content\/uploads\/2023\/06\/Akusticni-senzor-za-kisu-1041-1.jpg 650w, https:\/\/vode.hr\/wp-content\/uploads\/2023\/06\/Akusticni-senzor-za-kisu-1041-1-300x300.jpg 300w, https:\/\/vode.hr\/wp-content\/uploads\/2023\/06\/Akusticni-senzor-za-kisu-1041-1-150x150.jpg 150w, https:\/\/vode.hr\/wp-content\/uploads\/2023\/06\/Akusticni-senzor-za-kisu-1041-1-370x370.jpg 370w, https:\/\/vode.hr\/wp-content\/uploads\/2023\/06\/Akusticni-senzor-za-kisu-1041-1-100x100.jpg 100w\" sizes=\"(max-width: 650px) 100vw, 650px\" \/>\t\t\t\t\t\t\n\t\t\t\t\t<\/div>\n\t\t\t\t\t\t\t\t\n<style>\n#image_1904005044 {\n  width: 100%;\n}\n<\/style>\n\t<\/div>\n\t\n\t\t<\/div>\n\t\t\t\t\n<style>\n#col-1608652175 > .col-inner {\n  padding: 0px 0px 0px 0px;\n}\n<\/style>\n\t<\/div>\n\n\t\n<\/div>\n","protected":false},"excerpt":{"rendered":"<p>RHD je povoljan, visoko precizan i izdr\u017eljiv senzor ki\u0161e. Njegove karakteristike uklju\u010duju nisku potro\u0161nju energije, bez potrebe za odr\u017eavanjem i potpuno zatvoren akusti\u010dni detektor bez pokretnih dijelova. Senzor detektira promjene akusti\u010dnog tlaka koje nastaju udarom ki\u0161nih kapi ili tu\u010dnih kamen\u010di\u0107a. Tako\u0111er pru\u017ea informacije o raspodjeli veli\u010dine kapljica.<\/p>\n","protected":false},"featured_media":805,"template":"","meta":[],"product_cat":[226],"product_tag":[297],"class_list":["post-803","product","type-product","status-publish","has-post-thumbnail","hentry","product_cat-vjetar-i-vremenski-uvjeti","product_tag-sommer"],"yoast_head":"<!-- This site is optimized with the Yoast SEO plugin v25.0 - https:\/\/yoast.com\/wordpress\/plugins\/seo\/ -->\n<title>Akusti\u010dni senzor za ki\u0161u, Sommer - Vode.hr<\/title>\n<meta name=\"description\" content=\"RHD je povoljan, visoko precizan i izdr\u017eljiv senzor ki\u0161e. Njegove karakteristike uklju\u010duju nisku potro\u0161nju energije, bez potrebe za odr\u017eavanjem i potpuno zatvoren akusti\u010dni detektor bez pokretnih dijelova. Senzor detektira promjene akusti\u010dnog tlaka koje nastaju udarom ki\u0161nih kapi ili tu\u010dnih kamen\u010di\u0107a. Tako\u0111er pru\u017ea informacije o raspodjeli veli\u010dine kapljica.\" \/>\n<meta name=\"robots\" content=\"index, follow, max-snippet:-1, max-image-preview:large, max-video-preview:-1\" \/>\n<link rel=\"canonical\" href=\"https:\/\/vode.hr\/bs\/proizvod\/akusticni-senzor-za-kisu-sommer\/\" \/>\n<meta property=\"og:locale\" content=\"bs_BA\" \/>\n<meta property=\"og:type\" content=\"article\" \/>\n<meta property=\"og:title\" content=\"Akusti\u010dni senzor za ki\u0161u, Sommer - Vode.hr\" \/>\n<meta property=\"og:description\" content=\"RHD je povoljan, visoko precizan i izdr\u017eljiv senzor ki\u0161e. Njegove karakteristike uklju\u010duju nisku potro\u0161nju energije, bez potrebe za odr\u017eavanjem i potpuno zatvoren akusti\u010dni detektor bez pokretnih dijelova. Senzor detektira promjene akusti\u010dnog tlaka koje nastaju udarom ki\u0161nih kapi ili tu\u010dnih kamen\u010di\u0107a. Tako\u0111er pru\u017ea informacije o raspodjeli veli\u010dine kapljica.\" \/>\n<meta property=\"og:url\" content=\"https:\/\/vode.hr\/bs\/proizvod\/akusticni-senzor-za-kisu-sommer\/\" \/>\n<meta property=\"og:site_name\" content=\"Vode.hr\" \/>\n<meta property=\"article:publisher\" content=\"https:\/\/www.facebook.com\/vode.hr\" \/>\n<meta property=\"article:modified_time\" content=\"2025-10-24T08:58:38+00:00\" \/>\n<meta property=\"og:image\" content=\"http:\/\/vode.hr\/wp-content\/uploads\/2023\/06\/Akusticni-senzor-za-kisu-1041-0.jpg\" \/>\n\t<meta property=\"og:image:width\" content=\"650\" \/>\n\t<meta property=\"og:image:height\" content=\"650\" \/>\n\t<meta property=\"og:image:type\" content=\"image\/jpeg\" \/>\n<meta name=\"twitter:card\" content=\"summary_large_image\" \/>\n<meta name=\"twitter:label1\" content=\"Est. reading time\" \/>\n\t<meta name=\"twitter:data1\" content=\"2 minute\" \/>\n<script type=\"application\/ld+json\" class=\"yoast-schema-graph\">{\"@context\":\"https:\/\/schema.org\",\"@graph\":[{\"@type\":[\"WebPage\",\"ItemPage\"],\"@id\":\"https:\/\/vode.hr\/bs\/proizvod\/akusticni-senzor-za-kisu-sommer\/\",\"url\":\"https:\/\/vode.hr\/bs\/proizvod\/akusticni-senzor-za-kisu-sommer\/\",\"name\":\"Akusti\u010dni senzor za ki\u0161u, Sommer - Vode.hr\",\"isPartOf\":{\"@id\":\"https:\/\/vode.hr\/bs\/#website\"},\"primaryImageOfPage\":{\"@id\":\"https:\/\/vode.hr\/bs\/proizvod\/akusticni-senzor-za-kisu-sommer\/#primaryimage\"},\"image\":{\"@id\":\"https:\/\/vode.hr\/bs\/proizvod\/akusticni-senzor-za-kisu-sommer\/#primaryimage\"},\"thumbnailUrl\":\"https:\/\/vode.hr\/wp-content\/uploads\/2023\/06\/Akusticni-senzor-za-kisu-1041-0.jpg\",\"datePublished\":\"2023-06-01T10:45:58+00:00\",\"dateModified\":\"2025-10-24T08:58:38+00:00\",\"description\":\"RHD je povoljan, visoko precizan i izdr\u017eljiv senzor ki\u0161e. Njegove karakteristike uklju\u010duju nisku potro\u0161nju energije, bez potrebe za odr\u017eavanjem i potpuno zatvoren akusti\u010dni detektor bez pokretnih dijelova. Senzor detektira promjene akusti\u010dnog tlaka koje nastaju udarom ki\u0161nih kapi ili tu\u010dnih kamen\u010di\u0107a. Tako\u0111er pru\u017ea informacije o raspodjeli veli\u010dine kapljica.\",\"breadcrumb\":{\"@id\":\"https:\/\/vode.hr\/bs\/proizvod\/akusticni-senzor-za-kisu-sommer\/#breadcrumb\"},\"inLanguage\":\"bs-BA\",\"potentialAction\":[{\"@type\":\"ReadAction\",\"target\":[\"https:\/\/vode.hr\/bs\/proizvod\/akusticni-senzor-za-kisu-sommer\/\"]}]},{\"@type\":\"ImageObject\",\"inLanguage\":\"bs-BA\",\"@id\":\"https:\/\/vode.hr\/bs\/proizvod\/akusticni-senzor-za-kisu-sommer\/#primaryimage\",\"url\":\"https:\/\/vode.hr\/wp-content\/uploads\/2023\/06\/Akusticni-senzor-za-kisu-1041-0.jpg\",\"contentUrl\":\"https:\/\/vode.hr\/wp-content\/uploads\/2023\/06\/Akusticni-senzor-za-kisu-1041-0.jpg\",\"width\":650,\"height\":650},{\"@type\":\"BreadcrumbList\",\"@id\":\"https:\/\/vode.hr\/bs\/proizvod\/akusticni-senzor-za-kisu-sommer\/#breadcrumb\",\"itemListElement\":[{\"@type\":\"ListItem\",\"position\":1,\"name\":\"Po\u010detna stranica\",\"item\":\"https:\/\/vode.hr\/bs\/\"},{\"@type\":\"ListItem\",\"position\":2,\"name\":\"Trgovina\",\"item\":\"https:\/\/vode.hr\/trgovina\/\"},{\"@type\":\"ListItem\",\"position\":3,\"name\":\"Akusti\u010dni senzor za ki\u0161u, Sommer\"}]},{\"@type\":\"WebSite\",\"@id\":\"https:\/\/vode.hr\/bs\/#website\",\"url\":\"https:\/\/vode.hr\/bs\/\",\"name\":\"Vode.hr\",\"description\":\"Mjerenje kvalitete voda, dezinfekcija vode i ure\u0111aji za mjerenje uvjeta u okoli\u0161u\",\"publisher\":{\"@id\":\"https:\/\/vode.hr\/bs\/#organization\"},\"potentialAction\":[{\"@type\":\"SearchAction\",\"target\":{\"@type\":\"EntryPoint\",\"urlTemplate\":\"https:\/\/vode.hr\/bs\/?s={search_term_string}\"},\"query-input\":{\"@type\":\"PropertyValueSpecification\",\"valueRequired\":true,\"valueName\":\"search_term_string\"}}],\"inLanguage\":\"bs-BA\"},{\"@type\":\"Organization\",\"@id\":\"https:\/\/vode.hr\/bs\/#organization\",\"name\":\"Primotronic d.o.o.\",\"url\":\"https:\/\/vode.hr\/bs\/\",\"logo\":{\"@type\":\"ImageObject\",\"inLanguage\":\"bs-BA\",\"@id\":\"https:\/\/vode.hr\/bs\/#\/schema\/logo\/image\/\",\"url\":\"http:\/\/vode.hr\/wp-content\/uploads\/2023\/04\/vode-1.png\",\"contentUrl\":\"http:\/\/vode.hr\/wp-content\/uploads\/2023\/04\/vode-1.png\",\"width\":300,\"height\":99,\"caption\":\"Primotronic d.o.o.\"},\"image\":{\"@id\":\"https:\/\/vode.hr\/bs\/#\/schema\/logo\/image\/\"},\"sameAs\":[\"https:\/\/www.facebook.com\/vode.hr\"]}]}<\/script>\n<!-- \/ Yoast SEO plugin. -->","yoast_head_json":{"title":"Akusti\u010dni senzor za ki\u0161u, Sommer - Vode.hr","description":"RHD je povoljan, visoko precizan i izdr\u017eljiv senzor ki\u0161e. Njegove karakteristike uklju\u010duju nisku potro\u0161nju energije, bez potrebe za odr\u017eavanjem i potpuno zatvoren akusti\u010dni detektor bez pokretnih dijelova. Senzor detektira promjene akusti\u010dnog tlaka koje nastaju udarom ki\u0161nih kapi ili tu\u010dnih kamen\u010di\u0107a. Tako\u0111er pru\u017ea informacije o raspodjeli veli\u010dine kapljica.","robots":{"index":"index","follow":"follow","max-snippet":"max-snippet:-1","max-image-preview":"max-image-preview:large","max-video-preview":"max-video-preview:-1"},"canonical":"https:\/\/vode.hr\/bs\/proizvod\/akusticni-senzor-za-kisu-sommer\/","og_locale":"bs_BA","og_type":"article","og_title":"Akusti\u010dni senzor za ki\u0161u, Sommer - Vode.hr","og_description":"RHD je povoljan, visoko precizan i izdr\u017eljiv senzor ki\u0161e. Njegove karakteristike uklju\u010duju nisku potro\u0161nju energije, bez potrebe za odr\u017eavanjem i potpuno zatvoren akusti\u010dni detektor bez pokretnih dijelova. Senzor detektira promjene akusti\u010dnog tlaka koje nastaju udarom ki\u0161nih kapi ili tu\u010dnih kamen\u010di\u0107a. Tako\u0111er pru\u017ea informacije o raspodjeli veli\u010dine kapljica.","og_url":"https:\/\/vode.hr\/bs\/proizvod\/akusticni-senzor-za-kisu-sommer\/","og_site_name":"Vode.hr","article_publisher":"https:\/\/www.facebook.com\/vode.hr","article_modified_time":"2025-10-24T08:58:38+00:00","og_image":[{"width":650,"height":650,"url":"http:\/\/vode.hr\/wp-content\/uploads\/2023\/06\/Akusticni-senzor-za-kisu-1041-0.jpg","type":"image\/jpeg"}],"twitter_card":"summary_large_image","twitter_misc":{"Est. reading time":"2 minute"},"schema":{"@context":"https:\/\/schema.org","@graph":[{"@type":["WebPage","ItemPage"],"@id":"https:\/\/vode.hr\/bs\/proizvod\/akusticni-senzor-za-kisu-sommer\/","url":"https:\/\/vode.hr\/bs\/proizvod\/akusticni-senzor-za-kisu-sommer\/","name":"Akusti\u010dni senzor za ki\u0161u, Sommer - Vode.hr","isPartOf":{"@id":"https:\/\/vode.hr\/bs\/#website"},"primaryImageOfPage":{"@id":"https:\/\/vode.hr\/bs\/proizvod\/akusticni-senzor-za-kisu-sommer\/#primaryimage"},"image":{"@id":"https:\/\/vode.hr\/bs\/proizvod\/akusticni-senzor-za-kisu-sommer\/#primaryimage"},"thumbnailUrl":"https:\/\/vode.hr\/wp-content\/uploads\/2023\/06\/Akusticni-senzor-za-kisu-1041-0.jpg","datePublished":"2023-06-01T10:45:58+00:00","dateModified":"2025-10-24T08:58:38+00:00","description":"RHD je povoljan, visoko precizan i izdr\u017eljiv senzor ki\u0161e. Njegove karakteristike uklju\u010duju nisku potro\u0161nju energije, bez potrebe za odr\u017eavanjem i potpuno zatvoren akusti\u010dni detektor bez pokretnih dijelova. Senzor detektira promjene akusti\u010dnog tlaka koje nastaju udarom ki\u0161nih kapi ili tu\u010dnih kamen\u010di\u0107a. Tako\u0111er pru\u017ea informacije o raspodjeli veli\u010dine kapljica.","breadcrumb":{"@id":"https:\/\/vode.hr\/bs\/proizvod\/akusticni-senzor-za-kisu-sommer\/#breadcrumb"},"inLanguage":"bs-BA","potentialAction":[{"@type":"ReadAction","target":["https:\/\/vode.hr\/bs\/proizvod\/akusticni-senzor-za-kisu-sommer\/"]}]},{"@type":"ImageObject","inLanguage":"bs-BA","@id":"https:\/\/vode.hr\/bs\/proizvod\/akusticni-senzor-za-kisu-sommer\/#primaryimage","url":"https:\/\/vode.hr\/wp-content\/uploads\/2023\/06\/Akusticni-senzor-za-kisu-1041-0.jpg","contentUrl":"https:\/\/vode.hr\/wp-content\/uploads\/2023\/06\/Akusticni-senzor-za-kisu-1041-0.jpg","width":650,"height":650},{"@type":"BreadcrumbList","@id":"https:\/\/vode.hr\/bs\/proizvod\/akusticni-senzor-za-kisu-sommer\/#breadcrumb","itemListElement":[{"@type":"ListItem","position":1,"name":"Po\u010detna stranica","item":"https:\/\/vode.hr\/bs\/"},{"@type":"ListItem","position":2,"name":"Trgovina","item":"https:\/\/vode.hr\/trgovina\/"},{"@type":"ListItem","position":3,"name":"Akusti\u010dni senzor za ki\u0161u, Sommer"}]},{"@type":"WebSite","@id":"https:\/\/vode.hr\/bs\/#website","url":"https:\/\/vode.hr\/bs\/","name":"Vode.hr","description":"Mjerenje kvalitete voda, dezinfekcija vode i ure\u0111aji za mjerenje uvjeta u okoli\u0161u","publisher":{"@id":"https:\/\/vode.hr\/bs\/#organization"},"potentialAction":[{"@type":"SearchAction","target":{"@type":"EntryPoint","urlTemplate":"https:\/\/vode.hr\/bs\/?s={search_term_string}"},"query-input":{"@type":"PropertyValueSpecification","valueRequired":true,"valueName":"search_term_string"}}],"inLanguage":"bs-BA"},{"@type":"Organization","@id":"https:\/\/vode.hr\/bs\/#organization","name":"Primotronic d.o.o.","url":"https:\/\/vode.hr\/bs\/","logo":{"@type":"ImageObject","inLanguage":"bs-BA","@id":"https:\/\/vode.hr\/bs\/#\/schema\/logo\/image\/","url":"http:\/\/vode.hr\/wp-content\/uploads\/2023\/04\/vode-1.png","contentUrl":"http:\/\/vode.hr\/wp-content\/uploads\/2023\/04\/vode-1.png","width":300,"height":99,"caption":"Primotronic d.o.o."},"image":{"@id":"https:\/\/vode.hr\/bs\/#\/schema\/logo\/image\/"},"sameAs":["https:\/\/www.facebook.com\/vode.hr"]}]}},"_links":{"self":[{"href":"https:\/\/vode.hr\/bs\/wp-json\/wp\/v2\/product\/803"}],"collection":[{"href":"https:\/\/vode.hr\/bs\/wp-json\/wp\/v2\/product"}],"about":[{"href":"https:\/\/vode.hr\/bs\/wp-json\/wp\/v2\/types\/product"}],"wp:featuredmedia":[{"embeddable":true,"href":"https:\/\/vode.hr\/bs\/wp-json\/wp\/v2\/media\/805"}],"wp:attachment":[{"href":"https:\/\/vode.hr\/bs\/wp-json\/wp\/v2\/media?parent=803"}],"wp:term":[{"taxonomy":"product_cat","embeddable":true,"href":"https:\/\/vode.hr\/bs\/wp-json\/wp\/v2\/product_cat?post=803"},{"taxonomy":"product_tag","embeddable":true,"href":"https:\/\/vode.hr\/bs\/wp-json\/wp\/v2\/product_tag?post=803"}],"curies":[{"name":"wp","href":"https:\/\/api.w.org\/{rel}","templated":true}]}}