{"id":807,"date":"2023-06-01T13:14:55","date_gmt":"2023-06-01T11:14:55","guid":{"rendered":"https:\/\/vode.hr\/?post_type=product&#038;p=807"},"modified":"2025-10-24T10:58:38","modified_gmt":"2025-10-24T08:58:38","slug":"senzor-za-mjerenje-solarne-radijacije-sommer","status":"publish","type":"product","link":"https:\/\/vode.hr\/bs\/proizvod\/senzor-za-mjerenje-solarne-radijacije-sommer\/","title":{"rendered":"Senzor za mjerenje solarne radijacije, Sommer"},"content":{"rendered":"<div class=\"row\"  id=\"row-49731342\">\n\n\t<div id=\"col-311188411\" class=\"col medium-6 small-12 large-6\"  >\n\t\t\t\t<div class=\"col-inner\"  >\n\t\t\t\n\t\t\t\n\t<div id=\"text-2931980440\" class=\"text\">\n\t\t\n<h2>Piranometer DK-RM 1<\/h2>\n\t\t\n<style>\n#text-2931980440 {\n  text-align: center;\n}\n@media (min-width:550px) {\n  #text-2931980440 {\n    text-align: left;\n  }\n}\n<\/style>\n\t<\/div>\n\t\n<div class=\"is-divider divider clearfix\" style=\"max-width:100%;\"><\/div>\n<p>Piranometar za jednostavnu primjenu za odre\u0111ivanje globalnog zra\u010denja u kratkovalnom podru\u010dju, za kori\u0161tenje s zapisiva\u010dima podataka, kontrolnim i regulatornim sustavima.<\/p>\n<h3>Tehni\u010dki detalji<\/h3>\n<ul>\n<li>Mjerni element\/-princip Si-fotodioda<\/li>\n<li>Mjerni raspon 0 &#8230; 1250 W\/m\u00b2; nelinearnost: \u00b13 %<\/li>\n<li>Spektralni raspon 0,3 &#8230; 1,1 \u00b5m<\/li>\n<li>Radna temperatura -30 \u00b0C &#8230; +60 \u00b0C<\/li>\n<li>Izlaz 0 &#8230; 100 mV<\/li>\n<li>Za\u0161tita IP 65<\/li>\n<li>Dimenzije 59 x 68 x 65 mm (\u0160xVxD)<\/li>\n<\/ul>\n\t\t<\/div>\n\t\t\t\t\n<style>\n#col-311188411 > .col-inner {\n  padding: 2em 1em 0px 1em;\n}\n<\/style>\n\t<\/div>\n\n\t\n\n\t<div id=\"col-109343319\" class=\"col medium-6 small-12 large-6\"  >\n\t\t\t\t<div class=\"col-inner\"  >\n\t\t\t\n\t\t\t\n\t<div id=\"text-2034749178\" class=\"text\">\n\t\t\n<h2>Zvjezdani piranometar 8101<\/h2>\n\t\t\n<style>\n#text-2034749178 {\n  text-align: center;\n}\n@media (min-width:550px) {\n  #text-2034749178 {\n    text-align: left;\n  }\n}\n<\/style>\n\t<\/div>\n\t\n<div class=\"is-divider divider clearfix\" style=\"max-width:100%;\"><\/div>\n<p>Zvjezdani piranometar za profesionalno prikupljanje podataka o globalnom zra\u010denju u kratkovalnom podru\u010dju. Suhi dio u unutra\u0161njosti senzora sprje\u010dava kondenzaciju vode. Horizontalna monta\u017ea se lako izvodi s tri stezna vijka. Senzor odgovara me\u0111unarodnim standardima koje je postavila Svjetska meteorolo\u0161ka organizacija (WMO). Kao opcija ventilacija i grijanje mogu se priklju\u010diti na senzor tako da je osigurana u\u0161teda tijekom cijele godine.<\/p>\n<h3>Tehni\u010dki detalji<\/h3>\n<ul>\n<li>Mjerni element\/princip mjerenja temperaturne razlike<\/li>\n<li>Mjerni raspon 0 &#8230; 1500 W\/m\u00b2; linearnost: &lt; 0,5 %<\/li>\n<li>Spektralni raspon 0,3 &#8230; 3 \u00b5m<\/li>\n<li>Radna temperatura -40 \u00b0C &#8230; +60 \u00b0C<\/li>\n<li>Izlaz 15 \u00b5V\/Wm\u00b2<\/li>\n<li>Za\u0161tita IP 65<\/li>\n<li>Mjere \u00f8 159 mm; visina 75 mm<\/li>\n<\/ul>\n\t\t<\/div>\n\t\t\t\t\n<style>\n#col-109343319 > .col-inner {\n  padding: 2em 1em 0px 1em;\n}\n<\/style>\n\t<\/div>\n\n\t\n\n\t<div id=\"col-1268169072\" class=\"col medium-6 small-12 large-6\"  >\n\t\t\t\t<div class=\"col-inner\"  >\n\t\t\t\n\t\t\t\n\t<div id=\"text-2729326289\" class=\"text\">\n\t\t\n<h2>Neto radiometar CNR4<\/h2>\n\t\t\n<style>\n#text-2729326289 {\n  text-align: center;\n}\n@media (min-width:550px) {\n  #text-2729326289 {\n    text-align: left;\n  }\n}\n<\/style>\n\t<\/div>\n\t\n<div class=\"is-divider divider clearfix\" style=\"max-width:100%;\"><\/div>\n<p>Mre\u017eni radiometar za najpreciznije i najpouzdanije mjerenje kratkovalnog i dugovalnog zra\u010denja. Koristi se za odre\u0111ivanje izravnog i refleksnog zra\u010denja. Daljnje funkcije su: bilanca zra\u010denja, albedo, temperatura atmosfere, temperatura tla.<\/p>\n<h3>Zna\u010dajke i prednosti<\/h3>\n<ul>\n<li>Mjerenje na kratkim i dugim valovima<\/li>\n<li>Visoka pouzdanost i to\u010dnost<\/li>\n<li>Potrebno je vrlo malo odr\u017eavanja<\/li>\n<li>Opcija s grijanjem<\/li>\n<\/ul>\n\t\t<\/div>\n\t\t\t\t\n<style>\n#col-1268169072 > .col-inner {\n  padding: 2em 1em 0px 1em;\n}\n<\/style>\n\t<\/div>\n\n\t\n\n\t<div id=\"col-803650512\" class=\"col medium-6 small-12 large-6\"  >\n\t\t\t\t<div class=\"col-inner\"  >\n\t\t\t\n\t\t\t\n\t\t<\/div>\n\t\t\t\t\n<style>\n#col-803650512 > .col-inner {\n  padding: 0px 0px 0px 0px;\n}\n<\/style>\n\t<\/div>\n\n\t\n<\/div>\n","protected":false},"excerpt":{"rendered":"<p>Globalna radijacija je ukupna sun\u010deva radijacija koja obasjava Zemlju. Sastoji se od izravne sun\u010deve radijacije i neizravne radijacije koja prolazi kroz oblake, vodene i \u010destice pra\u0161ine (difuzna ili nebeska radijacija). Obuhva\u0107a spektralno podru\u010dje od 200 do vi\u0161e od 3000 nm. Za mjerenje radijacije mogu se koristiti razli\u010diti senzori prema meteorolo\u0161kim i klimatolo\u0161kim potrebama.<\/p>\n","protected":false},"featured_media":808,"template":"","meta":[],"product_cat":[226],"product_tag":[297],"class_list":["post-807","product","type-product","status-publish","has-post-thumbnail","hentry","product_cat-vjetar-i-vremenski-uvjeti","product_tag-sommer"],"yoast_head":"<!-- This site is optimized with the Yoast SEO plugin v25.0 - https:\/\/yoast.com\/wordpress\/plugins\/seo\/ -->\n<title>Senzor za mjerenje solarne radijacije, Sommer - Vode.hr<\/title>\n<meta name=\"description\" content=\"Globalna radijacija je ukupna sun\u010deva radijacija koja obasjava Zemlju. Sastoji se od izravne sun\u010deve radijacije i neizravne radijacije koja prolazi kroz oblake, vodene i \u010destice pra\u0161ine (difuzna ili nebeska radijacija). Obuhva\u0107a spektralno podru\u010dje od 200 do vi\u0161e od 3000 nm. Za mjerenje radijacije mogu se koristiti razli\u010diti senzori prema meteorolo\u0161kim i klimatolo\u0161kim potrebama.\" \/>\n<meta name=\"robots\" content=\"index, follow, max-snippet:-1, max-image-preview:large, max-video-preview:-1\" \/>\n<link rel=\"canonical\" href=\"https:\/\/vode.hr\/bs\/proizvod\/senzor-za-mjerenje-solarne-radijacije-sommer\/\" \/>\n<meta property=\"og:locale\" content=\"bs_BA\" \/>\n<meta property=\"og:type\" content=\"article\" \/>\n<meta property=\"og:title\" content=\"Senzor za mjerenje solarne radijacije, Sommer - Vode.hr\" \/>\n<meta property=\"og:description\" content=\"Globalna radijacija je ukupna sun\u010deva radijacija koja obasjava Zemlju. Sastoji se od izravne sun\u010deve radijacije i neizravne radijacije koja prolazi kroz oblake, vodene i \u010destice pra\u0161ine (difuzna ili nebeska radijacija). Obuhva\u0107a spektralno podru\u010dje od 200 do vi\u0161e od 3000 nm. Za mjerenje radijacije mogu se koristiti razli\u010diti senzori prema meteorolo\u0161kim i klimatolo\u0161kim potrebama.\" \/>\n<meta property=\"og:url\" content=\"https:\/\/vode.hr\/bs\/proizvod\/senzor-za-mjerenje-solarne-radijacije-sommer\/\" \/>\n<meta property=\"og:site_name\" content=\"Vode.hr\" \/>\n<meta property=\"article:publisher\" content=\"https:\/\/www.facebook.com\/vode.hr\" \/>\n<meta property=\"article:modified_time\" content=\"2025-10-24T08:58:38+00:00\" \/>\n<meta property=\"og:image\" content=\"http:\/\/vode.hr\/wp-content\/uploads\/2023\/06\/Senzor-solarne-radijacije-1042-0.jpg\" \/>\n\t<meta property=\"og:image:width\" content=\"650\" \/>\n\t<meta property=\"og:image:height\" content=\"650\" \/>\n\t<meta property=\"og:image:type\" content=\"image\/jpeg\" \/>\n<meta name=\"twitter:card\" content=\"summary_large_image\" \/>\n<meta name=\"twitter:label1\" content=\"Est. reading time\" \/>\n\t<meta name=\"twitter:data1\" content=\"2 minute\" \/>\n<script type=\"application\/ld+json\" class=\"yoast-schema-graph\">{\"@context\":\"https:\/\/schema.org\",\"@graph\":[{\"@type\":[\"WebPage\",\"ItemPage\"],\"@id\":\"https:\/\/vode.hr\/bs\/proizvod\/senzor-za-mjerenje-solarne-radijacije-sommer\/\",\"url\":\"https:\/\/vode.hr\/bs\/proizvod\/senzor-za-mjerenje-solarne-radijacije-sommer\/\",\"name\":\"Senzor za mjerenje solarne radijacije, Sommer - Vode.hr\",\"isPartOf\":{\"@id\":\"https:\/\/vode.hr\/bs\/#website\"},\"primaryImageOfPage\":{\"@id\":\"https:\/\/vode.hr\/bs\/proizvod\/senzor-za-mjerenje-solarne-radijacije-sommer\/#primaryimage\"},\"image\":{\"@id\":\"https:\/\/vode.hr\/bs\/proizvod\/senzor-za-mjerenje-solarne-radijacije-sommer\/#primaryimage\"},\"thumbnailUrl\":\"https:\/\/vode.hr\/wp-content\/uploads\/2023\/06\/Senzor-solarne-radijacije-1042-0.jpg\",\"datePublished\":\"2023-06-01T11:14:55+00:00\",\"dateModified\":\"2025-10-24T08:58:38+00:00\",\"description\":\"Globalna radijacija je ukupna sun\u010deva radijacija koja obasjava Zemlju. Sastoji se od izravne sun\u010deve radijacije i neizravne radijacije koja prolazi kroz oblake, vodene i \u010destice pra\u0161ine (difuzna ili nebeska radijacija). Obuhva\u0107a spektralno podru\u010dje od 200 do vi\u0161e od 3000 nm. Za mjerenje radijacije mogu se koristiti razli\u010diti senzori prema meteorolo\u0161kim i klimatolo\u0161kim potrebama.\",\"breadcrumb\":{\"@id\":\"https:\/\/vode.hr\/bs\/proizvod\/senzor-za-mjerenje-solarne-radijacije-sommer\/#breadcrumb\"},\"inLanguage\":\"bs-BA\",\"potentialAction\":[{\"@type\":\"ReadAction\",\"target\":[\"https:\/\/vode.hr\/bs\/proizvod\/senzor-za-mjerenje-solarne-radijacije-sommer\/\"]}]},{\"@type\":\"ImageObject\",\"inLanguage\":\"bs-BA\",\"@id\":\"https:\/\/vode.hr\/bs\/proizvod\/senzor-za-mjerenje-solarne-radijacije-sommer\/#primaryimage\",\"url\":\"https:\/\/vode.hr\/wp-content\/uploads\/2023\/06\/Senzor-solarne-radijacije-1042-0.jpg\",\"contentUrl\":\"https:\/\/vode.hr\/wp-content\/uploads\/2023\/06\/Senzor-solarne-radijacije-1042-0.jpg\",\"width\":650,\"height\":650},{\"@type\":\"BreadcrumbList\",\"@id\":\"https:\/\/vode.hr\/bs\/proizvod\/senzor-za-mjerenje-solarne-radijacije-sommer\/#breadcrumb\",\"itemListElement\":[{\"@type\":\"ListItem\",\"position\":1,\"name\":\"Po\u010detna stranica\",\"item\":\"https:\/\/vode.hr\/bs\/\"},{\"@type\":\"ListItem\",\"position\":2,\"name\":\"Trgovina\",\"item\":\"https:\/\/vode.hr\/trgovina\/\"},{\"@type\":\"ListItem\",\"position\":3,\"name\":\"Senzor za mjerenje solarne radijacije, Sommer\"}]},{\"@type\":\"WebSite\",\"@id\":\"https:\/\/vode.hr\/bs\/#website\",\"url\":\"https:\/\/vode.hr\/bs\/\",\"name\":\"Vode.hr\",\"description\":\"Mjerenje kvalitete voda, dezinfekcija vode i ure\u0111aji za mjerenje uvjeta u okoli\u0161u\",\"publisher\":{\"@id\":\"https:\/\/vode.hr\/bs\/#organization\"},\"potentialAction\":[{\"@type\":\"SearchAction\",\"target\":{\"@type\":\"EntryPoint\",\"urlTemplate\":\"https:\/\/vode.hr\/bs\/?s={search_term_string}\"},\"query-input\":{\"@type\":\"PropertyValueSpecification\",\"valueRequired\":true,\"valueName\":\"search_term_string\"}}],\"inLanguage\":\"bs-BA\"},{\"@type\":\"Organization\",\"@id\":\"https:\/\/vode.hr\/bs\/#organization\",\"name\":\"Primotronic d.o.o.\",\"url\":\"https:\/\/vode.hr\/bs\/\",\"logo\":{\"@type\":\"ImageObject\",\"inLanguage\":\"bs-BA\",\"@id\":\"https:\/\/vode.hr\/bs\/#\/schema\/logo\/image\/\",\"url\":\"http:\/\/vode.hr\/wp-content\/uploads\/2023\/04\/vode-1.png\",\"contentUrl\":\"http:\/\/vode.hr\/wp-content\/uploads\/2023\/04\/vode-1.png\",\"width\":300,\"height\":99,\"caption\":\"Primotronic d.o.o.\"},\"image\":{\"@id\":\"https:\/\/vode.hr\/bs\/#\/schema\/logo\/image\/\"},\"sameAs\":[\"https:\/\/www.facebook.com\/vode.hr\"]}]}<\/script>\n<!-- \/ Yoast SEO plugin. -->","yoast_head_json":{"title":"Senzor za mjerenje solarne radijacije, Sommer - Vode.hr","description":"Globalna radijacija je ukupna sun\u010deva radijacija koja obasjava Zemlju. Sastoji se od izravne sun\u010deve radijacije i neizravne radijacije koja prolazi kroz oblake, vodene i \u010destice pra\u0161ine (difuzna ili nebeska radijacija). Obuhva\u0107a spektralno podru\u010dje od 200 do vi\u0161e od 3000 nm. Za mjerenje radijacije mogu se koristiti razli\u010diti senzori prema meteorolo\u0161kim i klimatolo\u0161kim potrebama.","robots":{"index":"index","follow":"follow","max-snippet":"max-snippet:-1","max-image-preview":"max-image-preview:large","max-video-preview":"max-video-preview:-1"},"canonical":"https:\/\/vode.hr\/bs\/proizvod\/senzor-za-mjerenje-solarne-radijacije-sommer\/","og_locale":"bs_BA","og_type":"article","og_title":"Senzor za mjerenje solarne radijacije, Sommer - Vode.hr","og_description":"Globalna radijacija je ukupna sun\u010deva radijacija koja obasjava Zemlju. Sastoji se od izravne sun\u010deve radijacije i neizravne radijacije koja prolazi kroz oblake, vodene i \u010destice pra\u0161ine (difuzna ili nebeska radijacija). Obuhva\u0107a spektralno podru\u010dje od 200 do vi\u0161e od 3000 nm. Za mjerenje radijacije mogu se koristiti razli\u010diti senzori prema meteorolo\u0161kim i klimatolo\u0161kim potrebama.","og_url":"https:\/\/vode.hr\/bs\/proizvod\/senzor-za-mjerenje-solarne-radijacije-sommer\/","og_site_name":"Vode.hr","article_publisher":"https:\/\/www.facebook.com\/vode.hr","article_modified_time":"2025-10-24T08:58:38+00:00","og_image":[{"width":650,"height":650,"url":"http:\/\/vode.hr\/wp-content\/uploads\/2023\/06\/Senzor-solarne-radijacije-1042-0.jpg","type":"image\/jpeg"}],"twitter_card":"summary_large_image","twitter_misc":{"Est. reading time":"2 minute"},"schema":{"@context":"https:\/\/schema.org","@graph":[{"@type":["WebPage","ItemPage"],"@id":"https:\/\/vode.hr\/bs\/proizvod\/senzor-za-mjerenje-solarne-radijacije-sommer\/","url":"https:\/\/vode.hr\/bs\/proizvod\/senzor-za-mjerenje-solarne-radijacije-sommer\/","name":"Senzor za mjerenje solarne radijacije, Sommer - Vode.hr","isPartOf":{"@id":"https:\/\/vode.hr\/bs\/#website"},"primaryImageOfPage":{"@id":"https:\/\/vode.hr\/bs\/proizvod\/senzor-za-mjerenje-solarne-radijacije-sommer\/#primaryimage"},"image":{"@id":"https:\/\/vode.hr\/bs\/proizvod\/senzor-za-mjerenje-solarne-radijacije-sommer\/#primaryimage"},"thumbnailUrl":"https:\/\/vode.hr\/wp-content\/uploads\/2023\/06\/Senzor-solarne-radijacije-1042-0.jpg","datePublished":"2023-06-01T11:14:55+00:00","dateModified":"2025-10-24T08:58:38+00:00","description":"Globalna radijacija je ukupna sun\u010deva radijacija koja obasjava Zemlju. Sastoji se od izravne sun\u010deve radijacije i neizravne radijacije koja prolazi kroz oblake, vodene i \u010destice pra\u0161ine (difuzna ili nebeska radijacija). Obuhva\u0107a spektralno podru\u010dje od 200 do vi\u0161e od 3000 nm. Za mjerenje radijacije mogu se koristiti razli\u010diti senzori prema meteorolo\u0161kim i klimatolo\u0161kim potrebama.","breadcrumb":{"@id":"https:\/\/vode.hr\/bs\/proizvod\/senzor-za-mjerenje-solarne-radijacije-sommer\/#breadcrumb"},"inLanguage":"bs-BA","potentialAction":[{"@type":"ReadAction","target":["https:\/\/vode.hr\/bs\/proizvod\/senzor-za-mjerenje-solarne-radijacije-sommer\/"]}]},{"@type":"ImageObject","inLanguage":"bs-BA","@id":"https:\/\/vode.hr\/bs\/proizvod\/senzor-za-mjerenje-solarne-radijacije-sommer\/#primaryimage","url":"https:\/\/vode.hr\/wp-content\/uploads\/2023\/06\/Senzor-solarne-radijacije-1042-0.jpg","contentUrl":"https:\/\/vode.hr\/wp-content\/uploads\/2023\/06\/Senzor-solarne-radijacije-1042-0.jpg","width":650,"height":650},{"@type":"BreadcrumbList","@id":"https:\/\/vode.hr\/bs\/proizvod\/senzor-za-mjerenje-solarne-radijacije-sommer\/#breadcrumb","itemListElement":[{"@type":"ListItem","position":1,"name":"Po\u010detna stranica","item":"https:\/\/vode.hr\/bs\/"},{"@type":"ListItem","position":2,"name":"Trgovina","item":"https:\/\/vode.hr\/trgovina\/"},{"@type":"ListItem","position":3,"name":"Senzor za mjerenje solarne radijacije, Sommer"}]},{"@type":"WebSite","@id":"https:\/\/vode.hr\/bs\/#website","url":"https:\/\/vode.hr\/bs\/","name":"Vode.hr","description":"Mjerenje kvalitete voda, dezinfekcija vode i ure\u0111aji za mjerenje uvjeta u okoli\u0161u","publisher":{"@id":"https:\/\/vode.hr\/bs\/#organization"},"potentialAction":[{"@type":"SearchAction","target":{"@type":"EntryPoint","urlTemplate":"https:\/\/vode.hr\/bs\/?s={search_term_string}"},"query-input":{"@type":"PropertyValueSpecification","valueRequired":true,"valueName":"search_term_string"}}],"inLanguage":"bs-BA"},{"@type":"Organization","@id":"https:\/\/vode.hr\/bs\/#organization","name":"Primotronic d.o.o.","url":"https:\/\/vode.hr\/bs\/","logo":{"@type":"ImageObject","inLanguage":"bs-BA","@id":"https:\/\/vode.hr\/bs\/#\/schema\/logo\/image\/","url":"http:\/\/vode.hr\/wp-content\/uploads\/2023\/04\/vode-1.png","contentUrl":"http:\/\/vode.hr\/wp-content\/uploads\/2023\/04\/vode-1.png","width":300,"height":99,"caption":"Primotronic d.o.o."},"image":{"@id":"https:\/\/vode.hr\/bs\/#\/schema\/logo\/image\/"},"sameAs":["https:\/\/www.facebook.com\/vode.hr"]}]}},"_links":{"self":[{"href":"https:\/\/vode.hr\/bs\/wp-json\/wp\/v2\/product\/807"}],"collection":[{"href":"https:\/\/vode.hr\/bs\/wp-json\/wp\/v2\/product"}],"about":[{"href":"https:\/\/vode.hr\/bs\/wp-json\/wp\/v2\/types\/product"}],"wp:featuredmedia":[{"embeddable":true,"href":"https:\/\/vode.hr\/bs\/wp-json\/wp\/v2\/media\/808"}],"wp:attachment":[{"href":"https:\/\/vode.hr\/bs\/wp-json\/wp\/v2\/media?parent=807"}],"wp:term":[{"taxonomy":"product_cat","embeddable":true,"href":"https:\/\/vode.hr\/bs\/wp-json\/wp\/v2\/product_cat?post=807"},{"taxonomy":"product_tag","embeddable":true,"href":"https:\/\/vode.hr\/bs\/wp-json\/wp\/v2\/product_tag?post=807"}],"curies":[{"name":"wp","href":"https:\/\/api.w.org\/{rel}","templated":true}]}}