{"id":813,"date":"2023-06-01T14:14:08","date_gmt":"2023-06-01T12:14:08","guid":{"rendered":"https:\/\/vode.hr\/?post_type=product&#038;p=813"},"modified":"2025-10-24T10:58:38","modified_gmt":"2025-10-24T08:58:38","slug":"radarski-sustav-mjerenja-protoka-otpadnih-voda-sq-r-sommer","status":"publish","type":"product","link":"https:\/\/vode.hr\/bs\/proizvod\/radarski-sustav-mjerenja-protoka-otpadnih-voda-sq-r-sommer\/","title":{"rendered":"Radarski sustav mjerenja protoka otpadnih voda, SQ-R, Sommer"},"content":{"rendered":"<div class=\"row\"  id=\"row-1170191047\">\n\n\t<div id=\"col-1773508731\" class=\"col medium-6 small-12 large-6\"  >\n\t\t\t\t<div class=\"col-inner\"  >\n\t\t\t\n\t\t\t\n\t<div id=\"text-471196729\" class=\"text\">\n\t\t\n<h2>Beskontaktno mjerenje protoka za postrojenja za pro\u010di\u0161\u0107avanje otpadnih voda, kanalizaciju i kanale za industrijsku vodu<\/h2>\n\t\t\n<style>\n#text-471196729 {\n  text-align: center;\n}\n@media (min-width:550px) {\n  #text-471196729 {\n    text-align: left;\n  }\n}\n<\/style>\n\t<\/div>\n\t\n<div class=\"is-divider divider clearfix\" style=\"max-width:100%;\"><\/div>\n<p>SQ-R kontinuirano i beskontaktno mjeri protok otpadnih kanala, djelomi\u010dno ispunjenih cijevi i tehni\u010dkih kanala u industriji i vodoopskrbi. SQ-R nije u kontaktu s vodom i stoga se njime mo\u017ee upravljati bez utjecaja krhotina i uvu\u010denih krutih tvari. Sa svojim kompaktnim dizajnom i raznolikim mogu\u0107nostima monta\u017ee, idealan je izbor za mjerenje protoka u oknima objekata i kanalizacije.<\/p>\n<ul>\n<li>Beskontaktno mjerenje, sustav bez odr\u017eavanja<\/li>\n<li>Prora\u010dun protoka kontinuiranim mjerenjem brzine protoka i vodostaja<\/li>\n<li>Nisu potrebne gra\u0111evinske mjere u kanalizaciji<\/li>\n<li>Vodootporno i otporno ku\u0107i\u0161te tako\u0111er za kori\u0161tenje u agresivnim okru\u017eenjima<\/li>\n<li>\u0160irok raspon mjerenja od nekoliko litara do nekoliko kubi\u010dnih metara u minuti<\/li>\n<li>Visoka dostupnost podataka \u010dak i uz intenzivnu zamu\u0107enost i visok sadr\u017eaj krutih tvari<\/li>\n<li>Jednostavna integracija u postoje\u0107e mjerne i upravlja\u010dke sustave<\/li>\n<li>Funkcija samoprovjere podr\u017eava ispravnu instalaciju i visoku kvalitetu podataka<\/li>\n<li>Svestrani mjerni izlaz putem RS-485, Modbusa, SDI-12, pulsnog i analognog signala<\/li>\n<li>Integrirani hidrauli\u010dki model za precizne izra\u010dune protoka<\/li>\n<li>Jednostavna konfiguracija sa softverom SQ-Commander<\/li>\n<\/ul>\n\t\t<\/div>\n\t\t\t\t\n<style>\n#col-1773508731 > .col-inner {\n  padding: 2em 1em 0px 1em;\n}\n<\/style>\n\t<\/div>\n\n\t\n\n\t<div id=\"col-926443607\" class=\"col medium-6 small-12 large-6\"  >\n\t\t\t\t<div class=\"col-inner\"  >\n\t\t\t\n\t\t\t\n\t<div class=\"img has-hover x md-x lg-x y md-y lg-y\" id=\"image_459424961\">\n\t\t\t\t\t\t\t\t<div class=\"img-inner dark\" >\n\t\t\t<img loading=\"lazy\" decoding=\"async\" width=\"650\" height=\"650\" src=\"https:\/\/vode.hr\/wp-content\/uploads\/2023\/06\/Radarski-sustav-mjerenja-protoka-otpadnih-voda-1043-1.jpg\" class=\"attachment-original size-original\" alt=\"\" srcset=\"https:\/\/vode.hr\/wp-content\/uploads\/2023\/06\/Radarski-sustav-mjerenja-protoka-otpadnih-voda-1043-1.jpg 650w, https:\/\/vode.hr\/wp-content\/uploads\/2023\/06\/Radarski-sustav-mjerenja-protoka-otpadnih-voda-1043-1-300x300.jpg 300w, https:\/\/vode.hr\/wp-content\/uploads\/2023\/06\/Radarski-sustav-mjerenja-protoka-otpadnih-voda-1043-1-150x150.jpg 150w, https:\/\/vode.hr\/wp-content\/uploads\/2023\/06\/Radarski-sustav-mjerenja-protoka-otpadnih-voda-1043-1-370x370.jpg 370w, https:\/\/vode.hr\/wp-content\/uploads\/2023\/06\/Radarski-sustav-mjerenja-protoka-otpadnih-voda-1043-1-100x100.jpg 100w\" sizes=\"(max-width: 650px) 100vw, 650px\" \/>\t\t\t\t\t\t\n\t\t\t\t\t<\/div>\n\t\t\t\t\t\t\t\t\n<style>\n#image_459424961 {\n  width: 100%;\n}\n<\/style>\n\t<\/div>\n\t\n\t\t<\/div>\n\t\t\t\t\n<style>\n#col-926443607 > .col-inner {\n  padding: 2em 1em 0px 1em;\n}\n<\/style>\n\t<\/div>\n\n\t\n\n\t<div id=\"col-1246607309\" class=\"col medium-6 small-12 large-6\"  >\n\t\t\t\t<div class=\"col-inner\"  >\n\t\t\t\n\t\t\t\n<h3>Podru\u010dja primjene<\/h3>\n<p>SQ-R je posebno dizajniran za komunalnu i industrijsku primjenu u postrojenjima za pro\u010di\u0161\u0107avanje otpadnih voda, kanalizaciju i krugove tehnolo\u0161ke vode. Na primjer, koli\u010dina otpadne vode koja ulazi u postrojenje za pro\u010di\u0161\u0107avanje mo\u017ee se pratiti kako bi se kontroliralo postrojenje i rasporedili tro\u0161kovi otpadne vode. Nadalje, mo\u017ee se zabilje\u017eiti trajanje i u\u010destalost ki\u0161e i poplava, \u0161to je bitno za upravljanje kanalizacijom od strane operatera postrojenja i komunalnih poduze\u0107a.<\/p>\n<h3>Implementacija<\/h3>\n<p>Zbog svog kompaktnog dizajna i fleksibilnog ure\u0111aja za monta\u017eu, senzor se vrlo jednostavno postavlja, na primjer ispod mostova ili pro\u0161irenja, na stropove kanalizacije ili u okna. Beskontaktna mjerna tehnologija ima odlu\u010duju\u0107u prednost \u0161to se senzor mo\u017ee montirati iznad razine vode. Stoga se SQ-R mo\u017ee jednostavno instalirati, lako je dostupan i ne mo\u017ee se za\u010depiti ili blokirati uvu\u010denim krutim tvarima, \u0161to je \u010desto slu\u010daj s uronjenim senzorima.<\/p>\n<p>Posebno dizajniran podesivi nosa\u010d za ugradnju dostupan je za ugradnju u okna kanalizacije.<\/p>\n\t\t<\/div>\n\t\t\t\t\n<style>\n#col-1246607309 > .col-inner {\n  padding: 2em 1em 0px 1em;\n}\n<\/style>\n\t<\/div>\n\n\t\n\n\t<div id=\"col-926332203\" class=\"col medium-6 small-12 large-6\"  >\n\t\t\t\t<div class=\"col-inner\"  >\n\t\t\t\n\t\t\t\n<h3>SQ-R kao mobilna, autonomna nadzorna stanica<\/h3>\n<p>Za mjesta daljinskog nadzora bez priklju\u010dka na mre\u017eu, SQ-R se tako\u0111er mo\u017ee upravljati autonomno: u kombinaciji s ure\u0111ajem za bilje\u017eenje podataka, modemom za prijenos podataka, sna\u017enom baterijom i odgovaraju\u0107im solarnim modulom, SQ-R se mo\u017ee nadograditi u neovisni sustav . Po \u017eelji se mo\u017ee opremiti i kamerom za vizualizaciju uvjeta na licu mjesta.<\/p>\n\t\t<\/div>\n\t\t\t\t\n<style>\n#col-926332203 > .col-inner {\n  padding: 0px 0px 0px 0px;\n}\n<\/style>\n\t<\/div>\n\n\t\n<\/div>\n","protected":false},"excerpt":{"rendered":"<p>SQ-R je be\u017ei\u010dni ure\u0111aj koji neprekidno mjeri protok u otpadnim kanalima, cijevima i kanalima u industriji i vodoopskrbi, bez kontakta s vodom.<\/p>\n","protected":false},"featured_media":812,"template":"","meta":[],"product_cat":[224],"product_tag":[297],"class_list":["post-813","product","type-product","status-publish","has-post-thumbnail","hentry","product_cat-otpadne-vode","product_tag-sommer"],"yoast_head":"<!-- This site is optimized with the Yoast SEO plugin v25.0 - https:\/\/yoast.com\/wordpress\/plugins\/seo\/ -->\n<title>Radarski sustav mjerenja protoka otpadnih voda, SQ-R, Sommer - Vode.hr<\/title>\n<meta name=\"description\" content=\"SQ-R je be\u017ei\u010dni ure\u0111aj koji neprekidno mjeri protok u otpadnim kanalima, cijevima i kanalima u industriji i vodoopskrbi, bez kontakta s vodom.\" \/>\n<meta name=\"robots\" content=\"index, follow, max-snippet:-1, max-image-preview:large, max-video-preview:-1\" \/>\n<link rel=\"canonical\" href=\"https:\/\/vode.hr\/bs\/proizvod\/radarski-sustav-mjerenja-protoka-otpadnih-voda-sq-r-sommer\/\" \/>\n<meta property=\"og:locale\" content=\"bs_BA\" \/>\n<meta property=\"og:type\" content=\"article\" \/>\n<meta property=\"og:title\" content=\"Radarski sustav mjerenja protoka otpadnih voda, SQ-R, Sommer - Vode.hr\" \/>\n<meta property=\"og:description\" content=\"SQ-R je be\u017ei\u010dni ure\u0111aj koji neprekidno mjeri protok u otpadnim kanalima, cijevima i kanalima u industriji i vodoopskrbi, bez kontakta s vodom.\" \/>\n<meta property=\"og:url\" content=\"https:\/\/vode.hr\/bs\/proizvod\/radarski-sustav-mjerenja-protoka-otpadnih-voda-sq-r-sommer\/\" \/>\n<meta property=\"og:site_name\" content=\"Vode.hr\" \/>\n<meta property=\"article:publisher\" content=\"https:\/\/www.facebook.com\/vode.hr\" \/>\n<meta property=\"article:modified_time\" content=\"2025-10-24T08:58:38+00:00\" \/>\n<meta property=\"og:image\" content=\"http:\/\/vode.hr\/wp-content\/uploads\/2023\/06\/Radarski-sustav-mjerenja-protoka-otpadnih-voda-1043-0.jpg\" \/>\n\t<meta property=\"og:image:width\" content=\"650\" \/>\n\t<meta property=\"og:image:height\" content=\"650\" \/>\n\t<meta property=\"og:image:type\" content=\"image\/jpeg\" \/>\n<meta name=\"twitter:card\" content=\"summary_large_image\" \/>\n<meta name=\"twitter:label1\" content=\"Est. reading time\" \/>\n\t<meta name=\"twitter:data1\" content=\"3 minute\" \/>\n<script type=\"application\/ld+json\" class=\"yoast-schema-graph\">{\"@context\":\"https:\/\/schema.org\",\"@graph\":[{\"@type\":[\"WebPage\",\"ItemPage\"],\"@id\":\"https:\/\/vode.hr\/bs\/proizvod\/radarski-sustav-mjerenja-protoka-otpadnih-voda-sq-r-sommer\/\",\"url\":\"https:\/\/vode.hr\/bs\/proizvod\/radarski-sustav-mjerenja-protoka-otpadnih-voda-sq-r-sommer\/\",\"name\":\"Radarski sustav mjerenja protoka otpadnih voda, SQ-R, Sommer - Vode.hr\",\"isPartOf\":{\"@id\":\"https:\/\/vode.hr\/bs\/#website\"},\"primaryImageOfPage\":{\"@id\":\"https:\/\/vode.hr\/bs\/proizvod\/radarski-sustav-mjerenja-protoka-otpadnih-voda-sq-r-sommer\/#primaryimage\"},\"image\":{\"@id\":\"https:\/\/vode.hr\/bs\/proizvod\/radarski-sustav-mjerenja-protoka-otpadnih-voda-sq-r-sommer\/#primaryimage\"},\"thumbnailUrl\":\"https:\/\/vode.hr\/wp-content\/uploads\/2023\/06\/Radarski-sustav-mjerenja-protoka-otpadnih-voda-1043-0.jpg\",\"datePublished\":\"2023-06-01T12:14:08+00:00\",\"dateModified\":\"2025-10-24T08:58:38+00:00\",\"description\":\"SQ-R je be\u017ei\u010dni ure\u0111aj koji neprekidno mjeri protok u otpadnim kanalima, cijevima i kanalima u industriji i vodoopskrbi, bez kontakta s vodom.\",\"breadcrumb\":{\"@id\":\"https:\/\/vode.hr\/bs\/proizvod\/radarski-sustav-mjerenja-protoka-otpadnih-voda-sq-r-sommer\/#breadcrumb\"},\"inLanguage\":\"bs-BA\",\"potentialAction\":[{\"@type\":\"ReadAction\",\"target\":[\"https:\/\/vode.hr\/bs\/proizvod\/radarski-sustav-mjerenja-protoka-otpadnih-voda-sq-r-sommer\/\"]}]},{\"@type\":\"ImageObject\",\"inLanguage\":\"bs-BA\",\"@id\":\"https:\/\/vode.hr\/bs\/proizvod\/radarski-sustav-mjerenja-protoka-otpadnih-voda-sq-r-sommer\/#primaryimage\",\"url\":\"https:\/\/vode.hr\/wp-content\/uploads\/2023\/06\/Radarski-sustav-mjerenja-protoka-otpadnih-voda-1043-0.jpg\",\"contentUrl\":\"https:\/\/vode.hr\/wp-content\/uploads\/2023\/06\/Radarski-sustav-mjerenja-protoka-otpadnih-voda-1043-0.jpg\",\"width\":650,\"height\":650},{\"@type\":\"BreadcrumbList\",\"@id\":\"https:\/\/vode.hr\/bs\/proizvod\/radarski-sustav-mjerenja-protoka-otpadnih-voda-sq-r-sommer\/#breadcrumb\",\"itemListElement\":[{\"@type\":\"ListItem\",\"position\":1,\"name\":\"Po\u010detna stranica\",\"item\":\"https:\/\/vode.hr\/bs\/\"},{\"@type\":\"ListItem\",\"position\":2,\"name\":\"Trgovina\",\"item\":\"https:\/\/vode.hr\/trgovina\/\"},{\"@type\":\"ListItem\",\"position\":3,\"name\":\"Radarski sustav mjerenja protoka otpadnih voda, SQ-R, Sommer\"}]},{\"@type\":\"WebSite\",\"@id\":\"https:\/\/vode.hr\/bs\/#website\",\"url\":\"https:\/\/vode.hr\/bs\/\",\"name\":\"Vode.hr\",\"description\":\"Mjerenje kvalitete voda, dezinfekcija vode i ure\u0111aji za mjerenje uvjeta u okoli\u0161u\",\"publisher\":{\"@id\":\"https:\/\/vode.hr\/bs\/#organization\"},\"potentialAction\":[{\"@type\":\"SearchAction\",\"target\":{\"@type\":\"EntryPoint\",\"urlTemplate\":\"https:\/\/vode.hr\/bs\/?s={search_term_string}\"},\"query-input\":{\"@type\":\"PropertyValueSpecification\",\"valueRequired\":true,\"valueName\":\"search_term_string\"}}],\"inLanguage\":\"bs-BA\"},{\"@type\":\"Organization\",\"@id\":\"https:\/\/vode.hr\/bs\/#organization\",\"name\":\"Primotronic d.o.o.\",\"url\":\"https:\/\/vode.hr\/bs\/\",\"logo\":{\"@type\":\"ImageObject\",\"inLanguage\":\"bs-BA\",\"@id\":\"https:\/\/vode.hr\/bs\/#\/schema\/logo\/image\/\",\"url\":\"http:\/\/vode.hr\/wp-content\/uploads\/2023\/04\/vode-1.png\",\"contentUrl\":\"http:\/\/vode.hr\/wp-content\/uploads\/2023\/04\/vode-1.png\",\"width\":300,\"height\":99,\"caption\":\"Primotronic d.o.o.\"},\"image\":{\"@id\":\"https:\/\/vode.hr\/bs\/#\/schema\/logo\/image\/\"},\"sameAs\":[\"https:\/\/www.facebook.com\/vode.hr\"]}]}<\/script>\n<!-- \/ Yoast SEO plugin. -->","yoast_head_json":{"title":"Radarski sustav mjerenja protoka otpadnih voda, SQ-R, Sommer - Vode.hr","description":"SQ-R je be\u017ei\u010dni ure\u0111aj koji neprekidno mjeri protok u otpadnim kanalima, cijevima i kanalima u industriji i vodoopskrbi, bez kontakta s vodom.","robots":{"index":"index","follow":"follow","max-snippet":"max-snippet:-1","max-image-preview":"max-image-preview:large","max-video-preview":"max-video-preview:-1"},"canonical":"https:\/\/vode.hr\/bs\/proizvod\/radarski-sustav-mjerenja-protoka-otpadnih-voda-sq-r-sommer\/","og_locale":"bs_BA","og_type":"article","og_title":"Radarski sustav mjerenja protoka otpadnih voda, SQ-R, Sommer - Vode.hr","og_description":"SQ-R je be\u017ei\u010dni ure\u0111aj koji neprekidno mjeri protok u otpadnim kanalima, cijevima i kanalima u industriji i vodoopskrbi, bez kontakta s vodom.","og_url":"https:\/\/vode.hr\/bs\/proizvod\/radarski-sustav-mjerenja-protoka-otpadnih-voda-sq-r-sommer\/","og_site_name":"Vode.hr","article_publisher":"https:\/\/www.facebook.com\/vode.hr","article_modified_time":"2025-10-24T08:58:38+00:00","og_image":[{"width":650,"height":650,"url":"http:\/\/vode.hr\/wp-content\/uploads\/2023\/06\/Radarski-sustav-mjerenja-protoka-otpadnih-voda-1043-0.jpg","type":"image\/jpeg"}],"twitter_card":"summary_large_image","twitter_misc":{"Est. reading time":"3 minute"},"schema":{"@context":"https:\/\/schema.org","@graph":[{"@type":["WebPage","ItemPage"],"@id":"https:\/\/vode.hr\/bs\/proizvod\/radarski-sustav-mjerenja-protoka-otpadnih-voda-sq-r-sommer\/","url":"https:\/\/vode.hr\/bs\/proizvod\/radarski-sustav-mjerenja-protoka-otpadnih-voda-sq-r-sommer\/","name":"Radarski sustav mjerenja protoka otpadnih voda, SQ-R, Sommer - Vode.hr","isPartOf":{"@id":"https:\/\/vode.hr\/bs\/#website"},"primaryImageOfPage":{"@id":"https:\/\/vode.hr\/bs\/proizvod\/radarski-sustav-mjerenja-protoka-otpadnih-voda-sq-r-sommer\/#primaryimage"},"image":{"@id":"https:\/\/vode.hr\/bs\/proizvod\/radarski-sustav-mjerenja-protoka-otpadnih-voda-sq-r-sommer\/#primaryimage"},"thumbnailUrl":"https:\/\/vode.hr\/wp-content\/uploads\/2023\/06\/Radarski-sustav-mjerenja-protoka-otpadnih-voda-1043-0.jpg","datePublished":"2023-06-01T12:14:08+00:00","dateModified":"2025-10-24T08:58:38+00:00","description":"SQ-R je be\u017ei\u010dni ure\u0111aj koji neprekidno mjeri protok u otpadnim kanalima, cijevima i kanalima u industriji i vodoopskrbi, bez kontakta s vodom.","breadcrumb":{"@id":"https:\/\/vode.hr\/bs\/proizvod\/radarski-sustav-mjerenja-protoka-otpadnih-voda-sq-r-sommer\/#breadcrumb"},"inLanguage":"bs-BA","potentialAction":[{"@type":"ReadAction","target":["https:\/\/vode.hr\/bs\/proizvod\/radarski-sustav-mjerenja-protoka-otpadnih-voda-sq-r-sommer\/"]}]},{"@type":"ImageObject","inLanguage":"bs-BA","@id":"https:\/\/vode.hr\/bs\/proizvod\/radarski-sustav-mjerenja-protoka-otpadnih-voda-sq-r-sommer\/#primaryimage","url":"https:\/\/vode.hr\/wp-content\/uploads\/2023\/06\/Radarski-sustav-mjerenja-protoka-otpadnih-voda-1043-0.jpg","contentUrl":"https:\/\/vode.hr\/wp-content\/uploads\/2023\/06\/Radarski-sustav-mjerenja-protoka-otpadnih-voda-1043-0.jpg","width":650,"height":650},{"@type":"BreadcrumbList","@id":"https:\/\/vode.hr\/bs\/proizvod\/radarski-sustav-mjerenja-protoka-otpadnih-voda-sq-r-sommer\/#breadcrumb","itemListElement":[{"@type":"ListItem","position":1,"name":"Po\u010detna stranica","item":"https:\/\/vode.hr\/bs\/"},{"@type":"ListItem","position":2,"name":"Trgovina","item":"https:\/\/vode.hr\/trgovina\/"},{"@type":"ListItem","position":3,"name":"Radarski sustav mjerenja protoka otpadnih voda, SQ-R, Sommer"}]},{"@type":"WebSite","@id":"https:\/\/vode.hr\/bs\/#website","url":"https:\/\/vode.hr\/bs\/","name":"Vode.hr","description":"Mjerenje kvalitete voda, dezinfekcija vode i ure\u0111aji za mjerenje uvjeta u okoli\u0161u","publisher":{"@id":"https:\/\/vode.hr\/bs\/#organization"},"potentialAction":[{"@type":"SearchAction","target":{"@type":"EntryPoint","urlTemplate":"https:\/\/vode.hr\/bs\/?s={search_term_string}"},"query-input":{"@type":"PropertyValueSpecification","valueRequired":true,"valueName":"search_term_string"}}],"inLanguage":"bs-BA"},{"@type":"Organization","@id":"https:\/\/vode.hr\/bs\/#organization","name":"Primotronic d.o.o.","url":"https:\/\/vode.hr\/bs\/","logo":{"@type":"ImageObject","inLanguage":"bs-BA","@id":"https:\/\/vode.hr\/bs\/#\/schema\/logo\/image\/","url":"http:\/\/vode.hr\/wp-content\/uploads\/2023\/04\/vode-1.png","contentUrl":"http:\/\/vode.hr\/wp-content\/uploads\/2023\/04\/vode-1.png","width":300,"height":99,"caption":"Primotronic d.o.o."},"image":{"@id":"https:\/\/vode.hr\/bs\/#\/schema\/logo\/image\/"},"sameAs":["https:\/\/www.facebook.com\/vode.hr"]}]}},"_links":{"self":[{"href":"https:\/\/vode.hr\/bs\/wp-json\/wp\/v2\/product\/813"}],"collection":[{"href":"https:\/\/vode.hr\/bs\/wp-json\/wp\/v2\/product"}],"about":[{"href":"https:\/\/vode.hr\/bs\/wp-json\/wp\/v2\/types\/product"}],"wp:featuredmedia":[{"embeddable":true,"href":"https:\/\/vode.hr\/bs\/wp-json\/wp\/v2\/media\/812"}],"wp:attachment":[{"href":"https:\/\/vode.hr\/bs\/wp-json\/wp\/v2\/media?parent=813"}],"wp:term":[{"taxonomy":"product_cat","embeddable":true,"href":"https:\/\/vode.hr\/bs\/wp-json\/wp\/v2\/product_cat?post=813"},{"taxonomy":"product_tag","embeddable":true,"href":"https:\/\/vode.hr\/bs\/wp-json\/wp\/v2\/product_tag?post=813"}],"curies":[{"name":"wp","href":"https:\/\/api.w.org\/{rel}","templated":true}]}}