{"id":818,"date":"2023-06-01T14:31:56","date_gmt":"2023-06-01T12:31:56","guid":{"rendered":"https:\/\/vode.hr\/?post_type=product&#038;p=818"},"modified":"2025-10-24T10:58:38","modified_gmt":"2025-10-24T08:58:38","slug":"snimac-podataka-datalogger-mrl-6","status":"publish","type":"product","link":"https:\/\/vode.hr\/bs\/proizvod\/snimac-podataka-datalogger-mrl-6\/","title":{"rendered":"Snima\u010d podataka (datalogger) MRL-6, Sommer"},"content":{"rendered":"<div class=\"row\"  id=\"row-652460383\">\n\n\t<div id=\"col-596690556\" class=\"col small-12 large-12\"  >\n\t\t\t\t<div class=\"col-inner\"  >\n\t\t\t\n\t\t\t\n\t<div id=\"text-63371215\" class=\"text\">\n\t\t\n<h2>Pouzdan i vrlo kompaktan snima\u010d podataka<\/h2>\n\t\t\n<style>\n#text-63371215 {\n  font-size: 1.3rem;\n  text-align: center;\n}\n<\/style>\n\t<\/div>\n\t\n\t<div id=\"text-2300776033\" class=\"text\">\n\t\t\n<p class=\"lead\">Optimizan za prikupljanje podataka u okru\u017eenjima bez ikakve infrastrukture<\/p>\n\t\t\n<style>\n#text-2300776033 {\n  font-size: 0.9rem;\n  text-align: center;\n}\n<\/style>\n\t<\/div>\n\t\n\t\t<\/div>\n\t\t\t\t\t<\/div>\n\n\t\n\n<style>\n#row-652460383 > .col > .col-inner {\n  padding: 3em 0px 0px 0px;\n}\n<\/style>\n<\/div>\n<div class=\"row align-middle\"  id=\"row-1180765122\">\n\n\t<div id=\"col-1392505957\" class=\"col medium-6 small-12 large-6\"  >\n\t\t\t\t<div class=\"col-inner\"  >\n\t\t\t\n\t\t\t\n\t<div id=\"text-2383694101\" class=\"text\">\n\t\t\n<h2>Podru\u010dje primjene<\/h2>\n\t\t\n<style>\n#text-2383694101 {\n  text-align: center;\n}\n@media (min-width:550px) {\n  #text-2383694101 {\n    text-align: left;\n  }\n}\n<\/style>\n\t<\/div>\n\t\n<div class=\"is-divider divider clearfix\" style=\"max-width:100%;\"><\/div>\n<p>MRL-6 se mo\u017ee koristiti za sva mogu\u0107a podru\u010dja u nadzoru i mjerenju okoli\u0161a, gdje je malo odr\u017eavanja i energetski u\u010dinkovit rad od velike va\u017enosti kao na primjer na mjernim mjestima gdje nema elektri\u010dne mre\u017ee ili razvodnog ormara. Prikladni logger vrlo je prikladno rje\u0161enje za stanice za mjerenje razine vode, jednostavne loggere temperature, za vjetroelektrane ili za manje sustave pra\u0107enja u geologiji. S jednostavnim i solidnim prijenosom podataka (USB ili Bluetooth), dugim vijekom trajanja baterije kao i kompaktnim, vodonepropusnim ku\u0107i\u0161tem, MRL-6 tako\u0111er je isplativ svestrani ure\u0111aj za nekoliko podru\u010dja primjene.<\/p>\n<h3>Prednosti i zna\u010dajke<\/h3>\n<ul>\n<li>Pouzdan i \u0161tedljiv: optimiziran za prikupljanje podataka pra\u0107enja u udaljenim podru\u010djima bez ikakve infrastrukture<\/li>\n<li>Logger mo\u017ee raditi potpuno neovisno (unutarnje baterije \/ unutarnji solarni regulator punjenja), nije potreban razvodni ormar, za\u0161tita IP 67<\/li>\n<li>Idealna integracija i kompatibilnost s cijelom obitelji senzora Sommer kao i uobi\u010dajenim senzorima<\/li>\n<li>Zaslon s pozadinskim osvjetljenjem za jednostavno o\u010ditavanje podataka<\/li>\n<li>Parametriranje putem RS-232 i Bluetootha<\/li>\n<li>Jednostavno o\u010ditavanje podataka pomo\u0107u USB flash pogona ili Bluetooth su\u010delja<\/li>\n<li>Minimalna potra\u017enja za energijom<\/li>\n<li>\u010cvrsto, kompaktno aluminijsko ku\u0107i\u0161te otporno na vremenske uvjete<br \/>\nVeza za daljinski prijenos podataka putem modema \/ mogu\u0107 3G (s vanjskim 3G modemom)<\/li>\n<\/ul>\n\t\t<\/div>\n\t\t\t\t\n<style>\n#col-1392505957 > .col-inner {\n  padding: 2em 1em 0px 1em;\n}\n<\/style>\n\t<\/div>\n\n\t\n\n\t<div id=\"col-11138245\" class=\"col medium-6 small-12 large-6\"  >\n\t\t\t\t<div class=\"col-inner\"  >\n\t\t\t\n\t\t\t\n\t<div class=\"img has-hover x md-x lg-x y md-y lg-y\" id=\"image_756418406\">\n\t\t\t\t\t\t\t\t<div class=\"img-inner dark\" >\n\t\t\t<img loading=\"lazy\" decoding=\"async\" width=\"650\" height=\"650\" src=\"https:\/\/vode.hr\/wp-content\/uploads\/2023\/06\/Snimac-podataka-MRL6-1046-0.jpg\" class=\"attachment-large size-large\" alt=\"\" srcset=\"https:\/\/vode.hr\/wp-content\/uploads\/2023\/06\/Snimac-podataka-MRL6-1046-0.jpg 650w, https:\/\/vode.hr\/wp-content\/uploads\/2023\/06\/Snimac-podataka-MRL6-1046-0-300x300.jpg 300w, https:\/\/vode.hr\/wp-content\/uploads\/2023\/06\/Snimac-podataka-MRL6-1046-0-150x150.jpg 150w, https:\/\/vode.hr\/wp-content\/uploads\/2023\/06\/Snimac-podataka-MRL6-1046-0-370x370.jpg 370w, https:\/\/vode.hr\/wp-content\/uploads\/2023\/06\/Snimac-podataka-MRL6-1046-0-100x100.jpg 100w\" sizes=\"(max-width: 650px) 100vw, 650px\" \/>\t\t\t\t\t\t\n\t\t\t\t\t<\/div>\n\t\t\t\t\t\t\t\t\n<style>\n#image_756418406 {\n  width: 100%;\n}\n<\/style>\n\t<\/div>\n\t\n\t\t<\/div>\n\t\t\t\t\n<style>\n#col-11138245 > .col-inner {\n  padding: 0px 0px 0px 0px;\n}\n<\/style>\n\t<\/div>\n\n\t\n<\/div>\n","protected":false},"excerpt":{"rendered":"<p>Prikupljanje, obrada i spremanje mjernih podataka &#8211; jednostavno, prakti\u010dno i brzo. MRL-6 je pouzdan zapisiva\u010d podataka koji \u0161tedi energiju. Zahvaljuju\u0107i ku\u0107i\u0161tu otpornom na vremenske uvjete, optimalan je za kori\u0161tenje u tehnici mjerenja okoli\u0161a i bez dodatne infrastrukture.<\/p>\n","protected":false},"featured_media":821,"template":"","meta":[],"product_cat":[268],"product_tag":[297],"class_list":["post-818","product","type-product","status-publish","has-post-thumbnail","hentry","product_cat-snimaci-podataka","product_tag-sommer"],"yoast_head":"<!-- This site is optimized with the Yoast SEO plugin v25.0 - https:\/\/yoast.com\/wordpress\/plugins\/seo\/ -->\n<title>Snima\u010d podataka (datalogger) MRL-6, Sommer - Vode.hr<\/title>\n<meta name=\"description\" content=\"Prikupljanje, obrada i spremanje mjernih podataka - jednostavno, prakti\u010dno i brzo. MRL-6 je pouzdan zapisiva\u010d podataka koji \u0161tedi energiju. Zahvaljuju\u0107i ku\u0107i\u0161tu otpornom na vremenske uvjete, optimalan je za kori\u0161tenje u tehnici mjerenja okoli\u0161a i bez dodatne infrastrukture.\" \/>\n<meta name=\"robots\" content=\"index, follow, max-snippet:-1, max-image-preview:large, max-video-preview:-1\" \/>\n<link rel=\"canonical\" href=\"https:\/\/vode.hr\/bs\/proizvod\/snimac-podataka-datalogger-mrl-6\/\" \/>\n<meta property=\"og:locale\" content=\"bs_BA\" \/>\n<meta property=\"og:type\" content=\"article\" \/>\n<meta property=\"og:title\" content=\"Snima\u010d podataka (datalogger) MRL-6, Sommer - Vode.hr\" \/>\n<meta property=\"og:description\" content=\"Prikupljanje, obrada i spremanje mjernih podataka - jednostavno, prakti\u010dno i brzo. MRL-6 je pouzdan zapisiva\u010d podataka koji \u0161tedi energiju. Zahvaljuju\u0107i ku\u0107i\u0161tu otpornom na vremenske uvjete, optimalan je za kori\u0161tenje u tehnici mjerenja okoli\u0161a i bez dodatne infrastrukture.\" \/>\n<meta property=\"og:url\" content=\"https:\/\/vode.hr\/bs\/proizvod\/snimac-podataka-datalogger-mrl-6\/\" \/>\n<meta property=\"og:site_name\" content=\"Vode.hr\" \/>\n<meta property=\"article:publisher\" content=\"https:\/\/www.facebook.com\/vode.hr\" \/>\n<meta property=\"article:modified_time\" content=\"2025-10-24T08:58:38+00:00\" \/>\n<meta property=\"og:image\" content=\"http:\/\/vode.hr\/wp-content\/uploads\/2023\/06\/Snimac-podataka-MRL6-1046-0.jpg\" \/>\n\t<meta property=\"og:image:width\" content=\"650\" \/>\n\t<meta property=\"og:image:height\" content=\"650\" \/>\n\t<meta property=\"og:image:type\" content=\"image\/jpeg\" \/>\n<meta name=\"twitter:card\" content=\"summary_large_image\" \/>\n<meta name=\"twitter:label1\" content=\"Est. reading time\" \/>\n\t<meta name=\"twitter:data1\" content=\"2 minute\" \/>\n<script type=\"application\/ld+json\" class=\"yoast-schema-graph\">{\"@context\":\"https:\/\/schema.org\",\"@graph\":[{\"@type\":[\"WebPage\",\"ItemPage\"],\"@id\":\"https:\/\/vode.hr\/bs\/proizvod\/snimac-podataka-datalogger-mrl-6\/\",\"url\":\"https:\/\/vode.hr\/bs\/proizvod\/snimac-podataka-datalogger-mrl-6\/\",\"name\":\"Snima\u010d podataka (datalogger) MRL-6, Sommer - Vode.hr\",\"isPartOf\":{\"@id\":\"https:\/\/vode.hr\/bs\/#website\"},\"primaryImageOfPage\":{\"@id\":\"https:\/\/vode.hr\/bs\/proizvod\/snimac-podataka-datalogger-mrl-6\/#primaryimage\"},\"image\":{\"@id\":\"https:\/\/vode.hr\/bs\/proizvod\/snimac-podataka-datalogger-mrl-6\/#primaryimage\"},\"thumbnailUrl\":\"https:\/\/vode.hr\/wp-content\/uploads\/2023\/06\/Snimac-podataka-MRL6-1046-0.jpg\",\"datePublished\":\"2023-06-01T12:31:56+00:00\",\"dateModified\":\"2025-10-24T08:58:38+00:00\",\"description\":\"Prikupljanje, obrada i spremanje mjernih podataka - jednostavno, prakti\u010dno i brzo. MRL-6 je pouzdan zapisiva\u010d podataka koji \u0161tedi energiju. Zahvaljuju\u0107i ku\u0107i\u0161tu otpornom na vremenske uvjete, optimalan je za kori\u0161tenje u tehnici mjerenja okoli\u0161a i bez dodatne infrastrukture.\",\"breadcrumb\":{\"@id\":\"https:\/\/vode.hr\/bs\/proizvod\/snimac-podataka-datalogger-mrl-6\/#breadcrumb\"},\"inLanguage\":\"bs-BA\",\"potentialAction\":[{\"@type\":\"ReadAction\",\"target\":[\"https:\/\/vode.hr\/bs\/proizvod\/snimac-podataka-datalogger-mrl-6\/\"]}]},{\"@type\":\"ImageObject\",\"inLanguage\":\"bs-BA\",\"@id\":\"https:\/\/vode.hr\/bs\/proizvod\/snimac-podataka-datalogger-mrl-6\/#primaryimage\",\"url\":\"https:\/\/vode.hr\/wp-content\/uploads\/2023\/06\/Snimac-podataka-MRL6-1046-0.jpg\",\"contentUrl\":\"https:\/\/vode.hr\/wp-content\/uploads\/2023\/06\/Snimac-podataka-MRL6-1046-0.jpg\",\"width\":650,\"height\":650},{\"@type\":\"BreadcrumbList\",\"@id\":\"https:\/\/vode.hr\/bs\/proizvod\/snimac-podataka-datalogger-mrl-6\/#breadcrumb\",\"itemListElement\":[{\"@type\":\"ListItem\",\"position\":1,\"name\":\"Po\u010detna stranica\",\"item\":\"https:\/\/vode.hr\/bs\/\"},{\"@type\":\"ListItem\",\"position\":2,\"name\":\"Trgovina\",\"item\":\"https:\/\/vode.hr\/trgovina\/\"},{\"@type\":\"ListItem\",\"position\":3,\"name\":\"Snima\u010d podataka (datalogger) MRL-6, Sommer\"}]},{\"@type\":\"WebSite\",\"@id\":\"https:\/\/vode.hr\/bs\/#website\",\"url\":\"https:\/\/vode.hr\/bs\/\",\"name\":\"Vode.hr\",\"description\":\"Mjerenje kvalitete voda, dezinfekcija vode i ure\u0111aji za mjerenje uvjeta u okoli\u0161u\",\"publisher\":{\"@id\":\"https:\/\/vode.hr\/bs\/#organization\"},\"potentialAction\":[{\"@type\":\"SearchAction\",\"target\":{\"@type\":\"EntryPoint\",\"urlTemplate\":\"https:\/\/vode.hr\/bs\/?s={search_term_string}\"},\"query-input\":{\"@type\":\"PropertyValueSpecification\",\"valueRequired\":true,\"valueName\":\"search_term_string\"}}],\"inLanguage\":\"bs-BA\"},{\"@type\":\"Organization\",\"@id\":\"https:\/\/vode.hr\/bs\/#organization\",\"name\":\"Primotronic d.o.o.\",\"url\":\"https:\/\/vode.hr\/bs\/\",\"logo\":{\"@type\":\"ImageObject\",\"inLanguage\":\"bs-BA\",\"@id\":\"https:\/\/vode.hr\/bs\/#\/schema\/logo\/image\/\",\"url\":\"http:\/\/vode.hr\/wp-content\/uploads\/2023\/04\/vode-1.png\",\"contentUrl\":\"http:\/\/vode.hr\/wp-content\/uploads\/2023\/04\/vode-1.png\",\"width\":300,\"height\":99,\"caption\":\"Primotronic d.o.o.\"},\"image\":{\"@id\":\"https:\/\/vode.hr\/bs\/#\/schema\/logo\/image\/\"},\"sameAs\":[\"https:\/\/www.facebook.com\/vode.hr\"]}]}<\/script>\n<!-- \/ Yoast SEO plugin. -->","yoast_head_json":{"title":"Snima\u010d podataka (datalogger) MRL-6, Sommer - Vode.hr","description":"Prikupljanje, obrada i spremanje mjernih podataka - jednostavno, prakti\u010dno i brzo. MRL-6 je pouzdan zapisiva\u010d podataka koji \u0161tedi energiju. Zahvaljuju\u0107i ku\u0107i\u0161tu otpornom na vremenske uvjete, optimalan je za kori\u0161tenje u tehnici mjerenja okoli\u0161a i bez dodatne infrastrukture.","robots":{"index":"index","follow":"follow","max-snippet":"max-snippet:-1","max-image-preview":"max-image-preview:large","max-video-preview":"max-video-preview:-1"},"canonical":"https:\/\/vode.hr\/bs\/proizvod\/snimac-podataka-datalogger-mrl-6\/","og_locale":"bs_BA","og_type":"article","og_title":"Snima\u010d podataka (datalogger) MRL-6, Sommer - Vode.hr","og_description":"Prikupljanje, obrada i spremanje mjernih podataka - jednostavno, prakti\u010dno i brzo. MRL-6 je pouzdan zapisiva\u010d podataka koji \u0161tedi energiju. Zahvaljuju\u0107i ku\u0107i\u0161tu otpornom na vremenske uvjete, optimalan je za kori\u0161tenje u tehnici mjerenja okoli\u0161a i bez dodatne infrastrukture.","og_url":"https:\/\/vode.hr\/bs\/proizvod\/snimac-podataka-datalogger-mrl-6\/","og_site_name":"Vode.hr","article_publisher":"https:\/\/www.facebook.com\/vode.hr","article_modified_time":"2025-10-24T08:58:38+00:00","og_image":[{"width":650,"height":650,"url":"http:\/\/vode.hr\/wp-content\/uploads\/2023\/06\/Snimac-podataka-MRL6-1046-0.jpg","type":"image\/jpeg"}],"twitter_card":"summary_large_image","twitter_misc":{"Est. reading time":"2 minute"},"schema":{"@context":"https:\/\/schema.org","@graph":[{"@type":["WebPage","ItemPage"],"@id":"https:\/\/vode.hr\/bs\/proizvod\/snimac-podataka-datalogger-mrl-6\/","url":"https:\/\/vode.hr\/bs\/proizvod\/snimac-podataka-datalogger-mrl-6\/","name":"Snima\u010d podataka (datalogger) MRL-6, Sommer - Vode.hr","isPartOf":{"@id":"https:\/\/vode.hr\/bs\/#website"},"primaryImageOfPage":{"@id":"https:\/\/vode.hr\/bs\/proizvod\/snimac-podataka-datalogger-mrl-6\/#primaryimage"},"image":{"@id":"https:\/\/vode.hr\/bs\/proizvod\/snimac-podataka-datalogger-mrl-6\/#primaryimage"},"thumbnailUrl":"https:\/\/vode.hr\/wp-content\/uploads\/2023\/06\/Snimac-podataka-MRL6-1046-0.jpg","datePublished":"2023-06-01T12:31:56+00:00","dateModified":"2025-10-24T08:58:38+00:00","description":"Prikupljanje, obrada i spremanje mjernih podataka - jednostavno, prakti\u010dno i brzo. MRL-6 je pouzdan zapisiva\u010d podataka koji \u0161tedi energiju. Zahvaljuju\u0107i ku\u0107i\u0161tu otpornom na vremenske uvjete, optimalan je za kori\u0161tenje u tehnici mjerenja okoli\u0161a i bez dodatne infrastrukture.","breadcrumb":{"@id":"https:\/\/vode.hr\/bs\/proizvod\/snimac-podataka-datalogger-mrl-6\/#breadcrumb"},"inLanguage":"bs-BA","potentialAction":[{"@type":"ReadAction","target":["https:\/\/vode.hr\/bs\/proizvod\/snimac-podataka-datalogger-mrl-6\/"]}]},{"@type":"ImageObject","inLanguage":"bs-BA","@id":"https:\/\/vode.hr\/bs\/proizvod\/snimac-podataka-datalogger-mrl-6\/#primaryimage","url":"https:\/\/vode.hr\/wp-content\/uploads\/2023\/06\/Snimac-podataka-MRL6-1046-0.jpg","contentUrl":"https:\/\/vode.hr\/wp-content\/uploads\/2023\/06\/Snimac-podataka-MRL6-1046-0.jpg","width":650,"height":650},{"@type":"BreadcrumbList","@id":"https:\/\/vode.hr\/bs\/proizvod\/snimac-podataka-datalogger-mrl-6\/#breadcrumb","itemListElement":[{"@type":"ListItem","position":1,"name":"Po\u010detna stranica","item":"https:\/\/vode.hr\/bs\/"},{"@type":"ListItem","position":2,"name":"Trgovina","item":"https:\/\/vode.hr\/trgovina\/"},{"@type":"ListItem","position":3,"name":"Snima\u010d podataka (datalogger) MRL-6, Sommer"}]},{"@type":"WebSite","@id":"https:\/\/vode.hr\/bs\/#website","url":"https:\/\/vode.hr\/bs\/","name":"Vode.hr","description":"Mjerenje kvalitete voda, dezinfekcija vode i ure\u0111aji za mjerenje uvjeta u okoli\u0161u","publisher":{"@id":"https:\/\/vode.hr\/bs\/#organization"},"potentialAction":[{"@type":"SearchAction","target":{"@type":"EntryPoint","urlTemplate":"https:\/\/vode.hr\/bs\/?s={search_term_string}"},"query-input":{"@type":"PropertyValueSpecification","valueRequired":true,"valueName":"search_term_string"}}],"inLanguage":"bs-BA"},{"@type":"Organization","@id":"https:\/\/vode.hr\/bs\/#organization","name":"Primotronic d.o.o.","url":"https:\/\/vode.hr\/bs\/","logo":{"@type":"ImageObject","inLanguage":"bs-BA","@id":"https:\/\/vode.hr\/bs\/#\/schema\/logo\/image\/","url":"http:\/\/vode.hr\/wp-content\/uploads\/2023\/04\/vode-1.png","contentUrl":"http:\/\/vode.hr\/wp-content\/uploads\/2023\/04\/vode-1.png","width":300,"height":99,"caption":"Primotronic d.o.o."},"image":{"@id":"https:\/\/vode.hr\/bs\/#\/schema\/logo\/image\/"},"sameAs":["https:\/\/www.facebook.com\/vode.hr"]}]}},"_links":{"self":[{"href":"https:\/\/vode.hr\/bs\/wp-json\/wp\/v2\/product\/818"}],"collection":[{"href":"https:\/\/vode.hr\/bs\/wp-json\/wp\/v2\/product"}],"about":[{"href":"https:\/\/vode.hr\/bs\/wp-json\/wp\/v2\/types\/product"}],"wp:featuredmedia":[{"embeddable":true,"href":"https:\/\/vode.hr\/bs\/wp-json\/wp\/v2\/media\/821"}],"wp:attachment":[{"href":"https:\/\/vode.hr\/bs\/wp-json\/wp\/v2\/media?parent=818"}],"wp:term":[{"taxonomy":"product_cat","embeddable":true,"href":"https:\/\/vode.hr\/bs\/wp-json\/wp\/v2\/product_cat?post=818"},{"taxonomy":"product_tag","embeddable":true,"href":"https:\/\/vode.hr\/bs\/wp-json\/wp\/v2\/product_tag?post=818"}],"curies":[{"name":"wp","href":"https:\/\/api.w.org\/{rel}","templated":true}]}}