{"id":826,"date":"2023-06-12T14:15:28","date_gmt":"2023-06-12T12:15:28","guid":{"rendered":"https:\/\/vode.hr\/?post_type=product&#038;p=826"},"modified":"2025-10-24T10:59:38","modified_gmt":"2025-10-24T08:59:38","slug":"uv-prociscivac-vode-pure-1-2-ust","status":"publish","type":"product","link":"https:\/\/vode.hr\/bs\/proizvod\/uv-prociscivac-vode-pure-1-2-ust\/","title":{"rendered":"UV pro\u010di\u0161\u0107iva\u010d vode PURE 1.2, UST"},"content":{"rendered":"<div class=\"row\"  id=\"row-1418004699\">\n\n\t<div id=\"col-2016934740\" class=\"col small-12 large-12\"  >\n\t\t\t\t<div class=\"col-inner\"  >\n\t\t\t\n\t\t\t\n\t<div id=\"text-1279901506\" class=\"text\">\n\t\t\n<h2>UV dezinfekcija i pro\u010di\u0161\u0107avanje vode uz UST sustave<\/h2>\n\t\t\n<style>\n#text-1279901506 {\n  font-size: 1.3rem;\n  text-align: center;\n}\n<\/style>\n\t<\/div>\n\t\n\t<div id=\"text-2901118218\" class=\"text\">\n\t\t\n<p class=\"lead\">Iako je nevidljivo ljudskom oku, UV zra\u010denje obavlja vitalne zadatke.<\/p>\n\t\t\n<style>\n#text-2901118218 {\n  font-size: 0.9rem;\n  text-align: center;\n}\n<\/style>\n\t<\/div>\n\t\n<div class=\"row align-middle\"  id=\"row-734411680\">\n\n\t<div id=\"col-744837653\" class=\"col medium-6 small-12 large-6\"  >\n\t\t\t\t<div class=\"col-inner\"  >\n\t\t\t\n\t\t\t\n\t<div id=\"text-1823941093\" class=\"text\">\n\t\t\n<h2>Robusno, ekonomi\u010dno, brzo te ekolo\u0161ki prihvatljivo<\/h2>\n\t\t\n<style>\n#text-1823941093 {\n  text-align: center;\n}\n@media (min-width:550px) {\n  #text-1823941093 {\n    text-align: left;\n  }\n}\n<\/style>\n\t<\/div>\n\t\n<div class=\"is-divider divider clearfix\" style=\"max-width:100%;\"><\/div>\n<p>Uz pomo\u0107 UVC lampi mogu\u0107e je uni\u0161titi patogene mikroorganizme, bakterije, viruse, gljivice i klice u vodi. UST ve\u0107 15 godina proizvodi vlastite sustave za dezinfekciju vode u svojoj tvornici u Geri.<\/p>\n<p>Njihovi UVC sustavi su se tijekom vremena etablirali pod imenima PURE i ULTRA V kao visokokvalitetna i dugotrajna rje\u0161enja.<\/p>\n<p>UVC sustavi se posebno koriste za dezinfekciju vode iz izvora pitke vode, vode u bazenima, otpadne vode iz postrojenja za pro\u010di\u0161\u0107avanje otpadnih voda i industrijskih rashladnih krugova.<\/p>\n<p>Ovisno o zra\u010denju, brzini protoka i zamu\u0107enosti vode, klice se smanjuju do 99,99 %. Visoka u\u010dinkovitost UST-ovih UVC sustava jam\u010di gotovo savr\u0161enu dezinfekciju vode. Osim toga, ovi UVC sustavi su vrlo robusni, ekolo\u0161ki prihvatljivi, ekonomi\u010dni, brzi i sigurni.<\/p>\n\t\t<\/div>\n\t\t\t\t\n<style>\n#col-744837653 > .col-inner {\n  padding: 2em 1em 0px 1em;\n}\n@media (min-width:550px) {\n  #col-744837653 > .col-inner {\n    padding: 0px 50px 0px 0px;\n  }\n}\n<\/style>\n\t<\/div>\n\n\t\n\n\t<div id=\"col-1290918120\" class=\"col medium-6 small-12 large-6\"  >\n\t\t\t\t<div class=\"col-inner\"  >\n\t\t\t\n\t\t\t\n\t<div class=\"img has-hover x md-x lg-x y md-y lg-y\" id=\"image_24486651\">\n\t\t\t\t\t\t\t\t<div class=\"img-inner dark\" >\n\t\t\t<img loading=\"lazy\" decoding=\"async\" width=\"1020\" height=\"1020\" src=\"https:\/\/vode.hr\/wp-content\/uploads\/2023\/06\/Princip-rada-UV-prociscivaca-1024x1024.jpg\" class=\"attachment-large size-large\" alt=\"\" srcset=\"https:\/\/vode.hr\/wp-content\/uploads\/2023\/06\/Princip-rada-UV-prociscivaca-1024x1024.jpg 1024w, https:\/\/vode.hr\/wp-content\/uploads\/2023\/06\/Princip-rada-UV-prociscivaca-300x300.jpg 300w, https:\/\/vode.hr\/wp-content\/uploads\/2023\/06\/Princip-rada-UV-prociscivaca-150x150.jpg 150w, https:\/\/vode.hr\/wp-content\/uploads\/2023\/06\/Princip-rada-UV-prociscivaca-768x768.jpg 768w, https:\/\/vode.hr\/wp-content\/uploads\/2023\/06\/Princip-rada-UV-prociscivaca-370x370.jpg 370w, https:\/\/vode.hr\/wp-content\/uploads\/2023\/06\/Princip-rada-UV-prociscivaca-650x650.jpg 650w, https:\/\/vode.hr\/wp-content\/uploads\/2023\/06\/Princip-rada-UV-prociscivaca-100x100.jpg 100w, https:\/\/vode.hr\/wp-content\/uploads\/2023\/06\/Princip-rada-UV-prociscivaca.jpg 1140w\" sizes=\"(max-width: 1020px) 100vw, 1020px\" \/>\t\t\t\t\t\t\n\t\t\t\t\t<\/div>\n\t\t\t\t\t\t\t\t\n<style>\n#image_24486651 {\n  width: 100%;\n}\n<\/style>\n\t<\/div>\n\t\n\t\t<\/div>\n\t\t\t\t\n<style>\n#col-1290918120 > .col-inner {\n  padding: 0px 0px 0px 50px;\n}\n<\/style>\n\t<\/div>\n\n\t\n<\/div>\n\t\t<\/div>\n\t\t\t\t\t<\/div>\n\n\t\n\n<style>\n#row-1418004699 > .col > .col-inner {\n  padding: 3em 0px 0px 0px;\n}\n<\/style>\n<\/div>\n<div class=\"row row-divided\"  id=\"row-951609404\">\n\n\t<div id=\"col-994966543\" class=\"col medium-6 small-12 large-6\"  >\n\t\t\t\t<div class=\"col-inner\"  >\n\t\t\t\n\t\t\t\n<h3>Detaljno o UVC sustavima<\/h3>\n<p>UVC sustavi se proizvode prema iznimno visokim standardima u tvornici UST GmbH u Geri. Ovisno o koli\u010dini i kvaliteti vode, sami proizvodimo razli\u010dite sustave.<\/p>\n<p>Reaktor je u potpunosti izra\u0111en od poliranog nehr\u0111aju\u0107eg \u010delika (V4A). Ulazi i izlazi za vodu, kao i cilindar za pri\u010dvr\u0161\u0107ivanje UVC lampe, tako\u0111er su detaljno zavarene komponente od nehr\u0111aju\u0107eg \u010delika.<\/p>\n<p>Ovaj dizajn izbjegava upotrebu PVC-a (polivinil klorida), koji postaje krt zbog UVC zra\u010denja i pritiska vode. Sustavima upravlja provjerena elektronika koja je posebno prilago\u0111ena kori\u0161tenoj UVC lampi.<\/p>\n\t\t<\/div>\n\t\t\t\t\n<style>\n#col-994966543 > .col-inner {\n  padding: 0px 50px 0px 0px;\n}\n<\/style>\n\t<\/div>\n\n\t\n\n\t<div id=\"col-2082125028\" class=\"col medium-6 small-12 large-6\"  >\n\t\t\t\t<div class=\"col-inner\"  >\n\t\t\t\n\t\t\t\n<h3>Performanse UVC sustava<\/h3>\n<p>UVC sustavi dostupni su u \u0161irokom rasponu snaga od 16 do 240 vata. To omogu\u0107uje sterilizaciju izme\u0111u 330 i 20.000 litara vode na sat. Svi UVC sustavi mogu raditi pri tlaku od najmanje 6 bara. PURE 1.0<\/p>\n<p>UVC sustav \u010dak ima maksimalni tlak do 10 bara. Kako bi u\u010dinak dezinfekcije vode bio kontinuiran, preporu\u010dujemo promjenu UVC lampe jednom godi\u0161nje. \u0160to se ti\u010de instalacije, balastna jedinica (s PURE 1.0 mogu\u0107a je i kao uti\u010dnica za napajanje) mora biti postavljena na zid tako da nije izlo\u017eena izravnoj sun\u010devoj svjetlosti.<\/p>\n<p>Kako bi se sprije\u010dilo mogu\u0107e lomljenje UVC lampe i okolne uronjene cijevi, one se isporu\u010duju zasebno pakirane i moraju se umetnuti u skladu s uputama za uporabu prije pu\u0161tanja u rad.<\/p>\n\t\t<\/div>\n\t\t\t\t\n<style>\n#col-2082125028 > .col-inner {\n  padding: 0px 0px 0px 50px;\n}\n<\/style>\n\t<\/div>\n\n\t\n<\/div>\n","protected":false},"excerpt":{"rendered":"<p>Bestseller u podru\u010dju pitke vode bez klica, namijenjen\u00a0 jednoobiteljskim ku\u0107ama i izvorima.<\/p>\n<ul>\n<li>kapacitet 5 l\/min<\/li>\n<li>1 ili 2-in\u010dna konekcija<\/li>\n<li>napajanje 230 V (AC) ili 24 V (DC)<\/li>\n<li>Snaga 16W<\/li>\n<\/ul>\n<p>&nbsp;<\/p>\n","protected":false},"featured_media":827,"template":"","meta":[],"product_cat":[16],"product_tag":[298],"class_list":["post-826","product","type-product","status-publish","has-post-thumbnail","hentry","product_cat-prociscavanje-i-dezinfekcija-vode","product_tag-ust"],"yoast_head":"<!-- This site is optimized with the Yoast SEO plugin v25.0 - https:\/\/yoast.com\/wordpress\/plugins\/seo\/ -->\n<title>UV pro\u010di\u0161\u0107iva\u010d vode PURE 1.2, UST - Vode.hr<\/title>\n<meta name=\"description\" content=\"Bestseller u podru\u010dju pitke vode bez klica, namijenjen\u00a0 jednoobiteljskim ku\u0107ama i izvorima.   kapacitet 5 l\/min  1 ili 2-in\u010dna konekcija  napajanje 230 V (AC) ili 24 V (DC)  Snaga 16W  &nbsp;\" \/>\n<meta name=\"robots\" content=\"index, follow, max-snippet:-1, max-image-preview:large, max-video-preview:-1\" \/>\n<link rel=\"canonical\" href=\"https:\/\/vode.hr\/bs\/proizvod\/uv-prociscivac-vode-pure-1-2-ust\/\" \/>\n<meta property=\"og:locale\" content=\"bs_BA\" \/>\n<meta property=\"og:type\" content=\"article\" \/>\n<meta property=\"og:title\" content=\"UV pro\u010di\u0161\u0107iva\u010d vode PURE 1.2, UST - Vode.hr\" \/>\n<meta property=\"og:description\" content=\"Bestseller u podru\u010dju pitke vode bez klica, namijenjen\u00a0 jednoobiteljskim ku\u0107ama i izvorima.   kapacitet 5 l\/min  1 ili 2-in\u010dna konekcija  napajanje 230 V (AC) ili 24 V (DC)  Snaga 16W  &nbsp;\" \/>\n<meta property=\"og:url\" content=\"https:\/\/vode.hr\/bs\/proizvod\/uv-prociscivac-vode-pure-1-2-ust\/\" \/>\n<meta property=\"og:site_name\" content=\"Vode.hr\" \/>\n<meta property=\"article:publisher\" content=\"https:\/\/www.facebook.com\/vode.hr\" \/>\n<meta property=\"article:modified_time\" content=\"2025-10-24T08:59:38+00:00\" \/>\n<meta property=\"og:image\" content=\"http:\/\/vode.hr\/wp-content\/uploads\/2023\/06\/UV-prociscivac-vode-PURE-1.2-1057-0.jpg\" \/>\n\t<meta property=\"og:image:width\" content=\"650\" \/>\n\t<meta property=\"og:image:height\" content=\"650\" \/>\n\t<meta property=\"og:image:type\" content=\"image\/jpeg\" \/>\n<meta name=\"twitter:card\" content=\"summary_large_image\" \/>\n<meta name=\"twitter:label1\" content=\"Est. reading time\" \/>\n\t<meta name=\"twitter:data1\" content=\"3 minute\" \/>\n<script type=\"application\/ld+json\" class=\"yoast-schema-graph\">{\"@context\":\"https:\/\/schema.org\",\"@graph\":[{\"@type\":[\"WebPage\",\"ItemPage\"],\"@id\":\"https:\/\/vode.hr\/bs\/proizvod\/uv-prociscivac-vode-pure-1-2-ust\/\",\"url\":\"https:\/\/vode.hr\/bs\/proizvod\/uv-prociscivac-vode-pure-1-2-ust\/\",\"name\":\"UV pro\u010di\u0161\u0107iva\u010d vode PURE 1.2, UST - Vode.hr\",\"isPartOf\":{\"@id\":\"https:\/\/vode.hr\/bs\/#website\"},\"primaryImageOfPage\":{\"@id\":\"https:\/\/vode.hr\/bs\/proizvod\/uv-prociscivac-vode-pure-1-2-ust\/#primaryimage\"},\"image\":{\"@id\":\"https:\/\/vode.hr\/bs\/proizvod\/uv-prociscivac-vode-pure-1-2-ust\/#primaryimage\"},\"thumbnailUrl\":\"https:\/\/vode.hr\/wp-content\/uploads\/2023\/06\/UV-prociscivac-vode-PURE-1.2-1057-0.jpg\",\"datePublished\":\"2023-06-12T12:15:28+00:00\",\"dateModified\":\"2025-10-24T08:59:38+00:00\",\"description\":\"Bestseller u podru\u010dju pitke vode bez klica, namijenjen\u00a0 jednoobiteljskim ku\u0107ama i izvorima. kapacitet 5 l\/min 1 ili 2-in\u010dna konekcija napajanje 230 V (AC) ili 24 V (DC) Snaga 16W &nbsp;\",\"breadcrumb\":{\"@id\":\"https:\/\/vode.hr\/bs\/proizvod\/uv-prociscivac-vode-pure-1-2-ust\/#breadcrumb\"},\"inLanguage\":\"bs-BA\",\"potentialAction\":[{\"@type\":\"ReadAction\",\"target\":[\"https:\/\/vode.hr\/bs\/proizvod\/uv-prociscivac-vode-pure-1-2-ust\/\"]}]},{\"@type\":\"ImageObject\",\"inLanguage\":\"bs-BA\",\"@id\":\"https:\/\/vode.hr\/bs\/proizvod\/uv-prociscivac-vode-pure-1-2-ust\/#primaryimage\",\"url\":\"https:\/\/vode.hr\/wp-content\/uploads\/2023\/06\/UV-prociscivac-vode-PURE-1.2-1057-0.jpg\",\"contentUrl\":\"https:\/\/vode.hr\/wp-content\/uploads\/2023\/06\/UV-prociscivac-vode-PURE-1.2-1057-0.jpg\",\"width\":650,\"height\":650},{\"@type\":\"BreadcrumbList\",\"@id\":\"https:\/\/vode.hr\/bs\/proizvod\/uv-prociscivac-vode-pure-1-2-ust\/#breadcrumb\",\"itemListElement\":[{\"@type\":\"ListItem\",\"position\":1,\"name\":\"Po\u010detna stranica\",\"item\":\"https:\/\/vode.hr\/bs\/\"},{\"@type\":\"ListItem\",\"position\":2,\"name\":\"Trgovina\",\"item\":\"https:\/\/vode.hr\/trgovina\/\"},{\"@type\":\"ListItem\",\"position\":3,\"name\":\"UV pro\u010di\u0161\u0107iva\u010d vode PURE 1.2, UST\"}]},{\"@type\":\"WebSite\",\"@id\":\"https:\/\/vode.hr\/bs\/#website\",\"url\":\"https:\/\/vode.hr\/bs\/\",\"name\":\"Vode.hr\",\"description\":\"Mjerenje kvalitete voda, dezinfekcija vode i ure\u0111aji za mjerenje uvjeta u okoli\u0161u\",\"publisher\":{\"@id\":\"https:\/\/vode.hr\/bs\/#organization\"},\"potentialAction\":[{\"@type\":\"SearchAction\",\"target\":{\"@type\":\"EntryPoint\",\"urlTemplate\":\"https:\/\/vode.hr\/bs\/?s={search_term_string}\"},\"query-input\":{\"@type\":\"PropertyValueSpecification\",\"valueRequired\":true,\"valueName\":\"search_term_string\"}}],\"inLanguage\":\"bs-BA\"},{\"@type\":\"Organization\",\"@id\":\"https:\/\/vode.hr\/bs\/#organization\",\"name\":\"Primotronic d.o.o.\",\"url\":\"https:\/\/vode.hr\/bs\/\",\"logo\":{\"@type\":\"ImageObject\",\"inLanguage\":\"bs-BA\",\"@id\":\"https:\/\/vode.hr\/bs\/#\/schema\/logo\/image\/\",\"url\":\"http:\/\/vode.hr\/wp-content\/uploads\/2023\/04\/vode-1.png\",\"contentUrl\":\"http:\/\/vode.hr\/wp-content\/uploads\/2023\/04\/vode-1.png\",\"width\":300,\"height\":99,\"caption\":\"Primotronic d.o.o.\"},\"image\":{\"@id\":\"https:\/\/vode.hr\/bs\/#\/schema\/logo\/image\/\"},\"sameAs\":[\"https:\/\/www.facebook.com\/vode.hr\"]}]}<\/script>\n<!-- \/ Yoast SEO plugin. -->","yoast_head_json":{"title":"UV pro\u010di\u0161\u0107iva\u010d vode PURE 1.2, UST - Vode.hr","description":"Bestseller u podru\u010dju pitke vode bez klica, namijenjen\u00a0 jednoobiteljskim ku\u0107ama i izvorima.   kapacitet 5 l\/min  1 ili 2-in\u010dna konekcija  napajanje 230 V (AC) ili 24 V (DC)  Snaga 16W  &nbsp;","robots":{"index":"index","follow":"follow","max-snippet":"max-snippet:-1","max-image-preview":"max-image-preview:large","max-video-preview":"max-video-preview:-1"},"canonical":"https:\/\/vode.hr\/bs\/proizvod\/uv-prociscivac-vode-pure-1-2-ust\/","og_locale":"bs_BA","og_type":"article","og_title":"UV pro\u010di\u0161\u0107iva\u010d vode PURE 1.2, UST - Vode.hr","og_description":"Bestseller u podru\u010dju pitke vode bez klica, namijenjen\u00a0 jednoobiteljskim ku\u0107ama i izvorima.   kapacitet 5 l\/min  1 ili 2-in\u010dna konekcija  napajanje 230 V (AC) ili 24 V (DC)  Snaga 16W  &nbsp;","og_url":"https:\/\/vode.hr\/bs\/proizvod\/uv-prociscivac-vode-pure-1-2-ust\/","og_site_name":"Vode.hr","article_publisher":"https:\/\/www.facebook.com\/vode.hr","article_modified_time":"2025-10-24T08:59:38+00:00","og_image":[{"width":650,"height":650,"url":"http:\/\/vode.hr\/wp-content\/uploads\/2023\/06\/UV-prociscivac-vode-PURE-1.2-1057-0.jpg","type":"image\/jpeg"}],"twitter_card":"summary_large_image","twitter_misc":{"Est. reading time":"3 minute"},"schema":{"@context":"https:\/\/schema.org","@graph":[{"@type":["WebPage","ItemPage"],"@id":"https:\/\/vode.hr\/bs\/proizvod\/uv-prociscivac-vode-pure-1-2-ust\/","url":"https:\/\/vode.hr\/bs\/proizvod\/uv-prociscivac-vode-pure-1-2-ust\/","name":"UV pro\u010di\u0161\u0107iva\u010d vode PURE 1.2, UST - Vode.hr","isPartOf":{"@id":"https:\/\/vode.hr\/bs\/#website"},"primaryImageOfPage":{"@id":"https:\/\/vode.hr\/bs\/proizvod\/uv-prociscivac-vode-pure-1-2-ust\/#primaryimage"},"image":{"@id":"https:\/\/vode.hr\/bs\/proizvod\/uv-prociscivac-vode-pure-1-2-ust\/#primaryimage"},"thumbnailUrl":"https:\/\/vode.hr\/wp-content\/uploads\/2023\/06\/UV-prociscivac-vode-PURE-1.2-1057-0.jpg","datePublished":"2023-06-12T12:15:28+00:00","dateModified":"2025-10-24T08:59:38+00:00","description":"Bestseller u podru\u010dju pitke vode bez klica, namijenjen\u00a0 jednoobiteljskim ku\u0107ama i izvorima. kapacitet 5 l\/min 1 ili 2-in\u010dna konekcija napajanje 230 V (AC) ili 24 V (DC) Snaga 16W &nbsp;","breadcrumb":{"@id":"https:\/\/vode.hr\/bs\/proizvod\/uv-prociscivac-vode-pure-1-2-ust\/#breadcrumb"},"inLanguage":"bs-BA","potentialAction":[{"@type":"ReadAction","target":["https:\/\/vode.hr\/bs\/proizvod\/uv-prociscivac-vode-pure-1-2-ust\/"]}]},{"@type":"ImageObject","inLanguage":"bs-BA","@id":"https:\/\/vode.hr\/bs\/proizvod\/uv-prociscivac-vode-pure-1-2-ust\/#primaryimage","url":"https:\/\/vode.hr\/wp-content\/uploads\/2023\/06\/UV-prociscivac-vode-PURE-1.2-1057-0.jpg","contentUrl":"https:\/\/vode.hr\/wp-content\/uploads\/2023\/06\/UV-prociscivac-vode-PURE-1.2-1057-0.jpg","width":650,"height":650},{"@type":"BreadcrumbList","@id":"https:\/\/vode.hr\/bs\/proizvod\/uv-prociscivac-vode-pure-1-2-ust\/#breadcrumb","itemListElement":[{"@type":"ListItem","position":1,"name":"Po\u010detna stranica","item":"https:\/\/vode.hr\/bs\/"},{"@type":"ListItem","position":2,"name":"Trgovina","item":"https:\/\/vode.hr\/trgovina\/"},{"@type":"ListItem","position":3,"name":"UV pro\u010di\u0161\u0107iva\u010d vode PURE 1.2, UST"}]},{"@type":"WebSite","@id":"https:\/\/vode.hr\/bs\/#website","url":"https:\/\/vode.hr\/bs\/","name":"Vode.hr","description":"Mjerenje kvalitete voda, dezinfekcija vode i ure\u0111aji za mjerenje uvjeta u okoli\u0161u","publisher":{"@id":"https:\/\/vode.hr\/bs\/#organization"},"potentialAction":[{"@type":"SearchAction","target":{"@type":"EntryPoint","urlTemplate":"https:\/\/vode.hr\/bs\/?s={search_term_string}"},"query-input":{"@type":"PropertyValueSpecification","valueRequired":true,"valueName":"search_term_string"}}],"inLanguage":"bs-BA"},{"@type":"Organization","@id":"https:\/\/vode.hr\/bs\/#organization","name":"Primotronic d.o.o.","url":"https:\/\/vode.hr\/bs\/","logo":{"@type":"ImageObject","inLanguage":"bs-BA","@id":"https:\/\/vode.hr\/bs\/#\/schema\/logo\/image\/","url":"http:\/\/vode.hr\/wp-content\/uploads\/2023\/04\/vode-1.png","contentUrl":"http:\/\/vode.hr\/wp-content\/uploads\/2023\/04\/vode-1.png","width":300,"height":99,"caption":"Primotronic d.o.o."},"image":{"@id":"https:\/\/vode.hr\/bs\/#\/schema\/logo\/image\/"},"sameAs":["https:\/\/www.facebook.com\/vode.hr"]}]}},"_links":{"self":[{"href":"https:\/\/vode.hr\/bs\/wp-json\/wp\/v2\/product\/826"}],"collection":[{"href":"https:\/\/vode.hr\/bs\/wp-json\/wp\/v2\/product"}],"about":[{"href":"https:\/\/vode.hr\/bs\/wp-json\/wp\/v2\/types\/product"}],"wp:featuredmedia":[{"embeddable":true,"href":"https:\/\/vode.hr\/bs\/wp-json\/wp\/v2\/media\/827"}],"wp:attachment":[{"href":"https:\/\/vode.hr\/bs\/wp-json\/wp\/v2\/media?parent=826"}],"wp:term":[{"taxonomy":"product_cat","embeddable":true,"href":"https:\/\/vode.hr\/bs\/wp-json\/wp\/v2\/product_cat?post=826"},{"taxonomy":"product_tag","embeddable":true,"href":"https:\/\/vode.hr\/bs\/wp-json\/wp\/v2\/product_tag?post=826"}],"curies":[{"name":"wp","href":"https:\/\/api.w.org\/{rel}","templated":true}]}}